{"id":8163,"date":"2017-09-19T13:38:51","date_gmt":"2017-09-19T13:38:51","guid":{"rendered":"https:\/\/egon.com\/?page_id=8163"},"modified":"2017-10-20T12:19:20","modified_gmt":"2017-10-20T12:19:20","slug":"adatbevitel","status":"publish","type":"page","link":"https:\/\/www.egon.com\/hu\/alkalmazasok\/adatbevitel","title":{"rendered":"ADATBEVITEL"},"content":{"rendered":"<p>Az <span>adatbevitel<\/span> \u00e1ltal\u00e1nos tev\u00e9kenys\u00e9g, melyet sz\u00e1mos v\u00e1llalkoz\u00e1sn\u00e1l v\u00e9geznek, n\u00e9h\u00e1ny v\u00e1llalkoz\u00e1s eset\u00e9ben ez jelenti a f\u0151 tev\u00e9kenys\u00e9get, gondoljunk csak a sz\u00e1mos adatgy\u0171jt\u0151 k\u00f6zpontra, melyek telefonos interj\u00fakat haszn\u00e1lnak, illetve k\u00fcl\u00f6n\u00f6sen a <span>telefonk\u00f6zpontokra<\/span>.<\/p>\n<p><img loading=\"lazy\" decoding=\"async\" class=\"alignnone wp-image-627 size-wps_child_large\" src=\"https:\/\/www.egon.com\/wp-content\/uploads\/2017\/07\/real-time-validation-data-entry-820x400.jpg\" alt=\"Real time validation during data entry\" width=\"820\" height=\"400\" \/><\/p>\n<p>Az inform\u00e1ci\u00f3k <em><span>t\u00e1mogatott \u00edr\u00e1sa<\/span><\/em> e c\u00e9lb\u00f3l l\u00e9nyegesnek bizonyul az <span>id\u0151 cs\u00f6kkent\u00e9se<\/span> szempontj\u00e1b\u00f3l, pontatlan adatb\u00e1zisok fel\u00e9p\u00edt\u00e9s\u00e9nek kik\u00fcsz\u00f6b\u00f6l\u00e9s\u00e9hez \u00e9s a <span>felesleges k\u00f6lts\u00e9gek kik\u00fcsz\u00f6b\u00f6l\u00e9s\u00e9hez<\/span>.<\/p>\n<h3>EGON AZ ADATBEVITEL\u00c9RT<\/h3>\n<p>A telefonk\u00f6zpontokban haszn\u00e1lt <span>adatbeviteli rendszereknek<\/span> a kezel\u0151 \u00e1ltal bevitt adatok szigor\u00fa \u00e9s gyors ellen\u0151rz\u00e9s\u00e9t szolg\u00e1l\u00f3 elj\u00e1r\u00e1sokra van sz\u00fcks\u00e9g\u00fck. A telefono szolg\u00e1ltatott \u00e9s azonnal bevitt adatokat <span>azonnal ellen\u0151rizni kell<\/span>, <span>val\u00f3s id\u0151ben<\/span> \u00e9s hiba eset\u00e9n vagy az adatb\u00e1zisban szerepl\u0151 dupla adatok eset\u00e9n fontos, hogy a rendszer k\u00e9pes legyen azonnal figyelmeztetni a kezel\u0151t.<\/p>\n<p>Az Egon csomagnak k\u00f6sz\u00f6nhet\u0151en, az adatbevitel, m\u00e9g akkor is, ha azt nem szakk\u00e9pzett szem\u00e9lyek v\u00e9gzik, gyors \u00e9s min\u0151s\u00e9gi szempontb\u00f3l hib\u00e1tlan m\u0171velett\u00e9 v\u00e1lik. Szoftver\u00fcnk k\u00e9pes minden <span>anyak\u00f6nyvi \u00e9s postai adat beviteli<\/span> m\u0171velet\u00e9t t\u00e1mogatni, a kezel\u0151 munk\u00e1j\u00e1t biztons\u00e1gosabb\u00e1 \u00e9s gyorsabb\u00e1 t\u00e9ve \u00e9s ebb\u0151l k\u00f6vetkez\u0151en cs\u00f6kkentve a telefonk\u00f6zpont kezel\u00e9sik\u00f6lts\u00e9geit.<\/p>\n<p>A kezel\u0151k r\u00e9sz\u00e9r\u0151l t\u00f6rt\u00e9n\u0151 be\u00edr\u00e1si folyamatot \u00e9s \u00faj felhaszn\u00e1l\u00f3k bevitel\u00e9t jelent\u0151s m\u00e9rt\u00e9kben megk\u00f6nny\u00edti az \u00fan. <a href=\"https:\/\/www.egon.com\/hu\/hasznalati-mod\/on-line.html\">online t\u00e1mogat\u00e1s<\/a>, melyhez a be\u00edr\u00e1s sor\u00e1n automata, val\u00f3s id\u0151beni seg\u00edts\u00e9get is kap a kezel\u0151, beilleszthet\u0151 hi\u00e1nyz\u00f3 adatokkal \u00e9s \u00e9rv\u00e9nyes adatokra vonatkoz\u00f3 javaslatokkal.<\/p>\n<h3>ADATBEVITELI MEGOLD\u00c1SAINK RUGALMASS\u00c1GA<\/h3>\n<p>Szeretn\u00e9nk ezenk\u00edv\u00fcl eml\u00e9keztetni, hogy Egon telep\u00edt\u00e9se egyszer\u0171., kieg\u00e9sz\u00edt\u0151 b\u0151v\u00edt\u00e9nyk\u00e9nt, b\u00e1rmilyen, m\u00e1r megl\u00e9v\u0151, az adatgy\u0171jt\u00e9st szolg\u00e1l\u00f3 v\u00e1llalati szoftverbe integr\u00e1lhat\u00f3.<\/p>\n<p>Nem lesz teh\u00e1t sz\u00fcks\u00e9gszer\u0171 teljesen kicser\u00e9lni az adatbeviteli alkalmaz\u00e1st, mivel egyszer\u0171 technikai \u00e9szrev\u00e9telek r\u00e9v\u00e9n, mely v\u00e1llalati know how-nk m\u00e1ra m\u00e1r megszil\u00e1rdult kincse, mi tesz\u00fcnk javaslatot <a href=\"https:\/\/www.egon.com\/hu\/hasznalati-mod\/integralt.html\">Egonnak k\u00f6zvetlen\u00fcl a m\u00e1r telep\u00edtett szoftver platform t\u00e1mogat\u00e1s\u00e1ra t\u00f6rt\u00e9n\u0151 integr\u00e1l\u00e1sra<\/a>.<\/p>\n<h3>EL\u0150NY\u00d6K<\/h3>\n<p>Alkalmaz\u00e1sunk sz\u00e1mos el\u0151nyt ny\u00fajt:<\/p>\n<ul>\n<li>bevitt adatok val\u00f3s id\u0151ben t\u00f6rt\u00e9n\u0151 valid\u00e1l\u00e1sa<\/li>\n<li>Folyamatok dell\u2019\u00e0 n\u00f6vel\u00e9se<\/li>\n<li>A felhaszn\u00e1l\u00f3k sz\u00e1m\u00e1ra kellemetlen telefonos v\u00e1rakoz\u00e1s kik\u00fcsz\u00f6b\u00f6l\u00e9se<\/li>\n<li>\u00c9rv\u00e9nyes adatok bevitele m\u00e1r az \u00edr\u00e1s pillanat\u00e1ban<\/li>\n<li>Az el\u00e9gedetts\u00e9g jelent\u0151s m\u00e9rt\u00e9k\u0171 n\u00f6veked\u00e9se a felhaszn\u00e1l\u00f3k r\u00e9sz\u00e9r\u0151l<\/li>\n<li>Integr\u00e1l\u00e1si rugalmass\u00e1g b\u00e1rmilyen m\u00e1r megl\u00e9v\u0151 szoftverbe<\/li>\n<\/ul>\n<p>&nbsp;<\/p>\n","protected":false},"excerpt":{"rendered":"<p>Az adatbevitel \u00e1ltal\u00e1nos tev\u00e9kenys\u00e9g, melyet sz\u00e1mos v\u00e1llalkoz\u00e1sn\u00e1l v\u00e9geznek, n\u00e9h\u00e1ny v\u00e1llalkoz\u00e1s eset\u00e9ben ez jelenti a f\u0151 tev\u00e9kenys\u00e9get, gondoljunk csak a sz\u00e1mos adatgy\u0171jt\u0151 k\u00f6zpontra, [&hellip;]<\/p>\n","protected":false},"author":1,"featured_media":0,"parent":8106,"menu_order":0,"comment_status":"closed","ping_status":"closed","template":"","meta":{"footnotes":""},"class_list":["post-8163","page","type-page","status-publish","hentry"],"yoast_head":"<!-- This site is optimized with the Yoast SEO plugin v26.8 - https:\/\/yoast.com\/product\/yoast-seo-wordpress\/ -->\n<title>ADATBEVITEL - Egon<\/title>\n<meta name=\"robots\" content=\"index, follow, max-snippet:-1, max-image-preview:large, max-video-preview:-1\" \/>\n<link rel=\"canonical\" href=\"https:\/\/www.egon.com\/hu\/alkalmazasok\/adatbevitel\" \/>\n<meta property=\"og:locale\" content=\"hu_HU\" \/>\n<meta property=\"og:type\" content=\"article\" \/>\n<meta property=\"og:title\" content=\"ADATBEVITEL - Egon\" \/>\n<meta property=\"og:description\" content=\"Az adatbevitel \u00e1ltal\u00e1nos tev\u00e9kenys\u00e9g, melyet sz\u00e1mos v\u00e1llalkoz\u00e1sn\u00e1l v\u00e9geznek, n\u00e9h\u00e1ny v\u00e1llalkoz\u00e1s eset\u00e9ben ez jelenti a f\u0151 tev\u00e9kenys\u00e9get, gondoljunk csak a sz\u00e1mos adatgy\u0171jt\u0151 k\u00f6zpontra, [&hellip;]\" \/>\n<meta property=\"og:url\" content=\"https:\/\/www.egon.com\/hu\/alkalmazasok\/adatbevitel\" \/>\n<meta property=\"og:site_name\" content=\"Egon\" \/>\n<meta property=\"article:modified_time\" content=\"2017-10-20T12:19:20+00:00\" \/>\n<meta property=\"og:image\" content=\"https:\/\/www.egon.com\/wp-content\/uploads\/2017\/07\/real-time-validation-data-entry-820x400.jpg\" \/>\n<meta name=\"twitter:card\" content=\"summary_large_image\" \/>\n<meta name=\"twitter:label1\" content=\"Becs\u00fclt olvas\u00e1si id\u0151\" \/>\n\t<meta name=\"twitter:data1\" content=\"3 perc\" \/>\n<script type=\"application\/ld+json\" class=\"yoast-schema-graph\">{\"@context\":\"https:\/\/schema.org\",\"@graph\":[{\"@type\":\"WebPage\",\"@id\":\"https:\/\/www.egon.com\/hu\/alkalmazasok\/adatbevitel\",\"url\":\"https:\/\/www.egon.com\/hu\/alkalmazasok\/adatbevitel\",\"name\":\"ADATBEVITEL - Egon\",\"isPartOf\":{\"@id\":\"https:\/\/www.egon.com\/zh\/#website\"},\"primaryImageOfPage\":{\"@id\":\"https:\/\/www.egon.com\/hu\/alkalmazasok\/adatbevitel#primaryimage\"},\"image\":{\"@id\":\"https:\/\/www.egon.com\/hu\/alkalmazasok\/adatbevitel#primaryimage\"},\"thumbnailUrl\":\"https:\/\/www.egon.com\/wp-content\/uploads\/2017\/07\/real-time-validation-data-entry-820x400.jpg\",\"datePublished\":\"2017-09-19T13:38:51+00:00\",\"dateModified\":\"2017-10-20T12:19:20+00:00\",\"breadcrumb\":{\"@id\":\"https:\/\/www.egon.com\/hu\/alkalmazasok\/adatbevitel#breadcrumb\"},\"inLanguage\":\"hu\",\"potentialAction\":[{\"@type\":\"ReadAction\",\"target\":[\"https:\/\/www.egon.com\/hu\/alkalmazasok\/adatbevitel\"]}]},{\"@type\":\"ImageObject\",\"inLanguage\":\"hu\",\"@id\":\"https:\/\/www.egon.com\/hu\/alkalmazasok\/adatbevitel#primaryimage\",\"url\":\"https:\/\/www.egon.com\/wp-content\/uploads\/2017\/07\/real-time-validation-data-entry-820x400.jpg\",\"contentUrl\":\"https:\/\/www.egon.com\/wp-content\/uploads\/2017\/07\/real-time-validation-data-entry-820x400.jpg\"},{\"@type\":\"BreadcrumbList\",\"@id\":\"https:\/\/www.egon.com\/hu\/alkalmazasok\/adatbevitel#breadcrumb\",\"itemListElement\":[{\"@type\":\"ListItem\",\"position\":1,\"name\":\"Home\",\"item\":\"https:\/\/www.egon.com\/hu\"},{\"@type\":\"ListItem\",\"position\":2,\"name\":\"Applications\",\"item\":\"https:\/\/www.egon.com\/hu\/alkalmazasok\"},{\"@type\":\"ListItem\",\"position\":3,\"name\":\"ADATBEVITEL\"}]},{\"@type\":\"WebSite\",\"@id\":\"https:\/\/www.egon.com\/zh\/#website\",\"url\":\"https:\/\/www.egon.com\/zh\/\",\"name\":\"Egon\",\"description\":\"Normalizzazione indirizzi - Address validation - Egon.com\",\"potentialAction\":[{\"@type\":\"SearchAction\",\"target\":{\"@type\":\"EntryPoint\",\"urlTemplate\":\"https:\/\/www.egon.com\/zh\/?s={search_term_string}\"},\"query-input\":{\"@type\":\"PropertyValueSpecification\",\"valueRequired\":true,\"valueName\":\"search_term_string\"}}],\"inLanguage\":\"hu\"}]}<\/script>\n<!-- \/ Yoast SEO plugin. -->","yoast_head_json":{"title":"ADATBEVITEL - Egon","robots":{"index":"index","follow":"follow","max-snippet":"max-snippet:-1","max-image-preview":"max-image-preview:large","max-video-preview":"max-video-preview:-1"},"canonical":"https:\/\/www.egon.com\/hu\/alkalmazasok\/adatbevitel","og_locale":"hu_HU","og_type":"article","og_title":"ADATBEVITEL - Egon","og_description":"Az adatbevitel \u00e1ltal\u00e1nos tev\u00e9kenys\u00e9g, melyet sz\u00e1mos v\u00e1llalkoz\u00e1sn\u00e1l v\u00e9geznek, n\u00e9h\u00e1ny v\u00e1llalkoz\u00e1s eset\u00e9ben ez jelenti a f\u0151 tev\u00e9kenys\u00e9get, gondoljunk csak a sz\u00e1mos adatgy\u0171jt\u0151 k\u00f6zpontra, [&hellip;]","og_url":"https:\/\/www.egon.com\/hu\/alkalmazasok\/adatbevitel","og_site_name":"Egon","article_modified_time":"2017-10-20T12:19:20+00:00","og_image":[{"url":"https:\/\/www.egon.com\/wp-content\/uploads\/2017\/07\/real-time-validation-data-entry-820x400.jpg","type":"","width":"","height":""}],"twitter_card":"summary_large_image","twitter_misc":{"Becs\u00fclt olvas\u00e1si id\u0151":"3 perc"},"schema":{"@context":"https:\/\/schema.org","@graph":[{"@type":"WebPage","@id":"https:\/\/www.egon.com\/hu\/alkalmazasok\/adatbevitel","url":"https:\/\/www.egon.com\/hu\/alkalmazasok\/adatbevitel","name":"ADATBEVITEL - Egon","isPartOf":{"@id":"https:\/\/www.egon.com\/zh\/#website"},"primaryImageOfPage":{"@id":"https:\/\/www.egon.com\/hu\/alkalmazasok\/adatbevitel#primaryimage"},"image":{"@id":"https:\/\/www.egon.com\/hu\/alkalmazasok\/adatbevitel#primaryimage"},"thumbnailUrl":"https:\/\/www.egon.com\/wp-content\/uploads\/2017\/07\/real-time-validation-data-entry-820x400.jpg","datePublished":"2017-09-19T13:38:51+00:00","dateModified":"2017-10-20T12:19:20+00:00","breadcrumb":{"@id":"https:\/\/www.egon.com\/hu\/alkalmazasok\/adatbevitel#breadcrumb"},"inLanguage":"hu","potentialAction":[{"@type":"ReadAction","target":["https:\/\/www.egon.com\/hu\/alkalmazasok\/adatbevitel"]}]},{"@type":"ImageObject","inLanguage":"hu","@id":"https:\/\/www.egon.com\/hu\/alkalmazasok\/adatbevitel#primaryimage","url":"https:\/\/www.egon.com\/wp-content\/uploads\/2017\/07\/real-time-validation-data-entry-820x400.jpg","contentUrl":"https:\/\/www.egon.com\/wp-content\/uploads\/2017\/07\/real-time-validation-data-entry-820x400.jpg"},{"@type":"BreadcrumbList","@id":"https:\/\/www.egon.com\/hu\/alkalmazasok\/adatbevitel#breadcrumb","itemListElement":[{"@type":"ListItem","position":1,"name":"Home","item":"https:\/\/www.egon.com\/hu"},{"@type":"ListItem","position":2,"name":"Applications","item":"https:\/\/www.egon.com\/hu\/alkalmazasok"},{"@type":"ListItem","position":3,"name":"ADATBEVITEL"}]},{"@type":"WebSite","@id":"https:\/\/www.egon.com\/zh\/#website","url":"https:\/\/www.egon.com\/zh\/","name":"Egon","description":"Normalizzazione indirizzi - Address validation - Egon.com","potentialAction":[{"@type":"SearchAction","target":{"@type":"EntryPoint","urlTemplate":"https:\/\/www.egon.com\/zh\/?s={search_term_string}"},"query-input":{"@type":"PropertyValueSpecification","valueRequired":true,"valueName":"search_term_string"}}],"inLanguage":"hu"}]}},"_links":{"self":[{"href":"https:\/\/www.egon.com\/hu\/wp-json\/wp\/v2\/pages\/8163","targetHints":{"allow":["GET"]}}],"collection":[{"href":"https:\/\/www.egon.com\/hu\/wp-json\/wp\/v2\/pages"}],"about":[{"href":"https:\/\/www.egon.com\/hu\/wp-json\/wp\/v2\/types\/page"}],"author":[{"embeddable":true,"href":"https:\/\/www.egon.com\/hu\/wp-json\/wp\/v2\/users\/1"}],"replies":[{"embeddable":true,"href":"https:\/\/www.egon.com\/hu\/wp-json\/wp\/v2\/comments?post=8163"}],"version-history":[{"count":0,"href":"https:\/\/www.egon.com\/hu\/wp-json\/wp\/v2\/pages\/8163\/revisions"}],"up":[{"embeddable":true,"href":"https:\/\/www.egon.com\/hu\/wp-json\/wp\/v2\/pages\/8106"}],"wp:attachment":[{"href":"https:\/\/www.egon.com\/hu\/wp-json\/wp\/v2\/media?parent=8163"}],"curies":[{"name":"wp","href":"https:\/\/api.w.org\/{rel}","templated":true}]}}