{"id":8134,"date":"2017-09-19T13:29:46","date_gmt":"2017-09-19T13:29:46","guid":{"rendered":"https:\/\/egon.com\/?page_id=8134"},"modified":"2017-10-20T10:10:43","modified_gmt":"2017-10-20T10:10:43","slug":"data-quality-data-warehouse","status":"publish","type":"page","link":"https:\/\/www.egon.com\/hu\/alkalmazasok\/data-quality-data-warehouse","title":{"rendered":"Adatt\u00e1rh\u00e1z (Data Warehouse): AZ ADATOKT\u00d3L AZ INFORM\u00c1CI\u00d3KIG"},"content":{"rendered":"<p>Sz\u00e1mos v\u00e1llalkoz\u00e1s rendelkezik az \u00fcgyfeleire vonatkoz\u00f3, sz\u00e9tsz\u00f3rt, k\u00fcl\u00f6nb\u00f6z\u0151 adatb\u00e1zisokban \u00f6sszegy\u0171jt\u00f6tt adatokkal, melyeket esetleg egym\u00e1st\u00f3l k\u00fcl\u00f6n\u00e1ll\u00f3 \u00e9s egym\u00e1ssal nem kommunik\u00e1l\u00f3 alkalmaz\u00e1si szoftverek haszn\u00e1lnak. Ezen adatok 360 fokos inform\u00e1ci\u00f3kk\u00e1 t\u00f6rt\u00e9n\u0151 \u00e1talak\u00edt\u00e1s\u00e1hoz sz\u00fcks\u00e9g van az adatok alapos elemz\u00e9s\u00e9re a k\u00f6zt\u00fck l\u00e9v\u0151 kapcsolatok felfed\u00e9s\u00e9hez \u00e9s integr\u00e1l\u00e1sukhoz, amennyiben ugyanarra az \u00fcgyf\u00e9lre vonatkoznak.<\/p>\n<p><img loading=\"lazy\" decoding=\"async\" class=\"alignnone wp-image-9399 size-wps_child_blog\" src=\"https:\/\/www.egon.com\/wp-content\/uploads\/2017\/09\/adattarhaz-820x400.jpg\" alt=\"adattarhaz\" width=\"820\" height=\"400\" srcset=\"https:\/\/www.egon.com\/wp-content\/uploads\/2017\/09\/adattarhaz-820x400.jpg 820w, https:\/\/www.egon.com\/wp-content\/uploads\/2017\/09\/adattarhaz-400x194.jpg 400w\" sizes=\"auto, (max-width: 820px) 100vw, 820px\" \/><\/p>\n<p>\u00cdgy besz\u00e9lhet\u00fcnk <span>egy\u00e9ni entit\u00e1sr\u00f3l vagy egy\u00e9ni n\u00e9zetr\u0151l (Single view of customer)<\/span> , \u00e9rtve ezen az elemzett \u00e9s a k\u00fcl\u00f6nb\u00f6z\u0151 forr\u00e1sokb\u00f3l vett \u00e9s egym\u00e1ssal nem \u00f6sszef\u00fcgg\u0151 adatok <span>egyetlen, master nyilv\u00e1ntart\u00e1sba t\u00f6rt\u00e9n\u0151 beolvaszt\u00e1sa. Az egyes \u00fcgyfelek teljes \u00e9s integr\u00e1lt \u00e1ttekint\u00e9s\u00e9nek<\/span> el\u00e9r\u00e9se lehet\u0151v\u00e9 teszi az \u00fcgyf\u00e9l magatart\u00e1s t\u00edpus\u00e1nak jobb meg\u00e9rt\u00e9s\u00e9t, a m\u00faltbeli \u00e9rdekl\u0151d\u00e9si k\u00f6r\u00f6ket \u00e9s azok id\u0151benelzajlott v\u00e1ltoz\u00e1sait k\u00e9ts\u00e9gtelen el\u0151nyt szerezve a j\u00f6v\u0151beni marketing strat\u00e9gi\u00e1k kialaki\u00edt\u00e1s\u00e1hoz.<\/p>\n<h3>\u00a0EGY ADATT\u00c1RH\u00c1Z F\u0150 EL\u0150NYEI:<\/h3>\n<ul>\n<li>Megb\u00edzhat\u00f3 eszk\u00f6zt szolg\u00e1ltat minden v\u00e1llalati ter\u00fcleten a <span>d\u00f6nt\u00e9si folyamathoz<\/span>, az integr\u00e1lt inform\u00e1ci\u00f3k alapj\u00e1n.<\/li>\n<li>Megk\u00f6nny\u00edti az els\u0151 l\u00e1t\u00e1sra rejtett kapcsolatok fellel\u00e9s\u00e9t szolg\u00e1l\u00f3 <span>statisztikai \u00e9s elemz\u00e9si<\/span> technik\u00e1k alkalmaz\u00e1s\u00e1t.<\/li>\n<li>T\u00e1mogatja a r\u00e9gi helyzetek elemz\u00e9s\u00e9t \u00e9s a <span>j\u00f6v\u0151beni helysz\u00ednek strat\u00e9giai elemz\u00e9s\u00e9t<\/span>.<\/li>\n<li>A v\u00e1llalaton bel\u00fcl egyszer\u0171s\u00edti az <span>integr\u00e1lt \u00fcgyf\u00e9lkapcsolat-kezel\u00e9si rendszer<\/span> implement\u00e1ci\u00f3j\u00e1t.<\/li>\n<li>El\u0151seg\u00edti <span>r\u00e9szletes jelent\u00e9sek<\/span> k\u00e9sz\u00edt\u00e9s\u00e9t.<\/li>\n<\/ul>\n<h3>\u00daJ RENDSZEREK FEL\u00c9 V\u00c1NDORL\u00c1S<\/h3>\n<p><span>Egy\u00e9ni \u00e9s \u00f6sszef\u00fcgg\u0151 nyilv\u00e1ntart\u00e1sok<\/span> l\u00e9trehoz\u00e1sa nagy m\u00e9rt\u00e9kben egyszer\u0171s\u00edti <span>az \u201e\u00faj rendszerek\u201d fel\u00e9 t\u00f6rt\u00e9n\u0151 v\u00e1ndorl\u00e1st<\/span>, mely minden, saj\u00e1t kezel\u00e9si \u00e9s alkalmaz\u00e1si rendszer\u00e9t lecser\u00e9lni k\u00edv\u00e1n\u00f3 v\u00e1llalkoz\u00e1s sz\u00e1m\u00e1ra kritikus pontot jelent. Dinamikus adatszerz\u00e9si, ellen\u0151rz\u00e9si, kezel\u00e9si \u00e9s inform\u00e1ci\u00f3 konvert\u00e1l\u00e1si eszk\u00f6z\u00f6k\u00f6n kereszt\u00fcl lehet\u0151s\u00e9g van nem csak a l\u00e9p\u00e9s adatvesztes\u00e9g n\u00e9lk\u00fcli \u00e9s f\u00e1jdalommentes megt\u00e9tel\u00e9re, hanem a v\u00e1ndorl\u00e1s pillanat\u00e1nak kihaszn\u00e1l\u00e1sra is az adatok helyre\u00e1ll\u00edt\u00e1sa \u00e9s szabv\u00e1nyos\u00edt\u00e1sa \u00e9rdek\u00e9ben, egy\u00e9ni entit\u00e1sokra vonatkoz\u00f3, dupla inform\u00e1ci\u00f3k integr\u00e1l\u00e1s\u00e1val.<\/p>\n<p>AHa <span>Egonra<\/span> b\u00edzod magad, biztos lehetsz abban, hogy ezen m\u0171veletek elv\u00e9gz\u00e9se egyszer\u0171en megy v\u00e9gbe \u00e9s teljes adatt\u00e1rh\u00e1zad karbantart\u00e1sa egyszer\u0171 \u00e9s biztons\u00e1gos lesz.<\/p>\n<p>&nbsp;<\/p>\n","protected":false},"excerpt":{"rendered":"<p>Sz\u00e1mos v\u00e1llalkoz\u00e1s rendelkezik az \u00fcgyfeleire vonatkoz\u00f3, sz\u00e9tsz\u00f3rt, k\u00fcl\u00f6nb\u00f6z\u0151 adatb\u00e1zisokban \u00f6sszegy\u0171jt\u00f6tt adatokkal, melyeket esetleg egym\u00e1st\u00f3l k\u00fcl\u00f6n\u00e1ll\u00f3 \u00e9s egym\u00e1ssal nem kommunik\u00e1l\u00f3 alkalmaz\u00e1si szoftverek haszn\u00e1lnak. [&hellip;]<\/p>\n","protected":false},"author":1,"featured_media":0,"parent":8106,"menu_order":0,"comment_status":"closed","ping_status":"closed","template":"","meta":{"footnotes":""},"class_list":["post-8134","page","type-page","status-publish","hentry"],"yoast_head":"<!-- This site is optimized with the Yoast SEO plugin v26.8 - https:\/\/yoast.com\/product\/yoast-seo-wordpress\/ -->\n<title>Adatt\u00e1rh\u00e1z: adat v\u00e1ndorl\u00e1s \u00e9s integr\u00e1l\u00e1s n\u00e9h\u00e1ny kattint\u00e1ssal!<\/title>\n<meta name=\"description\" content=\"Egon egyszer\u0171s\u00edti a heterog\u00e9n forr\u00e1sokb\u00f3l sz\u00e1rmaz\u00f3 adatok integr\u00e1l\u00e1s\u00e1t \u00e9s az \u00faj rendszerek fel\u00e9 t\u00f6rt\u00e9n\u0151 v\u00e1ndorl\u00e1st az adatt\u00e1rh\u00e1zat t\u00e1mogat\u00f3 adatmin\u0151s\u00e9gi rendszernek k\u00f6sz\u00f6nhet\u0151en\" \/>\n<meta name=\"robots\" content=\"index, follow, max-snippet:-1, max-image-preview:large, max-video-preview:-1\" \/>\n<link rel=\"canonical\" href=\"https:\/\/www.egon.com\/hu\/alkalmazasok\/data-quality-data-warehouse\" \/>\n<meta property=\"og:locale\" content=\"hu_HU\" \/>\n<meta property=\"og:type\" content=\"article\" \/>\n<meta property=\"og:title\" content=\"Adatt\u00e1rh\u00e1z: adat v\u00e1ndorl\u00e1s \u00e9s integr\u00e1l\u00e1s n\u00e9h\u00e1ny kattint\u00e1ssal!\" \/>\n<meta property=\"og:description\" content=\"Egon egyszer\u0171s\u00edti a heterog\u00e9n forr\u00e1sokb\u00f3l sz\u00e1rmaz\u00f3 adatok integr\u00e1l\u00e1s\u00e1t \u00e9s az \u00faj rendszerek fel\u00e9 t\u00f6rt\u00e9n\u0151 v\u00e1ndorl\u00e1st az adatt\u00e1rh\u00e1zat t\u00e1mogat\u00f3 adatmin\u0151s\u00e9gi rendszernek k\u00f6sz\u00f6nhet\u0151en\" \/>\n<meta property=\"og:url\" content=\"https:\/\/www.egon.com\/hu\/alkalmazasok\/data-quality-data-warehouse\" \/>\n<meta property=\"og:site_name\" content=\"Egon\" \/>\n<meta property=\"article:modified_time\" content=\"2017-10-20T10:10:43+00:00\" \/>\n<meta property=\"og:image\" content=\"https:\/\/www.egon.com\/wp-content\/uploads\/2017\/09\/adattarhaz-820x400.jpg\" \/>\n<meta name=\"twitter:card\" content=\"summary_large_image\" \/>\n<meta name=\"twitter:label1\" content=\"Becs\u00fclt olvas\u00e1si id\u0151\" \/>\n\t<meta name=\"twitter:data1\" content=\"2 perc\" \/>\n<script type=\"application\/ld+json\" class=\"yoast-schema-graph\">{\"@context\":\"https:\/\/schema.org\",\"@graph\":[{\"@type\":\"WebPage\",\"@id\":\"https:\/\/www.egon.com\/hu\/alkalmazasok\/data-quality-data-warehouse\",\"url\":\"https:\/\/www.egon.com\/hu\/alkalmazasok\/data-quality-data-warehouse\",\"name\":\"Adatt\u00e1rh\u00e1z: adat v\u00e1ndorl\u00e1s \u00e9s integr\u00e1l\u00e1s n\u00e9h\u00e1ny kattint\u00e1ssal!\",\"isPartOf\":{\"@id\":\"https:\/\/www.egon.com\/zh\/#website\"},\"primaryImageOfPage\":{\"@id\":\"https:\/\/www.egon.com\/hu\/alkalmazasok\/data-quality-data-warehouse#primaryimage\"},\"image\":{\"@id\":\"https:\/\/www.egon.com\/hu\/alkalmazasok\/data-quality-data-warehouse#primaryimage\"},\"thumbnailUrl\":\"https:\/\/www.egon.com\/wp-content\/uploads\/2017\/09\/adattarhaz-820x400.jpg\",\"datePublished\":\"2017-09-19T13:29:46+00:00\",\"dateModified\":\"2017-10-20T10:10:43+00:00\",\"description\":\"Egon egyszer\u0171s\u00edti a heterog\u00e9n forr\u00e1sokb\u00f3l sz\u00e1rmaz\u00f3 adatok integr\u00e1l\u00e1s\u00e1t \u00e9s az \u00faj rendszerek fel\u00e9 t\u00f6rt\u00e9n\u0151 v\u00e1ndorl\u00e1st az adatt\u00e1rh\u00e1zat t\u00e1mogat\u00f3 adatmin\u0151s\u00e9gi rendszernek k\u00f6sz\u00f6nhet\u0151en\",\"breadcrumb\":{\"@id\":\"https:\/\/www.egon.com\/hu\/alkalmazasok\/data-quality-data-warehouse#breadcrumb\"},\"inLanguage\":\"hu\",\"potentialAction\":[{\"@type\":\"ReadAction\",\"target\":[\"https:\/\/www.egon.com\/hu\/alkalmazasok\/data-quality-data-warehouse\"]}]},{\"@type\":\"ImageObject\",\"inLanguage\":\"hu\",\"@id\":\"https:\/\/www.egon.com\/hu\/alkalmazasok\/data-quality-data-warehouse#primaryimage\",\"url\":\"https:\/\/www.egon.com\/wp-content\/uploads\/2017\/09\/adattarhaz-820x400.jpg\",\"contentUrl\":\"https:\/\/www.egon.com\/wp-content\/uploads\/2017\/09\/adattarhaz-820x400.jpg\"},{\"@type\":\"BreadcrumbList\",\"@id\":\"https:\/\/www.egon.com\/hu\/alkalmazasok\/data-quality-data-warehouse#breadcrumb\",\"itemListElement\":[{\"@type\":\"ListItem\",\"position\":1,\"name\":\"Home\",\"item\":\"https:\/\/www.egon.com\/hu\"},{\"@type\":\"ListItem\",\"position\":2,\"name\":\"Applications\",\"item\":\"https:\/\/www.egon.com\/hu\/alkalmazasok\"},{\"@type\":\"ListItem\",\"position\":3,\"name\":\"Adatt\u00e1rh\u00e1z (Data Warehouse): AZ ADATOKT\u00d3L AZ INFORM\u00c1CI\u00d3KIG\"}]},{\"@type\":\"WebSite\",\"@id\":\"https:\/\/www.egon.com\/zh\/#website\",\"url\":\"https:\/\/www.egon.com\/zh\/\",\"name\":\"Egon\",\"description\":\"Normalizzazione indirizzi - Address validation - Egon.com\",\"potentialAction\":[{\"@type\":\"SearchAction\",\"target\":{\"@type\":\"EntryPoint\",\"urlTemplate\":\"https:\/\/www.egon.com\/zh\/?s={search_term_string}\"},\"query-input\":{\"@type\":\"PropertyValueSpecification\",\"valueRequired\":true,\"valueName\":\"search_term_string\"}}],\"inLanguage\":\"hu\"}]}<\/script>\n<!-- \/ Yoast SEO plugin. -->","yoast_head_json":{"title":"Adatt\u00e1rh\u00e1z: adat v\u00e1ndorl\u00e1s \u00e9s integr\u00e1l\u00e1s n\u00e9h\u00e1ny kattint\u00e1ssal!","description":"Egon egyszer\u0171s\u00edti a heterog\u00e9n forr\u00e1sokb\u00f3l sz\u00e1rmaz\u00f3 adatok integr\u00e1l\u00e1s\u00e1t \u00e9s az \u00faj rendszerek fel\u00e9 t\u00f6rt\u00e9n\u0151 v\u00e1ndorl\u00e1st az adatt\u00e1rh\u00e1zat t\u00e1mogat\u00f3 adatmin\u0151s\u00e9gi rendszernek k\u00f6sz\u00f6nhet\u0151en","robots":{"index":"index","follow":"follow","max-snippet":"max-snippet:-1","max-image-preview":"max-image-preview:large","max-video-preview":"max-video-preview:-1"},"canonical":"https:\/\/www.egon.com\/hu\/alkalmazasok\/data-quality-data-warehouse","og_locale":"hu_HU","og_type":"article","og_title":"Adatt\u00e1rh\u00e1z: adat v\u00e1ndorl\u00e1s \u00e9s integr\u00e1l\u00e1s n\u00e9h\u00e1ny kattint\u00e1ssal!","og_description":"Egon egyszer\u0171s\u00edti a heterog\u00e9n forr\u00e1sokb\u00f3l sz\u00e1rmaz\u00f3 adatok integr\u00e1l\u00e1s\u00e1t \u00e9s az \u00faj rendszerek fel\u00e9 t\u00f6rt\u00e9n\u0151 v\u00e1ndorl\u00e1st az adatt\u00e1rh\u00e1zat t\u00e1mogat\u00f3 adatmin\u0151s\u00e9gi rendszernek k\u00f6sz\u00f6nhet\u0151en","og_url":"https:\/\/www.egon.com\/hu\/alkalmazasok\/data-quality-data-warehouse","og_site_name":"Egon","article_modified_time":"2017-10-20T10:10:43+00:00","og_image":[{"url":"https:\/\/www.egon.com\/wp-content\/uploads\/2017\/09\/adattarhaz-820x400.jpg","type":"","width":"","height":""}],"twitter_card":"summary_large_image","twitter_misc":{"Becs\u00fclt olvas\u00e1si id\u0151":"2 perc"},"schema":{"@context":"https:\/\/schema.org","@graph":[{"@type":"WebPage","@id":"https:\/\/www.egon.com\/hu\/alkalmazasok\/data-quality-data-warehouse","url":"https:\/\/www.egon.com\/hu\/alkalmazasok\/data-quality-data-warehouse","name":"Adatt\u00e1rh\u00e1z: adat v\u00e1ndorl\u00e1s \u00e9s integr\u00e1l\u00e1s n\u00e9h\u00e1ny kattint\u00e1ssal!","isPartOf":{"@id":"https:\/\/www.egon.com\/zh\/#website"},"primaryImageOfPage":{"@id":"https:\/\/www.egon.com\/hu\/alkalmazasok\/data-quality-data-warehouse#primaryimage"},"image":{"@id":"https:\/\/www.egon.com\/hu\/alkalmazasok\/data-quality-data-warehouse#primaryimage"},"thumbnailUrl":"https:\/\/www.egon.com\/wp-content\/uploads\/2017\/09\/adattarhaz-820x400.jpg","datePublished":"2017-09-19T13:29:46+00:00","dateModified":"2017-10-20T10:10:43+00:00","description":"Egon egyszer\u0171s\u00edti a heterog\u00e9n forr\u00e1sokb\u00f3l sz\u00e1rmaz\u00f3 adatok integr\u00e1l\u00e1s\u00e1t \u00e9s az \u00faj rendszerek fel\u00e9 t\u00f6rt\u00e9n\u0151 v\u00e1ndorl\u00e1st az adatt\u00e1rh\u00e1zat t\u00e1mogat\u00f3 adatmin\u0151s\u00e9gi rendszernek k\u00f6sz\u00f6nhet\u0151en","breadcrumb":{"@id":"https:\/\/www.egon.com\/hu\/alkalmazasok\/data-quality-data-warehouse#breadcrumb"},"inLanguage":"hu","potentialAction":[{"@type":"ReadAction","target":["https:\/\/www.egon.com\/hu\/alkalmazasok\/data-quality-data-warehouse"]}]},{"@type":"ImageObject","inLanguage":"hu","@id":"https:\/\/www.egon.com\/hu\/alkalmazasok\/data-quality-data-warehouse#primaryimage","url":"https:\/\/www.egon.com\/wp-content\/uploads\/2017\/09\/adattarhaz-820x400.jpg","contentUrl":"https:\/\/www.egon.com\/wp-content\/uploads\/2017\/09\/adattarhaz-820x400.jpg"},{"@type":"BreadcrumbList","@id":"https:\/\/www.egon.com\/hu\/alkalmazasok\/data-quality-data-warehouse#breadcrumb","itemListElement":[{"@type":"ListItem","position":1,"name":"Home","item":"https:\/\/www.egon.com\/hu"},{"@type":"ListItem","position":2,"name":"Applications","item":"https:\/\/www.egon.com\/hu\/alkalmazasok"},{"@type":"ListItem","position":3,"name":"Adatt\u00e1rh\u00e1z (Data Warehouse): AZ ADATOKT\u00d3L AZ INFORM\u00c1CI\u00d3KIG"}]},{"@type":"WebSite","@id":"https:\/\/www.egon.com\/zh\/#website","url":"https:\/\/www.egon.com\/zh\/","name":"Egon","description":"Normalizzazione indirizzi - Address validation - Egon.com","potentialAction":[{"@type":"SearchAction","target":{"@type":"EntryPoint","urlTemplate":"https:\/\/www.egon.com\/zh\/?s={search_term_string}"},"query-input":{"@type":"PropertyValueSpecification","valueRequired":true,"valueName":"search_term_string"}}],"inLanguage":"hu"}]}},"_links":{"self":[{"href":"https:\/\/www.egon.com\/hu\/wp-json\/wp\/v2\/pages\/8134","targetHints":{"allow":["GET"]}}],"collection":[{"href":"https:\/\/www.egon.com\/hu\/wp-json\/wp\/v2\/pages"}],"about":[{"href":"https:\/\/www.egon.com\/hu\/wp-json\/wp\/v2\/types\/page"}],"author":[{"embeddable":true,"href":"https:\/\/www.egon.com\/hu\/wp-json\/wp\/v2\/users\/1"}],"replies":[{"embeddable":true,"href":"https:\/\/www.egon.com\/hu\/wp-json\/wp\/v2\/comments?post=8134"}],"version-history":[{"count":0,"href":"https:\/\/www.egon.com\/hu\/wp-json\/wp\/v2\/pages\/8134\/revisions"}],"up":[{"embeddable":true,"href":"https:\/\/www.egon.com\/hu\/wp-json\/wp\/v2\/pages\/8106"}],"wp:attachment":[{"href":"https:\/\/www.egon.com\/hu\/wp-json\/wp\/v2\/media?parent=8134"}],"curies":[{"name":"wp","href":"https:\/\/api.w.org\/{rel}","templated":true}]}}