{"id":8083,"date":"2017-09-19T12:55:37","date_gmt":"2017-09-19T12:55:37","guid":{"rendered":"https:\/\/egon.com\/?page_id=8083"},"modified":"2021-02-15T11:25:47","modified_gmt":"2021-02-15T11:25:47","slug":"ismetlesek-toerlese","status":"publish","type":"page","link":"https:\/\/www.egon.com\/hu\/megoldasok\/ismetlesek-toerlese","title":{"rendered":"Ism\u00e9tl\u0151d\u0151 adatok t\u00f6rl\u00e9se"},"content":{"rendered":"[vc_row row_h_align=&#8221;grid&#8211;center&#8221; wrapper=&#8221;true&#8221; holder_class=&#8221;u-section-hero-three u-overlapped-hero-padding&#8221; holder_set_margin=&#8221;true&#8221; holder_margin=&#8221;u-margin-bottom-large&#8221;][vc_column row_width=&#8221;_desktop-9&#8243;]<div class=\"c-heading\"><h1 class=\" u-h1 u-text-bolder u-margin-bottom u-text-center\">Ism\u00e9tl\u0151d\u0151 adatok t\u00f6rl\u00e9se<\/h1><\/div>[vc_column_text txt_align=&#8221;u-text-center&#8221; set_margin=&#8221;true&#8221; margin=&#8221;u-margin-bottom-large&#8221;]Az\u00a0ism\u00e9tl\u0151d\u0151 adatok t\u00f6rl\u00e9se\u00a0(vagy\u00a0m\u00e1solatok t\u00f6rl\u00e9se \/ duplicate check) az informatikai adatt\u00e1rban l\u00e9v\u0151\u00a0dupla\u00a0vagy a k\u00fcl\u00f6nb\u00f6z\u0151 t\u00edpus\u00fa pontatlans\u00e1gok vagy k\u00f6vetkezetlens\u00e9gek miatt annak v\u00e9lt\u00a0adatok felismer\u00e9s\u00e9b\u0151l\u00a0\u00e1ll, a \u201em\u00e1solatok\u201d egy\u00e9rtelm\u0171 form\u00e1ba t\u00f6rt\u00e9n\u0151 \u00e1talak\u00edt\u00e1s\u00e1nak lehet\u0151s\u00e9g\u00e9vel.[\/vc_column_text][\/vc_column][\/vc_row][vc_row][vc_column]<div class=\"templatera_shortcode\"><div class=\"o-holder u-background-color-one u-margin-bottom-large u-padding-vertical-large\"><div class=\" o-wrapper\"><div class=\"grid-1 grid--middle grid--equalHeight\"><div class=\"col _lap-and-up-8\" ><div class=\"c-heading\"><h3 class=\" u-h1 u-text-color-invert u-text-thinner\">Vannak duplik\u00e1ci\u00f3k az adatb\u00e1zis\u00e1ban?<\/h3><\/div><div class=\"c-text-block u-text-color-invert\"><p>Ha t\u00f6r\u00f6lni szeretni a <span>duplik\u00e1lt adatokat a v\u00e1llalat <\/span>adatb\u00e1zisban, vagy sz\u00fcks\u00e9ge van egy eszk\u00f6zre, amely integr\u00e1l\u00f3dik az alkalmaz\u00e1s\u00e1ba, \u00e9s ellen\u0151rizheti vele az adatbevitelt a f\u00f6l\u00f6sleges van duplik\u00e1lt bevitel elker\u00fcl\u00e9se \u00e9rek\u00e9ben (ha az adatot m\u00e1r l\u00e9tezik), akkor <span>pr\u00f3b\u00e1lja ki az EGONT<\/span>!<\/p>\n <\/div><\/div><div class=\"col _lap-and-up-4\" ><div class=\"c-button-holder c-button-holder--center\"><a class=\"c-button c-button--center c-button--white  c-button--ghost c-button--large\" href=\"https:\/\/www.egon.com\/egon-demo\">Pr\u00f3b\u00e1lja ki az INGYENES WEB DEM\u00d3T!<\/a><\/div><\/div>\n<\/div><\/div><\/div><\/div>[\/vc_column][\/vc_row][vc_row wrapper=&#8221;true&#8221;][vc_column]<div class=\"c-heading\"><h3 class=\" u-text-bolder\">MI\u00c9RT VAN SZ\u00dcKS\u00c9G A M\u00c1SOLATOK T\u00d6RL\u00c9S\u00c9RE?<\/h3><\/div>[\/vc_column][vc_column width=&#8221;2\/3&#8243;][vc_column_text]Az\u00a0<a title=\"adatmin\u0151s\u00e9get\" href=\"https:\/\/www.egon.com\/hu\/\">adatmin\u0151s\u00e9get<\/a>\u00a0minden szempontb\u00f3l megfelel\u0151en kell kezelni \u00e9s az ism\u00e9tl\u0151d\u0151 adatok probl\u00e9m\u00e1t jelentenek mind az ember-alkalmaz\u00e1s k\u00f6zti interakci\u00f3, mind a nem tervezett k\u00f6lts\u00e9gek szempontj\u00e1b\u00f3l, ez ut\u00f3bbiak pl. a feleslegesen dupl\u00e1n kik\u00fcld\u00f6tt rekl\u00e1manyagokb\u00f3l vagy ugyanannak a v\u00e1llalkoz\u00e1snak k\u00fcld\u00f6tt hivatalos lev\u00e9lb\u0151l sz\u00e1rmaznak, r\u00e1ad\u00e1sul k\u00e1ros hat\u00e1ssal vannak a v\u00e1llalkoz\u00e1s imidzs\u00e9re.[\/vc_column_text][vc_column_text]Helyes, teljes, szabv\u00e1nyos \u00e9s ism\u00e9tl\u0151d\u0151 adatokt\u00f3l mentes adatt\u00e1rok levelez\u00e9si c\u00e9l\u00fa alkalmaz\u00e1sa a\u00a0szakszer\u0171s\u00e9g szinonim\u00e1ja, ez\u00e9rt kell egy automatikus szabv\u00e1nyos\u00edt\u00f3 szoftvert integr\u00e1lni, mely\u00a0jelent\u0151s hasznot\u00a0jelent. Hasznos\u00a0t\u00f6bb adatt\u00e1r \u00f6sszeolvaszt\u00e1sa\u00a0eset\u00e9n, a\u00a0m\u00e1solatok t\u00f6rl\u00e9se\u00a0alkalmazhat\u00f3 fizikai \u00e9s jogi szem\u00e9lyekre is \u00e9s kihaszn\u00e1lja a \u201ematch-k\u00f3dol\u00e1s\u201d m\u00f3dszer\u00e9t, mely lehet\u0151v\u00e9 teszi a:\u00a0m\u00e1solatok t\u00f6rl\u00e9s\u00e9t, csal\u00e1dok felismer\u00e9s\u00e9t, bels\u0151 adatok b\u0151v\u00edt\u00e9s\u00e9t:[\/vc_column_text][\/vc_column][vc_column width=&#8221;1\/3&#8243;]<div class=\" c-list c-list--color-one\"><ul>\n<li><i class=\"c-list__icon fal fa-check-circle\"><\/i><em>korrel\u00e1ci\u00f3s adatok<\/em><\/li>\n<li><i class=\"c-list__icon fal fa-check-circle\"><\/i><em>anyak\u00f6nyvi-, b\u0171n\u00fcgyi-, c\u00edm nyilv\u00e1ntart\u00e1sok \u00e9s arch\u00edvumok<\/em><\/li>\n<li><i class=\"c-list__icon fal fa-check-circle\"><\/i><em>egy t\u00e1rgyra vonatkoz\u00f3 inform\u00e1ci\u00f3k \u00e9s dokumentumok \u00f6sszevon\u00e1sa<\/em><\/li>\n<li><i class=\"c-list__icon fal fa-check-circle\"><\/i><em>a t\u00e1rgy egyedi helyzet\u00e9nek kezel\u00e9se \u00e9s PIN k\u00f3d hozz\u00e1rendel\u00e9s<\/em><\/li>\n<li><i class=\"c-list__icon fal fa-check-circle\"><\/i><em>ism\u00e9tl\u0151d\u0151 inform\u00e1ci\u00f3k kezel\u00e9se<\/em><\/li>\n<\/ul>\n<\/div>[\/vc_column][vc_column]<div class=\" c-divider c-divider--dashed u-margin-bottom-large\"\/><\/div>[\/vc_column][\/vc_row][vc_row wrapper=&#8221;true&#8221; holder_set_margin=&#8221;true&#8221; holder_margin=&#8221;u-margin-bottom&#8221;][vc_column width=&#8221;1\/3&#8243;]<div class=\"c-image\"><img loading=\"lazy\" decoding=\"async\" width=\"500\" height=\"376\" src=\"https:\/\/www.egon.com\/wp-content\/uploads\/2017\/09\/ismetlodo-adatok-torlese.jpg\" class=\" alignone\" alt=\"Ism\u00e9tl\u0151d\u0151 adatok t\u00f6rl\u00e9se\" srcset=\"https:\/\/www.egon.com\/wp-content\/uploads\/2017\/09\/ismetlodo-adatok-torlese.jpg 500w, https:\/\/www.egon.com\/wp-content\/uploads\/2017\/09\/ismetlodo-adatok-torlese-400x300.jpg 400w\" sizes=\"auto, (max-width: 500px) 100vw, 500px\" \/><\/div>[\/vc_column][vc_column width=&#8221;2\/3&#8243;][vc_column_text]<span class=\"jcepopup icon-top-left\">Egon\u00a0egy olyan\u00a0szoftver, melyet kifejezetten\u00a0az adatb\u00e1zisok szabv\u00e1nyos\u00edt\u00e1s\u00e1ra\u00a0\u00e9s a benn\u00fck tal\u00e1lhat\u00f3\u00a0m\u00e1solatok t\u00f6rl\u00e9s\u00e9refejlesztettek ki, krit\u00e9riumk\u00e9nt megadva nevet, vezet\u00e9knevet, c\u00e9gnevet, \u00c1FA sz\u00e1mot, c\u00edmet stb. minden lehets\u00e9ges ism\u00e9tl\u0151d\u00e9s kisz\u0171r\u00e9se \u00e9rdek\u00e9ben.<\/span><\/p>\n<p>Minden el\u0151zetesen szabv\u00e1nyos\u00edtott elemhez hozz\u00e1rendel\u0151dik egy egyedi k\u00f3d, az \u00fan. \u201cmatch code\u201c, melynek meghat\u00e1rozott szab\u00e1lyok seg\u00edts\u00e9g\u00e9vel t\u00f6rt\u00e9n\u0151 elemz\u00e9se \u00e9s \u00e9rt\u00e9kel\u00e9se lehet\u0151v\u00e9 teszik a kimeneti dupla recordok nagy megb\u00edzhat\u00f3s\u00e1ggal t\u00f6rt\u00e9n\u0151 azonos\u00edt\u00e1s\u00e1t.<\/p>\n<p>A modul egyanazon feldolgoz\u00e1s sor\u00e1n k\u00e9pes t\u00f6bb adatt\u00e1rat kezelni \u00e9s \u00f6sszehasonl\u00edtani, m\u00e9g akkor is, ha azok rekordjai egym\u00e1shoz viszony\u00edtva nem egy\u00e9rtelm\u0171ek.<\/p>\n<p>Ha sz\u00fcks\u00e9ged van adatb\u00e1zisod elemz\u00e9s\u00e9re a\u00a0dupla adatokt\u00f6rl\u00e9se \u00e9rdek\u00e9ben vagy olyan eszk\u00f6zre van sz\u00fcks\u00e9ged, mely integr\u00e1lhat\u00f3 m\u00e1r megl\u00e9v\u0151 aplik\u00e1ci\u00f3dba \u00e9s t\u00e1mogatja az adatbevitelt, jelezve a nem sz\u00fcks\u00e9gszer\u0171 beviteleket (mivel a bevitt rekord m\u00e1r jelen van az adatt\u00e1rban),\u00a0<a href=\"https:\/\/www.egon.com\/hu\/egon-demo.html\">pr\u00f3b\u00e1ld ki az EGON-t<\/a>.[\/vc_column_text][\/vc_column][\/vc_row][vc_row wrapper=&#8221;true&#8221;][vc_column]<div class=\" c-divider c-divider--dashed u-margin-bottom-large\"\/><\/div><div class=\"c-heading\"><h3 class=\" u-text-bolder\">MATCH K\u00d3D \u00c9S M\u00c1SOLATOK ELLEN\u0150RZ\u00c9SE<\/h3><\/div>[vc_column_text]A m\u00e1solat t\u00f6rl\u00e9s kimenete a\u00a0match-k\u00f3d, egy olyan karakter vagy sz\u00e1msor, melyben fel van t\u00fcntetve vagy k\u00f3dolva van azon elemek egy r\u00e9sze, melyek a nyilv\u00e1ntart\u00e1st k\u00e9pezik (vezet\u00e9kn\u00e9v vagy c\u00e9gn\u00e9v, n\u00e9v, nem, helys\u00e9g, ir\u00e1ny\u00edt\u00f3sz\u00e1m, DUG, utca, h\u00e1zsz\u00e1m). A match-k\u00f3d dupla rekord csoportok nagy megb\u00edzhat\u00f3s\u00e1ggal t\u00f6rt\u00e9n\u0151 azonos\u00edt\u00e1s\u00e1t \u00e9s kiv\u00e1l\u00f3 teljes\u00edtm\u00e9nyt tesz lehet\u0151v\u00e9.<\/p>\n<p>Operat\u00edv szempontb\u00f3l a\u00a0M\u00e1solatok ellen\u0151rz\u00e9se\u00a0\u00e1ll a:[\/vc_column_text]<div class=\" c-list c-list--color-one\"><ul>\n<li><i class=\"c-list__icon fal fa-check-circle\"><\/i><em>kett\u0151s nyilv\u00e1ntart\u00e1s<\/em><\/li>\n<li><i class=\"c-list__icon fal fa-check-circle\"><\/i>kulcsok \u00e9s szab\u00e1lyok param\u00e9terszer\u0171 kezel\u00e9se<\/li>\n<li><i class=\"c-list__icon fal fa-check-circle\"><\/i>val\u00f3sz\u00edn\u0171 m\u00e1solatok kezel\u00e9se<\/li>\n<li><i class=\"c-list__icon fal fa-check-circle\"><\/i>csoportok kezel\u00e9se<\/li>\n<li><i class=\"c-list__icon fal fa-check-circle\"><\/i>match-k\u00f3dok\/fonetikai kulcsok l\u00e9trehoz\u00e1sa<\/li>\n<li><i class=\"c-list__icon fal fa-check-circle\"><\/i>anagr\u00e1fiai kombin\u00e1ci\u00f3k<\/li>\n<li><i class=\"c-list__icon fal fa-check-circle\"><\/i><em>gestione relazioni e legami<\/em><\/li>\n<li><i class=\"c-list__icon fal fa-check-circle\"><\/i>nyilv\u00e1ntart\u00e1sok k\u00f6z\u00f6tti merge<\/li>\n<\/ul>\n<\/div>[\/vc_column][\/vc_row][vc_row][vc_column]<div class=\"templatera_shortcode\"><div class=\"o-holder u-background-ca-one u-padding-vertical-large\"><div class=\" o-wrapper\"><div class=\"grid-1\"><div class=\"col _lap-and-up-12\" ><div class=\"c-heading\"><h3 class=\" u-text-color-invert u-text-center\">FEDEZZE FEL HOGY TUD HOZZ\u00c1J\u00c1RULNI MIN\u0150S\u00c9GI ADATKEZEL\u0150 SZOFTVER\u00dcNK T\u00c1RSAS\u00c1GA FEJLESZT\u00c9S\u00c9HEZ<\/h3><\/div><div class=\"c-button-holder c-button-holder--center\"><a class=\"c-button u-text-bold c-button--center c-button--white  c-button--ghost\" href=\"https:\/\/www.egon.com\/company\/contact-us\">VEGYE FEL VEL\u00dcNK A KAPCSOLATOT!<\/a><\/div><\/div>\n<\/div><\/div><\/div>\r\n<\/div>[\/vc_column][\/vc_row]\n","protected":false},"excerpt":{"rendered":"FEDEZZE FEL HOGY TUD HOZZ\u00c1J\u00c1RULNI MIN\u0150S\u00c9GI ADATKEZEL\u0150 SZOFTVER\u00dcNK T\u00c1RSAS\u00c1GA FEJLESZT\u00c9S\u00c9HEZVEGYE FEL VEL\u00dcNK A KAPCSOLATOT!","protected":false},"author":1,"featured_media":0,"parent":8040,"menu_order":0,"comment_status":"closed","ping_status":"closed","template":"templates\/template-fullwidth.php","meta":{"footnotes":""},"class_list":["post-8083","page","type-page","status-publish","hentry"],"yoast_head":"<!-- This site is optimized with the Yoast SEO plugin v26.8 - https:\/\/yoast.com\/product\/yoast-seo-wordpress\/ -->\n<title>Ism\u00e9tl\u0151d\u0151 Adatok T\u00f6rl\u00e9se - Egon.com<\/title>\n<meta name=\"description\" content=\"Egon egy olyan szoftver, mely k\u00e9pes felismerni egy adott adatt\u00e1rban jelenl\u00e9v\u0151 dupla adatokat \u00e9s postai c\u00edmeket, majd azokat egy\u00e9rtelm\u0171 form\u00e1ba rendezni.\" \/>\n<meta name=\"robots\" content=\"index, follow, max-snippet:-1, max-image-preview:large, max-video-preview:-1\" \/>\n<link rel=\"canonical\" href=\"https:\/\/www.egon.com\/hu\/megoldasok\/ismetlesek-toerlese\" \/>\n<meta property=\"og:locale\" content=\"hu_HU\" \/>\n<meta property=\"og:type\" content=\"article\" \/>\n<meta property=\"og:title\" content=\"Ism\u00e9tl\u0151d\u0151 Adatok T\u00f6rl\u00e9se - Egon.com\" \/>\n<meta property=\"og:description\" content=\"Egon egy olyan szoftver, mely k\u00e9pes felismerni egy adott adatt\u00e1rban jelenl\u00e9v\u0151 dupla adatokat \u00e9s postai c\u00edmeket, majd azokat egy\u00e9rtelm\u0171 form\u00e1ba rendezni.\" \/>\n<meta property=\"og:url\" content=\"https:\/\/www.egon.com\/hu\/megoldasok\/ismetlesek-toerlese\" \/>\n<meta property=\"og:site_name\" content=\"Egon\" \/>\n<meta property=\"article:modified_time\" content=\"2021-02-15T11:25:47+00:00\" \/>\n<meta name=\"twitter:card\" content=\"summary_large_image\" \/>\n<meta name=\"twitter:label1\" content=\"Becs\u00fclt olvas\u00e1si id\u0151\" \/>\n\t<meta name=\"twitter:data1\" content=\"2 perc\" \/>\n<script type=\"application\/ld+json\" class=\"yoast-schema-graph\">{\"@context\":\"https:\/\/schema.org\",\"@graph\":[{\"@type\":\"WebPage\",\"@id\":\"https:\/\/www.egon.com\/hu\/megoldasok\/ismetlesek-toerlese\",\"url\":\"https:\/\/www.egon.com\/hu\/megoldasok\/ismetlesek-toerlese\",\"name\":\"Ism\u00e9tl\u0151d\u0151 Adatok T\u00f6rl\u00e9se - Egon.com\",\"isPartOf\":{\"@id\":\"https:\/\/www.egon.com\/zh\/#website\"},\"datePublished\":\"2017-09-19T12:55:37+00:00\",\"dateModified\":\"2021-02-15T11:25:47+00:00\",\"description\":\"Egon egy olyan szoftver, mely k\u00e9pes felismerni egy adott adatt\u00e1rban jelenl\u00e9v\u0151 dupla adatokat \u00e9s postai c\u00edmeket, majd azokat egy\u00e9rtelm\u0171 form\u00e1ba rendezni.\",\"breadcrumb\":{\"@id\":\"https:\/\/www.egon.com\/hu\/megoldasok\/ismetlesek-toerlese#breadcrumb\"},\"inLanguage\":\"hu\",\"potentialAction\":[{\"@type\":\"ReadAction\",\"target\":[\"https:\/\/www.egon.com\/hu\/megoldasok\/ismetlesek-toerlese\"]}]},{\"@type\":\"BreadcrumbList\",\"@id\":\"https:\/\/www.egon.com\/hu\/megoldasok\/ismetlesek-toerlese#breadcrumb\",\"itemListElement\":[{\"@type\":\"ListItem\",\"position\":1,\"name\":\"Home\",\"item\":\"https:\/\/www.egon.com\/hu\"},{\"@type\":\"ListItem\",\"position\":2,\"name\":\"MEGOLD\u00c1SOK\",\"item\":\"https:\/\/www.egon.com\/hu\/megoldasok\"},{\"@type\":\"ListItem\",\"position\":3,\"name\":\"Ism\u00e9tl\u0151d\u0151 adatok t\u00f6rl\u00e9se\"}]},{\"@type\":\"WebSite\",\"@id\":\"https:\/\/www.egon.com\/zh\/#website\",\"url\":\"https:\/\/www.egon.com\/zh\/\",\"name\":\"Egon\",\"description\":\"Normalizzazione indirizzi - Address validation - Egon.com\",\"potentialAction\":[{\"@type\":\"SearchAction\",\"target\":{\"@type\":\"EntryPoint\",\"urlTemplate\":\"https:\/\/www.egon.com\/zh\/?s={search_term_string}\"},\"query-input\":{\"@type\":\"PropertyValueSpecification\",\"valueRequired\":true,\"valueName\":\"search_term_string\"}}],\"inLanguage\":\"hu\"}]}<\/script>\n<!-- \/ Yoast SEO plugin. -->","yoast_head_json":{"title":"Ism\u00e9tl\u0151d\u0151 Adatok T\u00f6rl\u00e9se - Egon.com","description":"Egon egy olyan szoftver, mely k\u00e9pes felismerni egy adott adatt\u00e1rban jelenl\u00e9v\u0151 dupla adatokat \u00e9s postai c\u00edmeket, majd azokat egy\u00e9rtelm\u0171 form\u00e1ba rendezni.","robots":{"index":"index","follow":"follow","max-snippet":"max-snippet:-1","max-image-preview":"max-image-preview:large","max-video-preview":"max-video-preview:-1"},"canonical":"https:\/\/www.egon.com\/hu\/megoldasok\/ismetlesek-toerlese","og_locale":"hu_HU","og_type":"article","og_title":"Ism\u00e9tl\u0151d\u0151 Adatok T\u00f6rl\u00e9se - Egon.com","og_description":"Egon egy olyan szoftver, mely k\u00e9pes felismerni egy adott adatt\u00e1rban jelenl\u00e9v\u0151 dupla adatokat \u00e9s postai c\u00edmeket, majd azokat egy\u00e9rtelm\u0171 form\u00e1ba rendezni.","og_url":"https:\/\/www.egon.com\/hu\/megoldasok\/ismetlesek-toerlese","og_site_name":"Egon","article_modified_time":"2021-02-15T11:25:47+00:00","twitter_card":"summary_large_image","twitter_misc":{"Becs\u00fclt olvas\u00e1si id\u0151":"2 perc"},"schema":{"@context":"https:\/\/schema.org","@graph":[{"@type":"WebPage","@id":"https:\/\/www.egon.com\/hu\/megoldasok\/ismetlesek-toerlese","url":"https:\/\/www.egon.com\/hu\/megoldasok\/ismetlesek-toerlese","name":"Ism\u00e9tl\u0151d\u0151 Adatok T\u00f6rl\u00e9se - Egon.com","isPartOf":{"@id":"https:\/\/www.egon.com\/zh\/#website"},"datePublished":"2017-09-19T12:55:37+00:00","dateModified":"2021-02-15T11:25:47+00:00","description":"Egon egy olyan szoftver, mely k\u00e9pes felismerni egy adott adatt\u00e1rban jelenl\u00e9v\u0151 dupla adatokat \u00e9s postai c\u00edmeket, majd azokat egy\u00e9rtelm\u0171 form\u00e1ba rendezni.","breadcrumb":{"@id":"https:\/\/www.egon.com\/hu\/megoldasok\/ismetlesek-toerlese#breadcrumb"},"inLanguage":"hu","potentialAction":[{"@type":"ReadAction","target":["https:\/\/www.egon.com\/hu\/megoldasok\/ismetlesek-toerlese"]}]},{"@type":"BreadcrumbList","@id":"https:\/\/www.egon.com\/hu\/megoldasok\/ismetlesek-toerlese#breadcrumb","itemListElement":[{"@type":"ListItem","position":1,"name":"Home","item":"https:\/\/www.egon.com\/hu"},{"@type":"ListItem","position":2,"name":"MEGOLD\u00c1SOK","item":"https:\/\/www.egon.com\/hu\/megoldasok"},{"@type":"ListItem","position":3,"name":"Ism\u00e9tl\u0151d\u0151 adatok t\u00f6rl\u00e9se"}]},{"@type":"WebSite","@id":"https:\/\/www.egon.com\/zh\/#website","url":"https:\/\/www.egon.com\/zh\/","name":"Egon","description":"Normalizzazione indirizzi - Address validation - Egon.com","potentialAction":[{"@type":"SearchAction","target":{"@type":"EntryPoint","urlTemplate":"https:\/\/www.egon.com\/zh\/?s={search_term_string}"},"query-input":{"@type":"PropertyValueSpecification","valueRequired":true,"valueName":"search_term_string"}}],"inLanguage":"hu"}]}},"_links":{"self":[{"href":"https:\/\/www.egon.com\/hu\/wp-json\/wp\/v2\/pages\/8083","targetHints":{"allow":["GET"]}}],"collection":[{"href":"https:\/\/www.egon.com\/hu\/wp-json\/wp\/v2\/pages"}],"about":[{"href":"https:\/\/www.egon.com\/hu\/wp-json\/wp\/v2\/types\/page"}],"author":[{"embeddable":true,"href":"https:\/\/www.egon.com\/hu\/wp-json\/wp\/v2\/users\/1"}],"replies":[{"embeddable":true,"href":"https:\/\/www.egon.com\/hu\/wp-json\/wp\/v2\/comments?post=8083"}],"version-history":[{"count":2,"href":"https:\/\/www.egon.com\/hu\/wp-json\/wp\/v2\/pages\/8083\/revisions"}],"predecessor-version":[{"id":17924,"href":"https:\/\/www.egon.com\/hu\/wp-json\/wp\/v2\/pages\/8083\/revisions\/17924"}],"up":[{"embeddable":true,"href":"https:\/\/www.egon.com\/hu\/wp-json\/wp\/v2\/pages\/8040"}],"wp:attachment":[{"href":"https:\/\/www.egon.com\/hu\/wp-json\/wp\/v2\/media?parent=8083"}],"curies":[{"name":"wp","href":"https:\/\/api.w.org\/{rel}","templated":true}]}}