{"id":8052,"date":"2017-09-19T12:00:42","date_gmt":"2017-09-19T12:00:42","guid":{"rendered":"https:\/\/egon.com\/?page_id=8052"},"modified":"2022-10-17T09:49:27","modified_gmt":"2022-10-17T09:49:27","slug":"cimek-szabvanyositasa","status":"publish","type":"page","link":"https:\/\/www.egon.com\/hu\/megoldasok\/cimek-szabvanyositasa","title":{"rendered":"Eur\u00f3pai \u00e9s nemzetk\u00f6zi Postai c\u00edmhiteles\u00edt\u00e9si eszk\u00f6z"},"content":{"rendered":"[vc_row row_h_align=&#8221;grid&#8211;center&#8221; wrapper=&#8221;true&#8221; holder_class=&#8221;u-section-hero-two u-overlapped-hero-padding&#8221; holder_set_margin=&#8221;true&#8221; holder_margin=&#8221;u-margin-bottom-large&#8221;][vc_column row_width=&#8221;_desktop-9&#8243;]<div class=\"c-heading\"><h1 class=\" u-h1 u-text-bolder u-margin-bottom-none u-text-center\">Eur\u00f3pai \u00e9s nemzetk\u00f6zi Postai c\u00edmhiteles\u00edt\u00e9si eszk\u00f6z<\/h1><\/div>[vc_column_text txt_align=&#8221;u-text-center&#8221; set_margin=&#8221;true&#8221; margin=&#8221;u-margin-bottom-large&#8221;]A postai c\u00edmhiteles\u00edt\u00e9s az \u00f6sszes nagytartalm\u00fa adatb\u00e1zisokkal dolgoz\u00f3 v\u00e1llalat alapvet\u0151 sz\u00fcks\u00e9glete.[\/vc_column_text]<div class=\"c-button-holder c-button-holder--center\"><a class=\"c-button c-button--center u-margin-right u-margin-bottom u-margin-left c-button--primary\" href=\"https:\/\/www.egon.com\/egon-demo\">INGYENES WEB DEM\u00d3<\/a><\/div>[\/vc_column][\/vc_row][vc_row wrapper=&#8221;true&#8221;][vc_column]<div class=\"c-heading\"><h3 class=\" u-text-bolder\">POSTAI C\u00cdMHITELES\u00cdT\u00c9SI SZOFTVER<\/h3><\/div>[vc_column_text]A postai c\u00edmhiteles\u00edt\u00e9s folyamat sor\u00e1n minden pontatlans\u00e1g vagy k\u00f6vetkezetlens\u00e9g elemz\u00e9sre \u00e9s jav\u00edt\u00e1sra ker\u00fcl egy c\u00edmben vagy c\u00edmek csoportj\u00e1ban (p\u00e9ld\u00e1ul egy \u00fcgyf\u00e9l\/ell\u00e1t\u00f3 adatb\u00e1zisban). A c\u00e9l az egyes c\u00edmek lereduk\u00e1l\u00e1sa egy \u00e1ltal\u00e1nosan \u00e9rthet\u0151 form\u00e1ra, ami vil\u00e1gosan nyomon k\u00f6vethet\u0151 b\u00e1rmely informatikai rendszerb\u0151l. Az eur\u00f3pai c\u00edmhiteles\u00edt\u00e9s a f\u0151 tev\u00e9kenys\u00e9g\u00fcnk, de teljes asszisztenci\u00e1t ny\u00fajtunk t\u00f6bb mint 250 orsz\u00e1gnak vil\u00e1gszerte t\u00e9telenk\u00e9nti c\u00edmhiteles\u00edt\u00e9ssel \u00e9s online szolg\u00e1ltat\u00e1sokkal.<\/p>\n<p>Az Egon\u00a0szoftver el\u00e9rhet\u0151 a nemzetk\u00f6zi c\u00edmhiteles\u00edt\u00e9shez, \u00e9s \u00fagy fejlesztett\u00fck ki, hogy ezeket a m\u0171veleteket a hib\u00e1s vagy hi\u00e1nyos c\u00edmek prec\u00edz valid\u00e1l\u00e1s\u00e1val v\u00e9gezze el \u00e9s automatiz\u00e1lja ezeket a m\u0171veleteket. Nem jelentenek gondot t\u00f6bb\u00e9 a helyes\u00edr\u00e1si vagy form\u00e1z\u00e1si hib\u00e1k a szoftver interakt\u00edv biztons\u00e1gi ment\u00e9s\u00e9nek k\u00f6sz\u00f6nhet\u0151en a val\u00f3sidej\u0171 funkci\u00f3kkal, amikor az \u00fczemeltet\u0151 k\u00f6zvetlen\u00fcl viszi be az adatokat (bele\u00e9rtve a hi\u00e1nyz\u00f3 ir\u00e1ny\u00edt\u00f3sz\u00e1mok automatikus hozz\u00e1ad\u00e1s\u00e1t).[\/vc_column_text][\/vc_column][\/vc_row][vc_row holder_set_margin=&#8221;true&#8221; holder_margin=&#8221;u-margin-bottom-large&#8221;][vc_column]<div class=\"templatera_shortcode\"><div class=\"o-holder u-background-color-one\"><div class=\" o-wrapper\"><div class=\"grid-1 u-deco-globe grid--equalHeight\"><div class=\"col _lap-and-up-8\" ><div class=\"o-holder u-padding-vertical-large\"><div class=\"grid-1\"><div class=\"col _lap-and-up-4\" ><div class=\"c-heading\"><h3 class=\" u-text-color-invert u-text-right\">Pr\u00f3b\u00e1lja ki a c\u00edmhiteles\u00edt\u0151 szoftver\u00fcnket most<\/h3><\/div><\/div><div class=\"col _lap-and-up-8\" ><div class=\"c-text-block u-text-color-invert\"><p><span>A c\u00edmhiteles\u00edt\u00e9s sz\u00e1mos technik\u00e1b\u00f3l \u00e1ll<\/span>, amelyek egy adott adatb\u00e1zisban vagy t\u00f6bb k\u00fcl\u00f6nb\u00f6z\u0151 adatb\u00e1zisban archiv\u00e1lt vagy t\u00e1rolt adatok hiteles\u00edt\u00e9s\u00e9re, jav\u00edt\u00e1s\u00e1ra, friss\u00edt\u00e9s\u00e9re, deduplik\u00e1l\u00e1s\u00e1ra \u00e9s sz\u00fcks\u00e9g eset\u00e9n b\u0151v\u00edt\u00e9s\u00e9re ir\u00e1nyulnak.<\/p>\n<p class=\"p1\">Az Egon azonnal ellen\u0151rzi a rendelkez\u00e9sre \u00e1ll\u00f3 inform\u00e1ci\u00f3 pontoss\u00e1g\u00e1t. Az ellen\u0151rz\u00e9s sor\u00e1n nyelvtani hib\u00e1kat (dupla bet\u0171, t\u00e9rk\u00f6z, stb.), elavult adatokat, duplik\u00e1lt adatokat keres, \u00e9s v\u00e9g\u00fcl kieg\u00e9sz\u00edti a c\u00edmet, amit b\u0151v\u00edt a hi\u00e1nyz\u00f3 inform\u00e1ci\u00f3kkal (ir\u00e1ny\u00edt\u00f3sz\u00e1m, \u00e1llam, tartom\u00e1ny, orsz\u00e1g, stb.).<\/p>\n <\/div><\/div>\n<\/div><\/div><\/div><div class=\"col _lap-and-up-4\" ><div class=\"col_inner u-padding-vertical col_inner--middle\"><div class=\"c-button-holder c-button-holder--center\"><a class=\"c-button u-text-bold c-button--center c-button--white\" href=\"https:\/\/www.egon.com\/egon-demo\">Pr\u00f3b\u00e1lja ki az INGYENES WEB DEM\u00d3T!<\/a><\/div><\/div><\/div>\n<\/div><\/div><\/div><\/div>[\/vc_column][\/vc_row][vc_row wrapper=&#8221;true&#8221;][vc_column]<div class=\"c-heading\"><h3 class=\" u-text-bolder\">ALKALMAZ\u00c1SI TER\u00dcLETEK<\/h3><\/div>[\/vc_column][\/vc_row][vc_row wrapper=&#8221;true&#8221;][vc_column width=&#8221;1\/3&#8243;]<div class=\"c-image\"><img loading=\"lazy\" decoding=\"async\" width=\"500\" height=\"467\" src=\"https:\/\/www.egon.com\/wp-content\/uploads\/2017\/09\/cimek-szabvanyositasa.jpg\" class=\" aligncenter\" alt=\"cimek szabvanyositasa\" srcset=\"https:\/\/www.egon.com\/wp-content\/uploads\/2017\/09\/cimek-szabvanyositasa.jpg 500w, https:\/\/www.egon.com\/wp-content\/uploads\/2017\/09\/cimek-szabvanyositasa-321x300.jpg 321w\" sizes=\"auto, (max-width: 500px) 100vw, 500px\" \/><\/div>[\/vc_column][vc_column width=&#8221;2\/3&#8243;][vc_column_text]Az elemz\u00e9shez \u00e9s a postai c\u00edmhiteles\u00edt\u00e9shez komplex szab\u00e1lyrendszert hoztak l\u00e9tre, amely sz\u00e1mos t\u00e9nyez\u0151n alapul, p\u00e9ld\u00e1ul a beviteli szavak k\u00f6zti \u00fcres helyek, a sorrend \u00e9s m\u00e1s elemek, amelyek a szinonimasz\u00f3t\u00e1r t\u00e1bl\u00e1zatainkhoz a t\u00f6k\u00e9letes kimenet \u00e9rdek\u00e9ben.<\/p>\n<p>Az Egon z\u00f6kken\u0151mentesen integr\u00e1lhat\u00f3 b\u00e1rmely alkalmaz\u00e1sba (ERP, oper\u00e1ci\u00f3s, CRM, stb.) \u00e9s standard szoftverk\u00f6rnyezetbe (sap, oracle, windows, stb.), \u00edgy azonnal jav\u00edthat v\u00e1llalkoz\u00e1sa m\u0171k\u00f6d\u00e9s\u00e9nek \u00f6sszes adatter\u00fclet\u00e9n olyan prec\u00edzi\u00f3s funkci\u00f3kkal, amelyekr\u0151l ez id\u00e1ig nem is hallottunk.<\/p>\n<p>A postai c\u00edmhiteles\u00edt\u0151 szoftvernek sz\u00e1mos alkalmaz\u00e1si ter\u00fclete l\u00e9tezik, sz\u00e1mos egyed\u00fcli adatb\u00e1zis hiteles\u00edt\u00e9s\u00e9t\u0151l kezdve, a levelez\u00e9sen \u00e1t (klasszikus szolg\u00e1ltat\u00e1s a csomagk\u00fcld\u00e9s \u00e1ltali \u00e9rt\u00e9kes\u00edt\u00e9shez), a k\u00fcl\u00f6nb\u00f6z\u0151 adatb\u00e1zisok k\u00f6zti konvergenci\u00e1ig vagy a r\u00e9gi \u00e9s az \u00faj rendszerek k\u00f6zti migr\u00e1ci\u00f3ig.<\/p>\n<p>Az Egon\u00a0automatikusan interakci\u00f3ba l\u00e9p \u00d6nnel az adatbevitel sor\u00e1n, jav\u00edtja az esetleges hib\u00e1kat, hiteles\u00edti a c\u00edmeket \u00e9s standardiz\u00e1lja azokat a hivatalos form\u00e1tumra.<\/p>\n<p>Azonban az Egon enn\u00e9l m\u00e9g t\u00f6bbet is k\u00edn\u00e1l, \u00e9s van n\u00e9h\u00e1ny igaz\u00e1n fejlett funkci\u00f3ja, p\u00e9ld\u00e1ul a val\u00f3sidej\u0171 \u00f6njav\u00edt\u00e1s, ami azt jelenti, hogyha a beviteli \u0171rlapban csak n\u00e9h\u00e1ny mez\u0151t t\u00f6lt ki, akkor az Egon automatikusan felt\u00f6lti a t\u00f6bbit, \u00edgy jelent\u0151sen felgyors\u00edtja a folyamatot \u00e9s megk\u00f6nny\u00edti a munk\u00e1j\u00e1t.[\/vc_column_text][\/vc_column][\/vc_row][vc_row wrapper=&#8221;true&#8221; holder_set_margin=&#8221;true&#8221; holder_margin=&#8221;u-margin-bottom-large&#8221;][vc_column inner_bg_fx=&#8221;u-background-color-six&#8221; set_padding_inner=&#8221;true&#8221; padding_inner=&#8221;u-padding&#8221;][vc_column_text txt_color=&#8221;u-text-color-invert&#8221;]\n<h3>HA C\u00cdMEK NAGY MENNYIS\u00c9G\u00c9T KELL HITELES\u00cdTENEM EGYSZERRE?<\/h3>\n<p>Semmi gond! A val\u00f3sidej\u0171 funkci\u00f3k mellett az Egon lehet\u0151v\u00e9 teszi a t\u00e9telenk\u00e9nti hiteles\u00edt\u00e9s szolg\u00e1ltat\u00e1st: a rendszer felvesz teljes adatb\u00e1zisokat vagy k\u00fcl\u00f6nb\u00f6z\u0151 form\u00e1tum\u00fa f\u00e1jlokat (csv, xml, stb.) \u00e9s elemzi, feldolgozza azokat, majd teljesen hiteles\u00edtve \u00e9s deduplik\u00e1lva k\u00fcldi vissza \u00d6nnek.[\/vc_column_text]<div class=\"c-button-holder c-button-holder--center\"><a class=\"c-button c-button--center c-button--white  c-button--ghost\" href=\"https:\/\/www.egon.com\/methodology\/batch\">Tov\u00e1bbi inform\u00e1ci\u00f3k<\/a><\/div>[\/vc_column][\/vc_row][vc_row wrapper=&#8221;true&#8221;][vc_column]<div class=\"c-heading\"><h3 class=\" u-text-bolder\">EUR\u00d3PAI C\u00cdMHITELES\u00cdT\u00c9SI SZOFTVER ESZK\u00d6Z, \u00c9S AZT\u00c1N?<\/h3><\/div>[vc_column_text]Az Egon szoftver \u00e1ltal haszn\u00e1lt algoritmus a szem\u00e9lyes adatok szintj\u00e9n m\u0171k\u00f6d\u0151 enged\u00e9lyez\u00e9seken alapul (a szem\u00e9lyes adathiteles\u00edt\u00e9s p\u00e9ld\u00e1i k\u00f6z\u00e9 tartozik az ad\u00f3k\u00f3d, a szem\u00e9lyazonos\u00edt\u00f3 okm\u00e1nyok, stb.), bele\u00e9rtve a c\u00edmeket \u00e9s a k\u00fcl\u00f6nb\u00f6z\u0151 t\u00edpus\u00fa banki adatokat, \u00e9s a kiviteli adatot egy \u00e1ltal\u00e1nosan elfogadott szabv\u00e1nyos form\u00e1tumban adja vissza. A term\u00e9szetes szem\u00e9lyes \u00e9s a jogi szem\u00e9lyek adatb\u00e1zisai is hiteles\u00edthet\u0151k.<\/p>\n<p>Az Egon kiv\u00e1l\u00f3 adatb\u00e1zis tiszt\u00edt\u00f3 eredm\u00e9nyeket garant\u00e1l, eg\u00e9szen az automatikus folyamat \u00e1ltal elutas\u00edtott b\u00e1rmely elem manu\u00e1lis kijav\u00edt\u00e1s\u00e1ig.<\/p>\n<p>Glob\u00e1lis lefedetts\u00e9get garant\u00e1lunk min\u0151s\u00e9gi szolg\u00e1ltat\u00e1sainkkal (c\u00edmhiteles\u00edt\u00e9s Eur\u00f3p\u00e1ban \u00e9s a nemzetk\u00f6zi orsz\u00e1gokban). V\u00e1llalatunk \u00e9vekig specializ\u00e1l\u00f3dott az eur\u00f3pai c\u00edmvalid\u00e1l\u00e1ssal, deduplik\u00e1l\u00e1ssal \u00e9s adatmin\u0151s\u00e9ggel kapcsolatos szolg\u00e1ltat\u00e1sok ny\u00fajt\u00e1s\u00e1ra. A k\u00f6zpontunk Olaszorsz\u00e1gban, Veron\u00e1van tal\u00e1lhat\u00f3 (Veneto r\u00e9gi\u00f3 sz\u00edv\u00e9ben).[\/vc_column_text][\/vc_column][\/vc_row][vc_row][vc_column]<div class=\"templatera_shortcode\"><div class=\"o-holder u-background-ca-one u-padding-vertical-large\"><div class=\" o-wrapper\"><div class=\"grid-1\"><div class=\"col _lap-and-up-12\" ><div class=\"c-heading\"><h3 class=\" u-text-color-invert u-text-center\">FEDEZZE FEL HOGY TUD HOZZ\u00c1J\u00c1RULNI MIN\u0150S\u00c9GI ADATKEZEL\u0150 SZOFTVER\u00dcNK T\u00c1RSAS\u00c1GA FEJLESZT\u00c9S\u00c9HEZ<\/h3><\/div><div class=\"c-button-holder c-button-holder--center\"><a class=\"c-button u-text-bold c-button--center c-button--white  c-button--ghost\" href=\"https:\/\/www.egon.com\/company\/contact-us\">VEGYE FEL VEL\u00dcNK A KAPCSOLATOT!<\/a><\/div><\/div>\n<\/div><\/div><\/div>\r\n<\/div>[\/vc_column][\/vc_row]\n","protected":false},"excerpt":{"rendered":"FEDEZZE FEL HOGY TUD HOZZ\u00c1J\u00c1RULNI MIN\u0150S\u00c9GI ADATKEZEL\u0150 SZOFTVER\u00dcNK T\u00c1RSAS\u00c1GA FEJLESZT\u00c9S\u00c9HEZVEGYE FEL VEL\u00dcNK A KAPCSOLATOT!","protected":false},"author":1,"featured_media":0,"parent":8040,"menu_order":0,"comment_status":"closed","ping_status":"closed","template":"templates\/template-fullwidth.php","meta":{"footnotes":""},"class_list":["post-8052","page","type-page","status-publish","hentry"],"yoast_head":"<!-- This site is optimized with the Yoast SEO plugin v26.8 - https:\/\/yoast.com\/product\/yoast-seo-wordpress\/ -->\n<title>Hib\u00e1s vagy nem teljes c\u00edmek szabv\u00e1nyos\u00edt\u00e1sa - Egon.com<\/title>\n<meta name=\"description\" content=\"Egon egy olyan szoftver csomag, mely automatiz\u00e1lja a vil\u00e1g t\u00f6bb mint 250 orsz\u00e1g\u00e1b\u00f3l \u00e9rkez\u0151 hib\u00e1s c\u00edmeket, kieg\u00e9sz\u00edtve azokat, ha hi\u00e1nyoss\u00e1got \u00e9szlel.\" \/>\n<meta name=\"robots\" content=\"index, follow, max-snippet:-1, max-image-preview:large, max-video-preview:-1\" \/>\n<link rel=\"canonical\" href=\"https:\/\/www.egon.com\/hu\/megoldasok\/cimek-szabvanyositasa\" \/>\n<meta property=\"og:locale\" content=\"hu_HU\" \/>\n<meta property=\"og:type\" content=\"article\" \/>\n<meta property=\"og:title\" content=\"Hib\u00e1s vagy nem teljes c\u00edmek szabv\u00e1nyos\u00edt\u00e1sa - Egon.com\" \/>\n<meta property=\"og:description\" content=\"Egon egy olyan szoftver csomag, mely automatiz\u00e1lja a vil\u00e1g t\u00f6bb mint 250 orsz\u00e1g\u00e1b\u00f3l \u00e9rkez\u0151 hib\u00e1s c\u00edmeket, kieg\u00e9sz\u00edtve azokat, ha hi\u00e1nyoss\u00e1got \u00e9szlel.\" \/>\n<meta property=\"og:url\" content=\"https:\/\/www.egon.com\/hu\/megoldasok\/cimek-szabvanyositasa\" \/>\n<meta property=\"og:site_name\" content=\"Egon\" \/>\n<meta property=\"article:modified_time\" content=\"2022-10-17T09:49:27+00:00\" \/>\n<meta name=\"twitter:card\" content=\"summary_large_image\" \/>\n<meta name=\"twitter:label1\" content=\"Becs\u00fclt olvas\u00e1si id\u0151\" \/>\n\t<meta name=\"twitter:data1\" content=\"3 perc\" \/>\n<script type=\"application\/ld+json\" class=\"yoast-schema-graph\">{\"@context\":\"https:\/\/schema.org\",\"@graph\":[{\"@type\":\"WebPage\",\"@id\":\"https:\/\/www.egon.com\/hu\/megoldasok\/cimek-szabvanyositasa\",\"url\":\"https:\/\/www.egon.com\/hu\/megoldasok\/cimek-szabvanyositasa\",\"name\":\"Hib\u00e1s vagy nem teljes c\u00edmek szabv\u00e1nyos\u00edt\u00e1sa - Egon.com\",\"isPartOf\":{\"@id\":\"https:\/\/www.egon.com\/zh\/#website\"},\"datePublished\":\"2017-09-19T12:00:42+00:00\",\"dateModified\":\"2022-10-17T09:49:27+00:00\",\"description\":\"Egon egy olyan szoftver csomag, mely automatiz\u00e1lja a vil\u00e1g t\u00f6bb mint 250 orsz\u00e1g\u00e1b\u00f3l \u00e9rkez\u0151 hib\u00e1s c\u00edmeket, kieg\u00e9sz\u00edtve azokat, ha hi\u00e1nyoss\u00e1got \u00e9szlel.\",\"breadcrumb\":{\"@id\":\"https:\/\/www.egon.com\/hu\/megoldasok\/cimek-szabvanyositasa#breadcrumb\"},\"inLanguage\":\"hu\",\"potentialAction\":[{\"@type\":\"ReadAction\",\"target\":[\"https:\/\/www.egon.com\/hu\/megoldasok\/cimek-szabvanyositasa\"]}]},{\"@type\":\"BreadcrumbList\",\"@id\":\"https:\/\/www.egon.com\/hu\/megoldasok\/cimek-szabvanyositasa#breadcrumb\",\"itemListElement\":[{\"@type\":\"ListItem\",\"position\":1,\"name\":\"Home\",\"item\":\"https:\/\/www.egon.com\/hu\"},{\"@type\":\"ListItem\",\"position\":2,\"name\":\"MEGOLD\u00c1SOK\",\"item\":\"https:\/\/www.egon.com\/hu\/megoldasok\"},{\"@type\":\"ListItem\",\"position\":3,\"name\":\"Eur\u00f3pai \u00e9s nemzetk\u00f6zi Postai c\u00edmhiteles\u00edt\u00e9si eszk\u00f6z\"}]},{\"@type\":\"WebSite\",\"@id\":\"https:\/\/www.egon.com\/zh\/#website\",\"url\":\"https:\/\/www.egon.com\/zh\/\",\"name\":\"Egon\",\"description\":\"Normalizzazione indirizzi - Address validation - Egon.com\",\"potentialAction\":[{\"@type\":\"SearchAction\",\"target\":{\"@type\":\"EntryPoint\",\"urlTemplate\":\"https:\/\/www.egon.com\/zh\/?s={search_term_string}\"},\"query-input\":{\"@type\":\"PropertyValueSpecification\",\"valueRequired\":true,\"valueName\":\"search_term_string\"}}],\"inLanguage\":\"hu\"}]}<\/script>\n<!-- \/ Yoast SEO plugin. -->","yoast_head_json":{"title":"Hib\u00e1s vagy nem teljes c\u00edmek szabv\u00e1nyos\u00edt\u00e1sa - Egon.com","description":"Egon egy olyan szoftver csomag, mely automatiz\u00e1lja a vil\u00e1g t\u00f6bb mint 250 orsz\u00e1g\u00e1b\u00f3l \u00e9rkez\u0151 hib\u00e1s c\u00edmeket, kieg\u00e9sz\u00edtve azokat, ha hi\u00e1nyoss\u00e1got \u00e9szlel.","robots":{"index":"index","follow":"follow","max-snippet":"max-snippet:-1","max-image-preview":"max-image-preview:large","max-video-preview":"max-video-preview:-1"},"canonical":"https:\/\/www.egon.com\/hu\/megoldasok\/cimek-szabvanyositasa","og_locale":"hu_HU","og_type":"article","og_title":"Hib\u00e1s vagy nem teljes c\u00edmek szabv\u00e1nyos\u00edt\u00e1sa - Egon.com","og_description":"Egon egy olyan szoftver csomag, mely automatiz\u00e1lja a vil\u00e1g t\u00f6bb mint 250 orsz\u00e1g\u00e1b\u00f3l \u00e9rkez\u0151 hib\u00e1s c\u00edmeket, kieg\u00e9sz\u00edtve azokat, ha hi\u00e1nyoss\u00e1got \u00e9szlel.","og_url":"https:\/\/www.egon.com\/hu\/megoldasok\/cimek-szabvanyositasa","og_site_name":"Egon","article_modified_time":"2022-10-17T09:49:27+00:00","twitter_card":"summary_large_image","twitter_misc":{"Becs\u00fclt olvas\u00e1si id\u0151":"3 perc"},"schema":{"@context":"https:\/\/schema.org","@graph":[{"@type":"WebPage","@id":"https:\/\/www.egon.com\/hu\/megoldasok\/cimek-szabvanyositasa","url":"https:\/\/www.egon.com\/hu\/megoldasok\/cimek-szabvanyositasa","name":"Hib\u00e1s vagy nem teljes c\u00edmek szabv\u00e1nyos\u00edt\u00e1sa - Egon.com","isPartOf":{"@id":"https:\/\/www.egon.com\/zh\/#website"},"datePublished":"2017-09-19T12:00:42+00:00","dateModified":"2022-10-17T09:49:27+00:00","description":"Egon egy olyan szoftver csomag, mely automatiz\u00e1lja a vil\u00e1g t\u00f6bb mint 250 orsz\u00e1g\u00e1b\u00f3l \u00e9rkez\u0151 hib\u00e1s c\u00edmeket, kieg\u00e9sz\u00edtve azokat, ha hi\u00e1nyoss\u00e1got \u00e9szlel.","breadcrumb":{"@id":"https:\/\/www.egon.com\/hu\/megoldasok\/cimek-szabvanyositasa#breadcrumb"},"inLanguage":"hu","potentialAction":[{"@type":"ReadAction","target":["https:\/\/www.egon.com\/hu\/megoldasok\/cimek-szabvanyositasa"]}]},{"@type":"BreadcrumbList","@id":"https:\/\/www.egon.com\/hu\/megoldasok\/cimek-szabvanyositasa#breadcrumb","itemListElement":[{"@type":"ListItem","position":1,"name":"Home","item":"https:\/\/www.egon.com\/hu"},{"@type":"ListItem","position":2,"name":"MEGOLD\u00c1SOK","item":"https:\/\/www.egon.com\/hu\/megoldasok"},{"@type":"ListItem","position":3,"name":"Eur\u00f3pai \u00e9s nemzetk\u00f6zi Postai c\u00edmhiteles\u00edt\u00e9si eszk\u00f6z"}]},{"@type":"WebSite","@id":"https:\/\/www.egon.com\/zh\/#website","url":"https:\/\/www.egon.com\/zh\/","name":"Egon","description":"Normalizzazione indirizzi - Address validation - Egon.com","potentialAction":[{"@type":"SearchAction","target":{"@type":"EntryPoint","urlTemplate":"https:\/\/www.egon.com\/zh\/?s={search_term_string}"},"query-input":{"@type":"PropertyValueSpecification","valueRequired":true,"valueName":"search_term_string"}}],"inLanguage":"hu"}]}},"_links":{"self":[{"href":"https:\/\/www.egon.com\/hu\/wp-json\/wp\/v2\/pages\/8052","targetHints":{"allow":["GET"]}}],"collection":[{"href":"https:\/\/www.egon.com\/hu\/wp-json\/wp\/v2\/pages"}],"about":[{"href":"https:\/\/www.egon.com\/hu\/wp-json\/wp\/v2\/types\/page"}],"author":[{"embeddable":true,"href":"https:\/\/www.egon.com\/hu\/wp-json\/wp\/v2\/users\/1"}],"replies":[{"embeddable":true,"href":"https:\/\/www.egon.com\/hu\/wp-json\/wp\/v2\/comments?post=8052"}],"version-history":[{"count":2,"href":"https:\/\/www.egon.com\/hu\/wp-json\/wp\/v2\/pages\/8052\/revisions"}],"predecessor-version":[{"id":19520,"href":"https:\/\/www.egon.com\/hu\/wp-json\/wp\/v2\/pages\/8052\/revisions\/19520"}],"up":[{"embeddable":true,"href":"https:\/\/www.egon.com\/hu\/wp-json\/wp\/v2\/pages\/8040"}],"wp:attachment":[{"href":"https:\/\/www.egon.com\/hu\/wp-json\/wp\/v2\/media?parent=8052"}],"curies":[{"name":"wp","href":"https:\/\/api.w.org\/{rel}","templated":true}]}}