{"id":17114,"date":"2019-04-19T08:49:57","date_gmt":"2019-04-19T08:49:57","guid":{"rendered":"https:\/\/www.egon.com\/?page_id=17114"},"modified":"2019-04-19T11:38:39","modified_gmt":"2019-04-19T11:38:39","slug":"a-piac","status":"publish","type":"page","link":"https:\/\/www.egon.com\/hu\/vallalkozas\/a-piac","title":{"rendered":"A piac"},"content":{"rendered":"<p>Minden szem\u00e9lyes adatb\u00e1zissal rendelkez\u0151 c\u00e9gnek \u00e9s szervezetnek sz\u00fcks\u00e9ge van az inform\u00e1ci\u00f3kat tan\u00fas\u00edt\u00f3 \u00e9s szabv\u00e1nyos\u00edt\u00f3 eszk\u00f6zre.<\/p>\n<h3>ESZK\u00d6Z\u00d6K<\/h3>\n<p>Megold\u00e1saink az al\u00e1bbi ter\u00fcleteken haszn\u00e1lhat\u00f3k: \u00dcgyf\u00e9l adatb\u00e1zis kezel\u00e9s, marketing, CRM, adatt\u00e1rol\u00e1s, geomarketing, levelez\u0151 lista kezel\u00e9s, kamp\u00e1ny kezel\u00e9s, viszontelad\u00f3i h\u00e1l\u00f3zat kezel\u00e9se, felhaszn\u00e1l\u00f3k kezel\u00e9se, vev\u0151szolg\u00e1lat, hibabejelent\u0151 szolg\u00e1lat, ter\u00fcletigazgat\u00e1s.<\/p>\n<h3>BANKOK<\/h3>\n<p>Megold\u00e1saink az al\u00e1bbi ter\u00fcleteken haszn\u00e1lhat\u00f3k: munkak\u00f6zvet\u00edt\u0151 hivatal, marketing, CRM, adatt\u00e1rol\u00e1s, geomarketing, levelez\u0151 lista kezel\u00e9s, viszontelad\u00f3i h\u00e1l\u00f3zat kezel\u00e9se (le\u00e1nyv\u00e1llalatok), utal\u00e1sok, kereskedelmi portf\u00f3li\u00f3, offshore, bankkivonatok, kock\u00e1zatkezel\u00e9s, \u00fcgyf\u00e9lszolg\u00e1lat, home banking, online keresked\u00e9s.<\/p>\n<h3>BIZTOS\u00cdT\u00c1S<\/h3>\n<p>Megold\u00e1saink az al\u00e1bbi ter\u00fcleteken haszn\u00e1lhat\u00f3k: munkak\u00f6zvet\u00edt\u0151 hivatalok, marketing, CRM, adatt\u00e1rol\u00e1s, geomarketing, levelez\u0151 lista kezel\u00e9s, viszontelad\u00f3i h\u00e1l\u00f3zat kezel\u00e9se (\u00fcgyn\u00f6k\u00f6k), p\u00e9nz\u00fcgyi tan\u00e1csad\u00f3k kezel\u00e9se, \u00e9letbiztos\u00edt\u00e1si portf\u00f3li\u00f3, nem \u00e9letbiztos\u00edt\u00e1si portf\u00f3li\u00f3, k\u00f6vetel\u00e9sek, kock\u00e1zatkezel\u00e9s, \u00fcgyf\u00e9lszolg\u00e1lat, online biztos\u00edt\u00e1s.<\/p>\n<h3>P\u00c9NZ\u00dcGY<\/h3>\n<p>Megold\u00e1saink az al\u00e1bbi ter\u00fcleteken haszn\u00e1lhat\u00f3k: munkak\u00f6zvet\u00edt\u0151 hivatalok, marketing, CRM, adatt\u00e1rol\u00e1s, geomarketing, levelez\u0151 lista kezel\u00e9s, p\u00e9nz\u00fcgyi tan\u00e1csad\u00f3k kezel\u00e9se, butik beruh\u00e1z\u00e1si bank kezel\u00e9se, kock\u00e1zatkezel\u00e9s, \u00fcgyf\u00e9lszolg\u00e1lat, Webes szolg\u00e1ltat\u00e1sok, on-line keresked\u00e9s.<\/p>\n<h3>NAGYKERESKEDELEM<\/h3>\n<p>Megold\u00e1saink az al\u00e1bbi ter\u00fcleteken haszn\u00e1lhat\u00f3k: \u00fcgyf\u00e9l adatb\u00e1zis kezel\u00e9s, levelez\u0151 lista kezel\u00e9s, marketing, CRM, adatt\u00e1rol\u00e1s, geomarketing, \u00e9rt\u00e9kes\u00edt\u00e9si helyek kezel\u00e9se, h\u0171s\u00e9gk\u00e1rty\u00e1k\/\u00e1ruh\u00e1zi k\u00e1rty\u00e1k kezel\u00e9se, pontgy\u0171jt\u00e9s kezel\u00e9se. <\/p>\n<h3>IPAR<\/h3>\n<p>Megold\u00e1saink az al\u00e1bbi ter\u00fcleteken haszn\u00e1lhat\u00f3k: \u00fcgyf\u00e9l adatb\u00e1zis kezel\u00e9s, levelez\u0151 lista kezel\u00e9s, marketing, CRM, adatt\u00e1rol\u00e1s, geomarketing, viszontelad\u00f3i h\u00e1l\u00f3zat (nagykeresked\u0151k \u00e9s\/vagy kiskeresked\u0151k) kezel\u00e9se, garanci\u00e1k kezel\u00e9se.<\/p>\n<h3>G\u00c9PJ\u00c1RM\u0170IPAR<\/h3>\n<p>Megold\u00e1saink az al\u00e1bbi ter\u00fcleteken haszn\u00e1lhat\u00f3k: CIDB kezel\u00e9s, levelez\u0151 lista kezel\u00e9s, marketing, CRM, adatt\u00e1rol\u00e1s, geomarketing, m\u00e1rkakeresked\u0151k kezel\u00e9se, Legacy, garanci\u00e1k kezel\u00e9se.<\/p>\n<h3>K\u00d6ZIGAZGAT\u00c1S<\/h3>\n<p>Megold\u00e1saink az al\u00e1bbi ter\u00fcleteken haszn\u00e1lhat\u00f3k: adatmin\u0151s\u00e9g, c\u00edmek kezel\u00e9se, bejegyz\u00e9sek kezel\u00e9se, adatt\u00e1rol\u00e1s, kapcsol\u00f3d\u00f3 szervezetek kezel\u00e9se, statisztika, eg\u00e9szs\u00e9g\u00fcgy, sz\u00e1ll\u00edt\u00e1s, helyi ad\u00f3k, ad\u00f3beszed\u00e9s, ingatlan-nyilv\u00e1ntart\u00e1s, \u00e1llampolg\u00e1ri szolg\u00e1ltat\u00e1sok, oktat\u00e1s, biztons\u00e1g.<\/p>\n<h3>T\u00c1VK\u00d6ZL\u00c9S <\/h3>\n<p>Megold\u00e1saink az al\u00e1bbi ter\u00fcleteken haszn\u00e1lhat\u00f3k: \u00fcgyf\u00e9l adatb\u00e1zis kezel\u00e9s, marketing, CRM, adatt\u00e1rol\u00e1s, geomarketing, levelez\u0151 lista kezel\u00e9s, kamp\u00e1nyok kezel\u00e9se, viszontelad\u00f3i h\u00e1l\u00f3zat kezel\u00e9se (nagykeresked\u0151k\/kiskeresked\u0151k), el\u0151fizet\u00e9sek, vev\u0151szolg\u00e1lat, hibabejelent\u00e9s.<\/p>\n<h3>KIAD\u00c1S<\/h3>\n<p>Megold\u00e1saink az al\u00e1bbi ter\u00fcleteken haszn\u00e1lhat\u00f3k: \u00fcgyf\u00e9l adatb\u00e1zis kezel\u00e9s, marketing, direkt marketing, CRM, adatt\u00e1rol\u00e1s, geomarketing, levelez\u0151 lista kezel\u00e9s, kamp\u00e1nyok kezel\u00e9se, viszontelad\u00f3i h\u00e1l\u00f3zat kezel\u00e9se (nagykeresked\u0151k\/kiskeresked\u0151k), el\u0151fizet\u00e9sek, ERP, kipost\u00e1z\u00e1s.<\/p>\n<h3>SZ\u00d6VETS\u00c9GEK<\/h3>\n<p>Megold\u00e1saink az al\u00e1bbi ter\u00fcleteken haszn\u00e1lhat\u00f3k: tagi adatb\u00e1zis kezel\u00e9s, levelez\u0151 lista kezel\u00e9s, marketing, CRM, adatt\u00e1rol\u00e1s, geomarketing, tagd\u00edjbefizet\u00e9sek kezel\u00e9se, kamp\u00e1nyok kezel\u00e9se, kipost\u00e1z\u00e1s.<\/p>\n<h3>T\u00c1V\u00c9RT\u00c9KES\u00cdT\u00c9S<\/h3>\n<p>Megold\u00e1saink az al\u00e1bbi ter\u00fcleteken haszn\u00e1lhat\u00f3k: \u00fcgyf\u00e9l adatb\u00e1zis kezel\u00e9s, levelez\u0151 lista kezel\u00e9s, marketing, CRM, adatt\u00e1rol\u00e1s, geomarketing, kamp\u00e1nyok kezel\u00e9se, kipost\u00e1z\u00e1s.<\/p>\n<h3>SZOLG\u00c1LTAT\u00c1SOK<\/h3>\n<p>Megold\u00e1saink az al\u00e1bbi ter\u00fcleteken haszn\u00e1lhat\u00f3k: \u00fcgyf\u00e9l adatb\u00e1zis kezel\u00e9s, marketing, direkt marketing, CRM, adatt\u00e1rol\u00e1s, geomarketing, levelez\u0151 lista kezel\u00e9s, kamp\u00e1nyok kezel\u00e9se, viszontelad\u00f3i h\u00e1l\u00f3zat kezel\u00e9se, web szolg\u00e1ltat\u00e1sok, kock\u00e1zatellen\u0151rz\u00e9s, adatmin\u0151s\u00e9g ellen\u0151rz\u00e9s.<\/p>\n","protected":false},"excerpt":{"rendered":"<p>Minden szem\u00e9lyes adatb\u00e1zissal rendelkez\u0151 c\u00e9gnek \u00e9s szervezetnek sz\u00fcks\u00e9ge van az inform\u00e1ci\u00f3kat tan\u00fas\u00edt\u00f3 \u00e9s szabv\u00e1nyos\u00edt\u00f3 eszk\u00f6zre. ESZK\u00d6Z\u00d6K Megold\u00e1saink az al\u00e1bbi ter\u00fcleteken haszn\u00e1lhat\u00f3k: \u00dcgyf\u00e9l [&hellip;]<\/p>\n","protected":false},"author":1,"featured_media":0,"parent":8269,"menu_order":0,"comment_status":"closed","ping_status":"closed","template":"","meta":{"footnotes":""},"class_list":["post-17114","page","type-page","status-publish","hentry"],"yoast_head":"<!-- This site is optimized with the Yoast SEO plugin v26.8 - https:\/\/yoast.com\/product\/yoast-seo-wordpress\/ -->\n<title>A piac - Egon<\/title>\n<meta name=\"robots\" content=\"index, follow, max-snippet:-1, max-image-preview:large, max-video-preview:-1\" \/>\n<link rel=\"canonical\" href=\"https:\/\/www.egon.com\/hu\/vallalkozas\/a-piac\" \/>\n<meta property=\"og:locale\" content=\"hu_HU\" \/>\n<meta property=\"og:type\" content=\"article\" \/>\n<meta property=\"og:title\" content=\"A piac - Egon\" \/>\n<meta property=\"og:description\" content=\"Minden szem\u00e9lyes adatb\u00e1zissal rendelkez\u0151 c\u00e9gnek \u00e9s szervezetnek sz\u00fcks\u00e9ge van az inform\u00e1ci\u00f3kat tan\u00fas\u00edt\u00f3 \u00e9s szabv\u00e1nyos\u00edt\u00f3 eszk\u00f6zre. ESZK\u00d6Z\u00d6K Megold\u00e1saink az al\u00e1bbi ter\u00fcleteken haszn\u00e1lhat\u00f3k: \u00dcgyf\u00e9l [&hellip;]\" \/>\n<meta property=\"og:url\" content=\"https:\/\/www.egon.com\/hu\/vallalkozas\/a-piac\" \/>\n<meta property=\"og:site_name\" content=\"Egon\" \/>\n<meta property=\"article:modified_time\" content=\"2019-04-19T11:38:39+00:00\" \/>\n<meta name=\"twitter:card\" content=\"summary_large_image\" \/>\n<meta name=\"twitter:label1\" content=\"Becs\u00fclt olvas\u00e1si id\u0151\" \/>\n\t<meta name=\"twitter:data1\" content=\"3 perc\" \/>\n<script type=\"application\/ld+json\" class=\"yoast-schema-graph\">{\"@context\":\"https:\/\/schema.org\",\"@graph\":[{\"@type\":\"WebPage\",\"@id\":\"https:\/\/www.egon.com\/hu\/vallalkozas\/a-piac\",\"url\":\"https:\/\/www.egon.com\/hu\/vallalkozas\/a-piac\",\"name\":\"A piac - Egon\",\"isPartOf\":{\"@id\":\"https:\/\/www.egon.com\/zh\/#website\"},\"datePublished\":\"2019-04-19T08:49:57+00:00\",\"dateModified\":\"2019-04-19T11:38:39+00:00\",\"breadcrumb\":{\"@id\":\"https:\/\/www.egon.com\/hu\/vallalkozas\/a-piac#breadcrumb\"},\"inLanguage\":\"hu\",\"potentialAction\":[{\"@type\":\"ReadAction\",\"target\":[\"https:\/\/www.egon.com\/hu\/vallalkozas\/a-piac\"]}]},{\"@type\":\"BreadcrumbList\",\"@id\":\"https:\/\/www.egon.com\/hu\/vallalkozas\/a-piac#breadcrumb\",\"itemListElement\":[{\"@type\":\"ListItem\",\"position\":1,\"name\":\"Home\",\"item\":\"https:\/\/www.egon.com\/hu\"},{\"@type\":\"ListItem\",\"position\":2,\"name\":\"Company\",\"item\":\"https:\/\/www.egon.com\/hu\/vallalkozas\"},{\"@type\":\"ListItem\",\"position\":3,\"name\":\"A piac\"}]},{\"@type\":\"WebSite\",\"@id\":\"https:\/\/www.egon.com\/zh\/#website\",\"url\":\"https:\/\/www.egon.com\/zh\/\",\"name\":\"Egon\",\"description\":\"Normalizzazione indirizzi - Address validation - Egon.com\",\"potentialAction\":[{\"@type\":\"SearchAction\",\"target\":{\"@type\":\"EntryPoint\",\"urlTemplate\":\"https:\/\/www.egon.com\/zh\/?s={search_term_string}\"},\"query-input\":{\"@type\":\"PropertyValueSpecification\",\"valueRequired\":true,\"valueName\":\"search_term_string\"}}],\"inLanguage\":\"hu\"}]}<\/script>\n<!-- \/ Yoast SEO plugin. -->","yoast_head_json":{"title":"A piac - Egon","robots":{"index":"index","follow":"follow","max-snippet":"max-snippet:-1","max-image-preview":"max-image-preview:large","max-video-preview":"max-video-preview:-1"},"canonical":"https:\/\/www.egon.com\/hu\/vallalkozas\/a-piac","og_locale":"hu_HU","og_type":"article","og_title":"A piac - Egon","og_description":"Minden szem\u00e9lyes adatb\u00e1zissal rendelkez\u0151 c\u00e9gnek \u00e9s szervezetnek sz\u00fcks\u00e9ge van az inform\u00e1ci\u00f3kat tan\u00fas\u00edt\u00f3 \u00e9s szabv\u00e1nyos\u00edt\u00f3 eszk\u00f6zre. ESZK\u00d6Z\u00d6K Megold\u00e1saink az al\u00e1bbi ter\u00fcleteken haszn\u00e1lhat\u00f3k: \u00dcgyf\u00e9l [&hellip;]","og_url":"https:\/\/www.egon.com\/hu\/vallalkozas\/a-piac","og_site_name":"Egon","article_modified_time":"2019-04-19T11:38:39+00:00","twitter_card":"summary_large_image","twitter_misc":{"Becs\u00fclt olvas\u00e1si id\u0151":"3 perc"},"schema":{"@context":"https:\/\/schema.org","@graph":[{"@type":"WebPage","@id":"https:\/\/www.egon.com\/hu\/vallalkozas\/a-piac","url":"https:\/\/www.egon.com\/hu\/vallalkozas\/a-piac","name":"A piac - Egon","isPartOf":{"@id":"https:\/\/www.egon.com\/zh\/#website"},"datePublished":"2019-04-19T08:49:57+00:00","dateModified":"2019-04-19T11:38:39+00:00","breadcrumb":{"@id":"https:\/\/www.egon.com\/hu\/vallalkozas\/a-piac#breadcrumb"},"inLanguage":"hu","potentialAction":[{"@type":"ReadAction","target":["https:\/\/www.egon.com\/hu\/vallalkozas\/a-piac"]}]},{"@type":"BreadcrumbList","@id":"https:\/\/www.egon.com\/hu\/vallalkozas\/a-piac#breadcrumb","itemListElement":[{"@type":"ListItem","position":1,"name":"Home","item":"https:\/\/www.egon.com\/hu"},{"@type":"ListItem","position":2,"name":"Company","item":"https:\/\/www.egon.com\/hu\/vallalkozas"},{"@type":"ListItem","position":3,"name":"A piac"}]},{"@type":"WebSite","@id":"https:\/\/www.egon.com\/zh\/#website","url":"https:\/\/www.egon.com\/zh\/","name":"Egon","description":"Normalizzazione indirizzi - Address validation - Egon.com","potentialAction":[{"@type":"SearchAction","target":{"@type":"EntryPoint","urlTemplate":"https:\/\/www.egon.com\/zh\/?s={search_term_string}"},"query-input":{"@type":"PropertyValueSpecification","valueRequired":true,"valueName":"search_term_string"}}],"inLanguage":"hu"}]}},"_links":{"self":[{"href":"https:\/\/www.egon.com\/hu\/wp-json\/wp\/v2\/pages\/17114","targetHints":{"allow":["GET"]}}],"collection":[{"href":"https:\/\/www.egon.com\/hu\/wp-json\/wp\/v2\/pages"}],"about":[{"href":"https:\/\/www.egon.com\/hu\/wp-json\/wp\/v2\/types\/page"}],"author":[{"embeddable":true,"href":"https:\/\/www.egon.com\/hu\/wp-json\/wp\/v2\/users\/1"}],"replies":[{"embeddable":true,"href":"https:\/\/www.egon.com\/hu\/wp-json\/wp\/v2\/comments?post=17114"}],"version-history":[{"count":0,"href":"https:\/\/www.egon.com\/hu\/wp-json\/wp\/v2\/pages\/17114\/revisions"}],"up":[{"embeddable":true,"href":"https:\/\/www.egon.com\/hu\/wp-json\/wp\/v2\/pages\/8269"}],"wp:attachment":[{"href":"https:\/\/www.egon.com\/hu\/wp-json\/wp\/v2\/media?parent=17114"}],"curies":[{"name":"wp","href":"https:\/\/api.w.org\/{rel}","templated":true}]}}