{"id":9724,"date":"2017-12-20T11:14:56","date_gmt":"2017-12-20T11:14:56","guid":{"rendered":"https:\/\/www.egon.com?page_id=9724"},"modified":"2021-05-11T08:19:37","modified_gmt":"2021-05-11T08:19:37","slug":"validation-des-donnees-anacredit-selon-dispositions-bce","status":"publish","type":"page","link":"https:\/\/www.egon.com\/fr\/applications\/validation-des-donnees-anacredit-selon-dispositions-bce","title":{"rendered":"VALIDATION DES DONN\u00c9ES ANACREDIT SELON DISPOSITIONS BCE"},"content":{"rendered":"<p>EGON pour AnaCredit est le service novateur destin\u00e9 aux instituts de cr\u00e9dit qui devront communiquer \u00e0 la Banque centrale europ\u00e9enne (BCE) les informations demand\u00e9es par la r\u00e9cente directive sur la collecte des donn\u00e9es granulaires concernant le cr\u00e9dit et le risque de cr\u00e9dit (BCE\/2016\/13). Avec Egon, il est possible de v\u00e9rifier les donn\u00e9es et les traduire sous le format pr\u00e9vu par AnaCredit de fa\u00e7on simple, rapide et pr\u00e9cise. Apprenez-en davantage\u00a0!<\/p>\n<p><a href=\"https:\/\/www.egon.com\/wp-content\/uploads\/2017\/12\/EGONpourrAnaCredit_fra_LEI.pdf\"><a class=\"c-button c-button--primary\" href=\"https:\/\/www.egon.com\/wp-content\/uploads\/2017\/12\/EGONpourrAnaCredit_fra_LEI.pdf\">T\u00e9l\u00e9chargez le PDF d\u00e9taill\u00e9 avec les informations d\u2019Egon pour AnaCredit<\/a><\/a><\/p>\n<p><img loading=\"lazy\" decoding=\"async\" class=\"alignnone wp-image-9601 size-full\" src=\"https:\/\/www.egon.com\/wp-content\/uploads\/2017\/11\/anacredit.jpg\" alt=\"\" width=\"849\" height=\"566\" srcset=\"https:\/\/www.egon.com\/wp-content\/uploads\/2017\/11\/anacredit.jpg 849w, https:\/\/www.egon.com\/wp-content\/uploads\/2017\/11\/anacredit-400x267.jpg 400w, https:\/\/www.egon.com\/wp-content\/uploads\/2017\/11\/anacredit-768x512.jpg 768w\" sizes=\"auto, (max-width: 849px) 100vw, 849px\" \/><\/p>\n<p>Les instituts de cr\u00e9dit et les banques enregistr\u00e9es \u00e0 l\u2019int\u00e9rieur de l&rsquo;Union europ\u00e9enne devront fournir \u00e0 la BCE les donn\u00e9es personnelles relatives aux pr\u00eats aux entreprises (et autres entit\u00e9s juridiques).\u00a0 Les nouvelles informations alimenteront une archive europ\u00e9enne des cr\u00e9dits et du risque de cr\u00e9dit qui sera g\u00e9r\u00e9 par la BCE et utilis\u00e9 afin de satisfaire aux exigences d\u2019informations du syst\u00e8me europ\u00e9en des banques centrales en ce qui concerne la politique mon\u00e9taire et la surveillance microprudentielle.<\/p>\n<h2>LES FONCTIONNALIT\u00c9S EGON POUR ANACREDIT POUR LA GESTION DES DONN\u00c9ES<\/h2>\n<p>EGON fournit des instruments sp\u00e9cifiques aidant les banques qui devront communiquer \u00e0 la BCE ces informations de fa\u00e7on non ambigu\u00eb, et codifi\u00e9e selon les standards europ\u00e9ens pr\u00e9\u00e9tablis. Gr\u00e2ce \u00e0 EGON, il sera possible de g\u00e9rer certaines des informations principales demand\u00e9es par la BCE par le biais de services web service (REST ou SOAP), sur le Cloud ou sur site (que ce soit en environnement d\u00e9centralis\u00e9 ou sur ordinateur central). En particulier EGON pour AnaCredit est en mesure de g\u00e9rer et standardiser les informations suivantes\u00a0:<\/p>\n<p>1) Adresses avec attribution de code NUTS<\/p>\n<p>L\u2019adresse devra \u00eatre fournie selon une structure d\u00e9finie.<\/p>\n<p>EGON permet de valider toute adresse europ\u00e9enne et d\u2019attribuer un code NUTS\u00a03.<\/p>\n<p>2) Identifiant national<\/p>\n<p>L\u2019identifiant national est un code d\u2019identification nationale qui identifie sans ambigu\u00eft\u00e9 un sujet physique ou juridique et sa composition est diff\u00e9rente pour chaque pays.<\/p>\n<p>EGON permet de valider tous les identifiants nationaux en appliquant des logiques et des algorithmes sp\u00e9cifiques \u00e0 chaque pays.<\/p>\n<p>3) Forme juridique<\/p>\n<p>Chaque forme juridique est classifi\u00e9e sur la base d\u2019un code sans ambigu\u00eft\u00e9 au niveau europ\u00e9en, conform\u00e9ment \u00e0 ce qui est pr\u00e9vu par la BCE.<\/p>\n<p>EGON permet de reconna\u00eetre la forme juridique \u00e0 partir de la raison sociale et est en mesure d\u2019attribuer la codification europ\u00e9enne correspondante.<\/p>\n<p>4) LEI (identifiant entit\u00e9 juridique)<\/p>\n<p>Le code LEI (identifiant entit\u00e9 juridique) est un code d\u2019identification sans ambigu\u00eft\u00e9 et mondial, attribu\u00e9 aux entit\u00e9s op\u00e9rant sur les march\u00e9s financiers.<\/p>\n<p>EGON permet de r\u00e9cup\u00e9rer le code LEI \u00e0 partir d\u2019une raison sociale, m\u00eame si celle-ci appara\u00eet diff\u00e9remment dans les archives mises \u00e0 disposition par la GLEIF.<\/p>\n<p>5) Classification des activit\u00e9s \u00e9conomiques<\/p>\n<p>La transmission des informations relatives \u00e0 la classification des activit\u00e9s \u00e9conomiques devra se faire selon la norme NACE r\u00e9v.2. EGON est en mesure de g\u00e9rer les classifications propres \u00e0 chaque pays, en les transposant dans la classification NACE.<\/p>\n<p>EGON valide, corrige et r\u00e9organise les donn\u00e9es pr\u00e9sentant un int\u00e9r\u00eat pour chacun des 28 pays membres de l\u2019Union europ\u00e9enne. La mise \u00e0 jour permanente des bases de donn\u00e9es et la qualit\u00e9 des technologies utilis\u00e9es garantissent des r\u00e9sultats \u00e0 la hauteur des attentes \u00e0 tous points de vue. \u00c0 ce jour, EGON se pr\u00e9sente comme un ensemble complet, id\u00e9al pour des op\u00e9rations massives ou en temps r\u00e9el li\u00e9es \u00e0 la r\u00e9glementation AnaCredit.<\/p>\n<p>&nbsp;<\/p>\n<p><a href=\"https:\/\/www.egon.com\/fr\/egon-demo\"><a class=\"c-button c-button--primary\" href=\"https:\/\/www.egon.com\/fr\/egon-demo\">Essayez imm\u00e9diatement et sans engagement la d\u00e9monstration gratuite d\u2019Egon pour AnaCredit<\/a><\/a><\/p>\n","protected":false},"excerpt":{"rendered":"<p>EGON pour AnaCredit est le service novateur destin\u00e9 aux instituts de cr\u00e9dit qui devront communiquer \u00e0 la Banque centrale europ\u00e9enne (BCE) les [&hellip;]<\/p>\n","protected":false},"author":6,"featured_media":0,"parent":8104,"menu_order":0,"comment_status":"closed","ping_status":"closed","template":"","meta":{"footnotes":""},"class_list":["post-9724","page","type-page","status-publish","hentry"],"yoast_head":"<!-- This site is optimized with the Yoast SEO plugin v26.8 - https:\/\/yoast.com\/product\/yoast-seo-wordpress\/ -->\n<title>Egon pour AnaCredit, le logiciel destin\u00e9 aux banques<\/title>\n<meta name=\"description\" content=\"Avec le logiciel Egon pour AnaCredit, il sera possible de v\u00e9rifier, valider et traduire en format correct les donn\u00e9es demand\u00e9es par la BCE.\" \/>\n<meta name=\"robots\" content=\"index, follow, max-snippet:-1, max-image-preview:large, max-video-preview:-1\" \/>\n<link rel=\"canonical\" href=\"https:\/\/www.egon.com\/fr\/applications\/validation-des-donnees-anacredit-selon-dispositions-bce\" \/>\n<meta property=\"og:locale\" content=\"fr_FR\" \/>\n<meta property=\"og:type\" content=\"article\" \/>\n<meta property=\"og:title\" content=\"Egon pour AnaCredit, le logiciel destin\u00e9 aux banques\" \/>\n<meta property=\"og:description\" content=\"Avec le logiciel Egon pour AnaCredit, il sera possible de v\u00e9rifier, valider et traduire en format correct les donn\u00e9es demand\u00e9es par la BCE.\" \/>\n<meta property=\"og:url\" content=\"https:\/\/www.egon.com\/fr\/applications\/validation-des-donnees-anacredit-selon-dispositions-bce\" \/>\n<meta property=\"og:site_name\" content=\"Egon\" \/>\n<meta property=\"article:modified_time\" content=\"2021-05-11T08:19:37+00:00\" \/>\n<meta property=\"og:image\" content=\"https:\/\/www.egon.com\/wp-content\/uploads\/2017\/11\/anacredit.jpg\" \/>\n<meta name=\"twitter:card\" content=\"summary_large_image\" \/>\n<meta name=\"twitter:label1\" content=\"Dur\u00e9e de lecture estim\u00e9e\" \/>\n\t<meta name=\"twitter:data1\" content=\"3 minutes\" \/>\n<script type=\"application\/ld+json\" class=\"yoast-schema-graph\">{\"@context\":\"https:\/\/schema.org\",\"@graph\":[{\"@type\":\"WebPage\",\"@id\":\"https:\/\/www.egon.com\/fr\/applications\/validation-des-donnees-anacredit-selon-dispositions-bce\",\"url\":\"https:\/\/www.egon.com\/fr\/applications\/validation-des-donnees-anacredit-selon-dispositions-bce\",\"name\":\"Egon pour AnaCredit, le logiciel destin\u00e9 aux banques\",\"isPartOf\":{\"@id\":\"https:\/\/www.egon.com\/zh\/#website\"},\"primaryImageOfPage\":{\"@id\":\"https:\/\/www.egon.com\/fr\/applications\/validation-des-donnees-anacredit-selon-dispositions-bce#primaryimage\"},\"image\":{\"@id\":\"https:\/\/www.egon.com\/fr\/applications\/validation-des-donnees-anacredit-selon-dispositions-bce#primaryimage\"},\"thumbnailUrl\":\"https:\/\/www.egon.com\/wp-content\/uploads\/2017\/11\/anacredit.jpg\",\"datePublished\":\"2017-12-20T11:14:56+00:00\",\"dateModified\":\"2021-05-11T08:19:37+00:00\",\"description\":\"Avec le logiciel Egon pour AnaCredit, il sera possible de v\u00e9rifier, valider et traduire en format correct les donn\u00e9es demand\u00e9es par la BCE.\",\"breadcrumb\":{\"@id\":\"https:\/\/www.egon.com\/fr\/applications\/validation-des-donnees-anacredit-selon-dispositions-bce#breadcrumb\"},\"inLanguage\":\"fr-FR\",\"potentialAction\":[{\"@type\":\"ReadAction\",\"target\":[\"https:\/\/www.egon.com\/fr\/applications\/validation-des-donnees-anacredit-selon-dispositions-bce\"]}]},{\"@type\":\"ImageObject\",\"inLanguage\":\"fr-FR\",\"@id\":\"https:\/\/www.egon.com\/fr\/applications\/validation-des-donnees-anacredit-selon-dispositions-bce#primaryimage\",\"url\":\"https:\/\/www.egon.com\/wp-content\/uploads\/2017\/11\/anacredit.jpg\",\"contentUrl\":\"https:\/\/www.egon.com\/wp-content\/uploads\/2017\/11\/anacredit.jpg\"},{\"@type\":\"BreadcrumbList\",\"@id\":\"https:\/\/www.egon.com\/fr\/applications\/validation-des-donnees-anacredit-selon-dispositions-bce#breadcrumb\",\"itemListElement\":[{\"@type\":\"ListItem\",\"position\":1,\"name\":\"Home\",\"item\":\"https:\/\/www.egon.com\/fr\"},{\"@type\":\"ListItem\",\"position\":2,\"name\":\"Applications\",\"item\":\"https:\/\/www.egon.com\/fr\/applications\"},{\"@type\":\"ListItem\",\"position\":3,\"name\":\"VALIDATION DES DONN\u00c9ES ANACREDIT SELON DISPOSITIONS BCE\"}]},{\"@type\":\"WebSite\",\"@id\":\"https:\/\/www.egon.com\/zh\/#website\",\"url\":\"https:\/\/www.egon.com\/zh\/\",\"name\":\"Egon\",\"description\":\"Normalizzazione indirizzi - Address validation - Egon.com\",\"potentialAction\":[{\"@type\":\"SearchAction\",\"target\":{\"@type\":\"EntryPoint\",\"urlTemplate\":\"https:\/\/www.egon.com\/zh\/?s={search_term_string}\"},\"query-input\":{\"@type\":\"PropertyValueSpecification\",\"valueRequired\":true,\"valueName\":\"search_term_string\"}}],\"inLanguage\":\"fr-FR\"}]}<\/script>\n<!-- \/ Yoast SEO plugin. -->","yoast_head_json":{"title":"Egon pour AnaCredit, le logiciel destin\u00e9 aux banques","description":"Avec le logiciel Egon pour AnaCredit, il sera possible de v\u00e9rifier, valider et traduire en format correct les donn\u00e9es demand\u00e9es par la BCE.","robots":{"index":"index","follow":"follow","max-snippet":"max-snippet:-1","max-image-preview":"max-image-preview:large","max-video-preview":"max-video-preview:-1"},"canonical":"https:\/\/www.egon.com\/fr\/applications\/validation-des-donnees-anacredit-selon-dispositions-bce","og_locale":"fr_FR","og_type":"article","og_title":"Egon pour AnaCredit, le logiciel destin\u00e9 aux banques","og_description":"Avec le logiciel Egon pour AnaCredit, il sera possible de v\u00e9rifier, valider et traduire en format correct les donn\u00e9es demand\u00e9es par la BCE.","og_url":"https:\/\/www.egon.com\/fr\/applications\/validation-des-donnees-anacredit-selon-dispositions-bce","og_site_name":"Egon","article_modified_time":"2021-05-11T08:19:37+00:00","og_image":[{"url":"https:\/\/www.egon.com\/wp-content\/uploads\/2017\/11\/anacredit.jpg","type":"","width":"","height":""}],"twitter_card":"summary_large_image","twitter_misc":{"Dur\u00e9e de lecture estim\u00e9e":"3 minutes"},"schema":{"@context":"https:\/\/schema.org","@graph":[{"@type":"WebPage","@id":"https:\/\/www.egon.com\/fr\/applications\/validation-des-donnees-anacredit-selon-dispositions-bce","url":"https:\/\/www.egon.com\/fr\/applications\/validation-des-donnees-anacredit-selon-dispositions-bce","name":"Egon pour AnaCredit, le logiciel destin\u00e9 aux banques","isPartOf":{"@id":"https:\/\/www.egon.com\/zh\/#website"},"primaryImageOfPage":{"@id":"https:\/\/www.egon.com\/fr\/applications\/validation-des-donnees-anacredit-selon-dispositions-bce#primaryimage"},"image":{"@id":"https:\/\/www.egon.com\/fr\/applications\/validation-des-donnees-anacredit-selon-dispositions-bce#primaryimage"},"thumbnailUrl":"https:\/\/www.egon.com\/wp-content\/uploads\/2017\/11\/anacredit.jpg","datePublished":"2017-12-20T11:14:56+00:00","dateModified":"2021-05-11T08:19:37+00:00","description":"Avec le logiciel Egon pour AnaCredit, il sera possible de v\u00e9rifier, valider et traduire en format correct les donn\u00e9es demand\u00e9es par la BCE.","breadcrumb":{"@id":"https:\/\/www.egon.com\/fr\/applications\/validation-des-donnees-anacredit-selon-dispositions-bce#breadcrumb"},"inLanguage":"fr-FR","potentialAction":[{"@type":"ReadAction","target":["https:\/\/www.egon.com\/fr\/applications\/validation-des-donnees-anacredit-selon-dispositions-bce"]}]},{"@type":"ImageObject","inLanguage":"fr-FR","@id":"https:\/\/www.egon.com\/fr\/applications\/validation-des-donnees-anacredit-selon-dispositions-bce#primaryimage","url":"https:\/\/www.egon.com\/wp-content\/uploads\/2017\/11\/anacredit.jpg","contentUrl":"https:\/\/www.egon.com\/wp-content\/uploads\/2017\/11\/anacredit.jpg"},{"@type":"BreadcrumbList","@id":"https:\/\/www.egon.com\/fr\/applications\/validation-des-donnees-anacredit-selon-dispositions-bce#breadcrumb","itemListElement":[{"@type":"ListItem","position":1,"name":"Home","item":"https:\/\/www.egon.com\/fr"},{"@type":"ListItem","position":2,"name":"Applications","item":"https:\/\/www.egon.com\/fr\/applications"},{"@type":"ListItem","position":3,"name":"VALIDATION DES DONN\u00c9ES ANACREDIT SELON DISPOSITIONS BCE"}]},{"@type":"WebSite","@id":"https:\/\/www.egon.com\/zh\/#website","url":"https:\/\/www.egon.com\/zh\/","name":"Egon","description":"Normalizzazione indirizzi - Address validation - Egon.com","potentialAction":[{"@type":"SearchAction","target":{"@type":"EntryPoint","urlTemplate":"https:\/\/www.egon.com\/zh\/?s={search_term_string}"},"query-input":{"@type":"PropertyValueSpecification","valueRequired":true,"valueName":"search_term_string"}}],"inLanguage":"fr-FR"}]}},"_links":{"self":[{"href":"https:\/\/www.egon.com\/fr\/wp-json\/wp\/v2\/pages\/9724","targetHints":{"allow":["GET"]}}],"collection":[{"href":"https:\/\/www.egon.com\/fr\/wp-json\/wp\/v2\/pages"}],"about":[{"href":"https:\/\/www.egon.com\/fr\/wp-json\/wp\/v2\/types\/page"}],"author":[{"embeddable":true,"href":"https:\/\/www.egon.com\/fr\/wp-json\/wp\/v2\/users\/6"}],"replies":[{"embeddable":true,"href":"https:\/\/www.egon.com\/fr\/wp-json\/wp\/v2\/comments?post=9724"}],"version-history":[{"count":2,"href":"https:\/\/www.egon.com\/fr\/wp-json\/wp\/v2\/pages\/9724\/revisions"}],"predecessor-version":[{"id":18190,"href":"https:\/\/www.egon.com\/fr\/wp-json\/wp\/v2\/pages\/9724\/revisions\/18190"}],"up":[{"embeddable":true,"href":"https:\/\/www.egon.com\/fr\/wp-json\/wp\/v2\/pages\/8104"}],"wp:attachment":[{"href":"https:\/\/www.egon.com\/fr\/wp-json\/wp\/v2\/media?parent=9724"}],"curies":[{"name":"wp","href":"https:\/\/api.w.org\/{rel}","templated":true}]}}