{"id":8708,"date":"2017-09-19T18:45:19","date_gmt":"2017-09-19T18:45:19","guid":{"rendered":"https:\/\/egon.com\/?page_id=8708"},"modified":"2021-02-25T07:45:32","modified_gmt":"2021-02-25T07:45:32","slug":"oceanie","status":"publish","type":"page","link":"https:\/\/www.egon.com\/fr\/pays\/oceanie","title":{"rendered":"OCEANIA \u2013 ADDRESS VALIDATION, GEOCODING AND DEDUPLICATION SERVICES"},"content":{"rendered":"<h1>OC\u00c9ANIE<\/h1>\n<div class=\"country-list\"><div class=\"country-list__head\"><div class=\"country-list__item\"><span class=\"country-label\">Pays<\/span><span class=\"country-label\">ISO 3166<\/span><span class=\"country-label\">Norm. des adresses<\/span><span class=\"country-label\">G\u00e9ocodage<\/span><span class=\"country-label\">Niveau<\/span><span class=\"country-label\">D\u00e9duplication<\/span><span class=\"country-label\">Norm. des donn\u00e9es personnelles<\/span><span class=\"country-label\">Syst\u00e8me d\u2019\u00e9criture<\/span><\/div><\/div><div class=\"country-list__item\"><span><a href=\"https:\/\/www.egon.com\/fr\/country\/american-samoa\"><img decoding=\"async\" class=\"u-margin-right-small\" width=\"25\" src=\"https:\/\/www.egon.com\/wp-content\/plugins\/wp-egon-plugin\/flags\/as.svg\"\/>Samoa Americane<\/a><\/span><span>ASM<\/span><span>Oui<\/span><span>Oui<\/span><span>Localit\u00e9<\/span><span>Oui<\/span><span>Oui<\/span><span>Natif, Translit., Latin<\/span><\/div><div class=\"country-list__item\"><span><a href=\"https:\/\/www.egon.com\/fr\/country\/australia\"><img decoding=\"async\" class=\"u-margin-right-small\" width=\"25\" src=\"https:\/\/www.egon.com\/wp-content\/plugins\/wp-egon-plugin\/flags\/au.svg\"\/>Australie<\/a><\/span><span>AUS<\/span><span>Oui<\/span><span>Oui<\/span><span>Rue<\/span><span>Oui<\/span><span>Oui<\/span><span>Natif, Translit., Latin<\/span><\/div><div class=\"country-list__item\"><span><a href=\"https:\/\/www.egon.com\/fr\/country\/christmas-island\"><img decoding=\"async\" class=\"u-margin-right-small\" width=\"25\" src=\"https:\/\/www.egon.com\/wp-content\/plugins\/wp-egon-plugin\/flags\/cx.svg\"\/>\u00cele Christmas<\/a><\/span><span>CXR<\/span><span>Oui<\/span><span>Oui<\/span><span>Localit\u00e9<\/span><span>Oui<\/span><span>Oui<\/span><span>Natif, Translit., Latin<\/span><\/div><div class=\"country-list__item\"><span><a href=\"https:\/\/www.egon.com\/fr\/country\/cocos-keeling-islands\"><img decoding=\"async\" class=\"u-margin-right-small\" width=\"25\" src=\"https:\/\/www.egon.com\/wp-content\/plugins\/wp-egon-plugin\/flags\/cc.svg\"\/>\u00celes Cocos<\/a><\/span><span>CCK<\/span><span>Oui<\/span><span>Oui<\/span><span>Localit\u00e9<\/span><span>Oui<\/span><span>Oui<\/span><span>Natif, Translit., Latin<\/span><\/div><div class=\"country-list__item\"><span><a href=\"https:\/\/www.egon.com\/fr\/country\/cook-islands\"><img decoding=\"async\" class=\"u-margin-right-small\" width=\"25\" src=\"https:\/\/www.egon.com\/wp-content\/plugins\/wp-egon-plugin\/flags\/ck.svg\"\/>\u00celes Cook<\/a><\/span><span>COK<\/span><span>Oui<\/span><span>Oui<\/span><span>Localit\u00e9<\/span><span>Oui<\/span><span>Oui<\/span><span>Natif, Translit., Latin<\/span><\/div><div class=\"country-list__item\"><span><a href=\"https:\/\/www.egon.com\/fr\/country\/fiji\"><img decoding=\"async\" class=\"u-margin-right-small\" width=\"25\" src=\"https:\/\/www.egon.com\/wp-content\/plugins\/wp-egon-plugin\/flags\/fj.svg\"\/>Fidji<\/a><\/span><span>FJI<\/span><span>Oui<\/span><span>Oui<\/span><span>Localit\u00e9<\/span><span>Oui<\/span><span>Oui<\/span><span>Natif, Translit., Latin<\/span><\/div><div class=\"country-list__item\"><span><a href=\"https:\/\/www.egon.com\/fr\/country\/french-polynesia\"><img decoding=\"async\" class=\"u-margin-right-small\" width=\"25\" src=\"https:\/\/www.egon.com\/wp-content\/plugins\/wp-egon-plugin\/flags\/pf.svg\"\/>Polyn\u00e9sie fran\u00e7aise<\/a><\/span><span>PYF<\/span><span>Oui<\/span><span>Oui<\/span><span>Rue<\/span><span>Oui<\/span><span>Oui<\/span><span>Natif, Translit., Latin<\/span><\/div><div class=\"country-list__item\"><span><a href=\"https:\/\/www.egon.com\/fr\/country\/guam\"><img decoding=\"async\" class=\"u-margin-right-small\" width=\"25\" src=\"https:\/\/www.egon.com\/wp-content\/plugins\/wp-egon-plugin\/flags\/gu.svg\"\/>Guam<\/a><\/span><span>GUM<\/span><span>Oui<\/span><span>Oui<\/span><span>Localit\u00e9<\/span><span>Oui<\/span><span>Oui<\/span><span>Natif, Translit., Latin<\/span><\/div><div class=\"country-list__item\"><span><a href=\"https:\/\/www.egon.com\/fr\/country\/kiribati\"><img decoding=\"async\" class=\"u-margin-right-small\" width=\"25\" src=\"https:\/\/www.egon.com\/wp-content\/plugins\/wp-egon-plugin\/flags\/ki.svg\"\/>Kiribati<\/a><\/span><span>KIR<\/span><span>Oui<\/span><span>Oui<\/span><span>Localit\u00e9<\/span><span>Oui<\/span><span>Oui<\/span><span>Natif, Translit., Latin<\/span><\/div><div class=\"country-list__item\"><span><a href=\"https:\/\/www.egon.com\/fr\/country\/marshall-islands\"><img decoding=\"async\" class=\"u-margin-right-small\" width=\"25\" src=\"https:\/\/www.egon.com\/wp-content\/plugins\/wp-egon-plugin\/flags\/mh.svg\"\/>\u00celes Marshall<\/a><\/span><span>MHL<\/span><span>Oui<\/span><span>Oui<\/span><span>Localit\u00e9<\/span><span>Oui<\/span><span>Oui<\/span><span>Natif, Translit., Latin<\/span><\/div><div class=\"country-list__item\"><span><a href=\"https:\/\/www.egon.com\/fr\/country\/micronesia\"><img decoding=\"async\" class=\"u-margin-right-small\" width=\"25\" src=\"https:\/\/www.egon.com\/wp-content\/plugins\/wp-egon-plugin\/flags\/fm.svg\"\/>Micron\u00e9sie<\/a><\/span><span>FSM<\/span><span>Oui<\/span><span>Oui<\/span><span>Localit\u00e9<\/span><span>Oui<\/span><span>Oui<\/span><span>Natif, Translit., Latin<\/span><\/div><div class=\"country-list__item\"><span><a href=\"https:\/\/www.egon.com\/fr\/country\/nauru\"><img decoding=\"async\" class=\"u-margin-right-small\" width=\"25\" src=\"https:\/\/www.egon.com\/wp-content\/plugins\/wp-egon-plugin\/flags\/nr.svg\"\/>Nauru<\/a><\/span><span>NRU<\/span><span>Oui<\/span><span>Oui<\/span><span>Localit\u00e9<\/span><span>Oui<\/span><span>Oui<\/span><span>Natif, Translit., Latin<\/span><\/div><div class=\"country-list__item\"><span><a href=\"https:\/\/www.egon.com\/fr\/country\/new-caledonia\"><img decoding=\"async\" class=\"u-margin-right-small\" width=\"25\" src=\"https:\/\/www.egon.com\/wp-content\/plugins\/wp-egon-plugin\/flags\/nc.svg\"\/>Nouvelle Cal\u00e9donie<\/a><\/span><span>NCL<\/span><span>Oui<\/span><span>Oui<\/span><span>Rue<\/span><span>Oui<\/span><span>Oui<\/span><span>Natif, Translit., Latin<\/span><\/div><div class=\"country-list__item\"><span><a href=\"https:\/\/www.egon.com\/fr\/country\/new-zeland\"><img decoding=\"async\" class=\"u-margin-right-small\" width=\"25\" src=\"https:\/\/www.egon.com\/wp-content\/plugins\/wp-egon-plugin\/flags\/nz.svg\"\/>Nouvelle-Z\u00e9lande<\/a><\/span><span>NZL<\/span><span>Oui<\/span><span>Oui<\/span><span>Rue<\/span><span>Oui<\/span><span>Oui<\/span><span>Natif, Translit., Latin<\/span><\/div><div class=\"country-list__item\"><span><a href=\"https:\/\/www.egon.com\/fr\/country\/niue\"><img decoding=\"async\" class=\"u-margin-right-small\" width=\"25\" src=\"https:\/\/www.egon.com\/wp-content\/plugins\/wp-egon-plugin\/flags\/nu.svg\"\/>Niue<\/a><\/span><span>NIU<\/span><span>Oui<\/span><span>Oui<\/span><span>Localit\u00e9<\/span><span>Oui<\/span><span>Oui<\/span><span>Natif, Translit., Latin<\/span><\/div><div class=\"country-list__item\"><span><a href=\"https:\/\/www.egon.com\/fr\/country\/norfolk-island\"><img decoding=\"async\" class=\"u-margin-right-small\" width=\"25\" src=\"https:\/\/www.egon.com\/wp-content\/plugins\/wp-egon-plugin\/flags\/nf.svg\"\/>\u00cele Norfolk<\/a><\/span><span>NFK<\/span><span>Oui<\/span><span>Oui<\/span><span>Localit\u00e9<\/span><span>Oui<\/span><span>Oui<\/span><span>Natif, Translit., Latin<\/span><\/div><div class=\"country-list__item\"><span><a href=\"https:\/\/www.egon.com\/fr\/country\/northern-mariana-islands\"><img decoding=\"async\" class=\"u-margin-right-small\" width=\"25\" src=\"https:\/\/www.egon.com\/wp-content\/plugins\/wp-egon-plugin\/flags\/mp.svg\"\/>\u00celes Mariannes du Nord<\/a><\/span><span>MNP<\/span><span>Oui<\/span><span>Oui<\/span><span>Localit\u00e9<\/span><span>Oui<\/span><span>Oui<\/span><span>Natif, Translit., Latin<\/span><\/div><div class=\"country-list__item\"><span><a href=\"https:\/\/www.egon.com\/fr\/country\/palau\"><img decoding=\"async\" class=\"u-margin-right-small\" width=\"25\" src=\"https:\/\/www.egon.com\/wp-content\/plugins\/wp-egon-plugin\/flags\/pw.svg\"\/>Palaos<\/a><\/span><span>PLW<\/span><span>Oui<\/span><span>Oui<\/span><span>Localit\u00e9<\/span><span>Oui<\/span><span>Oui<\/span><span>Natif, Translit., Latin<\/span><\/div><div class=\"country-list__item\"><span><a href=\"https:\/\/www.egon.com\/fr\/country\/papua-new-guinea\"><img decoding=\"async\" class=\"u-margin-right-small\" width=\"25\" src=\"https:\/\/www.egon.com\/wp-content\/plugins\/wp-egon-plugin\/flags\/pg.svg\"\/>Papouasie-Nouvelle-Guin\u00e9e<\/a><\/span><span>PNG<\/span><span>Oui<\/span><span>Oui<\/span><span>Localit\u00e9<\/span><span>Oui<\/span><span>Oui<\/span><span>Natif, Translit., Latin<\/span><\/div><div class=\"country-list__item\"><span><a href=\"https:\/\/www.egon.com\/fr\/country\/pitcairn-islands\"><img decoding=\"async\" class=\"u-margin-right-small\" width=\"25\" src=\"https:\/\/www.egon.com\/wp-content\/plugins\/wp-egon-plugin\/flags\/pn.svg\"\/>\u00celes Pitcairn<\/a><\/span><span>PCN<\/span><span>Oui<\/span><span>Oui<\/span><span>Localit\u00e9<\/span><span>Oui<\/span><span>Oui<\/span><span>Natif, Translit., Latin<\/span><\/div><div class=\"country-list__item\"><span><a href=\"https:\/\/www.egon.com\/fr\/country\/samoa\"><img decoding=\"async\" class=\"u-margin-right-small\" width=\"25\" src=\"https:\/\/www.egon.com\/wp-content\/plugins\/wp-egon-plugin\/flags\/ws.svg\"\/>Samoa<\/a><\/span><span>WSM<\/span><span>Oui<\/span><span>Oui<\/span><span>Localit\u00e9<\/span><span>Oui<\/span><span>Oui<\/span><span>Natif, Translit., Latin<\/span><\/div><div class=\"country-list__item\"><span><a href=\"https:\/\/www.egon.com\/fr\/country\/solomon-islands\"><img decoding=\"async\" class=\"u-margin-right-small\" width=\"25\" src=\"https:\/\/www.egon.com\/wp-content\/plugins\/wp-egon-plugin\/flags\/sb.svg\"\/>\u00eeles Salomon<\/a><\/span><span>SLB<\/span><span>Oui<\/span><span>Oui<\/span><span>Localit\u00e9<\/span><span>Oui<\/span><span>Oui<\/span><span>Natif, Translit., Latin<\/span><\/div><div class=\"country-list__item\"><span><a href=\"https:\/\/www.egon.com\/fr\/country\/tokelau\"><img decoding=\"async\" class=\"u-margin-right-small\" width=\"25\" src=\"https:\/\/www.egon.com\/wp-content\/plugins\/wp-egon-plugin\/flags\/tk.svg\"\/>Tokelau<\/a><\/span><span>TKL<\/span><span>Oui<\/span><span>Oui<\/span><span>Localit\u00e9<\/span><span>Oui<\/span><span>Oui<\/span><span>Natif, Translit., Latin<\/span><\/div><div class=\"country-list__item\"><span><a href=\"https:\/\/www.egon.com\/fr\/country\/tonga\"><img decoding=\"async\" class=\"u-margin-right-small\" width=\"25\" src=\"https:\/\/www.egon.com\/wp-content\/plugins\/wp-egon-plugin\/flags\/to.svg\"\/>Tonga<\/a><\/span><span>TON<\/span><span>Oui<\/span><span>Oui<\/span><span>Localit\u00e9<\/span><span>Oui<\/span><span>Oui<\/span><span>Natif, Translit., Latin<\/span><\/div><div class=\"country-list__item\"><span><a href=\"https:\/\/www.egon.com\/fr\/country\/tuvalu\"><img decoding=\"async\" class=\"u-margin-right-small\" width=\"25\" src=\"https:\/\/www.egon.com\/wp-content\/plugins\/wp-egon-plugin\/flags\/tv.svg\"\/>Tuvalu<\/a><\/span><span>TUV<\/span><span>Oui<\/span><span>Oui<\/span><span>Localit\u00e9<\/span><span>Oui<\/span><span>Oui<\/span><span>Natif, Translit., Latin<\/span><\/div><div class=\"country-list__item\"><span><a href=\"https:\/\/www.egon.com\/fr\/country\/vanuatu\"><img decoding=\"async\" class=\"u-margin-right-small\" width=\"25\" src=\"https:\/\/www.egon.com\/wp-content\/plugins\/wp-egon-plugin\/flags\/vu.svg\"\/>Vanuatu<\/a><\/span><span>VUT<\/span><span>Oui<\/span><span>Oui<\/span><span>Localit\u00e9<\/span><span>Oui<\/span><span>Oui<\/span><span>Natif, Translit., Latin<\/span><\/div><div class=\"country-list__item\"><span><a href=\"https:\/\/www.egon.com\/fr\/country\/wallis-and-futuna\"><img decoding=\"async\" class=\"u-margin-right-small\" width=\"25\" src=\"https:\/\/www.egon.com\/wp-content\/plugins\/wp-egon-plugin\/flags\/wf.svg\"\/>Wallis-et-Futuna<\/a><\/span><span>WLF<\/span><span>Oui<\/span><span>Oui<\/span><span>Localit\u00e9<\/span><span>Oui<\/span><span>Oui<\/span><span>Natif, Translit., Latin<\/span><\/div><\/div><div class=\"country-list-legend\"><h4 class=\"u-margin-bottom-small\">L\u00e9gende<\/h4><span>Norm. des adresses : OUI = service de normalisation des adresses disponible ; NON = service de normalisation des adresses non disponible<\/span>\r\n        <span>G\u00e9ocodage : OUI = service de g\u00e9ocodage disponible ; NON = service de g\u00e9ocodage non disponible<\/span>\r\n        <span>Niveau : RUE = d\u00e9tail relatif \u00e0 la rue ; LOCALIT\u00c9 = d\u00e9tail relatif \u00e0 la localit\u00e9<\/span>\r\n        <span>D\u00e9duplication : OUI = service de d\u00e9duplication disponible; NON = service de d\u00e9duplication non disponible<\/span>\r\n        <span>Norm. des donn\u00e9es personnelles : OUI = service de normalisation des donn\u00e9es personnelles disponible ; NON = service de normalisation des donn\u00e9es personnelles non disponible<\/span>\r\n        <span>Caract\u00e8res : Natif = caract\u00e8res langue native ; Romain = caract\u00e8res latins ; International = format international. Toutes les formes peuvent \u00eatre en majuscules.<\/span><\/div>\n","protected":false},"excerpt":{"rendered":"<p>OC\u00c9ANIE<\/p>\n","protected":false},"author":1,"featured_media":0,"parent":8383,"menu_order":0,"comment_status":"closed","ping_status":"closed","template":"templates\/template-nosidebar.php","meta":{"footnotes":""},"class_list":["post-8708","page","type-page","status-publish","hentry"],"yoast_head":"<!-- This site is optimized with the Yoast SEO plugin v26.8 - https:\/\/yoast.com\/product\/yoast-seo-wordpress\/ -->\n<title>OCEANIA \u2013 ADDRESS VALIDATION, GEOCODING AND DEDUPLICATION SERVICES - Egon<\/title>\n<meta name=\"robots\" content=\"index, follow, max-snippet:-1, max-image-preview:large, max-video-preview:-1\" \/>\n<link rel=\"canonical\" href=\"https:\/\/www.egon.com\/fr\/pays\/oceanie\" \/>\n<meta property=\"og:locale\" content=\"fr_FR\" \/>\n<meta property=\"og:type\" content=\"article\" \/>\n<meta property=\"og:title\" content=\"OCEANIA \u2013 ADDRESS VALIDATION, GEOCODING AND DEDUPLICATION SERVICES - Egon\" \/>\n<meta property=\"og:description\" content=\"OC\u00c9ANIE\" \/>\n<meta property=\"og:url\" content=\"https:\/\/www.egon.com\/fr\/pays\/oceanie\" \/>\n<meta property=\"og:site_name\" content=\"Egon\" \/>\n<meta property=\"article:modified_time\" content=\"2021-02-25T07:45:32+00:00\" \/>\n<meta name=\"twitter:card\" content=\"summary_large_image\" \/>\n<meta name=\"twitter:label1\" content=\"Dur\u00e9e de lecture estim\u00e9e\" \/>\n\t<meta name=\"twitter:data1\" content=\"1 minute\" \/>\n<script type=\"application\/ld+json\" class=\"yoast-schema-graph\">{\"@context\":\"https:\/\/schema.org\",\"@graph\":[{\"@type\":\"WebPage\",\"@id\":\"https:\/\/www.egon.com\/fr\/pays\/oceanie\",\"url\":\"https:\/\/www.egon.com\/fr\/pays\/oceanie\",\"name\":\"OCEANIA \u2013 ADDRESS VALIDATION, GEOCODING AND DEDUPLICATION SERVICES - Egon\",\"isPartOf\":{\"@id\":\"https:\/\/www.egon.com\/zh\/#website\"},\"datePublished\":\"2017-09-19T18:45:19+00:00\",\"dateModified\":\"2021-02-25T07:45:32+00:00\",\"breadcrumb\":{\"@id\":\"https:\/\/www.egon.com\/fr\/pays\/oceanie#breadcrumb\"},\"inLanguage\":\"fr-FR\",\"potentialAction\":[{\"@type\":\"ReadAction\",\"target\":[\"https:\/\/www.egon.com\/fr\/pays\/oceanie\"]}]},{\"@type\":\"BreadcrumbList\",\"@id\":\"https:\/\/www.egon.com\/fr\/pays\/oceanie#breadcrumb\",\"itemListElement\":[{\"@type\":\"ListItem\",\"position\":1,\"name\":\"Home\",\"item\":\"https:\/\/www.egon.com\/fr\"},{\"@type\":\"ListItem\",\"position\":2,\"name\":\"Services disponibles par pays -Liste des pays\",\"item\":\"https:\/\/www.egon.com\/fr\/pays\"},{\"@type\":\"ListItem\",\"position\":3,\"name\":\"OCEANIA \u2013 ADDRESS VALIDATION, GEOCODING AND DEDUPLICATION SERVICES\"}]},{\"@type\":\"WebSite\",\"@id\":\"https:\/\/www.egon.com\/zh\/#website\",\"url\":\"https:\/\/www.egon.com\/zh\/\",\"name\":\"Egon\",\"description\":\"Normalizzazione indirizzi - Address validation - Egon.com\",\"potentialAction\":[{\"@type\":\"SearchAction\",\"target\":{\"@type\":\"EntryPoint\",\"urlTemplate\":\"https:\/\/www.egon.com\/zh\/?s={search_term_string}\"},\"query-input\":{\"@type\":\"PropertyValueSpecification\",\"valueRequired\":true,\"valueName\":\"search_term_string\"}}],\"inLanguage\":\"fr-FR\"}]}<\/script>\n<!-- \/ Yoast SEO plugin. -->","yoast_head_json":{"title":"OCEANIA \u2013 ADDRESS VALIDATION, GEOCODING AND DEDUPLICATION SERVICES - Egon","robots":{"index":"index","follow":"follow","max-snippet":"max-snippet:-1","max-image-preview":"max-image-preview:large","max-video-preview":"max-video-preview:-1"},"canonical":"https:\/\/www.egon.com\/fr\/pays\/oceanie","og_locale":"fr_FR","og_type":"article","og_title":"OCEANIA \u2013 ADDRESS VALIDATION, GEOCODING AND DEDUPLICATION SERVICES - Egon","og_description":"OC\u00c9ANIE","og_url":"https:\/\/www.egon.com\/fr\/pays\/oceanie","og_site_name":"Egon","article_modified_time":"2021-02-25T07:45:32+00:00","twitter_card":"summary_large_image","twitter_misc":{"Dur\u00e9e de lecture estim\u00e9e":"1 minute"},"schema":{"@context":"https:\/\/schema.org","@graph":[{"@type":"WebPage","@id":"https:\/\/www.egon.com\/fr\/pays\/oceanie","url":"https:\/\/www.egon.com\/fr\/pays\/oceanie","name":"OCEANIA \u2013 ADDRESS VALIDATION, GEOCODING AND DEDUPLICATION SERVICES - Egon","isPartOf":{"@id":"https:\/\/www.egon.com\/zh\/#website"},"datePublished":"2017-09-19T18:45:19+00:00","dateModified":"2021-02-25T07:45:32+00:00","breadcrumb":{"@id":"https:\/\/www.egon.com\/fr\/pays\/oceanie#breadcrumb"},"inLanguage":"fr-FR","potentialAction":[{"@type":"ReadAction","target":["https:\/\/www.egon.com\/fr\/pays\/oceanie"]}]},{"@type":"BreadcrumbList","@id":"https:\/\/www.egon.com\/fr\/pays\/oceanie#breadcrumb","itemListElement":[{"@type":"ListItem","position":1,"name":"Home","item":"https:\/\/www.egon.com\/fr"},{"@type":"ListItem","position":2,"name":"Services disponibles par pays -Liste des pays","item":"https:\/\/www.egon.com\/fr\/pays"},{"@type":"ListItem","position":3,"name":"OCEANIA \u2013 ADDRESS VALIDATION, GEOCODING AND DEDUPLICATION SERVICES"}]},{"@type":"WebSite","@id":"https:\/\/www.egon.com\/zh\/#website","url":"https:\/\/www.egon.com\/zh\/","name":"Egon","description":"Normalizzazione indirizzi - Address validation - Egon.com","potentialAction":[{"@type":"SearchAction","target":{"@type":"EntryPoint","urlTemplate":"https:\/\/www.egon.com\/zh\/?s={search_term_string}"},"query-input":{"@type":"PropertyValueSpecification","valueRequired":true,"valueName":"search_term_string"}}],"inLanguage":"fr-FR"}]}},"_links":{"self":[{"href":"https:\/\/www.egon.com\/fr\/wp-json\/wp\/v2\/pages\/8708","targetHints":{"allow":["GET"]}}],"collection":[{"href":"https:\/\/www.egon.com\/fr\/wp-json\/wp\/v2\/pages"}],"about":[{"href":"https:\/\/www.egon.com\/fr\/wp-json\/wp\/v2\/types\/page"}],"author":[{"embeddable":true,"href":"https:\/\/www.egon.com\/fr\/wp-json\/wp\/v2\/users\/1"}],"replies":[{"embeddable":true,"href":"https:\/\/www.egon.com\/fr\/wp-json\/wp\/v2\/comments?post=8708"}],"version-history":[{"count":1,"href":"https:\/\/www.egon.com\/fr\/wp-json\/wp\/v2\/pages\/8708\/revisions"}],"predecessor-version":[{"id":18083,"href":"https:\/\/www.egon.com\/fr\/wp-json\/wp\/v2\/pages\/8708\/revisions\/18083"}],"up":[{"embeddable":true,"href":"https:\/\/www.egon.com\/fr\/wp-json\/wp\/v2\/pages\/8383"}],"wp:attachment":[{"href":"https:\/\/www.egon.com\/fr\/wp-json\/wp\/v2\/media?parent=8708"}],"curies":[{"name":"wp","href":"https:\/\/api.w.org\/{rel}","templated":true}]}}