{"id":8707,"date":"2017-09-19T18:45:21","date_gmt":"2017-09-19T18:45:21","guid":{"rendered":"https:\/\/egon.com\/?page_id=8707"},"modified":"2021-02-19T14:01:55","modified_gmt":"2021-02-19T14:01:55","slug":"amerique-du-nord","status":"publish","type":"page","link":"https:\/\/www.egon.com\/fr\/pays\/amerique-du-nord","title":{"rendered":"AM\u00c9RIQUE DU NORD\u2013 ADDRESS VALIDATION, GEOCODING AND DEDUPLICATION SERVICES"},"content":{"rendered":"<h1 class=\" u-h1 u-text-bolder u-margin-bottom-none u-text-center\">VALIDATION D&rsquo;ADRESSE POSTALE AM\u00c9RIQUE DU NORD<\/h1>\n<div class=\"country-list\"><div class=\"country-list__head\"><div class=\"country-list__item\"><span class=\"country-label\">Pays<\/span><span class=\"country-label\">ISO 3166<\/span><span class=\"country-label\">Norm. des adresses<\/span><span class=\"country-label\">G\u00e9ocodage<\/span><span class=\"country-label\">Niveau<\/span><span class=\"country-label\">D\u00e9duplication<\/span><span class=\"country-label\">Norm. des donn\u00e9es personnelles<\/span><span class=\"country-label\">Syst\u00e8me d\u2019\u00e9criture<\/span><\/div><\/div><div class=\"country-list__item\"><span><a href=\"https:\/\/www.egon.com\/fr\/country\/bahamas\"><img decoding=\"async\" class=\"u-margin-right-small\" width=\"25\" src=\"https:\/\/www.egon.com\/wp-content\/plugins\/wp-egon-plugin\/flags\/bs.svg\"\/>Bahamas<\/a><\/span><span>BHS<\/span><span>Oui<\/span><span>Oui<\/span><span>Localit\u00e9<\/span><span>Oui<\/span><span>Oui<\/span><span>Natif, Translit., Latin<\/span><\/div><div class=\"country-list__item\"><span><a href=\"https:\/\/www.egon.com\/fr\/country\/bermuda\"><img decoding=\"async\" class=\"u-margin-right-small\" width=\"25\" src=\"https:\/\/www.egon.com\/wp-content\/plugins\/wp-egon-plugin\/flags\/bm.svg\"\/>Bermudes<\/a><\/span><span>BMU<\/span><span>Oui<\/span><span>Oui<\/span><span>Localit\u00e9<\/span><span>Oui<\/span><span>Oui<\/span><span>Natif, Translit., Latin<\/span><\/div><div class=\"country-list__item\"><span><a href=\"https:\/\/www.egon.com\/fr\/country\/canada\"><img decoding=\"async\" class=\"u-margin-right-small\" width=\"25\" src=\"https:\/\/www.egon.com\/wp-content\/plugins\/wp-egon-plugin\/flags\/ca.svg\"\/>Canada<\/a><\/span><span>CAN<\/span><span>Oui<\/span><span>Oui<\/span><span>Rue<\/span><span>Oui<\/span><span>Oui<\/span><span>Natif, Translit., Latin<\/span><\/div><div class=\"country-list__item\"><span><a href=\"https:\/\/www.egon.com\/fr\/country\/greenland\"><img decoding=\"async\" class=\"u-margin-right-small\" width=\"25\" src=\"https:\/\/www.egon.com\/wp-content\/plugins\/wp-egon-plugin\/flags\/gl.svg\"\/>Groenland<\/a><\/span><span>GRL<\/span><span>Oui<\/span><span>Oui<\/span><span>Localit\u00e9<\/span><span>Oui<\/span><span>Oui<\/span><span>Natif, Translit., Latin<\/span><\/div><div class=\"country-list__item\"><span><a href=\"https:\/\/www.egon.com\/fr\/country\/mexico\"><img decoding=\"async\" class=\"u-margin-right-small\" width=\"25\" src=\"https:\/\/www.egon.com\/wp-content\/plugins\/wp-egon-plugin\/flags\/mx.svg\"\/>Mexique<\/a><\/span><span>MEX<\/span><span>Oui<\/span><span>Oui<\/span><span>Rue<\/span><span>Oui<\/span><span>Oui<\/span><span>Natif, Translit., Latin<\/span><\/div><div class=\"country-list__item\"><span><a href=\"https:\/\/www.egon.com\/fr\/country\/puerto-rico\"><img decoding=\"async\" class=\"u-margin-right-small\" width=\"25\" src=\"https:\/\/www.egon.com\/wp-content\/plugins\/wp-egon-plugin\/flags\/pr.svg\"\/>Puerto Rico<\/a><\/span><span>PRI<\/span><span>Oui<\/span><span>Oui<\/span><span>Rue<\/span><span>Oui<\/span><span>Oui<\/span><span>Natif, Translit., Latin<\/span><\/div><div class=\"country-list__item\"><span><a href=\"https:\/\/www.egon.com\/fr\/country\/saint-pierre-miquelon\"><img decoding=\"async\" class=\"u-margin-right-small\" width=\"25\" src=\"https:\/\/www.egon.com\/wp-content\/plugins\/wp-egon-plugin\/flags\/pm.svg\"\/>Saint-Pierre-et-Miquelon<\/a><\/span><span>SPM<\/span><span>Oui<\/span><span>Oui<\/span><span>Localit\u00e9<\/span><span>Oui<\/span><span>Oui<\/span><span>Natif, Translit., Latin<\/span><\/div><div class=\"country-list__item\"><span><a href=\"https:\/\/www.egon.com\/fr\/country\/united-states\"><img decoding=\"async\" class=\"u-margin-right-small\" width=\"25\" src=\"https:\/\/www.egon.com\/wp-content\/plugins\/wp-egon-plugin\/flags\/us.svg\"\/>\u00c9tats-Unis d\u2019Am\u00e9rique<\/a><\/span><span>USA<\/span><span>Oui<\/span><span>Oui<\/span><span>Rue<\/span><span>Oui<\/span><span>Oui<\/span><span>Natif, Translit., Latin<\/span><\/div><\/div><div class=\"country-list-legend\"><h4 class=\"u-margin-bottom-small\">L\u00e9gende<\/h4><span>Norm. des adresses : OUI = service de normalisation des adresses disponible ; NON = service de normalisation des adresses non disponible<\/span>\r\n        <span>G\u00e9ocodage : OUI = service de g\u00e9ocodage disponible ; NON = service de g\u00e9ocodage non disponible<\/span>\r\n        <span>Niveau : RUE = d\u00e9tail relatif \u00e0 la rue ; LOCALIT\u00c9 = d\u00e9tail relatif \u00e0 la localit\u00e9<\/span>\r\n        <span>D\u00e9duplication : OUI = service de d\u00e9duplication disponible; NON = service de d\u00e9duplication non disponible<\/span>\r\n        <span>Norm. des donn\u00e9es personnelles : OUI = service de normalisation des donn\u00e9es personnelles disponible ; NON = service de normalisation des donn\u00e9es personnelles non disponible<\/span>\r\n        <span>Caract\u00e8res : Natif = caract\u00e8res langue native ; Romain = caract\u00e8res latins ; International = format international. Toutes les formes peuvent \u00eatre en majuscules.<\/span><\/div>\n","protected":false},"excerpt":{"rendered":"<p>VALIDATION D&rsquo;ADRESSE POSTALE AM\u00c9RIQUE DU NORD<\/p>\n","protected":false},"author":1,"featured_media":0,"parent":8383,"menu_order":0,"comment_status":"closed","ping_status":"closed","template":"templates\/template-nosidebar.php","meta":{"footnotes":""},"class_list":["post-8707","page","type-page","status-publish","hentry"],"yoast_head":"<!-- This site is optimized with the Yoast SEO plugin v26.8 - https:\/\/yoast.com\/product\/yoast-seo-wordpress\/ -->\n<title>Validation d&#039;adresse postale am\u00e9rique du nord - Egon<\/title>\n<meta name=\"robots\" content=\"index, follow, max-snippet:-1, max-image-preview:large, max-video-preview:-1\" \/>\n<link rel=\"canonical\" href=\"https:\/\/www.egon.com\/fr\/pays\/amerique-du-nord\" \/>\n<meta property=\"og:locale\" content=\"fr_FR\" \/>\n<meta property=\"og:type\" content=\"article\" \/>\n<meta property=\"og:title\" content=\"Validation d&#039;adresse postale am\u00e9rique du nord - Egon\" \/>\n<meta property=\"og:description\" content=\"VALIDATION D&rsquo;ADRESSE POSTALE AM\u00c9RIQUE DU NORD\" \/>\n<meta property=\"og:url\" content=\"https:\/\/www.egon.com\/fr\/pays\/amerique-du-nord\" \/>\n<meta property=\"og:site_name\" content=\"Egon\" \/>\n<meta property=\"article:modified_time\" content=\"2021-02-19T14:01:55+00:00\" \/>\n<meta name=\"twitter:card\" content=\"summary_large_image\" \/>\n<meta name=\"twitter:label1\" content=\"Dur\u00e9e de lecture estim\u00e9e\" \/>\n\t<meta name=\"twitter:data1\" content=\"1 minute\" \/>\n<script type=\"application\/ld+json\" class=\"yoast-schema-graph\">{\"@context\":\"https:\/\/schema.org\",\"@graph\":[{\"@type\":\"WebPage\",\"@id\":\"https:\/\/www.egon.com\/fr\/pays\/amerique-du-nord\",\"url\":\"https:\/\/www.egon.com\/fr\/pays\/amerique-du-nord\",\"name\":\"Validation d'adresse postale am\u00e9rique du nord - Egon\",\"isPartOf\":{\"@id\":\"https:\/\/www.egon.com\/zh\/#website\"},\"datePublished\":\"2017-09-19T18:45:21+00:00\",\"dateModified\":\"2021-02-19T14:01:55+00:00\",\"breadcrumb\":{\"@id\":\"https:\/\/www.egon.com\/fr\/pays\/amerique-du-nord#breadcrumb\"},\"inLanguage\":\"fr-FR\",\"potentialAction\":[{\"@type\":\"ReadAction\",\"target\":[\"https:\/\/www.egon.com\/fr\/pays\/amerique-du-nord\"]}]},{\"@type\":\"BreadcrumbList\",\"@id\":\"https:\/\/www.egon.com\/fr\/pays\/amerique-du-nord#breadcrumb\",\"itemListElement\":[{\"@type\":\"ListItem\",\"position\":1,\"name\":\"Home\",\"item\":\"https:\/\/www.egon.com\/fr\"},{\"@type\":\"ListItem\",\"position\":2,\"name\":\"Services disponibles par pays -Liste des pays\",\"item\":\"https:\/\/www.egon.com\/fr\/pays\"},{\"@type\":\"ListItem\",\"position\":3,\"name\":\"AM\u00c9RIQUE DU NORD\u2013 ADDRESS VALIDATION, GEOCODING AND DEDUPLICATION SERVICES\"}]},{\"@type\":\"WebSite\",\"@id\":\"https:\/\/www.egon.com\/zh\/#website\",\"url\":\"https:\/\/www.egon.com\/zh\/\",\"name\":\"Egon\",\"description\":\"Normalizzazione indirizzi - Address validation - Egon.com\",\"potentialAction\":[{\"@type\":\"SearchAction\",\"target\":{\"@type\":\"EntryPoint\",\"urlTemplate\":\"https:\/\/www.egon.com\/zh\/?s={search_term_string}\"},\"query-input\":{\"@type\":\"PropertyValueSpecification\",\"valueRequired\":true,\"valueName\":\"search_term_string\"}}],\"inLanguage\":\"fr-FR\"}]}<\/script>\n<!-- \/ Yoast SEO plugin. -->","yoast_head_json":{"title":"Validation d'adresse postale am\u00e9rique du nord - Egon","robots":{"index":"index","follow":"follow","max-snippet":"max-snippet:-1","max-image-preview":"max-image-preview:large","max-video-preview":"max-video-preview:-1"},"canonical":"https:\/\/www.egon.com\/fr\/pays\/amerique-du-nord","og_locale":"fr_FR","og_type":"article","og_title":"Validation d'adresse postale am\u00e9rique du nord - Egon","og_description":"VALIDATION D&rsquo;ADRESSE POSTALE AM\u00c9RIQUE DU NORD","og_url":"https:\/\/www.egon.com\/fr\/pays\/amerique-du-nord","og_site_name":"Egon","article_modified_time":"2021-02-19T14:01:55+00:00","twitter_card":"summary_large_image","twitter_misc":{"Dur\u00e9e de lecture estim\u00e9e":"1 minute"},"schema":{"@context":"https:\/\/schema.org","@graph":[{"@type":"WebPage","@id":"https:\/\/www.egon.com\/fr\/pays\/amerique-du-nord","url":"https:\/\/www.egon.com\/fr\/pays\/amerique-du-nord","name":"Validation d'adresse postale am\u00e9rique du nord - Egon","isPartOf":{"@id":"https:\/\/www.egon.com\/zh\/#website"},"datePublished":"2017-09-19T18:45:21+00:00","dateModified":"2021-02-19T14:01:55+00:00","breadcrumb":{"@id":"https:\/\/www.egon.com\/fr\/pays\/amerique-du-nord#breadcrumb"},"inLanguage":"fr-FR","potentialAction":[{"@type":"ReadAction","target":["https:\/\/www.egon.com\/fr\/pays\/amerique-du-nord"]}]},{"@type":"BreadcrumbList","@id":"https:\/\/www.egon.com\/fr\/pays\/amerique-du-nord#breadcrumb","itemListElement":[{"@type":"ListItem","position":1,"name":"Home","item":"https:\/\/www.egon.com\/fr"},{"@type":"ListItem","position":2,"name":"Services disponibles par pays -Liste des pays","item":"https:\/\/www.egon.com\/fr\/pays"},{"@type":"ListItem","position":3,"name":"AM\u00c9RIQUE DU NORD\u2013 ADDRESS VALIDATION, GEOCODING AND DEDUPLICATION SERVICES"}]},{"@type":"WebSite","@id":"https:\/\/www.egon.com\/zh\/#website","url":"https:\/\/www.egon.com\/zh\/","name":"Egon","description":"Normalizzazione indirizzi - Address validation - Egon.com","potentialAction":[{"@type":"SearchAction","target":{"@type":"EntryPoint","urlTemplate":"https:\/\/www.egon.com\/zh\/?s={search_term_string}"},"query-input":{"@type":"PropertyValueSpecification","valueRequired":true,"valueName":"search_term_string"}}],"inLanguage":"fr-FR"}]}},"_links":{"self":[{"href":"https:\/\/www.egon.com\/fr\/wp-json\/wp\/v2\/pages\/8707","targetHints":{"allow":["GET"]}}],"collection":[{"href":"https:\/\/www.egon.com\/fr\/wp-json\/wp\/v2\/pages"}],"about":[{"href":"https:\/\/www.egon.com\/fr\/wp-json\/wp\/v2\/types\/page"}],"author":[{"embeddable":true,"href":"https:\/\/www.egon.com\/fr\/wp-json\/wp\/v2\/users\/1"}],"replies":[{"embeddable":true,"href":"https:\/\/www.egon.com\/fr\/wp-json\/wp\/v2\/comments?post=8707"}],"version-history":[{"count":2,"href":"https:\/\/www.egon.com\/fr\/wp-json\/wp\/v2\/pages\/8707\/revisions"}],"predecessor-version":[{"id":18033,"href":"https:\/\/www.egon.com\/fr\/wp-json\/wp\/v2\/pages\/8707\/revisions\/18033"}],"up":[{"embeddable":true,"href":"https:\/\/www.egon.com\/fr\/wp-json\/wp\/v2\/pages\/8383"}],"wp:attachment":[{"href":"https:\/\/www.egon.com\/fr\/wp-json\/wp\/v2\/media?parent=8707"}],"curies":[{"name":"wp","href":"https:\/\/api.w.org\/{rel}","templated":true}]}}