{"id":8371,"date":"2017-09-19T14:51:21","date_gmt":"2017-09-19T14:51:21","guid":{"rendered":"https:\/\/egon.com\/?page_id=8371"},"modified":"2024-09-12T10:27:06","modified_gmt":"2024-09-12T10:27:06","slug":"egon-demo","status":"publish","type":"page","link":"https:\/\/www.egon.com\/fr\/egon-demo","title":{"rendered":"TESTER MAINTENANT LES SERVICES DE VALIDATION DES ADRESSES ET DE G\u00c9OCODAGE"},"content":{"rendered":"[vc_row][vc_column width=\u00a0\u00bb1\/2&Prime;]<div class=\" c-list c-list--color-one\"><ul>\n<li><i class=\"c-list__icon fal fa-check-circle\"><\/i><strong>100 cr\u00e9dits gratuits<\/strong> pour essayer tous nos services.<\/li>\n<li><i class=\"c-list__icon fal fa-check-circle\"><\/i><strong>Essayez les services pendant 30 jours<\/strong>, puis d\u00e9cidez<\/li>\n<li><i class=\"c-list__icon fal fa-check-circle\"><\/i><strong>Assistance rapide<\/strong> pour les questions techniques ou commerciales<\/li>\n<li><i class=\"c-list__icon fal fa-check-circle\"><\/i><strong>Carte de cr\u00e9dit non n\u00e9cessaire<\/strong> pour essayer le logiciel!<\/li>\n<\/ul>\n<p>Voici la liste des services:<\/p>\n<ul>\n<li><i class=\"c-list__icon fal fa-check-circle\"><\/i><strong>Services de validation des adresses en temps r\u00e9el<\/strong>. Entrez une adresse postale pour v\u00e9rifier l\u2019exactitude et trouver codes territoriaux et donn\u00e9es g\u00e9ographiques.<\/li>\n<li><i class=\"c-list__icon fal fa-check-circle\"><\/i><strong>Saisie automatique<\/strong>. Aide \u00e0 la saisie avec saisie automatique des champs et fonction sugg\u00e9r\u00e9e pour les op\u00e9rateurs de saisie des donn\u00e9es.<\/li>\n<li><i class=\"c-list__icon fal fa-check-circle\"><\/i><strong>G\u00e9ocodage et cartographie<\/strong>. G\u00e9olocalisez avec pr\u00e9cision n\u2019importe quelle adresse et visualisez sur la carte.<\/li>\n<li><i class=\"c-list__icon fal fa-check-circle\"><\/i><strong>V\u00e9rification des doublons<\/strong>. Retrouvez toutes les donn\u00e9es dupliqu\u00e9es dans votre base et regroupez-les en une seule entr\u00e9e.<\/li>\n<li><i class=\"c-list__icon fal fa-check-circle\"><\/i><strong>Int\u00e9gration ais\u00e9e et rapide via les API Rest<\/strong>. Int\u00e9grez Egon \u00e0 vos applications d\u2019entreprise ou dans les formulaires de contact de votre site internet, via le service web ou sous forme de plug-in.<\/li>\n<li><i class=\"c-list__icon fal fa-check-circle\"><\/i><strong>Correction des \u00e9carts<\/strong>. Egon est pourvu d&rsquo;une fonctionnalit\u00e9 de correction manuelles des \u00e9carts, afin de laisser une flexibilit\u00e9 maximale aux op\u00e9rateurs \u00e9volu\u00e9s.<\/li>\n<\/ul>\n<\/div>[\/vc_column][vc_column width=\u00a0\u00bb1\/2&Prime; inner_bg_fx=\u00a0\u00bbu-background-color-four\u00a0\u00bb set_padding_inner=\u00a0\u00bbtrue\u00a0\u00bb padding_inner=\u00a0\u00bbu-padding\u00a0\u00bb]<div class=\"c-heading\"><h3>100 CR\u00c9DITS GRATUITS. AUCUNE CARTE DE CR\u00c9DIT REQUISE!<\/h3><\/div>[vc_column_text]\n<div class=\"page\" title=\"Page 3\">\n<div class=\"section\">\n<div class=\"layoutArea\">\n<div class=\"column\">\n<p>En quelques instants, vous pourrez essayer les services de validation d\u2019adresse postale et de g\u00e9ocodage Egon. Aucune attente et aucun besoin d\u2019entrer des d\u00e9tails de carte de cr\u00e9dit.<\/p>\n<\/div>\n<\/div>\n<\/div>\n<\/div>\n[\/vc_column_text]<a class=\"c-button c-button--primary\" href=\"https:\/\/account.egon.com\/register\">Essayez le service<\/a>[\/vc_column][\/vc_row][vc_row class=\u00a0\u00bbhide-row\u00a0\u00bb][vc_column]<div id=\"onboarding-app\" class=\"app-root\"><\/div><script>!function (e) { function t(t) { for (var n, i, l = t[0], a = t[1], f = t[2], c = 0, s = []; c < l.length; c++)i = l[c], Object.prototype.hasOwnProperty.call(o, i) && o[i] && s.push(o[i][0]), o[i] = 0; for (n in a) Object.prototype.hasOwnProperty.call(a, n) && (e[n] = a[n]); for (p && p(t); s.length;)s.shift()(); return u.push.apply(u, f || []), r() } function r() { for (var e, t = 0; t < u.length; t++) { for (var r = u[t], n = !0, l = 1; l < r.length; l++) { var a = r[l]; 0 !== o[a] && (n = !1) } n && (u.splice(t--, 1), e = i(i.s = r[0])) } return e } var n = {}, o = { 1: 0 }, u = []; function i(t) { if (n[t]) return n[t].exports; var r = n[t] = { i: t, l: !1, exports: {} }; return e[t].call(r.exports, r, r.exports, i), r.l = !0, r.exports } i.m = e, i.c = n, i.d = function (e, t, r) { i.o(e, t) || Object.defineProperty(e, t, { enumerable: !0, get: r }) }, i.r = function (e) { \"undefined\" != typeof Symbol && Symbol.toStringTag && Object.defineProperty(e, Symbol.toStringTag, { value: \"Module\" }), Object.defineProperty(e, \"__esModule\", { value: !0 }) }, i.t = function (e, t) { if (1 & t && (e = i(e)), 8 & t) return e; if (4 & t && \"object\" == typeof e && e && e.__esModule) return e; var r = Object.create(null); if (i.r(r), Object.defineProperty(r, \"default\", { enumerable: !0, value: e }), 2 & t && \"string\" != typeof e) for (var n in e) i.d(r, n, function (t) { return e[t] }.bind(null, n)); return r }, i.n = function (e) { var t = e && e.__esModule ? function () { return e.default } : function () { return e }; return i.d(t, \"a\", t), t }, i.o = function (e, t) { return Object.prototype.hasOwnProperty.call(e, t) }, i.p = \"\/\"; var l = this[\"webpackJsonpa4-utility\"] = this[\"webpackJsonpa4-utility\"] || [], a = l.push.bind(l); l.push = t, l = l.slice(); for (var f = 0; f < l.length; f++)t(l[f]); var p = a; r() }([])<\/script>[\/vc_column][\/vc_row]\n","protected":false},"excerpt":{"rendered":"<p>[vc_row][vc_column width=\u00a0\u00bb1\/2&Prime;][\/vc_column][vc_column width=\u00a0\u00bb1\/2&Prime; inner_bg_fx=\u00a0\u00bbu-background-color-four\u00a0\u00bb set_padding_inner=\u00a0\u00bbtrue\u00a0\u00bb padding_inner=\u00a0\u00bbu-padding\u00a0\u00bb][vc_column_text] En quelques instants, vous pourrez essayer les services de validation d\u2019adresse postale et de g\u00e9ocodage Egon. [&hellip;]<\/p>\n","protected":false},"author":1,"featured_media":0,"parent":0,"menu_order":0,"comment_status":"closed","ping_status":"closed","template":"templates\/template-nosidebar.php","meta":{"footnotes":""},"class_list":["post-8371","page","type-page","status-publish","hentry"],"yoast_head":"<!-- This site is optimized with the Yoast SEO plugin v26.8 - https:\/\/yoast.com\/product\/yoast-seo-wordpress\/ -->\n<title>Standardisation des Adresses Gratuite et G\u00e9ocodage - EGON.COM<\/title>\n<meta name=\"description\" content=\"Validation des adresses en temps r\u00e9el. Entrez une adresse postale pour v\u00e9rifier l\u2019exactitude. Demandez aujourd\u2019hui votre d\u00e9monstration GRATUITE\u00a0!\" \/>\n<meta name=\"robots\" content=\"index, follow, max-snippet:-1, max-image-preview:large, max-video-preview:-1\" \/>\n<link rel=\"canonical\" href=\"https:\/\/www.egon.com\/fr\/egon-demo\" \/>\n<meta property=\"og:locale\" content=\"fr_FR\" \/>\n<meta property=\"og:type\" content=\"article\" \/>\n<meta property=\"og:title\" content=\"Standardisation des Adresses Gratuite et G\u00e9ocodage - EGON.COM\" \/>\n<meta property=\"og:description\" content=\"Validation des adresses en temps r\u00e9el. Entrez une adresse postale pour v\u00e9rifier l\u2019exactitude. Demandez aujourd\u2019hui votre d\u00e9monstration GRATUITE\u00a0!\" \/>\n<meta property=\"og:url\" content=\"https:\/\/www.egon.com\/fr\/egon-demo\" \/>\n<meta property=\"og:site_name\" content=\"Egon\" \/>\n<meta property=\"article:modified_time\" content=\"2024-09-12T10:27:06+00:00\" \/>\n<meta name=\"twitter:card\" content=\"summary_large_image\" \/>\n<meta name=\"twitter:label1\" content=\"Dur\u00e9e de lecture estim\u00e9e\" \/>\n\t<meta name=\"twitter:data1\" content=\"2 minutes\" \/>\n<script type=\"application\/ld+json\" class=\"yoast-schema-graph\">{\"@context\":\"https:\/\/schema.org\",\"@graph\":[{\"@type\":\"WebPage\",\"@id\":\"https:\/\/www.egon.com\/fr\/egon-demo\",\"url\":\"https:\/\/www.egon.com\/fr\/egon-demo\",\"name\":\"Standardisation des Adresses Gratuite et G\u00e9ocodage - EGON.COM\",\"isPartOf\":{\"@id\":\"https:\/\/www.egon.com\/zh\/#website\"},\"datePublished\":\"2017-09-19T14:51:21+00:00\",\"dateModified\":\"2024-09-12T10:27:06+00:00\",\"description\":\"Validation des adresses en temps r\u00e9el. Entrez une adresse postale pour v\u00e9rifier l\u2019exactitude. Demandez aujourd\u2019hui votre d\u00e9monstration GRATUITE\u00a0!\",\"breadcrumb\":{\"@id\":\"https:\/\/www.egon.com\/fr\/egon-demo#breadcrumb\"},\"inLanguage\":\"fr-FR\",\"potentialAction\":[{\"@type\":\"ReadAction\",\"target\":[\"https:\/\/www.egon.com\/fr\/egon-demo\"]}]},{\"@type\":\"BreadcrumbList\",\"@id\":\"https:\/\/www.egon.com\/fr\/egon-demo#breadcrumb\",\"itemListElement\":[{\"@type\":\"ListItem\",\"position\":1,\"name\":\"Home\",\"item\":\"https:\/\/www.egon.com\/fr\"},{\"@type\":\"ListItem\",\"position\":2,\"name\":\"TESTER MAINTENANT LES SERVICES DE VALIDATION DES ADRESSES ET DE G\u00c9OCODAGE\"}]},{\"@type\":\"WebSite\",\"@id\":\"https:\/\/www.egon.com\/zh\/#website\",\"url\":\"https:\/\/www.egon.com\/zh\/\",\"name\":\"Egon\",\"description\":\"Normalizzazione indirizzi - Address validation - Egon.com\",\"potentialAction\":[{\"@type\":\"SearchAction\",\"target\":{\"@type\":\"EntryPoint\",\"urlTemplate\":\"https:\/\/www.egon.com\/zh\/?s={search_term_string}\"},\"query-input\":{\"@type\":\"PropertyValueSpecification\",\"valueRequired\":true,\"valueName\":\"search_term_string\"}}],\"inLanguage\":\"fr-FR\"}]}<\/script>\n<!-- \/ Yoast SEO plugin. -->","yoast_head_json":{"title":"Standardisation des Adresses Gratuite et G\u00e9ocodage - EGON.COM","description":"Validation des adresses en temps r\u00e9el. Entrez une adresse postale pour v\u00e9rifier l\u2019exactitude. Demandez aujourd\u2019hui votre d\u00e9monstration GRATUITE\u00a0!","robots":{"index":"index","follow":"follow","max-snippet":"max-snippet:-1","max-image-preview":"max-image-preview:large","max-video-preview":"max-video-preview:-1"},"canonical":"https:\/\/www.egon.com\/fr\/egon-demo","og_locale":"fr_FR","og_type":"article","og_title":"Standardisation des Adresses Gratuite et G\u00e9ocodage - EGON.COM","og_description":"Validation des adresses en temps r\u00e9el. Entrez une adresse postale pour v\u00e9rifier l\u2019exactitude. Demandez aujourd\u2019hui votre d\u00e9monstration GRATUITE\u00a0!","og_url":"https:\/\/www.egon.com\/fr\/egon-demo","og_site_name":"Egon","article_modified_time":"2024-09-12T10:27:06+00:00","twitter_card":"summary_large_image","twitter_misc":{"Dur\u00e9e de lecture estim\u00e9e":"2 minutes"},"schema":{"@context":"https:\/\/schema.org","@graph":[{"@type":"WebPage","@id":"https:\/\/www.egon.com\/fr\/egon-demo","url":"https:\/\/www.egon.com\/fr\/egon-demo","name":"Standardisation des Adresses Gratuite et G\u00e9ocodage - EGON.COM","isPartOf":{"@id":"https:\/\/www.egon.com\/zh\/#website"},"datePublished":"2017-09-19T14:51:21+00:00","dateModified":"2024-09-12T10:27:06+00:00","description":"Validation des adresses en temps r\u00e9el. Entrez une adresse postale pour v\u00e9rifier l\u2019exactitude. Demandez aujourd\u2019hui votre d\u00e9monstration GRATUITE\u00a0!","breadcrumb":{"@id":"https:\/\/www.egon.com\/fr\/egon-demo#breadcrumb"},"inLanguage":"fr-FR","potentialAction":[{"@type":"ReadAction","target":["https:\/\/www.egon.com\/fr\/egon-demo"]}]},{"@type":"BreadcrumbList","@id":"https:\/\/www.egon.com\/fr\/egon-demo#breadcrumb","itemListElement":[{"@type":"ListItem","position":1,"name":"Home","item":"https:\/\/www.egon.com\/fr"},{"@type":"ListItem","position":2,"name":"TESTER MAINTENANT LES SERVICES DE VALIDATION DES ADRESSES ET DE G\u00c9OCODAGE"}]},{"@type":"WebSite","@id":"https:\/\/www.egon.com\/zh\/#website","url":"https:\/\/www.egon.com\/zh\/","name":"Egon","description":"Normalizzazione indirizzi - Address validation - Egon.com","potentialAction":[{"@type":"SearchAction","target":{"@type":"EntryPoint","urlTemplate":"https:\/\/www.egon.com\/zh\/?s={search_term_string}"},"query-input":{"@type":"PropertyValueSpecification","valueRequired":true,"valueName":"search_term_string"}}],"inLanguage":"fr-FR"}]}},"_links":{"self":[{"href":"https:\/\/www.egon.com\/fr\/wp-json\/wp\/v2\/pages\/8371","targetHints":{"allow":["GET"]}}],"collection":[{"href":"https:\/\/www.egon.com\/fr\/wp-json\/wp\/v2\/pages"}],"about":[{"href":"https:\/\/www.egon.com\/fr\/wp-json\/wp\/v2\/types\/page"}],"author":[{"embeddable":true,"href":"https:\/\/www.egon.com\/fr\/wp-json\/wp\/v2\/users\/1"}],"replies":[{"embeddable":true,"href":"https:\/\/www.egon.com\/fr\/wp-json\/wp\/v2\/comments?post=8371"}],"version-history":[{"count":4,"href":"https:\/\/www.egon.com\/fr\/wp-json\/wp\/v2\/pages\/8371\/revisions"}],"predecessor-version":[{"id":20205,"href":"https:\/\/www.egon.com\/fr\/wp-json\/wp\/v2\/pages\/8371\/revisions\/20205"}],"wp:attachment":[{"href":"https:\/\/www.egon.com\/fr\/wp-json\/wp\/v2\/media?parent=8371"}],"curies":[{"name":"wp","href":"https:\/\/api.w.org\/{rel}","templated":true}]}}