{"id":8359,"date":"2017-09-19T14:47:09","date_gmt":"2017-09-19T14:47:09","guid":{"rendered":"https:\/\/egon.com\/?page_id=8359"},"modified":"2017-10-18T18:27:46","modified_gmt":"2017-10-18T18:27:46","slug":"egon-web-in-the-cloud","status":"publish","type":"page","link":"https:\/\/www.egon.com\/fr\/egon-web-in-the-cloud","title":{"rendered":"QUALIT\u00c9 DES DONN\u00c9ES VIA WEB (IN THE CLOUD)"},"content":{"rendered":"[vc_row holder_set_margin=\u00a0\u00bbtrue\u00a0\u00bb holder_margin=\u00a0\u00bbu-margin-bottom-large\u00a0\u00bb][vc_column]<div class=\"c-mediabox\">\n<div class=\" o-media o-media--responsive\">\n<div class=\"o-media__img\"><img loading=\"lazy\" decoding=\"async\" width=\"336\" height=\"420\" src=\"https:\/\/www.egon.com\/wp-content\/uploads\/2017\/09\/qualite-donnees-web-336x420.jpg\" class=\"attachment-wps_prime_medium size-wps_prime_medium\" alt=\"Qualit\u00e9 des donn\u00e9es via web\" \/><\/div>\n<div class=\"o-media__body\">Egon peut utiliser de fa\u00e7on continue et sur demande (avec des formules de paiement unique ou selon la consommation, en plus des abonnements classiques) sans besoin d\u2019installations particuli\u00e8res dans l\u2019infrastructure informatique de l\u2019entreprise, mais en utilisant de simples\u00a0<span>appels c\u00f4t\u00e9 web<\/span>\u00a0aux \u201c<span>web services<\/span>\u201d disponibles, permettant une communication directe entre les applications de l\u2019entreprise et le moteur Egon, au moyen de langages et d\u2019interfaces standard (wsdl, api\u2026).<\/p>\n<p>Vous ne devez absolument pas vous pr\u00e9occuper des co\u00fbts et des modes d\u2019installation physique de notre application \u00e9tant donn\u00e9 qu\u2019Egon, comme on a l\u2019habitude de dire, est disponible pour vous directement \u201c<span>In the Cloud<\/span>\u201d (<span>Dans les nuages<\/span>) et que vous\u00a0<span>n\u2019ach\u00e8terez que le service<\/span>, alors que nous nous occuperons de toute l\u2019infrastructure technique et logistique au moyen des installations dans des serveurs nous appartenant et sous notre contr\u00f4le.<\/div>\n<\/div>\n<\/div>\n[\/vc_column][\/vc_row][vc_row][vc_column]<div class=\"templatera_shortcode\"><div class=\"o-holder u-background-pos-bottom-right u-background-cover u-background-color-one u-margin-bottom-large\" style='background-image:url(https:\/\/www.egon.com\/wp-content\/uploads\/2017\/07\/pattern.svg);'><div class=\"grid-1 grid--middle\"><div class=\"col _lap-and-up-9\" ><div class=\"col_inner u-padding\"><div class=\"c-heading\"><h4 class=\" u-text-color-invert u-text-bold u-margin-bottom-none u-padding-vertical\">D\u00c9SIREZ-VOUS TESTER IMM\u00c9DIATEMENT LA FORCE DE NOTRE APPLICATION ?<\/h4><\/div><div class=\"c-text-block u-text-color-invert\"><p>Nous \u00e9valuerons ensemble, sans aucun engagement de votre part, la solution la plus adapt\u00e9e pour satisfaire vos exigences, vous permettant aussi d\u2019<span>essayer gratuitement quelques-uns de nos services de base<\/span>, afin de vous faire comprendre les grandes potentialit\u00e9s de notre produit.<\/p>\n <\/div><\/div><\/div><div class=\"col _lap-and-up-3\" ><div class=\"col_inner u-padding\"><div class=\"c-button-holder c-button-holder--center\"><a class=\"c-button c-button--center c-button--white  c-button--ghost\" href=\"https:\/\/www.egon.com\/company\/contact-us\">CONTACTEZ-NOUS TOUT DE SUITE <\/a><\/div><\/div><\/div>\n<\/div><\/div><\/div>[\/vc_column][\/vc_row][vc_row holder_set_margin=\u00a0\u00bbtrue\u00a0\u00bb holder_margin=\u00a0\u00bbu-margin-bottom\u00a0\u00bb][vc_column]<div class=\"c-heading\"><h3 class=\" u-text-bolder\">DES NUAGES \u00c0 L\u2019ENTREPRISE, LA QUALIT\u00c9 DES DONN\u00c9ES VIA WEB<\/h3><\/div>[vc_column_text]Toutes les entreprises, des plus grandes et structur\u00e9es \u00e0 l\u2019entreprise artisanale de province, doivent g\u00e9rer quotidiennement un r\u00e9seau d\u2019information en croissance continue et en d\u00e9t\u00e9rioration progressive du point de vue qualitatif. Souvent, perdre la coh\u00e9rence des bases de donn\u00e9es comporte in\u00e9vitablement l\u2019impossibilit\u00e9 d\u2019utiliser efficacement les donn\u00e9es pour des buts diff\u00e9rents. Par exemple comment est-il possible d\u2019envoyer des campagnes publicitaires relatives aux nouveaut\u00e9s ou aux derni\u00e8res offres ou comment est-il possible d\u2019envoyer des communications importantes en toute tranquillit\u00e9 si l\u2019on n\u2019a pas la certitude d\u2019avoir \u00e0 disposition des donn\u00e9es et des adresses correctes sur son parc clients\/fournisseurs ? Envoyer des communications postales ou num\u00e9riques erron\u00e9es ou doubles \u00e0 cause d\u2019une mauvaise qualit\u00e9 des fichiers, signifie se montrer sous un jour d\u00e9favorable aux yeux des acheteurs ou \u00eatre consid\u00e9r\u00e9s et signal\u00e9s comme des spammers.<\/p>\n<p>Si l\u2019on n\u2019est pas en mesure de r\u00e9cup\u00e9rer de la base de donn\u00e9es des informations diff\u00e9rentes et non-homog\u00e8nes concernant les m\u00eames utilisateurs, il devient impossible d\u2019effectuer un profilage correct de ses clients et l\u2019immense disponibilit\u00e9 d\u2019informations \u00e0 disposition devient inutile :<\/p>\n<p><em><span>une information non homog\u00e8ne correspond \u00e0 une information inutilisable<\/span><\/em><\/p>\n<p>Dans ce sens, notre mission est de pouvoir garantir \u00e0 toutes les entreprises, m\u00eame les petites et moyennes entreprises, la possibilit\u00e9 de normaliser ses fichiers d\u2019informations et tous les services Egon, dans des\u00a0<span>d\u00e9lais rapides<\/span>\u00a0et d\u2019une\u00a0<span>fa\u00e7on extr\u00eamement pratique<\/span>, directement\u00a0<span>via internet<\/span>.<\/p>\n<p>Ce projet qui a abouti r\u00e9cemment dans la mise en \u0153uvre du module \u201c<span>Egon web<\/span>\u201d pour la qualit\u00e9 des donn\u00e9es, a \u00e9galement permis aux soci\u00e9t\u00e9s qui ne peuvent pas supporter des frais importants ou qui ne d\u00e9sirent pas trop investir dans l\u2019innovation, d\u2019investir d\u2019une fa\u00e7on sp\u00e9cifique dans la qualit\u00e9 et de faire un pas en avant important.[\/vc_column_text][\/vc_column][\/vc_row][vc_row holder_set_margin=\u00a0\u00bbtrue\u00a0\u00bb holder_margin=\u00a0\u00bbu-margin-bottom-large\u00a0\u00bb][vc_column]<div class=\"templatera_shortcode\"><div class=\"o-holder u-background-pos-bottom-right u-background-cover u-background-color-one u-margin-bottom-large\" style='background-image:url(https:\/\/www.egon.com\/wp-content\/uploads\/2017\/07\/pattern.svg);'><div class=\"grid-1 grid--middle\"><div class=\"col _lap-and-up-9\" ><div class=\"col_inner u-padding\"><div class=\"c-heading\"><h3 class=\" u-text-color-invert u-text-bolder u-margin-bottom-none u-padding-vertical\">CONTACTEZ-NOUS ET ESSAYEZ TOUT DE SUITE LA SOLUTION WEB POUR VOS DONN\u00c9ES<\/h3><\/div><\/div><\/div><div class=\"col _lap-and-up-3\" ><div class=\"col_inner u-padding\"><div class=\"c-button-holder c-button-holder--center\"><a class=\"c-button c-button--center c-button--white  c-button--ghost\" href=\"https:\/\/www.egon.com\/egon-demo\">ESSAYER LA D\u00c9MO<\/a><\/div><\/div><\/div>\n<\/div><\/div><\/div>[\/vc_column][\/vc_row]\n","protected":false},"excerpt":{"rendered":"CONTACTEZ-NOUS ET ESSAYEZ TOUT DE SUITE LA SOLUTION WEB POUR VOS DONN\u00c9ESESSAYER LA D\u00c9MO","protected":false},"author":1,"featured_media":0,"parent":0,"menu_order":0,"comment_status":"closed","ping_status":"closed","template":"templates\/template-nosidebar.php","meta":{"footnotes":""},"class_list":["post-8359","page","type-page","status-publish","hentry"],"yoast_head":"<!-- This site is optimized with the Yoast SEO plugin v26.8 - https:\/\/yoast.com\/product\/yoast-seo-wordpress\/ -->\n<title>Qualit\u00e9 des donn\u00e9es via web (in the cloud) - EGON<\/title>\n<meta name=\"description\" content=\"Vous pourrez utiliser Egon directement via web, sans aucune installation en local, par le biais de simples appels internet \u00e0 nos web services.\" \/>\n<meta name=\"robots\" content=\"index, follow, max-snippet:-1, max-image-preview:large, max-video-preview:-1\" \/>\n<link rel=\"canonical\" href=\"https:\/\/www.egon.com\/fr\/egon-web-in-the-cloud\" \/>\n<meta property=\"og:locale\" content=\"fr_FR\" \/>\n<meta property=\"og:type\" content=\"article\" \/>\n<meta property=\"og:title\" content=\"Qualit\u00e9 des donn\u00e9es via web (in the cloud) - EGON\" \/>\n<meta property=\"og:description\" content=\"Vous pourrez utiliser Egon directement via web, sans aucune installation en local, par le biais de simples appels internet \u00e0 nos web services.\" \/>\n<meta property=\"og:url\" content=\"https:\/\/www.egon.com\/fr\/egon-web-in-the-cloud\" \/>\n<meta property=\"og:site_name\" content=\"Egon\" \/>\n<meta property=\"article:modified_time\" content=\"2017-10-18T18:27:46+00:00\" \/>\n<meta name=\"twitter:card\" content=\"summary_large_image\" \/>\n<meta name=\"twitter:label1\" content=\"Dur\u00e9e de lecture estim\u00e9e\" \/>\n\t<meta name=\"twitter:data1\" content=\"3 minutes\" \/>\n<script type=\"application\/ld+json\" class=\"yoast-schema-graph\">{\"@context\":\"https:\/\/schema.org\",\"@graph\":[{\"@type\":\"WebPage\",\"@id\":\"https:\/\/www.egon.com\/fr\/egon-web-in-the-cloud\",\"url\":\"https:\/\/www.egon.com\/fr\/egon-web-in-the-cloud\",\"name\":\"Qualit\u00e9 des donn\u00e9es via web (in the cloud) - EGON\",\"isPartOf\":{\"@id\":\"https:\/\/www.egon.com\/zh\/#website\"},\"datePublished\":\"2017-09-19T14:47:09+00:00\",\"dateModified\":\"2017-10-18T18:27:46+00:00\",\"description\":\"Vous pourrez utiliser Egon directement via web, sans aucune installation en local, par le biais de simples appels internet \u00e0 nos web services.\",\"breadcrumb\":{\"@id\":\"https:\/\/www.egon.com\/fr\/egon-web-in-the-cloud#breadcrumb\"},\"inLanguage\":\"fr-FR\",\"potentialAction\":[{\"@type\":\"ReadAction\",\"target\":[\"https:\/\/www.egon.com\/fr\/egon-web-in-the-cloud\"]}]},{\"@type\":\"BreadcrumbList\",\"@id\":\"https:\/\/www.egon.com\/fr\/egon-web-in-the-cloud#breadcrumb\",\"itemListElement\":[{\"@type\":\"ListItem\",\"position\":1,\"name\":\"Home\",\"item\":\"https:\/\/www.egon.com\/fr\"},{\"@type\":\"ListItem\",\"position\":2,\"name\":\"QUALIT\u00c9 DES DONN\u00c9ES VIA WEB (IN THE CLOUD)\"}]},{\"@type\":\"WebSite\",\"@id\":\"https:\/\/www.egon.com\/zh\/#website\",\"url\":\"https:\/\/www.egon.com\/zh\/\",\"name\":\"Egon\",\"description\":\"Normalizzazione indirizzi - Address validation - Egon.com\",\"potentialAction\":[{\"@type\":\"SearchAction\",\"target\":{\"@type\":\"EntryPoint\",\"urlTemplate\":\"https:\/\/www.egon.com\/zh\/?s={search_term_string}\"},\"query-input\":{\"@type\":\"PropertyValueSpecification\",\"valueRequired\":true,\"valueName\":\"search_term_string\"}}],\"inLanguage\":\"fr-FR\"}]}<\/script>\n<!-- \/ Yoast SEO plugin. -->","yoast_head_json":{"title":"Qualit\u00e9 des donn\u00e9es via web (in the cloud) - EGON","description":"Vous pourrez utiliser Egon directement via web, sans aucune installation en local, par le biais de simples appels internet \u00e0 nos web services.","robots":{"index":"index","follow":"follow","max-snippet":"max-snippet:-1","max-image-preview":"max-image-preview:large","max-video-preview":"max-video-preview:-1"},"canonical":"https:\/\/www.egon.com\/fr\/egon-web-in-the-cloud","og_locale":"fr_FR","og_type":"article","og_title":"Qualit\u00e9 des donn\u00e9es via web (in the cloud) - EGON","og_description":"Vous pourrez utiliser Egon directement via web, sans aucune installation en local, par le biais de simples appels internet \u00e0 nos web services.","og_url":"https:\/\/www.egon.com\/fr\/egon-web-in-the-cloud","og_site_name":"Egon","article_modified_time":"2017-10-18T18:27:46+00:00","twitter_card":"summary_large_image","twitter_misc":{"Dur\u00e9e de lecture estim\u00e9e":"3 minutes"},"schema":{"@context":"https:\/\/schema.org","@graph":[{"@type":"WebPage","@id":"https:\/\/www.egon.com\/fr\/egon-web-in-the-cloud","url":"https:\/\/www.egon.com\/fr\/egon-web-in-the-cloud","name":"Qualit\u00e9 des donn\u00e9es via web (in the cloud) - EGON","isPartOf":{"@id":"https:\/\/www.egon.com\/zh\/#website"},"datePublished":"2017-09-19T14:47:09+00:00","dateModified":"2017-10-18T18:27:46+00:00","description":"Vous pourrez utiliser Egon directement via web, sans aucune installation en local, par le biais de simples appels internet \u00e0 nos web services.","breadcrumb":{"@id":"https:\/\/www.egon.com\/fr\/egon-web-in-the-cloud#breadcrumb"},"inLanguage":"fr-FR","potentialAction":[{"@type":"ReadAction","target":["https:\/\/www.egon.com\/fr\/egon-web-in-the-cloud"]}]},{"@type":"BreadcrumbList","@id":"https:\/\/www.egon.com\/fr\/egon-web-in-the-cloud#breadcrumb","itemListElement":[{"@type":"ListItem","position":1,"name":"Home","item":"https:\/\/www.egon.com\/fr"},{"@type":"ListItem","position":2,"name":"QUALIT\u00c9 DES DONN\u00c9ES VIA WEB (IN THE CLOUD)"}]},{"@type":"WebSite","@id":"https:\/\/www.egon.com\/zh\/#website","url":"https:\/\/www.egon.com\/zh\/","name":"Egon","description":"Normalizzazione indirizzi - Address validation - Egon.com","potentialAction":[{"@type":"SearchAction","target":{"@type":"EntryPoint","urlTemplate":"https:\/\/www.egon.com\/zh\/?s={search_term_string}"},"query-input":{"@type":"PropertyValueSpecification","valueRequired":true,"valueName":"search_term_string"}}],"inLanguage":"fr-FR"}]}},"_links":{"self":[{"href":"https:\/\/www.egon.com\/fr\/wp-json\/wp\/v2\/pages\/8359","targetHints":{"allow":["GET"]}}],"collection":[{"href":"https:\/\/www.egon.com\/fr\/wp-json\/wp\/v2\/pages"}],"about":[{"href":"https:\/\/www.egon.com\/fr\/wp-json\/wp\/v2\/types\/page"}],"author":[{"embeddable":true,"href":"https:\/\/www.egon.com\/fr\/wp-json\/wp\/v2\/users\/1"}],"replies":[{"embeddable":true,"href":"https:\/\/www.egon.com\/fr\/wp-json\/wp\/v2\/comments?post=8359"}],"version-history":[{"count":0,"href":"https:\/\/www.egon.com\/fr\/wp-json\/wp\/v2\/pages\/8359\/revisions"}],"wp:attachment":[{"href":"https:\/\/www.egon.com\/fr\/wp-json\/wp\/v2\/media?parent=8359"}],"curies":[{"name":"wp","href":"https:\/\/api.w.org\/{rel}","templated":true}]}}