{"id":8347,"date":"2017-09-19T14:44:52","date_gmt":"2017-09-19T14:44:52","guid":{"rendered":"https:\/\/egon.com\/?page_id=8347"},"modified":"2017-10-18T17:05:28","modified_gmt":"2017-10-18T17:05:28","slug":"egon-on-site-on-premises-fr","status":"publish","type":"page","link":"https:\/\/www.egon.com\/fr\/egon-on-site-on-premises-fr","title":{"rendered":"EGON SUR SITE (DANS LES LOCAUX)"},"content":{"rendered":"[vc_row holder_set_margin=\u00a0\u00bbtrue\u00a0\u00bb holder_margin=\u00a0\u00bbu-margin-bottom\u00a0\u00bb][vc_column]<div class=\"c-mediabox\">\n<div class=\" o-media o-media--responsive\">\n<div class=\"o-media__img\"><img loading=\"lazy\" decoding=\"async\" width=\"425\" height=\"265\" src=\"https:\/\/www.egon.com\/wp-content\/uploads\/2017\/07\/install-software-425x265.jpg\" class=\"attachment-wps_child_medium_inter size-wps_child_medium_inter\" alt=\"\" \/><\/div>\n<div class=\"o-media__body\">\n<h3 class=\"u-text-bolder\">SECURIT\u00c9 ET PERFORMANCE<\/h3>\n<p>Egon est distribu\u00e9 et activ\u00e9 au moyen d&rsquo;une installation locale sp\u00e9cifique sur le serveur du client et op\u00e8re via l&rsquo;intranet de l&rsquo;entreprise via un dialogue continu entre les processus d&rsquo;application du logiciel de l&rsquo;entreprise et le moteur.<\/p>\n<p><span>Egon dans les locaux<\/span>: toute la s\u00e9curit\u00e9 d&rsquo;une installation locale traditionnelle &#8230;<\/div>\n<\/div>\n<\/div>\n[\/vc_column][\/vc_row][vc_row row_v_align=\u00a0\u00bbgrid&#8211;middle\u00a0\u00bb holder_set_margin=\u00a0\u00bbtrue\u00a0\u00bb holder_img=\u00a0\u00bb293&Prime; holder_img_behave=\u00a0\u00bbu-background-cover\u00a0\u00bb holder_img_pos=\u00a0\u00bbu-background-pos-bottom-right\u00a0\u00bb holder_bg_fx=\u00a0\u00bbu-background-color-one\u00a0\u00bb holder_margin=\u00a0\u00bbu-margin-bottom-large\u00a0\u00bb][vc_column width=\u00a0\u00bb3\/4&Prime; set_padding_inner=\u00a0\u00bbtrue\u00a0\u00bb padding_inner=\u00a0\u00bbu-padding\u00a0\u00bb]<div class=\"c-heading\"><h3 class=\" u-text-color-invert u-text-bolder u-margin-bottom-none u-padding-vertical\">CONTACTEZ-NOUS ET D\u00c9COUVREZ COMMENT IMPL\u00c9MENTER TOUT DE SUITE EGON DANS VOTRE ENTREPRISE<\/h3><\/div>[\/vc_column][vc_column width=\u00a0\u00bb1\/4&Prime;]<div class=\"c-button-holder c-button-holder--center\"><a class=\"c-button c-button--center c-button--white  c-button--ghost\" href=\"https:\/\/www.egon.com\/fr\/societe\/contactez-nous\">CONTACTEZ-NOUS<\/a><\/div>[\/vc_column][\/vc_row][vc_row][vc_column][vc_column_text]De toute \u00e9vidence, ce type d&rsquo;utilisation implique des co\u00fbts de mise en \u0153uvre plus \u00e9lev\u00e9s, en raison de la sp\u00e9cificit\u00e9 de l&rsquo;installation locale dans le serveur de l&rsquo;entreprise. Cependant, en d\u00e9pit de l&rsquo;investissement initial plus \u00e9lev\u00e9, ce service est encore un favori avec la cible d&rsquo;utilisateurs plus technologiquement avanc\u00e9s, qui n\u00e9cessitent des contr\u00f4les complets de l&rsquo;infrastructure technique compl\u00e8te dont ils ont besoin pour leurs op\u00e9rations efficaces.[\/vc_column_text]<div class=\" c-divider c-divider--dashed\"\/><\/div><div class=\"c-heading\"><h3>COMMENT UTILISER EGON DANS LES OUTILS LOGICIELS DE L'ENTREPRISE<\/h3><\/div>[vc_column_text]Pour l&rsquo;instant, Egon peut \u00eatre utilis\u00e9 de la mani\u00e8re suivante:<\/p>\n<ul>\n<li><a href=\"https:\/\/www.egon.com\/fr\/mode-d-utilisation\/batch\"><span>Batch<\/span><\/a>: Egon prend une base de donn\u00e9es enti\u00e8re et la nettoie, renvoyant une nouvelle base de donn\u00e9es valid\u00e9e en sortie.<\/li>\n<li><a href=\"https:\/\/www.egon.com\/fr\/mode-d-utilisation\/integre\"><span>Int\u00e9gration dans le logiciel d&rsquo;application d&rsquo;entreprise<\/span>(en ligne &#8211; batch)<\/a>: via le service Web ,Egon est int\u00e9gr\u00e9 dans le logiciel d&rsquo;application d&rsquo;entreprise qui l&rsquo;exploite en temps r\u00e9el (Egon fonctionne en ligne via l&rsquo;intranet de l&rsquo;entreprise, directement lors de l&rsquo;ex\u00e9cution de l&rsquo;application, pour am\u00e9liorer les entr\u00e9es de donn\u00e9es ) ou en mode batch automatique dans les processus.<\/li>\n<li><a href=\"https:\/\/www.egon.com\/fr\/mode-d-utilisation\/integre\"><span>Int\u00e9gration dans les applications d&rsquo;entreprise standard en tant que plug-in<\/span><\/a>: dans ce cas, Egon est int\u00e9gr\u00e9 dans les syst\u00e8mes locaux actuels tels qu\u2019Oracle, Google, Windows, SAP, etc.<\/li>\n<li><a href=\"https:\/\/www.egon.com\/fr\/mode-d-utilisation\/en-ligne\"><span>En ligne<\/span><\/a>: qui est une interface Web o\u00f9 les fonctions individuelles peuvent \u00eatre exploit\u00e9es en temps r\u00e9el, telle que la validation d&rsquo;une seule adresse.<\/li>\n<li><a href=\"https:\/\/www.egon.com\/fr\/mode-d-utilisation\/achevement-automatique\"><span>Autocompl\u00e8te<\/span><\/a>: sauvegarde d&rsquo;entr\u00e9e de donn\u00e9es avec des suggestions automatiques de valeurs possibles en temps r\u00e9el, pendant la saisie des donn\u00e9es et l&rsquo;entr\u00e9e dans les formulaires de base.<\/li>\n<\/ul>\n[\/vc_column_text][\/vc_column][\/vc_row]\n","protected":false},"excerpt":{"rendered":"<p>[vc_row holder_set_margin=\u00a0\u00bbtrue\u00a0\u00bb holder_margin=\u00a0\u00bbu-margin-bottom\u00a0\u00bb][vc_column][\/vc_column][\/vc_row][vc_row row_v_align=\u00a0\u00bbgrid&#8211;middle\u00a0\u00bb holder_set_margin=\u00a0\u00bbtrue\u00a0\u00bb holder_img=\u00a0\u00bb293&Prime; holder_img_behave=\u00a0\u00bbu-background-cover\u00a0\u00bb holder_img_pos=\u00a0\u00bbu-background-pos-bottom-right\u00a0\u00bb holder_bg_fx=\u00a0\u00bbu-background-color-one\u00a0\u00bb holder_margin=\u00a0\u00bbu-margin-bottom-large\u00a0\u00bb][vc_column width=\u00a0\u00bb3\/4&Prime; set_padding_inner=\u00a0\u00bbtrue\u00a0\u00bb padding_inner=\u00a0\u00bbu-padding\u00a0\u00bb][\/vc_column][vc_column width=\u00a0\u00bb1\/4&Prime;][\/vc_column][\/vc_row][vc_row][vc_column][vc_column_text]De toute \u00e9vidence, ce type d&rsquo;utilisation implique des co\u00fbts [&hellip;]<\/p>\n","protected":false},"author":1,"featured_media":0,"parent":0,"menu_order":0,"comment_status":"closed","ping_status":"closed","template":"templates\/template-nosidebar.php","meta":{"footnotes":""},"class_list":["post-8347","page","type-page","status-publish","hentry"],"yoast_head":"<!-- This site is optimized with the Yoast SEO plugin v26.8 - https:\/\/yoast.com\/product\/yoast-seo-wordpress\/ -->\n<title>Egon Sur Place : la qualit\u00e9 des donn\u00e9es chez vous - EGON.COM<\/title>\n<meta name=\"description\" content=\"Egon Sur Place : installation de la suite Egon dans le centre de donn\u00e9es du client et utilisation rapide et directe par l\u2019interm\u00e9diaire d\u2019intranet\" \/>\n<meta name=\"robots\" content=\"index, follow, max-snippet:-1, max-image-preview:large, max-video-preview:-1\" \/>\n<link rel=\"canonical\" href=\"https:\/\/www.egon.com\/fr\/egon-on-site-on-premises-fr\" \/>\n<meta property=\"og:locale\" content=\"fr_FR\" \/>\n<meta property=\"og:type\" content=\"article\" \/>\n<meta property=\"og:title\" content=\"Egon Sur Place : la qualit\u00e9 des donn\u00e9es chez vous - EGON.COM\" \/>\n<meta property=\"og:description\" content=\"Egon Sur Place : installation de la suite Egon dans le centre de donn\u00e9es du client et utilisation rapide et directe par l\u2019interm\u00e9diaire d\u2019intranet\" \/>\n<meta property=\"og:url\" content=\"https:\/\/www.egon.com\/fr\/egon-on-site-on-premises-fr\" \/>\n<meta property=\"og:site_name\" content=\"Egon\" \/>\n<meta property=\"article:modified_time\" content=\"2017-10-18T17:05:28+00:00\" \/>\n<meta name=\"twitter:card\" content=\"summary_large_image\" \/>\n<meta name=\"twitter:label1\" content=\"Dur\u00e9e de lecture estim\u00e9e\" \/>\n\t<meta name=\"twitter:data1\" content=\"2 minutes\" \/>\n<script type=\"application\/ld+json\" class=\"yoast-schema-graph\">{\"@context\":\"https:\/\/schema.org\",\"@graph\":[{\"@type\":\"WebPage\",\"@id\":\"https:\/\/www.egon.com\/fr\/egon-on-site-on-premises-fr\",\"url\":\"https:\/\/www.egon.com\/fr\/egon-on-site-on-premises-fr\",\"name\":\"Egon Sur Place : la qualit\u00e9 des donn\u00e9es chez vous - EGON.COM\",\"isPartOf\":{\"@id\":\"https:\/\/www.egon.com\/zh\/#website\"},\"datePublished\":\"2017-09-19T14:44:52+00:00\",\"dateModified\":\"2017-10-18T17:05:28+00:00\",\"description\":\"Egon Sur Place : installation de la suite Egon dans le centre de donn\u00e9es du client et utilisation rapide et directe par l\u2019interm\u00e9diaire d\u2019intranet\",\"breadcrumb\":{\"@id\":\"https:\/\/www.egon.com\/fr\/egon-on-site-on-premises-fr#breadcrumb\"},\"inLanguage\":\"fr-FR\",\"potentialAction\":[{\"@type\":\"ReadAction\",\"target\":[\"https:\/\/www.egon.com\/fr\/egon-on-site-on-premises-fr\"]}]},{\"@type\":\"BreadcrumbList\",\"@id\":\"https:\/\/www.egon.com\/fr\/egon-on-site-on-premises-fr#breadcrumb\",\"itemListElement\":[{\"@type\":\"ListItem\",\"position\":1,\"name\":\"Home\",\"item\":\"https:\/\/www.egon.com\/fr\"},{\"@type\":\"ListItem\",\"position\":2,\"name\":\"EGON SUR SITE (DANS LES LOCAUX)\"}]},{\"@type\":\"WebSite\",\"@id\":\"https:\/\/www.egon.com\/zh\/#website\",\"url\":\"https:\/\/www.egon.com\/zh\/\",\"name\":\"Egon\",\"description\":\"Normalizzazione indirizzi - Address validation - Egon.com\",\"potentialAction\":[{\"@type\":\"SearchAction\",\"target\":{\"@type\":\"EntryPoint\",\"urlTemplate\":\"https:\/\/www.egon.com\/zh\/?s={search_term_string}\"},\"query-input\":{\"@type\":\"PropertyValueSpecification\",\"valueRequired\":true,\"valueName\":\"search_term_string\"}}],\"inLanguage\":\"fr-FR\"}]}<\/script>\n<!-- \/ Yoast SEO plugin. -->","yoast_head_json":{"title":"Egon Sur Place : la qualit\u00e9 des donn\u00e9es chez vous - EGON.COM","description":"Egon Sur Place : installation de la suite Egon dans le centre de donn\u00e9es du client et utilisation rapide et directe par l\u2019interm\u00e9diaire d\u2019intranet","robots":{"index":"index","follow":"follow","max-snippet":"max-snippet:-1","max-image-preview":"max-image-preview:large","max-video-preview":"max-video-preview:-1"},"canonical":"https:\/\/www.egon.com\/fr\/egon-on-site-on-premises-fr","og_locale":"fr_FR","og_type":"article","og_title":"Egon Sur Place : la qualit\u00e9 des donn\u00e9es chez vous - EGON.COM","og_description":"Egon Sur Place : installation de la suite Egon dans le centre de donn\u00e9es du client et utilisation rapide et directe par l\u2019interm\u00e9diaire d\u2019intranet","og_url":"https:\/\/www.egon.com\/fr\/egon-on-site-on-premises-fr","og_site_name":"Egon","article_modified_time":"2017-10-18T17:05:28+00:00","twitter_card":"summary_large_image","twitter_misc":{"Dur\u00e9e de lecture estim\u00e9e":"2 minutes"},"schema":{"@context":"https:\/\/schema.org","@graph":[{"@type":"WebPage","@id":"https:\/\/www.egon.com\/fr\/egon-on-site-on-premises-fr","url":"https:\/\/www.egon.com\/fr\/egon-on-site-on-premises-fr","name":"Egon Sur Place : la qualit\u00e9 des donn\u00e9es chez vous - EGON.COM","isPartOf":{"@id":"https:\/\/www.egon.com\/zh\/#website"},"datePublished":"2017-09-19T14:44:52+00:00","dateModified":"2017-10-18T17:05:28+00:00","description":"Egon Sur Place : installation de la suite Egon dans le centre de donn\u00e9es du client et utilisation rapide et directe par l\u2019interm\u00e9diaire d\u2019intranet","breadcrumb":{"@id":"https:\/\/www.egon.com\/fr\/egon-on-site-on-premises-fr#breadcrumb"},"inLanguage":"fr-FR","potentialAction":[{"@type":"ReadAction","target":["https:\/\/www.egon.com\/fr\/egon-on-site-on-premises-fr"]}]},{"@type":"BreadcrumbList","@id":"https:\/\/www.egon.com\/fr\/egon-on-site-on-premises-fr#breadcrumb","itemListElement":[{"@type":"ListItem","position":1,"name":"Home","item":"https:\/\/www.egon.com\/fr"},{"@type":"ListItem","position":2,"name":"EGON SUR SITE (DANS LES LOCAUX)"}]},{"@type":"WebSite","@id":"https:\/\/www.egon.com\/zh\/#website","url":"https:\/\/www.egon.com\/zh\/","name":"Egon","description":"Normalizzazione indirizzi - Address validation - Egon.com","potentialAction":[{"@type":"SearchAction","target":{"@type":"EntryPoint","urlTemplate":"https:\/\/www.egon.com\/zh\/?s={search_term_string}"},"query-input":{"@type":"PropertyValueSpecification","valueRequired":true,"valueName":"search_term_string"}}],"inLanguage":"fr-FR"}]}},"_links":{"self":[{"href":"https:\/\/www.egon.com\/fr\/wp-json\/wp\/v2\/pages\/8347","targetHints":{"allow":["GET"]}}],"collection":[{"href":"https:\/\/www.egon.com\/fr\/wp-json\/wp\/v2\/pages"}],"about":[{"href":"https:\/\/www.egon.com\/fr\/wp-json\/wp\/v2\/types\/page"}],"author":[{"embeddable":true,"href":"https:\/\/www.egon.com\/fr\/wp-json\/wp\/v2\/users\/1"}],"replies":[{"embeddable":true,"href":"https:\/\/www.egon.com\/fr\/wp-json\/wp\/v2\/comments?post=8347"}],"version-history":[{"count":0,"href":"https:\/\/www.egon.com\/fr\/wp-json\/wp\/v2\/pages\/8347\/revisions"}],"wp:attachment":[{"href":"https:\/\/www.egon.com\/fr\/wp-json\/wp\/v2\/media?parent=8347"}],"curies":[{"name":"wp","href":"https:\/\/api.w.org\/{rel}","templated":true}]}}