{"id":8293,"date":"2017-09-19T14:29:15","date_gmt":"2017-09-19T14:29:15","guid":{"rendered":"https:\/\/egon.com\/?page_id=8293"},"modified":"2019-04-19T12:12:34","modified_gmt":"2019-04-19T12:12:34","slug":"equipe","status":"publish","type":"page","link":"https:\/\/www.egon.com\/fr\/societe\/equipe","title":{"rendered":"\u00c9quipe"},"content":{"rendered":"[vc_row][vc_column][vc_column_text]Nos collaborateurs poss\u00e8dent une grande exp\u00e9rience et des connaissances approfondies acquises au cours de nombreuses ann\u00e9es de travail. Gr\u00e2ce \u00e0 leur pr\u00e9cieuse collaboration, nous avons toujours su donner des r\u00e9ponses rapides et professionnelles aux besoins croissants du march\u00e9 et obtenir des r\u00e9sultats exceptionnels d\u00e8s le d\u00e9but.[\/vc_column_text]<div class=\"c-mediabox u-margin-bottom\">\n<div class=\" o-media o-media--responsive\">\n<div class=\"o-media__img\"><img loading=\"lazy\" decoding=\"async\" width=\"336\" height=\"420\" src=\"https:\/\/www.egon.com\/wp-content\/uploads\/2017\/07\/company-staff-e1501220020532-336x420.jpg\" class=\"attachment-wps_prime_medium size-wps_prime_medium\" alt=\"\" \/><\/div>\n<div class=\"o-media__body\">\n<h3>ATTENTION \u00c0 LA PERSONNE COMME STRAT\u00c9GIE DE SUCC\u00c8S<\/h3>\n<p>Notre \u00e9quipe se distingue avant tout par sa structure. En harmonie avec les strat\u00e9gies de l&rsquo;entreprise, l&rsquo;\u00e9quipe a \u00e9t\u00e9 cr\u00e9\u00e9e et g\u00e9r\u00e9e avec une attention particuli\u00e8re aux personnes, \u00e0 leurs int\u00e9r\u00eats et leurs habitudes, afin d\u2019alimenter l&rsquo;enthousiasme avec lequel elles font face au travail chaque jour.<\/p>\n<p>Nous croyons que le succ\u00e8s est \u00e9troitement li\u00e9 \u00e0 la valeur et au bien-\u00eatre de notre personnel et nous visons \u00e0 cr\u00e9er un lieu de travail stimulant dans lequel chacun peut cultiver ses propres ambitions et son talent.\n<\/div>\n<\/div>\n<\/div>\n<div class=\" c-divider c-divider--dashed\"\/><\/div><div class=\"c-heading\"><h3 class=\" u-text-bolder\">LE PROJET COMPREND LES BESOINS DU CLIENT<\/h3><\/div>[vc_column_text]Chaque jour, notre \u00e9quipe participe \u00e0 divers projets, en collaborant activement dans nos bureaux et \u00e0 distance, depuis nos succursales ainsi que depuis les bureaux de nos clients. Notre organisation est flexible et collaborative, reformul\u00e9e pour chaque projet afin de satisfaire pleinement les besoins sp\u00e9cifiques de chaque client.[\/vc_column_text][\/vc_column][\/vc_row][vc_row holder_set_margin=\u00a0\u00bbtrue\u00a0\u00bb holder_margin=\u00a0\u00bbu-margin-bottom-large\u00a0\u00bb][vc_column]<div class=\"templatera_shortcode\"><div class=\"o-holder u-background-ca-one u-padding-vertical-large\"><div class=\" o-wrapper\"><div class=\"grid-1\"><div class=\"col _lap-and-up-12\" ><div class=\"c-heading\"><h3 class=\" u-text-color-invert u-text-center\">D\u00c9COUVREZ COMMENT NOTRE LOGICIEL DE GESTION DES DONN\u00c9ES PEUT VOUS AIDER \u00c0 D\u00c9VELOPPER VOTRE ENTREPRISE!<\/h3><\/div><div class=\"c-button-holder c-button-holder--center\"><a class=\"c-button u-text-bold c-button--center c-button--white  c-button--ghost\" href=\"https:\/\/www.egon.com\/company\/contact-us\">CONTACTEZ-NOUS<\/a><\/div><\/div>\n<\/div><\/div><\/div>\r\n<\/div>[\/vc_column][\/vc_row]\n","protected":false},"excerpt":{"rendered":"D\u00c9COUVREZ COMMENT NOTRE LOGICIEL DE GESTION DES DONN\u00c9ES PEUT VOUS AIDER \u00c0 D\u00c9VELOPPER VOTRE ENTREPRISE!CONTACTEZ-NOUS","protected":false},"author":1,"featured_media":0,"parent":8267,"menu_order":0,"comment_status":"closed","ping_status":"closed","template":"templates\/template-nosidebar.php","meta":{"footnotes":""},"class_list":["post-8293","page","type-page","status-publish","hentry"],"yoast_head":"<!-- This site is optimized with the Yoast SEO plugin v26.8 - https:\/\/yoast.com\/product\/yoast-seo-wordpress\/ -->\n<title>\u00c9quipe - Egon<\/title>\n<meta name=\"robots\" content=\"index, follow, max-snippet:-1, max-image-preview:large, max-video-preview:-1\" \/>\n<link rel=\"canonical\" href=\"https:\/\/www.egon.com\/fr\/societe\/equipe\" \/>\n<meta property=\"og:locale\" content=\"fr_FR\" \/>\n<meta property=\"og:type\" content=\"article\" \/>\n<meta property=\"og:title\" content=\"\u00c9quipe - Egon\" \/>\n<meta property=\"og:url\" content=\"https:\/\/www.egon.com\/fr\/societe\/equipe\" \/>\n<meta property=\"og:site_name\" content=\"Egon\" \/>\n<meta property=\"article:modified_time\" content=\"2019-04-19T12:12:34+00:00\" \/>\n<meta name=\"twitter:card\" content=\"summary_large_image\" \/>\n<meta name=\"twitter:label1\" content=\"Dur\u00e9e de lecture estim\u00e9e\" \/>\n\t<meta name=\"twitter:data1\" content=\"1 minute\" \/>\n<script type=\"application\/ld+json\" class=\"yoast-schema-graph\">{\"@context\":\"https:\/\/schema.org\",\"@graph\":[{\"@type\":\"WebPage\",\"@id\":\"https:\/\/www.egon.com\/fr\/societe\/equipe\",\"url\":\"https:\/\/www.egon.com\/fr\/societe\/equipe\",\"name\":\"\u00c9quipe - Egon\",\"isPartOf\":{\"@id\":\"https:\/\/www.egon.com\/zh\/#website\"},\"datePublished\":\"2017-09-19T14:29:15+00:00\",\"dateModified\":\"2019-04-19T12:12:34+00:00\",\"breadcrumb\":{\"@id\":\"https:\/\/www.egon.com\/fr\/societe\/equipe#breadcrumb\"},\"inLanguage\":\"fr-FR\",\"potentialAction\":[{\"@type\":\"ReadAction\",\"target\":[\"https:\/\/www.egon.com\/fr\/societe\/equipe\"]}]},{\"@type\":\"BreadcrumbList\",\"@id\":\"https:\/\/www.egon.com\/fr\/societe\/equipe#breadcrumb\",\"itemListElement\":[{\"@type\":\"ListItem\",\"position\":1,\"name\":\"Home\",\"item\":\"https:\/\/www.egon.com\/fr\"},{\"@type\":\"ListItem\",\"position\":2,\"name\":\"Company\",\"item\":\"https:\/\/www.egon.com\/fr\/societe\"},{\"@type\":\"ListItem\",\"position\":3,\"name\":\"\u00c9quipe\"}]},{\"@type\":\"WebSite\",\"@id\":\"https:\/\/www.egon.com\/zh\/#website\",\"url\":\"https:\/\/www.egon.com\/zh\/\",\"name\":\"Egon\",\"description\":\"Normalizzazione indirizzi - Address validation - Egon.com\",\"potentialAction\":[{\"@type\":\"SearchAction\",\"target\":{\"@type\":\"EntryPoint\",\"urlTemplate\":\"https:\/\/www.egon.com\/zh\/?s={search_term_string}\"},\"query-input\":{\"@type\":\"PropertyValueSpecification\",\"valueRequired\":true,\"valueName\":\"search_term_string\"}}],\"inLanguage\":\"fr-FR\"}]}<\/script>\n<!-- \/ Yoast SEO plugin. -->","yoast_head_json":{"title":"\u00c9quipe - Egon","robots":{"index":"index","follow":"follow","max-snippet":"max-snippet:-1","max-image-preview":"max-image-preview:large","max-video-preview":"max-video-preview:-1"},"canonical":"https:\/\/www.egon.com\/fr\/societe\/equipe","og_locale":"fr_FR","og_type":"article","og_title":"\u00c9quipe - Egon","og_url":"https:\/\/www.egon.com\/fr\/societe\/equipe","og_site_name":"Egon","article_modified_time":"2019-04-19T12:12:34+00:00","twitter_card":"summary_large_image","twitter_misc":{"Dur\u00e9e de lecture estim\u00e9e":"1 minute"},"schema":{"@context":"https:\/\/schema.org","@graph":[{"@type":"WebPage","@id":"https:\/\/www.egon.com\/fr\/societe\/equipe","url":"https:\/\/www.egon.com\/fr\/societe\/equipe","name":"\u00c9quipe - Egon","isPartOf":{"@id":"https:\/\/www.egon.com\/zh\/#website"},"datePublished":"2017-09-19T14:29:15+00:00","dateModified":"2019-04-19T12:12:34+00:00","breadcrumb":{"@id":"https:\/\/www.egon.com\/fr\/societe\/equipe#breadcrumb"},"inLanguage":"fr-FR","potentialAction":[{"@type":"ReadAction","target":["https:\/\/www.egon.com\/fr\/societe\/equipe"]}]},{"@type":"BreadcrumbList","@id":"https:\/\/www.egon.com\/fr\/societe\/equipe#breadcrumb","itemListElement":[{"@type":"ListItem","position":1,"name":"Home","item":"https:\/\/www.egon.com\/fr"},{"@type":"ListItem","position":2,"name":"Company","item":"https:\/\/www.egon.com\/fr\/societe"},{"@type":"ListItem","position":3,"name":"\u00c9quipe"}]},{"@type":"WebSite","@id":"https:\/\/www.egon.com\/zh\/#website","url":"https:\/\/www.egon.com\/zh\/","name":"Egon","description":"Normalizzazione indirizzi - Address validation - Egon.com","potentialAction":[{"@type":"SearchAction","target":{"@type":"EntryPoint","urlTemplate":"https:\/\/www.egon.com\/zh\/?s={search_term_string}"},"query-input":{"@type":"PropertyValueSpecification","valueRequired":true,"valueName":"search_term_string"}}],"inLanguage":"fr-FR"}]}},"_links":{"self":[{"href":"https:\/\/www.egon.com\/fr\/wp-json\/wp\/v2\/pages\/8293","targetHints":{"allow":["GET"]}}],"collection":[{"href":"https:\/\/www.egon.com\/fr\/wp-json\/wp\/v2\/pages"}],"about":[{"href":"https:\/\/www.egon.com\/fr\/wp-json\/wp\/v2\/types\/page"}],"author":[{"embeddable":true,"href":"https:\/\/www.egon.com\/fr\/wp-json\/wp\/v2\/users\/1"}],"replies":[{"embeddable":true,"href":"https:\/\/www.egon.com\/fr\/wp-json\/wp\/v2\/comments?post=8293"}],"version-history":[{"count":0,"href":"https:\/\/www.egon.com\/fr\/wp-json\/wp\/v2\/pages\/8293\/revisions"}],"up":[{"embeddable":true,"href":"https:\/\/www.egon.com\/fr\/wp-json\/wp\/v2\/pages\/8267"}],"wp:attachment":[{"href":"https:\/\/www.egon.com\/fr\/wp-json\/wp\/v2\/media?parent=8293"}],"curies":[{"name":"wp","href":"https:\/\/api.w.org\/{rel}","templated":true}]}}