{"id":8267,"date":"2017-09-19T14:19:34","date_gmt":"2017-09-19T14:19:34","guid":{"rendered":"https:\/\/egon.com\/?page_id=8267"},"modified":"2022-09-09T09:16:16","modified_gmt":"2022-09-09T09:16:16","slug":"societe","status":"publish","type":"page","link":"https:\/\/www.egon.com\/fr\/societe","title":{"rendered":"Company"},"content":{"rendered":"[vc_row row_h_align=\u00a0\u00bbgrid&#8211;center\u00a0\u00bb wrapper=\u00a0\u00bbtrue\u00a0\u00bb holder_class=\u00a0\u00bbu-section-hero-applications u-overlapped-hero-padding\u00a0\u00bb holder_set_margin=\u00a0\u00bbtrue\u00a0\u00bb holder_margin=\u00a0\u00bbu-margin-bottom-large\u00a0\u00bb][vc_column row_width=\u00a0\u00bb_desktop-9&Prime;][vc_column_text]\n<h3 class=\"u-text-large\">EGON<\/h3>\n<p class=\"u-text-thinner u-h3\">Valider, d\u00e9dupliquer et conserver les donn\u00e9es pr\u00e9cises de l\u2019adresse de livraison.<\/p>\n[\/vc_column_text][vc_column_text]Nous projetons des applications logicielles capables d&rsquo;automatiser la v\u00e9rification et la validation des adresses postales et des donn\u00e9es personnelles incluses dans les bases de donn\u00e9es de l&rsquo;entreprise.[\/vc_column_text][\/vc_column][\/vc_row][vc_row wrapper=\u00a0\u00bbtrue\u00a0\u00bb][vc_column][vc_column_text]EGON DATA QUALITY S.L. est une soci\u00e9t\u00e9 de services qui exploite des logiciels fournis par des tiers pour satisfaire au mieux les exigences professionnelles les plus vari\u00e9es, en suivant les clients au fil du temps et en les soutenant dans la gestion et la r\u00e9solution des diff\u00e9rents probl\u00e8mes<\/p>\n<p>Forte de cette collaboration, en quelques ann\u00e9es, la soci\u00e9t\u00e9 EGON a su gagner l\u2019estime du march\u00e9 italien\u00a0dans le domaine des la qualit\u00e9 des donn\u00e9es et elle commence \u00e0 se faire conna\u00eetre \u00e0 l\u2019\u00e9tranger, jusqu\u2019\u00e0 d\u00e9velopper une notori\u00e9t\u00e9 croissante et affirm\u00e9e au\u00a0niveau international.[\/vc_column_text]<div class=\"c-heading\"><h3 class=\" u-h2 u-text-bold\">EGON : FOURNISSEUR DE SERVICES DE QUALIT\u00c9 DES DONN\u00c9ES<\/h3><\/div>[vc_column_text]Aujourd\u2019hui EGON est parfaitement capable de fournir des solutions sophistiqu\u00e9es et une assistance \u00e0 360\u00b0\u00a0 dans le secteur de la <a href=\"https:\/\/www.egon.com\/fr\/solutions\/normalisation-des-adresses.html\">normalisation des adresses<\/a> et des donn\u00e9es personnelles, du <a href=\"https:\/\/www.egon.com\/fr\/solutions\/geocodage.html\">g\u00e9ocodage<\/a>, de la <a href=\"https:\/\/www.egon.com\/fr\/solutions\/deduplication.html\">d\u00e9duplication<\/a>, etc.[\/vc_column_text]<div class=\"c-heading\"><h3 class=\" u-h3 u-text-bold\">SP\u00c9CIALISATION ET OBJECTIFS<\/h3><\/div><div class=\"c-mediabox u-margin-bottom\">\n<div class=\" o-media o-media--responsive\">\n<div class=\"o-media__img\"><img loading=\"lazy\" decoding=\"async\" width=\"400\" height=\"267\" src=\"https:\/\/www.egon.com\/wp-content\/uploads\/2017\/07\/staff-egon-400x267.jpg\" class=\"attachment-medium size-medium\" alt=\"\" srcset=\"https:\/\/www.egon.com\/wp-content\/uploads\/2017\/07\/staff-egon-400x267.jpg 400w, https:\/\/www.egon.com\/wp-content\/uploads\/2017\/07\/staff-egon-768x512.jpg 768w, https:\/\/www.egon.com\/wp-content\/uploads\/2017\/07\/staff-egon-1024x683.jpg 1024w, https:\/\/www.egon.com\/wp-content\/uploads\/2017\/07\/staff-egon.jpg 1920w\" sizes=\"auto, (max-width: 400px) 100vw, 400px\" \/><\/div>\n<div class=\"o-media__body\">EGON a donc effectu\u00e9 un choix pr\u00e9cis de sp\u00e9cialisation pour r\u00e9pondre d\u2019une fa\u00e7on efficace et innovante aux exigences de sa client\u00e8le, de ses partenaires et du march\u00e9. Gr\u00e2ce aux nombreux accords\u00a0pass\u00e9s avec d\u2019importantes soci\u00e9t\u00e9s du secteur,\u00a0EGON DATA QUALITY S.L.\u00a0est aujourd\u2019hui une r\u00e9f\u00e9rence\u00a0dans la r\u00e9alisation de projets et de solutions sur les th\u00e8mes de la normalisation, de la certification et de l\u2019identification univoque des informations professionnelles.<\/p>\n<p>Le produit principal distribu\u00e9 par EGON est une solution de logiciel bas\u00e9e sur un algorithme tr\u00e8s sophistiqu\u00e9 capable d\u2019\u0153uvrer au niveau de la normalisation par le biais de solutions diff\u00e9rentes,\u00a0<a href=\"https:\/\/www.egon.com\/fr\/egon-on-site-on-premises-fr.html\">en local<\/a>\u00a0avec des installations dans le centre de donn\u00e9es\u00a0du client, mais \u00e9galement <a href=\"https:\/\/www.egon.com\/fr\/egon-web-in-the-cloud.html\">via web<\/a>, en clouding (en ce cas le client peut utiliser directement le service en peu de clics).<\/p>\n<p>\u00c0 pr\u00e9sent, notre \u00e9quipe est compos\u00e9e d\u2019environ 30 personnes, employ\u00e9s et collaborateurs, qui constituent une base de professionnels comp\u00e9tents et efficaces. Dans la r\u00e9alisation des projets, nous collaborons aussi avec des soci\u00e9t\u00e9s externes. Avec ses clients,\u00a0 EGON instaure un\u00a0rapport durable de\u00a0 collaboration\u00a0pour atteindre les objectifs d\u2019une fa\u00e7on conjointe et dans le but de partager la mise \u00e0 jour constante que le patrimoine d\u2019informations exige.<\/p><\/div>\n<\/div>\n<\/div>\n<div class=\" c-divider c-divider--dashed\"\/><\/div>[\/vc_column][\/vc_row][vc_row wrapper=\u00a0\u00bbtrue\u00a0\u00bb][vc_column]<div class=\"c-heading\"><h3 class=\" u-h2 u-text-bold\">NOTRE CREDO<\/h3><\/div>[vc_column_text]Nous avons fond\u00e9 EGON DATA QUALITY S.L.\u00a0avec une id\u00e9e pr\u00e9cise : chercher \u00e0 devenir progressivement une r\u00e9f\u00e9rence internationale dans le domaine de la normalisation, de la\u00a0certification et de l\u2019identification univoque des informations, au moyen de solutions de haute qualit\u00e9, support\u00e9es par une m\u00e9thode de travail transparente et personnalis\u00e9e\u00a0en fonction de chaque projet.[\/vc_column_text]<div class=\"c-heading\"><h3 class=\" u-h4 u-text-bold\">EGON : PASSION ET COMP\u00c9TENCES\u2026<\/h3><\/div>[vc_column_text]Il s\u2019agit sans doute d\u2019un objectif ambitieux qui, uni \u00e0 notre passion historique pour les adresses et pour les cartes, nous a permis d\u2019obtenir des r\u00e9sultats de plus en plus prestigieux, \u00e9galement dans le domaine du <a title=\"geocodage\" href=\"https:\/\/www.egon.com\/fr\/solutions\/geocodage.html\">g\u00e9ocodage<\/a>.<\/p>\n<p>Nos efforts quotidiens visent constamment \u00e0 optimiser la gestion de la <a title=\"qualit\u00e9 des donn\u00e9es\" href=\"https:\/\/www.egon.com\/fr\/\">qualit\u00e9 des donn\u00e9es<\/a>\u00a0 et \u00e0 les adapter aux exigences des utilisateurs en fournissant des services \u00e9volu\u00e9s et utilisables \u00e9galement \u00e0 distance, directement via web.<\/p>\n<p>EGON\u00a0peut compter sur une \u00e9quipe de sp\u00e9cialistes qui ont acquis une exp\u00e9rience consid\u00e9rable dans ce secteur, en travaillant sur des projets \u00e0 caract\u00e8re international.[\/vc_column_text]<div class=\" c-divider c-divider--dashed\"\/><\/div><div class=\"c-heading\"><h3 class=\" u-h4 u-text-bold\">EGON : SIMPLE, FIABLE, \u00c0 PORT\u00c9E DE CLIC<\/h3><\/div>[vc_column_text]Au fil des ann\u00e9es, nous nous sommes d\u00e9di\u00e9s \u00e0 une recherche pr\u00e9cise et constante de solutions capables d\u2019offrir fiabilit\u00e9 et s\u00e9curit\u00e9, mais \u00e9galement de satisfaire les exigences les plus complexes et particuli\u00e8res. Aujourd\u2019hui, gr\u00e2ce \u00e0 la suite Egon, nous pouvons garantir une gamme de services complets et consolid\u00e9s toujours plus ouverte au monde web et clouding.<\/p>\n<p>Nous pensons donc pouvoir continuer notre escalade vers la conqu\u00eate d\u2019une position leader sur les march\u00e9s europ\u00e9en et mondial.<\/p>\n<p>La cr\u00e9ation d\u2019un p\u00f4le international pour la certification de l\u2019information d\u2019entreprises repr\u00e9sente pour nous une \u00e9tape et une occasion fondamentale pour une plus grande affirmation au niveau international.[\/vc_column_text][\/vc_column][\/vc_row][vc_row][vc_column]<div class=\"templatera_shortcode\"><div class=\"o-holder u-background-color-one\"><div class=\" o-wrapper\"><div class=\"grid-1 u-deco-globe grid--equalHeight\"><div class=\"col _lap-and-up-8\" ><div class=\"o-holder u-padding-vertical-large\"><div class=\"grid-1\"><div class=\"col _lap-and-up-4\" ><div class=\"c-heading\"><h3 class=\" u-text-color-invert u-text-right\">Voulez-vous essayer Egon GRATUITEMENT et sans engagement?<\/h3><\/div><\/div><div class=\"col _lap-and-up-8\" ><div class=\"c-text-block u-text-color-invert\"><p>Inscrivez-vous gratuitement et vous pourrez essayer les services Egon de validation et de g\u00e9ocodage des adresses postales. Pas d\u2019attente et pas besoin d\u2019entrer les d\u00e9tails de la carte de cr\u00e9dit. Il vous suffit de remplir le formulaire d\u2019inscription \u00e0 l\u2019essai gratuit et vous pourrez commencer \u00e0 utiliser tous les services d\u2019Egon !<\/p>\n <\/div><\/div>\n<\/div><\/div><\/div><div class=\"col _lap-and-up-4\" ><div class=\"col_inner u-padding-vertical col_inner--middle\"><div class=\"c-button-holder c-button-holder--center\"><a class=\"c-button u-text-bold c-button--center c-button--white\" href=\"https:\/\/www.egon.com\/egon-demo\">ESSAYEZ EGON GRATUITEMENT MAINTENANT!<\/a><\/div><\/div><\/div>\n<\/div><\/div><\/div><\/div>[\/vc_column][\/vc_row]\n","protected":false},"excerpt":{"rendered":"Voulez-vous essayer Egon GRATUITEMENT et sans engagement?Inscrivez-vous gratuitement et vous pourrez essayer les services Egon de validation et de g\u00e9ocodage des adresses [...]","protected":false},"author":1,"featured_media":0,"parent":0,"menu_order":0,"comment_status":"closed","ping_status":"closed","template":"templates\/template-fullwidth.php","meta":{"footnotes":""},"class_list":["post-8267","page","type-page","status-publish","hentry"],"yoast_head":"<!-- This site is optimized with the Yoast SEO plugin v26.8 - https:\/\/yoast.com\/product\/yoast-seo-wordpress\/ -->\n<title>Egon : une grande passion<\/title>\n<meta name=\"description\" content=\"EGON, gr\u00e2ce \u00e0 sa passion pour les adresses et la valorisation des informations professionnelles, a cr\u00e9\u00e9 la suite Egon\" \/>\n<meta name=\"robots\" content=\"index, follow, max-snippet:-1, max-image-preview:large, max-video-preview:-1\" \/>\n<link rel=\"canonical\" href=\"https:\/\/www.egon.com\/fr\/societe\" \/>\n<meta property=\"og:locale\" content=\"fr_FR\" \/>\n<meta property=\"og:type\" content=\"article\" \/>\n<meta property=\"og:title\" content=\"Egon : une grande passion\" \/>\n<meta property=\"og:description\" content=\"EGON, gr\u00e2ce \u00e0 sa passion pour les adresses et la valorisation des informations professionnelles, a cr\u00e9\u00e9 la suite Egon\" \/>\n<meta property=\"og:url\" content=\"https:\/\/www.egon.com\/fr\/societe\" \/>\n<meta property=\"og:site_name\" content=\"Egon\" \/>\n<meta property=\"article:modified_time\" content=\"2022-09-09T09:16:16+00:00\" \/>\n<meta name=\"twitter:card\" content=\"summary_large_image\" \/>\n<meta name=\"twitter:label1\" content=\"Dur\u00e9e de lecture estim\u00e9e\" \/>\n\t<meta name=\"twitter:data1\" content=\"4 minutes\" \/>\n<script type=\"application\/ld+json\" class=\"yoast-schema-graph\">{\"@context\":\"https:\/\/schema.org\",\"@graph\":[{\"@type\":\"WebPage\",\"@id\":\"https:\/\/www.egon.com\/fr\/societe\",\"url\":\"https:\/\/www.egon.com\/fr\/societe\",\"name\":\"Egon : une grande passion\",\"isPartOf\":{\"@id\":\"https:\/\/www.egon.com\/zh\/#website\"},\"datePublished\":\"2017-09-19T14:19:34+00:00\",\"dateModified\":\"2022-09-09T09:16:16+00:00\",\"description\":\"EGON, gr\u00e2ce \u00e0 sa passion pour les adresses et la valorisation des informations professionnelles, a cr\u00e9\u00e9 la suite Egon\",\"breadcrumb\":{\"@id\":\"https:\/\/www.egon.com\/fr\/societe#breadcrumb\"},\"inLanguage\":\"fr-FR\",\"potentialAction\":[{\"@type\":\"ReadAction\",\"target\":[\"https:\/\/www.egon.com\/fr\/societe\"]}]},{\"@type\":\"BreadcrumbList\",\"@id\":\"https:\/\/www.egon.com\/fr\/societe#breadcrumb\",\"itemListElement\":[{\"@type\":\"ListItem\",\"position\":1,\"name\":\"Home\",\"item\":\"https:\/\/www.egon.com\/fr\"},{\"@type\":\"ListItem\",\"position\":2,\"name\":\"Company\"}]},{\"@type\":\"WebSite\",\"@id\":\"https:\/\/www.egon.com\/zh\/#website\",\"url\":\"https:\/\/www.egon.com\/zh\/\",\"name\":\"Egon\",\"description\":\"Normalizzazione indirizzi - Address validation - Egon.com\",\"potentialAction\":[{\"@type\":\"SearchAction\",\"target\":{\"@type\":\"EntryPoint\",\"urlTemplate\":\"https:\/\/www.egon.com\/zh\/?s={search_term_string}\"},\"query-input\":{\"@type\":\"PropertyValueSpecification\",\"valueRequired\":true,\"valueName\":\"search_term_string\"}}],\"inLanguage\":\"fr-FR\"}]}<\/script>\n<!-- \/ Yoast SEO plugin. -->","yoast_head_json":{"title":"Egon : une grande passion","description":"EGON, gr\u00e2ce \u00e0 sa passion pour les adresses et la valorisation des informations professionnelles, a cr\u00e9\u00e9 la suite Egon","robots":{"index":"index","follow":"follow","max-snippet":"max-snippet:-1","max-image-preview":"max-image-preview:large","max-video-preview":"max-video-preview:-1"},"canonical":"https:\/\/www.egon.com\/fr\/societe","og_locale":"fr_FR","og_type":"article","og_title":"Egon : une grande passion","og_description":"EGON, gr\u00e2ce \u00e0 sa passion pour les adresses et la valorisation des informations professionnelles, a cr\u00e9\u00e9 la suite Egon","og_url":"https:\/\/www.egon.com\/fr\/societe","og_site_name":"Egon","article_modified_time":"2022-09-09T09:16:16+00:00","twitter_card":"summary_large_image","twitter_misc":{"Dur\u00e9e de lecture estim\u00e9e":"4 minutes"},"schema":{"@context":"https:\/\/schema.org","@graph":[{"@type":"WebPage","@id":"https:\/\/www.egon.com\/fr\/societe","url":"https:\/\/www.egon.com\/fr\/societe","name":"Egon : une grande passion","isPartOf":{"@id":"https:\/\/www.egon.com\/zh\/#website"},"datePublished":"2017-09-19T14:19:34+00:00","dateModified":"2022-09-09T09:16:16+00:00","description":"EGON, gr\u00e2ce \u00e0 sa passion pour les adresses et la valorisation des informations professionnelles, a cr\u00e9\u00e9 la suite Egon","breadcrumb":{"@id":"https:\/\/www.egon.com\/fr\/societe#breadcrumb"},"inLanguage":"fr-FR","potentialAction":[{"@type":"ReadAction","target":["https:\/\/www.egon.com\/fr\/societe"]}]},{"@type":"BreadcrumbList","@id":"https:\/\/www.egon.com\/fr\/societe#breadcrumb","itemListElement":[{"@type":"ListItem","position":1,"name":"Home","item":"https:\/\/www.egon.com\/fr"},{"@type":"ListItem","position":2,"name":"Company"}]},{"@type":"WebSite","@id":"https:\/\/www.egon.com\/zh\/#website","url":"https:\/\/www.egon.com\/zh\/","name":"Egon","description":"Normalizzazione indirizzi - Address validation - Egon.com","potentialAction":[{"@type":"SearchAction","target":{"@type":"EntryPoint","urlTemplate":"https:\/\/www.egon.com\/zh\/?s={search_term_string}"},"query-input":{"@type":"PropertyValueSpecification","valueRequired":true,"valueName":"search_term_string"}}],"inLanguage":"fr-FR"}]}},"_links":{"self":[{"href":"https:\/\/www.egon.com\/fr\/wp-json\/wp\/v2\/pages\/8267","targetHints":{"allow":["GET"]}}],"collection":[{"href":"https:\/\/www.egon.com\/fr\/wp-json\/wp\/v2\/pages"}],"about":[{"href":"https:\/\/www.egon.com\/fr\/wp-json\/wp\/v2\/types\/page"}],"author":[{"embeddable":true,"href":"https:\/\/www.egon.com\/fr\/wp-json\/wp\/v2\/users\/1"}],"replies":[{"embeddable":true,"href":"https:\/\/www.egon.com\/fr\/wp-json\/wp\/v2\/comments?post=8267"}],"version-history":[{"count":2,"href":"https:\/\/www.egon.com\/fr\/wp-json\/wp\/v2\/pages\/8267\/revisions"}],"predecessor-version":[{"id":19334,"href":"https:\/\/www.egon.com\/fr\/wp-json\/wp\/v2\/pages\/8267\/revisions\/19334"}],"wp:attachment":[{"href":"https:\/\/www.egon.com\/fr\/wp-json\/wp\/v2\/media?parent=8267"}],"curies":[{"name":"wp","href":"https:\/\/api.w.org\/{rel}","templated":true}]}}