{"id":8252,"date":"2017-09-19T14:12:58","date_gmt":"2017-09-19T14:12:58","guid":{"rendered":"https:\/\/egon.com\/?page_id=8252"},"modified":"2021-02-18T15:47:26","modified_gmt":"2021-02-18T15:47:26","slug":"achevement-automatique","status":"publish","type":"page","link":"https:\/\/www.egon.com\/fr\/mode-d-utilisation\/achevement-automatique","title":{"rendered":"Ach\u00e8vement automatique adresses"},"content":{"rendered":"[vc_row row_h_align=\u00a0\u00bbgrid&#8211;center\u00a0\u00bb wrapper=\u00a0\u00bbtrue\u00a0\u00bb holder_class=\u00a0\u00bbu-section-hero-methodology u-overlapped-hero-padding\u00a0\u00bb holder_set_margin=\u00a0\u00bbtrue\u00a0\u00bb holder_margin=\u00a0\u00bbu-margin-bottom-large\u00a0\u00bb][vc_column row_width=\u00a0\u00bb_desktop-9&Prime;]<div class=\"c-heading\"><h1 class=\" u-h1 u-text-bolder u-margin-bottom u-text-center\">Ach\u00e8vement automatique adresses<\/h1><\/div>[vc_column_text txt_align=\u00a0\u00bbu-text-center\u00a0\u00bb set_margin=\u00a0\u00bbtrue\u00a0\u00bb margin=\u00a0\u00bbu-margin-bottom-large\u00a0\u00bb]La fonction d\u2019ach\u00e8vement automatique est appliqu\u00e9e \u00e0 tous les formulaires en ligne de saisie des donn\u00e9es en entr\u00e9e et permet l\u2019affichage de suggestions lorsque l\u2019op\u00e9ration tape sur les touches.[\/vc_column_text][\/vc_column][\/vc_row][vc_row wrapper=\u00a0\u00bbtrue\u00a0\u00bb][vc_column width=\u00a0\u00bb1\/3&Prime;]<div class=\"c-image\"><img loading=\"lazy\" decoding=\"async\" width=\"768\" height=\"611\" src=\"https:\/\/www.egon.com\/wp-content\/uploads\/2017\/09\/achevement-automatique-adresses-768x611.jpg\" class=\" u-margin-bottom aligncenter\" alt=\"achevement automatique adresses\" srcset=\"https:\/\/www.egon.com\/wp-content\/uploads\/2017\/09\/achevement-automatique-adresses.jpg 768w, https:\/\/www.egon.com\/wp-content\/uploads\/2017\/09\/achevement-automatique-adresses-377x300.jpg 377w\" sizes=\"auto, (max-width: 768px) 100vw, 768px\" \/><\/div>[\/vc_column][vc_column width=\u00a0\u00bb2\/3&Prime;][vc_column_text]Gr\u00e2ce \u00e0 un syst\u00e8me de filtrage complexe, l\u2019ach\u00e8vement automatique permet aux utilisateurs de trouver et de s\u00e9lectionner rapidement \u00e0 partir d\u2019une liste pr\u00e9-remplie l\u2019\u00e9l\u00e9ment d\u00e9sir\u00e9 parmi les candidats.<\/p>\n<p>Au niveau technique, la saisie du troisi\u00e8me byte (par exemple taper \u201cmil\u201d dans le champ localit\u00e9) d\u00e9clenche un appel au syst\u00e8me qui correspond \u00e0 une recherche parmi les articles correspondants, puis l\u2019affichage d\u2019une liste de valeurs parmi lesquelles faire votre choix. En continuant \u00e0 taper, la recherche s\u2019affine progressivement, permettant \u00e0 l\u2019utilisateur de filtrer la liste et d\u2019optimiser la recherche en diminuant les candidats possibles.<\/p>\n<p>Cette fonctionnalit\u00e9 est garantie par le moteur Egon au moyen de l\u2019appel continu au syst\u00e8me et de l\u2019analyse effectu\u00e9e par le biais d\u2019une s\u00e9rie de donn\u00e9es pr\u00e9constitu\u00e9es \u00e0 partir du th\u00e9saurus de r\u00e9f\u00e9rence contenant des centaines de milliers de donn\u00e9es pour chaque champ possible (localit\u00e9, code postal, province, etc.).<\/p>\n<p>Du point de vue op\u00e9rationnel, il s\u2019agit d\u2019un important support pendant la saisie pour toute exigence li\u00e9e \u00e0 la saisie des donn\u00e9es ; c\u2019est pourquoi le module devient indispensable pour beaucoup d\u2019entreprises afin de r\u00e9duire nettement, d\u2019une part les d\u00e9lais de saisie des donn\u00e9es par les op\u00e9rateurs, de l\u2019autre les \u00e9ventuelles erreurs \u00ab humaines \u00bb pendant la saisie, \u00e9tant donn\u00e9 que le cycle complet de saisie sera support\u00e9 par les suggestions adapt\u00e9es des \u00e9ventuels candidats \u201ccorrects\u201d.[\/vc_column_text][\/vc_column][\/vc_row][vc_row][vc_column]<div class=\"templatera_shortcode\"><div class=\"o-holder u-background-ca-one u-padding-vertical-large\"><div class=\" o-wrapper\"><div class=\"grid-1\"><div class=\"col _lap-and-up-12\" ><div class=\"c-heading\"><h3 class=\" u-text-color-invert u-text-center\">D\u00c9COUVREZ COMMENT NOTRE LOGICIEL DE GESTION DES DONN\u00c9ES PEUT VOUS AIDER \u00c0 D\u00c9VELOPPER VOTRE ENTREPRISE!<\/h3><\/div><div class=\"c-button-holder c-button-holder--center\"><a class=\"c-button u-text-bold c-button--center c-button--white  c-button--ghost\" href=\"https:\/\/www.egon.com\/company\/contact-us\">CONTACTEZ-NOUS<\/a><\/div><\/div>\n<\/div><\/div><\/div>\r\n<\/div>[\/vc_column][\/vc_row]\n","protected":false},"excerpt":{"rendered":"D\u00c9COUVREZ COMMENT NOTRE LOGICIEL DE GESTION DES DONN\u00c9ES PEUT VOUS AIDER \u00c0 D\u00c9VELOPPER VOTRE ENTREPRISE!CONTACTEZ-NOUS","protected":false},"author":1,"featured_media":0,"parent":8189,"menu_order":0,"comment_status":"closed","ping_status":"closed","template":"templates\/template-fullwidth.php","meta":{"footnotes":""},"class_list":["post-8252","page","type-page","status-publish","hentry"],"yoast_head":"<!-- This site is optimized with the Yoast SEO plugin v26.8 - https:\/\/yoast.com\/product\/yoast-seo-wordpress\/ -->\n<title>Ach\u00e8vement automatique adresses - EGON<\/title>\n<meta name=\"description\" content=\"a fonction d\u2019ach\u00e8vement automatique est appliqu\u00e9e \u00e0 tous les formulaires en ligne de saisie des donn\u00e9es en entr\u00e9e. Free Online Demo !\" \/>\n<meta name=\"robots\" content=\"index, follow, max-snippet:-1, max-image-preview:large, max-video-preview:-1\" \/>\n<link rel=\"canonical\" href=\"https:\/\/www.egon.com\/fr\/mode-d-utilisation\/achevement-automatique\" \/>\n<meta property=\"og:locale\" content=\"fr_FR\" \/>\n<meta property=\"og:type\" content=\"article\" \/>\n<meta property=\"og:title\" content=\"Ach\u00e8vement automatique adresses - EGON\" \/>\n<meta property=\"og:description\" content=\"a fonction d\u2019ach\u00e8vement automatique est appliqu\u00e9e \u00e0 tous les formulaires en ligne de saisie des donn\u00e9es en entr\u00e9e. Free Online Demo !\" \/>\n<meta property=\"og:url\" content=\"https:\/\/www.egon.com\/fr\/mode-d-utilisation\/achevement-automatique\" \/>\n<meta property=\"og:site_name\" content=\"Egon\" \/>\n<meta property=\"article:modified_time\" content=\"2021-02-18T15:47:26+00:00\" \/>\n<meta name=\"twitter:card\" content=\"summary_large_image\" \/>\n<meta name=\"twitter:label1\" content=\"Dur\u00e9e de lecture estim\u00e9e\" \/>\n\t<meta name=\"twitter:data1\" content=\"2 minutes\" \/>\n<script type=\"application\/ld+json\" class=\"yoast-schema-graph\">{\"@context\":\"https:\/\/schema.org\",\"@graph\":[{\"@type\":\"WebPage\",\"@id\":\"https:\/\/www.egon.com\/fr\/mode-d-utilisation\/achevement-automatique\",\"url\":\"https:\/\/www.egon.com\/fr\/mode-d-utilisation\/achevement-automatique\",\"name\":\"Ach\u00e8vement automatique adresses - EGON\",\"isPartOf\":{\"@id\":\"https:\/\/www.egon.com\/zh\/#website\"},\"datePublished\":\"2017-09-19T14:12:58+00:00\",\"dateModified\":\"2021-02-18T15:47:26+00:00\",\"description\":\"a fonction d\u2019ach\u00e8vement automatique est appliqu\u00e9e \u00e0 tous les formulaires en ligne de saisie des donn\u00e9es en entr\u00e9e. Free Online Demo !\",\"breadcrumb\":{\"@id\":\"https:\/\/www.egon.com\/fr\/mode-d-utilisation\/achevement-automatique#breadcrumb\"},\"inLanguage\":\"fr-FR\",\"potentialAction\":[{\"@type\":\"ReadAction\",\"target\":[\"https:\/\/www.egon.com\/fr\/mode-d-utilisation\/achevement-automatique\"]}]},{\"@type\":\"BreadcrumbList\",\"@id\":\"https:\/\/www.egon.com\/fr\/mode-d-utilisation\/achevement-automatique#breadcrumb\",\"itemListElement\":[{\"@type\":\"ListItem\",\"position\":1,\"name\":\"Home\",\"item\":\"https:\/\/www.egon.com\/fr\"},{\"@type\":\"ListItem\",\"position\":2,\"name\":\"MODE D\u2019UTILISATION\",\"item\":\"https:\/\/www.egon.com\/fr\/mode-d-utilisation\"},{\"@type\":\"ListItem\",\"position\":3,\"name\":\"Ach\u00e8vement automatique adresses\"}]},{\"@type\":\"WebSite\",\"@id\":\"https:\/\/www.egon.com\/zh\/#website\",\"url\":\"https:\/\/www.egon.com\/zh\/\",\"name\":\"Egon\",\"description\":\"Normalizzazione indirizzi - Address validation - Egon.com\",\"potentialAction\":[{\"@type\":\"SearchAction\",\"target\":{\"@type\":\"EntryPoint\",\"urlTemplate\":\"https:\/\/www.egon.com\/zh\/?s={search_term_string}\"},\"query-input\":{\"@type\":\"PropertyValueSpecification\",\"valueRequired\":true,\"valueName\":\"search_term_string\"}}],\"inLanguage\":\"fr-FR\"}]}<\/script>\n<!-- \/ Yoast SEO plugin. -->","yoast_head_json":{"title":"Ach\u00e8vement automatique adresses - EGON","description":"a fonction d\u2019ach\u00e8vement automatique est appliqu\u00e9e \u00e0 tous les formulaires en ligne de saisie des donn\u00e9es en entr\u00e9e. Free Online Demo !","robots":{"index":"index","follow":"follow","max-snippet":"max-snippet:-1","max-image-preview":"max-image-preview:large","max-video-preview":"max-video-preview:-1"},"canonical":"https:\/\/www.egon.com\/fr\/mode-d-utilisation\/achevement-automatique","og_locale":"fr_FR","og_type":"article","og_title":"Ach\u00e8vement automatique adresses - EGON","og_description":"a fonction d\u2019ach\u00e8vement automatique est appliqu\u00e9e \u00e0 tous les formulaires en ligne de saisie des donn\u00e9es en entr\u00e9e. Free Online Demo !","og_url":"https:\/\/www.egon.com\/fr\/mode-d-utilisation\/achevement-automatique","og_site_name":"Egon","article_modified_time":"2021-02-18T15:47:26+00:00","twitter_card":"summary_large_image","twitter_misc":{"Dur\u00e9e de lecture estim\u00e9e":"2 minutes"},"schema":{"@context":"https:\/\/schema.org","@graph":[{"@type":"WebPage","@id":"https:\/\/www.egon.com\/fr\/mode-d-utilisation\/achevement-automatique","url":"https:\/\/www.egon.com\/fr\/mode-d-utilisation\/achevement-automatique","name":"Ach\u00e8vement automatique adresses - EGON","isPartOf":{"@id":"https:\/\/www.egon.com\/zh\/#website"},"datePublished":"2017-09-19T14:12:58+00:00","dateModified":"2021-02-18T15:47:26+00:00","description":"a fonction d\u2019ach\u00e8vement automatique est appliqu\u00e9e \u00e0 tous les formulaires en ligne de saisie des donn\u00e9es en entr\u00e9e. Free Online Demo !","breadcrumb":{"@id":"https:\/\/www.egon.com\/fr\/mode-d-utilisation\/achevement-automatique#breadcrumb"},"inLanguage":"fr-FR","potentialAction":[{"@type":"ReadAction","target":["https:\/\/www.egon.com\/fr\/mode-d-utilisation\/achevement-automatique"]}]},{"@type":"BreadcrumbList","@id":"https:\/\/www.egon.com\/fr\/mode-d-utilisation\/achevement-automatique#breadcrumb","itemListElement":[{"@type":"ListItem","position":1,"name":"Home","item":"https:\/\/www.egon.com\/fr"},{"@type":"ListItem","position":2,"name":"MODE D\u2019UTILISATION","item":"https:\/\/www.egon.com\/fr\/mode-d-utilisation"},{"@type":"ListItem","position":3,"name":"Ach\u00e8vement automatique adresses"}]},{"@type":"WebSite","@id":"https:\/\/www.egon.com\/zh\/#website","url":"https:\/\/www.egon.com\/zh\/","name":"Egon","description":"Normalizzazione indirizzi - Address validation - Egon.com","potentialAction":[{"@type":"SearchAction","target":{"@type":"EntryPoint","urlTemplate":"https:\/\/www.egon.com\/zh\/?s={search_term_string}"},"query-input":{"@type":"PropertyValueSpecification","valueRequired":true,"valueName":"search_term_string"}}],"inLanguage":"fr-FR"}]}},"_links":{"self":[{"href":"https:\/\/www.egon.com\/fr\/wp-json\/wp\/v2\/pages\/8252","targetHints":{"allow":["GET"]}}],"collection":[{"href":"https:\/\/www.egon.com\/fr\/wp-json\/wp\/v2\/pages"}],"about":[{"href":"https:\/\/www.egon.com\/fr\/wp-json\/wp\/v2\/types\/page"}],"author":[{"embeddable":true,"href":"https:\/\/www.egon.com\/fr\/wp-json\/wp\/v2\/users\/1"}],"replies":[{"embeddable":true,"href":"https:\/\/www.egon.com\/fr\/wp-json\/wp\/v2\/comments?post=8252"}],"version-history":[{"count":1,"href":"https:\/\/www.egon.com\/fr\/wp-json\/wp\/v2\/pages\/8252\/revisions"}],"predecessor-version":[{"id":18011,"href":"https:\/\/www.egon.com\/fr\/wp-json\/wp\/v2\/pages\/8252\/revisions\/18011"}],"up":[{"embeddable":true,"href":"https:\/\/www.egon.com\/fr\/wp-json\/wp\/v2\/pages\/8189"}],"wp:attachment":[{"href":"https:\/\/www.egon.com\/fr\/wp-json\/wp\/v2\/media?parent=8252"}],"curies":[{"name":"wp","href":"https:\/\/api.w.org\/{rel}","templated":true}]}}