{"id":8234,"date":"2017-09-19T14:09:31","date_gmt":"2017-09-19T14:09:31","guid":{"rendered":"https:\/\/egon.com\/?page_id=8234"},"modified":"2021-02-18T15:43:05","modified_gmt":"2021-02-18T15:43:05","slug":"en-ligne","status":"publish","type":"page","link":"https:\/\/www.egon.com\/fr\/mode-d-utilisation\/en-ligne","title":{"rendered":"Normalisation des adresses en ligne"},"content":{"rendered":"[vc_row row_h_align=\u00a0\u00bbgrid&#8211;center\u00a0\u00bb wrapper=\u00a0\u00bbtrue\u00a0\u00bb holder_class=\u00a0\u00bbu-section-hero-methodology u-overlapped-hero-padding\u00a0\u00bb holder_set_margin=\u00a0\u00bbtrue\u00a0\u00bb holder_margin=\u00a0\u00bbu-margin-bottom-large\u00a0\u00bb][vc_column row_width=\u00a0\u00bb_desktop-9&Prime;]<div class=\"c-heading\"><h1 class=\" u-h1 u-text-bolder u-margin-bottom u-text-center\">Normalisation des adresses en ligne<\/h1><\/div>[vc_column_text txt_align=\u00a0\u00bbu-text-center\u00a0\u00bb set_margin=\u00a0\u00bbtrue\u00a0\u00bb margin=\u00a0\u00bbu-margin-bottom-large\u00a0\u00bb]Utiliser Egon en ligne signifie acc\u00e9der directement via internet \u00e0 un simple masque de saisie des donn\u00e9es, permettant de demander la normalisation de chaque adresse lorsque cela vous sera n\u00e9cessaire.[\/vc_column_text][\/vc_column][\/vc_row][vc_row wrapper=\u00a0\u00bbtrue\u00a0\u00bb][vc_column width=\u00a0\u00bb1\/3&Prime;]<div class=\"c-image\"><a href=\"https:\/\/www.egon.com\/wp-content\/uploads\/2017\/07\/address-validation-online.jpg\"><img loading=\"lazy\" decoding=\"async\" width=\"768\" height=\"960\" src=\"https:\/\/www.egon.com\/wp-content\/uploads\/2017\/09\/normalisation-adresses-en-ligne-768x960.jpg\" class=\" u-margin-bottom aligncenter\" alt=\"Normalisation des adresses en ligne\" srcset=\"https:\/\/www.egon.com\/wp-content\/uploads\/2017\/09\/normalisation-adresses-en-ligne-768x960.jpg 768w, https:\/\/www.egon.com\/wp-content\/uploads\/2017\/09\/normalisation-adresses-en-ligne-240x300.jpg 240w, https:\/\/www.egon.com\/wp-content\/uploads\/2017\/09\/normalisation-adresses-en-ligne-819x1024.jpg 819w, https:\/\/www.egon.com\/wp-content\/uploads\/2017\/09\/normalisation-adresses-en-ligne-336x420.jpg 336w, https:\/\/www.egon.com\/wp-content\/uploads\/2017\/09\/normalisation-adresses-en-ligne.jpg 960w\" sizes=\"auto, (max-width: 768px) 100vw, 768px\" \/><\/a><\/div>[\/vc_column][vc_column width=\u00a0\u00bb2\/3&Prime;][vc_column_text]Egon En Ligne vous permet de corriger les donn\u00e9es relatives aux adresses internationales, \u00e0 tout moment et depuis n\u2019importe quel poste. Il suffit d\u2019avoir acc\u00e8s \u00e0 Internet.<\/p>\n<p>Diff\u00e9rentes fonctionnalit\u00e9s sont disponibles :[\/vc_column_text]<div class=\" c-list c-list--color-one\"><ul>\n<li><i class=\"c-list__icon fal fa-check-circle\"><\/i>Contr\u00f4le et normalisation de l\u2019adresse<\/li>\n<li><i class=\"c-list__icon fal fa-check-circle\"><\/i>Ach\u00e8vement automatique des champs vides<\/li>\n<li><i class=\"c-list__icon fal fa-check-circle\"><\/i>ajout des coordonn\u00e9es<\/li>\n<li><i class=\"c-list__icon fal fa-check-circle\"><\/i>affichage sur la carte<\/li>\n<\/ul>\n<\/div>[vc_column_text]Les services en ligne agissent par l\u2019interm\u00e9diaire de contr\u00f4les automatiques interactifs gr\u00e2ce auxquels le syst\u00e8me pourra \u0153uvrer en temps r\u00e9el pour supporter toutes les exigences de l\u2019utilisateur.<\/p>\n<p>En saisissant seulement la localit\u00e9, vous pourrez obtenir comme r\u00e9sultat, l\u2019indication du Code Postal, de la ville et de la province gr\u00e2ce au support de la fonctionnalit\u00e9 d\u2019ach\u00e8vement automatique (<a href=\"https:\/\/www.egon.com\/fr\/mode-d-utilisation\/achevement-automatique.html\">autocomplete<\/a>).En saisissant les donn\u00e9es compl\u00e8tes relatives \u00e0 une adresse, il sera possible d\u2019obtenir en sortie les coordonn\u00e9es g\u00e9ographiques pr\u00e9cises compl\u00e8tes du num\u00e9ro et il sera \u00e9galement possible d\u2019afficher le r\u00e9sultat sur une carte (<a href=\"https:\/\/www.egon.com\/fr\/solutions\/geocodage.html\">g\u00e9olocalisation<\/a>).[\/vc_column_text][\/vc_column][\/vc_row][vc_row][vc_column]<div class=\"templatera_shortcode\"><div class=\"o-holder u-background-ca-one u-padding-vertical-large\"><div class=\" o-wrapper\"><div class=\"grid-1\"><div class=\"col _lap-and-up-12\" ><div class=\"c-heading\"><h3 class=\" u-text-color-invert u-text-center\">D\u00c9COUVREZ COMMENT NOTRE LOGICIEL DE GESTION DES DONN\u00c9ES PEUT VOUS AIDER \u00c0 D\u00c9VELOPPER VOTRE ENTREPRISE!<\/h3><\/div><div class=\"c-button-holder c-button-holder--center\"><a class=\"c-button u-text-bold c-button--center c-button--white  c-button--ghost\" href=\"https:\/\/www.egon.com\/company\/contact-us\">CONTACTEZ-NOUS<\/a><\/div><\/div>\n<\/div><\/div><\/div>\r\n<\/div>[\/vc_column][\/vc_row]\n","protected":false},"excerpt":{"rendered":"D\u00c9COUVREZ COMMENT NOTRE LOGICIEL DE GESTION DES DONN\u00c9ES PEUT VOUS AIDER \u00c0 D\u00c9VELOPPER VOTRE ENTREPRISE!CONTACTEZ-NOUS","protected":false},"author":1,"featured_media":0,"parent":8189,"menu_order":0,"comment_status":"closed","ping_status":"closed","template":"templates\/template-fullwidth.php","meta":{"footnotes":""},"class_list":["post-8234","page","type-page","status-publish","hentry"],"yoast_head":"<!-- This site is optimized with the Yoast SEO plugin v26.8 - https:\/\/yoast.com\/product\/yoast-seo-wordpress\/ -->\n<title>Normalisation des adresses en ligne - EGON.COM<\/title>\n<meta name=\"description\" content=\"Egon en ligne : saisissez et normalisez maintenant votre adresse \u00e0 partir d\u2019un simple masque sur page web\" \/>\n<meta name=\"robots\" content=\"index, follow, max-snippet:-1, max-image-preview:large, max-video-preview:-1\" \/>\n<link rel=\"canonical\" href=\"https:\/\/www.egon.com\/fr\/mode-d-utilisation\/en-ligne\" \/>\n<meta property=\"og:locale\" content=\"fr_FR\" \/>\n<meta property=\"og:type\" content=\"article\" \/>\n<meta property=\"og:title\" content=\"Normalisation des adresses en ligne - EGON.COM\" \/>\n<meta property=\"og:description\" content=\"Egon en ligne : saisissez et normalisez maintenant votre adresse \u00e0 partir d\u2019un simple masque sur page web\" \/>\n<meta property=\"og:url\" content=\"https:\/\/www.egon.com\/fr\/mode-d-utilisation\/en-ligne\" \/>\n<meta property=\"og:site_name\" content=\"Egon\" \/>\n<meta property=\"article:modified_time\" content=\"2021-02-18T15:43:05+00:00\" \/>\n<meta name=\"twitter:card\" content=\"summary_large_image\" \/>\n<meta name=\"twitter:label1\" content=\"Dur\u00e9e de lecture estim\u00e9e\" \/>\n\t<meta name=\"twitter:data1\" content=\"1 minute\" \/>\n<script type=\"application\/ld+json\" class=\"yoast-schema-graph\">{\"@context\":\"https:\/\/schema.org\",\"@graph\":[{\"@type\":\"WebPage\",\"@id\":\"https:\/\/www.egon.com\/fr\/mode-d-utilisation\/en-ligne\",\"url\":\"https:\/\/www.egon.com\/fr\/mode-d-utilisation\/en-ligne\",\"name\":\"Normalisation des adresses en ligne - EGON.COM\",\"isPartOf\":{\"@id\":\"https:\/\/www.egon.com\/zh\/#website\"},\"datePublished\":\"2017-09-19T14:09:31+00:00\",\"dateModified\":\"2021-02-18T15:43:05+00:00\",\"description\":\"Egon en ligne : saisissez et normalisez maintenant votre adresse \u00e0 partir d\u2019un simple masque sur page web\",\"breadcrumb\":{\"@id\":\"https:\/\/www.egon.com\/fr\/mode-d-utilisation\/en-ligne#breadcrumb\"},\"inLanguage\":\"fr-FR\",\"potentialAction\":[{\"@type\":\"ReadAction\",\"target\":[\"https:\/\/www.egon.com\/fr\/mode-d-utilisation\/en-ligne\"]}]},{\"@type\":\"BreadcrumbList\",\"@id\":\"https:\/\/www.egon.com\/fr\/mode-d-utilisation\/en-ligne#breadcrumb\",\"itemListElement\":[{\"@type\":\"ListItem\",\"position\":1,\"name\":\"Home\",\"item\":\"https:\/\/www.egon.com\/fr\"},{\"@type\":\"ListItem\",\"position\":2,\"name\":\"MODE D\u2019UTILISATION\",\"item\":\"https:\/\/www.egon.com\/fr\/mode-d-utilisation\"},{\"@type\":\"ListItem\",\"position\":3,\"name\":\"Normalisation des adresses en ligne\"}]},{\"@type\":\"WebSite\",\"@id\":\"https:\/\/www.egon.com\/zh\/#website\",\"url\":\"https:\/\/www.egon.com\/zh\/\",\"name\":\"Egon\",\"description\":\"Normalizzazione indirizzi - Address validation - Egon.com\",\"potentialAction\":[{\"@type\":\"SearchAction\",\"target\":{\"@type\":\"EntryPoint\",\"urlTemplate\":\"https:\/\/www.egon.com\/zh\/?s={search_term_string}\"},\"query-input\":{\"@type\":\"PropertyValueSpecification\",\"valueRequired\":true,\"valueName\":\"search_term_string\"}}],\"inLanguage\":\"fr-FR\"}]}<\/script>\n<!-- \/ Yoast SEO plugin. -->","yoast_head_json":{"title":"Normalisation des adresses en ligne - EGON.COM","description":"Egon en ligne : saisissez et normalisez maintenant votre adresse \u00e0 partir d\u2019un simple masque sur page web","robots":{"index":"index","follow":"follow","max-snippet":"max-snippet:-1","max-image-preview":"max-image-preview:large","max-video-preview":"max-video-preview:-1"},"canonical":"https:\/\/www.egon.com\/fr\/mode-d-utilisation\/en-ligne","og_locale":"fr_FR","og_type":"article","og_title":"Normalisation des adresses en ligne - EGON.COM","og_description":"Egon en ligne : saisissez et normalisez maintenant votre adresse \u00e0 partir d\u2019un simple masque sur page web","og_url":"https:\/\/www.egon.com\/fr\/mode-d-utilisation\/en-ligne","og_site_name":"Egon","article_modified_time":"2021-02-18T15:43:05+00:00","twitter_card":"summary_large_image","twitter_misc":{"Dur\u00e9e de lecture estim\u00e9e":"1 minute"},"schema":{"@context":"https:\/\/schema.org","@graph":[{"@type":"WebPage","@id":"https:\/\/www.egon.com\/fr\/mode-d-utilisation\/en-ligne","url":"https:\/\/www.egon.com\/fr\/mode-d-utilisation\/en-ligne","name":"Normalisation des adresses en ligne - EGON.COM","isPartOf":{"@id":"https:\/\/www.egon.com\/zh\/#website"},"datePublished":"2017-09-19T14:09:31+00:00","dateModified":"2021-02-18T15:43:05+00:00","description":"Egon en ligne : saisissez et normalisez maintenant votre adresse \u00e0 partir d\u2019un simple masque sur page web","breadcrumb":{"@id":"https:\/\/www.egon.com\/fr\/mode-d-utilisation\/en-ligne#breadcrumb"},"inLanguage":"fr-FR","potentialAction":[{"@type":"ReadAction","target":["https:\/\/www.egon.com\/fr\/mode-d-utilisation\/en-ligne"]}]},{"@type":"BreadcrumbList","@id":"https:\/\/www.egon.com\/fr\/mode-d-utilisation\/en-ligne#breadcrumb","itemListElement":[{"@type":"ListItem","position":1,"name":"Home","item":"https:\/\/www.egon.com\/fr"},{"@type":"ListItem","position":2,"name":"MODE D\u2019UTILISATION","item":"https:\/\/www.egon.com\/fr\/mode-d-utilisation"},{"@type":"ListItem","position":3,"name":"Normalisation des adresses en ligne"}]},{"@type":"WebSite","@id":"https:\/\/www.egon.com\/zh\/#website","url":"https:\/\/www.egon.com\/zh\/","name":"Egon","description":"Normalizzazione indirizzi - Address validation - Egon.com","potentialAction":[{"@type":"SearchAction","target":{"@type":"EntryPoint","urlTemplate":"https:\/\/www.egon.com\/zh\/?s={search_term_string}"},"query-input":{"@type":"PropertyValueSpecification","valueRequired":true,"valueName":"search_term_string"}}],"inLanguage":"fr-FR"}]}},"_links":{"self":[{"href":"https:\/\/www.egon.com\/fr\/wp-json\/wp\/v2\/pages\/8234","targetHints":{"allow":["GET"]}}],"collection":[{"href":"https:\/\/www.egon.com\/fr\/wp-json\/wp\/v2\/pages"}],"about":[{"href":"https:\/\/www.egon.com\/fr\/wp-json\/wp\/v2\/types\/page"}],"author":[{"embeddable":true,"href":"https:\/\/www.egon.com\/fr\/wp-json\/wp\/v2\/users\/1"}],"replies":[{"embeddable":true,"href":"https:\/\/www.egon.com\/fr\/wp-json\/wp\/v2\/comments?post=8234"}],"version-history":[{"count":2,"href":"https:\/\/www.egon.com\/fr\/wp-json\/wp\/v2\/pages\/8234\/revisions"}],"predecessor-version":[{"id":18000,"href":"https:\/\/www.egon.com\/fr\/wp-json\/wp\/v2\/pages\/8234\/revisions\/18000"}],"up":[{"embeddable":true,"href":"https:\/\/www.egon.com\/fr\/wp-json\/wp\/v2\/pages\/8189"}],"wp:attachment":[{"href":"https:\/\/www.egon.com\/fr\/wp-json\/wp\/v2\/media?parent=8234"}],"curies":[{"name":"wp","href":"https:\/\/api.w.org\/{rel}","templated":true}]}}