{"id":8217,"date":"2017-09-19T13:58:37","date_gmt":"2017-09-19T13:58:37","guid":{"rendered":"https:\/\/egon.com\/?page_id=8217"},"modified":"2021-02-15T13:52:57","modified_gmt":"2021-02-15T13:52:57","slug":"integre","status":"publish","type":"page","link":"https:\/\/www.egon.com\/fr\/mode-d-utilisation\/integre","title":{"rendered":"Normalisation et le g\u00e9ocodage int\u00e9gr\u00e9s tout de suite dans votre application"},"content":{"rendered":"[vc_row row_h_align=\u00a0\u00bbgrid&#8211;center\u00a0\u00bb wrapper=\u00a0\u00bbtrue\u00a0\u00bb holder_class=\u00a0\u00bbu-section-hero-methodology u-overlapped-hero-padding\u00a0\u00bb holder_set_margin=\u00a0\u00bbtrue\u00a0\u00bb holder_margin=\u00a0\u00bbu-margin-bottom-large\u00a0\u00bb][vc_column row_width=\u00a0\u00bb_desktop-9&Prime;]<div class=\"c-heading\"><h1 class=\" u-h1 u-text-bolder u-margin-bottom u-text-center\">Integr\u00e9<\/h1><\/div>[vc_column_text txt_align=\u00a0\u00bbu-text-center\u00a0\u00bb set_margin=\u00a0\u00bbtrue\u00a0\u00bb margin=\u00a0\u00bbu-margin-bottom-large\u00a0\u00bb]Egon est une application non seulement en mesure d\u2019\u0153uvrer en mode massif sur des fichiers de donn\u00e9es complets mais aussi de s\u2019int\u00e9grer et de coop\u00e9rer avec des applications de tiers de n\u2019importe quelle typologie et dans des environnements standard.[\/vc_column_text][\/vc_column][\/vc_row][vc_row wrapper=\u00a0\u00bbtrue\u00a0\u00bb][vc_column][vc_column_text]Plus pr\u00e9cis\u00e9ment, ind\u00e9pendamment du logiciel qui sera utilis\u00e9 pour la gestion des donn\u00e9es, l\u2019int\u00e9gration permettra \u00e0 votre logiciel de demander \u00e0 tout moment le support du moteur Egon pour la normalisation et pour toutes les fonctions pr\u00e9vues, <a href=\"https:\/\/www.egon.com\/fr\/egon-on-site-on-premises-fr.html\">via intranet<\/a>, ou <a href=\"https:\/\/www.egon.com\/fr\/egon-web-in-the-cloud.html\">via web<\/a>, en fonction du type d\u2019installation choisi (On Premises \u2013 In the Cloud).<\/p>\n<p>Il est possible d\u2019int\u00e9grer Egon dans toute solution informatique, y compris les infrastructures de logiciels standard les plus diffus\u00e9es o\u00f9 il pourra \u00eatre adapt\u00e9 sous forme de plugin additionnel[\/vc_column_text]<div class=\" c-divider c-divider--dashed\"\/><\/div>[\/vc_column][\/vc_row][vc_row wrapper=\u00a0\u00bbtrue\u00a0\u00bb][vc_column width=\u00a0\u00bb1\/2&Prime;]<div class=\"c-heading\"><h3 class=\" u-text-bolder u-padding-vertical-small\">Int\u00e9gration dans des applications d\u2019entreprise<\/h3><\/div>[vc_column_text](en ligne \u2013 batch) : via web service, Egon est int\u00e9gr\u00e9 dans des logiciels d\u2019entreprise qui l\u2019exploitent en mode temps r\u00e9el (Egon fonctionne en ligne via intranet ou via web, directement pendant l\u2019utilisation de l\u2019application, comme support de la saisie des donn\u00e9es) ou en mode batch automatis\u00e9 \u00e0 l\u2019int\u00e9rieur des processus.<\/p>\n<p>L\u2019int\u00e9gration est compl\u00e8tement ind\u00e9pendante du syst\u00e8me de r\u00e9f\u00e9rence (Windows, Linux, Unix, IBMi, Mainframe etc.) et elle est effectu\u00e9e sur n\u2019importe quelle application :[\/vc_column_text]<div class=\" c-list c-list--color-one\"><ul>\n<li><i class=\"c-list__icon fal fa-check-circle\"><\/i>CRM<\/li>\n<li><i class=\"c-list__icon fal fa-check-circle\"><\/i>ERP<\/li>\n<li><i class=\"c-list__icon fal fa-check-circle\"><\/i>Logiciel de saisie des donn\u00e9es<\/li>\n<li><i class=\"c-list__icon fal fa-check-circle\"><\/i>web<\/li>\n<li><i class=\"c-list__icon fal fa-check-circle\"><\/i>e-business<\/li>\n<\/ul>\n<\/div>[\/vc_column][vc_column width=\u00a0\u00bb1\/2&Prime;]<div class=\"c-heading\"><h3 class=\" u-text-bolder u-padding-vertical-small\">Int\u00e9gration dans des environnements standard<\/h3><\/div><div class=\" c-list c-list--color-one\"><p>(enterprise application): dans ce cas, Egon est int\u00e9gr\u00e9 sous forme de plugin additionnel dans des infrastructures pr\u00e9existantes telles que :<\/p>\n<ul>\n<li><i class=\"c-list__icon fal fa-check-circle\"><\/i>IBM<\/li>\n<li><i class=\"c-list__icon fal fa-check-circle\"><\/i>Oracle<\/li>\n<li><i class=\"c-list__icon fal fa-check-circle\"><\/i>Google<\/li>\n<li><i class=\"c-list__icon fal fa-check-circle\"><\/i>Microsoft<\/li>\n<li><i class=\"c-list__icon fal fa-check-circle\"><\/i>SAP<\/li>\n<li><i class=\"c-list__icon fal fa-check-circle\"><\/i>Windows<\/li>\n<\/ul>\n<\/div>[\/vc_column][\/vc_row][vc_row][vc_column]<div class=\"templatera_shortcode\"><div class=\"o-holder u-background-ca-one u-padding-vertical-large\"><div class=\" o-wrapper\"><div class=\"grid-1\"><div class=\"col _lap-and-up-12\" ><div class=\"c-heading\"><h3 class=\" u-text-color-invert u-text-center\">D\u00c9COUVREZ COMMENT NOTRE LOGICIEL DE GESTION DES DONN\u00c9ES PEUT VOUS AIDER \u00c0 D\u00c9VELOPPER VOTRE ENTREPRISE!<\/h3><\/div><div class=\"c-button-holder c-button-holder--center\"><a class=\"c-button u-text-bold c-button--center c-button--white  c-button--ghost\" href=\"https:\/\/www.egon.com\/company\/contact-us\">CONTACTEZ-NOUS<\/a><\/div><\/div>\n<\/div><\/div><\/div>\r\n<\/div>[\/vc_column][\/vc_row]\n","protected":false},"excerpt":{"rendered":"D\u00c9COUVREZ COMMENT NOTRE LOGICIEL DE GESTION DES DONN\u00c9ES PEUT VOUS AIDER \u00c0 D\u00c9VELOPPER VOTRE ENTREPRISE!CONTACTEZ-NOUS","protected":false},"author":1,"featured_media":0,"parent":8189,"menu_order":0,"comment_status":"closed","ping_status":"closed","template":"templates\/template-fullwidth.php","meta":{"footnotes":""},"class_list":["post-8217","page","type-page","status-publish","hentry"],"yoast_head":"<!-- This site is optimized with the Yoast SEO plugin v26.8 - https:\/\/yoast.com\/product\/yoast-seo-wordpress\/ -->\n<title>Normalisation et le g\u00e9ocodage int\u00e9gr\u00e9s tout de suite dans votre application<\/title>\n<meta name=\"description\" content=\"Egon est une application en mesure de s\u2019int\u00e9grer et de coop\u00e9rer avec des applications de tiers de n\u2019importe quelle typologie.\" \/>\n<meta name=\"robots\" content=\"index, follow, max-snippet:-1, max-image-preview:large, max-video-preview:-1\" \/>\n<link rel=\"canonical\" href=\"https:\/\/www.egon.com\/fr\/mode-d-utilisation\/integre\" \/>\n<meta property=\"og:locale\" content=\"fr_FR\" \/>\n<meta property=\"og:type\" content=\"article\" \/>\n<meta property=\"og:title\" content=\"Normalisation et le g\u00e9ocodage int\u00e9gr\u00e9s tout de suite dans votre application\" \/>\n<meta property=\"og:description\" content=\"Egon est une application en mesure de s\u2019int\u00e9grer et de coop\u00e9rer avec des applications de tiers de n\u2019importe quelle typologie.\" \/>\n<meta property=\"og:url\" content=\"https:\/\/www.egon.com\/fr\/mode-d-utilisation\/integre\" \/>\n<meta property=\"og:site_name\" content=\"Egon\" \/>\n<meta property=\"article:modified_time\" content=\"2021-02-15T13:52:57+00:00\" \/>\n<meta name=\"twitter:card\" content=\"summary_large_image\" \/>\n<meta name=\"twitter:label1\" content=\"Dur\u00e9e de lecture estim\u00e9e\" \/>\n\t<meta name=\"twitter:data1\" content=\"2 minutes\" \/>\n<script type=\"application\/ld+json\" class=\"yoast-schema-graph\">{\"@context\":\"https:\/\/schema.org\",\"@graph\":[{\"@type\":\"WebPage\",\"@id\":\"https:\/\/www.egon.com\/fr\/mode-d-utilisation\/integre\",\"url\":\"https:\/\/www.egon.com\/fr\/mode-d-utilisation\/integre\",\"name\":\"Normalisation et le g\u00e9ocodage int\u00e9gr\u00e9s tout de suite dans votre application\",\"isPartOf\":{\"@id\":\"https:\/\/www.egon.com\/zh\/#website\"},\"datePublished\":\"2017-09-19T13:58:37+00:00\",\"dateModified\":\"2021-02-15T13:52:57+00:00\",\"description\":\"Egon est une application en mesure de s\u2019int\u00e9grer et de coop\u00e9rer avec des applications de tiers de n\u2019importe quelle typologie.\",\"breadcrumb\":{\"@id\":\"https:\/\/www.egon.com\/fr\/mode-d-utilisation\/integre#breadcrumb\"},\"inLanguage\":\"fr-FR\",\"potentialAction\":[{\"@type\":\"ReadAction\",\"target\":[\"https:\/\/www.egon.com\/fr\/mode-d-utilisation\/integre\"]}]},{\"@type\":\"BreadcrumbList\",\"@id\":\"https:\/\/www.egon.com\/fr\/mode-d-utilisation\/integre#breadcrumb\",\"itemListElement\":[{\"@type\":\"ListItem\",\"position\":1,\"name\":\"Home\",\"item\":\"https:\/\/www.egon.com\/fr\"},{\"@type\":\"ListItem\",\"position\":2,\"name\":\"MODE D\u2019UTILISATION\",\"item\":\"https:\/\/www.egon.com\/fr\/mode-d-utilisation\"},{\"@type\":\"ListItem\",\"position\":3,\"name\":\"Normalisation et le g\u00e9ocodage int\u00e9gr\u00e9s tout de suite dans votre application\"}]},{\"@type\":\"WebSite\",\"@id\":\"https:\/\/www.egon.com\/zh\/#website\",\"url\":\"https:\/\/www.egon.com\/zh\/\",\"name\":\"Egon\",\"description\":\"Normalizzazione indirizzi - Address validation - Egon.com\",\"potentialAction\":[{\"@type\":\"SearchAction\",\"target\":{\"@type\":\"EntryPoint\",\"urlTemplate\":\"https:\/\/www.egon.com\/zh\/?s={search_term_string}\"},\"query-input\":{\"@type\":\"PropertyValueSpecification\",\"valueRequired\":true,\"valueName\":\"search_term_string\"}}],\"inLanguage\":\"fr-FR\"}]}<\/script>\n<!-- \/ Yoast SEO plugin. -->","yoast_head_json":{"title":"Normalisation et le g\u00e9ocodage int\u00e9gr\u00e9s tout de suite dans votre application","description":"Egon est une application en mesure de s\u2019int\u00e9grer et de coop\u00e9rer avec des applications de tiers de n\u2019importe quelle typologie.","robots":{"index":"index","follow":"follow","max-snippet":"max-snippet:-1","max-image-preview":"max-image-preview:large","max-video-preview":"max-video-preview:-1"},"canonical":"https:\/\/www.egon.com\/fr\/mode-d-utilisation\/integre","og_locale":"fr_FR","og_type":"article","og_title":"Normalisation et le g\u00e9ocodage int\u00e9gr\u00e9s tout de suite dans votre application","og_description":"Egon est une application en mesure de s\u2019int\u00e9grer et de coop\u00e9rer avec des applications de tiers de n\u2019importe quelle typologie.","og_url":"https:\/\/www.egon.com\/fr\/mode-d-utilisation\/integre","og_site_name":"Egon","article_modified_time":"2021-02-15T13:52:57+00:00","twitter_card":"summary_large_image","twitter_misc":{"Dur\u00e9e de lecture estim\u00e9e":"2 minutes"},"schema":{"@context":"https:\/\/schema.org","@graph":[{"@type":"WebPage","@id":"https:\/\/www.egon.com\/fr\/mode-d-utilisation\/integre","url":"https:\/\/www.egon.com\/fr\/mode-d-utilisation\/integre","name":"Normalisation et le g\u00e9ocodage int\u00e9gr\u00e9s tout de suite dans votre application","isPartOf":{"@id":"https:\/\/www.egon.com\/zh\/#website"},"datePublished":"2017-09-19T13:58:37+00:00","dateModified":"2021-02-15T13:52:57+00:00","description":"Egon est une application en mesure de s\u2019int\u00e9grer et de coop\u00e9rer avec des applications de tiers de n\u2019importe quelle typologie.","breadcrumb":{"@id":"https:\/\/www.egon.com\/fr\/mode-d-utilisation\/integre#breadcrumb"},"inLanguage":"fr-FR","potentialAction":[{"@type":"ReadAction","target":["https:\/\/www.egon.com\/fr\/mode-d-utilisation\/integre"]}]},{"@type":"BreadcrumbList","@id":"https:\/\/www.egon.com\/fr\/mode-d-utilisation\/integre#breadcrumb","itemListElement":[{"@type":"ListItem","position":1,"name":"Home","item":"https:\/\/www.egon.com\/fr"},{"@type":"ListItem","position":2,"name":"MODE D\u2019UTILISATION","item":"https:\/\/www.egon.com\/fr\/mode-d-utilisation"},{"@type":"ListItem","position":3,"name":"Normalisation et le g\u00e9ocodage int\u00e9gr\u00e9s tout de suite dans votre application"}]},{"@type":"WebSite","@id":"https:\/\/www.egon.com\/zh\/#website","url":"https:\/\/www.egon.com\/zh\/","name":"Egon","description":"Normalizzazione indirizzi - Address validation - Egon.com","potentialAction":[{"@type":"SearchAction","target":{"@type":"EntryPoint","urlTemplate":"https:\/\/www.egon.com\/zh\/?s={search_term_string}"},"query-input":{"@type":"PropertyValueSpecification","valueRequired":true,"valueName":"search_term_string"}}],"inLanguage":"fr-FR"}]}},"_links":{"self":[{"href":"https:\/\/www.egon.com\/fr\/wp-json\/wp\/v2\/pages\/8217","targetHints":{"allow":["GET"]}}],"collection":[{"href":"https:\/\/www.egon.com\/fr\/wp-json\/wp\/v2\/pages"}],"about":[{"href":"https:\/\/www.egon.com\/fr\/wp-json\/wp\/v2\/types\/page"}],"author":[{"embeddable":true,"href":"https:\/\/www.egon.com\/fr\/wp-json\/wp\/v2\/users\/1"}],"replies":[{"embeddable":true,"href":"https:\/\/www.egon.com\/fr\/wp-json\/wp\/v2\/comments?post=8217"}],"version-history":[{"count":2,"href":"https:\/\/www.egon.com\/fr\/wp-json\/wp\/v2\/pages\/8217\/revisions"}],"predecessor-version":[{"id":17987,"href":"https:\/\/www.egon.com\/fr\/wp-json\/wp\/v2\/pages\/8217\/revisions\/17987"}],"up":[{"embeddable":true,"href":"https:\/\/www.egon.com\/fr\/wp-json\/wp\/v2\/pages\/8189"}],"wp:attachment":[{"href":"https:\/\/www.egon.com\/fr\/wp-json\/wp\/v2\/media?parent=8217"}],"curies":[{"name":"wp","href":"https:\/\/api.w.org\/{rel}","templated":true}]}}