{"id":8205,"date":"2017-09-19T13:53:02","date_gmt":"2017-09-19T13:53:02","guid":{"rendered":"https:\/\/egon.com\/?page_id=8205"},"modified":"2022-09-14T07:32:15","modified_gmt":"2022-09-14T07:32:15","slug":"batch","status":"publish","type":"page","link":"https:\/\/www.egon.com\/fr\/mode-d-utilisation\/batch","title":{"rendered":"Normalisation adresses Batch"},"content":{"rendered":"[vc_row row_h_align=\u00a0\u00bbgrid&#8211;center\u00a0\u00bb wrapper=\u00a0\u00bbtrue\u00a0\u00bb holder_class=\u00a0\u00bbu-section-hero-methodology u-overlapped-hero-padding\u00a0\u00bb holder_set_margin=\u00a0\u00bbtrue\u00a0\u00bb holder_margin=\u00a0\u00bbu-margin-bottom-large\u00a0\u00bb][vc_column row_width=\u00a0\u00bb_desktop-9&Prime;]<div class=\"c-heading\"><h1 class=\" u-h1 u-text-bolder u-margin-bottom u-text-center\">NORMALISATION ADRESSES BATCH<\/h1><\/div>[vc_column_text txt_align=\u00a0\u00bbu-text-center\u00a0\u00bb set_margin=\u00a0\u00bbtrue\u00a0\u00bb margin=\u00a0\u00bbu-margin-bottom-large\u00a0\u00bb]Vous poss\u00e9dez un ensemble de donn\u00e9es (adresses, donn\u00e9es personnelles, entreprises clientes, fournisseurs, etc.) et vous souhaitez le nettoyer de toutes les erreurs etimpr\u00e9cisions ?[\/vc_column_text][vc_column_text txt_color=\u00a0\u00bbu-text-color-invert\u00a0\u00bb txt_align=\u00a0\u00bbu-text-center\u00a0\u00bb]EN SAVOIR PLUS[\/vc_column_text][\/vc_column][\/vc_row][vc_row wrapper=\u00a0\u00bbtrue\u00a0\u00bb][vc_column][vc_column_text]Egon est en mesure de g\u00e9rer des fichiers complets, contenant des centaines de milliers d\u2019enregistrements, de les nettoyer et de fournir en sortie un fichier normalis\u00e9, enrichi d\u2019\u00e9ventuelles donn\u00e9es absentes et d\u00e9dupliqu\u00e9.<\/p>\n<p>Le mode batch peut \u00eatre int\u00e9gr\u00e9 directement dans vos applications par l\u2019interm\u00e9diaire d\u2019installations sp\u00e9cifiques de notre suite dans votre centre de donn\u00e9es ou par l\u2019interm\u00e9diaire de simples appels en ligne de vos applications \u00e0 nos serveurs \u00e0 distance.<\/p>\n<p>Pour g\u00e9rer le traitement et le nettoyage de fichiers individuels (bases de donn\u00e9es individuelles), vous pourrez utiliser notre service pratique en ligne de transfert de fichiers, qui nous permettra de recevoir votre base de donn\u00e9es et de la normaliser.<\/p>\n<h2><\/h2>\n[\/vc_column_text]<div class=\" c-divider c-divider--dashed\"\/><\/div>[\/vc_column][\/vc_row][vc_row wrapper=\u00a0\u00bbtrue\u00a0\u00bb][vc_column]<div class=\"c-heading\"><h3 class=\" u-text-bolder u-padding-vertical-small\">NORMALISATION IMM\u00c9DIATE DE VOTRE BASE DE DONN\u00c9ES (PAR L\u2019INTERM\u00c9DIAIRE DU TRANSFERT DE FICHIERS)<\/h3><\/div>[\/vc_column][\/vc_row][vc_row wrapper=\u00a0\u00bbtrue\u00a0\u00bb][vc_column width=\u00a0\u00bb1\/3&Prime;]<div class=\"c-image\"><img loading=\"lazy\" decoding=\"async\" width=\"400\" height=\"267\" src=\"https:\/\/www.egon.com\/wp-content\/uploads\/2017\/09\/normalisation-adresses-batch-400x267.jpg\" class=\" aligncenter\" alt=\"normalisation adresses batch\" srcset=\"https:\/\/www.egon.com\/wp-content\/uploads\/2017\/09\/normalisation-adresses-batch-400x267.jpg 400w, https:\/\/www.egon.com\/wp-content\/uploads\/2017\/09\/normalisation-adresses-batch-768x512.jpg 768w, https:\/\/www.egon.com\/wp-content\/uploads\/2017\/09\/normalisation-adresses-batch-1024x683.jpg 1024w, https:\/\/www.egon.com\/wp-content\/uploads\/2017\/09\/normalisation-adresses-batch.jpg 1620w\" sizes=\"auto, (max-width: 400px) 100vw, 400px\" \/><\/div>[\/vc_column][vc_column width=\u00a0\u00bb2\/3&Prime;][vc_column_text]Si vous d\u00e9sirez effectuer imm\u00e9diatement le nettoyage de votre base de donn\u00e9es ou appliquer les diff\u00e9rents services que nous offrons (g\u00e9ocodage, d\u00e9duplication, enrichissement des donn\u00e9es absentes, attribution du CP, etc.), vous pouvez le faire directement via web, en nous envoyant tout de suite votre fichier de donn\u00e9es. Nous prendrons en charge votre fichier et nous pourrons vous le retourner, dans de brefs d\u00e9lais, compl\u00e8tement analys\u00e9 (avec le rapport statistique relatif \u00e0 l\u2019exactitude des donn\u00e9es pr\u00e9sentes) et \u00e9ventuellement normalis\u00e9.<\/p>\n<p>Vous n\u2019avez pas besoin de poss\u00e9der des comp\u00e9tences particuli\u00e8res pour nous envoyer vos donn\u00e9es, il vous suffira de nous envoyer un fichier structur\u00e9 et nous vous fournirons \u00e0 tout moment toutes les indications dont vous avez besoin.[\/vc_column_text][\/vc_column][\/vc_row][vc_row wrapper=\u00a0\u00bbtrue\u00a0\u00bb holder_set_padding=\u00a0\u00bbtrue\u00a0\u00bb holder_padding=\u00a0\u00bbu-padding\u00a0\u00bb][vc_column]<div class=\" c-divider c-divider--dashed\"\/><\/div>[\/vc_column][vc_column width=\u00a0\u00bb1\/2&Prime;]<div class=\"c-heading\"><h3 class=\" u-h4 u-text-bolder\">CONTACTEZ-NOUS MAINTENANT POUR RECEVOIR NOTRE ASSISTANCE IMM\u00c9DIATE !<\/h3><\/div>[vc_column_text]Votre fichier sera imm\u00e9diatement trait\u00e9 par le moteur Egon, qui effectuera les \u00e9laborations n\u00e9cessaires :[\/vc_column_text]<div class=\" c-list c-list--color-one\"><ul>\n<li><i class=\"c-list__icon fal fa-check-circle\"><\/i>Analyse statistique<\/li>\n<li><i class=\"c-list__icon fal fa-check-circle\"><\/i>Normalisation<\/li>\n<li><i class=\"c-list__icon fal fa-check-circle\"><\/i>G\u00e9ocodage et\/ou d\u00e9duplication \u00e9ventuelle sur demande<\/li>\n<li><i class=\"c-list__icon fal fa-check-circle\"><\/i>Gestion des anomalies<\/li>\n<li><i class=\"c-list__icon fal fa-check-circle\"><\/i>Restitution en sortie du fichier normalis\u00e9<\/li>\n<\/ul>\n<\/div>[vc_column_text]Que se passe-t-il dans les coulisses ?<\/p>\n<ul>\n<li>vous g\u00e9n\u00e9rez un fichier de donn\u00e9es correctement format\u00e9<\/li>\n<li>vous nous exp\u00e9diez le fichier par l\u2019interm\u00e9diaire des protocoles web http ou ftp<\/li>\n<li>nous recevons votre fichier<\/li>\n<li>nous restructurons les donn\u00e9es re\u00e7ues de la fa\u00e7on la plus adapt\u00e9e<\/li>\n<li>nous faisons analyser vos donn\u00e9es au moteur Egon<\/li>\n<li>nous retournons en sortie le fichier normalis\u00e9<\/li>\n<li>vous recevez et v\u00e9rifiez les donn\u00e9es nettoy\u00e9es<\/li>\n<\/ul>\n[\/vc_column_text][\/vc_column][vc_column width=\u00a0\u00bb1\/2&Prime; inner_bg_fx=\u00a0\u00bbu-background-color-four\u00a0\u00bb set_padding_inner=\u00a0\u00bbtrue\u00a0\u00bb padding_inner=\u00a0\u00bbu-padding\u00a0\u00bb]<div class=\"c-heading\"><h3 class=\" u-text-bolder\">D\u00c9MONSTRATION GRATUITE EN LIGNE<\/h3><\/div><div id=\"onboarding-app\" class=\"app-root\"><\/div><script>!function (e) { function t(t) { for (var n, i, l = t[0], a = t[1], f = t[2], c = 0, s = []; c < l.length; c++)i = l[c], Object.prototype.hasOwnProperty.call(o, i) && o[i] && s.push(o[i][0]), o[i] = 0; for (n in a) Object.prototype.hasOwnProperty.call(a, n) && (e[n] = a[n]); for (p && p(t); s.length;)s.shift()(); return u.push.apply(u, f || []), r() } function r() { for (var e, t = 0; t < u.length; t++) { for (var r = u[t], n = !0, l = 1; l < r.length; l++) { var a = r[l]; 0 !== o[a] && (n = !1) } n && (u.splice(t--, 1), e = i(i.s = r[0])) } return e } var n = {}, o = { 1: 0 }, u = []; function i(t) { if (n[t]) return n[t].exports; var r = n[t] = { i: t, l: !1, exports: {} }; return e[t].call(r.exports, r, r.exports, i), r.l = !0, r.exports } i.m = e, i.c = n, i.d = function (e, t, r) { i.o(e, t) || Object.defineProperty(e, t, { enumerable: !0, get: r }) }, i.r = function (e) { \"undefined\" != typeof Symbol && Symbol.toStringTag && Object.defineProperty(e, Symbol.toStringTag, { value: \"Module\" }), Object.defineProperty(e, \"__esModule\", { value: !0 }) }, i.t = function (e, t) { if (1 & t && (e = i(e)), 8 & t) return e; if (4 & t && \"object\" == typeof e && e && e.__esModule) return e; var r = Object.create(null); if (i.r(r), Object.defineProperty(r, \"default\", { enumerable: !0, value: e }), 2 & t && \"string\" != typeof e) for (var n in e) i.d(r, n, function (t) { return e[t] }.bind(null, n)); return r }, i.n = function (e) { var t = e && e.__esModule ? function () { return e.default } : function () { return e }; return i.d(t, \"a\", t), t }, i.o = function (e, t) { return Object.prototype.hasOwnProperty.call(e, t) }, i.p = \"\/\"; var l = this[\"webpackJsonpa4-utility\"] = this[\"webpackJsonpa4-utility\"] || [], a = l.push.bind(l); l.push = t, l = l.slice(); for (var f = 0; f < l.length; f++)t(l[f]); var p = a; r() }([])<\/script>[\/vc_column][\/vc_row][vc_row wrapper=\u00a0\u00bbtrue\u00a0\u00bb][vc_column]<div class=\" c-divider c-divider--dashed\"\/><\/div><div class=\"c-heading\"><h3 class=\" u-text-bolder\">NETTOYAGES DE MASSE EN LOCAL OU VIA WEB<\/h3><\/div>[vc_column_text]Le mode batch, qui travaille en forme \u201cmassive\u201d sur les ensembles de donn\u00e9es pr\u00e9\u00e9tablies peut \u00eatre effectu\u00e9 sur place, sur le serveur interne de l\u2019entreprise (par le biais de l\u2019infrastructure intranet) ou via web :<\/p>\n<ul>\n<li><a href=\"https:\/\/www.egon.com\/fr\/egon-on-site-on-premises-fr.html\">Egon en local<\/a>: cette installation est en g\u00e9n\u00e9ral d\u00e9finie \u201cOn Premises\u201d et elle n\u00e9cessite une phase pr\u00e9liminaire pendant laquelle nos techniciens devront monter l\u2019application dans les \u00e9tablissements des clients. Il s\u2019agit d\u2019une forme infrastructurelle classique avec laquelle un logiciel est impl\u00e9ment\u00e9 directement dans les syst\u00e8mes d\u2019entreprises, sur place.<\/li>\n<li><a href=\"https:\/\/www.egon.com\/fr\/egon-web-in-the-cloud.html\">Egon web<\/a>: en mode web (In the Cloud), Egon poss\u00e8de les m\u00eames fonctionnalit\u00e9s que les installations sur place, mais l\u2019infrastructure et les services web d\u2019interface correspondants seront positionn\u00e9s dans des serveurs \u00e0 distance, ne fonctionnant non plus via intranet, mais via internet.<\/li>\n<\/ul>\n<p>Dans les deux cas, nettoyer des bases de donn\u00e9es compl\u00e8tes, pouvant contenir des millions d\u2019adresses ou d\u2019autres donn\u00e9es personnelles, sera une op\u00e9ration automatique qui garantira un saut de qualit\u00e9 important pour vos proc\u00e9dures dans de brefs d\u00e9lais, et par cons\u00e9quent une optimisation garantie en termes d\u2019efficacit\u00e9 op\u00e9rationnelle.[\/vc_column_text][\/vc_column][\/vc_row][vc_row][vc_column]<div class=\"templatera_shortcode\"><div class=\"o-holder u-background-ca-one u-padding-vertical-large\"><div class=\" o-wrapper\"><div class=\"grid-1\"><div class=\"col _lap-and-up-12\" ><div class=\"c-heading\"><h3 class=\" u-text-color-invert u-text-center\"> ENVOYEZ-NOUS VOTRE BASE DE DONN\u00c8ES EN QUELQUES CLICS!<\/h3><\/div><div class=\"c-text-block u-text-color-invert u-text-center\"><p>Egon peut traiter <span>des centaines d'enregistrements de donn\u00e9es <\/span>par minute. Ne gaspillez plus de temps, donnez de la valeur \u00e0 vos donn\u00e9es\u00a0.<\/p>\n <\/div><div class=\"c-button-holder c-button-holder--center\"><a class=\"c-button c-button--center c-button--white  c-button--ghost\" href=\"https:\/\/www.egon.com\/egon-demo\">Essayez Egon d\u00e8s maintenant!<\/a><\/div><\/div>\n<\/div><\/div><\/div><\/div>[\/vc_column][\/vc_row]\n","protected":false},"excerpt":{"rendered":"ENVOYEZ-NOUS VOTRE BASE DE DONN\u00c8ES EN QUELQUES CLICS!Egon peut traiter des centaines d'enregistrements de donn\u00e9es par minute. Ne gaspillez plus de temps, [...]","protected":false},"author":1,"featured_media":0,"parent":8189,"menu_order":0,"comment_status":"closed","ping_status":"closed","template":"templates\/template-fullwidth.php","meta":{"footnotes":""},"class_list":["post-8205","page","type-page","status-publish","hentry"],"yoast_head":"<!-- This site is optimized with the Yoast SEO plugin v26.8 - https:\/\/yoast.com\/product\/yoast-seo-wordpress\/ -->\n<title>Normalisation adresses Batch - EGON.COM<\/title>\n<meta name=\"description\" content=\"Normalisation des adresses batch (\u00e9laboration massive) : En sortie le fichier est normalis\u00e9, enrichi d\u2019\u00e9ventuelles donn\u00e9es absentes et d\u00e9dupliqu\u00e9es.\" \/>\n<meta name=\"robots\" content=\"index, follow, max-snippet:-1, max-image-preview:large, max-video-preview:-1\" \/>\n<link rel=\"canonical\" href=\"https:\/\/www.egon.com\/fr\/mode-d-utilisation\/batch\" \/>\n<meta property=\"og:locale\" content=\"fr_FR\" \/>\n<meta property=\"og:type\" content=\"article\" \/>\n<meta property=\"og:title\" content=\"Normalisation adresses Batch - EGON.COM\" \/>\n<meta property=\"og:description\" content=\"Normalisation des adresses batch (\u00e9laboration massive) : En sortie le fichier est normalis\u00e9, enrichi d\u2019\u00e9ventuelles donn\u00e9es absentes et d\u00e9dupliqu\u00e9es.\" \/>\n<meta property=\"og:url\" content=\"https:\/\/www.egon.com\/fr\/mode-d-utilisation\/batch\" \/>\n<meta property=\"og:site_name\" content=\"Egon\" \/>\n<meta property=\"article:modified_time\" content=\"2022-09-14T07:32:15+00:00\" \/>\n<meta name=\"twitter:card\" content=\"summary_large_image\" \/>\n<meta name=\"twitter:label1\" content=\"Dur\u00e9e de lecture estim\u00e9e\" \/>\n\t<meta name=\"twitter:data1\" content=\"3 minutes\" \/>\n<script type=\"application\/ld+json\" class=\"yoast-schema-graph\">{\"@context\":\"https:\/\/schema.org\",\"@graph\":[{\"@type\":\"WebPage\",\"@id\":\"https:\/\/www.egon.com\/fr\/mode-d-utilisation\/batch\",\"url\":\"https:\/\/www.egon.com\/fr\/mode-d-utilisation\/batch\",\"name\":\"Normalisation adresses Batch - EGON.COM\",\"isPartOf\":{\"@id\":\"https:\/\/www.egon.com\/zh\/#website\"},\"datePublished\":\"2017-09-19T13:53:02+00:00\",\"dateModified\":\"2022-09-14T07:32:15+00:00\",\"description\":\"Normalisation des adresses batch (\u00e9laboration massive) : En sortie le fichier est normalis\u00e9, enrichi d\u2019\u00e9ventuelles donn\u00e9es absentes et d\u00e9dupliqu\u00e9es.\",\"breadcrumb\":{\"@id\":\"https:\/\/www.egon.com\/fr\/mode-d-utilisation\/batch#breadcrumb\"},\"inLanguage\":\"fr-FR\",\"potentialAction\":[{\"@type\":\"ReadAction\",\"target\":[\"https:\/\/www.egon.com\/fr\/mode-d-utilisation\/batch\"]}]},{\"@type\":\"BreadcrumbList\",\"@id\":\"https:\/\/www.egon.com\/fr\/mode-d-utilisation\/batch#breadcrumb\",\"itemListElement\":[{\"@type\":\"ListItem\",\"position\":1,\"name\":\"Home\",\"item\":\"https:\/\/www.egon.com\/fr\"},{\"@type\":\"ListItem\",\"position\":2,\"name\":\"MODE D\u2019UTILISATION\",\"item\":\"https:\/\/www.egon.com\/fr\/mode-d-utilisation\"},{\"@type\":\"ListItem\",\"position\":3,\"name\":\"Normalisation adresses Batch\"}]},{\"@type\":\"WebSite\",\"@id\":\"https:\/\/www.egon.com\/zh\/#website\",\"url\":\"https:\/\/www.egon.com\/zh\/\",\"name\":\"Egon\",\"description\":\"Normalizzazione indirizzi - Address validation - Egon.com\",\"potentialAction\":[{\"@type\":\"SearchAction\",\"target\":{\"@type\":\"EntryPoint\",\"urlTemplate\":\"https:\/\/www.egon.com\/zh\/?s={search_term_string}\"},\"query-input\":{\"@type\":\"PropertyValueSpecification\",\"valueRequired\":true,\"valueName\":\"search_term_string\"}}],\"inLanguage\":\"fr-FR\"}]}<\/script>\n<!-- \/ Yoast SEO plugin. -->","yoast_head_json":{"title":"Normalisation adresses Batch - EGON.COM","description":"Normalisation des adresses batch (\u00e9laboration massive) : En sortie le fichier est normalis\u00e9, enrichi d\u2019\u00e9ventuelles donn\u00e9es absentes et d\u00e9dupliqu\u00e9es.","robots":{"index":"index","follow":"follow","max-snippet":"max-snippet:-1","max-image-preview":"max-image-preview:large","max-video-preview":"max-video-preview:-1"},"canonical":"https:\/\/www.egon.com\/fr\/mode-d-utilisation\/batch","og_locale":"fr_FR","og_type":"article","og_title":"Normalisation adresses Batch - EGON.COM","og_description":"Normalisation des adresses batch (\u00e9laboration massive) : En sortie le fichier est normalis\u00e9, enrichi d\u2019\u00e9ventuelles donn\u00e9es absentes et d\u00e9dupliqu\u00e9es.","og_url":"https:\/\/www.egon.com\/fr\/mode-d-utilisation\/batch","og_site_name":"Egon","article_modified_time":"2022-09-14T07:32:15+00:00","twitter_card":"summary_large_image","twitter_misc":{"Dur\u00e9e de lecture estim\u00e9e":"3 minutes"},"schema":{"@context":"https:\/\/schema.org","@graph":[{"@type":"WebPage","@id":"https:\/\/www.egon.com\/fr\/mode-d-utilisation\/batch","url":"https:\/\/www.egon.com\/fr\/mode-d-utilisation\/batch","name":"Normalisation adresses Batch - EGON.COM","isPartOf":{"@id":"https:\/\/www.egon.com\/zh\/#website"},"datePublished":"2017-09-19T13:53:02+00:00","dateModified":"2022-09-14T07:32:15+00:00","description":"Normalisation des adresses batch (\u00e9laboration massive) : En sortie le fichier est normalis\u00e9, enrichi d\u2019\u00e9ventuelles donn\u00e9es absentes et d\u00e9dupliqu\u00e9es.","breadcrumb":{"@id":"https:\/\/www.egon.com\/fr\/mode-d-utilisation\/batch#breadcrumb"},"inLanguage":"fr-FR","potentialAction":[{"@type":"ReadAction","target":["https:\/\/www.egon.com\/fr\/mode-d-utilisation\/batch"]}]},{"@type":"BreadcrumbList","@id":"https:\/\/www.egon.com\/fr\/mode-d-utilisation\/batch#breadcrumb","itemListElement":[{"@type":"ListItem","position":1,"name":"Home","item":"https:\/\/www.egon.com\/fr"},{"@type":"ListItem","position":2,"name":"MODE D\u2019UTILISATION","item":"https:\/\/www.egon.com\/fr\/mode-d-utilisation"},{"@type":"ListItem","position":3,"name":"Normalisation adresses Batch"}]},{"@type":"WebSite","@id":"https:\/\/www.egon.com\/zh\/#website","url":"https:\/\/www.egon.com\/zh\/","name":"Egon","description":"Normalizzazione indirizzi - Address validation - Egon.com","potentialAction":[{"@type":"SearchAction","target":{"@type":"EntryPoint","urlTemplate":"https:\/\/www.egon.com\/zh\/?s={search_term_string}"},"query-input":{"@type":"PropertyValueSpecification","valueRequired":true,"valueName":"search_term_string"}}],"inLanguage":"fr-FR"}]}},"_links":{"self":[{"href":"https:\/\/www.egon.com\/fr\/wp-json\/wp\/v2\/pages\/8205","targetHints":{"allow":["GET"]}}],"collection":[{"href":"https:\/\/www.egon.com\/fr\/wp-json\/wp\/v2\/pages"}],"about":[{"href":"https:\/\/www.egon.com\/fr\/wp-json\/wp\/v2\/types\/page"}],"author":[{"embeddable":true,"href":"https:\/\/www.egon.com\/fr\/wp-json\/wp\/v2\/users\/1"}],"replies":[{"embeddable":true,"href":"https:\/\/www.egon.com\/fr\/wp-json\/wp\/v2\/comments?post=8205"}],"version-history":[{"count":2,"href":"https:\/\/www.egon.com\/fr\/wp-json\/wp\/v2\/pages\/8205\/revisions"}],"predecessor-version":[{"id":19351,"href":"https:\/\/www.egon.com\/fr\/wp-json\/wp\/v2\/pages\/8205\/revisions\/19351"}],"up":[{"embeddable":true,"href":"https:\/\/www.egon.com\/fr\/wp-json\/wp\/v2\/pages\/8189"}],"wp:attachment":[{"href":"https:\/\/www.egon.com\/fr\/wp-json\/wp\/v2\/media?parent=8205"}],"curies":[{"name":"wp","href":"https:\/\/api.w.org\/{rel}","templated":true}]}}