{"id":8175,"date":"2017-09-19T13:43:52","date_gmt":"2017-09-19T13:43:52","guid":{"rendered":"https:\/\/egon.com\/?page_id=8175"},"modified":"2017-10-20T12:40:52","modified_gmt":"2017-10-20T12:40:52","slug":"e-business","status":"publish","type":"page","link":"https:\/\/www.egon.com\/fr\/applications\/e-business","title":{"rendered":"NORMALISATION DES ADRESSES ET DONN\u00c9ES PERSONNELLES POUR LES SITES D\u2019E-COMMERCE"},"content":{"rendered":"<p>Chaque portail de vente en ligne suppose la <span>saisie de donn\u00e9es personnelles par l\u2019acheteur<\/span> (identit\u00e9, coordonn\u00e9es bancaires, adresse, etc.) pendant la phase de paiement ou d\u2019enregistrement. Egon est un logiciel multiplateforme parfaitement en mesure de s\u2019int\u00e9grer \u00e0 n\u2019importe quel site d\u2019e-commerce et de contribuer \u00e0 la <span>validation des donn\u00e9es d\u2019entr\u00e9e<\/span>.<\/p>\n<p><span><img loading=\"lazy\" decoding=\"async\" class=\"alignnone wp-image-615 size-wps_child_large\" src=\"https:\/\/www.egon.com\/wp-content\/uploads\/2017\/07\/address-validation-checkout-ecommerce-website-820x400.jpg\" alt=\"Address validation checkout for ecommerce websites\" width=\"820\" height=\"400\" \/><\/span><\/p>\n<p>Toutes les <span>donn\u00e9es saisies par l\u2019utilisateur en phase d\u2019enregistrement ou de paiement<\/span> seront <span>trait\u00e9es, valid\u00e9es et \u00e9ventuellement corrig\u00e9es<\/span> (avec la possibilit\u00e9 d\u2019un support en temps r\u00e9el d\u00e8s la phase de saisie par l\u2019utilisateur).<\/p>\n<p>L\u2019utilisateur pourra m\u00eame \u00eatre guid\u00e9 pendant la saisie gr\u00e2ce \u00e0 des f<span>onctions de remplissage automatique obligatoires (services de liste)<\/span>. Cela permettra aux g\u00e9rants de la boutique en ligne de disposer constamment de donn\u00e9es correctes, valid\u00e9es et \u00e9ventuellement normalis\u00e9es, et leur \u00e9vitera ainsi les mauvais envois ou les probl\u00e8mes de communication et de conclusion des commandes en question.<\/p>\n<p>L\u2019achat de produits et services directement via internet est d\u00e9sormais devenu une pratique commune et de nombreux <span>logiciels et cms<\/span>, open source \u00e9galement, sont con\u00e7us sp\u00e9cialement pour cr\u00e9er des <span>sites internet de commerce \u00e9lectronique<\/span> (par exemple Woocommerce pour WordPress, Virtuemart pour Joomla, Magento etc.).<\/p>\n<p>Pour le monde des affaires, Internet est donc devenu un point de collecte fondamental des donn\u00e9es de clients r\u00e9els et potentiels, ce qui entra\u00eene des cons\u00e9quences importantes tant au niveau l\u00e9gislatif que des <span>bases de donn\u00e9es personnelles des entreprises<\/span>. La collecte des donn\u00e9es provenant de formulaires web a le b\u00e9n\u00e9fice incontestable de l\u2019instantan\u00e9it\u00e9 et donc de la simplicit\u00e9 pour l\u2019utilisateur, mais il ne faut pas n\u00e9gliger les probl\u00e9matiques tout aussi diffus\u00e9es dues \u00e0 une saisie rapide et incontr\u00f4l\u00e9e des donn\u00e9es personnelles par des utilisateurs press\u00e9s qui n\u2019attachent souvent pas l\u2019attention n\u00e9cessaire \u00e0 la saisie des donn\u00e9es dans les formulaires d\u2019enregistrement et de paiement. Un site de commerce \u00e9lectronique professionnel doit \u00eatre en mesure de prendre ces probl\u00e9matiques en charge et d\u2019y rem\u00e9dier avant qu\u2019elles provoquent de plus gros probl\u00e8mes.<\/p>\n<p>&nbsp;<\/p>\n","protected":false},"excerpt":{"rendered":"<p>Chaque portail de vente en ligne suppose la saisie de donn\u00e9es personnelles par l\u2019acheteur (identit\u00e9, coordonn\u00e9es bancaires, adresse, etc.) pendant la phase [&hellip;]<\/p>\n","protected":false},"author":1,"featured_media":0,"parent":8104,"menu_order":0,"comment_status":"closed","ping_status":"closed","template":"","meta":{"footnotes":""},"class_list":["post-8175","page","type-page","status-publish","hentry"],"yoast_head":"<!-- This site is optimized with the Yoast SEO plugin v26.8 - https:\/\/yoast.com\/product\/yoast-seo-wordpress\/ -->\n<title>NORMALISATION DES ADRESSES ET DONN\u00c9ES PERSONNELLES POUR LES SITES D\u2019E-COMMERCE - Egon<\/title>\n<meta name=\"robots\" content=\"index, follow, max-snippet:-1, max-image-preview:large, max-video-preview:-1\" \/>\n<link rel=\"canonical\" href=\"https:\/\/www.egon.com\/fr\/applications\/e-business\" \/>\n<meta property=\"og:locale\" content=\"fr_FR\" \/>\n<meta property=\"og:type\" content=\"article\" \/>\n<meta property=\"og:title\" content=\"NORMALISATION DES ADRESSES ET DONN\u00c9ES PERSONNELLES POUR LES SITES D\u2019E-COMMERCE - Egon\" \/>\n<meta property=\"og:description\" content=\"Chaque portail de vente en ligne suppose la saisie de donn\u00e9es personnelles par l\u2019acheteur (identit\u00e9, coordonn\u00e9es bancaires, adresse, etc.) pendant la phase [&hellip;]\" \/>\n<meta property=\"og:url\" content=\"https:\/\/www.egon.com\/fr\/applications\/e-business\" \/>\n<meta property=\"og:site_name\" content=\"Egon\" \/>\n<meta property=\"article:modified_time\" content=\"2017-10-20T12:40:52+00:00\" \/>\n<meta property=\"og:image\" content=\"https:\/\/www.egon.com\/wp-content\/uploads\/2017\/07\/address-validation-checkout-ecommerce-website-820x400.jpg\" \/>\n<meta name=\"twitter:card\" content=\"summary_large_image\" \/>\n<meta name=\"twitter:label1\" content=\"Dur\u00e9e de lecture estim\u00e9e\" \/>\n\t<meta name=\"twitter:data1\" content=\"2 minutes\" \/>\n<script type=\"application\/ld+json\" class=\"yoast-schema-graph\">{\"@context\":\"https:\/\/schema.org\",\"@graph\":[{\"@type\":\"WebPage\",\"@id\":\"https:\/\/www.egon.com\/fr\/applications\/e-business\",\"url\":\"https:\/\/www.egon.com\/fr\/applications\/e-business\",\"name\":\"NORMALISATION DES ADRESSES ET DONN\u00c9ES PERSONNELLES POUR LES SITES D\u2019E-COMMERCE - Egon\",\"isPartOf\":{\"@id\":\"https:\/\/www.egon.com\/zh\/#website\"},\"primaryImageOfPage\":{\"@id\":\"https:\/\/www.egon.com\/fr\/applications\/e-business#primaryimage\"},\"image\":{\"@id\":\"https:\/\/www.egon.com\/fr\/applications\/e-business#primaryimage\"},\"thumbnailUrl\":\"https:\/\/www.egon.com\/wp-content\/uploads\/2017\/07\/address-validation-checkout-ecommerce-website-820x400.jpg\",\"datePublished\":\"2017-09-19T13:43:52+00:00\",\"dateModified\":\"2017-10-20T12:40:52+00:00\",\"breadcrumb\":{\"@id\":\"https:\/\/www.egon.com\/fr\/applications\/e-business#breadcrumb\"},\"inLanguage\":\"fr-FR\",\"potentialAction\":[{\"@type\":\"ReadAction\",\"target\":[\"https:\/\/www.egon.com\/fr\/applications\/e-business\"]}]},{\"@type\":\"ImageObject\",\"inLanguage\":\"fr-FR\",\"@id\":\"https:\/\/www.egon.com\/fr\/applications\/e-business#primaryimage\",\"url\":\"https:\/\/www.egon.com\/wp-content\/uploads\/2017\/07\/address-validation-checkout-ecommerce-website-820x400.jpg\",\"contentUrl\":\"https:\/\/www.egon.com\/wp-content\/uploads\/2017\/07\/address-validation-checkout-ecommerce-website-820x400.jpg\"},{\"@type\":\"BreadcrumbList\",\"@id\":\"https:\/\/www.egon.com\/fr\/applications\/e-business#breadcrumb\",\"itemListElement\":[{\"@type\":\"ListItem\",\"position\":1,\"name\":\"Home\",\"item\":\"https:\/\/www.egon.com\/fr\"},{\"@type\":\"ListItem\",\"position\":2,\"name\":\"Applications\",\"item\":\"https:\/\/www.egon.com\/fr\/applications\"},{\"@type\":\"ListItem\",\"position\":3,\"name\":\"NORMALISATION DES ADRESSES ET DONN\u00c9ES PERSONNELLES POUR LES SITES D\u2019E-COMMERCE\"}]},{\"@type\":\"WebSite\",\"@id\":\"https:\/\/www.egon.com\/zh\/#website\",\"url\":\"https:\/\/www.egon.com\/zh\/\",\"name\":\"Egon\",\"description\":\"Normalizzazione indirizzi - Address validation - Egon.com\",\"potentialAction\":[{\"@type\":\"SearchAction\",\"target\":{\"@type\":\"EntryPoint\",\"urlTemplate\":\"https:\/\/www.egon.com\/zh\/?s={search_term_string}\"},\"query-input\":{\"@type\":\"PropertyValueSpecification\",\"valueRequired\":true,\"valueName\":\"search_term_string\"}}],\"inLanguage\":\"fr-FR\"}]}<\/script>\n<!-- \/ Yoast SEO plugin. -->","yoast_head_json":{"title":"NORMALISATION DES ADRESSES ET DONN\u00c9ES PERSONNELLES POUR LES SITES D\u2019E-COMMERCE - Egon","robots":{"index":"index","follow":"follow","max-snippet":"max-snippet:-1","max-image-preview":"max-image-preview:large","max-video-preview":"max-video-preview:-1"},"canonical":"https:\/\/www.egon.com\/fr\/applications\/e-business","og_locale":"fr_FR","og_type":"article","og_title":"NORMALISATION DES ADRESSES ET DONN\u00c9ES PERSONNELLES POUR LES SITES D\u2019E-COMMERCE - Egon","og_description":"Chaque portail de vente en ligne suppose la saisie de donn\u00e9es personnelles par l\u2019acheteur (identit\u00e9, coordonn\u00e9es bancaires, adresse, etc.) pendant la phase [&hellip;]","og_url":"https:\/\/www.egon.com\/fr\/applications\/e-business","og_site_name":"Egon","article_modified_time":"2017-10-20T12:40:52+00:00","og_image":[{"url":"https:\/\/www.egon.com\/wp-content\/uploads\/2017\/07\/address-validation-checkout-ecommerce-website-820x400.jpg","type":"","width":"","height":""}],"twitter_card":"summary_large_image","twitter_misc":{"Dur\u00e9e de lecture estim\u00e9e":"2 minutes"},"schema":{"@context":"https:\/\/schema.org","@graph":[{"@type":"WebPage","@id":"https:\/\/www.egon.com\/fr\/applications\/e-business","url":"https:\/\/www.egon.com\/fr\/applications\/e-business","name":"NORMALISATION DES ADRESSES ET DONN\u00c9ES PERSONNELLES POUR LES SITES D\u2019E-COMMERCE - Egon","isPartOf":{"@id":"https:\/\/www.egon.com\/zh\/#website"},"primaryImageOfPage":{"@id":"https:\/\/www.egon.com\/fr\/applications\/e-business#primaryimage"},"image":{"@id":"https:\/\/www.egon.com\/fr\/applications\/e-business#primaryimage"},"thumbnailUrl":"https:\/\/www.egon.com\/wp-content\/uploads\/2017\/07\/address-validation-checkout-ecommerce-website-820x400.jpg","datePublished":"2017-09-19T13:43:52+00:00","dateModified":"2017-10-20T12:40:52+00:00","breadcrumb":{"@id":"https:\/\/www.egon.com\/fr\/applications\/e-business#breadcrumb"},"inLanguage":"fr-FR","potentialAction":[{"@type":"ReadAction","target":["https:\/\/www.egon.com\/fr\/applications\/e-business"]}]},{"@type":"ImageObject","inLanguage":"fr-FR","@id":"https:\/\/www.egon.com\/fr\/applications\/e-business#primaryimage","url":"https:\/\/www.egon.com\/wp-content\/uploads\/2017\/07\/address-validation-checkout-ecommerce-website-820x400.jpg","contentUrl":"https:\/\/www.egon.com\/wp-content\/uploads\/2017\/07\/address-validation-checkout-ecommerce-website-820x400.jpg"},{"@type":"BreadcrumbList","@id":"https:\/\/www.egon.com\/fr\/applications\/e-business#breadcrumb","itemListElement":[{"@type":"ListItem","position":1,"name":"Home","item":"https:\/\/www.egon.com\/fr"},{"@type":"ListItem","position":2,"name":"Applications","item":"https:\/\/www.egon.com\/fr\/applications"},{"@type":"ListItem","position":3,"name":"NORMALISATION DES ADRESSES ET DONN\u00c9ES PERSONNELLES POUR LES SITES D\u2019E-COMMERCE"}]},{"@type":"WebSite","@id":"https:\/\/www.egon.com\/zh\/#website","url":"https:\/\/www.egon.com\/zh\/","name":"Egon","description":"Normalizzazione indirizzi - Address validation - Egon.com","potentialAction":[{"@type":"SearchAction","target":{"@type":"EntryPoint","urlTemplate":"https:\/\/www.egon.com\/zh\/?s={search_term_string}"},"query-input":{"@type":"PropertyValueSpecification","valueRequired":true,"valueName":"search_term_string"}}],"inLanguage":"fr-FR"}]}},"_links":{"self":[{"href":"https:\/\/www.egon.com\/fr\/wp-json\/wp\/v2\/pages\/8175","targetHints":{"allow":["GET"]}}],"collection":[{"href":"https:\/\/www.egon.com\/fr\/wp-json\/wp\/v2\/pages"}],"about":[{"href":"https:\/\/www.egon.com\/fr\/wp-json\/wp\/v2\/types\/page"}],"author":[{"embeddable":true,"href":"https:\/\/www.egon.com\/fr\/wp-json\/wp\/v2\/users\/1"}],"replies":[{"embeddable":true,"href":"https:\/\/www.egon.com\/fr\/wp-json\/wp\/v2\/comments?post=8175"}],"version-history":[{"count":0,"href":"https:\/\/www.egon.com\/fr\/wp-json\/wp\/v2\/pages\/8175\/revisions"}],"up":[{"embeddable":true,"href":"https:\/\/www.egon.com\/fr\/wp-json\/wp\/v2\/pages\/8104"}],"wp:attachment":[{"href":"https:\/\/www.egon.com\/fr\/wp-json\/wp\/v2\/media?parent=8175"}],"curies":[{"name":"wp","href":"https:\/\/api.w.org\/{rel}","templated":true}]}}