{"id":8093,"date":"2017-09-19T13:04:45","date_gmt":"2017-09-19T13:04:45","guid":{"rendered":"https:\/\/egon.com\/?page_id=8093"},"modified":"2021-02-15T11:27:39","modified_gmt":"2021-02-15T11:27:39","slug":"normalisation-des-donnees-personnelles","status":"publish","type":"page","link":"https:\/\/www.egon.com\/fr\/solutions\/normalisation-des-donnees-personnelles","title":{"rendered":"Normalisation des donn\u00e9es personnelles"},"content":{"rendered":"[vc_row row_h_align=\u00a0\u00bbgrid&#8211;center\u00a0\u00bb wrapper=\u00a0\u00bbtrue\u00a0\u00bb holder_class=\u00a0\u00bbu-section-hero-four u-overlapped-hero-padding\u00a0\u00bb holder_set_margin=\u00a0\u00bbtrue\u00a0\u00bb holder_margin=\u00a0\u00bbu-margin-bottom-large\u00a0\u00bb][vc_column row_width=\u00a0\u00bb_desktop-9&Prime;]<div class=\"c-heading\"><h1 class=\" u-h1 u-text-bolder u-margin-bottom u-text-center\">Normalisation des donn\u00e9es personnelles<\/h1><\/div>[vc_column_text txt_align=\u00a0\u00bbu-text-center\u00a0\u00bb set_margin=\u00a0\u00bbtrue\u00a0\u00bb margin=\u00a0\u00bbu-margin-bottom-large\u00a0\u00bb]Les\u00a0informations personnelles\u00a0repr\u00e9sentent la ressource strat\u00e9gique fondamentale pour de nombreuses structures quotidiennement engag\u00e9es dans les activit\u00e9s de Direct Marketing, mais \u00e9galement pour les banques, les assurances et l\u2019Administration Publique en g\u00e9n\u00e9ral.[\/vc_column_text][\/vc_column][\/vc_row][vc_row wrapper=\u00a0\u00bbtrue\u00a0\u00bb holder_set_margin=\u00a0\u00bbtrue\u00a0\u00bb holder_margin=\u00a0\u00bbu-margin-bottom\u00a0\u00bb][vc_column]<div class=\"c-heading\"><h3 class=\" u-text-bolder\">LA SOLUTION EGON POUR LES DONN\u00c9ES PERSONNELLES<\/h3><\/div>[\/vc_column][vc_column width=\u00a0\u00bb1\/3&Prime; set_margin_inner=\u00a0\u00bbtrue\u00a0\u00bb margin_inner=\u00a0\u00bbu-margin-bottom\u00a0\u00bb]<div class=\"c-image\"><img loading=\"lazy\" decoding=\"async\" width=\"400\" height=\"279\" src=\"https:\/\/www.egon.com\/wp-content\/uploads\/2017\/09\/normalisation-donnees-personnelles-400x279.jpg\" class=\" alignone\" alt=\"Normalisation des donn\u00e9es personnelles\" srcset=\"https:\/\/www.egon.com\/wp-content\/uploads\/2017\/09\/normalisation-donnees-personnelles-400x279.jpg 400w, https:\/\/www.egon.com\/wp-content\/uploads\/2017\/09\/normalisation-donnees-personnelles-768x536.jpg 768w, https:\/\/www.egon.com\/wp-content\/uploads\/2017\/09\/normalisation-donnees-personnelles-1024x715.jpg 1024w, https:\/\/www.egon.com\/wp-content\/uploads\/2017\/09\/normalisation-donnees-personnelles.jpg 1547w\" sizes=\"auto, (max-width: 400px) 100vw, 400px\" \/><\/div>[\/vc_column][vc_column width=\u00a0\u00bb2\/3&Prime;][vc_column_text]L\u2019efficacit\u00e9 des informations fournies par les donn\u00e9es recueillies, saisies dans un fichier informatique puis trait\u00e9es pour les activit\u00e9s les plus diverses, d\u00e9pend de la\u00a0<a title=\"la qualit\u00e9 des donn\u00e9es\" href=\"https:\/\/www.egon.com\/fr\/\">qualit\u00e9 des donn\u00e9es<\/a>\u00a0en question.<\/p>\n<p>Cependant, des instruments adapt\u00e9s \u00e0 la collecte et \u00e0 la gestion informatique de ces donn\u00e9es ne sont pas toujours utilis\u00e9s, ce qui entra\u00eene une hausse des difficult\u00e9s op\u00e9rationnelles pour les op\u00e9rateurs qui doivent disposer de ces donn\u00e9es pour des exigences administratives ou d\u2019affaires.<\/p>\n<p>Des ann\u00e9es d\u2019\u00e9tude et d\u2019exp\u00e9rience directe dans ce secteur nous ont permis de r\u00e9aliser une application impeccable,\u00a0<a title=\"egon\" href=\"https:\/\/www.egon.com\/fr\/\">EGON<\/a>, dont nous sommes fiers, notamment pour sa remarquable polyvalence d\u2019utilisation et pour sa pr\u00e9cision d\u2019ex\u00e9cution enviable (et envi\u00e9e\u2026).[\/vc_column_text][\/vc_column][\/vc_row][vc_row wrapper=\u00a0\u00bbtrue\u00a0\u00bb][vc_column]<div class=\" c-divider c-divider--dashed u-margin-bottom-large\"\/><\/div>[\/vc_column][\/vc_row][vc_row wrapper=\u00a0\u00bbtrue\u00a0\u00bb wrapper_class=\u00a0\u00bbo-wrapper&#8211;slim\u00a0\u00bb holder_set_margin=\u00a0\u00bbtrue\u00a0\u00bb holder_margin=\u00a0\u00bbu-margin-bottom\u00a0\u00bb][vc_column]<div class=\"c-heading\"><h3 class=\" u-text-bolder\">Egon est l\u2019une des principales r\u00e9f\u00e9rences au niveau des progiciels pr\u00e9sents sur le march\u00e9 international dans la normalisation des donn\u00e9es personnelles diverses :<\/h3><\/div>[\/vc_column][vc_column width=\u00a0\u00bb1\/2&Prime;]<div class=\" c-list c-list--color-one\"><ul>\n<li><i class=\"c-list__icon fal fa-check-circle\"><\/i>Nom<\/li>\n<li><i class=\"c-list__icon fal fa-check-circle\"><\/i>Date de naissance<\/li>\n<li><i class=\"c-list__icon fal fa-check-circle\"><\/i>Titres<\/li>\n<li><i class=\"c-list__icon fal fa-check-circle\"><\/i>Sp\u00e9cifications juridiques<\/li>\n<li><i class=\"c-list__icon fal fa-check-circle\"><\/i>Num\u00e9ros de t\u00e9l\u00e9phone<\/li>\n<li><i class=\"c-list__icon fal fa-check-circle\"><\/i>Email<\/li>\n<\/ul>\n<\/div>[\/vc_column][vc_column width=\u00a0\u00bb1\/2&Prime;]<div class=\" c-list c-list--color-one\"><ul>\n<li><i class=\"c-list__icon fal fa-check-circle\"><\/i>Codes personnels\u00a0(code fiscal, num\u00e9ro de TVA, etc.)<\/li>\n<li><i class=\"c-list__icon fal fa-check-circle\"><\/i>Coordonn\u00e9es bancaires<\/li>\n<li><i class=\"c-list__icon fal fa-check-circle\"><\/i>Donn\u00e9es postales<\/li>\n<li><i class=\"c-list__icon fal fa-check-circle\"><\/i>Code postal<\/li>\n<li><i class=\"c-list__icon fal fa-check-circle\"><\/i>Noms \u00e9trangers<\/li>\n<li><i class=\"c-list__icon fal fa-check-circle\"><\/i>Pi\u00e8ces d\u2019identit\u00e9<\/li>\n<\/ul>\n<\/div>[\/vc_column][\/vc_row][vc_row][vc_column]<div class=\"templatera_shortcode\"><div class=\"o-holder u-background-ca-one u-padding-vertical-large\"><div class=\" o-wrapper\"><div class=\"grid-1\"><div class=\"col _lap-and-up-12\" ><div class=\"c-heading\"><h3 class=\" u-text-color-invert u-text-center\">D\u00c9COUVREZ COMMENT NOTRE LOGICIEL DE GESTION DES DONN\u00c9ES PEUT VOUS AIDER \u00c0 D\u00c9VELOPPER VOTRE ENTREPRISE!<\/h3><\/div><div class=\"c-button-holder c-button-holder--center\"><a class=\"c-button u-text-bold c-button--center c-button--white  c-button--ghost\" href=\"https:\/\/www.egon.com\/company\/contact-us\">CONTACTEZ-NOUS<\/a><\/div><\/div>\n<\/div><\/div><\/div>\r\n<\/div>[\/vc_column][\/vc_row][vc_row wrapper=\u00a0\u00bbtrue\u00a0\u00bb][vc_column]<div class=\" c-divider c-divider--dashed u-margin-bottom-large\"\/><\/div>[\/vc_column][\/vc_row][vc_row wrapper=\u00a0\u00bbtrue\u00a0\u00bb][vc_column]<div class=\"c-heading\"><h3 class=\" u-text-bolder\">QU\u2019ENTENDONS-NOUS PAR NORMALISATION DES DONN\u00c9ES PERSONNELLES ?<\/h3><\/div>[vc_column_text]Normaliser des donn\u00e9es personnelles\u00a0signifie essentiellement prendre en charge des donn\u00e9es de n\u2019importe quel type relatives aux personnes physiques et morales, les analyser et les standardiser dans une\u00a0forme correcte et univoque.<\/p>\n<p>Lorsque ce type d\u2019intervention est confi\u00e9 \u00e0 l\u2019op\u00e9rativit\u00e9 \u201cmanuelle\u201d et non contr\u00f4l\u00e9e des op\u00e9rateurs charg\u00e9s de la\u00a0saisie des donn\u00e9es, il devient un co\u00fbt important car les d\u00e9lais n\u00e9cessaires \u00e0 l\u2019ex\u00e9cution optimale sont remarquable.[\/vc_column_text]<div class=\"c-heading\"><h3 class=\" u-text-bolder\">DU PRODUIT \u00c0 LA PERSONNE<\/h3><\/div>[vc_column_text]La correcte\u00a0identification des personnes, et le\u00a0profilage\u00a0en croisant les donn\u00e9es provenant de sources diff\u00e9rentes, permet un traitement sp\u00e9cifique du client en fonction de ses caract\u00e9ristiques. Dans le monde du marketing, comme dans celui de la communication et de l\u2019activit\u00e9 sociale, l\u2019attention principale est d\u00e9sormais centr\u00e9e sur la\u00a0personne et non plus sur le produit.<\/p>\n<p>Au niveau du marketing, il ne s\u2019agit plus de convaincre une masse de consommateurs indistincts de la validit\u00e9 ou de l\u2019attractivit\u00e9 du produit mais de cr\u00e9er avec chaque personne potentiellement int\u00e9ress\u00e9e et avec les clients acquis un\u00a0rapport de confiance de type paritaire. Dans ce sens, la\u00a0normalisation des donn\u00e9es personnelles\u00a0provenant d\u2019un ou de plusieurs fichiers, avec le croisement des donn\u00e9es et l\u2019<a title=\"\u00e9limination des doublons\" href=\"https:\/\/www.egon.com\/fr\/solutions\/deduplication.html\">\u00e9limination des doublons<\/a>, permet vraiment de conna\u00eetre tout ce qui est possible sur les personnes et donc de cr\u00e9er des\u00a0campagnes de marketing correctement cibl\u00e9es.[\/vc_column_text]<div class=\"c-heading\"><h3 class=\" u-text-bolder\">DOMAINES D\u2019APPLICATION ET MODES D\u2019UTILISATION DISPONIBLES<\/h3><\/div>[vc_column_text]Egon\u00a0est un instrument indispensable dans beaucoup de domaines d\u2019application, tels que les\u00a0CRM, les\u00a0livraisons, les\u00a0gestionnaires d\u2019entreprise, le\u00a0mailing postal\u00a0etc. Les solutions en vente incluent des instruments en mesure de prendre en charge des fichiers d\u2019entreprise complets et d\u2019effectuer la normalisation (<a title=\"syst\u00e8mes batch\" href=\"https:\/\/www.egon.com\/fr\/mode-d-utilisation\/batch.html\">syst\u00e8mes batch ou massifs<\/a>), ou des instruments interactifs, en ligne. Dans ce cas, Egon sera int\u00e9gr\u00e9 dans une application de n\u2019importe quel type et il assistera l\u2019utilisateur dans la phase de saisie des donn\u00e9es en corrigeant en temps r\u00e9el les donn\u00e9es saisies et en signalant la pr\u00e9sence \u00e9ventuelle de doublons.[\/vc_column_text][\/vc_column][\/vc_row]\n","protected":false},"excerpt":{"rendered":"D\u00c9COUVREZ COMMENT NOTRE LOGICIEL DE GESTION DES DONN\u00c9ES PEUT VOUS AIDER \u00c0 D\u00c9VELOPPER VOTRE ENTREPRISE!CONTACTEZ-NOUS","protected":false},"author":1,"featured_media":0,"parent":8038,"menu_order":0,"comment_status":"closed","ping_status":"closed","template":"templates\/template-fullwidth.php","meta":{"footnotes":""},"class_list":["post-8093","page","type-page","status-publish","hentry"],"yoast_head":"<!-- This site is optimized with the Yoast SEO plugin v26.8 - https:\/\/yoast.com\/product\/yoast-seo-wordpress\/ -->\n<title>Normalisation des donn\u00e9es personnelles - Egon.com<\/title>\n<meta name=\"description\" content=\"Egon est un progiciel en mesure de g\u00e9rer la normalisation des donn\u00e9es personnelles internationales (noms, codes, titres, num\u00e9ros de t\u00e9l\u00e9phone, etc.) en les r\u00e9duisant \u00e0 leur forme correcte et accept\u00e9e universellement\" \/>\n<meta name=\"robots\" content=\"index, follow, max-snippet:-1, max-image-preview:large, max-video-preview:-1\" \/>\n<link rel=\"canonical\" href=\"https:\/\/www.egon.com\/fr\/solutions\/normalisation-des-donnees-personnelles\" \/>\n<meta property=\"og:locale\" content=\"fr_FR\" \/>\n<meta property=\"og:type\" content=\"article\" \/>\n<meta property=\"og:title\" content=\"Normalisation des donn\u00e9es personnelles - Egon.com\" \/>\n<meta property=\"og:description\" content=\"Egon est un progiciel en mesure de g\u00e9rer la normalisation des donn\u00e9es personnelles internationales (noms, codes, titres, num\u00e9ros de t\u00e9l\u00e9phone, etc.) en les r\u00e9duisant \u00e0 leur forme correcte et accept\u00e9e universellement\" \/>\n<meta property=\"og:url\" content=\"https:\/\/www.egon.com\/fr\/solutions\/normalisation-des-donnees-personnelles\" \/>\n<meta property=\"og:site_name\" content=\"Egon\" \/>\n<meta property=\"article:modified_time\" content=\"2021-02-15T11:27:39+00:00\" \/>\n<meta name=\"twitter:card\" content=\"summary_large_image\" \/>\n<meta name=\"twitter:label1\" content=\"Dur\u00e9e de lecture estim\u00e9e\" \/>\n\t<meta name=\"twitter:data1\" content=\"3 minutes\" \/>\n<script type=\"application\/ld+json\" class=\"yoast-schema-graph\">{\"@context\":\"https:\/\/schema.org\",\"@graph\":[{\"@type\":\"WebPage\",\"@id\":\"https:\/\/www.egon.com\/fr\/solutions\/normalisation-des-donnees-personnelles\",\"url\":\"https:\/\/www.egon.com\/fr\/solutions\/normalisation-des-donnees-personnelles\",\"name\":\"Normalisation des donn\u00e9es personnelles - Egon.com\",\"isPartOf\":{\"@id\":\"https:\/\/www.egon.com\/zh\/#website\"},\"datePublished\":\"2017-09-19T13:04:45+00:00\",\"dateModified\":\"2021-02-15T11:27:39+00:00\",\"description\":\"Egon est un progiciel en mesure de g\u00e9rer la normalisation des donn\u00e9es personnelles internationales (noms, codes, titres, num\u00e9ros de t\u00e9l\u00e9phone, etc.) en les r\u00e9duisant \u00e0 leur forme correcte et accept\u00e9e universellement\",\"breadcrumb\":{\"@id\":\"https:\/\/www.egon.com\/fr\/solutions\/normalisation-des-donnees-personnelles#breadcrumb\"},\"inLanguage\":\"fr-FR\",\"potentialAction\":[{\"@type\":\"ReadAction\",\"target\":[\"https:\/\/www.egon.com\/fr\/solutions\/normalisation-des-donnees-personnelles\"]}]},{\"@type\":\"BreadcrumbList\",\"@id\":\"https:\/\/www.egon.com\/fr\/solutions\/normalisation-des-donnees-personnelles#breadcrumb\",\"itemListElement\":[{\"@type\":\"ListItem\",\"position\":1,\"name\":\"Home\",\"item\":\"https:\/\/www.egon.com\/fr\"},{\"@type\":\"ListItem\",\"position\":2,\"name\":\"Solutions\",\"item\":\"https:\/\/www.egon.com\/fr\/solutions\"},{\"@type\":\"ListItem\",\"position\":3,\"name\":\"Normalisation des donn\u00e9es personnelles\"}]},{\"@type\":\"WebSite\",\"@id\":\"https:\/\/www.egon.com\/zh\/#website\",\"url\":\"https:\/\/www.egon.com\/zh\/\",\"name\":\"Egon\",\"description\":\"Normalizzazione indirizzi - Address validation - Egon.com\",\"potentialAction\":[{\"@type\":\"SearchAction\",\"target\":{\"@type\":\"EntryPoint\",\"urlTemplate\":\"https:\/\/www.egon.com\/zh\/?s={search_term_string}\"},\"query-input\":{\"@type\":\"PropertyValueSpecification\",\"valueRequired\":true,\"valueName\":\"search_term_string\"}}],\"inLanguage\":\"fr-FR\"}]}<\/script>\n<!-- \/ Yoast SEO plugin. -->","yoast_head_json":{"title":"Normalisation des donn\u00e9es personnelles - Egon.com","description":"Egon est un progiciel en mesure de g\u00e9rer la normalisation des donn\u00e9es personnelles internationales (noms, codes, titres, num\u00e9ros de t\u00e9l\u00e9phone, etc.) en les r\u00e9duisant \u00e0 leur forme correcte et accept\u00e9e universellement","robots":{"index":"index","follow":"follow","max-snippet":"max-snippet:-1","max-image-preview":"max-image-preview:large","max-video-preview":"max-video-preview:-1"},"canonical":"https:\/\/www.egon.com\/fr\/solutions\/normalisation-des-donnees-personnelles","og_locale":"fr_FR","og_type":"article","og_title":"Normalisation des donn\u00e9es personnelles - Egon.com","og_description":"Egon est un progiciel en mesure de g\u00e9rer la normalisation des donn\u00e9es personnelles internationales (noms, codes, titres, num\u00e9ros de t\u00e9l\u00e9phone, etc.) en les r\u00e9duisant \u00e0 leur forme correcte et accept\u00e9e universellement","og_url":"https:\/\/www.egon.com\/fr\/solutions\/normalisation-des-donnees-personnelles","og_site_name":"Egon","article_modified_time":"2021-02-15T11:27:39+00:00","twitter_card":"summary_large_image","twitter_misc":{"Dur\u00e9e de lecture estim\u00e9e":"3 minutes"},"schema":{"@context":"https:\/\/schema.org","@graph":[{"@type":"WebPage","@id":"https:\/\/www.egon.com\/fr\/solutions\/normalisation-des-donnees-personnelles","url":"https:\/\/www.egon.com\/fr\/solutions\/normalisation-des-donnees-personnelles","name":"Normalisation des donn\u00e9es personnelles - Egon.com","isPartOf":{"@id":"https:\/\/www.egon.com\/zh\/#website"},"datePublished":"2017-09-19T13:04:45+00:00","dateModified":"2021-02-15T11:27:39+00:00","description":"Egon est un progiciel en mesure de g\u00e9rer la normalisation des donn\u00e9es personnelles internationales (noms, codes, titres, num\u00e9ros de t\u00e9l\u00e9phone, etc.) en les r\u00e9duisant \u00e0 leur forme correcte et accept\u00e9e universellement","breadcrumb":{"@id":"https:\/\/www.egon.com\/fr\/solutions\/normalisation-des-donnees-personnelles#breadcrumb"},"inLanguage":"fr-FR","potentialAction":[{"@type":"ReadAction","target":["https:\/\/www.egon.com\/fr\/solutions\/normalisation-des-donnees-personnelles"]}]},{"@type":"BreadcrumbList","@id":"https:\/\/www.egon.com\/fr\/solutions\/normalisation-des-donnees-personnelles#breadcrumb","itemListElement":[{"@type":"ListItem","position":1,"name":"Home","item":"https:\/\/www.egon.com\/fr"},{"@type":"ListItem","position":2,"name":"Solutions","item":"https:\/\/www.egon.com\/fr\/solutions"},{"@type":"ListItem","position":3,"name":"Normalisation des donn\u00e9es personnelles"}]},{"@type":"WebSite","@id":"https:\/\/www.egon.com\/zh\/#website","url":"https:\/\/www.egon.com\/zh\/","name":"Egon","description":"Normalizzazione indirizzi - Address validation - Egon.com","potentialAction":[{"@type":"SearchAction","target":{"@type":"EntryPoint","urlTemplate":"https:\/\/www.egon.com\/zh\/?s={search_term_string}"},"query-input":{"@type":"PropertyValueSpecification","valueRequired":true,"valueName":"search_term_string"}}],"inLanguage":"fr-FR"}]}},"_links":{"self":[{"href":"https:\/\/www.egon.com\/fr\/wp-json\/wp\/v2\/pages\/8093","targetHints":{"allow":["GET"]}}],"collection":[{"href":"https:\/\/www.egon.com\/fr\/wp-json\/wp\/v2\/pages"}],"about":[{"href":"https:\/\/www.egon.com\/fr\/wp-json\/wp\/v2\/types\/page"}],"author":[{"embeddable":true,"href":"https:\/\/www.egon.com\/fr\/wp-json\/wp\/v2\/users\/1"}],"replies":[{"embeddable":true,"href":"https:\/\/www.egon.com\/fr\/wp-json\/wp\/v2\/comments?post=8093"}],"version-history":[{"count":2,"href":"https:\/\/www.egon.com\/fr\/wp-json\/wp\/v2\/pages\/8093\/revisions"}],"predecessor-version":[{"id":17937,"href":"https:\/\/www.egon.com\/fr\/wp-json\/wp\/v2\/pages\/8093\/revisions\/17937"}],"up":[{"embeddable":true,"href":"https:\/\/www.egon.com\/fr\/wp-json\/wp\/v2\/pages\/8038"}],"wp:attachment":[{"href":"https:\/\/www.egon.com\/fr\/wp-json\/wp\/v2\/media?parent=8093"}],"curies":[{"name":"wp","href":"https:\/\/api.w.org\/{rel}","templated":true}]}}