{"id":8081,"date":"2017-09-19T12:54:19","date_gmt":"2017-09-19T12:54:19","guid":{"rendered":"https:\/\/egon.com\/?page_id=8081"},"modified":"2021-02-15T11:25:26","modified_gmt":"2021-02-15T11:25:26","slug":"deduplication","status":"publish","type":"page","link":"https:\/\/www.egon.com\/fr\/solutions\/deduplication","title":{"rendered":"D\u00e9duplication des donn\u00e9es \u2013 D\u00e9duplication des adresses"},"content":{"rendered":"[vc_row row_h_align=\u00a0\u00bbgrid&#8211;center\u00a0\u00bb wrapper=\u00a0\u00bbtrue\u00a0\u00bb holder_class=\u00a0\u00bbu-section-hero-three u-overlapped-hero-padding\u00a0\u00bb holder_set_margin=\u00a0\u00bbtrue\u00a0\u00bb holder_margin=\u00a0\u00bbu-margin-bottom-large\u00a0\u00bb][vc_column row_width=\u00a0\u00bb_desktop-9&Prime;]<div class=\"c-heading\"><h1 class=\" u-h1 u-text-bolder u-margin-bottom u-text-center\">D\u00e9duplication des donn\u00e9es \u2013 d\u00e9duplication des adresses<\/h1><\/div>[vc_column_text txt_align=\u00a0\u00bbu-text-center\u00a0\u00bb set_margin=\u00a0\u00bbtrue\u00a0\u00bb margin=\u00a0\u00bbu-margin-bottom-large\u00a0\u00bb]La\u00a0d\u00e9duplication des donn\u00e9es et\u00a0adresses\u00a0(ou\u00a0d\u00e9doublonnage des donn\u00e9es\u00a0\/ duplicate check) consiste en l\u2019identification des doublons, effectifs ou pr\u00e9sum\u00e9s, \u00e0 l\u2019int\u00e9rieur d\u2019un fichier d\u2019informations, \u00e0 cause d\u2019inexactitudes ou d\u2019incoh\u00e9rences diverses avec la possibilit\u00e9 de r\u00e9duire les \u201cdoublons\u201d \u00e0 leur forme univoque.[\/vc_column_text][\/vc_column][\/vc_row][vc_row][vc_column]<div class=\"templatera_shortcode\"><div class=\"o-holder u-background-color-one u-margin-bottom-large u-padding-vertical-large\"><div class=\" o-wrapper\"><div class=\"grid-1 grid--middle grid--equalHeight\"><div class=\"col _lap-and-up-8\" ><div class=\"c-heading\"><h3 class=\" u-h1 u-text-color-invert u-text-thinner\">Y a-t-il des doublons dans votre base de donn\u00e9es?<\/h3><\/div><div class=\"c-text-block u-text-color-invert\"><p>Si vous devez \u00e9liminer les donn\u00e9es <span>dupliqu\u00e9es dans votre base de donn\u00e9es d'entreprise<\/span>, ou si vous avez besoin d'un outil pour l'int\u00e9grer \u00e0 votre application et v\u00e9rifier l'entr\u00e9e des donn\u00e9es en mettant en surbrillance toute entr\u00e9e superflue ou dupliqu\u00e9e (car l'enregistrement est d\u00e9j\u00e0 archiv\u00e9), alors <span>essayer EGON<\/span>.<\/p>\n <\/div><\/div><div class=\"col _lap-and-up-4\" ><div class=\"c-button-holder c-button-holder--center\"><a class=\"c-button c-button--center c-button--white  c-button--ghost c-button--large\" href=\"https:\/\/www.egon.com\/egon-demo\">Essayez notre d\u00e9mo GRATUITE !<\/a><\/div><\/div>\n<\/div><\/div><\/div><\/div>[\/vc_column][\/vc_row][vc_row wrapper=\u00a0\u00bbtrue\u00a0\u00bb][vc_column]<div class=\"c-heading\"><h3 class=\" u-text-bolder\">D\u00c9DUPLICATION DES DONN\u00c9ES ET ADRESSES, POURQUOI ?<\/h3><\/div>[\/vc_column][vc_column width=\u00a0\u00bb2\/3&Prime;][vc_column_text]La\u00a0<a title=\"qualit\u00e9 des donn\u00e9es\" href=\"https:\/\/www.egon.com\/fr\/solutions.html\">qualit\u00e9 des donn\u00e9es<\/a>\u00a0n\u00e9cessite une gestion correcte de tous les aspects et les doublons repr\u00e9sentent un probl\u00e8me, tant au niveau de l\u2019interaction homme-application qu\u2019au niveau des frais impr\u00e9visibles dus par exemple, dans le domaine sp\u00e9cifique de la\u00a0d\u00e9doublonnage\u00a0des adresses, \u00e0 des envois doubles de mat\u00e9riel publicitaire ou des communications officielles de la m\u00eame soci\u00e9t\u00e9, une chose nuisible pour l\u2019image publique de l\u2019entreprise.[\/vc_column_text][vc_column_text]L\u2019utilisation dans la correspondance de base de donn\u00e9es correctes, compl\u00e8tes, normalis\u00e9es et sans doublons est\u00a0synonyme de professionnalisme\u00a0; voil\u00e0 pourquoi int\u00e9grer un logiciel de normalisation automatique permet d\u2019obtenir des\u00a0b\u00e9n\u00e9fices remarquables. Utile en cas de\u00a0fusion de plusieurs fichiers, la\u00a0d\u00e9duplication\u00a0est applicable aux personnes physiques et morales et elle exploite la m\u00e9thodologie \u201cmatch-codage\u201d\u00a0permettant d\u2019\u00e9liminer les doublons, de\u00a0localiser les groupes familiaux, d\u2019enrichir les donn\u00e9es internes\u00a0:[\/vc_column_text][\/vc_column][vc_column width=\u00a0\u00bb1\/3&Prime;]<div class=\" c-list c-list--color-one\"><ul>\n<li><i class=\"c-list__icon fal fa-check-circle\"><\/i>corr\u00e9lation des donn\u00e9es<\/li>\n<li><i class=\"c-list__icon fal fa-check-circle\"><\/i>int\u00e9gration des donn\u00e9es personnelles, des registres, des adresses et des fichiers<\/li>\n<li><i class=\"c-list__icon fal fa-check-circle\"><\/i>regroupement des informations et des documents d\u2019une personne<\/li>\n<li><i class=\"c-list__icon fal fa-check-circle\"><\/i>gestion de la position unique de la personne et attribution du PIN<\/li>\n<li><i class=\"c-list__icon fal fa-check-circle\"><\/i>gestion des doublons<\/li>\n<\/ul>\n<\/div>[\/vc_column][vc_column]<div class=\" c-divider c-divider--dashed u-margin-bottom-large\"\/><\/div>[\/vc_column][\/vc_row][vc_row wrapper=\u00a0\u00bbtrue\u00a0\u00bb holder_set_margin=\u00a0\u00bbtrue\u00a0\u00bb holder_margin=\u00a0\u00bbu-margin-bottom\u00a0\u00bb][vc_column width=\u00a0\u00bb1\/3&Prime;]<div class=\"c-image\"><img loading=\"lazy\" decoding=\"async\" width=\"500\" height=\"415\" src=\"https:\/\/www.egon.com\/wp-content\/uploads\/2017\/09\/deduplication-adresses.jpg\" class=\" alignone\" alt=\"D\u00e9duplication des adresses\" srcset=\"https:\/\/www.egon.com\/wp-content\/uploads\/2017\/09\/deduplication-adresses.jpg 500w, https:\/\/www.egon.com\/wp-content\/uploads\/2017\/09\/deduplication-adresses-361x300.jpg 361w\" sizes=\"auto, (max-width: 500px) 100vw, 500px\" \/><\/div>[\/vc_column][vc_column width=\u00a0\u00bb2\/3&Prime;][vc_column_text]Egon\u00a0est un logiciel con\u00e7u sp\u00e9cifiquement pour\u00a0normaliser les bases de donn\u00e9es\u00a0personnelles et\u00a0d\u00e9dupliquer les adresses et donn\u00e9es\u00a0pr\u00e9sentes, en s\u00e9lectionnant des crit\u00e8res tels que le pr\u00e9nom, le nom, la raison sociale, le num\u00e9ro de TVA, l\u2019adresse, etc. avec d\u00e9tection des redondances \u00e9ventuelles.<\/p>\n<p>Un code univoque, le \u201cmatch code\u201d analys\u00e9 et \u00e9valu\u00e9 selon des r\u00e8gles sp\u00e9cifiques, est attribu\u00e9 \u00e0 chaque \u00e9l\u00e9ment, pr\u00e9alablement normalis\u00e9, qui permet d\u2019identifier et de signaler en sortie les doublons avec une fiabilit\u00e9 \u00e9lev\u00e9e.<\/p>\n<p>Le module permet de traiter et de confronter plusieurs fichiers dans la m\u00eame \u00e9laboration, notamment avec des enregistrements h\u00e9t\u00e9rog\u00e8nes.<\/p>\n<p>Si vous devez analyser votre base de donn\u00e9es afin d\u2019\u00e9liminer les\u00a0doublons\u00a0ou si vous avez besoin d\u2019un instrument qui s\u2019int\u00e8gre \u00e0 votre application et qui supporte la saisie des donn\u00e9es en signalant d\u2019\u00e9ventuelles saisies non n\u00e9cessaires (\u00e9tant donn\u00e9 que l\u2019enregistrement saisi est d\u00e9j\u00e0 archiv\u00e9),\u00a0<a title=\"contactez-nous\" href=\"https:\/\/www.egon.com\/fr\/societe\/contactez-nous.html\">essayez EGON<\/a>.[\/vc_column_text][\/vc_column][\/vc_row][vc_row wrapper=\u00a0\u00bbtrue\u00a0\u00bb][vc_column]<div class=\" c-divider c-divider--dashed u-margin-bottom-large\"\/><\/div><div class=\"c-heading\"><h3 class=\" u-text-bolder\">MATCH CODE ET DUPLICATE CHECK<\/h3><\/div>[vc_column_text]\n<div id=\"maininner\" class=\"grid-box\" role=\"main\">\n<section id=\"content\" class=\"grid-block\">\n<article id=\"post-677\" class=\"post-677 page type-page status-publish has-post-thumbnail hentry\">\n<div id=\"content\" class=\"entry-content grid-block\">\n<p>La sortie de la\u00a0d\u00e9duplication\u00a0est le\u00a0match-code, une cha\u00eene de caract\u00e8res ou de num\u00e9ros o\u00f9 une partie des \u00e9l\u00e9ments qui composent les donn\u00e9es personnelles (nom ou raison sociale, pr\u00e9nom, sexe, localit\u00e9, Code Postal, DUG, rue, num\u00e9ro) est indiqu\u00e9e ou cod\u00e9e. Le match-code permet d\u2019identifier les groupes de doublons avec une fiabilit\u00e9 \u00e9lev\u00e9e de reconnaissance et d\u2019excellentes performances.<\/p>\n<p>Du point de vue op\u00e9rationnel,\u00a0<a title=\"duplicate check\" href=\"https:\/\/www.egon.com\/fr\/societe\/news\/280-recherche-doublons.html\">Duplicate Check<\/a>\u00a0consiste en :<\/p>\n<\/div>\n<\/article>\n<\/section>\n<\/div>\n<aside id=\"sidebar-b\" class=\"grid-box\" role=\"complementary\"><\/aside>\n[\/vc_column_text]<div class=\" c-list c-list--color-one\"><ul>\n<li><i class=\"c-list__icon fal fa-check-circle\"><\/i><i>La d\u00e9duplication des donn\u00e9es personnelles<\/i><\/li>\n<li><i class=\"c-list__icon fal fa-check-circle\"><\/i><i>La gestion param\u00e9trique des cl\u00e9s et des r\u00e8gles<\/i><\/li>\n<li><i class=\"c-list__icon fal fa-check-circle\"><\/i><i>La gestion des doublons \u00e9ventuels<\/i><\/li>\n<li><i class=\"c-list__icon fal fa-check-circle\"><\/i><i>La gestion des groupes<\/i><\/li>\n<li><i class=\"c-list__icon fal fa-check-circle\"><\/i><i>La cr\u00e9ation de match-code\/cl\u00e9s phon\u00e9tiques<\/i><\/li>\n<li><i class=\"c-list__icon fal fa-check-circle\"><\/i><i>Le couplage des donn\u00e9es personnelles<\/i><\/li>\n<li><i class=\"c-list__icon fal fa-check-circle\"><\/i><i>La gestion des relations et des liaisons<\/i><\/li>\n<li><i class=\"c-list__icon fal fa-check-circle\"><\/i><i>L\u2019union des fichiers<\/i><\/li>\n<\/ul>\n<\/div>[\/vc_column][\/vc_row][vc_row][vc_column]<div class=\"templatera_shortcode\"><div class=\"o-holder u-background-ca-one u-padding-vertical-large\"><div class=\" o-wrapper\"><div class=\"grid-1\"><div class=\"col _lap-and-up-12\" ><div class=\"c-heading\"><h3 class=\" u-text-color-invert u-text-center\">D\u00c9COUVREZ COMMENT NOTRE LOGICIEL DE GESTION DES DONN\u00c9ES PEUT VOUS AIDER \u00c0 D\u00c9VELOPPER VOTRE ENTREPRISE!<\/h3><\/div><div class=\"c-button-holder c-button-holder--center\"><a class=\"c-button u-text-bold c-button--center c-button--white  c-button--ghost\" href=\"https:\/\/www.egon.com\/company\/contact-us\">CONTACTEZ-NOUS<\/a><\/div><\/div>\n<\/div><\/div><\/div>\r\n<\/div>[\/vc_column][\/vc_row]\n","protected":false},"excerpt":{"rendered":"D\u00c9COUVREZ COMMENT NOTRE LOGICIEL DE GESTION DES DONN\u00c9ES PEUT VOUS AIDER \u00c0 D\u00c9VELOPPER VOTRE ENTREPRISE!CONTACTEZ-NOUS","protected":false},"author":1,"featured_media":0,"parent":8038,"menu_order":0,"comment_status":"closed","ping_status":"closed","template":"templates\/template-fullwidth.php","meta":{"footnotes":""},"class_list":["post-8081","page","type-page","status-publish","hentry"],"yoast_head":"<!-- This site is optimized with the Yoast SEO plugin v26.8 - https:\/\/yoast.com\/product\/yoast-seo-wordpress\/ -->\n<title>D\u00e9duplication adresses et D\u00e9doublonnage adresses: Egon<\/title>\n<meta name=\"description\" content=\"Localisez les doublons des adresses dans votre base des donn\u00e9es et unissez-les dans leur forme correcte et univoque. Essayez la D\u00c9MO Gratuite !\" \/>\n<meta name=\"robots\" content=\"index, follow, max-snippet:-1, max-image-preview:large, max-video-preview:-1\" \/>\n<link rel=\"canonical\" href=\"https:\/\/www.egon.com\/fr\/solutions\/deduplication\" \/>\n<meta property=\"og:locale\" content=\"fr_FR\" \/>\n<meta property=\"og:type\" content=\"article\" \/>\n<meta property=\"og:title\" content=\"D\u00e9duplication adresses et D\u00e9doublonnage adresses: Egon\" \/>\n<meta property=\"og:description\" content=\"Localisez les doublons des adresses dans votre base des donn\u00e9es et unissez-les dans leur forme correcte et univoque. Essayez la D\u00c9MO Gratuite !\" \/>\n<meta property=\"og:url\" content=\"https:\/\/www.egon.com\/fr\/solutions\/deduplication\" \/>\n<meta property=\"og:site_name\" content=\"Egon\" \/>\n<meta property=\"article:modified_time\" content=\"2021-02-15T11:25:26+00:00\" \/>\n<meta name=\"twitter:card\" content=\"summary_large_image\" \/>\n<meta name=\"twitter:label1\" content=\"Dur\u00e9e de lecture estim\u00e9e\" \/>\n\t<meta name=\"twitter:data1\" content=\"3 minutes\" \/>\n<script type=\"application\/ld+json\" class=\"yoast-schema-graph\">{\"@context\":\"https:\/\/schema.org\",\"@graph\":[{\"@type\":\"WebPage\",\"@id\":\"https:\/\/www.egon.com\/fr\/solutions\/deduplication\",\"url\":\"https:\/\/www.egon.com\/fr\/solutions\/deduplication\",\"name\":\"D\u00e9duplication adresses et D\u00e9doublonnage adresses: Egon\",\"isPartOf\":{\"@id\":\"https:\/\/www.egon.com\/zh\/#website\"},\"datePublished\":\"2017-09-19T12:54:19+00:00\",\"dateModified\":\"2021-02-15T11:25:26+00:00\",\"description\":\"Localisez les doublons des adresses dans votre base des donn\u00e9es et unissez-les dans leur forme correcte et univoque. Essayez la D\u00c9MO Gratuite !\",\"breadcrumb\":{\"@id\":\"https:\/\/www.egon.com\/fr\/solutions\/deduplication#breadcrumb\"},\"inLanguage\":\"fr-FR\",\"potentialAction\":[{\"@type\":\"ReadAction\",\"target\":[\"https:\/\/www.egon.com\/fr\/solutions\/deduplication\"]}]},{\"@type\":\"BreadcrumbList\",\"@id\":\"https:\/\/www.egon.com\/fr\/solutions\/deduplication#breadcrumb\",\"itemListElement\":[{\"@type\":\"ListItem\",\"position\":1,\"name\":\"Home\",\"item\":\"https:\/\/www.egon.com\/fr\"},{\"@type\":\"ListItem\",\"position\":2,\"name\":\"Solutions\",\"item\":\"https:\/\/www.egon.com\/fr\/solutions\"},{\"@type\":\"ListItem\",\"position\":3,\"name\":\"D\u00e9duplication des donn\u00e9es \u2013 D\u00e9duplication des adresses\"}]},{\"@type\":\"WebSite\",\"@id\":\"https:\/\/www.egon.com\/zh\/#website\",\"url\":\"https:\/\/www.egon.com\/zh\/\",\"name\":\"Egon\",\"description\":\"Normalizzazione indirizzi - Address validation - Egon.com\",\"potentialAction\":[{\"@type\":\"SearchAction\",\"target\":{\"@type\":\"EntryPoint\",\"urlTemplate\":\"https:\/\/www.egon.com\/zh\/?s={search_term_string}\"},\"query-input\":{\"@type\":\"PropertyValueSpecification\",\"valueRequired\":true,\"valueName\":\"search_term_string\"}}],\"inLanguage\":\"fr-FR\"}]}<\/script>\n<!-- \/ Yoast SEO plugin. -->","yoast_head_json":{"title":"D\u00e9duplication adresses et D\u00e9doublonnage adresses: Egon","description":"Localisez les doublons des adresses dans votre base des donn\u00e9es et unissez-les dans leur forme correcte et univoque. Essayez la D\u00c9MO Gratuite !","robots":{"index":"index","follow":"follow","max-snippet":"max-snippet:-1","max-image-preview":"max-image-preview:large","max-video-preview":"max-video-preview:-1"},"canonical":"https:\/\/www.egon.com\/fr\/solutions\/deduplication","og_locale":"fr_FR","og_type":"article","og_title":"D\u00e9duplication adresses et D\u00e9doublonnage adresses: Egon","og_description":"Localisez les doublons des adresses dans votre base des donn\u00e9es et unissez-les dans leur forme correcte et univoque. Essayez la D\u00c9MO Gratuite !","og_url":"https:\/\/www.egon.com\/fr\/solutions\/deduplication","og_site_name":"Egon","article_modified_time":"2021-02-15T11:25:26+00:00","twitter_card":"summary_large_image","twitter_misc":{"Dur\u00e9e de lecture estim\u00e9e":"3 minutes"},"schema":{"@context":"https:\/\/schema.org","@graph":[{"@type":"WebPage","@id":"https:\/\/www.egon.com\/fr\/solutions\/deduplication","url":"https:\/\/www.egon.com\/fr\/solutions\/deduplication","name":"D\u00e9duplication adresses et D\u00e9doublonnage adresses: Egon","isPartOf":{"@id":"https:\/\/www.egon.com\/zh\/#website"},"datePublished":"2017-09-19T12:54:19+00:00","dateModified":"2021-02-15T11:25:26+00:00","description":"Localisez les doublons des adresses dans votre base des donn\u00e9es et unissez-les dans leur forme correcte et univoque. Essayez la D\u00c9MO Gratuite !","breadcrumb":{"@id":"https:\/\/www.egon.com\/fr\/solutions\/deduplication#breadcrumb"},"inLanguage":"fr-FR","potentialAction":[{"@type":"ReadAction","target":["https:\/\/www.egon.com\/fr\/solutions\/deduplication"]}]},{"@type":"BreadcrumbList","@id":"https:\/\/www.egon.com\/fr\/solutions\/deduplication#breadcrumb","itemListElement":[{"@type":"ListItem","position":1,"name":"Home","item":"https:\/\/www.egon.com\/fr"},{"@type":"ListItem","position":2,"name":"Solutions","item":"https:\/\/www.egon.com\/fr\/solutions"},{"@type":"ListItem","position":3,"name":"D\u00e9duplication des donn\u00e9es \u2013 D\u00e9duplication des adresses"}]},{"@type":"WebSite","@id":"https:\/\/www.egon.com\/zh\/#website","url":"https:\/\/www.egon.com\/zh\/","name":"Egon","description":"Normalizzazione indirizzi - Address validation - Egon.com","potentialAction":[{"@type":"SearchAction","target":{"@type":"EntryPoint","urlTemplate":"https:\/\/www.egon.com\/zh\/?s={search_term_string}"},"query-input":{"@type":"PropertyValueSpecification","valueRequired":true,"valueName":"search_term_string"}}],"inLanguage":"fr-FR"}]}},"_links":{"self":[{"href":"https:\/\/www.egon.com\/fr\/wp-json\/wp\/v2\/pages\/8081","targetHints":{"allow":["GET"]}}],"collection":[{"href":"https:\/\/www.egon.com\/fr\/wp-json\/wp\/v2\/pages"}],"about":[{"href":"https:\/\/www.egon.com\/fr\/wp-json\/wp\/v2\/types\/page"}],"author":[{"embeddable":true,"href":"https:\/\/www.egon.com\/fr\/wp-json\/wp\/v2\/users\/1"}],"replies":[{"embeddable":true,"href":"https:\/\/www.egon.com\/fr\/wp-json\/wp\/v2\/comments?post=8081"}],"version-history":[{"count":2,"href":"https:\/\/www.egon.com\/fr\/wp-json\/wp\/v2\/pages\/8081\/revisions"}],"predecessor-version":[{"id":17920,"href":"https:\/\/www.egon.com\/fr\/wp-json\/wp\/v2\/pages\/8081\/revisions\/17920"}],"up":[{"embeddable":true,"href":"https:\/\/www.egon.com\/fr\/wp-json\/wp\/v2\/pages\/8038"}],"wp:attachment":[{"href":"https:\/\/www.egon.com\/fr\/wp-json\/wp\/v2\/media?parent=8081"}],"curies":[{"name":"wp","href":"https:\/\/api.w.org\/{rel}","templated":true}]}}