{"id":8067,"date":"2017-09-19T12:45:10","date_gmt":"2017-09-19T12:45:10","guid":{"rendered":"https:\/\/egon.com\/?page_id=8067"},"modified":"2021-02-15T11:20:43","modified_gmt":"2021-02-15T11:20:43","slug":"geocodage","status":"publish","type":"page","link":"https:\/\/www.egon.com\/fr\/solutions\/geocodage","title":{"rendered":"LOGICIEL DE SOLUTIONS POUR GEOCODAGE D&rsquo;ADRESSE"},"content":{"rendered":"[vc_row row_h_align=\u00a0\u00bbgrid&#8211;center\u00a0\u00bb wrapper=\u00a0\u00bbtrue\u00a0\u00bb holder_class=\u00a0\u00bbu-section-hero-one u-overlapped-hero-padding\u00a0\u00bb holder_set_margin=\u00a0\u00bbtrue\u00a0\u00bb holder_margin=\u00a0\u00bbu-margin-bottom-large\u00a0\u00bb][vc_column row_width=\u00a0\u00bb_desktop-9&Prime;]<div class=\"c-heading\"><h1 class=\" u-h1 u-text-bolder u-margin-bottom u-text-center\">LOGICIEL DE G\u00c9OCODAGE DES ADRESSES<\/h1><\/div>[vc_column_text txt_align=\u00a0\u00bbu-text-center\u00a0\u00bb set_margin=\u00a0\u00bbtrue\u00a0\u00bb margin=\u00a0\u00bbu-margin-bottom-large\u00a0\u00bb]Le g\u00e9ocodage d&rsquo;adresse implique d&rsquo;attribuer des donn\u00e9es spatiales et territoriales et des codes pr\u00e9cis \u00e0 des adresses sp\u00e9cifiques. Dans la phase pr\u00e9liminaire, il s\u2019agit de g\u00e9or\u00e9f\u00e9rencement , ce qui signifie l&rsquo;affectation pr\u00e9cise sur une carte des coordonn\u00e9es de l\u2019adresse, afin de garantir un emplacement correct de celle-ci sur la carte.[\/vc_column_text][vc_column_text txt_color=\u00a0\u00bbu-text-color-invert\u00a0\u00bb txt_align=\u00a0\u00bbu-text-center\u00a0\u00bb]EN SAVOIR PLUS[\/vc_column_text][\/vc_column][\/vc_row][vc_row][vc_column]<div class=\"templatera_shortcode\"><div class=\"o-holder u-background-color-one u-margin-bottom-large u-padding-vertical-large\"><div class=\" o-wrapper\"><div class=\"grid-1 grid--middle grid--equalHeight\"><div class=\"col _lap-and-up-8\" ><div class=\"c-heading\"><h3 class=\" u-h1 u-text-color-invert u-text-thinner\">Besoin de localiser une adresse postale sur une carte?<\/h3><\/div><div class=\"c-text-block u-text-color-invert\"><p>En quelques minutes, vous pourrez convertir une adresse postale en coordonn\u00e9es g\u00e9ographiques pr\u00e9cises (latitude et longitude) et vice versa. Ensuite, vous verrez l'emplacement sur une carte.<\/p>\n <\/div><\/div><div class=\"col _lap-and-up-4\" ><div class=\"c-button-holder c-button-holder--center\"><a class=\"c-button c-button--center c-button--white  c-button--ghost c-button--large\" href=\"https:\/\/www.egon.com\/egon-demo\">ESSAYER GRATUITEMENT D\u00c8S MAINTENANT<\/a><\/div><\/div>\n<\/div><\/div><\/div><\/div>[\/vc_column][\/vc_row][vc_row wrapper=\u00a0\u00bbtrue\u00a0\u00bb][vc_column]<div class=\"c-heading\"><h3 class=\" u-text-bolder\">COMMENT G\u00c9OCODER DES ADRESSES AVEC LE LOGICIEL EGON<\/h3><\/div>[\/vc_column][vc_column width=\u00a0\u00bb7\/12&Prime;][vc_column_text]Egon est un logiciel tr\u00e8s puissant de g\u00e9ocodage, qui permet de g\u00e9ocoder plusieurs bases de donn\u00e9es enregistr\u00e9es, fournissant des coordonn\u00e9es \u00e0 un format valide et une localisation sur une carte pour toute adresse pr\u00e9cise.<\/p>\n<p>Avec le d\u00e9veloppement rapide des technologies de g\u00e9olocalisation et services, et la disponibilit\u00e9 croissante de donn\u00e9es territoriales provenant de partout dans le monde, il est essentiel pour chaque domaine d\u2019activit\u00e9 de r\u00e9examiner soigneusement la valeur strat\u00e9gique des adresses et coordonn\u00e9s g\u00e9ographiques pr\u00e9cises.<\/p>\n<p><em>Egon met en relation les donn\u00e9es <\/em>du territoire et en se concentrant sur le plus haut niveau de d\u00e9tails, donne une repr\u00e9sentation pr\u00e9cise des donn\u00e9es, sauvegarde les applications GIS, cr\u00e9e des bassins hydrographiques, des zones de responsabilit\u00e9 et d\u2019adresses, etc..[\/vc_column_text][\/vc_column][vc_column width=\u00a0\u00bb5\/12&Prime;][vc_column_text]Le logiciel n\u2019est pas seulement limit\u00e9 aux fonctions de base de g\u00e9or\u00e9f\u00e9rencement ; il peut \u00e9galement satisfaire les g\u00e9ocodages tr\u00e8s sophistiqu\u00e9s et tr\u00e8s diversifi\u00e9s\u00a0:[\/vc_column_text]<div class=\" c-list c-list--color-one\"><ul>\n<li><i class=\"c-list__icon fal fa-check-circle\"><\/i>Affectation des zones imposables<\/li>\n<li><i class=\"c-list__icon fal fa-check-circle\"><\/i>Proximit\u00e9 et calcul imm\u00e9diat des distances \u00e0 vol d\u2019oiseau et \u00e0 pied<\/li>\n<li><i class=\"c-list__icon fal fa-check-circle\"><\/i>G\u00e9ocodage invers\u00e9<\/li>\n<li><i class=\"c-list__icon fal fa-check-circle\"><\/i>Lieux int\u00e9ressants<\/li>\n<li><i class=\"c-list__icon fal fa-check-circle\"><\/i>Localisation par nom de rue<\/li>\n<li><i class=\"c-list__icon fal fa-check-circle\"><\/i>Identification des carrefours (croisement)<\/li>\n<\/ul>\n<\/div>[\/vc_column][vc_column]<div class=\" c-divider c-divider--dashed\"\/><\/div>[\/vc_column][\/vc_row][vc_row wrapper=\u00a0\u00bbtrue\u00a0\u00bb holder_set_margin=\u00a0\u00bbtrue\u00a0\u00bb holder_margin=\u00a0\u00bbu-margin-bottom\u00a0\u00bb][vc_column]<div class=\"c-heading\"><h3 class=\" u-text-bolder\">DE LA G\u00c9OLOCALISATION A L\u2019AFFICHAGE DE LA CARTE<\/h3><\/div>[\/vc_column][vc_column width=\u00a0\u00bb1\/3&Prime;]<div class=\"c-image\"><img loading=\"lazy\" decoding=\"async\" width=\"500\" height=\"640\" src=\"https:\/\/www.egon.com\/wp-content\/uploads\/2017\/09\/geocodage-adresses.jpg\" class=\" aligncenter\" alt=\"g\u00e9ocodage adresses\" srcset=\"https:\/\/www.egon.com\/wp-content\/uploads\/2017\/09\/geocodage-adresses.jpg 500w, https:\/\/www.egon.com\/wp-content\/uploads\/2017\/09\/geocodage-adresses-234x300.jpg 234w\" sizes=\"auto, (max-width: 500px) 100vw, 500px\" \/><\/div>[\/vc_column][vc_column width=\u00a0\u00bb2\/3&Prime;][vc_column_text]La g\u00e9olocalisation garantit que toutes les donn\u00e9es soient am\u00e9lior\u00e9es par les donn\u00e9es statistiques et territoriales pour la micro zone taxable de r\u00e9f\u00e9rence.<\/p>\n<p>Avec l\u2019utilisation de n\u2019importe quelle carte, la g\u00e9olocalisation est compl\u00e9t\u00e9e par l&rsquo;affichage (y compris via le web) de la position sur cartographie pr\u00e9cise.<\/p>\n<p>L\u2019efficacit\u00e9 de notre moteur de validation garantit des performances exceptionnelles et pr\u00e9cises jusqu&rsquo;au num\u00e9ro de rue, m\u00eame si les adresses entr\u00e9es dans le syst\u00e8me sont incompl\u00e8tes ou inexactes[\/vc_column_text]<div class=\"c-heading\"><h3 class=\" u-h5\">APPLICATIONS POUR LE G\u00c9OCODAGE<\/h3><\/div>[vc_column_text]Egon est un logiciel de g\u00e9ocodage extr\u00eamement flexible et peut s\u2019int\u00e9grer dans n&rsquo;importe quel logiciel d&rsquo;exploitation qui a besoin de relocaliser ses donn\u00e9es. Le g\u00e9ocodage est d&rsquo;une importance fondamentale pour certains domaines, les principaux qui sont :[\/vc_column_text]<div class=\" c-list c-list--color-one\"><ul>\n<li><i class=\"c-list__icon fal fa-check-circle\"><\/i>La logistiqueet le transport : quelques applications tr\u00e8s sophistiqu\u00e9es de logistique sont aujourd&rsquo;hui disponibles, qui peuvent tracer l&rsquo;itin\u00e9raire de marchandises en d\u00e9tail et en temps r\u00e9el, signifiant que l&rsquo;itin\u00e9raire peut \u00eatre programm\u00e9 efficacement \u00e0 l&rsquo;avance selon les points interm\u00e9diaires. Le d\u00e9pistage de l\u00a0\u00bbadresse correcte par le num\u00e9ro de rue permet un gain de temps remarquable.<\/li>\n<li><i class=\"c-list__icon fal fa-check-circle\"><\/i>G\u00e9omarketing: gr\u00e2ce \u00e0 sa sauvegarde automatique, le logiciel d&rsquo;Egon, via certaines applications ,par le biais de la recherche de G\u00e9omarketing permettent de fournir les donn\u00e9es les plus importantes au sujet du potentiel d&rsquo;affaires d&rsquo;un endroit ou secteur donn\u00e9. <a href=\"https:\/\/www.egon.com\/fr\/solutions\/normalisation-des-adresses\">La validation de l&rsquo;adresse<\/a>coupl\u00e9 au georeferencing vous permettra de pr\u00e9parer vos nouveaux plans de G\u00e9omarketing.<\/li>\n<li><i class=\"c-list__icon fal fa-check-circle\"><\/i><\/li>\n<\/ul>\n<\/div>[\/vc_column][\/vc_row][vc_row][vc_column]<div class=\"templatera_shortcode\"><div class=\"o-holder u-background-ca-one u-padding-vertical-large\"><div class=\" o-wrapper\"><div class=\"grid-1\"><div class=\"col _lap-and-up-12\" ><div class=\"c-heading\"><h3 class=\" u-text-color-invert u-text-center\">D\u00c9COUVREZ COMMENT NOTRE LOGICIEL DE GESTION DES DONN\u00c9ES PEUT VOUS AIDER \u00c0 D\u00c9VELOPPER VOTRE ENTREPRISE!<\/h3><\/div><div class=\"c-button-holder c-button-holder--center\"><a class=\"c-button u-text-bold c-button--center c-button--white  c-button--ghost\" href=\"https:\/\/www.egon.com\/company\/contact-us\">CONTACTEZ-NOUS<\/a><\/div><\/div>\n<\/div><\/div><\/div>\r\n<\/div>[\/vc_column][\/vc_row]\n","protected":false},"excerpt":{"rendered":"D\u00c9COUVREZ COMMENT NOTRE LOGICIEL DE GESTION DES DONN\u00c9ES PEUT VOUS AIDER \u00c0 D\u00c9VELOPPER VOTRE ENTREPRISE!CONTACTEZ-NOUS","protected":false},"author":1,"featured_media":0,"parent":8038,"menu_order":0,"comment_status":"closed","ping_status":"closed","template":"templates\/template-fullwidth.php","meta":{"footnotes":""},"class_list":["post-8067","page","type-page","status-publish","hentry"],"yoast_head":"<!-- This site is optimized with the Yoast SEO plugin v26.8 - https:\/\/yoast.com\/product\/yoast-seo-wordpress\/ -->\n<title>Logiciel de g\u00e9ocodage des adresses imm\u00e9diat \u00e9galement via WEB !<\/title>\n<meta name=\"description\" content=\"G\u00e9ocodage exact imm\u00e9diat, pr\u00e9cis de toutes les adresses ou archives d\u2019adresses internationales. Essayez gratuitement EGON !\" \/>\n<meta name=\"robots\" content=\"index, follow, max-snippet:-1, max-image-preview:large, max-video-preview:-1\" \/>\n<link rel=\"canonical\" href=\"https:\/\/www.egon.com\/fr\/solutions\/geocodage\" \/>\n<meta property=\"og:locale\" content=\"fr_FR\" \/>\n<meta property=\"og:type\" content=\"article\" \/>\n<meta property=\"og:title\" content=\"Logiciel de g\u00e9ocodage des adresses imm\u00e9diat \u00e9galement via WEB !\" \/>\n<meta property=\"og:description\" content=\"G\u00e9ocodage exact imm\u00e9diat, pr\u00e9cis de toutes les adresses ou archives d\u2019adresses internationales. Essayez gratuitement EGON !\" \/>\n<meta property=\"og:url\" content=\"https:\/\/www.egon.com\/fr\/solutions\/geocodage\" \/>\n<meta property=\"og:site_name\" content=\"Egon\" \/>\n<meta property=\"article:modified_time\" content=\"2021-02-15T11:20:43+00:00\" \/>\n<meta name=\"twitter:card\" content=\"summary_large_image\" \/>\n<meta name=\"twitter:label1\" content=\"Dur\u00e9e de lecture estim\u00e9e\" \/>\n\t<meta name=\"twitter:data1\" content=\"3 minutes\" \/>\n<script type=\"application\/ld+json\" class=\"yoast-schema-graph\">{\"@context\":\"https:\/\/schema.org\",\"@graph\":[{\"@type\":\"WebPage\",\"@id\":\"https:\/\/www.egon.com\/fr\/solutions\/geocodage\",\"url\":\"https:\/\/www.egon.com\/fr\/solutions\/geocodage\",\"name\":\"Logiciel de g\u00e9ocodage des adresses imm\u00e9diat \u00e9galement via WEB !\",\"isPartOf\":{\"@id\":\"https:\/\/www.egon.com\/zh\/#website\"},\"datePublished\":\"2017-09-19T12:45:10+00:00\",\"dateModified\":\"2021-02-15T11:20:43+00:00\",\"description\":\"G\u00e9ocodage exact imm\u00e9diat, pr\u00e9cis de toutes les adresses ou archives d\u2019adresses internationales. Essayez gratuitement EGON !\",\"breadcrumb\":{\"@id\":\"https:\/\/www.egon.com\/fr\/solutions\/geocodage#breadcrumb\"},\"inLanguage\":\"fr-FR\",\"potentialAction\":[{\"@type\":\"ReadAction\",\"target\":[\"https:\/\/www.egon.com\/fr\/solutions\/geocodage\"]}]},{\"@type\":\"BreadcrumbList\",\"@id\":\"https:\/\/www.egon.com\/fr\/solutions\/geocodage#breadcrumb\",\"itemListElement\":[{\"@type\":\"ListItem\",\"position\":1,\"name\":\"Home\",\"item\":\"https:\/\/www.egon.com\/fr\"},{\"@type\":\"ListItem\",\"position\":2,\"name\":\"Solutions\",\"item\":\"https:\/\/www.egon.com\/fr\/solutions\"},{\"@type\":\"ListItem\",\"position\":3,\"name\":\"LOGICIEL DE SOLUTIONS POUR GEOCODAGE D&rsquo;ADRESSE\"}]},{\"@type\":\"WebSite\",\"@id\":\"https:\/\/www.egon.com\/zh\/#website\",\"url\":\"https:\/\/www.egon.com\/zh\/\",\"name\":\"Egon\",\"description\":\"Normalizzazione indirizzi - Address validation - Egon.com\",\"potentialAction\":[{\"@type\":\"SearchAction\",\"target\":{\"@type\":\"EntryPoint\",\"urlTemplate\":\"https:\/\/www.egon.com\/zh\/?s={search_term_string}\"},\"query-input\":{\"@type\":\"PropertyValueSpecification\",\"valueRequired\":true,\"valueName\":\"search_term_string\"}}],\"inLanguage\":\"fr-FR\"}]}<\/script>\n<!-- \/ Yoast SEO plugin. -->","yoast_head_json":{"title":"Logiciel de g\u00e9ocodage des adresses imm\u00e9diat \u00e9galement via WEB !","description":"G\u00e9ocodage exact imm\u00e9diat, pr\u00e9cis de toutes les adresses ou archives d\u2019adresses internationales. Essayez gratuitement EGON !","robots":{"index":"index","follow":"follow","max-snippet":"max-snippet:-1","max-image-preview":"max-image-preview:large","max-video-preview":"max-video-preview:-1"},"canonical":"https:\/\/www.egon.com\/fr\/solutions\/geocodage","og_locale":"fr_FR","og_type":"article","og_title":"Logiciel de g\u00e9ocodage des adresses imm\u00e9diat \u00e9galement via WEB !","og_description":"G\u00e9ocodage exact imm\u00e9diat, pr\u00e9cis de toutes les adresses ou archives d\u2019adresses internationales. Essayez gratuitement EGON !","og_url":"https:\/\/www.egon.com\/fr\/solutions\/geocodage","og_site_name":"Egon","article_modified_time":"2021-02-15T11:20:43+00:00","twitter_card":"summary_large_image","twitter_misc":{"Dur\u00e9e de lecture estim\u00e9e":"3 minutes"},"schema":{"@context":"https:\/\/schema.org","@graph":[{"@type":"WebPage","@id":"https:\/\/www.egon.com\/fr\/solutions\/geocodage","url":"https:\/\/www.egon.com\/fr\/solutions\/geocodage","name":"Logiciel de g\u00e9ocodage des adresses imm\u00e9diat \u00e9galement via WEB !","isPartOf":{"@id":"https:\/\/www.egon.com\/zh\/#website"},"datePublished":"2017-09-19T12:45:10+00:00","dateModified":"2021-02-15T11:20:43+00:00","description":"G\u00e9ocodage exact imm\u00e9diat, pr\u00e9cis de toutes les adresses ou archives d\u2019adresses internationales. Essayez gratuitement EGON !","breadcrumb":{"@id":"https:\/\/www.egon.com\/fr\/solutions\/geocodage#breadcrumb"},"inLanguage":"fr-FR","potentialAction":[{"@type":"ReadAction","target":["https:\/\/www.egon.com\/fr\/solutions\/geocodage"]}]},{"@type":"BreadcrumbList","@id":"https:\/\/www.egon.com\/fr\/solutions\/geocodage#breadcrumb","itemListElement":[{"@type":"ListItem","position":1,"name":"Home","item":"https:\/\/www.egon.com\/fr"},{"@type":"ListItem","position":2,"name":"Solutions","item":"https:\/\/www.egon.com\/fr\/solutions"},{"@type":"ListItem","position":3,"name":"LOGICIEL DE SOLUTIONS POUR GEOCODAGE D&rsquo;ADRESSE"}]},{"@type":"WebSite","@id":"https:\/\/www.egon.com\/zh\/#website","url":"https:\/\/www.egon.com\/zh\/","name":"Egon","description":"Normalizzazione indirizzi - Address validation - Egon.com","potentialAction":[{"@type":"SearchAction","target":{"@type":"EntryPoint","urlTemplate":"https:\/\/www.egon.com\/zh\/?s={search_term_string}"},"query-input":{"@type":"PropertyValueSpecification","valueRequired":true,"valueName":"search_term_string"}}],"inLanguage":"fr-FR"}]}},"_links":{"self":[{"href":"https:\/\/www.egon.com\/fr\/wp-json\/wp\/v2\/pages\/8067","targetHints":{"allow":["GET"]}}],"collection":[{"href":"https:\/\/www.egon.com\/fr\/wp-json\/wp\/v2\/pages"}],"about":[{"href":"https:\/\/www.egon.com\/fr\/wp-json\/wp\/v2\/types\/page"}],"author":[{"embeddable":true,"href":"https:\/\/www.egon.com\/fr\/wp-json\/wp\/v2\/users\/1"}],"replies":[{"embeddable":true,"href":"https:\/\/www.egon.com\/fr\/wp-json\/wp\/v2\/comments?post=8067"}],"version-history":[{"count":2,"href":"https:\/\/www.egon.com\/fr\/wp-json\/wp\/v2\/pages\/8067\/revisions"}],"predecessor-version":[{"id":17904,"href":"https:\/\/www.egon.com\/fr\/wp-json\/wp\/v2\/pages\/8067\/revisions\/17904"}],"up":[{"embeddable":true,"href":"https:\/\/www.egon.com\/fr\/wp-json\/wp\/v2\/pages\/8038"}],"wp:attachment":[{"href":"https:\/\/www.egon.com\/fr\/wp-json\/wp\/v2\/media?parent=8067"}],"curies":[{"name":"wp","href":"https:\/\/api.w.org\/{rel}","templated":true}]}}