{"id":8050,"date":"2017-09-19T11:59:03","date_gmt":"2017-09-19T11:59:03","guid":{"rendered":"https:\/\/egon.com\/?page_id=8050"},"modified":"2022-10-17T09:53:02","modified_gmt":"2022-10-17T09:53:02","slug":"normalisation-des-adresses","status":"publish","type":"page","link":"https:\/\/www.egon.com\/fr\/solutions\/normalisation-des-adresses","title":{"rendered":"EUROP\u00c9ENNES ET INTERNATIONALES OUTIL DE VALIDATION D&rsquo;ADRESSE POSTALE"},"content":{"rendered":"[vc_row row_h_align=\u00a0\u00bbgrid&#8211;center\u00a0\u00bb wrapper=\u00a0\u00bbtrue\u00a0\u00bb holder_class=\u00a0\u00bbu-section-hero-two u-overlapped-hero-padding\u00a0\u00bb holder_set_margin=\u00a0\u00bbtrue\u00a0\u00bb holder_margin=\u00a0\u00bbu-margin-bottom-large\u00a0\u00bb][vc_column row_width=\u00a0\u00bb_desktop-9&Prime;]<div class=\"c-heading\"><h1 class=\" u-h1 u-text-bolder u-margin-bottom-none u-text-center\">EUROP\u00c9ENNES ET INTERNATIONALES OUTIL DE VALIDATION D'ADRESSE POSTALE<\/h1><\/div>[vc_column_text txt_align=\u00a0\u00bbu-text-center\u00a0\u00bb set_margin=\u00a0\u00bbtrue\u00a0\u00bb margin=\u00a0\u00bbu-margin-bottom-large\u00a0\u00bb]La validation de l\u2019adresse postale est cruciale pour toute entreprise travaillant avec des bases de donn\u00e9es importantes.[\/vc_column_text][vc_column_text txt_color=\u00a0\u00bbu-text-color-invert\u00a0\u00bb txt_align=\u00a0\u00bbu-text-center\u00a0\u00bb]EN SAVOIR PLUS[\/vc_column_text]<div class=\"c-button-holder c-button-holder--center\"><a class=\"c-button c-button--center u-margin-right u-margin-bottom u-margin-left c-button--primary\" href=\"https:\/\/www.egon.com\/egon-demo\">ESSAI GRATUIT<\/a><\/div>[\/vc_column][\/vc_row][vc_row wrapper=\u00a0\u00bbtrue\u00a0\u00bb][vc_column]<div class=\"c-heading\"><h3 class=\" u-text-bolder\">LOGICIEL DE V\u00c9RIFICATION D'ADRESSE POSTALE<\/h3><\/div>[vc_column_text]Le proc\u00e9d\u00e9 de validation d&rsquo;adresse postale implique d&rsquo;analyser et corriger toutes les inexactitudes ou contradictions dans une adresse ou un groupe d&rsquo;adresses (une base de donn\u00e9es par exemple de client\/fournisseur). Le but est de r\u00e9duire chaque adresse dans une\u00a0forme universellement intelligible\u00a0qui peut clairement \u00eatre trac\u00e9 par tout syst\u00e8me informatique. La validation europ\u00e9enne d&rsquo;adresse est notre m\u00e9tier principal, mais nous fournissons une aide compl\u00e8te pour\u00a0plus de 250 pays\u00a0dans le monde sous forme de validation <a href=\"https:\/\/www.egon.com\/fr\/mode-d-utilisation\/batch\">d&rsquo;adresse en lots<\/a>\u00a0et de\u00a0<a href=\"https:\/\/www.egon.com\/fr\/mode-d-utilisation\/en-ligne\">services en ligne<\/a>.<\/p>\n<p>Le logiciel Egon est disponible pour la v\u00e9rification internationale d&rsquo;adresse et a \u00e9t\u00e9 sp\u00e9cifiquement con\u00e7u pour effectuer et automatiser ces op\u00e9rations avec une\u00a0validation pr\u00e9cise de toutes adresses incorrectes ou incompl\u00e8tes.\u00a0Plus de probl\u00e8mes dus aux erreurs d&rsquo;\u00e9pellation et de formatage, gr\u00e2ce \u00e0 la sauvegarde interactive de notre logiciel\u00a0avec ses fonctions en temps r\u00e9el quand l&rsquo;op\u00e9rateur entre directement les donn\u00e9es (y compris en ajoutant tous les codes postaux manquant).[\/vc_column_text][\/vc_column][\/vc_row][vc_row holder_set_margin=\u00a0\u00bbtrue\u00a0\u00bb holder_margin=\u00a0\u00bbu-margin-bottom-large\u00a0\u00bb][vc_column]<div class=\"templatera_shortcode\"><div class=\"o-holder u-background-color-one\"><div class=\" o-wrapper\"><div class=\"grid-1 u-deco-globe grid--equalHeight\"><div class=\"col _lap-and-up-8\" ><div class=\"o-holder u-padding-vertical-large\"><div class=\"grid-1\"><div class=\"col _lap-and-up-4\" ><div class=\"c-heading\"><h3 class=\" u-text-color-invert u-text-right\">Essayez notre logiciel de validation d'adresse maintenant<\/h3><\/div><\/div><div class=\"col _lap-and-up-8\" ><div class=\"c-text-block u-text-color-invert\"><p><span>La validation d'adresse implique un ensemble de techniques <\/span>visant \u00e0 v\u00e9rifier, corriger, mettre \u00e0 jour, d\u00e9dupliquer et, le cas \u00e9ch\u00e9ant, enrichir les donn\u00e9es archiv\u00e9es ou stock\u00e9es dans une base de donn\u00e9es unique ou plusieurs bases de donn\u00e9es diff\u00e9rentes.<\/p>\n<p>Egon v\u00e9rifiera imm\u00e9diatement la pr\u00e9cision de l'information que vous poss\u00e9dez. La v\u00e9rification se fera sur les erreurs grammaticales (double lettres, espacement, etc.), les enregistrements p\u00e9rim\u00e9s, les donn\u00e9es dupliqu\u00e9es et finalise enfin l'adresse, qui est enrichie d'informations manquantes (Code postal, \u00c9tat, province, pays, etc.). .).<\/p>\n <\/div><\/div>\n<\/div><\/div><\/div><div class=\"col _lap-and-up-4\" ><div class=\"col_inner u-padding-vertical col_inner--middle\"><div class=\"c-button-holder c-button-holder--center\"><a class=\"c-button u-text-bold c-button--center c-button--white\" href=\"https:\/\/www.egon.com\/egon-demo\">Essayez notre d\u00e9mo GRATUITE !<\/a><\/div><\/div><\/div>\n<\/div><\/div><\/div><\/div>[\/vc_column][\/vc_row][vc_row wrapper=\u00a0\u00bbtrue\u00a0\u00bb][vc_column]<div class=\"c-heading\"><h3 class=\" u-text-bolder\">CHAMP D'APPLICATION<\/h3><\/div>[\/vc_column][\/vc_row][vc_row wrapper=\u00a0\u00bbtrue\u00a0\u00bb][vc_column width=\u00a0\u00bb1\/3&Prime;]<div class=\"c-image\"><img loading=\"lazy\" decoding=\"async\" width=\"500\" height=\"546\" src=\"https:\/\/www.egon.com\/wp-content\/uploads\/2017\/09\/normalisation-des-adresses-postales.jpg\" class=\" aligncenter\" alt=\"Normalisation des adresses postales\" srcset=\"https:\/\/www.egon.com\/wp-content\/uploads\/2017\/09\/normalisation-des-adresses-postales.jpg 500w, https:\/\/www.egon.com\/wp-content\/uploads\/2017\/09\/normalisation-des-adresses-postales-275x300.jpg 275w\" sizes=\"auto, (max-width: 500px) 100vw, 500px\" \/><\/div>[\/vc_column][vc_column width=\u00a0\u00bb2\/3&Prime;][vc_column_text]Un ensemble de r\u00e8gles complexes a \u00e9t\u00e9 d\u00e9velopp\u00e9 pour l&rsquo;analyse de la validation d&rsquo;adresse postale, bas\u00e9 sur des facteurs multiples, tels que les espaces vides entre les mots d&rsquo;entr\u00e9e, l&rsquo;ordre et d&rsquo;autres \u00e9l\u00e9ments, qui sont li\u00e9s \u00e0 nos tables de thesaurus pour donner un r\u00e9sultat parfait.<\/p>\n<p>Egon peut \u00eatre simplement int\u00e9gr\u00e9 dans n&rsquo;importe quelle sorte d\u2019application (ERP, op\u00e9rationnel, CRM, etc.) et aux environnements de logiciel standard (sap, oracle, windows, etc.). Cela vous permet d&rsquo;amplifier imm\u00e9diatement vos op\u00e9rations d&rsquo;entreprise avec des bases de donn\u00e9es pr\u00e9cises qui \u00e9taient inconnues jusqu&rsquo;ici.<\/p>\n<p>Il y a de nombreux champs d&rsquo;application pour un\u00a0logiciel de validation d&rsquo;adresse postale qui s&rsquo;\u00e9tend de la validation \u00e0 un certain nombre de bases de donn\u00e9es simples, \u00e0 l&rsquo;exp\u00e9dition (service classique en ventes vente par correspondance), \u00e0 la convergence entre diff\u00e9rentes bases de donn\u00e9es et \u00e0 la migration d\u2019ancien \u00e0 de nouveaux syst\u00e8mes.<\/p>\n<p>Egon interagit automatiquement avec vous pendant la saisie de donn\u00e9es afin de corriger d\u2019\u00e9ventuelles erreurs, valider les adresses et de les standardiser au format officiel.<\/p>\n<p>Cependant, Egon va plus loin et dispose de fonctions avanc\u00e9es tr\u00e8s utiles, par exemple l&rsquo;auto am\u00e9lioration en temps r\u00e9el, ce qui signifie que lorsque vous avez saisissez un champ dans un formulaire, Egon remplit automatiquement les autres, ce qui rend l&rsquo;ensemble du processus beaucoup plus rapide et votre travail beaucoup plus facile.[\/vc_column_text][\/vc_column][\/vc_row][vc_row wrapper=\u00a0\u00bbtrue\u00a0\u00bb holder_set_margin=\u00a0\u00bbtrue\u00a0\u00bb holder_margin=\u00a0\u00bbu-margin-bottom-large\u00a0\u00bb][vc_column inner_bg_fx=\u00a0\u00bbu-background-color-six\u00a0\u00bb set_padding_inner=\u00a0\u00bbtrue\u00a0\u00bb padding_inner=\u00a0\u00bbu-padding\u00a0\u00bb][vc_column_text txt_color=\u00a0\u00bbu-text-color-invert\u00a0\u00bb]\n<h3>ET SI J\u2019AI BESOIN DE VALIDER UNE GRANDE QUANTIT\u00c9 D&rsquo;ADRESSE EN UNE SEULE FOIS ?<\/h3>\n<p>Pas de souci ! En plus de ses fonctions en temps r\u00e9el, Egon permet \u00e9galement \u00e0 la validation par batch\u00a0: le syst\u00e8me prend en compte l\u2019enti\u00e8re bases de donn\u00e9es ou les fichiers de format diff\u00e9rents (csv, xml, etc.). Il les analyse, les traite et vous les renvois totalement valid\u00e9s et d\u00e9 dupliqu\u00e9s.[\/vc_column_text]<div class=\"c-button-holder c-button-holder--center\"><a class=\"c-button c-button--center c-button--white  c-button--ghost\" href=\"https:\/\/www.egon.com\/fr\/mode-d-utilisation\/batch\">En savoir plus<\/a><\/div>[\/vc_column][\/vc_row][vc_row wrapper=\u00a0\u00bbtrue\u00a0\u00bb][vc_column]<div class=\"c-heading\"><h3 class=\" u-text-bolder\">OUTIL DE LOGICIEL DE V\u00c9RIFICATION ADRESSE EUROP\u00c9ENNE ET ALORS ?<\/h3><\/div>[vc_column_text]Le logiciel Egon est bas\u00e9 sur un algorithme permettant \u00e9galement d&rsquo; op\u00e9rer sur des donn\u00e9es \u00e0 caract\u00e8re personnel (exemples de validation des donn\u00e9es \u00e0 caract\u00e8re personnel\u00a0: : code des imp\u00f4ts, documents d\u2019identit\u00e9, etc.), y compris les titres et les diff\u00e9rents types de donn\u00e9es. Il vous retourne ces informations sous la forme d&rsquo;un document standard. Validation de bases de donn\u00e9es pour personnes physiques et entit\u00e9s l\u00e9gales.<\/p>\n<p>En r\u00e9sultat, Egon vous fournit une excellente base de donn\u00e9es allant jusqu&rsquo;\u00e0 la correction manuelle de tous les enregistrements qui ont \u00e9t\u00e9 rejet\u00e9s par le processus automatique de nettoyage.<\/p>\n<p>Nous sommes en mesure de garantir une couverture mondiale avec nos services de qualit\u00e9 (v\u00e9rification de l\u2019adresse en Europe et dans les pays internationaux). Notre soci\u00e9t\u00e9 est sp\u00e9cialis\u00e9e depuis des ann\u00e9es dans la fourniture de services concernant la validation des adresses europ\u00e9ennes, la d\u00e9 duplication et la qualit\u00e9 des donn\u00e9es. Notre si\u00e8ge se trouve \u00e0 V\u00e9rone, en Italie (au c\u0153ur de la V\u00e9n\u00e9tie).[\/vc_column_text][\/vc_column][\/vc_row][vc_row][vc_column]<div class=\"templatera_shortcode\"><div class=\"o-holder u-background-ca-one u-padding-vertical-large\"><div class=\" o-wrapper\"><div class=\"grid-1\"><div class=\"col _lap-and-up-12\" ><div class=\"c-heading\"><h3 class=\" u-text-color-invert u-text-center\">D\u00c9COUVREZ COMMENT NOTRE LOGICIEL DE GESTION DES DONN\u00c9ES PEUT VOUS AIDER \u00c0 D\u00c9VELOPPER VOTRE ENTREPRISE!<\/h3><\/div><div class=\"c-button-holder c-button-holder--center\"><a class=\"c-button u-text-bold c-button--center c-button--white  c-button--ghost\" href=\"https:\/\/www.egon.com\/company\/contact-us\">CONTACTEZ-NOUS<\/a><\/div><\/div>\n<\/div><\/div><\/div>\r\n<\/div>[\/vc_column][\/vc_row]\n","protected":false},"excerpt":{"rendered":"D\u00c9COUVREZ COMMENT NOTRE LOGICIEL DE GESTION DES DONN\u00c9ES PEUT VOUS AIDER \u00c0 D\u00c9VELOPPER VOTRE ENTREPRISE!CONTACTEZ-NOUS","protected":false},"author":1,"featured_media":0,"parent":8038,"menu_order":0,"comment_status":"closed","ping_status":"closed","template":"templates\/template-fullwidth.php","meta":{"footnotes":""},"class_list":["post-8050","page","type-page","status-publish","hentry"],"yoast_head":"<!-- This site is optimized with the Yoast SEO plugin v26.8 - https:\/\/yoast.com\/product\/yoast-seo-wordpress\/ -->\n<title>Normalisation des adresses postales en ligne : Egon !<\/title>\n<meta name=\"description\" content=\"Egon.com - Normalisation online des adresses postales fran\u00e7aises et internationales : D\u00e9mo Gratuite !\" \/>\n<meta name=\"robots\" content=\"index, follow, max-snippet:-1, max-image-preview:large, max-video-preview:-1\" \/>\n<link rel=\"canonical\" href=\"https:\/\/www.egon.com\/fr\/solutions\/normalisation-des-adresses\" \/>\n<meta property=\"og:locale\" content=\"fr_FR\" \/>\n<meta property=\"og:type\" content=\"article\" \/>\n<meta property=\"og:title\" content=\"Normalisation des adresses postales en ligne : Egon !\" \/>\n<meta property=\"og:description\" content=\"Egon.com - Normalisation online des adresses postales fran\u00e7aises et internationales : D\u00e9mo Gratuite !\" \/>\n<meta property=\"og:url\" content=\"https:\/\/www.egon.com\/fr\/solutions\/normalisation-des-adresses\" \/>\n<meta property=\"og:site_name\" content=\"Egon\" \/>\n<meta property=\"article:modified_time\" content=\"2022-10-17T09:53:02+00:00\" \/>\n<meta name=\"twitter:card\" content=\"summary_large_image\" \/>\n<meta name=\"twitter:label1\" content=\"Dur\u00e9e de lecture estim\u00e9e\" \/>\n\t<meta name=\"twitter:data1\" content=\"3 minutes\" \/>\n<script type=\"application\/ld+json\" class=\"yoast-schema-graph\">{\"@context\":\"https:\/\/schema.org\",\"@graph\":[{\"@type\":\"WebPage\",\"@id\":\"https:\/\/www.egon.com\/fr\/solutions\/normalisation-des-adresses\",\"url\":\"https:\/\/www.egon.com\/fr\/solutions\/normalisation-des-adresses\",\"name\":\"Normalisation des adresses postales en ligne : Egon !\",\"isPartOf\":{\"@id\":\"https:\/\/www.egon.com\/zh\/#website\"},\"datePublished\":\"2017-09-19T11:59:03+00:00\",\"dateModified\":\"2022-10-17T09:53:02+00:00\",\"description\":\"Egon.com - Normalisation online des adresses postales fran\u00e7aises et internationales : D\u00e9mo Gratuite !\",\"breadcrumb\":{\"@id\":\"https:\/\/www.egon.com\/fr\/solutions\/normalisation-des-adresses#breadcrumb\"},\"inLanguage\":\"fr-FR\",\"potentialAction\":[{\"@type\":\"ReadAction\",\"target\":[\"https:\/\/www.egon.com\/fr\/solutions\/normalisation-des-adresses\"]}]},{\"@type\":\"BreadcrumbList\",\"@id\":\"https:\/\/www.egon.com\/fr\/solutions\/normalisation-des-adresses#breadcrumb\",\"itemListElement\":[{\"@type\":\"ListItem\",\"position\":1,\"name\":\"Home\",\"item\":\"https:\/\/www.egon.com\/fr\"},{\"@type\":\"ListItem\",\"position\":2,\"name\":\"Solutions\",\"item\":\"https:\/\/www.egon.com\/fr\/solutions\"},{\"@type\":\"ListItem\",\"position\":3,\"name\":\"EUROP\u00c9ENNES ET INTERNATIONALES OUTIL DE VALIDATION D&#8217;ADRESSE POSTALE\"}]},{\"@type\":\"WebSite\",\"@id\":\"https:\/\/www.egon.com\/zh\/#website\",\"url\":\"https:\/\/www.egon.com\/zh\/\",\"name\":\"Egon\",\"description\":\"Normalizzazione indirizzi - Address validation - Egon.com\",\"potentialAction\":[{\"@type\":\"SearchAction\",\"target\":{\"@type\":\"EntryPoint\",\"urlTemplate\":\"https:\/\/www.egon.com\/zh\/?s={search_term_string}\"},\"query-input\":{\"@type\":\"PropertyValueSpecification\",\"valueRequired\":true,\"valueName\":\"search_term_string\"}}],\"inLanguage\":\"fr-FR\"}]}<\/script>\n<!-- \/ Yoast SEO plugin. -->","yoast_head_json":{"title":"Normalisation des adresses postales en ligne : Egon !","description":"Egon.com - Normalisation online des adresses postales fran\u00e7aises et internationales : D\u00e9mo Gratuite !","robots":{"index":"index","follow":"follow","max-snippet":"max-snippet:-1","max-image-preview":"max-image-preview:large","max-video-preview":"max-video-preview:-1"},"canonical":"https:\/\/www.egon.com\/fr\/solutions\/normalisation-des-adresses","og_locale":"fr_FR","og_type":"article","og_title":"Normalisation des adresses postales en ligne : Egon !","og_description":"Egon.com - Normalisation online des adresses postales fran\u00e7aises et internationales : D\u00e9mo Gratuite !","og_url":"https:\/\/www.egon.com\/fr\/solutions\/normalisation-des-adresses","og_site_name":"Egon","article_modified_time":"2022-10-17T09:53:02+00:00","twitter_card":"summary_large_image","twitter_misc":{"Dur\u00e9e de lecture estim\u00e9e":"3 minutes"},"schema":{"@context":"https:\/\/schema.org","@graph":[{"@type":"WebPage","@id":"https:\/\/www.egon.com\/fr\/solutions\/normalisation-des-adresses","url":"https:\/\/www.egon.com\/fr\/solutions\/normalisation-des-adresses","name":"Normalisation des adresses postales en ligne : Egon !","isPartOf":{"@id":"https:\/\/www.egon.com\/zh\/#website"},"datePublished":"2017-09-19T11:59:03+00:00","dateModified":"2022-10-17T09:53:02+00:00","description":"Egon.com - Normalisation online des adresses postales fran\u00e7aises et internationales : D\u00e9mo Gratuite !","breadcrumb":{"@id":"https:\/\/www.egon.com\/fr\/solutions\/normalisation-des-adresses#breadcrumb"},"inLanguage":"fr-FR","potentialAction":[{"@type":"ReadAction","target":["https:\/\/www.egon.com\/fr\/solutions\/normalisation-des-adresses"]}]},{"@type":"BreadcrumbList","@id":"https:\/\/www.egon.com\/fr\/solutions\/normalisation-des-adresses#breadcrumb","itemListElement":[{"@type":"ListItem","position":1,"name":"Home","item":"https:\/\/www.egon.com\/fr"},{"@type":"ListItem","position":2,"name":"Solutions","item":"https:\/\/www.egon.com\/fr\/solutions"},{"@type":"ListItem","position":3,"name":"EUROP\u00c9ENNES ET INTERNATIONALES OUTIL DE VALIDATION D&#8217;ADRESSE POSTALE"}]},{"@type":"WebSite","@id":"https:\/\/www.egon.com\/zh\/#website","url":"https:\/\/www.egon.com\/zh\/","name":"Egon","description":"Normalizzazione indirizzi - Address validation - Egon.com","potentialAction":[{"@type":"SearchAction","target":{"@type":"EntryPoint","urlTemplate":"https:\/\/www.egon.com\/zh\/?s={search_term_string}"},"query-input":{"@type":"PropertyValueSpecification","valueRequired":true,"valueName":"search_term_string"}}],"inLanguage":"fr-FR"}]}},"_links":{"self":[{"href":"https:\/\/www.egon.com\/fr\/wp-json\/wp\/v2\/pages\/8050","targetHints":{"allow":["GET"]}}],"collection":[{"href":"https:\/\/www.egon.com\/fr\/wp-json\/wp\/v2\/pages"}],"about":[{"href":"https:\/\/www.egon.com\/fr\/wp-json\/wp\/v2\/types\/page"}],"author":[{"embeddable":true,"href":"https:\/\/www.egon.com\/fr\/wp-json\/wp\/v2\/users\/1"}],"replies":[{"embeddable":true,"href":"https:\/\/www.egon.com\/fr\/wp-json\/wp\/v2\/comments?post=8050"}],"version-history":[{"count":4,"href":"https:\/\/www.egon.com\/fr\/wp-json\/wp\/v2\/pages\/8050\/revisions"}],"predecessor-version":[{"id":19523,"href":"https:\/\/www.egon.com\/fr\/wp-json\/wp\/v2\/pages\/8050\/revisions\/19523"}],"up":[{"embeddable":true,"href":"https:\/\/www.egon.com\/fr\/wp-json\/wp\/v2\/pages\/8038"}],"wp:attachment":[{"href":"https:\/\/www.egon.com\/fr\/wp-json\/wp\/v2\/media?parent=8050"}],"curies":[{"name":"wp","href":"https:\/\/api.w.org\/{rel}","templated":true}]}}