{"id":8038,"date":"2017-09-19T11:40:56","date_gmt":"2017-09-19T11:40:56","guid":{"rendered":"https:\/\/egon.com\/?page_id=8038"},"modified":"2017-10-11T14:04:50","modified_gmt":"2017-10-11T14:04:50","slug":"solutions","status":"publish","type":"page","link":"https:\/\/www.egon.com\/fr\/solutions","title":{"rendered":"Solutions"},"content":{"rendered":"[vc_row][vc_column][vc_column_text]Chaque entreprise a la d\u00e9licate mission de g\u00e9rer ses donn\u00e9es clients \/ fournisseurs dans son syst\u00e8me informatique, dans les applications web ou CRM. Avec Egon tous vos besoins en termes de <span>v\u00e9rification de donn\u00e9es et d&rsquo; adresse<\/span> et de g\u00e9or\u00e9f\u00e9rencement seront satisfaits. Notre c\u0153ur de m\u00e9tier est d&rsquo;\u00e9tudier des syst\u00e8mes logiciels qui sont en mesure d\u2019automatiser l\u2019adresse et <span>la gestion des donn\u00e9es ainsi que la v\u00e9rification<\/span>.<\/p>\n<p>La quantit\u00e9 de donn\u00e9es qui doit \u00eatre entr\u00e9e et entretenue tous les jours pour des utilisations diverses tendent \u00e0 augmenter au fil du temps et, dans certains cas, les grandes bases de donn\u00e9es peuvent contenir des centaines de milliers de contacts. <span>Le contr\u00f4le constant de la base de donn\u00e9es<\/span> ,la validation automatique et la d\u00e9 duplication sont des outils fondamentaux dans ces cas, afin d\u2019\u00e9viter une gestion de plus en plus probl\u00e9matique et des erreurs et incoh\u00e9rences qui peuvent aller jusqu\u2019\u00e0 bloquer les syst\u00e8mes ; il peut advenir qu\u2019au lieu d\u2019\u00eatre une source de donn\u00e9es pr\u00e9cieuses et strat\u00e9gique, le syst\u00e8me informatique devienne un fardeau lourd et inefficace.<\/p>\n<p>Dans certains cas, l&rsquo;adresse g\u00e9or\u00e9f\u00e9renc\u00e9e est \u00e9galement importante pour contr\u00f4ler correctement des activit\u00e9s sp\u00e9cialis\u00e9es, telles qu&rsquo;une bonne r\u00e9exp\u00e9dition et un bon g\u00e9omarketing.<\/p>\n<p><span>Egon<\/span>\u00a0est un <span>logiciel <\/span>destin\u00e9 \u00e0 aider les entreprises et les minist\u00e8res, \u00e0 v\u00e9rifier les donn\u00e9es d&rsquo;entreprise et la g\u00e9o r\u00e9f\u00e9rencement, avec des services de gestion de donn\u00e9es int\u00e9gr\u00e9s et modulaires fournis directement ou via le Web.<\/p>\n<p>Les\u00a0<span>outils de gestion de management<\/span>\u00a0permettent de manipuler les flux de donn\u00e9es de fa\u00e7on hautement autonome et de r\u00e9duire nombre d&rsquo;interventions techniques.[\/vc_column_text][\/vc_column][\/vc_row][vc_row][vc_column width=\u00a0\u00bb1\/4&Prime;]<div class=\"c-featured-box u-background-gradient-one\">\t\r\n\t\t\t\t\t\t<div class=\"c-featured-box__image\"><svg xmlns=\"http:\/\/www.w3.org\/2000\/svg\" width=\"99\" height=\"81\" viewBox=\"0 0 99 81\">\n    <g fill=\"none\" fill-rule=\"nonzero\">\n        <g fill=\"#FFF\">\n            <path stroke=\"#FFF\" d=\"M88.313 43.224h-.688V17.168C87.648 8.266 80.385 1.03 71.4 1H18.875c-9.113 0-16.5 7.318-16.5 16.345v25.88h-.688a.684.684 0 0 0-.687.68v4.086c0 .377.308.681.688.681H34V79.32c0 .376.308.681.688.681h19.25c.38 0 .687-.305.687-.681V48.672h33.688c.38 0 .687-.304.687-.68v-4.087a.684.684 0 0 0-.688-.68zM71.4 2.362c8.226.03 14.873 6.657 14.85 14.806v26.056H35.375V17.168a.378.378 0 0 0 0-.123v-.926c0-.3 0-.708-.11-1.049-.11-.34 0-.408-.096-.613l-.165-.83-.124-.45a16.098 16.098 0 0 0-1.086-2.915c.002-.045.002-.09 0-.136a16.634 16.634 0 0 0-6.105-6.66h-.124a17.01 17.01 0 0 0-2.117-1.104H71.4zM3.75 17.345C3.7 9.07 10.432 2.322 18.786 2.274 27.139 2.224 33.95 8.893 34 17.168v26.057H3.75v-25.88zm49.5 61.293H35.375V48.672H53.25v29.966zM87.625 47.31H2.375v-2.724h85.25v2.724z\"\/>\n            <path d=\"M43.572 22.714h12.197l1.215 3.8a.693.693 0 0 0 .663.486h5.647a.71.71 0 0 0 .706-.714v-8.572a.71.71 0 0 0-.706-.714H40.706a.71.71 0 0 0-.706.714v1.429c0 .955.378 1.87 1.049 2.54a3.508 3.508 0 0 0 2.523 1.031zm19.059 2.857h-4.433l-.946-2.857h5.379v2.857zM41.454 18.43h21.177v2.857H43.57c-1.169 0-2.117-.96-2.117-2.143v-.714z\"\/>\n        <\/g>\n        <path fill=\"#FFF\" d=\"M65 48.5C65 58.165 72.611 66 82 66s17-7.835 17-17.5S91.389 31 82 31c-9.385.01-16.99 7.84-17 17.5z\"\/>\n        <path fill=\"#7ED321\" d=\"M92.463 41.52c.716.695.716 1.82 0 2.514L79.616 56.48a1.877 1.877 0 0 1-2.595 0l-5.506-5.333a1.738 1.738 0 0 1 .023-2.492 1.878 1.878 0 0 1 2.572-.022l4.208 4.077 11.55-11.188a1.877 1.877 0 0 1 2.595 0z\"\/>\n    <\/g>\n<\/svg>\n<\/div>\t\t\t\t\t\r\n\t\t\t\t\t\t<div class=\"c-featured-box__content\">\t\t\t\t\t\t\r\n\t\t\t\t\t\t\t<p class=\"c-featured-box__title\">NORMALISATION <span class=\"c-featured-box__subtitle\">DES ADRESSES<\/span><\/p>\r\n\t\t\t\t\t\t\t<div class=\"c-featured-box__description\">V\u00e9rification et correction des adresses du monde entier<\/div>\t\t\t\t\t\t\t\r\n\t\t\t\t\t\t<\/div>\t\r\n\t\t\t\t\t\t<a class=\"c-featured-box__link\" href=\"https:\/\/www.egon.com\/solutions\/address-validation\">Learn more<\/a>\t\t\r\n\t\t\t\t\t<\/div>[\/vc_column][vc_column width=\u00a0\u00bb1\/4&Prime;]<div class=\"c-featured-box u-background-gradient-two\">\t\r\n\t\t\t\t\t\t<div class=\"c-featured-box__image\"><svg xmlns=\"http:\/\/www.w3.org\/2000\/svg\" width=\"58\" height=\"87\" viewBox=\"0 0 58 87\">\n    <g fill=\"none\" fill-rule=\"evenodd\">\n        <path fill=\"#FFF\" fill-rule=\"nonzero\" d=\"M29 77c-.452 0-.886-.18-1.206-.501C26.658 75.36.001 48.399.001 29.089a28.854 28.854 0 0 1 8.41-20.651A28.673 28.673 0 0 1 29 0a28.673 28.673 0 0 1 20.588 8.437 28.854 28.854 0 0 1 8.41 20.652c0 19.31-26.656 46.27-27.792 47.409-.32.32-.754.5-1.206.501z\"\/>\n        <ellipse cx=\"29.5\" cy=\"77.5\" stroke=\"#FFF\" stroke-width=\"3\" opacity=\".563\" rx=\"17\" ry=\"8\"\/>\n        <path fill=\"#F8B42F\" fill-rule=\"nonzero\" d=\"M13 28.5C13 37.613 20.387 45 29.5 45S46 37.613 46 28.5 38.613 12 29.5 12c-9.109.01-16.49 7.391-16.5 16.5z\"\/>\n        <path fill=\"#FFF\" fill-rule=\"nonzero\" d=\"M38.512 20.52c.65.695.65 1.82 0 2.514L26.832 35.48a1.597 1.597 0 0 1-2.358 0l-5.006-5.333a1.862 1.862 0 0 1 .02-2.492 1.596 1.596 0 0 1 2.34-.022l3.825 4.077 10.5-11.188a1.597 1.597 0 0 1 2.359 0z\"\/>\n    <\/g>\n<\/svg>\n<\/div>\t\t\t\t\t\r\n\t\t\t\t\t\t<div class=\"c-featured-box__content\">\t\t\t\t\t\t\r\n\t\t\t\t\t\t\t<p class=\"c-featured-box__title\">G\u00c9OCODAGE <span class=\"c-featured-box__subtitle\">ADRESSES<\/span><\/p>\r\n\t\t\t\t\t\t\t<div class=\"c-featured-box__description\">Localisation des coordonn\u00e9es g\u00e9ographiques exactes de toutes les adresses<\/div>\t\t\t\t\t\t\t\r\n\t\t\t\t\t\t<\/div>\t\r\n\t\t\t\t\t\t<a class=\"c-featured-box__link\" href=\"https:\/\/www.egon.com\/solutions\/geocoding\">Learn more<\/a>\t\t\r\n\t\t\t\t\t<\/div>[\/vc_column][vc_column width=\u00a0\u00bb1\/4&Prime;]<div class=\"c-featured-box u-background-gradient-three\">\t\r\n\t\t\t\t\t\t<div class=\"c-featured-box__image\"><svg xmlns=\"http:\/\/www.w3.org\/2000\/svg\" width=\"138\" height=\"108\" viewBox=\"0 0 138 108\">\n    <g fill=\"none\" fill-rule=\"evenodd\">\n        <g opacity=\".326\">\n            <path fill=\"#FFF\" fill-rule=\"nonzero\" d=\"M61 97V70h27z\"\/>\n            <path stroke=\"#FFF\" stroke-width=\"2\" d=\"M61 97V70h27\"\/>\n            <path stroke=\"#FFF\" stroke-linecap=\"square\" stroke-width=\"4\" d=\"M62.2 97H2V2h86v69.09z\"\/>\n            <path stroke=\"#FFF\" stroke-linecap=\"square\" stroke-width=\"2\" d=\"M24 24h42M24 45h42M24 67h16\"\/>\n        <\/g>\n        <path fill=\"#FFF\" fill-rule=\"nonzero\" d=\"M110 97V78h19z\"\/>\n        <path stroke=\"#FFF\" stroke-width=\"2\" d=\"M110 97V78h19\"\/>\n        <path stroke=\"#FFF\" stroke-linecap=\"square\" stroke-width=\"4\" d=\"M110.1 97H66V28h63v50.182z\"\/>\n        <path stroke=\"#FFF\" stroke-linecap=\"square\" stroke-width=\"3\" d=\"M82 44h32M82 60h32M82 75h12\"\/>\n        <g fill-rule=\"nonzero\">\n            <path fill=\"#FFF\" d=\"M104 90.5c0 9.665 7.611 17.5 17 17.5s17-7.835 17-17.5S130.389 73 121 73c-9.385.01-16.99 7.84-17 17.5z\"\/>\n            <path fill=\"#7ED321\" d=\"M131.108 83.518c.705.69.705 1.809 0 2.5l-12.634 12.374c-.705.69-1.848.69-2.553 0l-5.414-5.304a1.742 1.742 0 0 1 .022-2.478 1.832 1.832 0 0 1 2.53-.021l4.138 4.053 11.359-11.124a1.832 1.832 0 0 1 2.552 0z\"\/>\n        <\/g>\n    <\/g>\n<\/svg>\n<\/div>\t\t\t\t\t\r\n\t\t\t\t\t\t<div class=\"c-featured-box__content\">\t\t\t\t\t\t\r\n\t\t\t\t\t\t\t<p class=\"c-featured-box__title\">D\u00c9DUPLICATION <span class=\"c-featured-box__subtitle\">ADRESSES<\/span><\/p>\r\n\t\t\t\t\t\t\t<div class=\"c-featured-box__description\">V\u00e9rification des doublons et \u00e9limination des redondances \u00e9ventuelles<\/div>\t\t\t\t\t\t\t\r\n\t\t\t\t\t\t<\/div>\t\r\n\t\t\t\t\t\t<a class=\"c-featured-box__link\" href=\"https:\/\/www.egon.com\/solutions\/deduplication\">Learn more<\/a>\t\t\r\n\t\t\t\t\t<\/div>[\/vc_column][vc_column width=\u00a0\u00bb1\/4&Prime;]<div class=\"c-featured-box u-background-gradient-four\">\t\r\n\t\t\t\t\t\t<div class=\"c-featured-box__image\"><svg xmlns=\"http:\/\/www.w3.org\/2000\/svg\" width=\"98\" height=\"82\" viewBox=\"0 0 98 82\">\n    <g fill=\"none\" fill-rule=\"evenodd\">\n        <g transform=\"translate(2 2)\">\n            <path stroke=\"#FFF\" stroke-linecap=\"square\" stroke-width=\"4\" d=\"M50 30h14M50 44h14\"\/>\n            <path fill=\"#FFF\" fill-rule=\"nonzero\" d=\"M10 51c0-6.076 5.036-11 11.25-11h7.5C34.964 40 40 44.924 40 51H10z\"\/>\n            <path stroke=\"#FFF\" stroke-linecap=\"square\" stroke-width=\"3\" d=\"M65.455 0c0 4.052-3.255 7.333-7.273 7.333S50.909 4.052 50.909 0H29.091c0 4.052-3.255 7.333-7.273 7.333S14.545 4.052 14.545 0H0v66h80V0H65.455z\"\/>\n            <circle cx=\"25\" cy=\"29\" r=\"7\" fill=\"#FFF\" fill-rule=\"nonzero\"\/>\n        <\/g>\n        <g fill-rule=\"nonzero\">\n            <path fill=\"#FFF\" d=\"M64 64.5C64 74.165 71.611 82 81 82s17-7.835 17-17.5S90.389 47 81 47c-9.385.01-16.99 7.84-17 17.5z\"\/>\n            <path fill=\"#7ED321\" d=\"M91.108 57.518c.705.69.705 1.809 0 2.5L78.474 72.391c-.705.69-1.848.69-2.553 0l-5.414-5.304a1.742 1.742 0 0 1 .022-2.478 1.832 1.832 0 0 1 2.53-.021l4.138 4.053 11.359-11.124a1.832 1.832 0 0 1 2.552 0z\"\/>\n        <\/g>\n    <\/g>\n<\/svg>\n<\/div>\t\t\t\t\t\r\n\t\t\t\t\t\t<div class=\"c-featured-box__content\">\t\t\t\t\t\t\r\n\t\t\t\t\t\t\t<p class=\"c-featured-box__title\">VALIDATION DONN\u00c9ES <span class=\"c-featured-box__subtitle\">PERSONNELLES<\/span><\/p>\r\n\t\t\t\t\t\t\t<div class=\"c-featured-box__description\">Correction des titres, des codes et d\u2019autres donn\u00e9es de personnes<\/div>\t\t\t\t\t\t\t\r\n\t\t\t\t\t\t<\/div>\t\r\n\t\t\t\t\t\t<a class=\"c-featured-box__link\" href=\"https:\/\/www.egon.com\/solutions\/personal-data-validation\">Learn more<\/a>\t\t\r\n\t\t\t\t\t<\/div>[\/vc_column][\/vc_row]\n","protected":false},"excerpt":{"rendered":"<p>[vc_row][vc_column][vc_column_text]Chaque entreprise a la d\u00e9licate mission de g\u00e9rer ses donn\u00e9es clients \/ fournisseurs dans son syst\u00e8me informatique, dans les applications web ou [&hellip;]<\/p>\n","protected":false},"author":1,"featured_media":0,"parent":0,"menu_order":0,"comment_status":"closed","ping_status":"closed","template":"templates\/template-nosidebar.php","meta":{"footnotes":""},"class_list":["post-8038","page","type-page","status-publish","hentry"],"yoast_head":"<!-- This site is optimized with the Yoast SEO plugin v26.8 - https:\/\/yoast.com\/product\/yoast-seo-wordpress\/ -->\n<title>Gestion et v\u00e9rification des donn\u00e9es d&#039;adresses et de contacts<\/title>\n<meta name=\"description\" content=\"Egon, syst\u00e8mes logiciels capables d&#039;automatiser la gestion et la v\u00e9rification des donn\u00e9es d&#039;adresses et de contacts. Faire un essai gratuit maintenant !\" \/>\n<meta name=\"robots\" content=\"index, follow, max-snippet:-1, max-image-preview:large, max-video-preview:-1\" \/>\n<link rel=\"canonical\" href=\"https:\/\/www.egon.com\/fr\/solutions\" \/>\n<meta property=\"og:locale\" content=\"fr_FR\" \/>\n<meta property=\"og:type\" content=\"article\" \/>\n<meta property=\"og:title\" content=\"Gestion et v\u00e9rification des donn\u00e9es d&#039;adresses et de contacts\" \/>\n<meta property=\"og:description\" content=\"Egon, syst\u00e8mes logiciels capables d&#039;automatiser la gestion et la v\u00e9rification des donn\u00e9es d&#039;adresses et de contacts. Faire un essai gratuit maintenant !\" \/>\n<meta property=\"og:url\" content=\"https:\/\/www.egon.com\/fr\/solutions\" \/>\n<meta property=\"og:site_name\" content=\"Egon\" \/>\n<meta property=\"article:modified_time\" content=\"2017-10-11T14:04:50+00:00\" \/>\n<meta name=\"twitter:card\" content=\"summary_large_image\" \/>\n<meta name=\"twitter:label1\" content=\"Dur\u00e9e de lecture estim\u00e9e\" \/>\n\t<meta name=\"twitter:data1\" content=\"2 minutes\" \/>\n<script type=\"application\/ld+json\" class=\"yoast-schema-graph\">{\"@context\":\"https:\/\/schema.org\",\"@graph\":[{\"@type\":\"WebPage\",\"@id\":\"https:\/\/www.egon.com\/fr\/solutions\",\"url\":\"https:\/\/www.egon.com\/fr\/solutions\",\"name\":\"Gestion et v\u00e9rification des donn\u00e9es d'adresses et de contacts\",\"isPartOf\":{\"@id\":\"https:\/\/www.egon.com\/zh\/#website\"},\"datePublished\":\"2017-09-19T11:40:56+00:00\",\"dateModified\":\"2017-10-11T14:04:50+00:00\",\"description\":\"Egon, syst\u00e8mes logiciels capables d'automatiser la gestion et la v\u00e9rification des donn\u00e9es d'adresses et de contacts. Faire un essai gratuit maintenant !\",\"breadcrumb\":{\"@id\":\"https:\/\/www.egon.com\/fr\/solutions#breadcrumb\"},\"inLanguage\":\"fr-FR\",\"potentialAction\":[{\"@type\":\"ReadAction\",\"target\":[\"https:\/\/www.egon.com\/fr\/solutions\"]}]},{\"@type\":\"BreadcrumbList\",\"@id\":\"https:\/\/www.egon.com\/fr\/solutions#breadcrumb\",\"itemListElement\":[{\"@type\":\"ListItem\",\"position\":1,\"name\":\"Home\",\"item\":\"https:\/\/www.egon.com\/fr\"},{\"@type\":\"ListItem\",\"position\":2,\"name\":\"Solutions\"}]},{\"@type\":\"WebSite\",\"@id\":\"https:\/\/www.egon.com\/zh\/#website\",\"url\":\"https:\/\/www.egon.com\/zh\/\",\"name\":\"Egon\",\"description\":\"Normalizzazione indirizzi - Address validation - Egon.com\",\"potentialAction\":[{\"@type\":\"SearchAction\",\"target\":{\"@type\":\"EntryPoint\",\"urlTemplate\":\"https:\/\/www.egon.com\/zh\/?s={search_term_string}\"},\"query-input\":{\"@type\":\"PropertyValueSpecification\",\"valueRequired\":true,\"valueName\":\"search_term_string\"}}],\"inLanguage\":\"fr-FR\"}]}<\/script>\n<!-- \/ Yoast SEO plugin. -->","yoast_head_json":{"title":"Gestion et v\u00e9rification des donn\u00e9es d'adresses et de contacts","description":"Egon, syst\u00e8mes logiciels capables d'automatiser la gestion et la v\u00e9rification des donn\u00e9es d'adresses et de contacts. Faire un essai gratuit maintenant !","robots":{"index":"index","follow":"follow","max-snippet":"max-snippet:-1","max-image-preview":"max-image-preview:large","max-video-preview":"max-video-preview:-1"},"canonical":"https:\/\/www.egon.com\/fr\/solutions","og_locale":"fr_FR","og_type":"article","og_title":"Gestion et v\u00e9rification des donn\u00e9es d'adresses et de contacts","og_description":"Egon, syst\u00e8mes logiciels capables d'automatiser la gestion et la v\u00e9rification des donn\u00e9es d'adresses et de contacts. Faire un essai gratuit maintenant !","og_url":"https:\/\/www.egon.com\/fr\/solutions","og_site_name":"Egon","article_modified_time":"2017-10-11T14:04:50+00:00","twitter_card":"summary_large_image","twitter_misc":{"Dur\u00e9e de lecture estim\u00e9e":"2 minutes"},"schema":{"@context":"https:\/\/schema.org","@graph":[{"@type":"WebPage","@id":"https:\/\/www.egon.com\/fr\/solutions","url":"https:\/\/www.egon.com\/fr\/solutions","name":"Gestion et v\u00e9rification des donn\u00e9es d'adresses et de contacts","isPartOf":{"@id":"https:\/\/www.egon.com\/zh\/#website"},"datePublished":"2017-09-19T11:40:56+00:00","dateModified":"2017-10-11T14:04:50+00:00","description":"Egon, syst\u00e8mes logiciels capables d'automatiser la gestion et la v\u00e9rification des donn\u00e9es d'adresses et de contacts. Faire un essai gratuit maintenant !","breadcrumb":{"@id":"https:\/\/www.egon.com\/fr\/solutions#breadcrumb"},"inLanguage":"fr-FR","potentialAction":[{"@type":"ReadAction","target":["https:\/\/www.egon.com\/fr\/solutions"]}]},{"@type":"BreadcrumbList","@id":"https:\/\/www.egon.com\/fr\/solutions#breadcrumb","itemListElement":[{"@type":"ListItem","position":1,"name":"Home","item":"https:\/\/www.egon.com\/fr"},{"@type":"ListItem","position":2,"name":"Solutions"}]},{"@type":"WebSite","@id":"https:\/\/www.egon.com\/zh\/#website","url":"https:\/\/www.egon.com\/zh\/","name":"Egon","description":"Normalizzazione indirizzi - Address validation - Egon.com","potentialAction":[{"@type":"SearchAction","target":{"@type":"EntryPoint","urlTemplate":"https:\/\/www.egon.com\/zh\/?s={search_term_string}"},"query-input":{"@type":"PropertyValueSpecification","valueRequired":true,"valueName":"search_term_string"}}],"inLanguage":"fr-FR"}]}},"_links":{"self":[{"href":"https:\/\/www.egon.com\/fr\/wp-json\/wp\/v2\/pages\/8038","targetHints":{"allow":["GET"]}}],"collection":[{"href":"https:\/\/www.egon.com\/fr\/wp-json\/wp\/v2\/pages"}],"about":[{"href":"https:\/\/www.egon.com\/fr\/wp-json\/wp\/v2\/types\/page"}],"author":[{"embeddable":true,"href":"https:\/\/www.egon.com\/fr\/wp-json\/wp\/v2\/users\/1"}],"replies":[{"embeddable":true,"href":"https:\/\/www.egon.com\/fr\/wp-json\/wp\/v2\/comments?post=8038"}],"version-history":[{"count":0,"href":"https:\/\/www.egon.com\/fr\/wp-json\/wp\/v2\/pages\/8038\/revisions"}],"wp:attachment":[{"href":"https:\/\/www.egon.com\/fr\/wp-json\/wp\/v2\/media?parent=8038"}],"curies":[{"name":"wp","href":"https:\/\/api.w.org\/{rel}","templated":true}]}}