{"id":17112,"date":"2019-04-19T08:43:41","date_gmt":"2019-04-19T08:43:41","guid":{"rendered":"https:\/\/www.egon.com\/?page_id=17112"},"modified":"2019-04-19T11:39:20","modified_gmt":"2019-04-19T11:39:20","slug":"le-marche","status":"publish","type":"page","link":"https:\/\/www.egon.com\/fr\/societe\/le-marche","title":{"rendered":"Le march\u00e9"},"content":{"rendered":"<p>Toutes les entreprises ou les organisations poss\u00e9dant une base de donn\u00e9es personnelles ont besoin d\u2019un instrument de certification et de normalisation des informations.<\/p>\n<h3>APPLICATIONS<\/h3>\n<p>Nos solutions peuvent \u00eatre utilis\u00e9es dans les secteurs suivants : gestion de bases de donn\u00e9es clients, marketing, CRM, entrep\u00f4t de donn\u00e9es, g\u00e9omarketing, gestion de listes de diffusion, gestion de campagnes, gestion de r\u00e9seaux de distribution, gestion des utilisateurs, services d&rsquo;assistance \u00e0 la client\u00e8le, services de signalisation de dysfonctionnements, gestion de la zone de couverture.<\/p>\n<h3>BANQUES<\/h3>\n<p>Nos solutions peuvent \u00eatre utilis\u00e9es dans les secteurs suivants : registre donn\u00e9es personnelles, marketing, CRM, entrep\u00f4t de donn\u00e9es, g\u00e9omarketing, gestion de listes de diffusion, gestion de r\u00e9seaux de distribution (filiales), virements, portefeuille commercial, d\u00e9partement \u00e9tranger, \u00e9tats financiers, gestion des risques, centre d\u2019appels, banque \u00e0 distance, commerce en ligne.<\/p>\n<h3>ASSURANCES<\/h3>\n<p>Nos solutions peuvent \u00eatre utilis\u00e9es dans les secteurs suivants : registre donn\u00e9es personnelles, marketing, CRM, entrep\u00f4t de donn\u00e9es, g\u00e9omarketing, gestion de listes de diffusion, gestion de r\u00e9seaux de distribution (agences), gestion des promoteurs financiers, portefeuille vie, portefeuille dommages, sinistres, gestion des risques, centre d\u2019appels, assurance en ligne.<\/p>\n<h3>SOCI\u00c9T\u00c9S FINANCI\u00c8RES<\/h3>\n<p>Nos solutions peuvent \u00eatre utilis\u00e9es dans les secteurs suivants : registre donn\u00e9es personnelles, marketing, CRM, entrep\u00f4t de donn\u00e9es, g\u00e9omarketing, gestion de listes de diffusion, gestion promoteurs, gestion de placements, gestion des risques, centre d\u2019appels, service Web, commerce en ligne.<\/p>\n<h3>GRANDE DISTRIBUTION<\/h3>\n<p>Nos solutions peuvent \u00eatre utilis\u00e9es dans les secteurs suivants : gestion de bases de donn\u00e9es clients, gestion de listes de diffusion, marketing, CRM, entrep\u00f4t de donn\u00e9es, g\u00e9omarketing, gestion des points de vente, gestion des cartes de fid\u00e9lit\u00e9 \/ cartes du magasin, gestion de r\u00e9colte de points. <\/p>\n<h3>INDUSTRIE<\/h3>\n<p>Nos solutions peuvent \u00eatre utilis\u00e9es dans les secteurs suivants : gestion de bases de donn\u00e9es clients, gestion de listes de diffusion, marketing, CRM, entrep\u00f4t de donn\u00e9es, g\u00e9omarketing, gestion de r\u00e9seaux de distribution (grossistes et\/ou commer\u00e7ants), gestion des garanties.<\/p>\n<h3>INDUSTRIE AUTOMOBILE<\/h3>\n<p>Nos solutions peuvent \u00eatre utilis\u00e9es dans les secteurs suivants : gestion CIDB, gestion de listes de diffusion, marketing, CRM, entrep\u00f4t de donn\u00e9es, g\u00e9omarketing, gestion des concessionnaires, Legacy, gestion des garanties.<\/p>\n<h3>ADMINISTRATION PUBLIQUE<\/h3>\n<p>Nos solutions peuvent \u00eatre utilis\u00e9es dans les secteurs suivants : qualit\u00e9 des donn\u00e9es, gestions des r\u00e9pertoires, gestion des dossiers, entrep\u00f4t de donn\u00e9es, liaison entre organisations, statistique, sant\u00e9 publique, transports, imp\u00f4ts locaux, perception des imp\u00f4ts, cadastre, services aux citoyens, instructions, s\u00e9curit\u00e9.<\/p>\n<h3>T\u00c9L\u00c9PHONIE<\/h3>\n<p>Nos solutions peuvent \u00eatre utilis\u00e9es dans les secteurs suivants : gestion de bases de donn\u00e9es clients, marketing, CRM, entrep\u00f4t de donn\u00e9es, g\u00e9omarketing, gestion de listes de diffusion, gestion de campagnes, gestion de r\u00e9seaux de distribution (revendeurs \/ commer\u00e7ants), abonnements, services d&rsquo;assistance \u00e0 la client\u00e8le, services de signalisation de dysfonctionnements.<\/p>\n<h3>\u00c9DITION<\/h3>\n<p>Nos solutions peuvent \u00eatre utilis\u00e9es dans les secteurs suivants : gestion de bases de donn\u00e9es clients, marketing, marketing direct, CRM, entrep\u00f4t de donn\u00e9es, g\u00e9omarketing, gestion de listes de diffusion, gestion de campagnes, gestion de r\u00e9seaux de distribution (revendeurs \/ commer\u00e7ants), abonnements, ERP, services postaux.<\/p>\n<h3>ASSOCIATIONS<\/h3>\n<p>Nos solutions peuvent \u00eatre utilis\u00e9es dans les secteurs suivants : gestion de bases de donn\u00e9es membres, gestion de listes de diffusion, marketing, CRM, entrep\u00f4t de donn\u00e9es, g\u00e9omarketing, gestion des adh\u00e9sions, gestion de campagnes, services postaux.<\/p>\n<h3>VENTE \u00c0 DISTANCE<\/h3>\n<p>Nos solutions peuvent \u00eatre utilis\u00e9es dans les secteurs suivants : gestion de bases de donn\u00e9es clients, gestion de listes de diffusion, marketing, CRM, entrep\u00f4t de donn\u00e9es, g\u00e9omarketing, gestion de campagnes, services postaux.<\/p>\n<h3>SERVICES<\/h3>\n<p>Nos solutions peuvent \u00eatre utilis\u00e9es dans les secteurs suivants : gestion de bases de donn\u00e9es clients, marketing, marketing direct, CRM, entrep\u00f4t de donn\u00e9es, g\u00e9omarketing, gestion de listes de diffusion, gestion de campagnes, gestion de r\u00e9seaux de distribution, services Web, contr\u00f4le du risque, contr\u00f4le de la qualit\u00e9 des donn\u00e9es.<\/p>\n","protected":false},"excerpt":{"rendered":"<p>Toutes les entreprises ou les organisations poss\u00e9dant une base de donn\u00e9es personnelles ont besoin d\u2019un instrument de certification et de normalisation des [&hellip;]<\/p>\n","protected":false},"author":1,"featured_media":0,"parent":8267,"menu_order":0,"comment_status":"closed","ping_status":"closed","template":"","meta":{"footnotes":""},"class_list":["post-17112","page","type-page","status-publish","hentry"],"yoast_head":"<!-- This site is optimized with the Yoast SEO plugin v26.8 - https:\/\/yoast.com\/product\/yoast-seo-wordpress\/ -->\n<title>Le march\u00e9 - Egon<\/title>\n<meta name=\"robots\" content=\"index, follow, max-snippet:-1, max-image-preview:large, max-video-preview:-1\" \/>\n<link rel=\"canonical\" href=\"https:\/\/www.egon.com\/fr\/societe\/le-marche\" \/>\n<meta property=\"og:locale\" content=\"fr_FR\" \/>\n<meta property=\"og:type\" content=\"article\" \/>\n<meta property=\"og:title\" content=\"Le march\u00e9 - Egon\" \/>\n<meta property=\"og:description\" content=\"Toutes les entreprises ou les organisations poss\u00e9dant une base de donn\u00e9es personnelles ont besoin d\u2019un instrument de certification et de normalisation des [&hellip;]\" \/>\n<meta property=\"og:url\" content=\"https:\/\/www.egon.com\/fr\/societe\/le-marche\" \/>\n<meta property=\"og:site_name\" content=\"Egon\" \/>\n<meta property=\"article:modified_time\" content=\"2019-04-19T11:39:20+00:00\" \/>\n<meta name=\"twitter:card\" content=\"summary_large_image\" \/>\n<meta name=\"twitter:label1\" content=\"Dur\u00e9e de lecture estim\u00e9e\" \/>\n\t<meta name=\"twitter:data1\" content=\"3 minutes\" \/>\n<script type=\"application\/ld+json\" class=\"yoast-schema-graph\">{\"@context\":\"https:\/\/schema.org\",\"@graph\":[{\"@type\":\"WebPage\",\"@id\":\"https:\/\/www.egon.com\/fr\/societe\/le-marche\",\"url\":\"https:\/\/www.egon.com\/fr\/societe\/le-marche\",\"name\":\"Le march\u00e9 - Egon\",\"isPartOf\":{\"@id\":\"https:\/\/www.egon.com\/zh\/#website\"},\"datePublished\":\"2019-04-19T08:43:41+00:00\",\"dateModified\":\"2019-04-19T11:39:20+00:00\",\"breadcrumb\":{\"@id\":\"https:\/\/www.egon.com\/fr\/societe\/le-marche#breadcrumb\"},\"inLanguage\":\"fr-FR\",\"potentialAction\":[{\"@type\":\"ReadAction\",\"target\":[\"https:\/\/www.egon.com\/fr\/societe\/le-marche\"]}]},{\"@type\":\"BreadcrumbList\",\"@id\":\"https:\/\/www.egon.com\/fr\/societe\/le-marche#breadcrumb\",\"itemListElement\":[{\"@type\":\"ListItem\",\"position\":1,\"name\":\"Home\",\"item\":\"https:\/\/www.egon.com\/fr\"},{\"@type\":\"ListItem\",\"position\":2,\"name\":\"Company\",\"item\":\"https:\/\/www.egon.com\/fr\/societe\"},{\"@type\":\"ListItem\",\"position\":3,\"name\":\"Le march\u00e9\"}]},{\"@type\":\"WebSite\",\"@id\":\"https:\/\/www.egon.com\/zh\/#website\",\"url\":\"https:\/\/www.egon.com\/zh\/\",\"name\":\"Egon\",\"description\":\"Normalizzazione indirizzi - Address validation - Egon.com\",\"potentialAction\":[{\"@type\":\"SearchAction\",\"target\":{\"@type\":\"EntryPoint\",\"urlTemplate\":\"https:\/\/www.egon.com\/zh\/?s={search_term_string}\"},\"query-input\":{\"@type\":\"PropertyValueSpecification\",\"valueRequired\":true,\"valueName\":\"search_term_string\"}}],\"inLanguage\":\"fr-FR\"}]}<\/script>\n<!-- \/ Yoast SEO plugin. -->","yoast_head_json":{"title":"Le march\u00e9 - Egon","robots":{"index":"index","follow":"follow","max-snippet":"max-snippet:-1","max-image-preview":"max-image-preview:large","max-video-preview":"max-video-preview:-1"},"canonical":"https:\/\/www.egon.com\/fr\/societe\/le-marche","og_locale":"fr_FR","og_type":"article","og_title":"Le march\u00e9 - Egon","og_description":"Toutes les entreprises ou les organisations poss\u00e9dant une base de donn\u00e9es personnelles ont besoin d\u2019un instrument de certification et de normalisation des [&hellip;]","og_url":"https:\/\/www.egon.com\/fr\/societe\/le-marche","og_site_name":"Egon","article_modified_time":"2019-04-19T11:39:20+00:00","twitter_card":"summary_large_image","twitter_misc":{"Dur\u00e9e de lecture estim\u00e9e":"3 minutes"},"schema":{"@context":"https:\/\/schema.org","@graph":[{"@type":"WebPage","@id":"https:\/\/www.egon.com\/fr\/societe\/le-marche","url":"https:\/\/www.egon.com\/fr\/societe\/le-marche","name":"Le march\u00e9 - Egon","isPartOf":{"@id":"https:\/\/www.egon.com\/zh\/#website"},"datePublished":"2019-04-19T08:43:41+00:00","dateModified":"2019-04-19T11:39:20+00:00","breadcrumb":{"@id":"https:\/\/www.egon.com\/fr\/societe\/le-marche#breadcrumb"},"inLanguage":"fr-FR","potentialAction":[{"@type":"ReadAction","target":["https:\/\/www.egon.com\/fr\/societe\/le-marche"]}]},{"@type":"BreadcrumbList","@id":"https:\/\/www.egon.com\/fr\/societe\/le-marche#breadcrumb","itemListElement":[{"@type":"ListItem","position":1,"name":"Home","item":"https:\/\/www.egon.com\/fr"},{"@type":"ListItem","position":2,"name":"Company","item":"https:\/\/www.egon.com\/fr\/societe"},{"@type":"ListItem","position":3,"name":"Le march\u00e9"}]},{"@type":"WebSite","@id":"https:\/\/www.egon.com\/zh\/#website","url":"https:\/\/www.egon.com\/zh\/","name":"Egon","description":"Normalizzazione indirizzi - Address validation - Egon.com","potentialAction":[{"@type":"SearchAction","target":{"@type":"EntryPoint","urlTemplate":"https:\/\/www.egon.com\/zh\/?s={search_term_string}"},"query-input":{"@type":"PropertyValueSpecification","valueRequired":true,"valueName":"search_term_string"}}],"inLanguage":"fr-FR"}]}},"_links":{"self":[{"href":"https:\/\/www.egon.com\/fr\/wp-json\/wp\/v2\/pages\/17112","targetHints":{"allow":["GET"]}}],"collection":[{"href":"https:\/\/www.egon.com\/fr\/wp-json\/wp\/v2\/pages"}],"about":[{"href":"https:\/\/www.egon.com\/fr\/wp-json\/wp\/v2\/types\/page"}],"author":[{"embeddable":true,"href":"https:\/\/www.egon.com\/fr\/wp-json\/wp\/v2\/users\/1"}],"replies":[{"embeddable":true,"href":"https:\/\/www.egon.com\/fr\/wp-json\/wp\/v2\/comments?post=17112"}],"version-history":[{"count":0,"href":"https:\/\/www.egon.com\/fr\/wp-json\/wp\/v2\/pages\/17112\/revisions"}],"up":[{"embeddable":true,"href":"https:\/\/www.egon.com\/fr\/wp-json\/wp\/v2\/pages\/8267"}],"wp:attachment":[{"href":"https:\/\/www.egon.com\/fr\/wp-json\/wp\/v2\/media?parent=17112"}],"curies":[{"name":"wp","href":"https:\/\/api.w.org\/{rel}","templated":true}]}}