{"id":9729,"date":"2017-12-20T11:27:14","date_gmt":"2017-12-20T11:27:14","guid":{"rendered":"https:\/\/www.egon.com?page_id=9729"},"modified":"2021-05-11T08:22:29","modified_gmt":"2021-05-11T08:22:29","slug":"validacion-de-datos-anacredit-segun-disposiciones-del-bce","status":"publish","type":"page","link":"https:\/\/www.egon.com\/es\/aplicaciones\/validacion-de-datos-anacredit-segun-disposiciones-del-bce","title":{"rendered":"VALIDACI\u00d3N DE DATOS ANACREDIT SEG\u00daN DISPOSICIONES DEL BCE"},"content":{"rendered":"<p>EGON para AnaCredit es el innovador servicio dedicado a los institutos de cr\u00e9dito que deber\u00e1n comunicar al Banco Central Europeo (BCE) la informaci\u00f3n requerida por la reciente directiva sobre la recogida de datos detallados acerca del cr\u00e9dito y sobre el riesgo de cr\u00e9dito (BCE\/2016\/13). Con Egon es posible verificar los datos y traducirlos al formato previsto de AnaCredit de forma simple, r\u00e1pida y precisa. \u00a1Descubre m\u00e1s!<\/p>\n<p><a href=\"https:\/\/www.egon.com\/wp-content\/uploads\/2017\/12\/EGONforAnaCredit_LEI_eng2.pdf\"><a class=\"c-button c-button--primary\" href=\"https:\/\/www.egon.com\/wp-content\/uploads\/2017\/12\/EGONforAnaCredit_LEI_eng2.pdf\">Descarga el PDF detallado sobre Egon para AnaCredit<\/a><\/a><\/p>\n<p><img loading=\"lazy\" decoding=\"async\" class=\"alignnone wp-image-9601 size-full\" src=\"https:\/\/www.egon.com\/wp-content\/uploads\/2017\/11\/anacredit.jpg\" alt=\"\" width=\"849\" height=\"566\" srcset=\"https:\/\/www.egon.com\/wp-content\/uploads\/2017\/11\/anacredit.jpg 849w, https:\/\/www.egon.com\/wp-content\/uploads\/2017\/11\/anacredit-400x267.jpg 400w, https:\/\/www.egon.com\/wp-content\/uploads\/2017\/11\/anacredit-768x512.jpg 768w\" sizes=\"auto, (max-width: 849px) 100vw, 849px\" \/><\/p>\n<p>Los institutos de cr\u00e9dito de bancos registrados dentro de la Uni\u00f3n Europea deber\u00e1n proporcionar al BCE los datos personales relativos a los pr\u00e9stamos a empresas (y otras entidades jur\u00eddicas). Las nuevas informaciones alimentar\u00e1n un archivo europeo de los cr\u00e9ditos que ser\u00e1 gestionado por el BCE y utilizado para satisfacer las exigencias informativas del Sistema Europeo de Bancos Centrales respecto a la pol\u00edtica monetaria y de supervisi\u00f3n microprudencial.<\/p>\n<p>&nbsp;<\/p>\n<h2>\u00a0LAS FUNCIONALIDADES EGON PARA ANACREDIT SOBRE LA GESTI\u00d3N DE DATOS<\/h2>\n<p>ON ofrece instrumentos espec\u00edficos de apoyo a los bancos que deber\u00e1n comunicar al BCE estas informaciones de forma inequ\u00edvoca y codificada seg\u00fan las normativas europeas preestablecidas. Gracias a EGON ser\u00e1 posible gestionar algunas de las principales informaciones solicitadas por el BCE a trav\u00e9s de servicios web servicie (REST o SOAP), en Cloud o en la modalidad on-site (sea en el \u00e1mbito departamental o Mainframe). En particular, EGON para AnaCredit est\u00e1 en posici\u00f3n de gestionar y estandarizar las siguientes informaciones:<\/p>\n<p>1) Direcciones con atribuci\u00f3n de codificaci\u00f3n NUTS<\/p>\n<p>La direcci\u00f3n deber\u00e1 facilitarse dentro de una estructura definitiva. EGON permite validar casi cualquier direcci\u00f3n europea y atribuir el c\u00f3digo NUTS 3.<\/p>\n<p>2) Identificador Nacional<\/p>\n<p>El Identificador Nacional es un c\u00f3digo identificativo nacional que identifica inequ\u00edvocamente un sujeto f\u00edsico o jur\u00eddico y su composici\u00f3n es diferente para cada naci\u00f3n.<\/p>\n<p>EGON permite validar todos los Identificadores Nacionales aplicando l\u00f3gicas matem\u00e1ticas y algoritmos espec\u00edficos para cada pa\u00eds.<\/p>\n<p>3) Formulario Legal<\/p>\n<p>Cada forma jur\u00eddica est\u00e1 clasificada en base a un c\u00f3digo inequ\u00edvoco a nivel europeo cumplimiento de todo lo previsto por el BCE.<\/p>\n<p>EGON permite reconocer la forma jur\u00eddica de la raz\u00f3n social y est\u00e1 en condiciones de atribuir la codificaci\u00f3n relativa europea.<\/p>\n<p>4) LEI (<em>Legal entities Identifier<\/em>)<\/p>\n<p>El c\u00f3digo LEI es un identificativo inequ\u00edvoco e internacional asignado a los sujetos que operan en los mercados financieros.<\/p>\n<p>EGON permite recuperar el c\u00f3digo LEI que tiene una raz\u00f3n social incluso si se ha inscrito de forma diversa a c\u00f3mo est\u00e1 indicada en los archivos puestos a disposici\u00f3n del GLEIF.<\/p>\n<p>5) Clasificaci\u00f3n de las actividades econ\u00f3micas<\/p>\n<p>La remisi\u00f3n de informaciones referentes a la clasificaci\u00f3n de la actividad econ\u00f3mica deber\u00e1 realizarse seg\u00fan la normativa NACE rev.2. EGON est\u00e1 en grado de gestionar las clasificaciones propias de cada pa\u00eds, transcodific\u00e1ndolas a la clasificaci\u00f3n NACE.<\/p>\n<p>EGON valida, corrige y reordena los datos de inter\u00e9s de cada uno de los 28 pa\u00edses miembros de la Uni\u00f3n Europea. La actualizaci\u00f3n constante de las bases de datos y la calidad de las tecnolog\u00edas utilizadas garantiza resultados de alto nivel de expectativas bajo cada punto de vista. Hoy en d\u00eda EGON se confirma como un paquete completo ideal para operaciones masivas o en tiempo real inherentes a la normativa AnaCredit.<\/p>\n<p>&nbsp;<\/p>\n<p><a href=\"https:\/\/www.egon.com\/es\/iscrizione-demo-es\"><a class=\"c-button c-button--primary\" href=\"https:\/\/www.egon.com\/es\/iscrizione-demo-es\">Prueba ahora mismo y sin esfuerzo la versi\u00f3n de prueba gratuita de Egon para AnaCredit<\/a><\/a><\/p>\n<p>&nbsp;<\/p>\n","protected":false},"excerpt":{"rendered":"<p>EGON para AnaCredit es el innovador servicio dedicado a los institutos de cr\u00e9dito que deber\u00e1n comunicar al Banco Central Europeo (BCE) la [&hellip;]<\/p>\n","protected":false},"author":6,"featured_media":0,"parent":7307,"menu_order":0,"comment_status":"closed","ping_status":"closed","template":"","meta":{"footnotes":""},"class_list":["post-9729","page","type-page","status-publish","hentry"],"yoast_head":"<!-- This site is optimized with the Yoast SEO plugin v26.8 - https:\/\/yoast.com\/product\/yoast-seo-wordpress\/ -->\n<title>Egon para AnaCredit, el software dedicado a los bancos<\/title>\n<meta name=\"description\" content=\"Con el software Egon para AnaCredit ser\u00e1 posible ver, validar y traducir en el formato correcto los datos solicitados por el BCE. \u00a1Descubre m\u00e1s!]\" \/>\n<meta name=\"robots\" content=\"index, follow, max-snippet:-1, max-image-preview:large, max-video-preview:-1\" \/>\n<link rel=\"canonical\" href=\"https:\/\/www.egon.com\/es\/aplicaciones\/validacion-de-datos-anacredit-segun-disposiciones-del-bce\" \/>\n<meta property=\"og:locale\" content=\"es_ES\" \/>\n<meta property=\"og:type\" content=\"article\" \/>\n<meta property=\"og:title\" content=\"Egon para AnaCredit, el software dedicado a los bancos\" \/>\n<meta property=\"og:description\" content=\"Con el software Egon para AnaCredit ser\u00e1 posible ver, validar y traducir en el formato correcto los datos solicitados por el BCE. \u00a1Descubre m\u00e1s!]\" \/>\n<meta property=\"og:url\" content=\"https:\/\/www.egon.com\/es\/aplicaciones\/validacion-de-datos-anacredit-segun-disposiciones-del-bce\" \/>\n<meta property=\"og:site_name\" content=\"Egon\" \/>\n<meta property=\"article:modified_time\" content=\"2021-05-11T08:22:29+00:00\" \/>\n<meta property=\"og:image\" content=\"https:\/\/www.egon.com\/wp-content\/uploads\/2017\/11\/anacredit.jpg\" \/>\n<meta name=\"twitter:card\" content=\"summary_large_image\" \/>\n<meta name=\"twitter:label1\" content=\"Tiempo de lectura\" \/>\n\t<meta name=\"twitter:data1\" content=\"3 minutos\" \/>\n<script type=\"application\/ld+json\" class=\"yoast-schema-graph\">{\"@context\":\"https:\/\/schema.org\",\"@graph\":[{\"@type\":\"WebPage\",\"@id\":\"https:\/\/www.egon.com\/es\/aplicaciones\/validacion-de-datos-anacredit-segun-disposiciones-del-bce\",\"url\":\"https:\/\/www.egon.com\/es\/aplicaciones\/validacion-de-datos-anacredit-segun-disposiciones-del-bce\",\"name\":\"Egon para AnaCredit, el software dedicado a los bancos\",\"isPartOf\":{\"@id\":\"https:\/\/www.egon.com\/zh\/#website\"},\"primaryImageOfPage\":{\"@id\":\"https:\/\/www.egon.com\/es\/aplicaciones\/validacion-de-datos-anacredit-segun-disposiciones-del-bce#primaryimage\"},\"image\":{\"@id\":\"https:\/\/www.egon.com\/es\/aplicaciones\/validacion-de-datos-anacredit-segun-disposiciones-del-bce#primaryimage\"},\"thumbnailUrl\":\"https:\/\/www.egon.com\/wp-content\/uploads\/2017\/11\/anacredit.jpg\",\"datePublished\":\"2017-12-20T11:27:14+00:00\",\"dateModified\":\"2021-05-11T08:22:29+00:00\",\"description\":\"Con el software Egon para AnaCredit ser\u00e1 posible ver, validar y traducir en el formato correcto los datos solicitados por el BCE. \u00a1Descubre m\u00e1s!]\",\"breadcrumb\":{\"@id\":\"https:\/\/www.egon.com\/es\/aplicaciones\/validacion-de-datos-anacredit-segun-disposiciones-del-bce#breadcrumb\"},\"inLanguage\":\"es\",\"potentialAction\":[{\"@type\":\"ReadAction\",\"target\":[\"https:\/\/www.egon.com\/es\/aplicaciones\/validacion-de-datos-anacredit-segun-disposiciones-del-bce\"]}]},{\"@type\":\"ImageObject\",\"inLanguage\":\"es\",\"@id\":\"https:\/\/www.egon.com\/es\/aplicaciones\/validacion-de-datos-anacredit-segun-disposiciones-del-bce#primaryimage\",\"url\":\"https:\/\/www.egon.com\/wp-content\/uploads\/2017\/11\/anacredit.jpg\",\"contentUrl\":\"https:\/\/www.egon.com\/wp-content\/uploads\/2017\/11\/anacredit.jpg\"},{\"@type\":\"BreadcrumbList\",\"@id\":\"https:\/\/www.egon.com\/es\/aplicaciones\/validacion-de-datos-anacredit-segun-disposiciones-del-bce#breadcrumb\",\"itemListElement\":[{\"@type\":\"ListItem\",\"position\":1,\"name\":\"Home\",\"item\":\"https:\/\/www.egon.com\/es\"},{\"@type\":\"ListItem\",\"position\":2,\"name\":\"Applicazioni\",\"item\":\"https:\/\/www.egon.com\/es\/aplicaciones\"},{\"@type\":\"ListItem\",\"position\":3,\"name\":\"VALIDACI\u00d3N DE DATOS ANACREDIT SEG\u00daN DISPOSICIONES DEL BCE\"}]},{\"@type\":\"WebSite\",\"@id\":\"https:\/\/www.egon.com\/zh\/#website\",\"url\":\"https:\/\/www.egon.com\/zh\/\",\"name\":\"Egon\",\"description\":\"Normalizzazione indirizzi - Address validation - Egon.com\",\"potentialAction\":[{\"@type\":\"SearchAction\",\"target\":{\"@type\":\"EntryPoint\",\"urlTemplate\":\"https:\/\/www.egon.com\/zh\/?s={search_term_string}\"},\"query-input\":{\"@type\":\"PropertyValueSpecification\",\"valueRequired\":true,\"valueName\":\"search_term_string\"}}],\"inLanguage\":\"es\"}]}<\/script>\n<!-- \/ Yoast SEO plugin. -->","yoast_head_json":{"title":"Egon para AnaCredit, el software dedicado a los bancos","description":"Con el software Egon para AnaCredit ser\u00e1 posible ver, validar y traducir en el formato correcto los datos solicitados por el BCE. \u00a1Descubre m\u00e1s!]","robots":{"index":"index","follow":"follow","max-snippet":"max-snippet:-1","max-image-preview":"max-image-preview:large","max-video-preview":"max-video-preview:-1"},"canonical":"https:\/\/www.egon.com\/es\/aplicaciones\/validacion-de-datos-anacredit-segun-disposiciones-del-bce","og_locale":"es_ES","og_type":"article","og_title":"Egon para AnaCredit, el software dedicado a los bancos","og_description":"Con el software Egon para AnaCredit ser\u00e1 posible ver, validar y traducir en el formato correcto los datos solicitados por el BCE. \u00a1Descubre m\u00e1s!]","og_url":"https:\/\/www.egon.com\/es\/aplicaciones\/validacion-de-datos-anacredit-segun-disposiciones-del-bce","og_site_name":"Egon","article_modified_time":"2021-05-11T08:22:29+00:00","og_image":[{"url":"https:\/\/www.egon.com\/wp-content\/uploads\/2017\/11\/anacredit.jpg","type":"","width":"","height":""}],"twitter_card":"summary_large_image","twitter_misc":{"Tiempo de lectura":"3 minutos"},"schema":{"@context":"https:\/\/schema.org","@graph":[{"@type":"WebPage","@id":"https:\/\/www.egon.com\/es\/aplicaciones\/validacion-de-datos-anacredit-segun-disposiciones-del-bce","url":"https:\/\/www.egon.com\/es\/aplicaciones\/validacion-de-datos-anacredit-segun-disposiciones-del-bce","name":"Egon para AnaCredit, el software dedicado a los bancos","isPartOf":{"@id":"https:\/\/www.egon.com\/zh\/#website"},"primaryImageOfPage":{"@id":"https:\/\/www.egon.com\/es\/aplicaciones\/validacion-de-datos-anacredit-segun-disposiciones-del-bce#primaryimage"},"image":{"@id":"https:\/\/www.egon.com\/es\/aplicaciones\/validacion-de-datos-anacredit-segun-disposiciones-del-bce#primaryimage"},"thumbnailUrl":"https:\/\/www.egon.com\/wp-content\/uploads\/2017\/11\/anacredit.jpg","datePublished":"2017-12-20T11:27:14+00:00","dateModified":"2021-05-11T08:22:29+00:00","description":"Con el software Egon para AnaCredit ser\u00e1 posible ver, validar y traducir en el formato correcto los datos solicitados por el BCE. \u00a1Descubre m\u00e1s!]","breadcrumb":{"@id":"https:\/\/www.egon.com\/es\/aplicaciones\/validacion-de-datos-anacredit-segun-disposiciones-del-bce#breadcrumb"},"inLanguage":"es","potentialAction":[{"@type":"ReadAction","target":["https:\/\/www.egon.com\/es\/aplicaciones\/validacion-de-datos-anacredit-segun-disposiciones-del-bce"]}]},{"@type":"ImageObject","inLanguage":"es","@id":"https:\/\/www.egon.com\/es\/aplicaciones\/validacion-de-datos-anacredit-segun-disposiciones-del-bce#primaryimage","url":"https:\/\/www.egon.com\/wp-content\/uploads\/2017\/11\/anacredit.jpg","contentUrl":"https:\/\/www.egon.com\/wp-content\/uploads\/2017\/11\/anacredit.jpg"},{"@type":"BreadcrumbList","@id":"https:\/\/www.egon.com\/es\/aplicaciones\/validacion-de-datos-anacredit-segun-disposiciones-del-bce#breadcrumb","itemListElement":[{"@type":"ListItem","position":1,"name":"Home","item":"https:\/\/www.egon.com\/es"},{"@type":"ListItem","position":2,"name":"Applicazioni","item":"https:\/\/www.egon.com\/es\/aplicaciones"},{"@type":"ListItem","position":3,"name":"VALIDACI\u00d3N DE DATOS ANACREDIT SEG\u00daN DISPOSICIONES DEL BCE"}]},{"@type":"WebSite","@id":"https:\/\/www.egon.com\/zh\/#website","url":"https:\/\/www.egon.com\/zh\/","name":"Egon","description":"Normalizzazione indirizzi - Address validation - Egon.com","potentialAction":[{"@type":"SearchAction","target":{"@type":"EntryPoint","urlTemplate":"https:\/\/www.egon.com\/zh\/?s={search_term_string}"},"query-input":{"@type":"PropertyValueSpecification","valueRequired":true,"valueName":"search_term_string"}}],"inLanguage":"es"}]}},"_links":{"self":[{"href":"https:\/\/www.egon.com\/es\/wp-json\/wp\/v2\/pages\/9729","targetHints":{"allow":["GET"]}}],"collection":[{"href":"https:\/\/www.egon.com\/es\/wp-json\/wp\/v2\/pages"}],"about":[{"href":"https:\/\/www.egon.com\/es\/wp-json\/wp\/v2\/types\/page"}],"author":[{"embeddable":true,"href":"https:\/\/www.egon.com\/es\/wp-json\/wp\/v2\/users\/6"}],"replies":[{"embeddable":true,"href":"https:\/\/www.egon.com\/es\/wp-json\/wp\/v2\/comments?post=9729"}],"version-history":[{"count":1,"href":"https:\/\/www.egon.com\/es\/wp-json\/wp\/v2\/pages\/9729\/revisions"}],"predecessor-version":[{"id":18198,"href":"https:\/\/www.egon.com\/es\/wp-json\/wp\/v2\/pages\/9729\/revisions\/18198"}],"up":[{"embeddable":true,"href":"https:\/\/www.egon.com\/es\/wp-json\/wp\/v2\/pages\/7307"}],"wp:attachment":[{"href":"https:\/\/www.egon.com\/es\/wp-json\/wp\/v2\/media?parent=9729"}],"curies":[{"name":"wp","href":"https:\/\/api.w.org\/{rel}","templated":true}]}}