{"id":7376,"date":"2017-09-06T10:26:33","date_gmt":"2017-09-06T10:26:33","guid":{"rendered":"https:\/\/egon.com\/?page_id=7376"},"modified":"2022-10-17T09:46:55","modified_gmt":"2022-10-17T09:46:55","slug":"normalizacion-de-direcciones","status":"publish","type":"page","link":"https:\/\/www.egon.com\/es\/soluciones\/normalizacion-de-direcciones","title":{"rendered":"INTERNACIONAL HERRAMIENTA DE VALIDACI\u00d3N DE DIRECCIONES POSTALES"},"content":{"rendered":"[vc_row row_h_align=\u00bbgrid&#8211;center\u00bb wrapper=\u00bbtrue\u00bb holder_class=\u00bbu-section-hero-two u-overlapped-hero-padding\u00bb holder_set_margin=\u00bbtrue\u00bb holder_margin=\u00bbu-margin-bottom-large\u00bb][vc_column row_width=\u00bb_desktop-9&#8243;]<div class=\"c-heading\"><h1 class=\" u-h1 u-text-bolder u-margin-bottom u-text-center\">INTERNACIONAL HERRAMIENTA DE VALIDACI\u00d3N Y NORMALIZACI\u00d3N DE DIRECCIONES POSTALES<\/h1><\/div>[vc_column_text txt_align=\u00bbu-text-center\u00bb set_margin=\u00bbtrue\u00bb margin=\u00bbu-margin-bottom-large\u00bb]La validaci\u00f3n de direcciones postales\u00a0es una necesidad fundamental para cualquier empresa que trabaje con bases de datos de gran contenido.[\/vc_column_text]<div class=\"c-button-holder c-button-holder--center\"><a class=\"c-button c-button--center u-margin-right u-margin-bottom u-margin-left c-button--primary\" href=\"https:\/\/www.egon.com\/egon-demo\">PRUEBA GRATUITA<\/a><\/div>[\/vc_column][\/vc_row][vc_row wrapper=\u00bbtrue\u00bb][vc_column]<div class=\"c-heading\"><h3 class=\" u-text-bolder\">SOFTWARE DE VERIFICACI\u00d3N DE DIRECCIONES POSTALES<\/h3><\/div>[vc_column_text]La validaci\u00f3n de direcciones postales supone el an\u00e1lisis y la correcci\u00f3n de errores o incoherencias en una direcci\u00f3n o conjunto de direcciones (por ejemplo, una base de datos de clientes\/proveedores).<\/p>\n<p>El objetivo es reducir cada direcci\u00f3n en una forma universalmente inteligible que pueda ser identificada claramente en cualquier sistema IT. La validaci\u00f3n de direcciones europeas es la base de nuestro negocio, pero proporcionamos asistencia completa a m\u00e1s de 250 pa\u00edses en todo el mundo a trav\u00e9s de la validaci\u00f3n de batches de direcciones y servicios online.<\/p>\n<p>El software de Egon se encuentra disponible para la verificaci\u00f3n de direcciones internacionales y se ha dise\u00f1ado espec\u00edficamente para llevar a cabo y automatizar estas operaciones con la precisa validaci\u00f3n de cualquier direcci\u00f3n incorrecta o incompleta. No tendr\u00e1s m\u00e1s problemas debido a la ortograf\u00eda o a errores de formato gracias al soporte interactivo de nuestro software con sus funciones en tiempo real cuando el operador introduce directamente los datos (incluida la adici\u00f3n autom\u00e1tica de cualquier c\u00f3digo postal que falte).[\/vc_column_text][\/vc_column][\/vc_row][vc_row holder_set_margin=\u00bbtrue\u00bb holder_margin=\u00bbu-margin-bottom-large\u00bb][vc_column]<div class=\"templatera_shortcode\"><div class=\"o-holder u-background-color-one\"><div class=\" o-wrapper\"><div class=\"grid-1 u-deco-globe grid--equalHeight\"><div class=\"col _lap-and-up-8\" ><div class=\"o-holder u-padding-vertical-large\"><div class=\"grid-1\"><div class=\"col _lap-and-up-4\" ><div class=\"c-heading\"><h3 class=\" u-text-color-invert u-text-right\">Prueba ahora nuestro software de validaci\u00f3n de direcciones<\/h3><\/div><\/div><div class=\"col _lap-and-up-8\" ><div class=\"c-text-block u-text-color-invert\"><p><span>La validaci\u00f3n de direcciones incluye un conjunto de t\u00e9cnicas <\/span>dirigidas a la verificaci\u00f3n, correcci\u00f3n, actualizaci\u00f3n, eliminaci\u00f3n de duplicados y, donde sea necesario, la mejora de los datos archivados o almacenados en una base de datos o en varias de ellas.<\/p>\n<p>Egon verificar\u00e1 enseguida la correcci\u00f3n de la informaci\u00f3n de que dispongas. El sistema verifica errores gramaticales (letras dobles, espacios, etc.), registros obsoletos, datos duplicados y finalmente completa el apartado de direcci\u00f3n, que se completa con cualquier informaci\u00f3n de falte (C\u00f3digo Postal o Zip, Estado, provincia, pa\u00eds, etc.).<\/p>\n <\/div><\/div>\n<\/div><\/div><\/div><div class=\"col _lap-and-up-4\" ><div class=\"col_inner u-padding-vertical col_inner--middle\"><div class=\"c-button-holder c-button-holder--center\"><a class=\"c-button u-text-bold c-button--center c-button--white\" href=\"https:\/\/www.egon.com\/egon-demo\">Prueba nuestra DEMO WEB GRATIS!<\/a><\/div><\/div><\/div>\n<\/div><\/div><\/div><\/div>[\/vc_column][\/vc_row][vc_row wrapper=\u00bbtrue\u00bb][vc_column]<div class=\"c-heading\"><h3 class=\" u-text-bolder\">CAMPOS DE APLICACI\u00d3N<\/h3><\/div>[\/vc_column][\/vc_row][vc_row wrapper=\u00bbtrue\u00bb holder_set_margin=\u00bbtrue\u00bb holder_margin=\u00bbu-margin-bottom\u00bb][vc_column width=\u00bb1\/3&#8243;]<div class=\"c-image\"><img loading=\"lazy\" decoding=\"async\" width=\"500\" height=\"566\" src=\"https:\/\/www.egon.com\/wp-content\/uploads\/2017\/09\/normalizacion-direcciones.jpg\" class=\" aligncenter\" alt=\"normalizacion direcciones\" srcset=\"https:\/\/www.egon.com\/wp-content\/uploads\/2017\/09\/normalizacion-direcciones.jpg 500w, https:\/\/www.egon.com\/wp-content\/uploads\/2017\/09\/normalizacion-direcciones-265x300.jpg 265w\" sizes=\"auto, (max-width: 500px) 100vw, 500px\" \/><\/div>[\/vc_column][vc_column width=\u00bb2\/3&#8243;][vc_column_text]Un complejo conjunto de reglas ha sido desarrollado para el an\u00e1lisis y la validaci\u00f3n de direcciones postales bas\u00e1ndose en m\u00faltiples factores como los espacios en blanco entre las palabras introducidas, el orden y otros elementos que est\u00e1n relacionados con nuestras tablas de tesauros para conseguir un resultado perfecto.<\/p>\n<p>Egon puede integrarse f\u00e1cilmente en cualquier tipo de aplicaci\u00f3n (ERP, sistema operativo, CRM, etc.) y en entornos est\u00e1ndares de software (sap, oracle, Windows, etc.), lo que significa que puedes lanzar inmediatamente operaciones empresariales en todos los campos de datos con funciones de precisi\u00f3n de las cuales no hab\u00edas o\u00eddo hasta ahora.<\/p>\n<p>Existen muchos campos de aplicaci\u00f3n para un software de validaci\u00f3n de direcciones postales, que van desde la validaci\u00f3n de un n\u00famero singular de bases de datos hasta los env\u00edos (servicio cl\u00e1sico para el env\u00edo de pedidos de venta por correo), convergencia entre distintas bases de datos o migraci\u00f3n de sistemas antiguos a sistemas nuevos.<\/p>\n<p>Egon\u00a0interact\u00faa autom\u00e1ticamente durante tus ingresos de datos, corrigiendo cualquier error, validando las direcciones y estandariz\u00e1ndolas con un formato oficial.<\/p>\n<p>Sin embargo, Egon es m\u00e1s que todo eso y dispone de algunas funciones avanzadas muy \u00fatiles: por ejemplo, el autocompletado en tiempo real, lo que supone que solo tienes que introducir algunos de los campos por rellenar y Egon rellena autom\u00e1ticamente el resto, haciendo el proceso entero mucho m\u00e1s r\u00e1pido y tu trabajo mucho m\u00e1s sencillo.[\/vc_column_text][\/vc_column][\/vc_row][vc_row wrapper=\u00bbtrue\u00bb holder_set_margin=\u00bbtrue\u00bb holder_margin=\u00bbu-margin-bottom-large\u00bb][vc_column inner_bg_fx=\u00bbu-background-color-six\u00bb set_padding_inner=\u00bbtrue\u00bb padding_inner=\u00bbu-padding\u00bb][vc_column_text txt_color=\u00bbu-text-color-invert\u00bb]\u00bfY SI NECESITO VALIDAR UN GRAN N\u00daMERO DE DIRECCIONES DE UNA VEZ?<\/p>\n<p>\u00a1No hay problema! Adem\u00e1s de sus funciones en tiempo real, Egon tambi\u00e9n permite el <a href=\"https:\/\/www.egon.com\/es\/modalidad-de-uso\/batch\">servicio de validaci\u00f3n de batches<\/a>: el sistema tiene en cuenta bases de datos enteras o distintos formatos de archivo (csv, xml, etc.) y los analiza y procesa para devolv\u00e9rtelos completamente validados y sin duplicados.[\/vc_column_text]<div class=\"c-button-holder c-button-holder--center\"><a class=\"c-button c-button--center c-button--white  c-button--ghost\" href=\"https:\/\/www.egon.com\/it\/modalita-di-utilizzo\/batch\">Saber m\u00e1s<\/a><\/div>[\/vc_column][\/vc_row][vc_row wrapper=\u00bbtrue\u00bb][vc_column]<div class=\"c-heading\"><h3 class=\" u-text-bolder\">HERRAMIENTA DE SOFTWARE DE VERIFICACI\u00d3N DE DIRECCIONES EUROPEAS, \u00bfY QU\u00c9 M\u00c1S?<\/h3><\/div>[vc_column_text]El algoritmo en el cual se basa el software de Egon permite tambi\u00e9n operar con datos personales (ejemplos de validaci\u00f3n de datos personales incluyen los c\u00f3digos de impuestos, documentos de identidad, etc.), lo que incluye t\u00edtulos y diversos tipos de datos bancarios, devolviendo resultados en un formato est\u00e1ndar universalmente aceptado. Las bases de datos para personas naturales y entidades legales pueden ser as\u00ed validadas.<\/p>\n<p>Egon garantiza resultados excelentes y limpios en bases de datos, siempre que se corrijan manualmente los registros rechazados por el proceso autom\u00e1tico.<\/p>\n<p>Estamos capacitados para un soporte a nivel mundial de nuestros servicios de calidad (verificaci\u00f3n de direcciones en Europa y pa\u00edses internacionales). Nuestra compa\u00f1\u00eda se ha especializado durante a\u00f1os en proporcionar servicios relacionados con la validaci\u00f3n de direcciones europeas, eliminaci\u00f3n de duplicados y calidad de datos: nuestra sede se encuentra en Verona, Italia (en el centro de la regi\u00f3n de V\u00e9neto).[\/vc_column_text][\/vc_column][vc_column][\/vc_column][\/vc_row][vc_row wrapper=\u00bbtrue\u00bb][vc_column]<div class=\"templatera_shortcode\"><div class=\"o-holder u-background-ca-one u-padding-vertical-large\"><div class=\" o-wrapper\"><div class=\"grid-1\"><div class=\"col _lap-and-up-12\" ><div class=\"c-heading\"><h3 class=\" u-text-color-invert u-text-center\">\u00a1DESCUBRE COMO NUESTRO SOFTWARE DE GESTI\u00d3N DE DATOS PUEDE AYUDARTE A HACER CRECER TU EMPRESA!<\/h3><\/div><div class=\"c-button-holder c-button-holder--center\"><a class=\"c-button u-text-bold c-button--center c-button--white  c-button--ghost\" href=\"https:\/\/www.egon.com\/company\/contact-us\">CONT\u00c1CTANOS<\/a><\/div><\/div>\n<\/div><\/div><\/div>\r\n<\/div>[\/vc_column][\/vc_row]\n","protected":false},"excerpt":{"rendered":"\u00a1DESCUBRE COMO NUESTRO SOFTWARE DE GESTI\u00d3N DE DATOS PUEDE AYUDARTE A HACER CRECER TU EMPRESA!CONT\u00c1CTANOS","protected":false},"author":1,"featured_media":0,"parent":7372,"menu_order":0,"comment_status":"closed","ping_status":"closed","template":"templates\/template-fullwidth.php","meta":{"footnotes":""},"class_list":["post-7376","page","type-page","status-publish","hentry"],"yoast_head":"<!-- This site is optimized with the Yoast SEO plugin v26.8 - https:\/\/yoast.com\/product\/yoast-seo-wordpress\/ -->\n<title>Normalizaci\u00f3n de direcciones postales: \u00a1Software Egon!<\/title>\n<meta name=\"description\" content=\"Normalizaci\u00f3n de direcciones postales internacionales, verificaci\u00f3n y enriquecimiento con los datos que faltan (online y batch): elige el software EGON\" \/>\n<meta name=\"robots\" content=\"index, follow, max-snippet:-1, max-image-preview:large, max-video-preview:-1\" \/>\n<link rel=\"canonical\" href=\"https:\/\/www.egon.com\/es\/soluciones\/normalizacion-de-direcciones\" \/>\n<meta property=\"og:locale\" content=\"es_ES\" \/>\n<meta property=\"og:type\" content=\"article\" \/>\n<meta property=\"og:title\" content=\"Normalizaci\u00f3n de direcciones postales: \u00a1Software Egon!\" \/>\n<meta property=\"og:description\" content=\"Normalizaci\u00f3n de direcciones postales internacionales, verificaci\u00f3n y enriquecimiento con los datos que faltan (online y batch): elige el software EGON\" \/>\n<meta property=\"og:url\" content=\"https:\/\/www.egon.com\/es\/soluciones\/normalizacion-de-direcciones\" \/>\n<meta property=\"og:site_name\" content=\"Egon\" \/>\n<meta property=\"article:modified_time\" content=\"2022-10-17T09:46:55+00:00\" \/>\n<meta name=\"twitter:card\" content=\"summary_large_image\" \/>\n<meta name=\"twitter:label1\" content=\"Tiempo de lectura\" \/>\n\t<meta name=\"twitter:data1\" content=\"4 minutos\" \/>\n<script type=\"application\/ld+json\" class=\"yoast-schema-graph\">{\"@context\":\"https:\/\/schema.org\",\"@graph\":[{\"@type\":\"WebPage\",\"@id\":\"https:\/\/www.egon.com\/es\/soluciones\/normalizacion-de-direcciones\",\"url\":\"https:\/\/www.egon.com\/es\/soluciones\/normalizacion-de-direcciones\",\"name\":\"Normalizaci\u00f3n de direcciones postales: \u00a1Software Egon!\",\"isPartOf\":{\"@id\":\"https:\/\/www.egon.com\/zh\/#website\"},\"datePublished\":\"2017-09-06T10:26:33+00:00\",\"dateModified\":\"2022-10-17T09:46:55+00:00\",\"description\":\"Normalizaci\u00f3n de direcciones postales internacionales, verificaci\u00f3n y enriquecimiento con los datos que faltan (online y batch): elige el software EGON\",\"breadcrumb\":{\"@id\":\"https:\/\/www.egon.com\/es\/soluciones\/normalizacion-de-direcciones#breadcrumb\"},\"inLanguage\":\"es\",\"potentialAction\":[{\"@type\":\"ReadAction\",\"target\":[\"https:\/\/www.egon.com\/es\/soluciones\/normalizacion-de-direcciones\"]}]},{\"@type\":\"BreadcrumbList\",\"@id\":\"https:\/\/www.egon.com\/es\/soluciones\/normalizacion-de-direcciones#breadcrumb\",\"itemListElement\":[{\"@type\":\"ListItem\",\"position\":1,\"name\":\"Home\",\"item\":\"https:\/\/www.egon.com\/es\"},{\"@type\":\"ListItem\",\"position\":2,\"name\":\"Soluciones\",\"item\":\"https:\/\/www.egon.com\/es\/soluciones\"},{\"@type\":\"ListItem\",\"position\":3,\"name\":\"INTERNACIONAL HERRAMIENTA DE VALIDACI\u00d3N DE DIRECCIONES POSTALES\"}]},{\"@type\":\"WebSite\",\"@id\":\"https:\/\/www.egon.com\/zh\/#website\",\"url\":\"https:\/\/www.egon.com\/zh\/\",\"name\":\"Egon\",\"description\":\"Normalizzazione indirizzi - Address validation - Egon.com\",\"potentialAction\":[{\"@type\":\"SearchAction\",\"target\":{\"@type\":\"EntryPoint\",\"urlTemplate\":\"https:\/\/www.egon.com\/zh\/?s={search_term_string}\"},\"query-input\":{\"@type\":\"PropertyValueSpecification\",\"valueRequired\":true,\"valueName\":\"search_term_string\"}}],\"inLanguage\":\"es\"}]}<\/script>\n<!-- \/ Yoast SEO plugin. -->","yoast_head_json":{"title":"Normalizaci\u00f3n de direcciones postales: \u00a1Software Egon!","description":"Normalizaci\u00f3n de direcciones postales internacionales, verificaci\u00f3n y enriquecimiento con los datos que faltan (online y batch): elige el software EGON","robots":{"index":"index","follow":"follow","max-snippet":"max-snippet:-1","max-image-preview":"max-image-preview:large","max-video-preview":"max-video-preview:-1"},"canonical":"https:\/\/www.egon.com\/es\/soluciones\/normalizacion-de-direcciones","og_locale":"es_ES","og_type":"article","og_title":"Normalizaci\u00f3n de direcciones postales: \u00a1Software Egon!","og_description":"Normalizaci\u00f3n de direcciones postales internacionales, verificaci\u00f3n y enriquecimiento con los datos que faltan (online y batch): elige el software EGON","og_url":"https:\/\/www.egon.com\/es\/soluciones\/normalizacion-de-direcciones","og_site_name":"Egon","article_modified_time":"2022-10-17T09:46:55+00:00","twitter_card":"summary_large_image","twitter_misc":{"Tiempo de lectura":"4 minutos"},"schema":{"@context":"https:\/\/schema.org","@graph":[{"@type":"WebPage","@id":"https:\/\/www.egon.com\/es\/soluciones\/normalizacion-de-direcciones","url":"https:\/\/www.egon.com\/es\/soluciones\/normalizacion-de-direcciones","name":"Normalizaci\u00f3n de direcciones postales: \u00a1Software Egon!","isPartOf":{"@id":"https:\/\/www.egon.com\/zh\/#website"},"datePublished":"2017-09-06T10:26:33+00:00","dateModified":"2022-10-17T09:46:55+00:00","description":"Normalizaci\u00f3n de direcciones postales internacionales, verificaci\u00f3n y enriquecimiento con los datos que faltan (online y batch): elige el software EGON","breadcrumb":{"@id":"https:\/\/www.egon.com\/es\/soluciones\/normalizacion-de-direcciones#breadcrumb"},"inLanguage":"es","potentialAction":[{"@type":"ReadAction","target":["https:\/\/www.egon.com\/es\/soluciones\/normalizacion-de-direcciones"]}]},{"@type":"BreadcrumbList","@id":"https:\/\/www.egon.com\/es\/soluciones\/normalizacion-de-direcciones#breadcrumb","itemListElement":[{"@type":"ListItem","position":1,"name":"Home","item":"https:\/\/www.egon.com\/es"},{"@type":"ListItem","position":2,"name":"Soluciones","item":"https:\/\/www.egon.com\/es\/soluciones"},{"@type":"ListItem","position":3,"name":"INTERNACIONAL HERRAMIENTA DE VALIDACI\u00d3N DE DIRECCIONES POSTALES"}]},{"@type":"WebSite","@id":"https:\/\/www.egon.com\/zh\/#website","url":"https:\/\/www.egon.com\/zh\/","name":"Egon","description":"Normalizzazione indirizzi - Address validation - Egon.com","potentialAction":[{"@type":"SearchAction","target":{"@type":"EntryPoint","urlTemplate":"https:\/\/www.egon.com\/zh\/?s={search_term_string}"},"query-input":{"@type":"PropertyValueSpecification","valueRequired":true,"valueName":"search_term_string"}}],"inLanguage":"es"}]}},"_links":{"self":[{"href":"https:\/\/www.egon.com\/es\/wp-json\/wp\/v2\/pages\/7376","targetHints":{"allow":["GET"]}}],"collection":[{"href":"https:\/\/www.egon.com\/es\/wp-json\/wp\/v2\/pages"}],"about":[{"href":"https:\/\/www.egon.com\/es\/wp-json\/wp\/v2\/types\/page"}],"author":[{"embeddable":true,"href":"https:\/\/www.egon.com\/es\/wp-json\/wp\/v2\/users\/1"}],"replies":[{"embeddable":true,"href":"https:\/\/www.egon.com\/es\/wp-json\/wp\/v2\/comments?post=7376"}],"version-history":[{"count":3,"href":"https:\/\/www.egon.com\/es\/wp-json\/wp\/v2\/pages\/7376\/revisions"}],"predecessor-version":[{"id":19517,"href":"https:\/\/www.egon.com\/es\/wp-json\/wp\/v2\/pages\/7376\/revisions\/19517"}],"up":[{"embeddable":true,"href":"https:\/\/www.egon.com\/es\/wp-json\/wp\/v2\/pages\/7372"}],"wp:attachment":[{"href":"https:\/\/www.egon.com\/es\/wp-json\/wp\/v2\/media?parent=7376"}],"curies":[{"name":"wp","href":"https:\/\/api.w.org\/{rel}","templated":true}]}}