{"id":7375,"date":"2017-09-06T10:25:58","date_gmt":"2017-09-06T10:25:58","guid":{"rendered":"https:\/\/egon.com\/?page_id=7375"},"modified":"2021-02-15T11:27:14","modified_gmt":"2021-02-15T11:27:14","slug":"normalizacion-de-datos-personales","status":"publish","type":"page","link":"https:\/\/www.egon.com\/es\/soluciones\/normalizacion-de-datos-personales","title":{"rendered":"Normalizaci\u00f3n de datos personales"},"content":{"rendered":"[vc_row row_h_align=\u00bbgrid&#8211;center\u00bb wrapper=\u00bbtrue\u00bb holder_class=\u00bbu-section-hero-four u-overlapped-hero-padding\u00bb holder_set_margin=\u00bbtrue\u00bb holder_margin=\u00bbu-margin-bottom-large\u00bb][vc_column row_width=\u00bb_desktop-9&#8243;]<div class=\"c-heading\"><h1 class=\" u-h1 u-text-bolder u-margin-bottom u-text-center\">Normalizaci\u00f3n de datos personales<\/h1><\/div>[vc_column_text txt_align=\u00bbu-text-center\u00bb set_margin=\u00bbtrue\u00bb margin=\u00bbu-margin-bottom-large\u00bb]La\u00a0informaci\u00f3n de car\u00e1cter personal\u00a0representa el recurso estrat\u00e9gico fundamental para muchas estructuras que se dedican a diario a actividades de Marketing Directo y a la vez para bancos, compa\u00f1\u00edas de seguros y la Administraci\u00f3n P\u00fablica en general.[\/vc_column_text][\/vc_column][\/vc_row][vc_row wrapper=\u00bbtrue\u00bb holder_set_margin=\u00bbtrue\u00bb holder_margin=\u00bbu-margin-bottom\u00bb][vc_column]<div class=\"c-heading\"><h3 class=\" u-text-bolder\">EGON: SOFTWARE PARA LA NORMALIZACI\u00d3N DE DATOS PERSONALES<\/h3><\/div>[\/vc_column][vc_column width=\u00bb1\/3&#8243; set_margin_inner=\u00bbtrue\u00bb margin_inner=\u00bbu-margin-bottom\u00bb]<div class=\"c-image\"><img loading=\"lazy\" decoding=\"async\" width=\"400\" height=\"279\" src=\"https:\/\/www.egon.com\/wp-content\/uploads\/2017\/09\/normalizacion-datos-personales-400x279.jpg\" class=\" alignone\" alt=\"Normalizaci\u00f3n de datos personales\" srcset=\"https:\/\/www.egon.com\/wp-content\/uploads\/2017\/09\/normalizacion-datos-personales-400x279.jpg 400w, https:\/\/www.egon.com\/wp-content\/uploads\/2017\/09\/normalizacion-datos-personales-768x536.jpg 768w, https:\/\/www.egon.com\/wp-content\/uploads\/2017\/09\/normalizacion-datos-personales-1024x715.jpg 1024w, https:\/\/www.egon.com\/wp-content\/uploads\/2017\/09\/normalizacion-datos-personales.jpg 1547w\" sizes=\"auto, (max-width: 400px) 100vw, 400px\" \/><\/div>[\/vc_column][vc_column width=\u00bb2\/3&#8243;][vc_column_text]La eficacia de la informaci\u00f3n obtenida a trav\u00e9s de los datos recopilados, archivados inform\u00e1ticamente y posteriormente tratados para las m\u00e1s distintas actividades depende de la\u00a0<a title=\"calidad de los datos\" href=\"https:\/\/www.egon.com\/es\/\">calidad de los datos<\/a>en s\u00ed.<\/p>\n<p>Sin embargo no siempre se utilizan herramientas adecuadas para recopilar y gestionar inform\u00e1ticamente estos datos con el consiguiente aumento de las dificultades operativas para los operadores que tienen que disponer de estos datos por exigencias administrativas o de negocios.<\/p>\n<p>A\u00f1os de estudio y de experiencia directa en este sector nos han llevado a crear una aplicaci\u00f3n impecable,\u00a0<a title=\"egon\" href=\"https:\/\/www.egon.com\/es\/\">EGON<\/a>, de la que estamos orgullosos especialmente por su notable versatilidad de uso y por una precisi\u00f3n de ejecuci\u00f3n envidiable (y envidiada\u2026).[\/vc_column_text][\/vc_column][\/vc_row][vc_row wrapper=\u00bbtrue\u00bb][vc_column]<div class=\" c-divider c-divider--dashed u-margin-bottom-large\"\/><\/div>[\/vc_column][\/vc_row][vc_row wrapper=\u00bbtrue\u00bb wrapper_class=\u00bbo-wrapper&#8211;slim\u00bb holder_set_margin=\u00bbtrue\u00bb holder_margin=\u00bbu-margin-bottom\u00bb][vc_column]<div class=\"c-heading\"><h3 class=\" u-text-bolder\">Egon es actualmente uno de los principales puntos de referencia, por lo que respecta a los paquetes de software que existen en el mercado internacional, en la normalizaci\u00f3n de datos personales de distintos tipos:<\/h3><\/div>[\/vc_column][vc_column width=\u00bb1\/2&#8243;]<div class=\" c-list c-list--color-one\"><ul>\n<li><i class=\"c-list__icon fal fa-check-circle\"><\/i>Nombre y apellidos<\/li>\n<li><i class=\"c-list__icon fal fa-check-circle\"><\/i>Fecha de nacimiento<\/li>\n<li><i class=\"c-list__icon fal fa-check-circle\"><\/i>T\u00edtulos<\/li>\n<li><i class=\"c-list__icon fal fa-check-circle\"><\/i>Especificaciones jur\u00eddicas<\/li>\n<li><i class=\"c-list__icon fal fa-check-circle\"><\/i>Tel\u00e9fonos<\/li>\n<li><i class=\"c-list__icon fal fa-check-circle\"><\/i>E-mail<\/li>\n<\/ul>\n<\/div>[\/vc_column][vc_column width=\u00bb1\/2&#8243;]<div class=\" c-list c-list--color-one\"><ul>\n<li><i class=\"c-list__icon fal fa-check-circle\"><\/i>C\u00f3digos personales\u00a0(N.I.F., C.I.F., etc.)<\/li>\n<li><i class=\"c-list__icon fal fa-check-circle\"><\/i>Datos bancarios<\/li>\n<li><i class=\"c-list__icon fal fa-check-circle\"><\/i>Datos postales<\/li>\n<li><i class=\"c-list__icon fal fa-check-circle\"><\/i>C.P.<\/li>\n<li><i class=\"c-list__icon fal fa-check-circle\"><\/i>Nombres extranjeros<\/li>\n<li><i class=\"c-list__icon fal fa-check-circle\"><\/i>Documentos de identidadntent<\/li>\n<\/ul>\n<\/div>[\/vc_column][\/vc_row][vc_row][vc_column]<div class=\"templatera_shortcode\"><div class=\"o-holder u-background-ca-one u-padding-vertical-large\"><div class=\" o-wrapper\"><div class=\"grid-1\"><div class=\"col _lap-and-up-12\" ><div class=\"c-heading\"><h3 class=\" u-text-color-invert u-text-center\">\u00a1DESCUBRE COMO NUESTRO SOFTWARE DE GESTI\u00d3N DE DATOS PUEDE AYUDARTE A HACER CRECER TU EMPRESA!<\/h3><\/div><div class=\"c-button-holder c-button-holder--center\"><a class=\"c-button u-text-bold c-button--center c-button--white  c-button--ghost\" href=\"https:\/\/www.egon.com\/company\/contact-us\">CONT\u00c1CTANOS<\/a><\/div><\/div>\n<\/div><\/div><\/div>\r\n<\/div>[\/vc_column][\/vc_row][vc_row wrapper=\u00bbtrue\u00bb][vc_column]<div class=\" c-divider c-divider--dashed u-margin-bottom-large\"\/><\/div>[\/vc_column][\/vc_row][vc_row wrapper=\u00bbtrue\u00bb][vc_column]<div class=\"c-heading\"><h3 class=\" u-text-bolder\">\u00bfQU\u00c9 QUEREMOS DECIR CON NORMALIZACI\u00d3N DE DATOS PERSONALES?<\/h3><\/div>[vc_column_text]Normalizar datos personales\u00a0significa fundamentalmente asumir datos anagr\u00e1ficos de todo tipo, que hagan referencia tanto a personas f\u00edsicas como a personas jur\u00eddicas, analizarlos y estandarizarlos de\u00a0forma correcta y un\u00edvoca.<\/p>\n<p>Este tipo de intervenciones, si se deja en manos de la operatividad \u201cmanual\u201d y no controlada de los encargados del\u00a0<a title=\"data entry\" href=\"https:\/\/www.egon.com\/es\/aplicaciones\/ingreso-de-datos.html\">ingreso de datos<\/a>, resulta ser un coste ingente ya que los plazos de tiempo necesarios para llevarlo a cabo de la mejor forma posible son irremediablemente notables. Por otra parte Egon es capaz de entrar en los archivos y actuar de forma completamente autom\u00e1tica.[\/vc_column_text]<div class=\"c-heading\"><h3 class=\" u-text-bolder\">DEL PRODUCTO A LA PERSONA<\/h3><\/div>[vc_column_text]La correcta\u00a0identificaci\u00f3n de las personas, con la consiguiente\u00a0descripci\u00f3n\u00a0mediante cruce de datos procedentes de distintas fuentes, permite tratar in situ al cliente seg\u00fan sus peculiaridades. En el mundo del marketing, del mismo modo que en el de la comunicaci\u00f3n y el de la actividad social, la atenci\u00f3n prioritaria ya ha pasado a lo largo de los \u00faltimos a\u00f1os\u00a0del producto a la persona.<\/p>\n<p>A nivel de marketing ya no se trata de convencer a una masa de consumidores indiferenciados sobre las ventajas o el atractivo del producto, sino de instaurar con cada persona potencialmente interesada y con los clientes adquiridos una\u00a0relaci\u00f3n de confianza de tipo paritario. En este sentido la\u00a0<em>normalizaci\u00f3n de los datos personales<\/em>\u00a0procedentes de uno o varios archivos, con el consiguiente cruce de datos y la\u00a0<a title=\"deduplicacion de datos\" href=\"https:\/\/www.egon.com\/es\/soluciones\/deduplicacion.html\">eliminaci\u00f3n de los datos duplicados<\/a>, permite conocer realmente todo lo posible sobre las personas y por tanto crear\u00a0campa\u00f1as de marketing con miras espec\u00edficas.[\/vc_column_text]<div class=\"c-heading\"><h3 class=\" u-text-bolder\">\u00c1MBITOS DE APLICACI\u00d3N Y MODALIDADES DE USO DISPONIBLES<\/h3><\/div>[vc_column_text]Egon\u00a0es una herramienta indispensable en muchos \u00e1mbitos de aplicaci\u00f3n como los\u00a0<a title=\"crm\" href=\"https:\/\/www.egon.com\/es\/aplicaciones\/gestion-de-relacion-con-los-clientes-crm.html\">CRM<\/a>, los\u00a0env\u00edos, las\u00a0gestiones de empresa, el\u00a0<a title=\"mailing\" href=\"https:\/\/www.egon.com\/es\/aplicaciones\/mailing.html\">mailing<\/a>, etc. Las soluciones disponibles en el mercado incluyen herramientas capaces de hacerse cargo de archivos de empresas completos y luego proceder a la normalizaci\u00f3n(<a title=\"batch\" href=\"https:\/\/www.egon.com\/es\/modalidad-de-uso\/batch.html\">sistemas batch o masivos<\/a>), o bien herramientas interactivas,\u00a0<a href=\"https:\/\/www.egon.com\/es\/modalidad-de-uso\/online.html\">online<\/a>. En el segundo caso Egon se integrar\u00e1 en una aplicaci\u00f3n de empresa de cualquier tipo y ayudar\u00e1 al usuario en la fase de ingreso de datos corrigiendo en tiempo real los datos introducidos y destacando la posible existencia de\u00a0<a title=\"datos duplicados\" href=\"https:\/\/www.egon.com\/es\/soluciones\/deduplicacion.html\">datos duplicados<\/a>.[\/vc_column_text][\/vc_column][\/vc_row]\n","protected":false},"excerpt":{"rendered":"\u00a1DESCUBRE COMO NUESTRO SOFTWARE DE GESTI\u00d3N DE DATOS PUEDE AYUDARTE A HACER CRECER TU EMPRESA!CONT\u00c1CTANOS","protected":false},"author":1,"featured_media":0,"parent":7372,"menu_order":0,"comment_status":"closed","ping_status":"closed","template":"templates\/template-fullwidth.php","meta":{"footnotes":""},"class_list":["post-7375","page","type-page","status-publish","hentry"],"yoast_head":"<!-- This site is optimized with the Yoast SEO plugin v26.8 - https:\/\/yoast.com\/product\/yoast-seo-wordpress\/ -->\n<title>Normalizaci\u00f3n de datos personales mediante el software Egon<\/title>\n<meta name=\"description\" content=\"Egon es un software capaz de gestionar la normalizaci\u00f3n de datos personales internacionales (nombres, c\u00f3digos, t\u00edtulos, etc.) \u2013 FREE ONLINE DEMO\" \/>\n<meta name=\"robots\" content=\"index, follow, max-snippet:-1, max-image-preview:large, max-video-preview:-1\" \/>\n<link rel=\"canonical\" href=\"https:\/\/www.egon.com\/es\/soluciones\/normalizacion-de-datos-personales\" \/>\n<meta property=\"og:locale\" content=\"es_ES\" \/>\n<meta property=\"og:type\" content=\"article\" \/>\n<meta property=\"og:title\" content=\"Normalizaci\u00f3n de datos personales mediante el software Egon\" \/>\n<meta property=\"og:description\" content=\"Egon es un software capaz de gestionar la normalizaci\u00f3n de datos personales internacionales (nombres, c\u00f3digos, t\u00edtulos, etc.) \u2013 FREE ONLINE DEMO\" \/>\n<meta property=\"og:url\" content=\"https:\/\/www.egon.com\/es\/soluciones\/normalizacion-de-datos-personales\" \/>\n<meta property=\"og:site_name\" content=\"Egon\" \/>\n<meta property=\"article:modified_time\" content=\"2021-02-15T11:27:14+00:00\" \/>\n<meta name=\"twitter:card\" content=\"summary_large_image\" \/>\n<meta name=\"twitter:label1\" content=\"Tiempo de lectura\" \/>\n\t<meta name=\"twitter:data1\" content=\"3 minutos\" \/>\n<script type=\"application\/ld+json\" class=\"yoast-schema-graph\">{\"@context\":\"https:\/\/schema.org\",\"@graph\":[{\"@type\":\"WebPage\",\"@id\":\"https:\/\/www.egon.com\/es\/soluciones\/normalizacion-de-datos-personales\",\"url\":\"https:\/\/www.egon.com\/es\/soluciones\/normalizacion-de-datos-personales\",\"name\":\"Normalizaci\u00f3n de datos personales mediante el software Egon\",\"isPartOf\":{\"@id\":\"https:\/\/www.egon.com\/zh\/#website\"},\"datePublished\":\"2017-09-06T10:25:58+00:00\",\"dateModified\":\"2021-02-15T11:27:14+00:00\",\"description\":\"Egon es un software capaz de gestionar la normalizaci\u00f3n de datos personales internacionales (nombres, c\u00f3digos, t\u00edtulos, etc.) \u2013 FREE ONLINE DEMO\",\"breadcrumb\":{\"@id\":\"https:\/\/www.egon.com\/es\/soluciones\/normalizacion-de-datos-personales#breadcrumb\"},\"inLanguage\":\"es\",\"potentialAction\":[{\"@type\":\"ReadAction\",\"target\":[\"https:\/\/www.egon.com\/es\/soluciones\/normalizacion-de-datos-personales\"]}]},{\"@type\":\"BreadcrumbList\",\"@id\":\"https:\/\/www.egon.com\/es\/soluciones\/normalizacion-de-datos-personales#breadcrumb\",\"itemListElement\":[{\"@type\":\"ListItem\",\"position\":1,\"name\":\"Home\",\"item\":\"https:\/\/www.egon.com\/es\"},{\"@type\":\"ListItem\",\"position\":2,\"name\":\"Soluciones\",\"item\":\"https:\/\/www.egon.com\/es\/soluciones\"},{\"@type\":\"ListItem\",\"position\":3,\"name\":\"Normalizaci\u00f3n de datos personales\"}]},{\"@type\":\"WebSite\",\"@id\":\"https:\/\/www.egon.com\/zh\/#website\",\"url\":\"https:\/\/www.egon.com\/zh\/\",\"name\":\"Egon\",\"description\":\"Normalizzazione indirizzi - Address validation - Egon.com\",\"potentialAction\":[{\"@type\":\"SearchAction\",\"target\":{\"@type\":\"EntryPoint\",\"urlTemplate\":\"https:\/\/www.egon.com\/zh\/?s={search_term_string}\"},\"query-input\":{\"@type\":\"PropertyValueSpecification\",\"valueRequired\":true,\"valueName\":\"search_term_string\"}}],\"inLanguage\":\"es\"}]}<\/script>\n<!-- \/ Yoast SEO plugin. -->","yoast_head_json":{"title":"Normalizaci\u00f3n de datos personales mediante el software Egon","description":"Egon es un software capaz de gestionar la normalizaci\u00f3n de datos personales internacionales (nombres, c\u00f3digos, t\u00edtulos, etc.) \u2013 FREE ONLINE DEMO","robots":{"index":"index","follow":"follow","max-snippet":"max-snippet:-1","max-image-preview":"max-image-preview:large","max-video-preview":"max-video-preview:-1"},"canonical":"https:\/\/www.egon.com\/es\/soluciones\/normalizacion-de-datos-personales","og_locale":"es_ES","og_type":"article","og_title":"Normalizaci\u00f3n de datos personales mediante el software Egon","og_description":"Egon es un software capaz de gestionar la normalizaci\u00f3n de datos personales internacionales (nombres, c\u00f3digos, t\u00edtulos, etc.) \u2013 FREE ONLINE DEMO","og_url":"https:\/\/www.egon.com\/es\/soluciones\/normalizacion-de-datos-personales","og_site_name":"Egon","article_modified_time":"2021-02-15T11:27:14+00:00","twitter_card":"summary_large_image","twitter_misc":{"Tiempo de lectura":"3 minutos"},"schema":{"@context":"https:\/\/schema.org","@graph":[{"@type":"WebPage","@id":"https:\/\/www.egon.com\/es\/soluciones\/normalizacion-de-datos-personales","url":"https:\/\/www.egon.com\/es\/soluciones\/normalizacion-de-datos-personales","name":"Normalizaci\u00f3n de datos personales mediante el software Egon","isPartOf":{"@id":"https:\/\/www.egon.com\/zh\/#website"},"datePublished":"2017-09-06T10:25:58+00:00","dateModified":"2021-02-15T11:27:14+00:00","description":"Egon es un software capaz de gestionar la normalizaci\u00f3n de datos personales internacionales (nombres, c\u00f3digos, t\u00edtulos, etc.) \u2013 FREE ONLINE DEMO","breadcrumb":{"@id":"https:\/\/www.egon.com\/es\/soluciones\/normalizacion-de-datos-personales#breadcrumb"},"inLanguage":"es","potentialAction":[{"@type":"ReadAction","target":["https:\/\/www.egon.com\/es\/soluciones\/normalizacion-de-datos-personales"]}]},{"@type":"BreadcrumbList","@id":"https:\/\/www.egon.com\/es\/soluciones\/normalizacion-de-datos-personales#breadcrumb","itemListElement":[{"@type":"ListItem","position":1,"name":"Home","item":"https:\/\/www.egon.com\/es"},{"@type":"ListItem","position":2,"name":"Soluciones","item":"https:\/\/www.egon.com\/es\/soluciones"},{"@type":"ListItem","position":3,"name":"Normalizaci\u00f3n de datos personales"}]},{"@type":"WebSite","@id":"https:\/\/www.egon.com\/zh\/#website","url":"https:\/\/www.egon.com\/zh\/","name":"Egon","description":"Normalizzazione indirizzi - Address validation - Egon.com","potentialAction":[{"@type":"SearchAction","target":{"@type":"EntryPoint","urlTemplate":"https:\/\/www.egon.com\/zh\/?s={search_term_string}"},"query-input":{"@type":"PropertyValueSpecification","valueRequired":true,"valueName":"search_term_string"}}],"inLanguage":"es"}]}},"_links":{"self":[{"href":"https:\/\/www.egon.com\/es\/wp-json\/wp\/v2\/pages\/7375","targetHints":{"allow":["GET"]}}],"collection":[{"href":"https:\/\/www.egon.com\/es\/wp-json\/wp\/v2\/pages"}],"about":[{"href":"https:\/\/www.egon.com\/es\/wp-json\/wp\/v2\/types\/page"}],"author":[{"embeddable":true,"href":"https:\/\/www.egon.com\/es\/wp-json\/wp\/v2\/users\/1"}],"replies":[{"embeddable":true,"href":"https:\/\/www.egon.com\/es\/wp-json\/wp\/v2\/comments?post=7375"}],"version-history":[{"count":2,"href":"https:\/\/www.egon.com\/es\/wp-json\/wp\/v2\/pages\/7375\/revisions"}],"predecessor-version":[{"id":17948,"href":"https:\/\/www.egon.com\/es\/wp-json\/wp\/v2\/pages\/7375\/revisions\/17948"}],"up":[{"embeddable":true,"href":"https:\/\/www.egon.com\/es\/wp-json\/wp\/v2\/pages\/7372"}],"wp:attachment":[{"href":"https:\/\/www.egon.com\/es\/wp-json\/wp\/v2\/media?parent=7375"}],"curies":[{"name":"wp","href":"https:\/\/api.w.org\/{rel}","templated":true}]}}