{"id":7374,"date":"2017-09-06T10:25:29","date_gmt":"2017-09-06T10:25:29","guid":{"rendered":"https:\/\/egon.com\/?page_id=7374"},"modified":"2021-02-15T11:21:30","modified_gmt":"2021-02-15T11:21:30","slug":"geocodificacion","status":"publish","type":"page","link":"https:\/\/www.egon.com\/es\/soluciones\/geocodificacion","title":{"rendered":"Geocodificaci\u00f3n de direcciones postales"},"content":{"rendered":"[vc_row row_h_align=\u00bbgrid&#8211;center\u00bb wrapper=\u00bbtrue\u00bb holder_class=\u00bbu-section-hero-one u-overlapped-hero-padding\u00bb holder_set_margin=\u00bbtrue\u00bb holder_margin=\u00bbu-margin-bottom-large\u00bb][vc_column row_width=\u00bb_desktop-9&#8243;]<div class=\"c-heading\"><h1 class=\" u-h1 u-text-bolder u-margin-bottom u-text-center\">Geocodificaci\u00f3n de direcciones postales online<\/h1><\/div>[vc_column_text txt_align=\u00bbu-text-center\u00bb set_margin=\u00bbtrue\u00bb margin=\u00bbu-margin-bottom-large\u00bb]La geocodificaci\u00f3n de direcciones incluye la asignaci\u00f3n de datos territoriales y espaciales y de c\u00f3digos a direcciones espec\u00edficas. En una fase preliminar, esto incluye la <a href=\"https:\/\/www.egon.com\/es\/soluciones\">georreferenciaci\u00f3n<\/a>, lo cual significa asignar coordenadas geogr\u00e1ficas precisas a las direcciones para garantizar una localizaci\u00f3n correcta y certera sobre los mapas.[\/vc_column_text][vc_column_text txt_color=\u00bbu-text-color-invert\u00bb txt_align=\u00bbu-text-center\u00bb]SABER M\u00c1S[\/vc_column_text][\/vc_column][\/vc_row][vc_row][vc_column]<div class=\"templatera_shortcode\"><div class=\"o-holder u-background-color-one u-margin-bottom-large u-padding-vertical-large\"><div class=\" o-wrapper\"><div class=\"grid-1 grid--middle grid--equalHeight\"><div class=\"col _lap-and-up-8\" ><div class=\"c-heading\"><h3 class=\" u-h1 u-text-color-invert u-text-thinner\">\u00bfNecesitas localizar una direcci\u00f3n postal en un mapa?<\/h3><\/div><div class=\"c-text-block u-text-color-invert\"><p>En solo unos pocos minutos podr\u00e1s convertir una direcci\u00f3n postal en coordenadas geogr\u00e1ficas precisas (latitud y longitud) y viceversa. Entonces podr\u00e1s ver la localizaci\u00f3n en un mapa.<\/p>\n <\/div><\/div><div class=\"col _lap-and-up-4\" ><div class=\"c-button-holder c-button-holder--center\"><a class=\"c-button c-button--center c-button--white  c-button--ghost c-button--large\" href=\"https:\/\/www.egon.com\/es\/iscrizione-demo-es\">PRU\u00c9BALO GRATIS AHORA<\/a><\/div><\/div>\n<\/div><\/div><\/div><\/div>[\/vc_column][\/vc_row][vc_row wrapper=\u00bbtrue\u00bb][vc_column]<div class=\"c-heading\"><h3 class=\" u-text-bolder\">C\u00d3MO GEOCODIFICAR DIRECCIONES CON EL SOFTWARE DE EGON<\/h3><\/div>[\/vc_column][vc_column width=\u00bb7\/12&#8243;][vc_column_text]Egon\u00a0es un paquete de software de geocodificaci\u00f3n muy potente que permite la geocodificaci\u00f3n de bases de datos con m\u00faltiples registros, facilitando un formato validado y con coordenadas geogr\u00e1ficas para cualquier direcci\u00f3n.<\/p>\n<p>Con el r\u00e1pido desarrollo en la tecnolog\u00eda de geolocalizaci\u00f3n y servicios y la creciente disponibilidad de datos territoriales de todo el mundo, es crucial para todos los negocios el reconsiderar cuidadosamente el valor estrat\u00e9gico de las direcciones y datos geogr\u00e1ficos precisos.<\/p>\n<p><em>Egon relaciona los datos con el territorio <\/em>y, gracias a centrarse en el mayor nivel de detalle, da una representaci\u00f3n precisa de lo datos, respaldando aplicaciones GIS y creando zonas geogr\u00e1ficas, \u00e1reas de responsabilidad y de direcciones, etc.[\/vc_column_text][\/vc_column][vc_column width=\u00bb5\/12&#8243;][vc_column_text]Este software no se limita solo a funciones de georreferenciaci\u00f3n b\u00e1sicas, sino que tambi\u00e9n pueden satisfacer necesidades muy sofisticadas y diversas de geocodificaci\u00f3n.[\/vc_column_text]<div class=\" c-list c-list--color-one\"><ul>\n<li><i class=\"c-list__icon fal fa-check-circle\"><\/i>Asignaci\u00f3n de zonas impositivas<\/li>\n<li><i class=\"c-list__icon fal fa-check-circle\"><\/i>Proximidad y c\u00e1lculo inmediato de las distancias a tiro de piedra y a pie<\/li>\n<li><i class=\"c-list__icon fal fa-check-circle\"><\/i>Geocodificaci\u00f3n inversa<\/li>\n<li><i class=\"c-list__icon fal fa-check-circle\"><\/i>Puntos de inter\u00e9s<\/li>\n<li><i class=\"c-list__icon fal fa-check-circle\"><\/i>Localizaci\u00f3n por nombres de calles<\/li>\n<li><i class=\"c-list__icon fal fa-check-circle\"><\/i>Identificaci\u00f3n de cruces (esquinas)<\/li>\n<\/ul>\n<\/div>[\/vc_column][vc_column]<div class=\" c-divider c-divider--dashed\"\/><\/div>[\/vc_column][\/vc_row][vc_row wrapper=\u00bbtrue\u00bb holder_set_margin=\u00bbtrue\u00bb holder_margin=\u00bbu-margin-bottom\u00bb][vc_column]<div class=\"c-heading\"><h3 class=\" u-text-bolder\">DE LA GEOLOCALIZACI\u00d3N AL DESPLIEGUE DE MAPAS<\/h3><\/div>[\/vc_column][vc_column width=\u00bb1\/3&#8243;]<div class=\"c-image\"><img loading=\"lazy\" decoding=\"async\" width=\"500\" height=\"569\" src=\"https:\/\/www.egon.com\/wp-content\/uploads\/2017\/09\/geocodificacion.jpg\" class=\" aligncenter\" alt=\"geocodificacion direcciones postales\" srcset=\"https:\/\/www.egon.com\/wp-content\/uploads\/2017\/09\/geocodificacion.jpg 500w, https:\/\/www.egon.com\/wp-content\/uploads\/2017\/09\/geocodificacion-264x300.jpg 264w\" sizes=\"auto, (max-width: 500px) 100vw, 500px\" \/><\/div>[\/vc_column][vc_column width=\u00bb2\/3&#8243;][vc_column_text]La Geolocalizaci\u00f3n asegura que todos los datos mejoren con datos territoriales y estad\u00edsticos para la referencia impositiva microzona.<\/p>\n<p>Con el uso de cualquier mapa, la geolocalizaci\u00f3n se completa con el despliegue (incluido v\u00eda web) de la posici\u00f3n precisa sobre mapa.<\/p>\n<p>La eficacia de nuestro motor de validaci\u00f3n garantiza resultados excepcionales y precisos hasta el n\u00famero de la calle, incluso si se han introducido direcciones incompletas o inexactas.[\/vc_column_text]<div class=\"c-heading\"><h3 class=\" u-h5\">APLICACIONES PARA LA GEOCODIFICACI\u00d3N<\/h3><\/div>[vc_column_text]Egon es un software de geocodificaci\u00f3n extremadamente flexible y puede ser integrado en cualquier sistema operativo que necesite la gelocalizaci\u00f3n de ciertos datos. La geocodificaci\u00f3n tiene una importancia fundamental en varios campos; los principales de ellos son:[\/vc_column_text]<div class=\" c-list c-list--color-one\"><ul>\n<li><i class=\"c-list__icon fal fa-check-circle\"><\/i>Log\u00edsticay\u00a0transporte: algunas aplicaciones log\u00edsticas muy sofisticadas se encuentran disponibles a d\u00eda de hoy y pueden trazar el itinerario de los env\u00edos en detalle y tiempo real, lo que indica que el itinerario puede planificarse efectivamente de antemano a trav\u00e9s de varios puntos de intermediaci\u00f3n. Un seguimiento de direcciones correctas por n\u00fameros de calle permite un notable ahorro de recursos y tiempos.<\/li>\n<li><i class=\"c-list__icon fal fa-check-circle\"><\/i>Geomarketing: debido al soporte autom\u00e1tico del software de Egon, ciertas aplicaciones dirigidas al Geomarketing investigan permitir la reconstrucci\u00f3n de la mayor parte de datos importantes sobre una cierta localizaci\u00f3n o \u00e1rea. La\u00a0<a href=\"https:\/\/www.egon.com\/es\/soluciones\/normalizacion-de-direcciones\">validaci\u00f3n de direcciones<\/a>\u00a0y la georreferenciaci\u00f3n es preparatoria para cualquier an\u00e1lisis subsiguiente de Geomarketing.<\/li>\n<\/ul>\n<\/div>[\/vc_column][\/vc_row][vc_row][vc_column]<div class=\"templatera_shortcode\"><div class=\"o-holder u-background-ca-one u-padding-vertical-large\"><div class=\" o-wrapper\"><div class=\"grid-1\"><div class=\"col _lap-and-up-12\" ><div class=\"c-heading\"><h3 class=\" u-text-color-invert u-text-center\">\u00a1DESCUBRE COMO NUESTRO SOFTWARE DE GESTI\u00d3N DE DATOS PUEDE AYUDARTE A HACER CRECER TU EMPRESA!<\/h3><\/div><div class=\"c-button-holder c-button-holder--center\"><a class=\"c-button u-text-bold c-button--center c-button--white  c-button--ghost\" href=\"https:\/\/www.egon.com\/company\/contact-us\">CONT\u00c1CTANOS<\/a><\/div><\/div>\n<\/div><\/div><\/div>\r\n<\/div>[\/vc_column][\/vc_row]\n","protected":false},"excerpt":{"rendered":"\u00a1DESCUBRE COMO NUESTRO SOFTWARE DE GESTI\u00d3N DE DATOS PUEDE AYUDARTE A HACER CRECER TU EMPRESA!CONT\u00c1CTANOS","protected":false},"author":1,"featured_media":0,"parent":7372,"menu_order":0,"comment_status":"closed","ping_status":"closed","template":"templates\/template-fullwidth.php","meta":{"footnotes":""},"class_list":["post-7374","page","type-page","status-publish","hentry"],"yoast_head":"<!-- This site is optimized with the Yoast SEO plugin v26.8 - https:\/\/yoast.com\/product\/yoast-seo-wordpress\/ -->\n<title>Geocodificaci\u00f3n de direcciones postales: Egon software<\/title>\n<meta name=\"description\" content=\"Geocodificaci\u00f3n exacta de cualquier direcci\u00f3n o archivo de direcciones postales internacionales. \u00a1Prueba EGON gratis!\" \/>\n<meta name=\"robots\" content=\"index, follow, max-snippet:-1, max-image-preview:large, max-video-preview:-1\" \/>\n<link rel=\"canonical\" href=\"https:\/\/www.egon.com\/es\/soluciones\/geocodificacion\" \/>\n<meta property=\"og:locale\" content=\"es_ES\" \/>\n<meta property=\"og:type\" content=\"article\" \/>\n<meta property=\"og:title\" content=\"Geocodificaci\u00f3n de direcciones postales: Egon software\" \/>\n<meta property=\"og:description\" content=\"Geocodificaci\u00f3n exacta de cualquier direcci\u00f3n o archivo de direcciones postales internacionales. \u00a1Prueba EGON gratis!\" \/>\n<meta property=\"og:url\" content=\"https:\/\/www.egon.com\/es\/soluciones\/geocodificacion\" \/>\n<meta property=\"og:site_name\" content=\"Egon\" \/>\n<meta property=\"article:modified_time\" content=\"2021-02-15T11:21:30+00:00\" \/>\n<meta name=\"twitter:card\" content=\"summary_large_image\" \/>\n<meta name=\"twitter:label1\" content=\"Tiempo de lectura\" \/>\n\t<meta name=\"twitter:data1\" content=\"3 minutos\" \/>\n<script type=\"application\/ld+json\" class=\"yoast-schema-graph\">{\"@context\":\"https:\/\/schema.org\",\"@graph\":[{\"@type\":\"WebPage\",\"@id\":\"https:\/\/www.egon.com\/es\/soluciones\/geocodificacion\",\"url\":\"https:\/\/www.egon.com\/es\/soluciones\/geocodificacion\",\"name\":\"Geocodificaci\u00f3n de direcciones postales: Egon software\",\"isPartOf\":{\"@id\":\"https:\/\/www.egon.com\/zh\/#website\"},\"datePublished\":\"2017-09-06T10:25:29+00:00\",\"dateModified\":\"2021-02-15T11:21:30+00:00\",\"description\":\"Geocodificaci\u00f3n exacta de cualquier direcci\u00f3n o archivo de direcciones postales internacionales. \u00a1Prueba EGON gratis!\",\"breadcrumb\":{\"@id\":\"https:\/\/www.egon.com\/es\/soluciones\/geocodificacion#breadcrumb\"},\"inLanguage\":\"es\",\"potentialAction\":[{\"@type\":\"ReadAction\",\"target\":[\"https:\/\/www.egon.com\/es\/soluciones\/geocodificacion\"]}]},{\"@type\":\"BreadcrumbList\",\"@id\":\"https:\/\/www.egon.com\/es\/soluciones\/geocodificacion#breadcrumb\",\"itemListElement\":[{\"@type\":\"ListItem\",\"position\":1,\"name\":\"Home\",\"item\":\"https:\/\/www.egon.com\/es\"},{\"@type\":\"ListItem\",\"position\":2,\"name\":\"Soluciones\",\"item\":\"https:\/\/www.egon.com\/es\/soluciones\"},{\"@type\":\"ListItem\",\"position\":3,\"name\":\"Geocodificaci\u00f3n de direcciones postales\"}]},{\"@type\":\"WebSite\",\"@id\":\"https:\/\/www.egon.com\/zh\/#website\",\"url\":\"https:\/\/www.egon.com\/zh\/\",\"name\":\"Egon\",\"description\":\"Normalizzazione indirizzi - Address validation - Egon.com\",\"potentialAction\":[{\"@type\":\"SearchAction\",\"target\":{\"@type\":\"EntryPoint\",\"urlTemplate\":\"https:\/\/www.egon.com\/zh\/?s={search_term_string}\"},\"query-input\":{\"@type\":\"PropertyValueSpecification\",\"valueRequired\":true,\"valueName\":\"search_term_string\"}}],\"inLanguage\":\"es\"}]}<\/script>\n<!-- \/ Yoast SEO plugin. -->","yoast_head_json":{"title":"Geocodificaci\u00f3n de direcciones postales: Egon software","description":"Geocodificaci\u00f3n exacta de cualquier direcci\u00f3n o archivo de direcciones postales internacionales. \u00a1Prueba EGON gratis!","robots":{"index":"index","follow":"follow","max-snippet":"max-snippet:-1","max-image-preview":"max-image-preview:large","max-video-preview":"max-video-preview:-1"},"canonical":"https:\/\/www.egon.com\/es\/soluciones\/geocodificacion","og_locale":"es_ES","og_type":"article","og_title":"Geocodificaci\u00f3n de direcciones postales: Egon software","og_description":"Geocodificaci\u00f3n exacta de cualquier direcci\u00f3n o archivo de direcciones postales internacionales. \u00a1Prueba EGON gratis!","og_url":"https:\/\/www.egon.com\/es\/soluciones\/geocodificacion","og_site_name":"Egon","article_modified_time":"2021-02-15T11:21:30+00:00","twitter_card":"summary_large_image","twitter_misc":{"Tiempo de lectura":"3 minutos"},"schema":{"@context":"https:\/\/schema.org","@graph":[{"@type":"WebPage","@id":"https:\/\/www.egon.com\/es\/soluciones\/geocodificacion","url":"https:\/\/www.egon.com\/es\/soluciones\/geocodificacion","name":"Geocodificaci\u00f3n de direcciones postales: Egon software","isPartOf":{"@id":"https:\/\/www.egon.com\/zh\/#website"},"datePublished":"2017-09-06T10:25:29+00:00","dateModified":"2021-02-15T11:21:30+00:00","description":"Geocodificaci\u00f3n exacta de cualquier direcci\u00f3n o archivo de direcciones postales internacionales. \u00a1Prueba EGON gratis!","breadcrumb":{"@id":"https:\/\/www.egon.com\/es\/soluciones\/geocodificacion#breadcrumb"},"inLanguage":"es","potentialAction":[{"@type":"ReadAction","target":["https:\/\/www.egon.com\/es\/soluciones\/geocodificacion"]}]},{"@type":"BreadcrumbList","@id":"https:\/\/www.egon.com\/es\/soluciones\/geocodificacion#breadcrumb","itemListElement":[{"@type":"ListItem","position":1,"name":"Home","item":"https:\/\/www.egon.com\/es"},{"@type":"ListItem","position":2,"name":"Soluciones","item":"https:\/\/www.egon.com\/es\/soluciones"},{"@type":"ListItem","position":3,"name":"Geocodificaci\u00f3n de direcciones postales"}]},{"@type":"WebSite","@id":"https:\/\/www.egon.com\/zh\/#website","url":"https:\/\/www.egon.com\/zh\/","name":"Egon","description":"Normalizzazione indirizzi - Address validation - Egon.com","potentialAction":[{"@type":"SearchAction","target":{"@type":"EntryPoint","urlTemplate":"https:\/\/www.egon.com\/zh\/?s={search_term_string}"},"query-input":{"@type":"PropertyValueSpecification","valueRequired":true,"valueName":"search_term_string"}}],"inLanguage":"es"}]}},"_links":{"self":[{"href":"https:\/\/www.egon.com\/es\/wp-json\/wp\/v2\/pages\/7374","targetHints":{"allow":["GET"]}}],"collection":[{"href":"https:\/\/www.egon.com\/es\/wp-json\/wp\/v2\/pages"}],"about":[{"href":"https:\/\/www.egon.com\/es\/wp-json\/wp\/v2\/types\/page"}],"author":[{"embeddable":true,"href":"https:\/\/www.egon.com\/es\/wp-json\/wp\/v2\/users\/1"}],"replies":[{"embeddable":true,"href":"https:\/\/www.egon.com\/es\/wp-json\/wp\/v2\/comments?post=7374"}],"version-history":[{"count":2,"href":"https:\/\/www.egon.com\/es\/wp-json\/wp\/v2\/pages\/7374\/revisions"}],"predecessor-version":[{"id":17915,"href":"https:\/\/www.egon.com\/es\/wp-json\/wp\/v2\/pages\/7374\/revisions\/17915"}],"up":[{"embeddable":true,"href":"https:\/\/www.egon.com\/es\/wp-json\/wp\/v2\/pages\/7372"}],"wp:attachment":[{"href":"https:\/\/www.egon.com\/es\/wp-json\/wp\/v2\/media?parent=7374"}],"curies":[{"name":"wp","href":"https:\/\/api.w.org\/{rel}","templated":true}]}}