{"id":7373,"date":"2017-09-06T10:25:15","date_gmt":"2017-09-06T10:25:15","guid":{"rendered":"https:\/\/egon.com\/?page_id=7373"},"modified":"2021-02-15T11:24:24","modified_gmt":"2021-02-15T11:24:24","slug":"deduplicacion","status":"publish","type":"page","link":"https:\/\/www.egon.com\/es\/soluciones\/deduplicacion","title":{"rendered":"Deduplicaci\u00f3n de direcciones y deduplicaci\u00f3n de datos"},"content":{"rendered":"[vc_row row_h_align=\u00bbgrid&#8211;center\u00bb wrapper=\u00bbtrue\u00bb holder_class=\u00bbu-section-hero-three u-overlapped-hero-padding\u00bb holder_set_margin=\u00bbtrue\u00bb holder_margin=\u00bbu-margin-bottom-large\u00bb][vc_column row_width=\u00bb_desktop-9&#8243;]<div class=\"c-heading\"><h1 class=\" u-h1 u-text-bolder u-margin-bottom u-text-center\">Deduplicaci\u00f3n de direcciones y deduplicaci\u00f3n de datos<\/h1><\/div>[vc_column_text txt_align=\u00bbu-text-center\u00bb set_margin=\u00bbtrue\u00bb margin=\u00bbu-margin-bottom-large\u00bb]La\u00a0deduplicaci\u00f3n de los datos y de las direcciones\u00a0(o\u00a0duplicate check) consiste en\u00a0identificar los datos repetidos, o supuestamente repetidos, en un archivo informativo como consecuencia de inexactitudes o incoherencias de distintos tipos, con la posterior posibilidad de reducir las \u201cpalabras repetidas\u201d a su forma un\u00edvoca.[\/vc_column_text][\/vc_column][\/vc_row][vc_row][vc_column]<div class=\"templatera_shortcode\"><div class=\"o-holder u-background-color-one u-margin-bottom-large u-padding-vertical-large\"><div class=\" o-wrapper\"><div class=\"grid-1 grid--middle grid--equalHeight\"><div class=\"col _lap-and-up-8\" ><div class=\"c-heading\"><h3 class=\" u-h1 u-text-color-invert u-text-thinner\">\u00bfExiste alg\u00fan duplicado en tu base de datos?<\/h3><\/div><div class=\"c-text-block u-text-color-invert\"><p>Si necesitas <span>eliminar los datos duplicados<\/span> en la base de datos de tu empresa o precisas de <span>una herramienta para integrar tu aplicaci\u00f3n<\/span> o comprobar el ingreso de datos subrayando cualquier entrada superflua o duplicada (ya que el registro ya est\u00e1 archivado), entonces\u00a0<span>prueba EGON<\/span>.<\/p>\n <\/div><\/div><div class=\"col _lap-and-up-4\" ><div class=\"c-button-holder c-button-holder--center\"><a class=\"c-button c-button--center c-button--white  c-button--ghost c-button--large\" href=\"https:\/\/www.egon.com\/egon-demo\">PRUEBA LA DEMO<\/a><\/div><\/div>\n<\/div><\/div><\/div><\/div>[\/vc_column][\/vc_row][vc_row wrapper=\u00bbtrue\u00bb][vc_column]<div class=\"c-heading\"><h3 class=\" u-text-bolder\">SOFTWARE DE DEDUPLICACI\u00d3N DE DATOS<\/h3><\/div>[\/vc_column][vc_column width=\u00bb2\/3&#8243;][vc_column_text]La\u00a0<a title=\"calidad de datos\" href=\"https:\/\/www.egon.com\/es\/\" target=\"_blank\" rel=\"noopener\">calidad de datos<\/a>\u00a0requiere que se gestione correctamente cada aspecto y los datos duplicados representan un problema, tanto a nivel de interacci\u00f3n hombre-aplicaci\u00f3n como a nivel de gastos imprevistos debidos por ejemplo, en el campo espec\u00edfico de la\u00a0deduplicaci\u00f3n de direcciones, a env\u00edos in\u00fatiles duplicados de material publicitario o simples comunicaciones oficiales a la misma empresa, algo que entre otras cosas es perjudicial a nivel de imagen de empresa p\u00fablica.<\/p>\n<p class=\"box-note\"><a title=\"Contattaci per accedere subito alla bonifica web del tuo database\" href=\"https:\/\/www.egon.com\/es\/empresa\/contacto.html\" target=\"_blank\" rel=\"noopener\">\u00a1COMPRUEBA YA SI HAY DATOS REPETIDOS EN TU BASE DE DATOS!<\/a><\/p>\n[\/vc_column_text][vc_column_text]La utilizaci\u00f3n, con fines de correspondencia, de bases de datos anagr\u00e1ficas correctas, completas, normalizadas y sin datos duplicados es\u00a0sin\u00f3nimo de profesionalidad, por eso integrar una soluci\u00f3n software de normalizaci\u00f3n autom\u00e1tica conlleva\u00a0notables beneficios. La\u00a0deduplicaci\u00f3n, \u00fatil en caso de fusi\u00f3n de distintos archivos, puede aplicarse a personas f\u00edsicas y jur\u00eddicas y cuenta con la metodolog\u00eda \u201cc\u00f3digo de concordancia\u201d que permite:\u00a0eliminar datos duplicados, localizar n\u00facleos familiares y enriquecer los datos internos:[\/vc_column_text][\/vc_column][vc_column width=\u00bb1\/3&#8243;]<div class=\" c-list c-list--color-one\"><ul>\n<li><i class=\"c-list__icon fal fa-check-circle\"><\/i>correlaci\u00f3n de datos<\/li>\n<li><i class=\"c-list__icon fal fa-check-circle\"><\/i>integraci\u00f3n de los censos, los registros, las direcciones y los archivos<\/li>\n<li><i class=\"c-list__icon fal fa-check-circle\"><\/i>unificaci\u00f3n de informaci\u00f3n y documentos de un sujeto<\/li>\n<li><i class=\"c-list__icon fal fa-check-circle\"><\/i>gesti\u00f3n de la posici\u00f3n \u00fanica del sujeto y atribuci\u00f3n del PIN<\/li>\n<li><i class=\"c-list__icon fal fa-check-circle\"><\/i>gesti\u00f3n de la informaci\u00f3n duplicada<\/li>\n<\/ul>\n<\/div>[\/vc_column][vc_column]<div class=\" c-divider c-divider--dashed u-margin-bottom-large\"\/><\/div>[\/vc_column][\/vc_row][vc_row wrapper=\u00bbtrue\u00bb holder_set_margin=\u00bbtrue\u00bb holder_margin=\u00bbu-margin-bottom\u00bb][vc_column width=\u00bb1\/3&#8243;]<div class=\"c-image\"><img loading=\"lazy\" decoding=\"async\" width=\"350\" height=\"288\" src=\"https:\/\/www.egon.com\/wp-content\/uploads\/2017\/09\/deduplicacion.jpg\" class=\" alignone\" alt=\"deduplicaci\u00f3n de los datos y de las direcciones\" \/><\/div>[\/vc_column][vc_column width=\u00bb2\/3&#8243;][vc_column_text]<a title=\"egon\" href=\"https:\/\/www.egon.com\/es\/\">Egon<\/a>\u00a0es un\u00a0software\u00a0creado espec\u00edficamente para\u00a0normalizar bases de datos anagr\u00e1ficas\u00a0y\u00a0deduplicar los datos\u00a0existentes seleccionando criterios como el nombre, los apellidos, la raz\u00f3n social, el C.I.F., la direcci\u00f3n, etc., con la detecci\u00f3n de cualquier posible redundancia.<\/p>\n<p>A cada elemento, previamente normalizado, se le asigna un c\u00f3digo un\u00edvoco, el \u201cmatch code\u201c, que, tras ser analizado y evaluado mediante determinadas reglas, permite identificar y se\u00f1alar los registros repetidos con un gran nivel de fiabilidad.<\/p>\n<p>La unidad es capaz de tratar y comparar en la misma elaboraci\u00f3n varios archivos incluso con trazados de registros no homog\u00e9neos entre s\u00ed.<br \/>\nSi necesitas analizar tu base de datos para eliminar los\u00a0datos duplicados\u00a0o una herramienta que se integre en tu aplicaci\u00f3n y soporte la introducci\u00f3n de datos se\u00f1alando las posibles introducciones innecesarias (dado que el registro introducido ya est\u00e1 archivado),\u00a0<a title=\"contacto: prueba egon\" href=\"https:\/\/www.egon.com\/es\/empresa\/contacto.html\">prueba EGON<\/a>.[\/vc_column_text][\/vc_column][\/vc_row][vc_row wrapper=\u00bbtrue\u00bb][vc_column]<div class=\" c-divider c-divider--dashed u-margin-bottom-large\"\/><\/div><div class=\"c-heading\"><h3 class=\" u-text-bolder\">MATCH CODE Y DUPLICATE CHECK:<\/h3><\/div>[vc_column_text]El resultado de la deduplicaci\u00f3n es el\u00a0match-code, una serie de caracteres o n\u00fameros en los que se indican o codifican parte de los elementos que forman el registro (apellidos o raz\u00f3n social, nombre, sexo, localidad, C.P., DUG, calle, n\u00famero de la calle). El match-code permite identificar grupos de registros repetidos con una gran fiabilidad de reconocimiento y \u00f3ptimos rendimientos.<\/p>\n<p>Operativamente<a title=\"duplicate check\" href=\"https:\/\/www.egon.com\/es\/empresa\/news\/159-busqueda-de-duplicados.html\">\u00a0Duplicate Check<\/a>\u00a0consiste en:[\/vc_column_text]<div class=\" c-list c-list--color-one\"><ul>\n<li><i class=\"c-list__icon fal fa-check-circle\"><\/i><em>deduplicaci\u00f3n<\/em><em>\u00a0de datos<\/em><\/li>\n<li><i class=\"c-list__icon fal fa-check-circle\"><\/i><em>gesti\u00f3n param\u00e9trica de claves y reglaso<\/em><\/li>\n<li><i class=\"c-list__icon fal fa-check-circle\"><\/i><em>gesti\u00f3n de probables datos duplicadoso<\/em><\/li>\n<li><i class=\"c-list__icon fal fa-check-circle\"><\/i><em>gesti\u00f3n de gruposo<\/em><\/li>\n<li><i class=\"c-list__icon fal fa-check-circle\"><\/i><em>creaci\u00f3n de match-code\/claves fon\u00e9ticaso<\/em><\/li>\n<li><i class=\"c-list__icon fal fa-check-circle\"><\/i><em>combinaci\u00f3n de datoso<\/em><\/li>\n<li><i class=\"c-list__icon fal fa-check-circle\"><\/i><em>gesti\u00f3n de relaciones y v\u00ednculoso<\/em><\/li>\n<li><i class=\"c-list__icon fal fa-check-circle\"><\/i><em>fusi\u00f3n entre archivos<\/em><\/li>\n<li><i class=\"c-list__icon fal fa-check-circle\"><\/i>deduplicaci\u00f3n de los datos personales<\/li>\n<\/ul>\n<\/div>[\/vc_column][\/vc_row][vc_row][vc_column]<div class=\"templatera_shortcode\"><div class=\"o-holder u-background-ca-one u-padding-vertical-large\"><div class=\" o-wrapper\"><div class=\"grid-1\"><div class=\"col _lap-and-up-12\" ><div class=\"c-heading\"><h3 class=\" u-text-color-invert u-text-center\">\u00a1DESCUBRE COMO NUESTRO SOFTWARE DE GESTI\u00d3N DE DATOS PUEDE AYUDARTE A HACER CRECER TU EMPRESA!<\/h3><\/div><div class=\"c-button-holder c-button-holder--center\"><a class=\"c-button u-text-bold c-button--center c-button--white  c-button--ghost\" href=\"https:\/\/www.egon.com\/company\/contact-us\">CONT\u00c1CTANOS<\/a><\/div><\/div>\n<\/div><\/div><\/div>\r\n<\/div>[\/vc_column][\/vc_row]\n","protected":false},"excerpt":{"rendered":"\u00a1DESCUBRE COMO NUESTRO SOFTWARE DE GESTI\u00d3N DE DATOS PUEDE AYUDARTE A HACER CRECER TU EMPRESA!CONT\u00c1CTANOS","protected":false},"author":2,"featured_media":0,"parent":7372,"menu_order":0,"comment_status":"closed","ping_status":"closed","template":"templates\/template-fullwidth.php","meta":{"footnotes":""},"class_list":["post-7373","page","type-page","status-publish","hentry"],"yoast_head":"<!-- This site is optimized with the Yoast SEO plugin v26.8 - https:\/\/yoast.com\/product\/yoast-seo-wordpress\/ -->\n<title>Deduplicaci\u00f3n de datos y direcciones con el software EGON<\/title>\n<meta name=\"description\" content=\"Software de deduplicaci\u00f3n de datos y direcciones: Localiza los datos y las direcciones duplicados en tu base de datos. \u00a1Prueba la DEMO Gratuita!\" \/>\n<meta name=\"robots\" content=\"index, follow, max-snippet:-1, max-image-preview:large, max-video-preview:-1\" \/>\n<link rel=\"canonical\" href=\"https:\/\/www.egon.com\/es\/soluciones\/deduplicacion\" \/>\n<meta property=\"og:locale\" content=\"es_ES\" \/>\n<meta property=\"og:type\" content=\"article\" \/>\n<meta property=\"og:title\" content=\"Deduplicaci\u00f3n de datos y direcciones con el software EGON\" \/>\n<meta property=\"og:description\" content=\"Software de deduplicaci\u00f3n de datos y direcciones: Localiza los datos y las direcciones duplicados en tu base de datos. \u00a1Prueba la DEMO Gratuita!\" \/>\n<meta property=\"og:url\" content=\"https:\/\/www.egon.com\/es\/soluciones\/deduplicacion\" \/>\n<meta property=\"og:site_name\" content=\"Egon\" \/>\n<meta property=\"article:modified_time\" content=\"2021-02-15T11:24:24+00:00\" \/>\n<meta name=\"twitter:card\" content=\"summary_large_image\" \/>\n<meta name=\"twitter:label1\" content=\"Tiempo de lectura\" \/>\n\t<meta name=\"twitter:data1\" content=\"3 minutos\" \/>\n<script type=\"application\/ld+json\" class=\"yoast-schema-graph\">{\"@context\":\"https:\/\/schema.org\",\"@graph\":[{\"@type\":\"WebPage\",\"@id\":\"https:\/\/www.egon.com\/es\/soluciones\/deduplicacion\",\"url\":\"https:\/\/www.egon.com\/es\/soluciones\/deduplicacion\",\"name\":\"Deduplicaci\u00f3n de datos y direcciones con el software EGON\",\"isPartOf\":{\"@id\":\"https:\/\/www.egon.com\/zh\/#website\"},\"datePublished\":\"2017-09-06T10:25:15+00:00\",\"dateModified\":\"2021-02-15T11:24:24+00:00\",\"description\":\"Software de deduplicaci\u00f3n de datos y direcciones: Localiza los datos y las direcciones duplicados en tu base de datos. \u00a1Prueba la DEMO Gratuita!\",\"breadcrumb\":{\"@id\":\"https:\/\/www.egon.com\/es\/soluciones\/deduplicacion#breadcrumb\"},\"inLanguage\":\"es\",\"potentialAction\":[{\"@type\":\"ReadAction\",\"target\":[\"https:\/\/www.egon.com\/es\/soluciones\/deduplicacion\"]}]},{\"@type\":\"BreadcrumbList\",\"@id\":\"https:\/\/www.egon.com\/es\/soluciones\/deduplicacion#breadcrumb\",\"itemListElement\":[{\"@type\":\"ListItem\",\"position\":1,\"name\":\"Home\",\"item\":\"https:\/\/www.egon.com\/es\"},{\"@type\":\"ListItem\",\"position\":2,\"name\":\"Soluciones\",\"item\":\"https:\/\/www.egon.com\/es\/soluciones\"},{\"@type\":\"ListItem\",\"position\":3,\"name\":\"Deduplicaci\u00f3n de direcciones y deduplicaci\u00f3n de datos\"}]},{\"@type\":\"WebSite\",\"@id\":\"https:\/\/www.egon.com\/zh\/#website\",\"url\":\"https:\/\/www.egon.com\/zh\/\",\"name\":\"Egon\",\"description\":\"Normalizzazione indirizzi - Address validation - Egon.com\",\"potentialAction\":[{\"@type\":\"SearchAction\",\"target\":{\"@type\":\"EntryPoint\",\"urlTemplate\":\"https:\/\/www.egon.com\/zh\/?s={search_term_string}\"},\"query-input\":{\"@type\":\"PropertyValueSpecification\",\"valueRequired\":true,\"valueName\":\"search_term_string\"}}],\"inLanguage\":\"es\"}]}<\/script>\n<!-- \/ Yoast SEO plugin. -->","yoast_head_json":{"title":"Deduplicaci\u00f3n de datos y direcciones con el software EGON","description":"Software de deduplicaci\u00f3n de datos y direcciones: Localiza los datos y las direcciones duplicados en tu base de datos. \u00a1Prueba la DEMO Gratuita!","robots":{"index":"index","follow":"follow","max-snippet":"max-snippet:-1","max-image-preview":"max-image-preview:large","max-video-preview":"max-video-preview:-1"},"canonical":"https:\/\/www.egon.com\/es\/soluciones\/deduplicacion","og_locale":"es_ES","og_type":"article","og_title":"Deduplicaci\u00f3n de datos y direcciones con el software EGON","og_description":"Software de deduplicaci\u00f3n de datos y direcciones: Localiza los datos y las direcciones duplicados en tu base de datos. \u00a1Prueba la DEMO Gratuita!","og_url":"https:\/\/www.egon.com\/es\/soluciones\/deduplicacion","og_site_name":"Egon","article_modified_time":"2021-02-15T11:24:24+00:00","twitter_card":"summary_large_image","twitter_misc":{"Tiempo de lectura":"3 minutos"},"schema":{"@context":"https:\/\/schema.org","@graph":[{"@type":"WebPage","@id":"https:\/\/www.egon.com\/es\/soluciones\/deduplicacion","url":"https:\/\/www.egon.com\/es\/soluciones\/deduplicacion","name":"Deduplicaci\u00f3n de datos y direcciones con el software EGON","isPartOf":{"@id":"https:\/\/www.egon.com\/zh\/#website"},"datePublished":"2017-09-06T10:25:15+00:00","dateModified":"2021-02-15T11:24:24+00:00","description":"Software de deduplicaci\u00f3n de datos y direcciones: Localiza los datos y las direcciones duplicados en tu base de datos. \u00a1Prueba la DEMO Gratuita!","breadcrumb":{"@id":"https:\/\/www.egon.com\/es\/soluciones\/deduplicacion#breadcrumb"},"inLanguage":"es","potentialAction":[{"@type":"ReadAction","target":["https:\/\/www.egon.com\/es\/soluciones\/deduplicacion"]}]},{"@type":"BreadcrumbList","@id":"https:\/\/www.egon.com\/es\/soluciones\/deduplicacion#breadcrumb","itemListElement":[{"@type":"ListItem","position":1,"name":"Home","item":"https:\/\/www.egon.com\/es"},{"@type":"ListItem","position":2,"name":"Soluciones","item":"https:\/\/www.egon.com\/es\/soluciones"},{"@type":"ListItem","position":3,"name":"Deduplicaci\u00f3n de direcciones y deduplicaci\u00f3n de datos"}]},{"@type":"WebSite","@id":"https:\/\/www.egon.com\/zh\/#website","url":"https:\/\/www.egon.com\/zh\/","name":"Egon","description":"Normalizzazione indirizzi - Address validation - Egon.com","potentialAction":[{"@type":"SearchAction","target":{"@type":"EntryPoint","urlTemplate":"https:\/\/www.egon.com\/zh\/?s={search_term_string}"},"query-input":{"@type":"PropertyValueSpecification","valueRequired":true,"valueName":"search_term_string"}}],"inLanguage":"es"}]}},"_links":{"self":[{"href":"https:\/\/www.egon.com\/es\/wp-json\/wp\/v2\/pages\/7373","targetHints":{"allow":["GET"]}}],"collection":[{"href":"https:\/\/www.egon.com\/es\/wp-json\/wp\/v2\/pages"}],"about":[{"href":"https:\/\/www.egon.com\/es\/wp-json\/wp\/v2\/types\/page"}],"author":[{"embeddable":true,"href":"https:\/\/www.egon.com\/es\/wp-json\/wp\/v2\/users\/2"}],"replies":[{"embeddable":true,"href":"https:\/\/www.egon.com\/es\/wp-json\/wp\/v2\/comments?post=7373"}],"version-history":[{"count":1,"href":"https:\/\/www.egon.com\/es\/wp-json\/wp\/v2\/pages\/7373\/revisions"}],"predecessor-version":[{"id":17933,"href":"https:\/\/www.egon.com\/es\/wp-json\/wp\/v2\/pages\/7373\/revisions\/17933"}],"up":[{"embeddable":true,"href":"https:\/\/www.egon.com\/es\/wp-json\/wp\/v2\/pages\/7372"}],"wp:attachment":[{"href":"https:\/\/www.egon.com\/es\/wp-json\/wp\/v2\/media?parent=7373"}],"curies":[{"name":"wp","href":"https:\/\/api.w.org\/{rel}","templated":true}]}}