{"id":7369,"date":"2017-09-06T10:24:22","date_gmt":"2017-09-06T10:24:22","guid":{"rendered":"https:\/\/egon.com\/?page_id=7369"},"modified":"2021-02-25T07:43:16","modified_gmt":"2021-02-25T07:43:16","slug":"validacion-normalizacion-norteamerica","status":"publish","type":"page","link":"https:\/\/www.egon.com\/es\/paises\/validacion-normalizacion-norteamerica","title":{"rendered":"NORTEAM\u00c9RICA: SERVICIOS DE NORMALIZACI\u00d3N DE LAS DIRECCIONES, GEOCODIFICACI\u00d3N Y DEDUPLICACI\u00d3N"},"content":{"rendered":"<h1 class=\" u-h1 u-text-bolder u-margin-bottom u-text-center\">VALIDACI\u00d3N Y NORMALIZACI\u00d3N DE DIRECCIONES POSTALES NORTEAM\u00c9RICA<\/h1>\n<div class=\"country-list\"><div class=\"country-list__head\"><div class=\"country-list__item\"><span class=\"country-label\">Pa\u00eds<\/span><span class=\"country-label\">ISO 3166<\/span><span class=\"country-label\">Norm. direcciones<\/span><span class=\"country-label\">Geocodificaci\u00f3n<\/span><span class=\"country-label\">Nivel<\/span><span class=\"country-label\">Deduplicaci\u00f3n<\/span><span class=\"country-label\">Norm. datos personales<\/span><span class=\"country-label\">Forma de escritura<\/span><\/div><\/div><div class=\"country-list__item\"><span><a href=\"https:\/\/www.egon.com\/es\/country\/bahamas\"><img decoding=\"async\" class=\"u-margin-right-small\" width=\"25\" src=\"https:\/\/www.egon.com\/wp-content\/plugins\/wp-egon-plugin\/flags\/bs.svg\"\/>Bahamas<\/a><\/span><span>BHS<\/span><span>S\u00ed<\/span><span>S\u00ed<\/span><span>Localidad<\/span><span>S\u00ed<\/span><span>S\u00ed<\/span><span>Nativa, Translit., Latiin<\/span><\/div><div class=\"country-list__item\"><span><a href=\"https:\/\/www.egon.com\/es\/country\/bermuda\"><img decoding=\"async\" class=\"u-margin-right-small\" width=\"25\" src=\"https:\/\/www.egon.com\/wp-content\/plugins\/wp-egon-plugin\/flags\/bm.svg\"\/>Bermudas<\/a><\/span><span>BMU<\/span><span>S\u00ed<\/span><span>S\u00ed<\/span><span>Localidad<\/span><span>S\u00ed<\/span><span>S\u00ed<\/span><span>Nativa, Translit., Latiin<\/span><\/div><div class=\"country-list__item\"><span><a href=\"https:\/\/www.egon.com\/es\/country\/canada\"><img decoding=\"async\" class=\"u-margin-right-small\" width=\"25\" src=\"https:\/\/www.egon.com\/wp-content\/plugins\/wp-egon-plugin\/flags\/ca.svg\"\/>Canad\u00e1<\/a><\/span><span>CAN<\/span><span>S\u00ed<\/span><span>S\u00ed<\/span><span>Calle<\/span><span>S\u00ed<\/span><span>S\u00ed<\/span><span>Nativa, Translit., Latiin<\/span><\/div><div class=\"country-list__item\"><span><a href=\"https:\/\/www.egon.com\/es\/country\/greenland\"><img decoding=\"async\" class=\"u-margin-right-small\" width=\"25\" src=\"https:\/\/www.egon.com\/wp-content\/plugins\/wp-egon-plugin\/flags\/gl.svg\"\/>Groenlandia<\/a><\/span><span>GRL<\/span><span>S\u00ed<\/span><span>S\u00ed<\/span><span>Localidad<\/span><span>S\u00ed<\/span><span>S\u00ed<\/span><span>Nativa, Translit., Latiin<\/span><\/div><div class=\"country-list__item\"><span><a href=\"https:\/\/www.egon.com\/es\/country\/mexico\"><img decoding=\"async\" class=\"u-margin-right-small\" width=\"25\" src=\"https:\/\/www.egon.com\/wp-content\/plugins\/wp-egon-plugin\/flags\/mx.svg\"\/>M\u00e9xico<\/a><\/span><span>MEX<\/span><span>S\u00ed<\/span><span>S\u00ed<\/span><span>Calle<\/span><span>S\u00ed<\/span><span>S\u00ed<\/span><span>Nativa, Translit., Latiin<\/span><\/div><div class=\"country-list__item\"><span><a href=\"https:\/\/www.egon.com\/es\/country\/puerto-rico\"><img decoding=\"async\" class=\"u-margin-right-small\" width=\"25\" src=\"https:\/\/www.egon.com\/wp-content\/plugins\/wp-egon-plugin\/flags\/pr.svg\"\/>Puerto Rico<\/a><\/span><span>PRI<\/span><span>S\u00ed<\/span><span>S\u00ed<\/span><span>Calle<\/span><span>S\u00ed<\/span><span>S\u00ed<\/span><span>Nativa, Translit., Latiin<\/span><\/div><div class=\"country-list__item\"><span><a href=\"https:\/\/www.egon.com\/es\/country\/saint-pierre-miquelon\"><img decoding=\"async\" class=\"u-margin-right-small\" width=\"25\" src=\"https:\/\/www.egon.com\/wp-content\/plugins\/wp-egon-plugin\/flags\/pm.svg\"\/>San Pedro y Miquel\u00f3n<\/a><\/span><span>SPM<\/span><span>S\u00ed<\/span><span>S\u00ed<\/span><span>Localidad<\/span><span>S\u00ed<\/span><span>S\u00ed<\/span><span>Nativa, Translit., Latiin<\/span><\/div><div class=\"country-list__item\"><span><a href=\"https:\/\/www.egon.com\/es\/country\/united-states\"><img decoding=\"async\" class=\"u-margin-right-small\" width=\"25\" src=\"https:\/\/www.egon.com\/wp-content\/plugins\/wp-egon-plugin\/flags\/us.svg\"\/>Estados Unidos de Am\u00e9rica<\/a><\/span><span>USA<\/span><span>S\u00ed<\/span><span>S\u00ed<\/span><span>Calle<\/span><span>S\u00ed<\/span><span>S\u00ed<\/span><span>Nativa, Translit., Latiin<\/span><\/div><\/div><div class=\"country-list-legend\"><h4 class=\"u-margin-bottom-small\">Leyenda<\/h4><span>Norm. direcciones: S\u00ed = servicio de normalizaci\u00f3n de direcciones disponible; NO = servicio de normalizaci\u00f3n de direcciones no disponible<\/span>\r\n        <span>Geocodificaci\u00f3n: S\u00ed = servicio de geocodificaci\u00f3n disponible; NO = servicio de geocodificaci\u00f3n no disponible<\/span>\r\n        <span>Nivel: CALLE = detalle de la calle; LOCALIDAD = detalle de la localidad<\/span>\r\n        <span>Deduplicaci\u00f3n: S\u00ed = servicio de deduplicaci\u00f3n disponible; NO = servicio de deduplicaci\u00f3n no disponible<\/span>\r\n        <span>Norm. datos personales: S\u00ed = servicio de normalizaci\u00f3n de datos personales disponible; NO = servicio de normalizaci\u00f3n de datos personales no disponible<\/span>\r\n        <span>Caracteres: Nativo = caracteres idioma nativo; Romano = caracteres latinos; Internacional = formato internacional. Todas las formas pueden tener caracteres may\u00fasculos.<\/span><\/div>\n","protected":false},"excerpt":{"rendered":"<p>VALIDACI\u00d3N Y NORMALIZACI\u00d3N DE DIRECCIONES POSTALES NORTEAM\u00c9RICA<\/p>\n","protected":false},"author":1,"featured_media":0,"parent":7353,"menu_order":0,"comment_status":"closed","ping_status":"closed","template":"templates\/template-nosidebar.php","meta":{"footnotes":""},"class_list":["post-7369","page","type-page","status-publish","hentry"],"yoast_head":"<!-- This site is optimized with the Yoast SEO plugin v26.8 - https:\/\/yoast.com\/product\/yoast-seo-wordpress\/ -->\n<title>Validaci\u00f3n y normalizaci\u00f3n de direcciones postales norteam\u00e9rica<\/title>\n<meta name=\"description\" content=\"Norteam\u00e9rica: servicios de normalizaci\u00f3n de las direcciones, geocodificaci\u00f3n y deduplicaci\u00f3n. Demo Free!\" \/>\n<meta name=\"robots\" content=\"index, follow, max-snippet:-1, max-image-preview:large, max-video-preview:-1\" \/>\n<link rel=\"canonical\" href=\"https:\/\/www.egon.com\/es\/paises\/validacion-normalizacion-norteamerica\" \/>\n<meta property=\"og:locale\" content=\"es_ES\" \/>\n<meta property=\"og:type\" content=\"article\" \/>\n<meta property=\"og:title\" content=\"Validaci\u00f3n y normalizaci\u00f3n de direcciones postales norteam\u00e9rica\" \/>\n<meta property=\"og:description\" content=\"Norteam\u00e9rica: servicios de normalizaci\u00f3n de las direcciones, geocodificaci\u00f3n y deduplicaci\u00f3n. Demo Free!\" \/>\n<meta property=\"og:url\" content=\"https:\/\/www.egon.com\/es\/paises\/validacion-normalizacion-norteamerica\" \/>\n<meta property=\"og:site_name\" content=\"Egon\" \/>\n<meta property=\"article:modified_time\" content=\"2021-02-25T07:43:16+00:00\" \/>\n<meta name=\"twitter:card\" content=\"summary_large_image\" \/>\n<meta name=\"twitter:label1\" content=\"Tiempo de lectura\" \/>\n\t<meta name=\"twitter:data1\" content=\"1 minuto\" \/>\n<script type=\"application\/ld+json\" class=\"yoast-schema-graph\">{\"@context\":\"https:\/\/schema.org\",\"@graph\":[{\"@type\":\"WebPage\",\"@id\":\"https:\/\/www.egon.com\/es\/paises\/validacion-normalizacion-norteamerica\",\"url\":\"https:\/\/www.egon.com\/es\/paises\/validacion-normalizacion-norteamerica\",\"name\":\"Validaci\u00f3n y normalizaci\u00f3n de direcciones postales norteam\u00e9rica\",\"isPartOf\":{\"@id\":\"https:\/\/www.egon.com\/zh\/#website\"},\"datePublished\":\"2017-09-06T10:24:22+00:00\",\"dateModified\":\"2021-02-25T07:43:16+00:00\",\"description\":\"Norteam\u00e9rica: servicios de normalizaci\u00f3n de las direcciones, geocodificaci\u00f3n y deduplicaci\u00f3n. Demo Free!\",\"breadcrumb\":{\"@id\":\"https:\/\/www.egon.com\/es\/paises\/validacion-normalizacion-norteamerica#breadcrumb\"},\"inLanguage\":\"es\",\"potentialAction\":[{\"@type\":\"ReadAction\",\"target\":[\"https:\/\/www.egon.com\/es\/paises\/validacion-normalizacion-norteamerica\"]}]},{\"@type\":\"BreadcrumbList\",\"@id\":\"https:\/\/www.egon.com\/es\/paises\/validacion-normalizacion-norteamerica#breadcrumb\",\"itemListElement\":[{\"@type\":\"ListItem\",\"position\":1,\"name\":\"Home\",\"item\":\"https:\/\/www.egon.com\/es\"},{\"@type\":\"ListItem\",\"position\":2,\"name\":\"Pa\u00edses\",\"item\":\"https:\/\/www.egon.com\/es\/paises\"},{\"@type\":\"ListItem\",\"position\":3,\"name\":\"NORTEAM\u00c9RICA: SERVICIOS DE NORMALIZACI\u00d3N DE LAS DIRECCIONES, GEOCODIFICACI\u00d3N Y DEDUPLICACI\u00d3N\"}]},{\"@type\":\"WebSite\",\"@id\":\"https:\/\/www.egon.com\/zh\/#website\",\"url\":\"https:\/\/www.egon.com\/zh\/\",\"name\":\"Egon\",\"description\":\"Normalizzazione indirizzi - Address validation - Egon.com\",\"potentialAction\":[{\"@type\":\"SearchAction\",\"target\":{\"@type\":\"EntryPoint\",\"urlTemplate\":\"https:\/\/www.egon.com\/zh\/?s={search_term_string}\"},\"query-input\":{\"@type\":\"PropertyValueSpecification\",\"valueRequired\":true,\"valueName\":\"search_term_string\"}}],\"inLanguage\":\"es\"}]}<\/script>\n<!-- \/ Yoast SEO plugin. -->","yoast_head_json":{"title":"Validaci\u00f3n y normalizaci\u00f3n de direcciones postales norteam\u00e9rica","description":"Norteam\u00e9rica: servicios de normalizaci\u00f3n de las direcciones, geocodificaci\u00f3n y deduplicaci\u00f3n. Demo Free!","robots":{"index":"index","follow":"follow","max-snippet":"max-snippet:-1","max-image-preview":"max-image-preview:large","max-video-preview":"max-video-preview:-1"},"canonical":"https:\/\/www.egon.com\/es\/paises\/validacion-normalizacion-norteamerica","og_locale":"es_ES","og_type":"article","og_title":"Validaci\u00f3n y normalizaci\u00f3n de direcciones postales norteam\u00e9rica","og_description":"Norteam\u00e9rica: servicios de normalizaci\u00f3n de las direcciones, geocodificaci\u00f3n y deduplicaci\u00f3n. Demo Free!","og_url":"https:\/\/www.egon.com\/es\/paises\/validacion-normalizacion-norteamerica","og_site_name":"Egon","article_modified_time":"2021-02-25T07:43:16+00:00","twitter_card":"summary_large_image","twitter_misc":{"Tiempo de lectura":"1 minuto"},"schema":{"@context":"https:\/\/schema.org","@graph":[{"@type":"WebPage","@id":"https:\/\/www.egon.com\/es\/paises\/validacion-normalizacion-norteamerica","url":"https:\/\/www.egon.com\/es\/paises\/validacion-normalizacion-norteamerica","name":"Validaci\u00f3n y normalizaci\u00f3n de direcciones postales norteam\u00e9rica","isPartOf":{"@id":"https:\/\/www.egon.com\/zh\/#website"},"datePublished":"2017-09-06T10:24:22+00:00","dateModified":"2021-02-25T07:43:16+00:00","description":"Norteam\u00e9rica: servicios de normalizaci\u00f3n de las direcciones, geocodificaci\u00f3n y deduplicaci\u00f3n. Demo Free!","breadcrumb":{"@id":"https:\/\/www.egon.com\/es\/paises\/validacion-normalizacion-norteamerica#breadcrumb"},"inLanguage":"es","potentialAction":[{"@type":"ReadAction","target":["https:\/\/www.egon.com\/es\/paises\/validacion-normalizacion-norteamerica"]}]},{"@type":"BreadcrumbList","@id":"https:\/\/www.egon.com\/es\/paises\/validacion-normalizacion-norteamerica#breadcrumb","itemListElement":[{"@type":"ListItem","position":1,"name":"Home","item":"https:\/\/www.egon.com\/es"},{"@type":"ListItem","position":2,"name":"Pa\u00edses","item":"https:\/\/www.egon.com\/es\/paises"},{"@type":"ListItem","position":3,"name":"NORTEAM\u00c9RICA: SERVICIOS DE NORMALIZACI\u00d3N DE LAS DIRECCIONES, GEOCODIFICACI\u00d3N Y DEDUPLICACI\u00d3N"}]},{"@type":"WebSite","@id":"https:\/\/www.egon.com\/zh\/#website","url":"https:\/\/www.egon.com\/zh\/","name":"Egon","description":"Normalizzazione indirizzi - Address validation - Egon.com","potentialAction":[{"@type":"SearchAction","target":{"@type":"EntryPoint","urlTemplate":"https:\/\/www.egon.com\/zh\/?s={search_term_string}"},"query-input":{"@type":"PropertyValueSpecification","valueRequired":true,"valueName":"search_term_string"}}],"inLanguage":"es"}]}},"_links":{"self":[{"href":"https:\/\/www.egon.com\/es\/wp-json\/wp\/v2\/pages\/7369","targetHints":{"allow":["GET"]}}],"collection":[{"href":"https:\/\/www.egon.com\/es\/wp-json\/wp\/v2\/pages"}],"about":[{"href":"https:\/\/www.egon.com\/es\/wp-json\/wp\/v2\/types\/page"}],"author":[{"embeddable":true,"href":"https:\/\/www.egon.com\/es\/wp-json\/wp\/v2\/users\/1"}],"replies":[{"embeddable":true,"href":"https:\/\/www.egon.com\/es\/wp-json\/wp\/v2\/comments?post=7369"}],"version-history":[{"count":3,"href":"https:\/\/www.egon.com\/es\/wp-json\/wp\/v2\/pages\/7369\/revisions"}],"predecessor-version":[{"id":18079,"href":"https:\/\/www.egon.com\/es\/wp-json\/wp\/v2\/pages\/7369\/revisions\/18079"}],"up":[{"embeddable":true,"href":"https:\/\/www.egon.com\/es\/wp-json\/wp\/v2\/pages\/7353"}],"wp:attachment":[{"href":"https:\/\/www.egon.com\/es\/wp-json\/wp\/v2\/media?parent=7369"}],"curies":[{"name":"wp","href":"https:\/\/api.w.org\/{rel}","templated":true}]}}