{"id":7353,"date":"2017-09-06T10:21:36","date_gmt":"2017-09-06T10:21:36","guid":{"rendered":"https:\/\/egon.com\/?page_id=7353"},"modified":"2019-02-15T16:19:19","modified_gmt":"2019-02-15T16:19:19","slug":"paises","status":"publish","type":"page","link":"https:\/\/www.egon.com\/es\/paises","title":{"rendered":"Pa\u00edses"},"content":{"rendered":"[vc_row][vc_column][vc_column_text]<div id=\"mapsvg-14597\" class=\"mapsvg\"><\/div>[\/vc_column_text][\/vc_column][\/vc_row][vc_row][vc_column][vc_column_text]\n<h2>Servicios Disponibles por Pa\u00eds &#8211; Lista de Pa\u00edses<\/h2>\n<p>Encuentra tu pa\u00eds o territorio y comprueba entonces todos los servicios y niveles disponibles.<\/p>\n<p>Tambi\u00e9n tendr\u00e1s la capacidad de convertir todas las direcciones postales al lenguaje y formato que quieras, as\u00ed como adoptar los modelos preferidos de escritura entre modelo nativo (escrito en la forma nativa del pa\u00eds de destino), modelo latino (caracteres latinos) y modelo transliterado (transposici\u00f3n de los grafemas de un sistema de escritura en los grafemas de otro sistema).[\/vc_column_text][\/vc_column][\/vc_row][vc_row][vc_column width=\u00bb1\/3&#8243;]<div class=\"c-heading\"><h3><a href=\"https:\/\/www.egon.com\/countries\/address-validation-north-america\" title=\"SERVICIOS DE NORMALIZACI\u00d3N DE LAS DIRECCIONES, GEOCODIFICACI\u00d3N Y DEDUPLICACI\u00d3N\">NORTEAM\u00c9RICA<\/a><\/h3><\/div>[\/vc_column][vc_column width=\u00bb1\/3&#8243;]<div class=\"c-heading\"><h3><a href=\"https:\/\/www.egon.com\/countries\/europe\" title=\"SERVICIOS DE NORMALIZACI\u00d3N DE LAS DIRECCIONES, GEOCODIFICACI\u00d3N Y DEDUPLICACI\u00d3N\">EUROPA<\/a><\/h3><\/div>[\/vc_column][vc_column width=\u00bb1\/3&#8243;]<div class=\"c-heading\"><h3><a href=\"https:\/\/www.egon.com\/countries\/south-america\" title=\"SERVICIOS DE NORMALIZACI\u00d3N DE LAS DIRECCIONES, GEOCODIFICACI\u00d3N Y DEDUPLICACI\u00d3N\">SUDAM\u00c9RICA<\/a><\/h3><\/div>[\/vc_column][vc_column width=\u00bb1\/3&#8243;]<div class=\"c-heading\"><h3><a href=\"https:\/\/www.egon.com\/countries\/oceania\" title=\"SERVICIOS DE NORMALIZACI\u00d3N DE LAS DIRECCIONES, GEOCODIFICACI\u00d3N Y DEDUPLICACI\u00d3N\">OCEAN\u00cdA<\/a><\/h3><\/div>[\/vc_column][vc_column width=\u00bb1\/3&#8243;]<div class=\"c-heading\"><h3><a href=\"https:\/\/www.egon.com\/countries\/asia\" title=\"SERVICIOS DE NORMALIZACI\u00d3N DE LAS DIRECCIONES, GEOCODIFICACI\u00d3N Y DEDUPLICACI\u00d3N\">ASIA<\/a><\/h3><\/div>[\/vc_column][vc_column width=\u00bb1\/3&#8243;]<div class=\"c-heading\"><h3><a href=\"https:\/\/www.egon.com\/countries\/africa\" title=\"SERVICIOS DE NORMALIZACI\u00d3N DE LAS DIRECCIONES, GEOCODIFICACI\u00d3N Y DEDUPLICACI\u00d3N\">\u00c1FRICA<\/a><\/h3><\/div>[\/vc_column][\/vc_row]\n","protected":false},"excerpt":{"rendered":"<p>[vc_row][vc_column][vc_column_text][\/vc_column_text][\/vc_column][\/vc_row][vc_row][vc_column][vc_column_text] Servicios Disponibles por Pa\u00eds &#8211; Lista de Pa\u00edses Encuentra tu pa\u00eds o territorio y comprueba entonces todos los servicios y niveles [&hellip;]<\/p>\n","protected":false},"author":1,"featured_media":0,"parent":0,"menu_order":0,"comment_status":"closed","ping_status":"closed","template":"templates\/template-nosidebar.php","meta":{"footnotes":""},"class_list":["post-7353","page","type-page","status-publish","hentry"],"yoast_head":"<!-- This site is optimized with the Yoast SEO plugin v26.8 - https:\/\/yoast.com\/product\/yoast-seo-wordpress\/ -->\n<title>Servicios Disponibles por Pa\u00eds - Lista de Pa\u00edses Egon.com<\/title>\n<meta name=\"robots\" content=\"noindex, follow\" \/>\n<meta property=\"og:locale\" content=\"es_ES\" \/>\n<meta property=\"og:type\" content=\"article\" \/>\n<meta property=\"og:title\" content=\"Servicios Disponibles por Pa\u00eds - Lista de Pa\u00edses Egon.com\" \/>\n<meta property=\"og:description\" content=\"[vc_row][vc_column][vc_column_text][\/vc_column_text][\/vc_column][\/vc_row][vc_row][vc_column][vc_column_text] Servicios Disponibles por Pa\u00eds &#8211; Lista de Pa\u00edses Encuentra tu pa\u00eds o territorio y comprueba entonces todos los servicios y niveles [&hellip;]\" \/>\n<meta property=\"og:url\" content=\"https:\/\/www.egon.com\/es\/paises\" \/>\n<meta property=\"og:site_name\" content=\"Egon\" \/>\n<meta property=\"article:modified_time\" content=\"2019-02-15T16:19:19+00:00\" \/>\n<meta name=\"twitter:card\" content=\"summary_large_image\" \/>\n<meta name=\"twitter:label1\" content=\"Tiempo de lectura\" \/>\n\t<meta name=\"twitter:data1\" content=\"1 minuto\" \/>\n<script type=\"application\/ld+json\" class=\"yoast-schema-graph\">{\"@context\":\"https:\/\/schema.org\",\"@graph\":[{\"@type\":\"WebPage\",\"@id\":\"https:\/\/www.egon.com\/es\/paises\",\"url\":\"https:\/\/www.egon.com\/es\/paises\",\"name\":\"Servicios Disponibles por Pa\u00eds - Lista de Pa\u00edses Egon.com\",\"isPartOf\":{\"@id\":\"https:\/\/www.egon.com\/zh\/#website\"},\"datePublished\":\"2017-09-06T10:21:36+00:00\",\"dateModified\":\"2019-02-15T16:19:19+00:00\",\"breadcrumb\":{\"@id\":\"https:\/\/www.egon.com\/es\/paises#breadcrumb\"},\"inLanguage\":\"es\",\"potentialAction\":[{\"@type\":\"ReadAction\",\"target\":[\"https:\/\/www.egon.com\/es\/paises\"]}]},{\"@type\":\"BreadcrumbList\",\"@id\":\"https:\/\/www.egon.com\/es\/paises#breadcrumb\",\"itemListElement\":[{\"@type\":\"ListItem\",\"position\":1,\"name\":\"Home\",\"item\":\"https:\/\/www.egon.com\/es\"},{\"@type\":\"ListItem\",\"position\":2,\"name\":\"Pa\u00edses\"}]},{\"@type\":\"WebSite\",\"@id\":\"https:\/\/www.egon.com\/zh\/#website\",\"url\":\"https:\/\/www.egon.com\/zh\/\",\"name\":\"Egon\",\"description\":\"Normalizzazione indirizzi - Address validation - Egon.com\",\"potentialAction\":[{\"@type\":\"SearchAction\",\"target\":{\"@type\":\"EntryPoint\",\"urlTemplate\":\"https:\/\/www.egon.com\/zh\/?s={search_term_string}\"},\"query-input\":{\"@type\":\"PropertyValueSpecification\",\"valueRequired\":true,\"valueName\":\"search_term_string\"}}],\"inLanguage\":\"es\"}]}<\/script>\n<!-- \/ Yoast SEO plugin. -->","yoast_head_json":{"title":"Servicios Disponibles por Pa\u00eds - Lista de Pa\u00edses Egon.com","robots":{"index":"noindex","follow":"follow"},"og_locale":"es_ES","og_type":"article","og_title":"Servicios Disponibles por Pa\u00eds - Lista de Pa\u00edses Egon.com","og_description":"[vc_row][vc_column][vc_column_text][\/vc_column_text][\/vc_column][\/vc_row][vc_row][vc_column][vc_column_text] Servicios Disponibles por Pa\u00eds &#8211; Lista de Pa\u00edses Encuentra tu pa\u00eds o territorio y comprueba entonces todos los servicios y niveles [&hellip;]","og_url":"https:\/\/www.egon.com\/es\/paises","og_site_name":"Egon","article_modified_time":"2019-02-15T16:19:19+00:00","twitter_card":"summary_large_image","twitter_misc":{"Tiempo de lectura":"1 minuto"},"schema":{"@context":"https:\/\/schema.org","@graph":[{"@type":"WebPage","@id":"https:\/\/www.egon.com\/es\/paises","url":"https:\/\/www.egon.com\/es\/paises","name":"Servicios Disponibles por Pa\u00eds - Lista de Pa\u00edses Egon.com","isPartOf":{"@id":"https:\/\/www.egon.com\/zh\/#website"},"datePublished":"2017-09-06T10:21:36+00:00","dateModified":"2019-02-15T16:19:19+00:00","breadcrumb":{"@id":"https:\/\/www.egon.com\/es\/paises#breadcrumb"},"inLanguage":"es","potentialAction":[{"@type":"ReadAction","target":["https:\/\/www.egon.com\/es\/paises"]}]},{"@type":"BreadcrumbList","@id":"https:\/\/www.egon.com\/es\/paises#breadcrumb","itemListElement":[{"@type":"ListItem","position":1,"name":"Home","item":"https:\/\/www.egon.com\/es"},{"@type":"ListItem","position":2,"name":"Pa\u00edses"}]},{"@type":"WebSite","@id":"https:\/\/www.egon.com\/zh\/#website","url":"https:\/\/www.egon.com\/zh\/","name":"Egon","description":"Normalizzazione indirizzi - Address validation - Egon.com","potentialAction":[{"@type":"SearchAction","target":{"@type":"EntryPoint","urlTemplate":"https:\/\/www.egon.com\/zh\/?s={search_term_string}"},"query-input":{"@type":"PropertyValueSpecification","valueRequired":true,"valueName":"search_term_string"}}],"inLanguage":"es"}]}},"_links":{"self":[{"href":"https:\/\/www.egon.com\/es\/wp-json\/wp\/v2\/pages\/7353","targetHints":{"allow":["GET"]}}],"collection":[{"href":"https:\/\/www.egon.com\/es\/wp-json\/wp\/v2\/pages"}],"about":[{"href":"https:\/\/www.egon.com\/es\/wp-json\/wp\/v2\/types\/page"}],"author":[{"embeddable":true,"href":"https:\/\/www.egon.com\/es\/wp-json\/wp\/v2\/users\/1"}],"replies":[{"embeddable":true,"href":"https:\/\/www.egon.com\/es\/wp-json\/wp\/v2\/comments?post=7353"}],"version-history":[{"count":0,"href":"https:\/\/www.egon.com\/es\/wp-json\/wp\/v2\/pages\/7353\/revisions"}],"wp:attachment":[{"href":"https:\/\/www.egon.com\/es\/wp-json\/wp\/v2\/media?parent=7353"}],"curies":[{"name":"wp","href":"https:\/\/api.w.org\/{rel}","templated":true}]}}