{"id":7351,"date":"2017-09-06T10:21:07","date_gmt":"2017-09-06T10:21:07","guid":{"rendered":"https:\/\/egon.com\/?page_id=7351"},"modified":"2022-09-14T07:38:19","modified_gmt":"2022-09-14T07:38:19","slug":"batch","status":"publish","type":"page","link":"https:\/\/www.egon.com\/es\/modalidad-de-uso\/batch","title":{"rendered":"Normalizaciones direcciones de masa batch"},"content":{"rendered":"[vc_row row_h_align=\u00bbgrid&#8211;center\u00bb wrapper=\u00bbtrue\u00bb holder_class=\u00bbu-section-hero-methodology u-overlapped-hero-padding\u00bb holder_set_margin=\u00bbtrue\u00bb holder_margin=\u00bbu-margin-bottom-large\u00bb][vc_column row_width=\u00bb_desktop-9&#8243;]<div class=\"c-heading\"><h1 class=\" u-h1 u-text-bolder u-margin-bottom u-text-center\">NORMALIZACIONES DIRECCIONES DE MASA BATCH<\/h1><\/div>[vc_column_text txt_align=\u00bbu-text-center\u00bb set_margin=\u00bbtrue\u00bb margin=\u00bbu-margin-bottom-large\u00bb]\u00bfTienes un conjunto de datos (direcciones, datos personales, empresas, clientes, proveedores, etc.) y quieres eliminar todos los errores y las imprecisiones?[\/vc_column_text][vc_column_text txt_color=\u00bbu-text-color-invert\u00bb txt_align=\u00bbu-text-center\u00bb]SABER M\u00c1S[\/vc_column_text][\/vc_column][\/vc_row][vc_row wrapper=\u00bbtrue\u00bb][vc_column][vc_column_text]Egon es capaz de hacerse cargo de\u00a0archivos completos\u00a0que incluyan incluso centenares de miles de registros, de gestionar la\u00a0limpieza\u00a0y de obtener como resultado el\u00a0archivo normalizado,\u00a0enriquecido\u00a0con posibles datos inexistentes y\u00a0deduplicado. El modo batch puede integrarse directamente en tus aplicaciones de empresa mediante instalaciones in situ de nuestra suite en tu centro de datos o bien mediante simples llamadas v\u00eda web desde tus aplicaciones a nuestros servidores remotos.<\/p>\n<p>Por otro lado, para gestionar el tratamiento y la limpieza de ciertos archivos (ciertas bases de datos), podr\u00e1s utilizar con total comodidad nuestro servicio web de transferencia de archivos mediante el cual recibiremos tu base de datos y te la devolveremos una vez que se haya normalizado[\/vc_column_text]<div class=\" c-divider c-divider--dashed\"\/><\/div>[\/vc_column][\/vc_row][vc_row wrapper=\u00bbtrue\u00bb][vc_column]<div class=\"c-heading\"><h3 class=\" u-text-bolder u-padding-vertical-small\">NORMALIZACI\u00d3N INMEDIATA DE TU BASE DE DATOS (MEDIANTE TRANSFERENCIA DE ARCHIVOS)<\/h3><\/div>[\/vc_column][\/vc_row][vc_row wrapper=\u00bbtrue\u00bb][vc_column width=\u00bb1\/3&#8243;]<div class=\"c-image\"><img loading=\"lazy\" decoding=\"async\" width=\"400\" height=\"267\" src=\"https:\/\/www.egon.com\/wp-content\/uploads\/2017\/09\/normalizaciones-direcciones-de-masa-batch-400x267.jpg\" class=\" aligncenter\" alt=\"Normalizaciones direcciones de masa batch\" srcset=\"https:\/\/www.egon.com\/wp-content\/uploads\/2017\/09\/normalizaciones-direcciones-de-masa-batch-400x267.jpg 400w, https:\/\/www.egon.com\/wp-content\/uploads\/2017\/09\/normalizaciones-direcciones-de-masa-batch-768x512.jpg 768w, https:\/\/www.egon.com\/wp-content\/uploads\/2017\/09\/normalizaciones-direcciones-de-masa-batch-1024x683.jpg 1024w, https:\/\/www.egon.com\/wp-content\/uploads\/2017\/09\/normalizaciones-direcciones-de-masa-batch.jpg 1620w\" sizes=\"auto, (max-width: 400px) 100vw, 400px\" \/><\/div>[\/vc_column][vc_column width=\u00bb2\/3&#8243;][vc_column_text]Si tienes intenci\u00f3n de realizar de inmediato la\u00a0limpieza de tu base de datos\u00a0o de aplicar los distintos servicios que ofrecemos (<a title=\"geocodification\" href=\"https:\/\/www.egon.com\/es\/soluciones\/geocodificacion.html\">geocodificaci\u00f3n<\/a>,\u00a0<a title=\"contacto\" href=\"https:\/\/www.egon.com\/es\/empresa\/contacto.html\">deduplicaci\u00f3n<\/a>, enriquecimiento de datos ausentes, asignaci\u00f3n de C.P., etc.), te damos la posibilidad de actuar\u00a0directamente v\u00eda web\u00a0envi\u00e1ndonos tu archivo de datos ahora. Nos haremos cargo de tu archivo y te lo devolveremos poco despu\u00e9s totalmente analizado (con el registro estad\u00edstico relativo a la \u201cvalidez\u201d actual de los datos presentes) y en su caso normalizado.<\/p>\n<p>No hace falta que tengas conocimientos especiales para poder enviarnos tus datos, s\u00f3lo tendr\u00e1s que mandarnos un archivo estructurado y te facilitaremos en todo momento las indicaciones que necesites.[\/vc_column_text][\/vc_column][\/vc_row][vc_row wrapper=\u00bbtrue\u00bb holder_set_padding=\u00bbtrue\u00bb holder_padding=\u00bbu-padding\u00bb][vc_column]<div class=\" c-divider c-divider--dashed\"\/><\/div>[\/vc_column][vc_column width=\u00bb1\/2&#8243;]<div class=\"c-heading\"><h3 class=\" u-h4 u-text-bolder\">\u00a1Ponte en contacto con nosotros ya para contar con nuestro apoyo inmediato!<\/h3><\/div>[vc_column_text]Tu archivo alimentar\u00e1 inmediatamente al motor Egon que llevar\u00e1 a cabo las elaboraciones necesarias:[\/vc_column_text]<div class=\" c-list c-list--color-one\"><ul>\n<li><i class=\"c-list__icon fal fa-check-circle\"><\/i>an\u00e1lisis estad\u00edstico<\/li>\n<li><i class=\"c-list__icon fal fa-check-circle\"><\/i>normalizaci\u00f3n<\/li>\n<li><i class=\"c-list__icon fal fa-check-circle\"><\/i>geocodificaci\u00f3n y\/o deduplicaci\u00f3n sobre pedido cuando se d\u00e9 el caso<\/li>\n<li><i class=\"c-list__icon fal fa-check-circle\"><\/i>gesti\u00f3n de anomal\u00edas<\/li>\n<li><i class=\"c-list__icon fal fa-check-circle\"><\/i>devoluci\u00f3n del archivo normalizado como resultado<\/li>\n<\/ul>\n<\/div>[vc_column_text]\u00bfQu\u00e9 ocurre entre bastidores?<\/p>\n<ul>\n<li>t\u00fa creas un archivo de datos formateado correctamente<\/li>\n<li>nos env\u00edas el archivo a trav\u00e9s de protocolos web http o ftp<\/li>\n<li>recibimos tu archivo<\/li>\n<li>reestructuramos los datos recibidos de la forma apropiada<\/li>\n<li>alimentamos el motor Egon con tus datos<\/li>\n<li>te devolvemos el archivo normalizado<\/li>\n<li>t\u00fa recibes y verificas los datos saneados<\/li>\n<\/ul>\n[\/vc_column_text][\/vc_column][vc_column width=\u00bb1\/2&#8243; inner_bg_fx=\u00bbu-background-color-four\u00bb set_padding_inner=\u00bbtrue\u00bb padding_inner=\u00bbu-padding\u00bb]<div class=\"c-heading\"><h3 class=\" u-text-bolder\">DEMO ONLINE GRATUITA<\/h3><\/div><div id=\"onboarding-app\" class=\"app-root\"><\/div><script>!function (e) { function t(t) { for (var n, i, l = t[0], a = t[1], f = t[2], c = 0, s = []; c < l.length; c++)i = l[c], Object.prototype.hasOwnProperty.call(o, i) && o[i] && s.push(o[i][0]), o[i] = 0; for (n in a) Object.prototype.hasOwnProperty.call(a, n) && (e[n] = a[n]); for (p && p(t); s.length;)s.shift()(); return u.push.apply(u, f || []), r() } function r() { for (var e, t = 0; t < u.length; t++) { for (var r = u[t], n = !0, l = 1; l < r.length; l++) { var a = r[l]; 0 !== o[a] && (n = !1) } n && (u.splice(t--, 1), e = i(i.s = r[0])) } return e } var n = {}, o = { 1: 0 }, u = []; function i(t) { if (n[t]) return n[t].exports; var r = n[t] = { i: t, l: !1, exports: {} }; return e[t].call(r.exports, r, r.exports, i), r.l = !0, r.exports } i.m = e, i.c = n, i.d = function (e, t, r) { i.o(e, t) || Object.defineProperty(e, t, { enumerable: !0, get: r }) }, i.r = function (e) { \"undefined\" != typeof Symbol && Symbol.toStringTag && Object.defineProperty(e, Symbol.toStringTag, { value: \"Module\" }), Object.defineProperty(e, \"__esModule\", { value: !0 }) }, i.t = function (e, t) { if (1 & t && (e = i(e)), 8 & t) return e; if (4 & t && \"object\" == typeof e && e && e.__esModule) return e; var r = Object.create(null); if (i.r(r), Object.defineProperty(r, \"default\", { enumerable: !0, value: e }), 2 & t && \"string\" != typeof e) for (var n in e) i.d(r, n, function (t) { return e[t] }.bind(null, n)); return r }, i.n = function (e) { var t = e && e.__esModule ? function () { return e.default } : function () { return e }; return i.d(t, \"a\", t), t }, i.o = function (e, t) { return Object.prototype.hasOwnProperty.call(e, t) }, i.p = \"\/\"; var l = this[\"webpackJsonpa4-utility\"] = this[\"webpackJsonpa4-utility\"] || [], a = l.push.bind(l); l.push = t, l = l.slice(); for (var f = 0; f < l.length; f++)t(l[f]); var p = a; r() }([])<\/script>[\/vc_column][\/vc_row][vc_row wrapper=\u00bbtrue\u00bb][vc_column]<div class=\" c-divider c-divider--dashed\"\/><\/div><div class=\"c-heading\"><h3 class=\" u-text-bolder\">SANEAMIENTOS DE MASA LOCALES O V\u00cdA WEB<\/h3><\/div>[vc_column_text]El\u00a0modo batch, que trabaja de forma \u201cmasiva\u201d con conjuntos de datos preconcebidos, puede utilizarse mediante integraci\u00f3n in situ, en el servidor interno de la empresa (a trav\u00e9s de la infraestructura intranet), o bien v\u00eda web:<\/p>\n<ul>\n<li><a title=\"Egon local on site\" href=\"https:\/\/www.egon.com\/es\/egon-on-site-on-premises.html\">Egon local<\/a>:este tipo de instalaci\u00f3n normalmente se define como \u201cOn Premises\u201d y requiere una fase preliminar durante la cual nuestros t\u00e9cnicos se ocupar\u00e1n de montar la aplicaci\u00f3n\u00a0en las sedes de los clientes. Se trata de la forma infraestructural tradicional mediante la cual un software se implementa directamente en los sistemas de la empresa, in situ.<\/li>\n<li><a title=\"Egon web\" href=\"https:\/\/www.egon.com\/es\/web-egon-in-the-cloud.html\">Egon web<\/a>:\u00a0en el modo web (In the Cloud) Egon tiene las mismas funcionalidades de las instalaciones in situ, pero la infraestructura software y los correspondientes servicios web de conexi\u00f3n estar\u00e1n deslocalizados\u00a0en servidores remotos\u00a0funcionando de este modo ya no v\u00eda intranet de empresa sino\u00a0v\u00eda Internet.<\/li>\n<\/ul>\n<p>En ambos casos sanear bases de datos completas que contengan incluso millones de direcciones u otros datos personales ser\u00e1 una operaci\u00f3n autom\u00e1tica que garantizar\u00e1 un\u00a0salto de calidad\u00a0ingente para los dos procedimientos de empresa en poco tiempo con la consiguiente optimizaci\u00f3n garantizada en t\u00e9rminos de\u00a0eficiencia operativa.[\/vc_column_text][\/vc_column][\/vc_row][vc_row][vc_column]<div class=\"templatera_shortcode\"><div class=\"o-holder u-background-ca-one u-padding-vertical-large\"><div class=\" o-wrapper\"><div class=\"grid-1\"><div class=\"col _lap-and-up-12\" ><div class=\"c-heading\"><h3 class=\" u-text-color-invert u-text-center\">ENV\u00cdANOS TU BASE DE DATOS EN POCOS CLICS!<\/h3><\/div><div class=\"c-text-block u-text-color-invert u-text-center\"><p>Egon puede procesar <span>cientos de registros de datos<\/span> por minuto. No pierdas m\u00e1s tiempo, da valor a tus datos ahora.<\/p>\n <\/div><div class=\"c-button-holder c-button-holder--center\"><a class=\"c-button c-button--center c-button--white  c-button--ghost\" href=\"https:\/\/www.egon.com\/egon-demo\">\u00a1Prueba Egon ahora!<\/a><\/div><\/div>\n<\/div><\/div><\/div><\/div>[\/vc_column][\/vc_row]\n","protected":false},"excerpt":{"rendered":"ENV\u00cdANOS TU BASE DE DATOS EN POCOS CLICS!Egon puede procesar cientos de registros de datos por minuto. No pierdas m\u00e1s tiempo, da [...]","protected":false},"author":1,"featured_media":0,"parent":7347,"menu_order":0,"comment_status":"closed","ping_status":"closed","template":"templates\/template-fullwidth.php","meta":{"footnotes":""},"class_list":["post-7351","page","type-page","status-publish","hentry"],"yoast_head":"<!-- This site is optimized with the Yoast SEO plugin v26.8 - https:\/\/yoast.com\/product\/yoast-seo-wordpress\/ -->\n<title>Normalizaciones direcciones de masa batch - EGON.COM<\/title>\n<meta name=\"description\" content=\"Egon batch (elaboraci\u00f3n masiva): normalizaci\u00f3n, geocodificaci\u00f3n y deduplicaci\u00f3n de grandes archivos de datos. \u00a1Demo Online Gratuita!\" \/>\n<meta name=\"robots\" content=\"index, follow, max-snippet:-1, max-image-preview:large, max-video-preview:-1\" \/>\n<link rel=\"canonical\" href=\"https:\/\/www.egon.com\/es\/modalidad-de-uso\/batch\" \/>\n<meta property=\"og:locale\" content=\"es_ES\" \/>\n<meta property=\"og:type\" content=\"article\" \/>\n<meta property=\"og:title\" content=\"Normalizaciones direcciones de masa batch - EGON.COM\" \/>\n<meta property=\"og:description\" content=\"Egon batch (elaboraci\u00f3n masiva): normalizaci\u00f3n, geocodificaci\u00f3n y deduplicaci\u00f3n de grandes archivos de datos. \u00a1Demo Online Gratuita!\" \/>\n<meta property=\"og:url\" content=\"https:\/\/www.egon.com\/es\/modalidad-de-uso\/batch\" \/>\n<meta property=\"og:site_name\" content=\"Egon\" \/>\n<meta property=\"article:modified_time\" content=\"2022-09-14T07:38:19+00:00\" \/>\n<meta name=\"twitter:card\" content=\"summary_large_image\" \/>\n<meta name=\"twitter:label1\" content=\"Tiempo de lectura\" \/>\n\t<meta name=\"twitter:data1\" content=\"3 minutos\" \/>\n<script type=\"application\/ld+json\" class=\"yoast-schema-graph\">{\"@context\":\"https:\/\/schema.org\",\"@graph\":[{\"@type\":\"WebPage\",\"@id\":\"https:\/\/www.egon.com\/es\/modalidad-de-uso\/batch\",\"url\":\"https:\/\/www.egon.com\/es\/modalidad-de-uso\/batch\",\"name\":\"Normalizaciones direcciones de masa batch - EGON.COM\",\"isPartOf\":{\"@id\":\"https:\/\/www.egon.com\/zh\/#website\"},\"datePublished\":\"2017-09-06T10:21:07+00:00\",\"dateModified\":\"2022-09-14T07:38:19+00:00\",\"description\":\"Egon batch (elaboraci\u00f3n masiva): normalizaci\u00f3n, geocodificaci\u00f3n y deduplicaci\u00f3n de grandes archivos de datos. \u00a1Demo Online Gratuita!\",\"breadcrumb\":{\"@id\":\"https:\/\/www.egon.com\/es\/modalidad-de-uso\/batch#breadcrumb\"},\"inLanguage\":\"es\",\"potentialAction\":[{\"@type\":\"ReadAction\",\"target\":[\"https:\/\/www.egon.com\/es\/modalidad-de-uso\/batch\"]}]},{\"@type\":\"BreadcrumbList\",\"@id\":\"https:\/\/www.egon.com\/es\/modalidad-de-uso\/batch#breadcrumb\",\"itemListElement\":[{\"@type\":\"ListItem\",\"position\":1,\"name\":\"Home\",\"item\":\"https:\/\/www.egon.com\/es\"},{\"@type\":\"ListItem\",\"position\":2,\"name\":\"Modalidad de uso\",\"item\":\"https:\/\/www.egon.com\/es\/modalidad-de-uso\"},{\"@type\":\"ListItem\",\"position\":3,\"name\":\"Normalizaciones direcciones de masa batch\"}]},{\"@type\":\"WebSite\",\"@id\":\"https:\/\/www.egon.com\/zh\/#website\",\"url\":\"https:\/\/www.egon.com\/zh\/\",\"name\":\"Egon\",\"description\":\"Normalizzazione indirizzi - Address validation - Egon.com\",\"potentialAction\":[{\"@type\":\"SearchAction\",\"target\":{\"@type\":\"EntryPoint\",\"urlTemplate\":\"https:\/\/www.egon.com\/zh\/?s={search_term_string}\"},\"query-input\":{\"@type\":\"PropertyValueSpecification\",\"valueRequired\":true,\"valueName\":\"search_term_string\"}}],\"inLanguage\":\"es\"}]}<\/script>\n<!-- \/ Yoast SEO plugin. -->","yoast_head_json":{"title":"Normalizaciones direcciones de masa batch - EGON.COM","description":"Egon batch (elaboraci\u00f3n masiva): normalizaci\u00f3n, geocodificaci\u00f3n y deduplicaci\u00f3n de grandes archivos de datos. \u00a1Demo Online Gratuita!","robots":{"index":"index","follow":"follow","max-snippet":"max-snippet:-1","max-image-preview":"max-image-preview:large","max-video-preview":"max-video-preview:-1"},"canonical":"https:\/\/www.egon.com\/es\/modalidad-de-uso\/batch","og_locale":"es_ES","og_type":"article","og_title":"Normalizaciones direcciones de masa batch - EGON.COM","og_description":"Egon batch (elaboraci\u00f3n masiva): normalizaci\u00f3n, geocodificaci\u00f3n y deduplicaci\u00f3n de grandes archivos de datos. \u00a1Demo Online Gratuita!","og_url":"https:\/\/www.egon.com\/es\/modalidad-de-uso\/batch","og_site_name":"Egon","article_modified_time":"2022-09-14T07:38:19+00:00","twitter_card":"summary_large_image","twitter_misc":{"Tiempo de lectura":"3 minutos"},"schema":{"@context":"https:\/\/schema.org","@graph":[{"@type":"WebPage","@id":"https:\/\/www.egon.com\/es\/modalidad-de-uso\/batch","url":"https:\/\/www.egon.com\/es\/modalidad-de-uso\/batch","name":"Normalizaciones direcciones de masa batch - EGON.COM","isPartOf":{"@id":"https:\/\/www.egon.com\/zh\/#website"},"datePublished":"2017-09-06T10:21:07+00:00","dateModified":"2022-09-14T07:38:19+00:00","description":"Egon batch (elaboraci\u00f3n masiva): normalizaci\u00f3n, geocodificaci\u00f3n y deduplicaci\u00f3n de grandes archivos de datos. \u00a1Demo Online Gratuita!","breadcrumb":{"@id":"https:\/\/www.egon.com\/es\/modalidad-de-uso\/batch#breadcrumb"},"inLanguage":"es","potentialAction":[{"@type":"ReadAction","target":["https:\/\/www.egon.com\/es\/modalidad-de-uso\/batch"]}]},{"@type":"BreadcrumbList","@id":"https:\/\/www.egon.com\/es\/modalidad-de-uso\/batch#breadcrumb","itemListElement":[{"@type":"ListItem","position":1,"name":"Home","item":"https:\/\/www.egon.com\/es"},{"@type":"ListItem","position":2,"name":"Modalidad de uso","item":"https:\/\/www.egon.com\/es\/modalidad-de-uso"},{"@type":"ListItem","position":3,"name":"Normalizaciones direcciones de masa batch"}]},{"@type":"WebSite","@id":"https:\/\/www.egon.com\/zh\/#website","url":"https:\/\/www.egon.com\/zh\/","name":"Egon","description":"Normalizzazione indirizzi - Address validation - Egon.com","potentialAction":[{"@type":"SearchAction","target":{"@type":"EntryPoint","urlTemplate":"https:\/\/www.egon.com\/zh\/?s={search_term_string}"},"query-input":{"@type":"PropertyValueSpecification","valueRequired":true,"valueName":"search_term_string"}}],"inLanguage":"es"}]}},"_links":{"self":[{"href":"https:\/\/www.egon.com\/es\/wp-json\/wp\/v2\/pages\/7351","targetHints":{"allow":["GET"]}}],"collection":[{"href":"https:\/\/www.egon.com\/es\/wp-json\/wp\/v2\/pages"}],"about":[{"href":"https:\/\/www.egon.com\/es\/wp-json\/wp\/v2\/types\/page"}],"author":[{"embeddable":true,"href":"https:\/\/www.egon.com\/es\/wp-json\/wp\/v2\/users\/1"}],"replies":[{"embeddable":true,"href":"https:\/\/www.egon.com\/es\/wp-json\/wp\/v2\/comments?post=7351"}],"version-history":[{"count":3,"href":"https:\/\/www.egon.com\/es\/wp-json\/wp\/v2\/pages\/7351\/revisions"}],"predecessor-version":[{"id":19358,"href":"https:\/\/www.egon.com\/es\/wp-json\/wp\/v2\/pages\/7351\/revisions\/19358"}],"up":[{"embeddable":true,"href":"https:\/\/www.egon.com\/es\/wp-json\/wp\/v2\/pages\/7347"}],"wp:attachment":[{"href":"https:\/\/www.egon.com\/es\/wp-json\/wp\/v2\/media?parent=7351"}],"curies":[{"name":"wp","href":"https:\/\/api.w.org\/{rel}","templated":true}]}}