{"id":7350,"date":"2017-09-06T10:23:34","date_gmt":"2017-09-06T10:23:34","guid":{"rendered":"https:\/\/egon.com\/?page_id=7350"},"modified":"2021-02-18T15:44:52","modified_gmt":"2021-02-18T15:44:52","slug":"online","status":"publish","type":"page","link":"https:\/\/www.egon.com\/es\/modalidad-de-uso\/online","title":{"rendered":"Normalizaci\u00f3n de la direcci\u00f3nes online"},"content":{"rendered":"[vc_row row_h_align=\u00bbgrid&#8211;center\u00bb wrapper=\u00bbtrue\u00bb holder_class=\u00bbu-section-hero-methodology u-overlapped-hero-padding\u00bb holder_set_margin=\u00bbtrue\u00bb holder_margin=\u00bbu-margin-bottom-large\u00bb][vc_column row_width=\u00bb_desktop-9&#8243;]<div class=\"c-heading\"><h1 class=\" u-h1 u-text-bolder u-margin-bottom u-text-center\">Normalizaci\u00f3n de la direcci\u00f3nes online<\/h1><\/div>[vc_column_text txt_align=\u00bbu-text-center\u00bb set_margin=\u00bbtrue\u00bb margin=\u00bbu-margin-bottom-large\u00bb]Utilizar\u00a0Egon on line\u00a0significa tener acceso, directamente v\u00eda internet, a una simple\u00a0m\u00e1scara de introducci\u00f3n de datos\u00a0a trav\u00e9s de la cual podr\u00e1s solicitar la normalizaci\u00f3n de una determinada direcci\u00f3n cuando te sea \u00fatil.[\/vc_column_text][vc_column_text txt_color=\u00bbu-text-color-invert\u00bb txt_align=\u00bbu-text-center\u00bb]SABER M\u00c1S[\/vc_column_text][\/vc_column][\/vc_row][vc_row wrapper=\u00bbtrue\u00bb][vc_column width=\u00bb1\/3&#8243;]<div class=\"c-image\"><a href=\"https:\/\/www.egon.com\/wp-content\/uploads\/2017\/07\/address-validation-online.jpg\"><img loading=\"lazy\" decoding=\"async\" width=\"768\" height=\"960\" src=\"https:\/\/www.egon.com\/wp-content\/uploads\/2017\/09\/normalizacion-direcciones-online-768x960.jpg\" class=\" u-margin-bottom aligncenter\" alt=\"normalizacion direcciones online\" srcset=\"https:\/\/www.egon.com\/wp-content\/uploads\/2017\/09\/normalizacion-direcciones-online-768x960.jpg 768w, https:\/\/www.egon.com\/wp-content\/uploads\/2017\/09\/normalizacion-direcciones-online-240x300.jpg 240w, https:\/\/www.egon.com\/wp-content\/uploads\/2017\/09\/normalizacion-direcciones-online-819x1024.jpg 819w, https:\/\/www.egon.com\/wp-content\/uploads\/2017\/09\/normalizacion-direcciones-online-336x420.jpg 336w, https:\/\/www.egon.com\/wp-content\/uploads\/2017\/09\/normalizacion-direcciones-online.jpg 960w\" sizes=\"auto, (max-width: 768px) 100vw, 768px\" \/><\/a><\/div>[\/vc_column][vc_column width=\u00bb2\/3&#8243;][vc_column_text]Egon On Line\u00a0te permite corregir los datos correspondientes a direcciones internacionales\u00a0en cualquier momento\u00a0y\u00a0desde cualquier estaci\u00f3n. S\u00f3lo tienes que tener acceso a Internet.<\/p>\n<p>Hay disponibles distintas funcionalidades:[\/vc_column_text]<div class=\" c-list c-list--color-one\"><ul>\n<li><i class=\"c-list__icon fal fa-check-circle\"><\/i>control y normalizaci\u00f3n de la direcci\u00f3n<\/li>\n<li><i class=\"c-list__icon fal fa-check-circle\"><\/i>compilaci\u00f3n autom\u00e1tica de los campos vac\u00edos<\/li>\n<li><i class=\"c-list__icon fal fa-check-circle\"><\/i>agregaci\u00f3n de las coordenadas<\/li>\n<li><i class=\"c-list__icon fal fa-check-circle\"><\/i>visualizaci\u00f3n en el mapa<\/li>\n<\/ul>\n<\/div>[vc_column_text]Los servicios online act\u00faan mediante controles autom\u00e1ticos interactivos seg\u00fan los cuales el sistema podr\u00e1 actuar en tiempo real como apoyo para todas las exigencias del usuario.<\/p>\n<p>Incluso introduciendo \u00fanicamente la localidad podr\u00edas obtener como resultado la indicaci\u00f3n del C.P., de la ciudad y la provincia, gracias a la ayuda de las funcionalidades de\u00a0compilaci\u00f3n autom\u00e1tica\u00a0(<a title=\"autocomplete\" href=\"https:\/\/www.egon.com\/es\/modalidad-de-uso\/autocomplete.html\">autocomplete<\/a>).<\/p>\n<p>Por otro lado introduciendo los datos completos correspondientes a una direcci\u00f3n podr\u00e1s obtener como resultado las\u00a0coordinadas geogr\u00e1ficas exactas\u00a0incluso el n\u00famero de la calle y tambi\u00e9n tendr\u00e1s la posibilidad de visualizar ese resultado en un mapa (<a title=\"geolocalizacion\" href=\"https:\/\/www.egon.com\/es\/soluciones\/geocodificacion.html\">geolocalizaci\u00f3n<\/a>).[\/vc_column_text][\/vc_column][\/vc_row][vc_row][vc_column]<div class=\"templatera_shortcode\"><div class=\"o-holder u-background-ca-one u-padding-vertical-large\"><div class=\" o-wrapper\"><div class=\"grid-1\"><div class=\"col _lap-and-up-12\" ><div class=\"c-heading\"><h3 class=\" u-text-color-invert u-text-center\">\u00a1DESCUBRE COMO NUESTRO SOFTWARE DE GESTI\u00d3N DE DATOS PUEDE AYUDARTE A HACER CRECER TU EMPRESA!<\/h3><\/div><div class=\"c-button-holder c-button-holder--center\"><a class=\"c-button u-text-bold c-button--center c-button--white  c-button--ghost\" href=\"https:\/\/www.egon.com\/company\/contact-us\">CONT\u00c1CTANOS<\/a><\/div><\/div>\n<\/div><\/div><\/div>\r\n<\/div>[\/vc_column][\/vc_row]\n","protected":false},"excerpt":{"rendered":"\u00a1DESCUBRE COMO NUESTRO SOFTWARE DE GESTI\u00d3N DE DATOS PUEDE AYUDARTE A HACER CRECER TU EMPRESA!CONT\u00c1CTANOS","protected":false},"author":1,"featured_media":0,"parent":7347,"menu_order":0,"comment_status":"closed","ping_status":"closed","template":"templates\/template-fullwidth.php","meta":{"footnotes":""},"class_list":["post-7350","page","type-page","status-publish","hentry"],"yoast_head":"<!-- This site is optimized with the Yoast SEO plugin v26.8 - https:\/\/yoast.com\/product\/yoast-seo-wordpress\/ -->\n<title>Normalizaci\u00f3n de la direcci\u00f3nes online - Egon.com<\/title>\n<meta name=\"description\" content=\"Egon On Line: introduce y normaliza ahora tu direcci\u00f3n desde una simple m\u00e1scara en la p\u00e1gina web. Free Online Demo\" \/>\n<meta name=\"robots\" content=\"index, follow, max-snippet:-1, max-image-preview:large, max-video-preview:-1\" \/>\n<link rel=\"canonical\" href=\"https:\/\/www.egon.com\/es\/modalidad-de-uso\/online\" \/>\n<meta property=\"og:locale\" content=\"es_ES\" \/>\n<meta property=\"og:type\" content=\"article\" \/>\n<meta property=\"og:title\" content=\"Normalizaci\u00f3n de la direcci\u00f3nes online - Egon.com\" \/>\n<meta property=\"og:description\" content=\"Egon On Line: introduce y normaliza ahora tu direcci\u00f3n desde una simple m\u00e1scara en la p\u00e1gina web. Free Online Demo\" \/>\n<meta property=\"og:url\" content=\"https:\/\/www.egon.com\/es\/modalidad-de-uso\/online\" \/>\n<meta property=\"og:site_name\" content=\"Egon\" \/>\n<meta property=\"article:modified_time\" content=\"2021-02-18T15:44:52+00:00\" \/>\n<meta name=\"twitter:card\" content=\"summary_large_image\" \/>\n<meta name=\"twitter:label1\" content=\"Tiempo de lectura\" \/>\n\t<meta name=\"twitter:data1\" content=\"1 minuto\" \/>\n<script type=\"application\/ld+json\" class=\"yoast-schema-graph\">{\"@context\":\"https:\/\/schema.org\",\"@graph\":[{\"@type\":\"WebPage\",\"@id\":\"https:\/\/www.egon.com\/es\/modalidad-de-uso\/online\",\"url\":\"https:\/\/www.egon.com\/es\/modalidad-de-uso\/online\",\"name\":\"Normalizaci\u00f3n de la direcci\u00f3nes online - Egon.com\",\"isPartOf\":{\"@id\":\"https:\/\/www.egon.com\/zh\/#website\"},\"datePublished\":\"2017-09-06T10:23:34+00:00\",\"dateModified\":\"2021-02-18T15:44:52+00:00\",\"description\":\"Egon On Line: introduce y normaliza ahora tu direcci\u00f3n desde una simple m\u00e1scara en la p\u00e1gina web. Free Online Demo\",\"breadcrumb\":{\"@id\":\"https:\/\/www.egon.com\/es\/modalidad-de-uso\/online#breadcrumb\"},\"inLanguage\":\"es\",\"potentialAction\":[{\"@type\":\"ReadAction\",\"target\":[\"https:\/\/www.egon.com\/es\/modalidad-de-uso\/online\"]}]},{\"@type\":\"BreadcrumbList\",\"@id\":\"https:\/\/www.egon.com\/es\/modalidad-de-uso\/online#breadcrumb\",\"itemListElement\":[{\"@type\":\"ListItem\",\"position\":1,\"name\":\"Home\",\"item\":\"https:\/\/www.egon.com\/es\"},{\"@type\":\"ListItem\",\"position\":2,\"name\":\"Modalidad de uso\",\"item\":\"https:\/\/www.egon.com\/es\/modalidad-de-uso\"},{\"@type\":\"ListItem\",\"position\":3,\"name\":\"Normalizaci\u00f3n de la direcci\u00f3nes online\"}]},{\"@type\":\"WebSite\",\"@id\":\"https:\/\/www.egon.com\/zh\/#website\",\"url\":\"https:\/\/www.egon.com\/zh\/\",\"name\":\"Egon\",\"description\":\"Normalizzazione indirizzi - Address validation - Egon.com\",\"potentialAction\":[{\"@type\":\"SearchAction\",\"target\":{\"@type\":\"EntryPoint\",\"urlTemplate\":\"https:\/\/www.egon.com\/zh\/?s={search_term_string}\"},\"query-input\":{\"@type\":\"PropertyValueSpecification\",\"valueRequired\":true,\"valueName\":\"search_term_string\"}}],\"inLanguage\":\"es\"}]}<\/script>\n<!-- \/ Yoast SEO plugin. -->","yoast_head_json":{"title":"Normalizaci\u00f3n de la direcci\u00f3nes online - Egon.com","description":"Egon On Line: introduce y normaliza ahora tu direcci\u00f3n desde una simple m\u00e1scara en la p\u00e1gina web. Free Online Demo","robots":{"index":"index","follow":"follow","max-snippet":"max-snippet:-1","max-image-preview":"max-image-preview:large","max-video-preview":"max-video-preview:-1"},"canonical":"https:\/\/www.egon.com\/es\/modalidad-de-uso\/online","og_locale":"es_ES","og_type":"article","og_title":"Normalizaci\u00f3n de la direcci\u00f3nes online - Egon.com","og_description":"Egon On Line: introduce y normaliza ahora tu direcci\u00f3n desde una simple m\u00e1scara en la p\u00e1gina web. Free Online Demo","og_url":"https:\/\/www.egon.com\/es\/modalidad-de-uso\/online","og_site_name":"Egon","article_modified_time":"2021-02-18T15:44:52+00:00","twitter_card":"summary_large_image","twitter_misc":{"Tiempo de lectura":"1 minuto"},"schema":{"@context":"https:\/\/schema.org","@graph":[{"@type":"WebPage","@id":"https:\/\/www.egon.com\/es\/modalidad-de-uso\/online","url":"https:\/\/www.egon.com\/es\/modalidad-de-uso\/online","name":"Normalizaci\u00f3n de la direcci\u00f3nes online - Egon.com","isPartOf":{"@id":"https:\/\/www.egon.com\/zh\/#website"},"datePublished":"2017-09-06T10:23:34+00:00","dateModified":"2021-02-18T15:44:52+00:00","description":"Egon On Line: introduce y normaliza ahora tu direcci\u00f3n desde una simple m\u00e1scara en la p\u00e1gina web. Free Online Demo","breadcrumb":{"@id":"https:\/\/www.egon.com\/es\/modalidad-de-uso\/online#breadcrumb"},"inLanguage":"es","potentialAction":[{"@type":"ReadAction","target":["https:\/\/www.egon.com\/es\/modalidad-de-uso\/online"]}]},{"@type":"BreadcrumbList","@id":"https:\/\/www.egon.com\/es\/modalidad-de-uso\/online#breadcrumb","itemListElement":[{"@type":"ListItem","position":1,"name":"Home","item":"https:\/\/www.egon.com\/es"},{"@type":"ListItem","position":2,"name":"Modalidad de uso","item":"https:\/\/www.egon.com\/es\/modalidad-de-uso"},{"@type":"ListItem","position":3,"name":"Normalizaci\u00f3n de la direcci\u00f3nes online"}]},{"@type":"WebSite","@id":"https:\/\/www.egon.com\/zh\/#website","url":"https:\/\/www.egon.com\/zh\/","name":"Egon","description":"Normalizzazione indirizzi - Address validation - Egon.com","potentialAction":[{"@type":"SearchAction","target":{"@type":"EntryPoint","urlTemplate":"https:\/\/www.egon.com\/zh\/?s={search_term_string}"},"query-input":{"@type":"PropertyValueSpecification","valueRequired":true,"valueName":"search_term_string"}}],"inLanguage":"es"}]}},"_links":{"self":[{"href":"https:\/\/www.egon.com\/es\/wp-json\/wp\/v2\/pages\/7350","targetHints":{"allow":["GET"]}}],"collection":[{"href":"https:\/\/www.egon.com\/es\/wp-json\/wp\/v2\/pages"}],"about":[{"href":"https:\/\/www.egon.com\/es\/wp-json\/wp\/v2\/types\/page"}],"author":[{"embeddable":true,"href":"https:\/\/www.egon.com\/es\/wp-json\/wp\/v2\/users\/1"}],"replies":[{"embeddable":true,"href":"https:\/\/www.egon.com\/es\/wp-json\/wp\/v2\/comments?post=7350"}],"version-history":[{"count":2,"href":"https:\/\/www.egon.com\/es\/wp-json\/wp\/v2\/pages\/7350\/revisions"}],"predecessor-version":[{"id":18007,"href":"https:\/\/www.egon.com\/es\/wp-json\/wp\/v2\/pages\/7350\/revisions\/18007"}],"up":[{"embeddable":true,"href":"https:\/\/www.egon.com\/es\/wp-json\/wp\/v2\/pages\/7347"}],"wp:attachment":[{"href":"https:\/\/www.egon.com\/es\/wp-json\/wp\/v2\/media?parent=7350"}],"curies":[{"name":"wp","href":"https:\/\/api.w.org\/{rel}","templated":true}]}}