{"id":7349,"date":"2017-09-06T10:23:29","date_gmt":"2017-09-06T10:23:29","guid":{"rendered":"https:\/\/egon.com\/?page_id=7349"},"modified":"2021-02-15T13:55:06","modified_gmt":"2021-02-15T13:55:06","slug":"integrado","status":"publish","type":"page","link":"https:\/\/www.egon.com\/es\/modalidad-de-uso\/integrado","title":{"rendered":"Egon integrado: normalizaci\u00f3n y la geocodificaci\u00f3n web service API"},"content":{"rendered":"[vc_row row_h_align=\u00bbgrid&#8211;center\u00bb wrapper=\u00bbtrue\u00bb holder_class=\u00bbu-section-hero-methodology u-overlapped-hero-padding\u00bb holder_set_margin=\u00bbtrue\u00bb holder_margin=\u00bbu-margin-bottom-large\u00bb][vc_column row_width=\u00bb_desktop-9&#8243;]<div class=\"c-heading\"><h1 class=\" u-h1 u-text-bolder u-margin-bottom u-text-center\">NORMALIZACI\u00d3N DIRECCIONES INTEGRADA EN TU APLICACI\u00d3N<\/h1><\/div>[vc_column_text txt_align=\u00bbu-text-center\u00bb set_margin=\u00bbtrue\u00bb margin=\u00bbu-margin-bottom-large\u00bb]Egon es una aplicaci\u00f3n capaz no s\u00f3lo de actuar de forma masiva en archivos de datos completos, sino tambi\u00e9n de\u00a0integrarse y cooperar con aplicaciones ajenas\u00a0de cualquier tipo y en entornos est\u00e1ndar.[\/vc_column_text][vc_column_text txt_color=\u00bbu-text-color-invert\u00bb txt_align=\u00bbu-text-center\u00bb]SABER M\u00c1S[\/vc_column_text][\/vc_column][\/vc_row][vc_row wrapper=\u00bbtrue\u00bb][vc_column][vc_column_text]Concretamente, sea cual sea el software de empresa que se utilice para el tratamiento de los datos, la integraci\u00f3n le permitir\u00e1 a tu software solicitar cuando lo necesite el soporte del\u00a0motor Egonpara la normalizaci\u00f3n y para todas las funcionalidades previstas,\u00a0<a title=\"egon on site local\" href=\"https:\/\/www.egon.com\/es\/egon-on-site-on-premises.html\">v\u00eda intranet de empresa<\/a>, o bien incluso\u00a0<a title=\"egon web\" href=\"https:\/\/www.egon.com\/es\/web-egon-in-the-cloud.html\">v\u00eda web<\/a>, seg\u00fan el tipo de instalaci\u00f3n que elijas (On Premises \u2013 In the Cloud).<\/p>\n<p>Es posible integrar Egon en cualquier soluci\u00f3n inform\u00e1tica, incluidas las infraestructuras de software est\u00e1ndar m\u00e1s difusas en las que podr\u00e1 adaptarse como\u00a0plugin adicional:[\/vc_column_text]<div class=\" c-divider c-divider--dashed\"\/><\/div>[\/vc_column][\/vc_row][vc_row wrapper=\u00bbtrue\u00bb][vc_column width=\u00bb1\/2&#8243;]<div class=\"c-heading\"><h3 class=\" u-text-bolder u-padding-vertical-small\">Integraci\u00f3n en aplicaciones de empresa (online \u2013 batch)<\/h3><\/div>[vc_column_text]Mediante el servicio web Egon se integra en software de empresas que lo aprovechan en el modo en\u00a0tiempo real\u00a0(Egon funciona online v\u00eda intranet de empresa o v\u00eda web, directamente mientras se usa la aplicaci\u00f3n, como apoyo para la introducci\u00f3n de los datos)\u00a0o bien en el modo batch automatizado\u00a0dentro de los procesos. La integraci\u00f3n es totalmente independiente respecto al sistema de referencia (Windows, Linux, Unix, IBMi, Mainframe, etc.) y se lleva a cabo en cualquier tipo de aplicaci\u00f3n:[\/vc_column_text]<div class=\" c-list c-list--color-one\"><ul>\n<li><i class=\"c-list__icon fal fa-check-circle\"><\/i>CRM<\/li>\n<li><i class=\"c-list__icon fal fa-check-circle\"><\/i>ERP<\/li>\n<li><i class=\"c-list__icon fal fa-check-circle\"><\/i>software de ingreso de datos<\/li>\n<li><i class=\"c-list__icon fal fa-check-circle\"><\/i>web<\/li>\n<li><i class=\"c-list__icon fal fa-check-circle\"><\/i>e-business<\/li>\n<\/ul>\n<\/div>[\/vc_column][vc_column width=\u00bb1\/2&#8243;]<div class=\"c-heading\"><h3 class=\" u-text-bolder u-padding-vertical-small\">Integraci\u00f3n en entornos est\u00e1ndar (aplicaci\u00f3n empresarial)<\/h3><\/div><div class=\" c-list c-list--color-one\"><p>en este caso Egon se integra como plugin adicional en infraestructuras preexistentes como:<\/p>\n<ul>\n<li><i class=\"c-list__icon fal fa-check-circle\"><\/i>IBM<\/li>\n<li><i class=\"c-list__icon fal fa-check-circle\"><\/i>Oracle<\/li>\n<li><i class=\"c-list__icon fal fa-check-circle\"><\/i>Google<\/li>\n<li><i class=\"c-list__icon fal fa-check-circle\"><\/i>Microsoft<\/li>\n<li><i class=\"c-list__icon fal fa-check-circle\"><\/i>SAP<\/li>\n<li><i class=\"c-list__icon fal fa-check-circle\"><\/i>Windows<\/li>\n<\/ul>\n<\/div>[\/vc_column][\/vc_row][vc_row][vc_column]<div class=\"templatera_shortcode\"><div class=\"o-holder u-background-ca-one u-padding-vertical-large\"><div class=\" o-wrapper\"><div class=\"grid-1\"><div class=\"col _lap-and-up-12\" ><div class=\"c-heading\"><h3 class=\" u-text-color-invert u-text-center\">\u00a1DESCUBRE COMO NUESTRO SOFTWARE DE GESTI\u00d3N DE DATOS PUEDE AYUDARTE A HACER CRECER TU EMPRESA!<\/h3><\/div><div class=\"c-button-holder c-button-holder--center\"><a class=\"c-button u-text-bold c-button--center c-button--white  c-button--ghost\" href=\"https:\/\/www.egon.com\/company\/contact-us\">CONT\u00c1CTANOS<\/a><\/div><\/div>\n<\/div><\/div><\/div>\r\n<\/div>[\/vc_column][\/vc_row]\n","protected":false},"excerpt":{"rendered":"\u00a1DESCUBRE COMO NUESTRO SOFTWARE DE GESTI\u00d3N DE DATOS PUEDE AYUDARTE A HACER CRECER TU EMPRESA!CONT\u00c1CTANOS","protected":false},"author":1,"featured_media":0,"parent":7347,"menu_order":0,"comment_status":"closed","ping_status":"closed","template":"templates\/template-fullwidth.php","meta":{"footnotes":""},"class_list":["post-7349","page","type-page","status-publish","hentry"],"yoast_head":"<!-- This site is optimized with the Yoast SEO plugin v26.8 - https:\/\/yoast.com\/product\/yoast-seo-wordpress\/ -->\n<title>Normalizaci\u00f3n direcciones y la geocodificaci\u00f3n integradas en tu aplicaci\u00f3n<\/title>\n<meta name=\"description\" content=\"Egon es una aplicaci\u00f3n capaz de integrarse con aplicaciones ajenas de cualquier tipo y como plugin en entornos operativos est\u00e1ndar (aplicaci\u00f3n empresarial).\" \/>\n<meta name=\"robots\" content=\"index, follow, max-snippet:-1, max-image-preview:large, max-video-preview:-1\" \/>\n<link rel=\"canonical\" href=\"https:\/\/www.egon.com\/es\/modalidad-de-uso\/integrado\" \/>\n<meta property=\"og:locale\" content=\"es_ES\" \/>\n<meta property=\"og:type\" content=\"article\" \/>\n<meta property=\"og:title\" content=\"Normalizaci\u00f3n direcciones y la geocodificaci\u00f3n integradas en tu aplicaci\u00f3n\" \/>\n<meta property=\"og:description\" content=\"Egon es una aplicaci\u00f3n capaz de integrarse con aplicaciones ajenas de cualquier tipo y como plugin en entornos operativos est\u00e1ndar (aplicaci\u00f3n empresarial).\" \/>\n<meta property=\"og:url\" content=\"https:\/\/www.egon.com\/es\/modalidad-de-uso\/integrado\" \/>\n<meta property=\"og:site_name\" content=\"Egon\" \/>\n<meta property=\"article:modified_time\" content=\"2021-02-15T13:55:06+00:00\" \/>\n<meta name=\"twitter:card\" content=\"summary_large_image\" \/>\n<meta name=\"twitter:label1\" content=\"Tiempo de lectura\" \/>\n\t<meta name=\"twitter:data1\" content=\"2 minutos\" \/>\n<script type=\"application\/ld+json\" class=\"yoast-schema-graph\">{\"@context\":\"https:\/\/schema.org\",\"@graph\":[{\"@type\":\"WebPage\",\"@id\":\"https:\/\/www.egon.com\/es\/modalidad-de-uso\/integrado\",\"url\":\"https:\/\/www.egon.com\/es\/modalidad-de-uso\/integrado\",\"name\":\"Normalizaci\u00f3n direcciones y la geocodificaci\u00f3n integradas en tu aplicaci\u00f3n\",\"isPartOf\":{\"@id\":\"https:\/\/www.egon.com\/zh\/#website\"},\"datePublished\":\"2017-09-06T10:23:29+00:00\",\"dateModified\":\"2021-02-15T13:55:06+00:00\",\"description\":\"Egon es una aplicaci\u00f3n capaz de integrarse con aplicaciones ajenas de cualquier tipo y como plugin en entornos operativos est\u00e1ndar (aplicaci\u00f3n empresarial).\",\"breadcrumb\":{\"@id\":\"https:\/\/www.egon.com\/es\/modalidad-de-uso\/integrado#breadcrumb\"},\"inLanguage\":\"es\",\"potentialAction\":[{\"@type\":\"ReadAction\",\"target\":[\"https:\/\/www.egon.com\/es\/modalidad-de-uso\/integrado\"]}]},{\"@type\":\"BreadcrumbList\",\"@id\":\"https:\/\/www.egon.com\/es\/modalidad-de-uso\/integrado#breadcrumb\",\"itemListElement\":[{\"@type\":\"ListItem\",\"position\":1,\"name\":\"Home\",\"item\":\"https:\/\/www.egon.com\/es\"},{\"@type\":\"ListItem\",\"position\":2,\"name\":\"Modalidad de uso\",\"item\":\"https:\/\/www.egon.com\/es\/modalidad-de-uso\"},{\"@type\":\"ListItem\",\"position\":3,\"name\":\"Egon integrado: normalizaci\u00f3n y la geocodificaci\u00f3n web service API\"}]},{\"@type\":\"WebSite\",\"@id\":\"https:\/\/www.egon.com\/zh\/#website\",\"url\":\"https:\/\/www.egon.com\/zh\/\",\"name\":\"Egon\",\"description\":\"Normalizzazione indirizzi - Address validation - Egon.com\",\"potentialAction\":[{\"@type\":\"SearchAction\",\"target\":{\"@type\":\"EntryPoint\",\"urlTemplate\":\"https:\/\/www.egon.com\/zh\/?s={search_term_string}\"},\"query-input\":{\"@type\":\"PropertyValueSpecification\",\"valueRequired\":true,\"valueName\":\"search_term_string\"}}],\"inLanguage\":\"es\"}]}<\/script>\n<!-- \/ Yoast SEO plugin. -->","yoast_head_json":{"title":"Normalizaci\u00f3n direcciones y la geocodificaci\u00f3n integradas en tu aplicaci\u00f3n","description":"Egon es una aplicaci\u00f3n capaz de integrarse con aplicaciones ajenas de cualquier tipo y como plugin en entornos operativos est\u00e1ndar (aplicaci\u00f3n empresarial).","robots":{"index":"index","follow":"follow","max-snippet":"max-snippet:-1","max-image-preview":"max-image-preview:large","max-video-preview":"max-video-preview:-1"},"canonical":"https:\/\/www.egon.com\/es\/modalidad-de-uso\/integrado","og_locale":"es_ES","og_type":"article","og_title":"Normalizaci\u00f3n direcciones y la geocodificaci\u00f3n integradas en tu aplicaci\u00f3n","og_description":"Egon es una aplicaci\u00f3n capaz de integrarse con aplicaciones ajenas de cualquier tipo y como plugin en entornos operativos est\u00e1ndar (aplicaci\u00f3n empresarial).","og_url":"https:\/\/www.egon.com\/es\/modalidad-de-uso\/integrado","og_site_name":"Egon","article_modified_time":"2021-02-15T13:55:06+00:00","twitter_card":"summary_large_image","twitter_misc":{"Tiempo de lectura":"2 minutos"},"schema":{"@context":"https:\/\/schema.org","@graph":[{"@type":"WebPage","@id":"https:\/\/www.egon.com\/es\/modalidad-de-uso\/integrado","url":"https:\/\/www.egon.com\/es\/modalidad-de-uso\/integrado","name":"Normalizaci\u00f3n direcciones y la geocodificaci\u00f3n integradas en tu aplicaci\u00f3n","isPartOf":{"@id":"https:\/\/www.egon.com\/zh\/#website"},"datePublished":"2017-09-06T10:23:29+00:00","dateModified":"2021-02-15T13:55:06+00:00","description":"Egon es una aplicaci\u00f3n capaz de integrarse con aplicaciones ajenas de cualquier tipo y como plugin en entornos operativos est\u00e1ndar (aplicaci\u00f3n empresarial).","breadcrumb":{"@id":"https:\/\/www.egon.com\/es\/modalidad-de-uso\/integrado#breadcrumb"},"inLanguage":"es","potentialAction":[{"@type":"ReadAction","target":["https:\/\/www.egon.com\/es\/modalidad-de-uso\/integrado"]}]},{"@type":"BreadcrumbList","@id":"https:\/\/www.egon.com\/es\/modalidad-de-uso\/integrado#breadcrumb","itemListElement":[{"@type":"ListItem","position":1,"name":"Home","item":"https:\/\/www.egon.com\/es"},{"@type":"ListItem","position":2,"name":"Modalidad de uso","item":"https:\/\/www.egon.com\/es\/modalidad-de-uso"},{"@type":"ListItem","position":3,"name":"Egon integrado: normalizaci\u00f3n y la geocodificaci\u00f3n web service API"}]},{"@type":"WebSite","@id":"https:\/\/www.egon.com\/zh\/#website","url":"https:\/\/www.egon.com\/zh\/","name":"Egon","description":"Normalizzazione indirizzi - Address validation - Egon.com","potentialAction":[{"@type":"SearchAction","target":{"@type":"EntryPoint","urlTemplate":"https:\/\/www.egon.com\/zh\/?s={search_term_string}"},"query-input":{"@type":"PropertyValueSpecification","valueRequired":true,"valueName":"search_term_string"}}],"inLanguage":"es"}]}},"_links":{"self":[{"href":"https:\/\/www.egon.com\/es\/wp-json\/wp\/v2\/pages\/7349","targetHints":{"allow":["GET"]}}],"collection":[{"href":"https:\/\/www.egon.com\/es\/wp-json\/wp\/v2\/pages"}],"about":[{"href":"https:\/\/www.egon.com\/es\/wp-json\/wp\/v2\/types\/page"}],"author":[{"embeddable":true,"href":"https:\/\/www.egon.com\/es\/wp-json\/wp\/v2\/users\/1"}],"replies":[{"embeddable":true,"href":"https:\/\/www.egon.com\/es\/wp-json\/wp\/v2\/comments?post=7349"}],"version-history":[{"count":1,"href":"https:\/\/www.egon.com\/es\/wp-json\/wp\/v2\/pages\/7349\/revisions"}],"predecessor-version":[{"id":17994,"href":"https:\/\/www.egon.com\/es\/wp-json\/wp\/v2\/pages\/7349\/revisions\/17994"}],"up":[{"embeddable":true,"href":"https:\/\/www.egon.com\/es\/wp-json\/wp\/v2\/pages\/7347"}],"wp:attachment":[{"href":"https:\/\/www.egon.com\/es\/wp-json\/wp\/v2\/media?parent=7349"}],"curies":[{"name":"wp","href":"https:\/\/api.w.org\/{rel}","templated":true}]}}