{"id":7348,"date":"2017-09-06T10:20:07","date_gmt":"2017-09-06T10:20:07","guid":{"rendered":"https:\/\/egon.com\/?page_id=7348"},"modified":"2021-02-18T15:51:02","modified_gmt":"2021-02-18T15:51:02","slug":"autocomplete","status":"publish","type":"page","link":"https:\/\/www.egon.com\/es\/modalidad-de-uso\/autocomplete","title":{"rendered":"AUTOCOMPLETE &#8211; Completa ahora tu direcci\u00f3n con los datos que faltan"},"content":{"rendered":"[vc_row row_h_align=\u00bbgrid&#8211;center\u00bb wrapper=\u00bbtrue\u00bb holder_class=\u00bbu-section-hero-methodology u-overlapped-hero-padding\u00bb holder_set_margin=\u00bbtrue\u00bb holder_margin=\u00bbu-margin-bottom-large\u00bb][vc_column row_width=\u00bb_desktop-9&#8243;]<div class=\"c-heading\"><h1 class=\" u-h1 u-text-bolder u-margin-bottom u-text-center\">Autocomplete direcci\u00f3n<\/h1><\/div>[vc_column_text txt_align=\u00bbu-text-center\u00bb set_margin=\u00bbtrue\u00bb margin=\u00bbu-margin-bottom-large\u00bb]La funci\u00f3n de\u00a0compilaci\u00f3n autom\u00e1tica\u00a0se aplica a cualquier formulario online de introducci\u00f3n de datos en entrada de forma que sea posible visualizar las\u00a0sugerencias mientras\u00a0el operador\u00a0teclea.[\/vc_column_text][vc_column_text txt_color=\u00bbu-text-color-invert\u00bb txt_align=\u00bbu-text-center\u00bb]SABER M\u00c1S[\/vc_column_text][\/vc_column][\/vc_row][vc_row wrapper=\u00bbtrue\u00bb][vc_column width=\u00bb1\/3&#8243;]<div class=\"c-image\"><img loading=\"lazy\" decoding=\"async\" width=\"720\" height=\"761\" src=\"https:\/\/www.egon.com\/wp-content\/uploads\/2017\/07\/data-management-e1500048243542.jpg\" class=\" u-margin-bottom aligncenter\" alt=\"autocomplete suggest\" srcset=\"https:\/\/www.egon.com\/wp-content\/uploads\/2017\/07\/data-management-e1500048243542.jpg 720w, https:\/\/www.egon.com\/wp-content\/uploads\/2017\/07\/data-management-e1500048243542-284x300.jpg 284w\" sizes=\"auto, (max-width: 720px) 100vw, 720px\" \/><\/div>[\/vc_column][vc_column width=\u00bb2\/3&#8243;][vc_column_text]A trav\u00e9s de un complejo sistema de filtrado el autocomplete permite que los usuarios localicen y seleccionen r\u00e1pidamente de una\u00a0lista pre-poblada\u00a0el elemento que quieran de entre los posibles\u00a0candidatos.<\/p>\n<p>A nivel t\u00e9cnico la adquisici\u00f3n del tercer byte (por ej. en el campo localidad, la digitaci\u00f3n \u201cmil\u201d) incita una llamada al sistema que corresponde a una b\u00fasqueda entre los asientos correspondientes con la posterior visualizaci\u00f3n de una lista de valores entre los que elegir. Si se sigue tecleando obviamente la b\u00fasqueda ser\u00e1 cada vez m\u00e1s precisa y le permitir\u00e1 al usuario filtrar la lista y optimizar la b\u00fasqueda reduciendo los posibles candidatos.<\/p>\n<p>Esa funcionalidad la garantiza el\u00a0motor\u00a0<a title=\"egon\" href=\"https:\/\/www.egon.com\/es\/\">Egon\u00a0<\/a>a trav\u00e9s de la continua llamada al sistema con an\u00e1lisis realizada a trav\u00e9s de matrices de datos preconcebidos a partir del\u00a0tesauro\u00a0de referencia que incluye centenares de miles de datos para cualquier campo posible (localidad, C.P., provincia, etc.).<\/p>\n<p>Desde un punto de vista estrictamente operativo se trata de un importante\u00a0soporte para la digitaci\u00f3n\u00a0para cualquier exigencia relacionada con la\u00a0introducci\u00f3n de datos, por lo que el formulario podr\u00eda ser indispensable para muchas empresas con el objeto de\u00a0reducir dr\u00e1sticamente\u00a0por un lado el\u00a0tiempo de introducci\u00f3n de datos\u00a0por parte de los operadores y por otro los\u00a0posibles errores \u201chumanos\u201d\u00a0mientras se introducen, ya que todo el ciclo de digitaci\u00f3n contar\u00e1 con el soporte de las sugerencias apropiadas de los posibles candidatos \u201ccorrectos\u201d.[\/vc_column_text][\/vc_column][\/vc_row][vc_row][vc_column]<div class=\"templatera_shortcode\"><div class=\"o-holder u-background-ca-one u-padding-vertical-large\"><div class=\" o-wrapper\"><div class=\"grid-1\"><div class=\"col _lap-and-up-12\" ><div class=\"c-heading\"><h3 class=\" u-text-color-invert u-text-center\">\u00a1DESCUBRE COMO NUESTRO SOFTWARE DE GESTI\u00d3N DE DATOS PUEDE AYUDARTE A HACER CRECER TU EMPRESA!<\/h3><\/div><div class=\"c-button-holder c-button-holder--center\"><a class=\"c-button u-text-bold c-button--center c-button--white  c-button--ghost\" href=\"https:\/\/www.egon.com\/company\/contact-us\">CONT\u00c1CTANOS<\/a><\/div><\/div>\n<\/div><\/div><\/div>\r\n<\/div>[\/vc_column][\/vc_row]\n","protected":false},"excerpt":{"rendered":"\u00a1DESCUBRE COMO NUESTRO SOFTWARE DE GESTI\u00d3N DE DATOS PUEDE AYUDARTE A HACER CRECER TU EMPRESA!CONT\u00c1CTANOS","protected":false},"author":1,"featured_media":0,"parent":7347,"menu_order":0,"comment_status":"closed","ping_status":"closed","template":"templates\/template-fullwidth.php","meta":{"footnotes":""},"class_list":["post-7348","page","type-page","status-publish","hentry"],"yoast_head":"<!-- This site is optimized with the Yoast SEO plugin v26.8 - https:\/\/yoast.com\/product\/yoast-seo-wordpress\/ -->\n<title>Autocomplete: completa ahora tu direcci\u00f3n con los datos que faltan<\/title>\n<meta name=\"description\" content=\"El autocomplete permite localizar r\u00e1pidamente en una lista (autocompletamiento) el elemento que se quiera de entre los posibles candidatos.\" \/>\n<meta name=\"robots\" content=\"index, follow, max-snippet:-1, max-image-preview:large, max-video-preview:-1\" \/>\n<link rel=\"canonical\" href=\"https:\/\/www.egon.com\/es\/modalidad-de-uso\/autocomplete\" \/>\n<meta property=\"og:locale\" content=\"es_ES\" \/>\n<meta property=\"og:type\" content=\"article\" \/>\n<meta property=\"og:title\" content=\"Autocomplete: completa ahora tu direcci\u00f3n con los datos que faltan\" \/>\n<meta property=\"og:description\" content=\"El autocomplete permite localizar r\u00e1pidamente en una lista (autocompletamiento) el elemento que se quiera de entre los posibles candidatos.\" \/>\n<meta property=\"og:url\" content=\"https:\/\/www.egon.com\/es\/modalidad-de-uso\/autocomplete\" \/>\n<meta property=\"og:site_name\" content=\"Egon\" \/>\n<meta property=\"article:modified_time\" content=\"2021-02-18T15:51:02+00:00\" \/>\n<meta name=\"twitter:card\" content=\"summary_large_image\" \/>\n<meta name=\"twitter:label1\" content=\"Tiempo de lectura\" \/>\n\t<meta name=\"twitter:data1\" content=\"2 minutos\" \/>\n<script type=\"application\/ld+json\" class=\"yoast-schema-graph\">{\"@context\":\"https:\/\/schema.org\",\"@graph\":[{\"@type\":\"WebPage\",\"@id\":\"https:\/\/www.egon.com\/es\/modalidad-de-uso\/autocomplete\",\"url\":\"https:\/\/www.egon.com\/es\/modalidad-de-uso\/autocomplete\",\"name\":\"Autocomplete: completa ahora tu direcci\u00f3n con los datos que faltan\",\"isPartOf\":{\"@id\":\"https:\/\/www.egon.com\/zh\/#website\"},\"datePublished\":\"2017-09-06T10:20:07+00:00\",\"dateModified\":\"2021-02-18T15:51:02+00:00\",\"description\":\"El autocomplete permite localizar r\u00e1pidamente en una lista (autocompletamiento) el elemento que se quiera de entre los posibles candidatos.\",\"breadcrumb\":{\"@id\":\"https:\/\/www.egon.com\/es\/modalidad-de-uso\/autocomplete#breadcrumb\"},\"inLanguage\":\"es\",\"potentialAction\":[{\"@type\":\"ReadAction\",\"target\":[\"https:\/\/www.egon.com\/es\/modalidad-de-uso\/autocomplete\"]}]},{\"@type\":\"BreadcrumbList\",\"@id\":\"https:\/\/www.egon.com\/es\/modalidad-de-uso\/autocomplete#breadcrumb\",\"itemListElement\":[{\"@type\":\"ListItem\",\"position\":1,\"name\":\"Home\",\"item\":\"https:\/\/www.egon.com\/es\"},{\"@type\":\"ListItem\",\"position\":2,\"name\":\"Modalidad de uso\",\"item\":\"https:\/\/www.egon.com\/es\/modalidad-de-uso\"},{\"@type\":\"ListItem\",\"position\":3,\"name\":\"AUTOCOMPLETE &#8211; Completa ahora tu direcci\u00f3n con los datos que faltan\"}]},{\"@type\":\"WebSite\",\"@id\":\"https:\/\/www.egon.com\/zh\/#website\",\"url\":\"https:\/\/www.egon.com\/zh\/\",\"name\":\"Egon\",\"description\":\"Normalizzazione indirizzi - Address validation - Egon.com\",\"potentialAction\":[{\"@type\":\"SearchAction\",\"target\":{\"@type\":\"EntryPoint\",\"urlTemplate\":\"https:\/\/www.egon.com\/zh\/?s={search_term_string}\"},\"query-input\":{\"@type\":\"PropertyValueSpecification\",\"valueRequired\":true,\"valueName\":\"search_term_string\"}}],\"inLanguage\":\"es\"}]}<\/script>\n<!-- \/ Yoast SEO plugin. -->","yoast_head_json":{"title":"Autocomplete: completa ahora tu direcci\u00f3n con los datos que faltan","description":"El autocomplete permite localizar r\u00e1pidamente en una lista (autocompletamiento) el elemento que se quiera de entre los posibles candidatos.","robots":{"index":"index","follow":"follow","max-snippet":"max-snippet:-1","max-image-preview":"max-image-preview:large","max-video-preview":"max-video-preview:-1"},"canonical":"https:\/\/www.egon.com\/es\/modalidad-de-uso\/autocomplete","og_locale":"es_ES","og_type":"article","og_title":"Autocomplete: completa ahora tu direcci\u00f3n con los datos que faltan","og_description":"El autocomplete permite localizar r\u00e1pidamente en una lista (autocompletamiento) el elemento que se quiera de entre los posibles candidatos.","og_url":"https:\/\/www.egon.com\/es\/modalidad-de-uso\/autocomplete","og_site_name":"Egon","article_modified_time":"2021-02-18T15:51:02+00:00","twitter_card":"summary_large_image","twitter_misc":{"Tiempo de lectura":"2 minutos"},"schema":{"@context":"https:\/\/schema.org","@graph":[{"@type":"WebPage","@id":"https:\/\/www.egon.com\/es\/modalidad-de-uso\/autocomplete","url":"https:\/\/www.egon.com\/es\/modalidad-de-uso\/autocomplete","name":"Autocomplete: completa ahora tu direcci\u00f3n con los datos que faltan","isPartOf":{"@id":"https:\/\/www.egon.com\/zh\/#website"},"datePublished":"2017-09-06T10:20:07+00:00","dateModified":"2021-02-18T15:51:02+00:00","description":"El autocomplete permite localizar r\u00e1pidamente en una lista (autocompletamiento) el elemento que se quiera de entre los posibles candidatos.","breadcrumb":{"@id":"https:\/\/www.egon.com\/es\/modalidad-de-uso\/autocomplete#breadcrumb"},"inLanguage":"es","potentialAction":[{"@type":"ReadAction","target":["https:\/\/www.egon.com\/es\/modalidad-de-uso\/autocomplete"]}]},{"@type":"BreadcrumbList","@id":"https:\/\/www.egon.com\/es\/modalidad-de-uso\/autocomplete#breadcrumb","itemListElement":[{"@type":"ListItem","position":1,"name":"Home","item":"https:\/\/www.egon.com\/es"},{"@type":"ListItem","position":2,"name":"Modalidad de uso","item":"https:\/\/www.egon.com\/es\/modalidad-de-uso"},{"@type":"ListItem","position":3,"name":"AUTOCOMPLETE &#8211; Completa ahora tu direcci\u00f3n con los datos que faltan"}]},{"@type":"WebSite","@id":"https:\/\/www.egon.com\/zh\/#website","url":"https:\/\/www.egon.com\/zh\/","name":"Egon","description":"Normalizzazione indirizzi - Address validation - Egon.com","potentialAction":[{"@type":"SearchAction","target":{"@type":"EntryPoint","urlTemplate":"https:\/\/www.egon.com\/zh\/?s={search_term_string}"},"query-input":{"@type":"PropertyValueSpecification","valueRequired":true,"valueName":"search_term_string"}}],"inLanguage":"es"}]}},"_links":{"self":[{"href":"https:\/\/www.egon.com\/es\/wp-json\/wp\/v2\/pages\/7348","targetHints":{"allow":["GET"]}}],"collection":[{"href":"https:\/\/www.egon.com\/es\/wp-json\/wp\/v2\/pages"}],"about":[{"href":"https:\/\/www.egon.com\/es\/wp-json\/wp\/v2\/types\/page"}],"author":[{"embeddable":true,"href":"https:\/\/www.egon.com\/es\/wp-json\/wp\/v2\/users\/1"}],"replies":[{"embeddable":true,"href":"https:\/\/www.egon.com\/es\/wp-json\/wp\/v2\/comments?post=7348"}],"version-history":[{"count":1,"href":"https:\/\/www.egon.com\/es\/wp-json\/wp\/v2\/pages\/7348\/revisions"}],"predecessor-version":[{"id":18017,"href":"https:\/\/www.egon.com\/es\/wp-json\/wp\/v2\/pages\/7348\/revisions\/18017"}],"up":[{"embeddable":true,"href":"https:\/\/www.egon.com\/es\/wp-json\/wp\/v2\/pages\/7347"}],"wp:attachment":[{"href":"https:\/\/www.egon.com\/es\/wp-json\/wp\/v2\/media?parent=7348"}],"curies":[{"name":"wp","href":"https:\/\/api.w.org\/{rel}","templated":true}]}}