{"id":7339,"date":"2017-09-06T10:16:08","date_gmt":"2017-09-06T10:16:08","guid":{"rendered":"https:\/\/egon.com\/?page_id=7339"},"modified":"2017-10-18T18:38:20","modified_gmt":"2017-10-18T18:38:20","slug":"web-egon-in-the-cloud","status":"publish","type":"page","link":"https:\/\/www.egon.com\/es\/web-egon-in-the-cloud","title":{"rendered":"CALIDAD DE DATOS Y VALIDACI\u00d3N DE DIRECCIONES V\u00cdA WEB"},"content":{"rendered":"[vc_row holder_set_margin=\u00bbtrue\u00bb holder_margin=\u00bbu-margin-bottom-large\u00bb][vc_column]<div class=\"c-mediabox\">\n<div class=\" o-media o-media--responsive\">\n<div class=\"o-media__img\"><img loading=\"lazy\" decoding=\"async\" width=\"400\" height=\"225\" src=\"https:\/\/www.egon.com\/wp-content\/uploads\/2017\/09\/validacion-direcciones-web-400x225.jpg\" class=\"attachment-medium size-medium\" alt=\"Validaci\u00f3n de direcciones v\u00eda web\" srcset=\"https:\/\/www.egon.com\/wp-content\/uploads\/2017\/09\/validacion-direcciones-web-400x225.jpg 400w, https:\/\/www.egon.com\/wp-content\/uploads\/2017\/09\/validacion-direcciones-web-768x432.jpg 768w, https:\/\/www.egon.com\/wp-content\/uploads\/2017\/09\/validacion-direcciones-web-1024x576.jpg 1024w, https:\/\/www.egon.com\/wp-content\/uploads\/2017\/09\/validacion-direcciones-web.jpg 1838w\" sizes=\"auto, (max-width: 400px) 100vw, 400px\" \/><\/div>\n<div class=\"o-media__body\"><span>Egon web\u00a0<\/span>nace para satisfacer una aspiraci\u00f3n:\u00a0<span>llevar la calidad de los datos de las empresas directamente a tan s\u00f3lo un clic.\u00a0<\/span>Egon puede disfrutarse tanto de forma continuativa como s\u00f3lo cuando se necesite (con f\u00f3rmulas de pago una tantum o por consumo, adem\u00e1s de los suscripciones tradicionales), sin necesidad de instalaciones especiales en la infraestructura inform\u00e1tica de la empresa, sino utilizando simples<span>\u00a0llamadas web<\/span>\u00a0a los \u201c<span>servicios web<\/span>\u201d disponibles que hacen posible una comunicaci\u00f3n directa entre las aplicaciones de las empresas y el motor Egon a trav\u00e9s de lenguajes e interfaces est\u00e1ndar (wsdl, api\u2026).<\/p>\n<p>No tendr\u00e1s que preocuparte en absoluto por los costes y las modalidades de instalaci\u00f3n f\u00edsica de nuestra aplicaci\u00f3n ya que Egon, como se suele decir, est\u00e1 disponible para ti directamente \u201c<span>In the Cloud<\/span>\u201d (<span>en las nubes<\/span>) y t\u00fa\u00a0<span>adquirir\u00e1s exclusivamente el servicio<\/span>, mientras que nosotros nos ocuparemos de toda la infraestructura t\u00e9cnico-log\u00edstica mediante instalaciones en servidores de nuestras propiedad y bajo nuestro control.<\/div>\n<\/div>\n<\/div>\n[\/vc_column][\/vc_row][vc_row][vc_column]<div class=\"templatera_shortcode\"><div class=\"o-holder u-background-pos-bottom-right u-background-cover u-background-color-one u-margin-bottom-large\" style='background-image:url(https:\/\/www.egon.com\/wp-content\/uploads\/2017\/07\/pattern.svg);'><div class=\"grid-1 grid--middle\"><div class=\"col _lap-and-up-9\" ><div class=\"col_inner u-padding\"><div class=\"c-heading\"><h3 class=\" u-text-color-invert u-text-bolder u-margin-bottom-none u-padding-vertical\">\u00bfQUIERES TESTAR DE INMEDIATO LA FUERZA DE NUESTRA APLICACI\u00d3N?<\/h3><\/div><div class=\"c-text-block u-text-color-invert\"><p>evaluaremos juntos, sin compromiso, la soluci\u00f3n m\u00e1s apropiada para satisfacer tus exigencias permiti\u00e9ndote tambi\u00e9n\u00a0<span>probar gratuitamente algunos de nuestros servicios<\/span>\u00a0b\u00e1sicos para que puedas comprender con claridad las notables potencialidades de nuestro producto.<\/p>\n <\/div><\/div><\/div><div class=\"col _lap-and-up-3\" ><div class=\"col_inner u-padding\"><div class=\"c-button-holder c-button-holder--center\"><a class=\"c-button c-button--center c-button--white  c-button--ghost\" href=\"https:\/\/www.egon.com\/company\/contact-us\">PONTE EN CONTACTO<\/a><\/div><\/div><\/div>\n<\/div><\/div><\/div>[\/vc_column][\/vc_row][vc_row holder_set_margin=\u00bbtrue\u00bb holder_margin=\u00bbu-margin-bottom\u00bb][vc_column]<div class=\"c-heading\"><h3 class=\" u-text-bolder\">DE LAS NUBES A LA EMPRESA, LA CALIDAD DE DATOS V\u00cdA WEB<\/h3><\/div>[vc_column_text]Todas las empresas, de las m\u00e1s grandes y estructuradas al centro artesanal de provincia, tienen que gestionar a diario una red informativa que crece cada vez m\u00e1s, en deterioro continuo desde el punto de vista cualitativo. A menudo la p\u00e9rdida de coherencia de las propias bases de datos de gesti\u00f3n conlleva la inevitable imposibilidad de utilizar eficazmente los datos para los fines m\u00e1s distintos.\u00bfC\u00f3mo proceder por ejemplo al env\u00edo de campa\u00f1as publicitarias relativas a las novedades o las \u00faltimas ofertas?, o \u00bfc\u00f3mo enviar con total tranquilidad comunicaciones importantes sin tener la certeza de disponer de datos anagr\u00e1ficos y direcciones correctos relativos al propio parque de clientes\/proveedores? Enviar comunicaciones postales, o incluso digitales, incorrectas o repetidas debido a la mala calidad de los propios archivos puede significar estar mal vistos por los propios compradores o incluso ser considerados, y quiz\u00e1s, se\u00f1alados, como correo basura.<\/p>\n<p>Por otro lado no ser capaz de recuperar de la base de datos informaci\u00f3n distinta y disgregada respecto a los mismos usuarios lleva a la imposibilidad de una descripci\u00f3n correcta de los propios clientes con la consiguiente inutilidad de la inmensa disponibilidad informativa pose\u00edda:<\/p>\n<p><em><span>una informaci\u00f3n disgregada corresponde a una informaci\u00f3n inutilizable<\/span><\/em>.<\/p>\n<p>En este sentido el objetivo que nos hemos trazado es poder garantizar a cualquier empresa, incluso a la peque\u00f1a-mediana empresa, la posibilidad de proceder a normalizar sus archivos informativos y a todos los servicios Egon en\u00a0<span>poco tiempo<\/span>\u00a0y de\u00a0<span>forma sumamente f\u00e1cil<\/span>, directamente<span>\u00a0v\u00eda Internet<\/span>.<\/p>\n<p>Este proyecto, que se ha culminado recientemente con la puesta en marcha del formulario \u201cEgon web\u201d para la calidad de datos, ha permitido incluso a realidades productivas que no puedan o no tengan intenci\u00f3n de realizar gastos ingentes en innovaci\u00f3n, invertir de forma minuciosa en la calidad y dar un paso hacia adelante de un notable alcance.[\/vc_column_text][\/vc_column][\/vc_row][vc_row holder_set_margin=\u00bbtrue\u00bb holder_margin=\u00bbu-margin-bottom-large\u00bb][vc_column]<div class=\"templatera_shortcode\"><div class=\"o-holder u-background-pos-bottom-right u-background-cover u-background-color-one u-margin-bottom-large\" style='background-image:url(https:\/\/www.egon.com\/wp-content\/uploads\/2017\/07\/pattern.svg);'><div class=\"grid-1 grid--middle\"><div class=\"col _lap-and-up-9\" ><div class=\"col_inner u-padding\"><div class=\"c-heading\"><h3 class=\" u-text-color-invert u-text-bolder u-margin-bottom-none u-padding-vertical\">PONTE EN CONTACTO CON NOSOTROS Y PRUEBA YA LA SOLUCI\u00d3N WEB PARA TUS DATOS<\/h3><\/div><\/div><\/div><div class=\"col _lap-and-up-3\" ><div class=\"col_inner u-padding\"><div class=\"c-button-holder c-button-holder--center\"><a class=\"c-button c-button--center c-button--white  c-button--ghost\" href=\"https:\/\/www.egon.com\/egon-demo\">FREE ONLINE DEMO<\/a><\/div><\/div><\/div>\n<\/div><\/div><\/div>[\/vc_column][\/vc_row]\n","protected":false},"excerpt":{"rendered":"PONTE EN CONTACTO CON NOSOTROS Y PRUEBA YA LA SOLUCI\u00d3N WEB PARA TUS DATOSFREE ONLINE DEMO","protected":false},"author":1,"featured_media":0,"parent":0,"menu_order":0,"comment_status":"closed","ping_status":"closed","template":"templates\/template-nosidebar.php","meta":{"footnotes":""},"class_list":["post-7339","page","type-page","status-publish","hentry"],"yoast_head":"<!-- This site is optimized with the Yoast SEO plugin v26.8 - https:\/\/yoast.com\/product\/yoast-seo-wordpress\/ -->\n<title>Calidad de datos y Validaci\u00f3n de direcciones v\u00eda web - Egon<\/title>\n<meta name=\"description\" content=\"Calidad de datos v\u00eda web (In the Cloud)\" \/>\n<meta name=\"robots\" content=\"index, follow, max-snippet:-1, max-image-preview:large, max-video-preview:-1\" \/>\n<link rel=\"canonical\" href=\"https:\/\/www.egon.com\/es\/web-egon-in-the-cloud\" \/>\n<meta property=\"og:locale\" content=\"es_ES\" \/>\n<meta property=\"og:type\" content=\"article\" \/>\n<meta property=\"og:title\" content=\"Calidad de datos y Validaci\u00f3n de direcciones v\u00eda web - Egon\" \/>\n<meta property=\"og:description\" content=\"Calidad de datos v\u00eda web (In the Cloud)\" \/>\n<meta property=\"og:url\" content=\"https:\/\/www.egon.com\/es\/web-egon-in-the-cloud\" \/>\n<meta property=\"og:site_name\" content=\"Egon\" \/>\n<meta property=\"article:modified_time\" content=\"2017-10-18T18:38:20+00:00\" \/>\n<meta name=\"twitter:card\" content=\"summary_large_image\" \/>\n<meta name=\"twitter:label1\" content=\"Tiempo de lectura\" \/>\n\t<meta name=\"twitter:data1\" content=\"3 minutos\" \/>\n<script type=\"application\/ld+json\" class=\"yoast-schema-graph\">{\"@context\":\"https:\/\/schema.org\",\"@graph\":[{\"@type\":\"WebPage\",\"@id\":\"https:\/\/www.egon.com\/es\/web-egon-in-the-cloud\",\"url\":\"https:\/\/www.egon.com\/es\/web-egon-in-the-cloud\",\"name\":\"Calidad de datos y Validaci\u00f3n de direcciones v\u00eda web - Egon\",\"isPartOf\":{\"@id\":\"https:\/\/www.egon.com\/zh\/#website\"},\"datePublished\":\"2017-09-06T10:16:08+00:00\",\"dateModified\":\"2017-10-18T18:38:20+00:00\",\"description\":\"Calidad de datos v\u00eda web (In the Cloud)\",\"breadcrumb\":{\"@id\":\"https:\/\/www.egon.com\/es\/web-egon-in-the-cloud#breadcrumb\"},\"inLanguage\":\"es\",\"potentialAction\":[{\"@type\":\"ReadAction\",\"target\":[\"https:\/\/www.egon.com\/es\/web-egon-in-the-cloud\"]}]},{\"@type\":\"BreadcrumbList\",\"@id\":\"https:\/\/www.egon.com\/es\/web-egon-in-the-cloud#breadcrumb\",\"itemListElement\":[{\"@type\":\"ListItem\",\"position\":1,\"name\":\"Home\",\"item\":\"https:\/\/www.egon.com\/es\"},{\"@type\":\"ListItem\",\"position\":2,\"name\":\"CALIDAD DE DATOS Y VALIDACI\u00d3N DE DIRECCIONES V\u00cdA WEB\"}]},{\"@type\":\"WebSite\",\"@id\":\"https:\/\/www.egon.com\/zh\/#website\",\"url\":\"https:\/\/www.egon.com\/zh\/\",\"name\":\"Egon\",\"description\":\"Normalizzazione indirizzi - Address validation - Egon.com\",\"potentialAction\":[{\"@type\":\"SearchAction\",\"target\":{\"@type\":\"EntryPoint\",\"urlTemplate\":\"https:\/\/www.egon.com\/zh\/?s={search_term_string}\"},\"query-input\":{\"@type\":\"PropertyValueSpecification\",\"valueRequired\":true,\"valueName\":\"search_term_string\"}}],\"inLanguage\":\"es\"}]}<\/script>\n<!-- \/ Yoast SEO plugin. -->","yoast_head_json":{"title":"Calidad de datos y Validaci\u00f3n de direcciones v\u00eda web - Egon","description":"Calidad de datos v\u00eda web (In the Cloud)","robots":{"index":"index","follow":"follow","max-snippet":"max-snippet:-1","max-image-preview":"max-image-preview:large","max-video-preview":"max-video-preview:-1"},"canonical":"https:\/\/www.egon.com\/es\/web-egon-in-the-cloud","og_locale":"es_ES","og_type":"article","og_title":"Calidad de datos y Validaci\u00f3n de direcciones v\u00eda web - Egon","og_description":"Calidad de datos v\u00eda web (In the Cloud)","og_url":"https:\/\/www.egon.com\/es\/web-egon-in-the-cloud","og_site_name":"Egon","article_modified_time":"2017-10-18T18:38:20+00:00","twitter_card":"summary_large_image","twitter_misc":{"Tiempo de lectura":"3 minutos"},"schema":{"@context":"https:\/\/schema.org","@graph":[{"@type":"WebPage","@id":"https:\/\/www.egon.com\/es\/web-egon-in-the-cloud","url":"https:\/\/www.egon.com\/es\/web-egon-in-the-cloud","name":"Calidad de datos y Validaci\u00f3n de direcciones v\u00eda web - Egon","isPartOf":{"@id":"https:\/\/www.egon.com\/zh\/#website"},"datePublished":"2017-09-06T10:16:08+00:00","dateModified":"2017-10-18T18:38:20+00:00","description":"Calidad de datos v\u00eda web (In the Cloud)","breadcrumb":{"@id":"https:\/\/www.egon.com\/es\/web-egon-in-the-cloud#breadcrumb"},"inLanguage":"es","potentialAction":[{"@type":"ReadAction","target":["https:\/\/www.egon.com\/es\/web-egon-in-the-cloud"]}]},{"@type":"BreadcrumbList","@id":"https:\/\/www.egon.com\/es\/web-egon-in-the-cloud#breadcrumb","itemListElement":[{"@type":"ListItem","position":1,"name":"Home","item":"https:\/\/www.egon.com\/es"},{"@type":"ListItem","position":2,"name":"CALIDAD DE DATOS Y VALIDACI\u00d3N DE DIRECCIONES V\u00cdA WEB"}]},{"@type":"WebSite","@id":"https:\/\/www.egon.com\/zh\/#website","url":"https:\/\/www.egon.com\/zh\/","name":"Egon","description":"Normalizzazione indirizzi - Address validation - Egon.com","potentialAction":[{"@type":"SearchAction","target":{"@type":"EntryPoint","urlTemplate":"https:\/\/www.egon.com\/zh\/?s={search_term_string}"},"query-input":{"@type":"PropertyValueSpecification","valueRequired":true,"valueName":"search_term_string"}}],"inLanguage":"es"}]}},"_links":{"self":[{"href":"https:\/\/www.egon.com\/es\/wp-json\/wp\/v2\/pages\/7339","targetHints":{"allow":["GET"]}}],"collection":[{"href":"https:\/\/www.egon.com\/es\/wp-json\/wp\/v2\/pages"}],"about":[{"href":"https:\/\/www.egon.com\/es\/wp-json\/wp\/v2\/types\/page"}],"author":[{"embeddable":true,"href":"https:\/\/www.egon.com\/es\/wp-json\/wp\/v2\/users\/1"}],"replies":[{"embeddable":true,"href":"https:\/\/www.egon.com\/es\/wp-json\/wp\/v2\/comments?post=7339"}],"version-history":[{"count":0,"href":"https:\/\/www.egon.com\/es\/wp-json\/wp\/v2\/pages\/7339\/revisions"}],"wp:attachment":[{"href":"https:\/\/www.egon.com\/es\/wp-json\/wp\/v2\/media?parent=7339"}],"curies":[{"name":"wp","href":"https:\/\/api.w.org\/{rel}","templated":true}]}}