{"id":7338,"date":"2017-09-06T10:15:28","date_gmt":"2017-09-06T10:15:28","guid":{"rendered":"https:\/\/egon.com\/?page_id=7338"},"modified":"2017-09-19T13:44:00","modified_gmt":"2017-09-19T13:44:00","slug":"egon-on-site-on-premises","status":"publish","type":"page","link":"https:\/\/www.egon.com\/es\/egon-on-site-on-premises","title":{"rendered":"EGON ON SITE &#8211; INSTALAR EGON (EN EL LOCAL)"},"content":{"rendered":"[vc_row holder_set_margin=\u00bbtrue\u00bb holder_margin=\u00bbu-margin-bottom\u00bb][vc_column]<div class=\"c-mediabox\">\n<div class=\" o-media o-media--responsive\">\n<div class=\"o-media__img\"><img loading=\"lazy\" decoding=\"async\" width=\"425\" height=\"265\" src=\"https:\/\/www.egon.com\/wp-content\/uploads\/2017\/07\/install-software-425x265.jpg\" class=\"attachment-wps_child_medium_inter size-wps_child_medium_inter\" alt=\"\" \/><\/div>\n<div class=\"o-media__body\">\n<h3 class=\"u-text-bolder\">EGON \u201cON PREMISES\u201d: SEGURIDAD Y RESULTADOS<\/h3>\n<p>Egon est\u00e1 distribuido y activado mediante una instalaci\u00f3n local espec\u00edfica en el servidor del cliente y opera a trav\u00e9s de la intranet de la compa\u00f1\u00eda con di\u00e1logo continuo entre la aplicaci\u00f3n de software de la compa\u00f1\u00eda y el motor.<\/p>\n<p><span>Egon en tus instalaciones<\/span>: toda la seguridad de una instalaci\u00f3n tradicional local.<\/div>\n<\/div>\n<\/div>\n[\/vc_column][\/vc_row][vc_row row_v_align=\u00bbgrid&#8211;middle\u00bb holder_set_margin=\u00bbtrue\u00bb holder_img=\u00bb293&#8243; holder_img_behave=\u00bbu-background-cover\u00bb holder_img_pos=\u00bbu-background-pos-bottom-right\u00bb holder_bg_fx=\u00bbu-background-color-one\u00bb holder_margin=\u00bbu-margin-bottom-large\u00bb][vc_column width=\u00bb3\/4&#8243; set_padding_inner=\u00bbtrue\u00bb padding_inner=\u00bbu-padding\u00bb]<div class=\"c-heading\"><h3 class=\" u-text-color-invert u-text-bolder u-margin-bottom-none u-padding-vertical\">PONTE EN CONTACTO CON NOSOTROS Y DESCUBRE C\u00d3MO IMPLEMENTAR YA EGON EN LA EMPRESA<\/h3><\/div>[\/vc_column][vc_column width=\u00bb1\/4&#8243;]<div class=\"c-button-holder c-button-holder--center\"><a class=\"c-button c-button--center c-button--white  c-button--ghost\" href=\"https:\/\/www.egon.com\/it\/azienda\/contattaci\">\u00a1CONTACTA CON NOSTROS AHORA!<\/a><\/div>[\/vc_column][\/vc_row][vc_row][vc_column][vc_column_text]Obviamente, este tipo de uso implica costes m\u00e1s altos de implementaci\u00f3n debido a la naturaleza espec\u00edfica de la instalaci\u00f3n local en el servidor de la compa\u00f1\u00eda. Sin embargo, a pesar del gasto inicial m\u00e1s alto, este servicio todav\u00eda es uno de los favoritos para usuarios m\u00e1s avanzados tecnol\u00f3gicamente, que requieren de controles plenos de toda su infraestructura t\u00e9cnica para realizar operaciones eficientes.[\/vc_column_text]<div class=\" c-divider c-divider--dashed\"\/><\/div><div class=\"c-heading\"><h3>C\u00d3MO USAR EGON EN LAS HERRAMIENTAS DE SOFTWARE DE LA COMPA\u00d1\u00cdA<\/h3><\/div>[vc_column_text]\n<div id=\"content\" class=\"entry-content grid-block\">\n<p>Por ahora Egon se puede usar de las siguientes formas:<\/p>\n<ul>\n<li><a href=\"https:\/\/www.egon.com\/methodology\/batch.html\"><span>Batch<\/span><\/a>: Egon procesa toda la base de datos y la limpia, devolviendo todos sus resultados validados.<\/li>\n<li><a href=\"https:\/\/www.egon.com\/methodology\/integrated.html\"><span>Integraci\u00f3n en la aplicaci\u00f3n de software de la empresa<\/span>(online \u2013 batch)<\/a>: a trav\u00e9s de la web se integra el servicio Egon en el software de la aplicaci\u00f3n de la empresa, que lo explota en tiempo real (Egon funciona online a trav\u00e9s de la intranet de la compa\u00f1\u00eda, directamente cuando la aplicaci\u00f3n est\u00e1 en funcionamiento para mejorar el ingreso de datos) o en modo autom\u00e1tico por batches en los procesos.<\/li>\n<li><a href=\"https:\/\/www.egon.com\/methodology\/integrated.html\"><span>Integraci\u00f3n en aplicaciones est\u00e1ndar de empresa como un plug-in<\/span><\/a>: en este caso, Egon se integra en sistemas locales actuales como Oracle, Google, Windows, SAP etc.<\/li>\n<li><a href=\"https:\/\/www.egon.com\/methodology\/online.html\"><span>Online<\/span><\/a>: se trata de una interfaz web donde cada funci\u00f3n puede aplicarse en tiempo real, como la validaci\u00f3n de direcciones.<\/li>\n<li><a href=\"https:\/\/www.egon.commethodology\/autocomplete.html\"><span>Autocompletado<\/span><\/a>: soporte de ingreso de datos con sugerencias autom\u00e1ticas de valores posibles en tiempo real, durante el tecleo de los datos y la entrada de formas.<\/li>\n<\/ul>\n<\/div>\n[\/vc_column_text][\/vc_column][\/vc_row]\n","protected":false},"excerpt":{"rendered":"<p>[vc_row holder_set_margin=\u00bbtrue\u00bb holder_margin=\u00bbu-margin-bottom\u00bb][vc_column][\/vc_column][\/vc_row][vc_row row_v_align=\u00bbgrid&#8211;middle\u00bb holder_set_margin=\u00bbtrue\u00bb holder_img=\u00bb293&#8243; holder_img_behave=\u00bbu-background-cover\u00bb holder_img_pos=\u00bbu-background-pos-bottom-right\u00bb holder_bg_fx=\u00bbu-background-color-one\u00bb holder_margin=\u00bbu-margin-bottom-large\u00bb][vc_column width=\u00bb3\/4&#8243; set_padding_inner=\u00bbtrue\u00bb padding_inner=\u00bbu-padding\u00bb][\/vc_column][vc_column width=\u00bb1\/4&#8243;][\/vc_column][\/vc_row][vc_row][vc_column][vc_column_text]Obviamente, este tipo de uso implica costes m\u00e1s altos [&hellip;]<\/p>\n","protected":false},"author":1,"featured_media":0,"parent":0,"menu_order":0,"comment_status":"closed","ping_status":"closed","template":"templates\/template-nosidebar.php","meta":{"footnotes":""},"class_list":["post-7338","page","type-page","status-publish","hentry"],"yoast_head":"<!-- This site is optimized with the Yoast SEO plugin v26.8 - https:\/\/yoast.com\/product\/yoast-seo-wordpress\/ -->\n<title>Egon On Site: la calidad de datos en tu casa<\/title>\n<meta name=\"description\" content=\"Egon On Site (On Premises): instalaci\u00f3n de la suite Egon directamente en el centro de datos del cliente y uso r\u00e1pido y directo mediante intranet de empresa\" \/>\n<meta name=\"robots\" content=\"index, follow, max-snippet:-1, max-image-preview:large, max-video-preview:-1\" \/>\n<link rel=\"canonical\" href=\"https:\/\/www.egon.com\/es\/egon-on-site-on-premises\" \/>\n<meta property=\"og:locale\" content=\"es_ES\" \/>\n<meta property=\"og:type\" content=\"article\" \/>\n<meta property=\"og:title\" content=\"Egon On Site: la calidad de datos en tu casa\" \/>\n<meta property=\"og:description\" content=\"Egon On Site (On Premises): instalaci\u00f3n de la suite Egon directamente en el centro de datos del cliente y uso r\u00e1pido y directo mediante intranet de empresa\" \/>\n<meta property=\"og:url\" content=\"https:\/\/www.egon.com\/es\/egon-on-site-on-premises\" \/>\n<meta property=\"og:site_name\" content=\"Egon\" \/>\n<meta property=\"article:modified_time\" content=\"2017-09-19T13:44:00+00:00\" \/>\n<meta name=\"twitter:card\" content=\"summary_large_image\" \/>\n<meta name=\"twitter:label1\" content=\"Tiempo de lectura\" \/>\n\t<meta name=\"twitter:data1\" content=\"2 minutos\" \/>\n<script type=\"application\/ld+json\" class=\"yoast-schema-graph\">{\"@context\":\"https:\/\/schema.org\",\"@graph\":[{\"@type\":\"WebPage\",\"@id\":\"https:\/\/www.egon.com\/es\/egon-on-site-on-premises\",\"url\":\"https:\/\/www.egon.com\/es\/egon-on-site-on-premises\",\"name\":\"Egon On Site: la calidad de datos en tu casa\",\"isPartOf\":{\"@id\":\"https:\/\/www.egon.com\/zh\/#website\"},\"datePublished\":\"2017-09-06T10:15:28+00:00\",\"dateModified\":\"2017-09-19T13:44:00+00:00\",\"description\":\"Egon On Site (On Premises): instalaci\u00f3n de la suite Egon directamente en el centro de datos del cliente y uso r\u00e1pido y directo mediante intranet de empresa\",\"breadcrumb\":{\"@id\":\"https:\/\/www.egon.com\/es\/egon-on-site-on-premises#breadcrumb\"},\"inLanguage\":\"es\",\"potentialAction\":[{\"@type\":\"ReadAction\",\"target\":[\"https:\/\/www.egon.com\/es\/egon-on-site-on-premises\"]}]},{\"@type\":\"BreadcrumbList\",\"@id\":\"https:\/\/www.egon.com\/es\/egon-on-site-on-premises#breadcrumb\",\"itemListElement\":[{\"@type\":\"ListItem\",\"position\":1,\"name\":\"Home\",\"item\":\"https:\/\/www.egon.com\/es\"},{\"@type\":\"ListItem\",\"position\":2,\"name\":\"EGON ON SITE &#8211; INSTALAR EGON (EN EL LOCAL)\"}]},{\"@type\":\"WebSite\",\"@id\":\"https:\/\/www.egon.com\/zh\/#website\",\"url\":\"https:\/\/www.egon.com\/zh\/\",\"name\":\"Egon\",\"description\":\"Normalizzazione indirizzi - Address validation - Egon.com\",\"potentialAction\":[{\"@type\":\"SearchAction\",\"target\":{\"@type\":\"EntryPoint\",\"urlTemplate\":\"https:\/\/www.egon.com\/zh\/?s={search_term_string}\"},\"query-input\":{\"@type\":\"PropertyValueSpecification\",\"valueRequired\":true,\"valueName\":\"search_term_string\"}}],\"inLanguage\":\"es\"}]}<\/script>\n<!-- \/ Yoast SEO plugin. -->","yoast_head_json":{"title":"Egon On Site: la calidad de datos en tu casa","description":"Egon On Site (On Premises): instalaci\u00f3n de la suite Egon directamente en el centro de datos del cliente y uso r\u00e1pido y directo mediante intranet de empresa","robots":{"index":"index","follow":"follow","max-snippet":"max-snippet:-1","max-image-preview":"max-image-preview:large","max-video-preview":"max-video-preview:-1"},"canonical":"https:\/\/www.egon.com\/es\/egon-on-site-on-premises","og_locale":"es_ES","og_type":"article","og_title":"Egon On Site: la calidad de datos en tu casa","og_description":"Egon On Site (On Premises): instalaci\u00f3n de la suite Egon directamente en el centro de datos del cliente y uso r\u00e1pido y directo mediante intranet de empresa","og_url":"https:\/\/www.egon.com\/es\/egon-on-site-on-premises","og_site_name":"Egon","article_modified_time":"2017-09-19T13:44:00+00:00","twitter_card":"summary_large_image","twitter_misc":{"Tiempo de lectura":"2 minutos"},"schema":{"@context":"https:\/\/schema.org","@graph":[{"@type":"WebPage","@id":"https:\/\/www.egon.com\/es\/egon-on-site-on-premises","url":"https:\/\/www.egon.com\/es\/egon-on-site-on-premises","name":"Egon On Site: la calidad de datos en tu casa","isPartOf":{"@id":"https:\/\/www.egon.com\/zh\/#website"},"datePublished":"2017-09-06T10:15:28+00:00","dateModified":"2017-09-19T13:44:00+00:00","description":"Egon On Site (On Premises): instalaci\u00f3n de la suite Egon directamente en el centro de datos del cliente y uso r\u00e1pido y directo mediante intranet de empresa","breadcrumb":{"@id":"https:\/\/www.egon.com\/es\/egon-on-site-on-premises#breadcrumb"},"inLanguage":"es","potentialAction":[{"@type":"ReadAction","target":["https:\/\/www.egon.com\/es\/egon-on-site-on-premises"]}]},{"@type":"BreadcrumbList","@id":"https:\/\/www.egon.com\/es\/egon-on-site-on-premises#breadcrumb","itemListElement":[{"@type":"ListItem","position":1,"name":"Home","item":"https:\/\/www.egon.com\/es"},{"@type":"ListItem","position":2,"name":"EGON ON SITE &#8211; INSTALAR EGON (EN EL LOCAL)"}]},{"@type":"WebSite","@id":"https:\/\/www.egon.com\/zh\/#website","url":"https:\/\/www.egon.com\/zh\/","name":"Egon","description":"Normalizzazione indirizzi - Address validation - Egon.com","potentialAction":[{"@type":"SearchAction","target":{"@type":"EntryPoint","urlTemplate":"https:\/\/www.egon.com\/zh\/?s={search_term_string}"},"query-input":{"@type":"PropertyValueSpecification","valueRequired":true,"valueName":"search_term_string"}}],"inLanguage":"es"}]}},"_links":{"self":[{"href":"https:\/\/www.egon.com\/es\/wp-json\/wp\/v2\/pages\/7338","targetHints":{"allow":["GET"]}}],"collection":[{"href":"https:\/\/www.egon.com\/es\/wp-json\/wp\/v2\/pages"}],"about":[{"href":"https:\/\/www.egon.com\/es\/wp-json\/wp\/v2\/types\/page"}],"author":[{"embeddable":true,"href":"https:\/\/www.egon.com\/es\/wp-json\/wp\/v2\/users\/1"}],"replies":[{"embeddable":true,"href":"https:\/\/www.egon.com\/es\/wp-json\/wp\/v2\/comments?post=7338"}],"version-history":[{"count":0,"href":"https:\/\/www.egon.com\/es\/wp-json\/wp\/v2\/pages\/7338\/revisions"}],"wp:attachment":[{"href":"https:\/\/www.egon.com\/es\/wp-json\/wp\/v2\/media?parent=7338"}],"curies":[{"name":"wp","href":"https:\/\/api.w.org\/{rel}","templated":true}]}}