{"id":7321,"date":"2017-07-06T10:09:25","date_gmt":"2017-07-06T10:09:25","guid":{"rendered":"https:\/\/egon.com\/?page_id=7321"},"modified":"2022-09-09T07:24:31","modified_gmt":"2022-09-09T07:24:31","slug":"empresa","status":"publish","type":"page","link":"https:\/\/www.egon.com\/es\/empresa","title":{"rendered":"Empresa"},"content":{"rendered":"[vc_row row_h_align=\u00bbgrid&#8211;center\u00bb wrapper=\u00bbtrue\u00bb holder_class=\u00bbu-section-hero-applications u-overlapped-hero-padding\u00bb holder_set_margin=\u00bbtrue\u00bb holder_margin=\u00bbu-margin-bottom-large\u00bb][vc_column row_width=\u00bb_desktop-9&#8243;][vc_column_text]\n<h3 class=\"u-text-large\">EGON<\/h3>\n<p class=\"u-text-thinner u-h3\">Valida, elimina duplicados y mantiene datos de direcci\u00f3n precisos y completos.<\/p>\n[\/vc_column_text][vc_column_text]\n<p class=\"p1\">: desarrollamos aplicaciones de software que permiten automatizar la verificaci\u00f3n y validaci\u00f3n de direcciones postales y datos personales incluidos en las bases de datos de la compa\u00f1\u00eda.<\/p>\n[\/vc_column_text][\/vc_column][\/vc_row][vc_row wrapper=\u00bbtrue\u00bb][vc_column][vc_column_text]Egon, una empresa de fama internacional que ahonda sus ra\u00edces en una colaboraci\u00f3n hist\u00f3rica, s\u00f3lida y duradera entre algunos profesionales a los que a\u00fana una gran pasi\u00f3n: valorizar la informaci\u00f3n de negocios prestando especial atenci\u00f3n a las direcciones postales, la normalizaci\u00f3n y la geolocalizaci\u00f3n.<\/p>\n<p>En pocos a\u00f1os Egon ha logrado ganarse la estima del mercado italiano en el \u00e1mbito de la calidad de datos y se ha dado a conocer en el extranjero hasta desarrollar una notoriedad creciente y consolidada a nivel internacional.[\/vc_column_text]<div class=\"c-heading\"><h3 class=\" u-h2 u-text-bold\">DISTRIBUCI\u00d3N DE SERVICIOS DE CALIDAD DE DATOS<\/h3><\/div>[vc_column_text]Gracias a la experiencia de m\u00e1s de veinte a\u00f1os de los colaboradores que han dado vida al grupo, Egon, se ha creado con el objetivo de potenciar constantemente y difundir a gran escala el suministro de servicios de calidad de datos relacionados con nuestro portal de referencia, Egon.com.<\/p>\n<p>Actualmente Egon es perfectamente capaz de suministrar soluciones sofisticadas y asistencia a 360 grados en el sector de la <a title=\"normalizaci\u00f3n de las direcciones \" href=\"https:\/\/www.egon.com\/es\/soluciones\/normalizacion-de-direcciones.html\">normalizaci\u00f3n de las direcciones<\/a>\u00a0y los datos personales, la\u00a0<a title=\"Geocodificaci\u00f3n\" href=\"https:\/\/www.egon.com\/es\/soluciones\/geocodificacion.html\">geocodificaci\u00f3n<\/a>, la\u00a0<a title=\"Deduplicaci\u00f3n\" href=\"https:\/\/www.egon.com\/es\/soluciones\/deduplicacion.html\">deduplicaci\u00f3n<\/a>\u00a0y \u00e1mbitos afines.[\/vc_column_text]<div class=\"c-heading\"><h3 class=\" u-h2 u-text-bold\">ESPECIALIZACI\u00d3N Y OBJETIVOS<\/h3><\/div><div class=\"c-mediabox u-margin-bottom\">\n<div class=\" o-media o-media--responsive\">\n<div class=\"o-media__img\"><img loading=\"lazy\" decoding=\"async\" width=\"400\" height=\"267\" src=\"https:\/\/www.egon.com\/wp-content\/uploads\/2017\/07\/staff-egon-400x267.jpg\" class=\"attachment-medium size-medium\" alt=\"\" srcset=\"https:\/\/www.egon.com\/wp-content\/uploads\/2017\/07\/staff-egon-400x267.jpg 400w, https:\/\/www.egon.com\/wp-content\/uploads\/2017\/07\/staff-egon-768x512.jpg 768w, https:\/\/www.egon.com\/wp-content\/uploads\/2017\/07\/staff-egon-1024x683.jpg 1024w, https:\/\/www.egon.com\/wp-content\/uploads\/2017\/07\/staff-egon.jpg 1920w\" sizes=\"auto, (max-width: 400px) 100vw, 400px\" \/><\/div>\n<div class=\"o-media__body\">Por tanto Egon ha llevado a cabo una elecci\u00f3n de especializaci\u00f3n concreta para responder de forma eficaz e innovadora a las exigencias de sus socios del mercado y de una clientela cada vez m\u00e1s atenta a las nuevas tecnolog\u00edas y a las modalidades emergentes de disfrute de los servicios. Gracias a los numerosos acuerdos firmados con importantes empresas del sector Egon representa hoy por hoy un punto de referencia en el suministro de servicios web sobre los temas de la normalizaci\u00f3n, la certificaci\u00f3n y la identificaci\u00f3n un\u00edvoca de la informaci\u00f3n de negocios.<\/p>\n<p>El principal producto de \u00e9xito que distribuye Egon es una soluci\u00f3n software que se basa en un sofisticad\u00edsimo algoritmo capaz de operar a nivel de normalizaci\u00f3n in situ, con instalaciones en centros de datos del cliente o incluso a trav\u00e9s de la red, en clouding (la nube) (en ese caso el cliente disfruta directamente del servicio con tan s\u00f3lo unos clics). Actualmente nuestro personal est\u00e1 formado por unas 30 personas, entre dependientes y estrechos colaboradores, que constituyen una base de especialistas preparada y eficaz. Para la realizaci\u00f3n de proyectos recurrimos a la s\u00f3lida y estrecha colaboraci\u00f3n de algunas empresas externas. Con sus clientes Egon instaura una relaci\u00f3n duradera tanto para el logro conjunto de los objetivos como para compartir la actualizaci\u00f3n constante que exige el patrimonio informativo<\/p><\/div>\n<\/div>\n<\/div>\n<div class=\" c-divider c-divider--dashed\"\/><\/div>[\/vc_column][\/vc_row][vc_row wrapper=\u00bbtrue\u00bb][vc_column]<div class=\"c-heading\"><h3 class=\" u-h2 u-text-bold\">NUESTRO OBJETIVO ES LA CALIDAD<\/h3><\/div>[vc_column_text]Hemos fundado Egon con una idea concreta: apostar por convertirnos progresivamente en un\u00a0\u00a0punto de referencia a nivel internacional en el suministro de servicios de normalizaci\u00f3n, certificaci\u00f3n e identificaci\u00f3n un\u00edvoca de la informaci\u00f3n mediante soluciones innovadoras con el apoyo de una metodolog\u00eda de trabajo transparente y personalizadalo mejor posible de acuerdo con cada proyecto.[\/vc_column_text]<div class=\"c-heading\"><h3 class=\" u-h4 u-text-bold\">PASI\u00d3N Y COMPETENCIAS\u2026<\/h3><\/div>[vc_column_text]Se trata sin duda de un objetivo ambicioso que, junto a nuestra\u00a0pasi\u00f3n por las direcciones y los mapas, nos ha permitido obtener resultados cada vez m\u00e1s prestigiosos incluso en el \u00e1mbito de la\u00a0geocodificaci\u00f3n.<\/p>\n<p>Nuestros esfuerzos diarios est\u00e1n destinados constantemente a optimizar las operaciones relacionadas con la\u00a0<a title=\"egpn, calidad de datos\" href=\"https:\/\/www.egon.com\/es\/\">calidad de datos<\/a>\u00a0y a adaptarlas a las exigencias de los usuarios mediante el suministro de servicios avanzados, integrables y utilizables incluso a distancia,directamente v\u00eda web.<\/p>\n<p>Egon puede contar con un equipo de especialistas que han madurado una considerable experiencia en este sector trabajando en proyectos a nivel internacional.<\/p>\n[\/vc_column_text]<div class=\" c-divider c-divider--dashed\"\/><\/div><div class=\"c-heading\"><h3 class=\" u-h2 u-text-bold\">EGON: SIMPLE, FIABLE, A TAN S\u00d3LO UN CLIC<\/h3><\/div>[vc_column_text]A lo largo de los a\u00f1os nos hemos empe\u00f1ado en una b\u00fasqueda meticulosa y constante de soluciones capaces de ofrecer\u00a0fiabilidad y seguridad\u00a0y a la vez de satisfacer las exigencias m\u00e1s particulares y complejas. Hoy, gracias a la suite\u00a0Egon, podemos garantizar una gama de servicios completa y consolidada cada vez m\u00e1s abierta al mundo web y\u00a0clouding.<\/p>\n<p>Por tanto creemos que podemos continuar nuestro ascenso para conquistar una\u00a0posici\u00f3n l\u00edder en el mercado europeo y mundial.<\/p>\n<p>La creaci\u00f3n de un\u00a0polo internacional para la certificaci\u00f3n\u00a0de la informaci\u00f3n de negocios representa para nosotros un alto y una ocasi\u00f3n fundamental en vistas de una mayor afirmaci\u00f3n a nivel internacional.<\/p>\n[\/vc_column_text][\/vc_column][\/vc_row][vc_row][vc_column]<div class=\"templatera_shortcode\"><div class=\"o-holder u-background-color-one\"><div class=\" o-wrapper\"><div class=\"grid-1 u-deco-globe grid--equalHeight\"><div class=\"col _lap-and-up-8\" ><div class=\"o-holder u-padding-vertical-large\"><div class=\"grid-1\"><div class=\"col _lap-and-up-4\" ><div class=\"c-heading\"><h3 class=\" u-text-color-invert u-text-right\">\u00bfQuieres probar Egon GRATIS y sin compromiso?<\/h3><\/div><\/div><div class=\"col _lap-and-up-8\" ><div class=\"c-text-block u-text-color-invert\"><p class=\"p1\">Reg\u00edstrate gratis y podr\u00e1s probar los servicios de Egon de validaci\u00f3n y geocodificaci\u00f3n de las direcciones postales. Sin esperas y sin necesidad de introducir los detalles de la tarjeta de cr\u00e9dito. \u00a1Es suficiente que completes el formulario de inscripci\u00f3n al Trial gratuito y podr\u00e1s empezar a utilizar todos los servicios de Egon!<\/p>\n <\/div><\/div>\n<\/div><\/div><\/div><div class=\"col _lap-and-up-4\" ><div class=\"col_inner u-padding-vertical col_inner--middle\"><div class=\"c-button-holder c-button-holder--center\"><a class=\"c-button u-text-bold c-button--center c-button--white\" href=\"https:\/\/www.egon.com\/egon-demo\">\u00a1PRUEBA EGON GRATIS AHORA!<\/a><\/div><\/div><\/div>\n<\/div><\/div><\/div><\/div>[\/vc_column][\/vc_row]\n","protected":false},"excerpt":{"rendered":"\u00bfQuieres probar Egon GRATIS y sin compromiso?Reg\u00edstrate gratis y podr\u00e1s probar los servicios de Egon de validaci\u00f3n y geocodificaci\u00f3n de las direcciones [...]","protected":false},"author":1,"featured_media":0,"parent":0,"menu_order":0,"comment_status":"closed","ping_status":"closed","template":"templates\/template-fullwidth.php","meta":{"footnotes":""},"class_list":["post-7321","page","type-page","status-publish","hentry"],"yoast_head":"<!-- This site is optimized with the Yoast SEO plugin v26.8 - https:\/\/yoast.com\/product\/yoast-seo-wordpress\/ -->\n<title>EGON - Company informations<\/title>\n<meta name=\"description\" content=\"We project software applications that are able to automatize the validation of postal addresses and personal data included in the company databases.\" \/>\n<meta name=\"robots\" content=\"index, follow, max-snippet:-1, max-image-preview:large, max-video-preview:-1\" \/>\n<link rel=\"canonical\" href=\"https:\/\/www.egon.com\/es\/empresa\" \/>\n<meta property=\"og:locale\" content=\"es_ES\" \/>\n<meta property=\"og:type\" content=\"article\" \/>\n<meta property=\"og:title\" content=\"EGON - Company informations\" \/>\n<meta property=\"og:description\" content=\"We project software applications that are able to automatize the validation of postal addresses and personal data included in the company databases.\" \/>\n<meta property=\"og:url\" content=\"https:\/\/www.egon.com\/es\/empresa\" \/>\n<meta property=\"og:site_name\" content=\"Egon\" \/>\n<meta property=\"article:modified_time\" content=\"2022-09-09T07:24:31+00:00\" \/>\n<meta name=\"twitter:card\" content=\"summary_large_image\" \/>\n<meta name=\"twitter:label1\" content=\"Tiempo de lectura\" \/>\n\t<meta name=\"twitter:data1\" content=\"5 minutos\" \/>\n<script type=\"application\/ld+json\" class=\"yoast-schema-graph\">{\"@context\":\"https:\/\/schema.org\",\"@graph\":[{\"@type\":\"WebPage\",\"@id\":\"https:\/\/www.egon.com\/es\/empresa\",\"url\":\"https:\/\/www.egon.com\/es\/empresa\",\"name\":\"EGON - Company informations\",\"isPartOf\":{\"@id\":\"https:\/\/www.egon.com\/zh\/#website\"},\"datePublished\":\"2017-07-06T10:09:25+00:00\",\"dateModified\":\"2022-09-09T07:24:31+00:00\",\"description\":\"We project software applications that are able to automatize the validation of postal addresses and personal data included in the company databases.\",\"breadcrumb\":{\"@id\":\"https:\/\/www.egon.com\/es\/empresa#breadcrumb\"},\"inLanguage\":\"es\",\"potentialAction\":[{\"@type\":\"ReadAction\",\"target\":[\"https:\/\/www.egon.com\/es\/empresa\"]}]},{\"@type\":\"BreadcrumbList\",\"@id\":\"https:\/\/www.egon.com\/es\/empresa#breadcrumb\",\"itemListElement\":[{\"@type\":\"ListItem\",\"position\":1,\"name\":\"Home\",\"item\":\"https:\/\/www.egon.com\/es\"},{\"@type\":\"ListItem\",\"position\":2,\"name\":\"Empresa\"}]},{\"@type\":\"WebSite\",\"@id\":\"https:\/\/www.egon.com\/zh\/#website\",\"url\":\"https:\/\/www.egon.com\/zh\/\",\"name\":\"Egon\",\"description\":\"Normalizzazione indirizzi - Address validation - Egon.com\",\"potentialAction\":[{\"@type\":\"SearchAction\",\"target\":{\"@type\":\"EntryPoint\",\"urlTemplate\":\"https:\/\/www.egon.com\/zh\/?s={search_term_string}\"},\"query-input\":{\"@type\":\"PropertyValueSpecification\",\"valueRequired\":true,\"valueName\":\"search_term_string\"}}],\"inLanguage\":\"es\"}]}<\/script>\n<!-- \/ Yoast SEO plugin. -->","yoast_head_json":{"title":"EGON - Company informations","description":"We project software applications that are able to automatize the validation of postal addresses and personal data included in the company databases.","robots":{"index":"index","follow":"follow","max-snippet":"max-snippet:-1","max-image-preview":"max-image-preview:large","max-video-preview":"max-video-preview:-1"},"canonical":"https:\/\/www.egon.com\/es\/empresa","og_locale":"es_ES","og_type":"article","og_title":"EGON - Company informations","og_description":"We project software applications that are able to automatize the validation of postal addresses and personal data included in the company databases.","og_url":"https:\/\/www.egon.com\/es\/empresa","og_site_name":"Egon","article_modified_time":"2022-09-09T07:24:31+00:00","twitter_card":"summary_large_image","twitter_misc":{"Tiempo de lectura":"5 minutos"},"schema":{"@context":"https:\/\/schema.org","@graph":[{"@type":"WebPage","@id":"https:\/\/www.egon.com\/es\/empresa","url":"https:\/\/www.egon.com\/es\/empresa","name":"EGON - Company informations","isPartOf":{"@id":"https:\/\/www.egon.com\/zh\/#website"},"datePublished":"2017-07-06T10:09:25+00:00","dateModified":"2022-09-09T07:24:31+00:00","description":"We project software applications that are able to automatize the validation of postal addresses and personal data included in the company databases.","breadcrumb":{"@id":"https:\/\/www.egon.com\/es\/empresa#breadcrumb"},"inLanguage":"es","potentialAction":[{"@type":"ReadAction","target":["https:\/\/www.egon.com\/es\/empresa"]}]},{"@type":"BreadcrumbList","@id":"https:\/\/www.egon.com\/es\/empresa#breadcrumb","itemListElement":[{"@type":"ListItem","position":1,"name":"Home","item":"https:\/\/www.egon.com\/es"},{"@type":"ListItem","position":2,"name":"Empresa"}]},{"@type":"WebSite","@id":"https:\/\/www.egon.com\/zh\/#website","url":"https:\/\/www.egon.com\/zh\/","name":"Egon","description":"Normalizzazione indirizzi - Address validation - Egon.com","potentialAction":[{"@type":"SearchAction","target":{"@type":"EntryPoint","urlTemplate":"https:\/\/www.egon.com\/zh\/?s={search_term_string}"},"query-input":{"@type":"PropertyValueSpecification","valueRequired":true,"valueName":"search_term_string"}}],"inLanguage":"es"}]}},"_links":{"self":[{"href":"https:\/\/www.egon.com\/es\/wp-json\/wp\/v2\/pages\/7321","targetHints":{"allow":["GET"]}}],"collection":[{"href":"https:\/\/www.egon.com\/es\/wp-json\/wp\/v2\/pages"}],"about":[{"href":"https:\/\/www.egon.com\/es\/wp-json\/wp\/v2\/types\/page"}],"author":[{"embeddable":true,"href":"https:\/\/www.egon.com\/es\/wp-json\/wp\/v2\/users\/1"}],"replies":[{"embeddable":true,"href":"https:\/\/www.egon.com\/es\/wp-json\/wp\/v2\/comments?post=7321"}],"version-history":[{"count":1,"href":"https:\/\/www.egon.com\/es\/wp-json\/wp\/v2\/pages\/7321\/revisions"}],"predecessor-version":[{"id":19313,"href":"https:\/\/www.egon.com\/es\/wp-json\/wp\/v2\/pages\/7321\/revisions\/19313"}],"wp:attachment":[{"href":"https:\/\/www.egon.com\/es\/wp-json\/wp\/v2\/media?parent=7321"}],"curies":[{"name":"wp","href":"https:\/\/api.w.org\/{rel}","templated":true}]}}