{"id":7315,"date":"2017-09-06T09:39:22","date_gmt":"2017-09-06T09:39:22","guid":{"rendered":"https:\/\/egon.com\/?page_id=7315"},"modified":"2017-09-19T08:40:14","modified_gmt":"2017-09-19T08:40:14","slug":"gestion-de-relacion-con-los-clientes-crm","status":"publish","type":"page","link":"https:\/\/www.egon.com\/es\/aplicaciones\/gestion-de-relacion-con-los-clientes-crm","title":{"rendered":"Validaci\u00f3n direcciones para los sistemas crm"},"content":{"rendered":"<p>Los sistemas GRC (CRM) necesitan trabajar con\u00a0<span>datos personales precisos, monitoreados y actualizados constantemente<\/span>. Invertir en una gesti\u00f3n de las relaciones con el cliente sin asignar una prioridad absoluta a la <a href=\"https:\/\/www.egon.com\/es\/\">calidad de los datos<\/a> puede conllevar consecuencias desagradables y frustrantes con el paso del tiempo para los analistas y los responsables que utilizan cotidianamente la herramienta.<\/p>\n<h3>LA UTILIZACI\u00d3N PROVECHOSA DE UN SISTEMA GRC DEPENDE DE LA CALIDAD DE LOS DATOS<\/h3>\n<p><img loading=\"lazy\" decoding=\"async\" class=\"alignnone wp-image-7178 size-wps_child_large\" title=\"Validaci\u00f3n direcciones para los sistemas crm\" src=\"https:\/\/www.egon.com\/wp-content\/uploads\/2017\/07\/CRM-820x400.jpg\" alt=\"Validaci\u00f3n direcciones para los sistemas crm\" width=\"820\" height=\"400\" \/><\/p>\n<p>Pasando por alto el sistema concreto CRM utilizado, la calidad de los datos con los que se trabaja es el elemento cardinal para poder aprovechar realmente el software de forma eficaz.\u00a0 Al tratarse de informaci\u00f3n de los propios clientes, de la que depende cualquier estrategia de marketing presente y futura y cualquier tipo de relaci\u00f3n comercial instaurada, la seguridad de que los datos son correctos es esencial.<\/p>\n<p>En t\u00e9rminos pr\u00e1cticos un buen sistema de calidad de datos, implementado en cualquier software GRC, tiene que garantizar:<\/p>\n<ul>\n<li><span>saneamiento inicial<\/span>\u00a0con los datos personales de forma masiva (batch)<\/li>\n<li><span>mantenimiento peri\u00f3dico<\/span>\u00a0de los datos existentes<\/li>\n<li><span>control en tiempo real de los datos<\/span>\u00a0introducidos por los operadores<\/li>\n<li><span>eliminaci\u00f3n y\/o unificaci\u00f3n de la informaci\u00f3n m\u00faltiple<\/span>\u00a0correspondiente a un solo cliente (deduplicaci\u00f3n)<\/li>\n<li><span>actualizaci\u00f3n inmediata de direcciones<\/span>, C.P., datos de empresas, etc.<\/li>\n<li><span>monitoreo continuo<\/span>\u00a0por lo que respecta a la calidad de los datos existentes<\/li>\n<\/ul>\n<h2>EGON: CALIDAD Y FIABILIDAD PARA TU SISTEMA GRC<\/h2>\n<p>Para cualquier exigencia relacionada con la gesti\u00f3n de la calidad de los datos en tu sistema de GRC, Egon es tu soluci\u00f3n. Se trata de un software multiplataforma que\u00a0<span>puede integrarse f\u00e1cilmente en cualquier aplicaci\u00f3n grc preexistente<\/span>\u00a0gracias a la total flexibilidad de los protocolos sobre los que se ha creado.<\/p>\n","protected":false},"excerpt":{"rendered":"<p>Los sistemas GRC (CRM) necesitan trabajar con\u00a0datos personales precisos, monitoreados y actualizados constantemente. Invertir en una gesti\u00f3n de las relaciones con el [&hellip;]<\/p>\n","protected":false},"author":1,"featured_media":0,"parent":7307,"menu_order":0,"comment_status":"closed","ping_status":"closed","template":"","meta":{"footnotes":""},"class_list":["post-7315","page","type-page","status-publish","hentry"],"yoast_head":"<!-- This site is optimized with the Yoast SEO plugin v26.8 - https:\/\/yoast.com\/product\/yoast-seo-wordpress\/ -->\n<title>Validaci\u00f3n de datos personales y direcciones en tu GRC: Egon<\/title>\n<meta name=\"description\" content=\"Egon es un software disponible v\u00eda web para la gesti\u00f3n de la validaci\u00f3n de las direcciones en los sistemas GRC. Demo Gratis Online!\" \/>\n<meta name=\"robots\" content=\"index, follow, max-snippet:-1, max-image-preview:large, max-video-preview:-1\" \/>\n<link rel=\"canonical\" href=\"https:\/\/www.egon.com\/es\/aplicaciones\/gestion-de-relacion-con-los-clientes-crm\" \/>\n<meta property=\"og:locale\" content=\"es_ES\" \/>\n<meta property=\"og:type\" content=\"article\" \/>\n<meta property=\"og:title\" content=\"Validaci\u00f3n de datos personales y direcciones en tu GRC: Egon\" \/>\n<meta property=\"og:description\" content=\"Egon es un software disponible v\u00eda web para la gesti\u00f3n de la validaci\u00f3n de las direcciones en los sistemas GRC. Demo Gratis Online!\" \/>\n<meta property=\"og:url\" content=\"https:\/\/www.egon.com\/es\/aplicaciones\/gestion-de-relacion-con-los-clientes-crm\" \/>\n<meta property=\"og:site_name\" content=\"Egon\" \/>\n<meta property=\"article:modified_time\" content=\"2017-09-19T08:40:14+00:00\" \/>\n<meta property=\"og:image\" content=\"https:\/\/www.egon.com\/wp-content\/uploads\/2017\/07\/CRM-820x400.jpg\" \/>\n<meta name=\"twitter:card\" content=\"summary_large_image\" \/>\n<meta name=\"twitter:label1\" content=\"Tiempo de lectura\" \/>\n\t<meta name=\"twitter:data1\" content=\"1 minuto\" \/>\n<script type=\"application\/ld+json\" class=\"yoast-schema-graph\">{\"@context\":\"https:\/\/schema.org\",\"@graph\":[{\"@type\":\"WebPage\",\"@id\":\"https:\/\/www.egon.com\/es\/aplicaciones\/gestion-de-relacion-con-los-clientes-crm\",\"url\":\"https:\/\/www.egon.com\/es\/aplicaciones\/gestion-de-relacion-con-los-clientes-crm\",\"name\":\"Validaci\u00f3n de datos personales y direcciones en tu GRC: Egon\",\"isPartOf\":{\"@id\":\"https:\/\/www.egon.com\/zh\/#website\"},\"primaryImageOfPage\":{\"@id\":\"https:\/\/www.egon.com\/es\/aplicaciones\/gestion-de-relacion-con-los-clientes-crm#primaryimage\"},\"image\":{\"@id\":\"https:\/\/www.egon.com\/es\/aplicaciones\/gestion-de-relacion-con-los-clientes-crm#primaryimage\"},\"thumbnailUrl\":\"https:\/\/www.egon.com\/wp-content\/uploads\/2017\/07\/CRM-820x400.jpg\",\"datePublished\":\"2017-09-06T09:39:22+00:00\",\"dateModified\":\"2017-09-19T08:40:14+00:00\",\"description\":\"Egon es un software disponible v\u00eda web para la gesti\u00f3n de la validaci\u00f3n de las direcciones en los sistemas GRC. Demo Gratis Online!\",\"breadcrumb\":{\"@id\":\"https:\/\/www.egon.com\/es\/aplicaciones\/gestion-de-relacion-con-los-clientes-crm#breadcrumb\"},\"inLanguage\":\"es\",\"potentialAction\":[{\"@type\":\"ReadAction\",\"target\":[\"https:\/\/www.egon.com\/es\/aplicaciones\/gestion-de-relacion-con-los-clientes-crm\"]}]},{\"@type\":\"ImageObject\",\"inLanguage\":\"es\",\"@id\":\"https:\/\/www.egon.com\/es\/aplicaciones\/gestion-de-relacion-con-los-clientes-crm#primaryimage\",\"url\":\"https:\/\/www.egon.com\/wp-content\/uploads\/2017\/07\/CRM-820x400.jpg\",\"contentUrl\":\"https:\/\/www.egon.com\/wp-content\/uploads\/2017\/07\/CRM-820x400.jpg\"},{\"@type\":\"BreadcrumbList\",\"@id\":\"https:\/\/www.egon.com\/es\/aplicaciones\/gestion-de-relacion-con-los-clientes-crm#breadcrumb\",\"itemListElement\":[{\"@type\":\"ListItem\",\"position\":1,\"name\":\"Home\",\"item\":\"https:\/\/www.egon.com\/es\"},{\"@type\":\"ListItem\",\"position\":2,\"name\":\"Applicazioni\",\"item\":\"https:\/\/www.egon.com\/es\/aplicaciones\"},{\"@type\":\"ListItem\",\"position\":3,\"name\":\"Validaci\u00f3n direcciones para los sistemas crm\"}]},{\"@type\":\"WebSite\",\"@id\":\"https:\/\/www.egon.com\/zh\/#website\",\"url\":\"https:\/\/www.egon.com\/zh\/\",\"name\":\"Egon\",\"description\":\"Normalizzazione indirizzi - Address validation - Egon.com\",\"potentialAction\":[{\"@type\":\"SearchAction\",\"target\":{\"@type\":\"EntryPoint\",\"urlTemplate\":\"https:\/\/www.egon.com\/zh\/?s={search_term_string}\"},\"query-input\":{\"@type\":\"PropertyValueSpecification\",\"valueRequired\":true,\"valueName\":\"search_term_string\"}}],\"inLanguage\":\"es\"}]}<\/script>\n<!-- \/ Yoast SEO plugin. -->","yoast_head_json":{"title":"Validaci\u00f3n de datos personales y direcciones en tu GRC: Egon","description":"Egon es un software disponible v\u00eda web para la gesti\u00f3n de la validaci\u00f3n de las direcciones en los sistemas GRC. Demo Gratis Online!","robots":{"index":"index","follow":"follow","max-snippet":"max-snippet:-1","max-image-preview":"max-image-preview:large","max-video-preview":"max-video-preview:-1"},"canonical":"https:\/\/www.egon.com\/es\/aplicaciones\/gestion-de-relacion-con-los-clientes-crm","og_locale":"es_ES","og_type":"article","og_title":"Validaci\u00f3n de datos personales y direcciones en tu GRC: Egon","og_description":"Egon es un software disponible v\u00eda web para la gesti\u00f3n de la validaci\u00f3n de las direcciones en los sistemas GRC. Demo Gratis Online!","og_url":"https:\/\/www.egon.com\/es\/aplicaciones\/gestion-de-relacion-con-los-clientes-crm","og_site_name":"Egon","article_modified_time":"2017-09-19T08:40:14+00:00","og_image":[{"url":"https:\/\/www.egon.com\/wp-content\/uploads\/2017\/07\/CRM-820x400.jpg","type":"","width":"","height":""}],"twitter_card":"summary_large_image","twitter_misc":{"Tiempo de lectura":"1 minuto"},"schema":{"@context":"https:\/\/schema.org","@graph":[{"@type":"WebPage","@id":"https:\/\/www.egon.com\/es\/aplicaciones\/gestion-de-relacion-con-los-clientes-crm","url":"https:\/\/www.egon.com\/es\/aplicaciones\/gestion-de-relacion-con-los-clientes-crm","name":"Validaci\u00f3n de datos personales y direcciones en tu GRC: Egon","isPartOf":{"@id":"https:\/\/www.egon.com\/zh\/#website"},"primaryImageOfPage":{"@id":"https:\/\/www.egon.com\/es\/aplicaciones\/gestion-de-relacion-con-los-clientes-crm#primaryimage"},"image":{"@id":"https:\/\/www.egon.com\/es\/aplicaciones\/gestion-de-relacion-con-los-clientes-crm#primaryimage"},"thumbnailUrl":"https:\/\/www.egon.com\/wp-content\/uploads\/2017\/07\/CRM-820x400.jpg","datePublished":"2017-09-06T09:39:22+00:00","dateModified":"2017-09-19T08:40:14+00:00","description":"Egon es un software disponible v\u00eda web para la gesti\u00f3n de la validaci\u00f3n de las direcciones en los sistemas GRC. Demo Gratis Online!","breadcrumb":{"@id":"https:\/\/www.egon.com\/es\/aplicaciones\/gestion-de-relacion-con-los-clientes-crm#breadcrumb"},"inLanguage":"es","potentialAction":[{"@type":"ReadAction","target":["https:\/\/www.egon.com\/es\/aplicaciones\/gestion-de-relacion-con-los-clientes-crm"]}]},{"@type":"ImageObject","inLanguage":"es","@id":"https:\/\/www.egon.com\/es\/aplicaciones\/gestion-de-relacion-con-los-clientes-crm#primaryimage","url":"https:\/\/www.egon.com\/wp-content\/uploads\/2017\/07\/CRM-820x400.jpg","contentUrl":"https:\/\/www.egon.com\/wp-content\/uploads\/2017\/07\/CRM-820x400.jpg"},{"@type":"BreadcrumbList","@id":"https:\/\/www.egon.com\/es\/aplicaciones\/gestion-de-relacion-con-los-clientes-crm#breadcrumb","itemListElement":[{"@type":"ListItem","position":1,"name":"Home","item":"https:\/\/www.egon.com\/es"},{"@type":"ListItem","position":2,"name":"Applicazioni","item":"https:\/\/www.egon.com\/es\/aplicaciones"},{"@type":"ListItem","position":3,"name":"Validaci\u00f3n direcciones para los sistemas crm"}]},{"@type":"WebSite","@id":"https:\/\/www.egon.com\/zh\/#website","url":"https:\/\/www.egon.com\/zh\/","name":"Egon","description":"Normalizzazione indirizzi - Address validation - Egon.com","potentialAction":[{"@type":"SearchAction","target":{"@type":"EntryPoint","urlTemplate":"https:\/\/www.egon.com\/zh\/?s={search_term_string}"},"query-input":{"@type":"PropertyValueSpecification","valueRequired":true,"valueName":"search_term_string"}}],"inLanguage":"es"}]}},"_links":{"self":[{"href":"https:\/\/www.egon.com\/es\/wp-json\/wp\/v2\/pages\/7315","targetHints":{"allow":["GET"]}}],"collection":[{"href":"https:\/\/www.egon.com\/es\/wp-json\/wp\/v2\/pages"}],"about":[{"href":"https:\/\/www.egon.com\/es\/wp-json\/wp\/v2\/types\/page"}],"author":[{"embeddable":true,"href":"https:\/\/www.egon.com\/es\/wp-json\/wp\/v2\/users\/1"}],"replies":[{"embeddable":true,"href":"https:\/\/www.egon.com\/es\/wp-json\/wp\/v2\/comments?post=7315"}],"version-history":[{"count":0,"href":"https:\/\/www.egon.com\/es\/wp-json\/wp\/v2\/pages\/7315\/revisions"}],"up":[{"embeddable":true,"href":"https:\/\/www.egon.com\/es\/wp-json\/wp\/v2\/pages\/7307"}],"wp:attachment":[{"href":"https:\/\/www.egon.com\/es\/wp-json\/wp\/v2\/media?parent=7315"}],"curies":[{"name":"wp","href":"https:\/\/api.w.org\/{rel}","templated":true}]}}