{"id":7314,"date":"2017-09-06T09:39:18","date_gmt":"2017-09-06T09:39:18","guid":{"rendered":"https:\/\/egon.com\/?page_id=7314"},"modified":"2017-10-20T11:25:58","modified_gmt":"2017-10-20T11:25:58","slug":"almacenamiento-de-datos","status":"publish","type":"page","link":"https:\/\/www.egon.com\/es\/aplicaciones\/almacenamiento-de-datos","title":{"rendered":"Almacenamiento de datos (data warehouse): de los datos a la informaci\u00f3n"},"content":{"rendered":"<p>Muchas empresas poseen datos distintos de sus clientes, distribuidos en diferentes bases de datos, puede que utilizados por aplicaciones de software tambi\u00e9n distintas y sin comunicaci\u00f3n. Transformar estos datos en informaci\u00f3n a 360\u00b0 significa analizarlos a fondo para reconocer las conexiones e integrarlos cuando se refieran a los mismos clientes.<\/p>\n<p>Por ello se habla de<span>\u00a0identificaci\u00f3n del cliente (Single view of customer)<\/span>haciendo referencia a la\u00a0<span>fusi\u00f3n en un solo archivo<\/span>\u00a0maestro de los datos analizados y extra\u00eddos a partir de fuentes distintas e incoherentes entre s\u00ed.<\/p>\n<p><img loading=\"lazy\" decoding=\"async\" class=\"alignnone wp-image-622 size-wps_child_large\" title=\"Servizi data warehouse\" src=\"https:\/\/www.egon.com\/wp-content\/uploads\/2017\/07\/data-warehouse-quality-validation-820x400.jpg\" alt=\"servizi data warehouse\" width=\"820\" height=\"400\" \/><\/p>\n<p>Obtener una\u00a0<span>visi\u00f3n completa e integrada de cada cliente<\/span>\u00a0permite comprender mejor el tipo de comportamiento del cliente en s\u00ed, los intereses pasados y la variaci\u00f3n con el paso del tiempo con indudables ventajas en la descripci\u00f3n de las actividades de marketing futuras.<\/p>\n<h2>\u00a0PRINCIPALES VENTAJAS DE UN ALMACENAMIENTO DE\u00a0\u00a0 DATOS:<\/h2>\n<ul>\n<li>Proporciona una herramienta fiable para el<span>\u00a0proceso decisional<\/span>\u00a0en cada \u00e1rea empresarial bas\u00e1ndose en informaci\u00f3n integrada.<\/li>\n<li>Facilita la aplicaci\u00f3n de t\u00e9cnicas\u00a0<span>estad\u00edsticas y de an\u00e1lisis<\/span>\u00a0destinada a individuar las relaciones ocultas a simple vista<\/li>\n<li>Soporta el an\u00e1lisis de situaciones pasadas y por tanto tambi\u00e9n la prevenci\u00f3n y el\u00a0<span>an\u00e1lisis estrat\u00e9gico para los escenarios futuros<\/span>.<\/li>\n<li>Dentro de la empresa simplifica la implementaci\u00f3n de\u00a0<span>sistemas de gesti\u00f3n integrada de la relaci\u00f3n con el cliente<\/span>.<\/li>\n<li>Facilita la elaboraci\u00f3n de<span>\u00a0informes detallados<\/span>.<\/li>\n<\/ul>\n<h2>MIGRACI\u00d3N A NUEVOS SISTEMAS<\/h2>\n<p>La creaci\u00f3n de<span>\u00a0archivos de datos un\u00edvocos y coherentes<\/span>\u00a0simplifica enormemente la\u00a0<span>migraci\u00f3n a \u201cnuevos sistemas\u201d<\/span>, un aspecto cr\u00edtico para cualquier empresa que tenga que sustituir sus datos de gesti\u00f3n y sus aplicaciones. A trav\u00e9s de herramientas din\u00e1micas de adquisici\u00f3n, control, tratamiento y conversi\u00f3n de la informaci\u00f3n es posible no s\u00f3lo transferir datos sin perderlos y de forma indolora, sino incluso aprovechar el momento de la migraci\u00f3n para sanear y normalizar sus datos integrando posible informaci\u00f3n repetida referida a entidades \u00fanicas.<\/p>\n<p>Si te pones en las manos de Egon tendr\u00e1s la seguridad de una gesti\u00f3n sencilla de estas operaciones y el\u00a0<span>mantenimiento completo de tu almacenamiento de datos ser\u00e1 m\u00e1s f\u00e1cil y seguro<\/span>.<\/p>\n","protected":false},"excerpt":{"rendered":"<p>Muchas empresas poseen datos distintos de sus clientes, distribuidos en diferentes bases de datos, puede que utilizados por aplicaciones de software tambi\u00e9n [&hellip;]<\/p>\n","protected":false},"author":1,"featured_media":0,"parent":7307,"menu_order":0,"comment_status":"closed","ping_status":"closed","template":"","meta":{"footnotes":""},"class_list":["post-7314","page","type-page","status-publish","hentry"],"yoast_head":"<!-- This site is optimized with the Yoast SEO plugin v26.8 - https:\/\/yoast.com\/product\/yoast-seo-wordpress\/ -->\n<title>Servicios de almacenamiento de datos - EGON.COM<\/title>\n<meta name=\"description\" content=\"Servicios de almacenamiento de datos para normalizar las bases de datos de empresa y simplificar posibles migraciones: \u00a1Prueba la Demo!\" \/>\n<meta name=\"robots\" content=\"index, follow, max-snippet:-1, max-image-preview:large, max-video-preview:-1\" \/>\n<link rel=\"canonical\" href=\"https:\/\/www.egon.com\/es\/aplicaciones\/almacenamiento-de-datos\" \/>\n<meta property=\"og:locale\" content=\"es_ES\" \/>\n<meta property=\"og:type\" content=\"article\" \/>\n<meta property=\"og:title\" content=\"Servicios de almacenamiento de datos - EGON.COM\" \/>\n<meta property=\"og:description\" content=\"Servicios de almacenamiento de datos para normalizar las bases de datos de empresa y simplificar posibles migraciones: \u00a1Prueba la Demo!\" \/>\n<meta property=\"og:url\" content=\"https:\/\/www.egon.com\/es\/aplicaciones\/almacenamiento-de-datos\" \/>\n<meta property=\"og:site_name\" content=\"Egon\" \/>\n<meta property=\"article:modified_time\" content=\"2017-10-20T11:25:58+00:00\" \/>\n<meta property=\"og:image\" content=\"https:\/\/www.egon.com\/wp-content\/uploads\/2017\/07\/data-warehouse-quality-validation-820x400.jpg\" \/>\n<meta name=\"twitter:card\" content=\"summary_large_image\" \/>\n<meta name=\"twitter:label1\" content=\"Tiempo de lectura\" \/>\n\t<meta name=\"twitter:data1\" content=\"2 minutos\" \/>\n<script type=\"application\/ld+json\" class=\"yoast-schema-graph\">{\"@context\":\"https:\/\/schema.org\",\"@graph\":[{\"@type\":\"WebPage\",\"@id\":\"https:\/\/www.egon.com\/es\/aplicaciones\/almacenamiento-de-datos\",\"url\":\"https:\/\/www.egon.com\/es\/aplicaciones\/almacenamiento-de-datos\",\"name\":\"Servicios de almacenamiento de datos - EGON.COM\",\"isPartOf\":{\"@id\":\"https:\/\/www.egon.com\/zh\/#website\"},\"primaryImageOfPage\":{\"@id\":\"https:\/\/www.egon.com\/es\/aplicaciones\/almacenamiento-de-datos#primaryimage\"},\"image\":{\"@id\":\"https:\/\/www.egon.com\/es\/aplicaciones\/almacenamiento-de-datos#primaryimage\"},\"thumbnailUrl\":\"https:\/\/www.egon.com\/wp-content\/uploads\/2017\/07\/data-warehouse-quality-validation-820x400.jpg\",\"datePublished\":\"2017-09-06T09:39:18+00:00\",\"dateModified\":\"2017-10-20T11:25:58+00:00\",\"description\":\"Servicios de almacenamiento de datos para normalizar las bases de datos de empresa y simplificar posibles migraciones: \u00a1Prueba la Demo!\",\"breadcrumb\":{\"@id\":\"https:\/\/www.egon.com\/es\/aplicaciones\/almacenamiento-de-datos#breadcrumb\"},\"inLanguage\":\"es\",\"potentialAction\":[{\"@type\":\"ReadAction\",\"target\":[\"https:\/\/www.egon.com\/es\/aplicaciones\/almacenamiento-de-datos\"]}]},{\"@type\":\"ImageObject\",\"inLanguage\":\"es\",\"@id\":\"https:\/\/www.egon.com\/es\/aplicaciones\/almacenamiento-de-datos#primaryimage\",\"url\":\"https:\/\/www.egon.com\/wp-content\/uploads\/2017\/07\/data-warehouse-quality-validation-820x400.jpg\",\"contentUrl\":\"https:\/\/www.egon.com\/wp-content\/uploads\/2017\/07\/data-warehouse-quality-validation-820x400.jpg\"},{\"@type\":\"BreadcrumbList\",\"@id\":\"https:\/\/www.egon.com\/es\/aplicaciones\/almacenamiento-de-datos#breadcrumb\",\"itemListElement\":[{\"@type\":\"ListItem\",\"position\":1,\"name\":\"Home\",\"item\":\"https:\/\/www.egon.com\/es\"},{\"@type\":\"ListItem\",\"position\":2,\"name\":\"Applicazioni\",\"item\":\"https:\/\/www.egon.com\/es\/aplicaciones\"},{\"@type\":\"ListItem\",\"position\":3,\"name\":\"Almacenamiento de datos (data warehouse): de los datos a la informaci\u00f3n\"}]},{\"@type\":\"WebSite\",\"@id\":\"https:\/\/www.egon.com\/zh\/#website\",\"url\":\"https:\/\/www.egon.com\/zh\/\",\"name\":\"Egon\",\"description\":\"Normalizzazione indirizzi - Address validation - Egon.com\",\"potentialAction\":[{\"@type\":\"SearchAction\",\"target\":{\"@type\":\"EntryPoint\",\"urlTemplate\":\"https:\/\/www.egon.com\/zh\/?s={search_term_string}\"},\"query-input\":{\"@type\":\"PropertyValueSpecification\",\"valueRequired\":true,\"valueName\":\"search_term_string\"}}],\"inLanguage\":\"es\"}]}<\/script>\n<!-- \/ Yoast SEO plugin. -->","yoast_head_json":{"title":"Servicios de almacenamiento de datos - EGON.COM","description":"Servicios de almacenamiento de datos para normalizar las bases de datos de empresa y simplificar posibles migraciones: \u00a1Prueba la Demo!","robots":{"index":"index","follow":"follow","max-snippet":"max-snippet:-1","max-image-preview":"max-image-preview:large","max-video-preview":"max-video-preview:-1"},"canonical":"https:\/\/www.egon.com\/es\/aplicaciones\/almacenamiento-de-datos","og_locale":"es_ES","og_type":"article","og_title":"Servicios de almacenamiento de datos - EGON.COM","og_description":"Servicios de almacenamiento de datos para normalizar las bases de datos de empresa y simplificar posibles migraciones: \u00a1Prueba la Demo!","og_url":"https:\/\/www.egon.com\/es\/aplicaciones\/almacenamiento-de-datos","og_site_name":"Egon","article_modified_time":"2017-10-20T11:25:58+00:00","og_image":[{"url":"https:\/\/www.egon.com\/wp-content\/uploads\/2017\/07\/data-warehouse-quality-validation-820x400.jpg","type":"","width":"","height":""}],"twitter_card":"summary_large_image","twitter_misc":{"Tiempo de lectura":"2 minutos"},"schema":{"@context":"https:\/\/schema.org","@graph":[{"@type":"WebPage","@id":"https:\/\/www.egon.com\/es\/aplicaciones\/almacenamiento-de-datos","url":"https:\/\/www.egon.com\/es\/aplicaciones\/almacenamiento-de-datos","name":"Servicios de almacenamiento de datos - EGON.COM","isPartOf":{"@id":"https:\/\/www.egon.com\/zh\/#website"},"primaryImageOfPage":{"@id":"https:\/\/www.egon.com\/es\/aplicaciones\/almacenamiento-de-datos#primaryimage"},"image":{"@id":"https:\/\/www.egon.com\/es\/aplicaciones\/almacenamiento-de-datos#primaryimage"},"thumbnailUrl":"https:\/\/www.egon.com\/wp-content\/uploads\/2017\/07\/data-warehouse-quality-validation-820x400.jpg","datePublished":"2017-09-06T09:39:18+00:00","dateModified":"2017-10-20T11:25:58+00:00","description":"Servicios de almacenamiento de datos para normalizar las bases de datos de empresa y simplificar posibles migraciones: \u00a1Prueba la Demo!","breadcrumb":{"@id":"https:\/\/www.egon.com\/es\/aplicaciones\/almacenamiento-de-datos#breadcrumb"},"inLanguage":"es","potentialAction":[{"@type":"ReadAction","target":["https:\/\/www.egon.com\/es\/aplicaciones\/almacenamiento-de-datos"]}]},{"@type":"ImageObject","inLanguage":"es","@id":"https:\/\/www.egon.com\/es\/aplicaciones\/almacenamiento-de-datos#primaryimage","url":"https:\/\/www.egon.com\/wp-content\/uploads\/2017\/07\/data-warehouse-quality-validation-820x400.jpg","contentUrl":"https:\/\/www.egon.com\/wp-content\/uploads\/2017\/07\/data-warehouse-quality-validation-820x400.jpg"},{"@type":"BreadcrumbList","@id":"https:\/\/www.egon.com\/es\/aplicaciones\/almacenamiento-de-datos#breadcrumb","itemListElement":[{"@type":"ListItem","position":1,"name":"Home","item":"https:\/\/www.egon.com\/es"},{"@type":"ListItem","position":2,"name":"Applicazioni","item":"https:\/\/www.egon.com\/es\/aplicaciones"},{"@type":"ListItem","position":3,"name":"Almacenamiento de datos (data warehouse): de los datos a la informaci\u00f3n"}]},{"@type":"WebSite","@id":"https:\/\/www.egon.com\/zh\/#website","url":"https:\/\/www.egon.com\/zh\/","name":"Egon","description":"Normalizzazione indirizzi - Address validation - Egon.com","potentialAction":[{"@type":"SearchAction","target":{"@type":"EntryPoint","urlTemplate":"https:\/\/www.egon.com\/zh\/?s={search_term_string}"},"query-input":{"@type":"PropertyValueSpecification","valueRequired":true,"valueName":"search_term_string"}}],"inLanguage":"es"}]}},"_links":{"self":[{"href":"https:\/\/www.egon.com\/es\/wp-json\/wp\/v2\/pages\/7314","targetHints":{"allow":["GET"]}}],"collection":[{"href":"https:\/\/www.egon.com\/es\/wp-json\/wp\/v2\/pages"}],"about":[{"href":"https:\/\/www.egon.com\/es\/wp-json\/wp\/v2\/types\/page"}],"author":[{"embeddable":true,"href":"https:\/\/www.egon.com\/es\/wp-json\/wp\/v2\/users\/1"}],"replies":[{"embeddable":true,"href":"https:\/\/www.egon.com\/es\/wp-json\/wp\/v2\/comments?post=7314"}],"version-history":[{"count":0,"href":"https:\/\/www.egon.com\/es\/wp-json\/wp\/v2\/pages\/7314\/revisions"}],"up":[{"embeddable":true,"href":"https:\/\/www.egon.com\/es\/wp-json\/wp\/v2\/pages\/7307"}],"wp:attachment":[{"href":"https:\/\/www.egon.com\/es\/wp-json\/wp\/v2\/media?parent=7314"}],"curies":[{"name":"wp","href":"https:\/\/api.w.org\/{rel}","templated":true}]}}