{"id":7313,"date":"2017-09-06T09:39:14","date_gmt":"2017-09-06T09:39:14","guid":{"rendered":"https:\/\/egon.com\/?page_id=7313"},"modified":"2017-09-19T09:21:13","modified_gmt":"2017-09-19T09:21:13","slug":"e-business","status":"publish","type":"page","link":"https:\/\/www.egon.com\/es\/aplicaciones\/e-business","title":{"rendered":"Normalizaci\u00f3n de direcciones y datos personales para sitios e-commerce"},"content":{"rendered":"<p>Cualquier portal de venta online pide que se\u00a0<span>introduzcan datos personales por parte del comprador<\/span>\u00a0(datos personales, datos bancarios, direcci\u00f3n, etc.) durante la fase de compra online o durante el registro del usuario. Egon es una aplicaci\u00f3n multiplataforma perfectamente capaz de integrarse en cualquier\u00a0<span>sitio e-commerce<\/span>\u00a0y de hacer su aportaci\u00f3n en el \u00e1mbito de la\u00a0<span>validaci\u00f3n de los datos entrantes<\/span>.<\/p>\n<p class=\"box-hint\"><div class=\"c-highlight u-text-bold\">\n<p class=\"box-hint\"><span><a href=\"https:\/\/www.egon.com\/es\/iscrizione-demo-es.html\">Si deseas probar Gratis nuestra Demo Web, \u00a1ponte en contacto con nosotros ya!<\/a><\/span><\/p>\n<p>&nbsp;<\/p>\n<p class=\"box-hint\"><\/div>\n<p><span><img loading=\"lazy\" decoding=\"async\" class=\"alignnone wp-image-7934 size-wps_child_large\" title=\"Normalizaci\u00f3n de direcciones y datos personales para sitios e-commerce\" src=\"https:\/\/www.egon.com\/wp-content\/uploads\/2017\/09\/normalizacion-direcciones-e-commerce-820x400.jpg\" alt=\"normalizacion direcciones e-commerce\" width=\"820\" height=\"400\" \/><\/span><\/p>\n<p>Todos los\u00a0<span>datos introducidos por el usuario durante la fase de registro o de compra online ser\u00e1n procesados, validados y en su caso corregidos<\/span>\u00a0(con la posibilidad de contar con soporte en tiempo real durante la fase de tecleado por parte del usuario).<\/p>\n<p>Podr\u00eda incluso guiarse al usuario mientras se completa mediante\u00a0<span>las funciones autocomplete obligatorias (servicios de lista)<\/span>. Esto les garantizar\u00e1 a los gestores de la tienda online que tengan siempre datos correctos, validados y en su caso normalizados y se evitar\u00e1 que se produzcan env\u00edos incorrectos o que haya problemas de comunicaci\u00f3n y finalizaci\u00f3n de los pedidos.<\/p>\n<p>La adquisici\u00f3n de productos y servicios directamente por internet ya es una actividad com\u00fan y hay muchos\u00a0<span>software y sgc<\/span>, incluso de c\u00f3digo abierto, estudiados espec\u00edficamente para crear\u00a0<span>sitios web de comercio electr\u00f3nico<\/span>\u00a0(por ejemplo Woocommerce para WordPress, Virtuemart para Joomla, Magento, etc.).<\/p>\n<p>Por tanto la red se ha convertido, para el mundo de los negocios, en un punto de recopilaci\u00f3n esencial de los datos correspondientes a los propios clientes reales y potenciales, con consecuencias importantes tanto a nivel legislativo como a nivel de\u00a0<span>bases de datos personales de empresa<\/span>. La recopilaci\u00f3n de los datos procedentes de formularios de la red tiene la ventaja indudable de la inmediatez y por tanto la simplicidad para el usuario, pero no se tienen que pasar por alto los problemas igualmente difundidos debidos a un tecleado r\u00e1pido e incontrolado de los datos personales por parte de usuarios apurados que a menudo no prestan la atenci\u00f3n apropiada a la introducci\u00f3n de los datos en los formularios de registro y fase de compra online. Un sitio e-commerce profesional tiene que ser capaz de hacerse cargo de esos problemas y solucionarlos antes de que puedan causar problemas mayores.<\/p>\n","protected":false},"excerpt":{"rendered":"<p>Cualquier portal de venta online pide que se\u00a0introduzcan datos personales por parte del comprador\u00a0(datos personales, datos bancarios, direcci\u00f3n, etc.) durante la fase [&hellip;]<\/p>\n","protected":false},"author":1,"featured_media":0,"parent":7307,"menu_order":0,"comment_status":"closed","ping_status":"closed","template":"","meta":{"footnotes":""},"class_list":["post-7313","page","type-page","status-publish","hentry"],"yoast_head":"<!-- This site is optimized with the Yoast SEO plugin v26.8 - https:\/\/yoast.com\/product\/yoast-seo-wordpress\/ -->\n<title>Normalizaci\u00f3n de direcciones y datos personales para sitios e-commerce<\/title>\n<meta name=\"description\" content=\"Egon: servicios de calidad de datos para la validaci\u00f3n de direcciones y datos personales introducidos durante las compras online \u2013 \u00a1Prueba la Demo!\" \/>\n<meta name=\"robots\" content=\"index, follow, max-snippet:-1, max-image-preview:large, max-video-preview:-1\" \/>\n<link rel=\"canonical\" href=\"https:\/\/www.egon.com\/es\/aplicaciones\/e-business\" \/>\n<meta property=\"og:locale\" content=\"es_ES\" \/>\n<meta property=\"og:type\" content=\"article\" \/>\n<meta property=\"og:title\" content=\"Normalizaci\u00f3n de direcciones y datos personales para sitios e-commerce\" \/>\n<meta property=\"og:description\" content=\"Egon: servicios de calidad de datos para la validaci\u00f3n de direcciones y datos personales introducidos durante las compras online \u2013 \u00a1Prueba la Demo!\" \/>\n<meta property=\"og:url\" content=\"https:\/\/www.egon.com\/es\/aplicaciones\/e-business\" \/>\n<meta property=\"og:site_name\" content=\"Egon\" \/>\n<meta property=\"article:modified_time\" content=\"2017-09-19T09:21:13+00:00\" \/>\n<meta property=\"og:image\" content=\"https:\/\/www.egon.com\/wp-content\/uploads\/2017\/09\/normalizacion-direcciones-e-commerce-820x400.jpg\" \/>\n<meta name=\"twitter:card\" content=\"summary_large_image\" \/>\n<meta name=\"twitter:label1\" content=\"Tiempo de lectura\" \/>\n\t<meta name=\"twitter:data1\" content=\"2 minutos\" \/>\n<script type=\"application\/ld+json\" class=\"yoast-schema-graph\">{\"@context\":\"https:\/\/schema.org\",\"@graph\":[{\"@type\":\"WebPage\",\"@id\":\"https:\/\/www.egon.com\/es\/aplicaciones\/e-business\",\"url\":\"https:\/\/www.egon.com\/es\/aplicaciones\/e-business\",\"name\":\"Normalizaci\u00f3n de direcciones y datos personales para sitios e-commerce\",\"isPartOf\":{\"@id\":\"https:\/\/www.egon.com\/zh\/#website\"},\"primaryImageOfPage\":{\"@id\":\"https:\/\/www.egon.com\/es\/aplicaciones\/e-business#primaryimage\"},\"image\":{\"@id\":\"https:\/\/www.egon.com\/es\/aplicaciones\/e-business#primaryimage\"},\"thumbnailUrl\":\"https:\/\/www.egon.com\/wp-content\/uploads\/2017\/09\/normalizacion-direcciones-e-commerce-820x400.jpg\",\"datePublished\":\"2017-09-06T09:39:14+00:00\",\"dateModified\":\"2017-09-19T09:21:13+00:00\",\"description\":\"Egon: servicios de calidad de datos para la validaci\u00f3n de direcciones y datos personales introducidos durante las compras online \u2013 \u00a1Prueba la Demo!\",\"breadcrumb\":{\"@id\":\"https:\/\/www.egon.com\/es\/aplicaciones\/e-business#breadcrumb\"},\"inLanguage\":\"es\",\"potentialAction\":[{\"@type\":\"ReadAction\",\"target\":[\"https:\/\/www.egon.com\/es\/aplicaciones\/e-business\"]}]},{\"@type\":\"ImageObject\",\"inLanguage\":\"es\",\"@id\":\"https:\/\/www.egon.com\/es\/aplicaciones\/e-business#primaryimage\",\"url\":\"https:\/\/www.egon.com\/wp-content\/uploads\/2017\/09\/normalizacion-direcciones-e-commerce-820x400.jpg\",\"contentUrl\":\"https:\/\/www.egon.com\/wp-content\/uploads\/2017\/09\/normalizacion-direcciones-e-commerce-820x400.jpg\"},{\"@type\":\"BreadcrumbList\",\"@id\":\"https:\/\/www.egon.com\/es\/aplicaciones\/e-business#breadcrumb\",\"itemListElement\":[{\"@type\":\"ListItem\",\"position\":1,\"name\":\"Home\",\"item\":\"https:\/\/www.egon.com\/es\"},{\"@type\":\"ListItem\",\"position\":2,\"name\":\"Applicazioni\",\"item\":\"https:\/\/www.egon.com\/es\/aplicaciones\"},{\"@type\":\"ListItem\",\"position\":3,\"name\":\"Normalizaci\u00f3n de direcciones y datos personales para sitios e-commerce\"}]},{\"@type\":\"WebSite\",\"@id\":\"https:\/\/www.egon.com\/zh\/#website\",\"url\":\"https:\/\/www.egon.com\/zh\/\",\"name\":\"Egon\",\"description\":\"Normalizzazione indirizzi - Address validation - Egon.com\",\"potentialAction\":[{\"@type\":\"SearchAction\",\"target\":{\"@type\":\"EntryPoint\",\"urlTemplate\":\"https:\/\/www.egon.com\/zh\/?s={search_term_string}\"},\"query-input\":{\"@type\":\"PropertyValueSpecification\",\"valueRequired\":true,\"valueName\":\"search_term_string\"}}],\"inLanguage\":\"es\"}]}<\/script>\n<!-- \/ Yoast SEO plugin. -->","yoast_head_json":{"title":"Normalizaci\u00f3n de direcciones y datos personales para sitios e-commerce","description":"Egon: servicios de calidad de datos para la validaci\u00f3n de direcciones y datos personales introducidos durante las compras online \u2013 \u00a1Prueba la Demo!","robots":{"index":"index","follow":"follow","max-snippet":"max-snippet:-1","max-image-preview":"max-image-preview:large","max-video-preview":"max-video-preview:-1"},"canonical":"https:\/\/www.egon.com\/es\/aplicaciones\/e-business","og_locale":"es_ES","og_type":"article","og_title":"Normalizaci\u00f3n de direcciones y datos personales para sitios e-commerce","og_description":"Egon: servicios de calidad de datos para la validaci\u00f3n de direcciones y datos personales introducidos durante las compras online \u2013 \u00a1Prueba la Demo!","og_url":"https:\/\/www.egon.com\/es\/aplicaciones\/e-business","og_site_name":"Egon","article_modified_time":"2017-09-19T09:21:13+00:00","og_image":[{"url":"https:\/\/www.egon.com\/wp-content\/uploads\/2017\/09\/normalizacion-direcciones-e-commerce-820x400.jpg","type":"","width":"","height":""}],"twitter_card":"summary_large_image","twitter_misc":{"Tiempo de lectura":"2 minutos"},"schema":{"@context":"https:\/\/schema.org","@graph":[{"@type":"WebPage","@id":"https:\/\/www.egon.com\/es\/aplicaciones\/e-business","url":"https:\/\/www.egon.com\/es\/aplicaciones\/e-business","name":"Normalizaci\u00f3n de direcciones y datos personales para sitios e-commerce","isPartOf":{"@id":"https:\/\/www.egon.com\/zh\/#website"},"primaryImageOfPage":{"@id":"https:\/\/www.egon.com\/es\/aplicaciones\/e-business#primaryimage"},"image":{"@id":"https:\/\/www.egon.com\/es\/aplicaciones\/e-business#primaryimage"},"thumbnailUrl":"https:\/\/www.egon.com\/wp-content\/uploads\/2017\/09\/normalizacion-direcciones-e-commerce-820x400.jpg","datePublished":"2017-09-06T09:39:14+00:00","dateModified":"2017-09-19T09:21:13+00:00","description":"Egon: servicios de calidad de datos para la validaci\u00f3n de direcciones y datos personales introducidos durante las compras online \u2013 \u00a1Prueba la Demo!","breadcrumb":{"@id":"https:\/\/www.egon.com\/es\/aplicaciones\/e-business#breadcrumb"},"inLanguage":"es","potentialAction":[{"@type":"ReadAction","target":["https:\/\/www.egon.com\/es\/aplicaciones\/e-business"]}]},{"@type":"ImageObject","inLanguage":"es","@id":"https:\/\/www.egon.com\/es\/aplicaciones\/e-business#primaryimage","url":"https:\/\/www.egon.com\/wp-content\/uploads\/2017\/09\/normalizacion-direcciones-e-commerce-820x400.jpg","contentUrl":"https:\/\/www.egon.com\/wp-content\/uploads\/2017\/09\/normalizacion-direcciones-e-commerce-820x400.jpg"},{"@type":"BreadcrumbList","@id":"https:\/\/www.egon.com\/es\/aplicaciones\/e-business#breadcrumb","itemListElement":[{"@type":"ListItem","position":1,"name":"Home","item":"https:\/\/www.egon.com\/es"},{"@type":"ListItem","position":2,"name":"Applicazioni","item":"https:\/\/www.egon.com\/es\/aplicaciones"},{"@type":"ListItem","position":3,"name":"Normalizaci\u00f3n de direcciones y datos personales para sitios e-commerce"}]},{"@type":"WebSite","@id":"https:\/\/www.egon.com\/zh\/#website","url":"https:\/\/www.egon.com\/zh\/","name":"Egon","description":"Normalizzazione indirizzi - Address validation - Egon.com","potentialAction":[{"@type":"SearchAction","target":{"@type":"EntryPoint","urlTemplate":"https:\/\/www.egon.com\/zh\/?s={search_term_string}"},"query-input":{"@type":"PropertyValueSpecification","valueRequired":true,"valueName":"search_term_string"}}],"inLanguage":"es"}]}},"_links":{"self":[{"href":"https:\/\/www.egon.com\/es\/wp-json\/wp\/v2\/pages\/7313","targetHints":{"allow":["GET"]}}],"collection":[{"href":"https:\/\/www.egon.com\/es\/wp-json\/wp\/v2\/pages"}],"about":[{"href":"https:\/\/www.egon.com\/es\/wp-json\/wp\/v2\/types\/page"}],"author":[{"embeddable":true,"href":"https:\/\/www.egon.com\/es\/wp-json\/wp\/v2\/users\/1"}],"replies":[{"embeddable":true,"href":"https:\/\/www.egon.com\/es\/wp-json\/wp\/v2\/comments?post=7313"}],"version-history":[{"count":0,"href":"https:\/\/www.egon.com\/es\/wp-json\/wp\/v2\/pages\/7313\/revisions"}],"up":[{"embeddable":true,"href":"https:\/\/www.egon.com\/es\/wp-json\/wp\/v2\/pages\/7307"}],"wp:attachment":[{"href":"https:\/\/www.egon.com\/es\/wp-json\/wp\/v2\/media?parent=7313"}],"curies":[{"name":"wp","href":"https:\/\/api.w.org\/{rel}","templated":true}]}}