{"id":7309,"date":"2017-09-06T09:09:32","date_gmt":"2017-09-06T09:09:32","guid":{"rendered":"https:\/\/egon.com\/?page_id=7309"},"modified":"2017-10-20T11:57:41","modified_gmt":"2017-10-20T11:57:41","slug":"mailing","status":"publish","type":"page","link":"https:\/\/www.egon.com\/es\/aplicaciones\/mailing","title":{"rendered":"VALIDACI\u00d3N Y FORMATACI\u00d3N POSTAL DE DIRECCIONES AL SERVICIO DEL ENV\u00cdO POR CORREO"},"content":{"rendered":"<p>El\u00a0<span>env\u00edo por correo (o mailing)<\/span>\u00a0es una actividad que se gestiona con el soporte de datos e informaci\u00f3n de calidad con el objeto de no poner en peligro todo el ciclo distributivo.<\/p>\n<p class=\"box-hint\"><span><a href=\"https:\/\/www.egon.com\/es\/iscrizione-demo-es.html\">Descubre los servicios de calidad de datos de Egon que apoyan al env\u00edo por correo<\/a><\/span><\/p>\n<h2>EGON: DIRECCIONES \u00daNICAS Y ACTUALIZADAS PARA TUS ENV\u00cdOS<\/h2>\n<p>Con el objeto de poder distribuir correctamente la propia correspondencia,\u00a0<span>cada empresa tiene que estar dotada de archivos de datos postales v\u00e1lidos y actualizados constantemente<\/span>, de los clientes, pasando por sus direcciones, los C.P., etc. De hecho una de las situaciones m\u00e1s desagradables que se pueden dar consiste en una gesti\u00f3n aproximada del ciclo de env\u00edo por correo causada, desde la primera fase de env\u00edo, por sistemas informativos y bases de datos de clientes no\u00a0<span>normalizados y actualizados<\/span>\u00a0de la forma oportuna.<\/p>\n<p>&nbsp;<\/p>\n<p><img loading=\"lazy\" decoding=\"async\" class=\"alignnone wp-image-619 size-wps_child_large\" title=\"Validaci\u00f3n y formataci\u00f3n postal de direcciones al servicio del env\u00edo por correo\" src=\"https:\/\/www.egon.com\/wp-content\/uploads\/2017\/07\/postal-address-format-mailing-operations-820x400.jpg\" alt=\"Validaci\u00f3n y formataci\u00f3n postal de direcciones al servicio del env\u00edo por correo\" width=\"820\" height=\"400\" \/><\/p>\n<p>Cualquier env\u00edo postal entre empresas, de tipo publicitario o con fines de comunicaci\u00f3n administrativa, cuando no se gestiona mediante\u00a0<span>procedimientos de calidad<\/span>\u00a0asociados a datos correctos, puede resultar completamente contraproducente:<\/p>\n<ul>\n<li><em>gastos innecesarios<\/em>\u00a0(por falta de direcciones)<\/li>\n<li><em>mala reputaci\u00f3n<\/em>\u00a0(respecto a potenciales clientes o clientes hist\u00f3ricos que reciben la misma comunicaci\u00f3n dos o tres veces)<\/li>\n<li><em>imposibilidad de comprobar la eficacia de campa\u00f1as publicitarias<\/em>\u00a0(si no conocemos los beneficiarios efectivos de nuestra correspondencia)<\/li>\n<\/ul>\n<h2>TUS DIRECCIONES EN FORMATO POSTAL LISTAS PARA EL USO<\/h2>\n<p>Nuestra suite de aplicaci\u00f3n se ha creado espec\u00edficamente para analizar bases de datos que contienen cientos de millares de direcciones,\u00a0<a href=\"https:\/\/www.egon.com\/es\/soluciones\/normalizacion-de-direcciones.html\">normalizarlas<\/a>,\u00a0<a href=\"https:\/\/www.egon.com\/es\/soluciones\/deduplicacion.html\">deduplicarlas<\/a>\u00a0(eliminando registros repetidos), enriquecerlas (a\u00f1adiendo por ejemplo el C.P. correcto y actualizado) y en su caso integrarlas reuniendo los datos dispersos en varios archivos de los mismos usuarios.<\/p>\n<p>Uno de los puntos fuertes de\u00a0<span>Egon<\/span>\u00a0consiste precisamente en su simplicidad de uso por parte del usuario. La finalidad consiste en\u00a0<span>hacerse cargo de cualquier direcci\u00f3n<\/span>, incluso incompleta,\u00a0<span>validarla<\/span>\u00a0mediante una serie de procedimientos internos y luego\u00a0<span>producir como resultado una direcci\u00f3n v\u00e1lida<\/span>, completa y ya perfectamente\u00a0<span>formateada para el env\u00edo postal<\/span>.<\/p>\n<p>Si quieres m\u00e1s informaci\u00f3n respecto a nuestros servicios de normalizaci\u00f3n y verificaci\u00f3n\u00a0<span><a title=\"contacto egon calidad de datos\" href=\"https:\/\/www.egon.com\/es\/empresa\/contacto.html\">no dudes en ponerte en contacto con nosotros<\/a><\/span>.<\/p>\n","protected":false},"excerpt":{"rendered":"<p>El\u00a0env\u00edo por correo (o mailing)\u00a0es una actividad que se gestiona con el soporte de datos e informaci\u00f3n de calidad con el objeto [&hellip;]<\/p>\n","protected":false},"author":1,"featured_media":0,"parent":7307,"menu_order":0,"comment_status":"closed","ping_status":"closed","template":"","meta":{"footnotes":""},"class_list":["post-7309","page","type-page","status-publish","hentry"],"yoast_head":"<!-- This site is optimized with the Yoast SEO plugin v26.8 - https:\/\/yoast.com\/product\/yoast-seo-wordpress\/ -->\n<title>Validaci\u00f3n y formataci\u00f3n postal de direcciones - EGON.COM<\/title>\n<meta name=\"description\" content=\"Egon normaliza de forma r\u00e1pida y precisa miles de direcciones y las devuelve en formato postal listas para el env\u00edo por correo \u2013 \u00a1Prueba la Demo!\" \/>\n<meta name=\"robots\" content=\"index, follow, max-snippet:-1, max-image-preview:large, max-video-preview:-1\" \/>\n<link rel=\"canonical\" href=\"https:\/\/www.egon.com\/es\/aplicaciones\/mailing\" \/>\n<meta property=\"og:locale\" content=\"es_ES\" \/>\n<meta property=\"og:type\" content=\"article\" \/>\n<meta property=\"og:title\" content=\"Validaci\u00f3n y formataci\u00f3n postal de direcciones - EGON.COM\" \/>\n<meta property=\"og:description\" content=\"Egon normaliza de forma r\u00e1pida y precisa miles de direcciones y las devuelve en formato postal listas para el env\u00edo por correo \u2013 \u00a1Prueba la Demo!\" \/>\n<meta property=\"og:url\" content=\"https:\/\/www.egon.com\/es\/aplicaciones\/mailing\" \/>\n<meta property=\"og:site_name\" content=\"Egon\" \/>\n<meta property=\"article:modified_time\" content=\"2017-10-20T11:57:41+00:00\" \/>\n<meta property=\"og:image\" content=\"https:\/\/www.egon.com\/wp-content\/uploads\/2017\/07\/postal-address-format-mailing-operations-820x400.jpg\" \/>\n<meta name=\"twitter:card\" content=\"summary_large_image\" \/>\n<meta name=\"twitter:label1\" content=\"Tiempo de lectura\" \/>\n\t<meta name=\"twitter:data1\" content=\"2 minutos\" \/>\n<script type=\"application\/ld+json\" class=\"yoast-schema-graph\">{\"@context\":\"https:\/\/schema.org\",\"@graph\":[{\"@type\":\"WebPage\",\"@id\":\"https:\/\/www.egon.com\/es\/aplicaciones\/mailing\",\"url\":\"https:\/\/www.egon.com\/es\/aplicaciones\/mailing\",\"name\":\"Validaci\u00f3n y formataci\u00f3n postal de direcciones - EGON.COM\",\"isPartOf\":{\"@id\":\"https:\/\/www.egon.com\/zh\/#website\"},\"primaryImageOfPage\":{\"@id\":\"https:\/\/www.egon.com\/es\/aplicaciones\/mailing#primaryimage\"},\"image\":{\"@id\":\"https:\/\/www.egon.com\/es\/aplicaciones\/mailing#primaryimage\"},\"thumbnailUrl\":\"https:\/\/www.egon.com\/wp-content\/uploads\/2017\/07\/postal-address-format-mailing-operations-820x400.jpg\",\"datePublished\":\"2017-09-06T09:09:32+00:00\",\"dateModified\":\"2017-10-20T11:57:41+00:00\",\"description\":\"Egon normaliza de forma r\u00e1pida y precisa miles de direcciones y las devuelve en formato postal listas para el env\u00edo por correo \u2013 \u00a1Prueba la Demo!\",\"breadcrumb\":{\"@id\":\"https:\/\/www.egon.com\/es\/aplicaciones\/mailing#breadcrumb\"},\"inLanguage\":\"es\",\"potentialAction\":[{\"@type\":\"ReadAction\",\"target\":[\"https:\/\/www.egon.com\/es\/aplicaciones\/mailing\"]}]},{\"@type\":\"ImageObject\",\"inLanguage\":\"es\",\"@id\":\"https:\/\/www.egon.com\/es\/aplicaciones\/mailing#primaryimage\",\"url\":\"https:\/\/www.egon.com\/wp-content\/uploads\/2017\/07\/postal-address-format-mailing-operations-820x400.jpg\",\"contentUrl\":\"https:\/\/www.egon.com\/wp-content\/uploads\/2017\/07\/postal-address-format-mailing-operations-820x400.jpg\"},{\"@type\":\"BreadcrumbList\",\"@id\":\"https:\/\/www.egon.com\/es\/aplicaciones\/mailing#breadcrumb\",\"itemListElement\":[{\"@type\":\"ListItem\",\"position\":1,\"name\":\"Home\",\"item\":\"https:\/\/www.egon.com\/es\"},{\"@type\":\"ListItem\",\"position\":2,\"name\":\"Applicazioni\",\"item\":\"https:\/\/www.egon.com\/es\/aplicaciones\"},{\"@type\":\"ListItem\",\"position\":3,\"name\":\"VALIDACI\u00d3N Y FORMATACI\u00d3N POSTAL DE DIRECCIONES AL SERVICIO DEL ENV\u00cdO POR CORREO\"}]},{\"@type\":\"WebSite\",\"@id\":\"https:\/\/www.egon.com\/zh\/#website\",\"url\":\"https:\/\/www.egon.com\/zh\/\",\"name\":\"Egon\",\"description\":\"Normalizzazione indirizzi - Address validation - Egon.com\",\"potentialAction\":[{\"@type\":\"SearchAction\",\"target\":{\"@type\":\"EntryPoint\",\"urlTemplate\":\"https:\/\/www.egon.com\/zh\/?s={search_term_string}\"},\"query-input\":{\"@type\":\"PropertyValueSpecification\",\"valueRequired\":true,\"valueName\":\"search_term_string\"}}],\"inLanguage\":\"es\"}]}<\/script>\n<!-- \/ Yoast SEO plugin. -->","yoast_head_json":{"title":"Validaci\u00f3n y formataci\u00f3n postal de direcciones - EGON.COM","description":"Egon normaliza de forma r\u00e1pida y precisa miles de direcciones y las devuelve en formato postal listas para el env\u00edo por correo \u2013 \u00a1Prueba la Demo!","robots":{"index":"index","follow":"follow","max-snippet":"max-snippet:-1","max-image-preview":"max-image-preview:large","max-video-preview":"max-video-preview:-1"},"canonical":"https:\/\/www.egon.com\/es\/aplicaciones\/mailing","og_locale":"es_ES","og_type":"article","og_title":"Validaci\u00f3n y formataci\u00f3n postal de direcciones - EGON.COM","og_description":"Egon normaliza de forma r\u00e1pida y precisa miles de direcciones y las devuelve en formato postal listas para el env\u00edo por correo \u2013 \u00a1Prueba la Demo!","og_url":"https:\/\/www.egon.com\/es\/aplicaciones\/mailing","og_site_name":"Egon","article_modified_time":"2017-10-20T11:57:41+00:00","og_image":[{"url":"https:\/\/www.egon.com\/wp-content\/uploads\/2017\/07\/postal-address-format-mailing-operations-820x400.jpg","type":"","width":"","height":""}],"twitter_card":"summary_large_image","twitter_misc":{"Tiempo de lectura":"2 minutos"},"schema":{"@context":"https:\/\/schema.org","@graph":[{"@type":"WebPage","@id":"https:\/\/www.egon.com\/es\/aplicaciones\/mailing","url":"https:\/\/www.egon.com\/es\/aplicaciones\/mailing","name":"Validaci\u00f3n y formataci\u00f3n postal de direcciones - EGON.COM","isPartOf":{"@id":"https:\/\/www.egon.com\/zh\/#website"},"primaryImageOfPage":{"@id":"https:\/\/www.egon.com\/es\/aplicaciones\/mailing#primaryimage"},"image":{"@id":"https:\/\/www.egon.com\/es\/aplicaciones\/mailing#primaryimage"},"thumbnailUrl":"https:\/\/www.egon.com\/wp-content\/uploads\/2017\/07\/postal-address-format-mailing-operations-820x400.jpg","datePublished":"2017-09-06T09:09:32+00:00","dateModified":"2017-10-20T11:57:41+00:00","description":"Egon normaliza de forma r\u00e1pida y precisa miles de direcciones y las devuelve en formato postal listas para el env\u00edo por correo \u2013 \u00a1Prueba la Demo!","breadcrumb":{"@id":"https:\/\/www.egon.com\/es\/aplicaciones\/mailing#breadcrumb"},"inLanguage":"es","potentialAction":[{"@type":"ReadAction","target":["https:\/\/www.egon.com\/es\/aplicaciones\/mailing"]}]},{"@type":"ImageObject","inLanguage":"es","@id":"https:\/\/www.egon.com\/es\/aplicaciones\/mailing#primaryimage","url":"https:\/\/www.egon.com\/wp-content\/uploads\/2017\/07\/postal-address-format-mailing-operations-820x400.jpg","contentUrl":"https:\/\/www.egon.com\/wp-content\/uploads\/2017\/07\/postal-address-format-mailing-operations-820x400.jpg"},{"@type":"BreadcrumbList","@id":"https:\/\/www.egon.com\/es\/aplicaciones\/mailing#breadcrumb","itemListElement":[{"@type":"ListItem","position":1,"name":"Home","item":"https:\/\/www.egon.com\/es"},{"@type":"ListItem","position":2,"name":"Applicazioni","item":"https:\/\/www.egon.com\/es\/aplicaciones"},{"@type":"ListItem","position":3,"name":"VALIDACI\u00d3N Y FORMATACI\u00d3N POSTAL DE DIRECCIONES AL SERVICIO DEL ENV\u00cdO POR CORREO"}]},{"@type":"WebSite","@id":"https:\/\/www.egon.com\/zh\/#website","url":"https:\/\/www.egon.com\/zh\/","name":"Egon","description":"Normalizzazione indirizzi - Address validation - Egon.com","potentialAction":[{"@type":"SearchAction","target":{"@type":"EntryPoint","urlTemplate":"https:\/\/www.egon.com\/zh\/?s={search_term_string}"},"query-input":{"@type":"PropertyValueSpecification","valueRequired":true,"valueName":"search_term_string"}}],"inLanguage":"es"}]}},"_links":{"self":[{"href":"https:\/\/www.egon.com\/es\/wp-json\/wp\/v2\/pages\/7309","targetHints":{"allow":["GET"]}}],"collection":[{"href":"https:\/\/www.egon.com\/es\/wp-json\/wp\/v2\/pages"}],"about":[{"href":"https:\/\/www.egon.com\/es\/wp-json\/wp\/v2\/types\/page"}],"author":[{"embeddable":true,"href":"https:\/\/www.egon.com\/es\/wp-json\/wp\/v2\/users\/1"}],"replies":[{"embeddable":true,"href":"https:\/\/www.egon.com\/es\/wp-json\/wp\/v2\/comments?post=7309"}],"version-history":[{"count":0,"href":"https:\/\/www.egon.com\/es\/wp-json\/wp\/v2\/pages\/7309\/revisions"}],"up":[{"embeddable":true,"href":"https:\/\/www.egon.com\/es\/wp-json\/wp\/v2\/pages\/7307"}],"wp:attachment":[{"href":"https:\/\/www.egon.com\/es\/wp-json\/wp\/v2\/media?parent=7309"}],"curies":[{"name":"wp","href":"https:\/\/api.w.org\/{rel}","templated":true}]}}