{"id":7307,"date":"2017-09-06T09:06:44","date_gmt":"2017-09-06T09:06:44","guid":{"rendered":"https:\/\/egon.com\/?page_id=7307"},"modified":"2019-02-20T10:47:31","modified_gmt":"2019-02-20T10:47:31","slug":"aplicaciones","status":"publish","type":"page","link":"https:\/\/www.egon.com\/es\/aplicaciones","title":{"rendered":"Applicazioni"},"content":{"rendered":"[vc_row row_h_align=\u00bbgrid&#8211;center\u00bb wrapper=\u00bbtrue\u00bb holder_class=\u00bbu-section-hero-applications u-overlapped-hero-padding\u00bb holder_set_margin=\u00bbtrue\u00bb holder_margin=\u00bbu-margin-bottom-large\u00bb][vc_column row_width=\u00bb_desktop-9&#8243;][vc_column_text]\n<h3 class=\"u-text-large\">APLICACIONES<\/h3>\n<p class=\"u-text-thinner u-h3\">Valida, elimina duplicados y mantiene datos de direcciones precisos y completos.<\/p>\n[\/vc_column_text]<a class=\"c-button u-margin-bottom c-button--primary\" href=\"https:\/\/www.egon.com\/es\/empresa\/contacto\">SOLICITA INFORMACI\u00d3N<\/a><a class=\"c-button u-margin-right u-margin-bottom u-margin-left c-button--secondary\" href=\"https:\/\/www.egon.com\/es\/iscrizione-demo-es\">FREE WEB DEMO<\/a>[vc_column_text]\n<ul>\n<li><em>Validaci\u00f3n por batches de bases de datos que contienen hasta miles de datos de direcciones y de contacto.<\/em><\/li>\n<li><em>Validaci\u00f3n en tiempo real con sugerencias y autocompletado en tu web o app<\/em><\/li>\n<li><em>Transliteraci\u00f3n y formato postal, listo para env\u00edos<\/em><\/li>\n<\/ul>\n[\/vc_column_text][\/vc_column][\/vc_row][vc_row wrapper=\u00bbtrue\u00bb][vc_column width=\u00bb2\/3&#8243;][vc_column_text]A continuaci\u00f3n los principales\u00a0<span>\u00e1mbitos de aplicaci\u00f3n de Egon<\/span>:<\/p>\n<div class=\"dataquality02\">\n<p><span>Customer Relationship Management (CRM)<\/span>: como apoyo para las aplicaciones CRM con el objeto de optimizar las acciones promocionales. Almacenamiento de Datos para la validaci\u00f3n y la integraci\u00f3n de datos procedentes de distintas fuentes garantizando la validez, la meticulosidad y la univocidad de la informaci\u00f3n adem\u00e1s de su actualizaci\u00f3n constante. Migraciones simplifica la migraci\u00f3n a \u201cnuevos sistemas\u201d mediante herramientas din\u00e1micas de adquisici\u00f3n, control, tratamiento y conversi\u00f3n de la informaci\u00f3n.<\/p>\n<p><span>Data Warehousing e migrazioni:<\/span>\u00a0per la validazione ed integrazione di dati provenienti da fonti disparate, garantendo la bont\u00e0, l\u2019accuratezza e l\u2019univocit\u00e0 delle informazioni, nonch\u00e9 il loro costante aggiornamento anche durante le eventuali delicate fasi di migrazione a nuovi sistemi.<\/p>\n<p><span>Gesti\u00f3n Integral de la Empresa (ERP)<\/span>: como apoyo para la gesti\u00f3n de datos directamente dentro de las aplicaciones ERP.<\/p>\n<p><span>E-business:\u00a0<\/span>como apoyo para proyectos de e-business y de aplicaciones basadas en la red con el objeto de filtrar los errores directamente en la fase de registro de los usuarios.<\/p>\n<p><span>Mailing:\u00a0<\/span>en las campa\u00f1as de mailing con el objeto de optimizar los rendimientos relacionados con los env\u00edos, identificar zonas o sujetos no deseados (evaluaci\u00f3n), preparar y ordenar los datos seg\u00fan las normas exigidas (formateado) y garantizar la entrega en poco tiempo.<\/p>\n<p><span>Campa\u00f1as de Marketing Directo:\u00a0<\/span>en las actividades de Marketing Directo a menudo la calidad de los datos facilitados por los destinatarios es escasa. Normalizar las listas antes de hacer una campa\u00f1a evita que se devuelvan los env\u00edos y elimina los costes, a menudo importantes, para reenviar las comunicaciones y adem\u00e1s reduce sensiblemente los plazos y los costes totales de gesti\u00f3n.<\/p>\n<p><span>Centro de llamadas:<\/span>\u00a0los operadores de los centros de llamadas siempre est\u00e1n sometidos a la presi\u00f3n del tiempo y son esenciales la calidad y la meticulosidad de la informaci\u00f3n. Verificar autom\u00e1ticamente los datos facilitados por los operadores del centro de llamadas permite limitar al m\u00e1ximo los errores y optimizar los plazos y los costes.<\/p>\n<p><span>Portales web:<\/span>\u00a0los datos procedentes de Internet, los que introducen los mismos clientes o prospect, normalmente no son fiables o correctos. El servicio de normalizaci\u00f3n conectado al registro de usuarios del sitio web garantiza la mejor calidad y exactitud de la valiosa informaci\u00f3n recopilada.<\/p>\n<p><span>Ingreso de datos:\u00a0<\/span>cuando los datos los recopila, en centros de elaboraci\u00f3n externa o en otros contextos, personal no especializado, proporcionar asistencia para rellenar los datos introducidos es la clave para garantizar la calidad de los datos y la reducci\u00f3n de los errores.<\/p>\n<p><span>Edici\u00f3n:<\/span>\u00a0las empresas que env\u00edan los cat\u00e1logos y los folletos de los productos por correo saben, por experiencia, el esfuerzo que exige la continua gesti\u00f3n de las entregas no realizadas y la actividad de verificaci\u00f3n de cada direcci\u00f3n a posteriori. El sistema de normalizaci\u00f3n jPuzzle ofrece una soluci\u00f3n \u00fanica para todos los problemas relacionados con los registros, se incluyen por ejemplo las modificaciones de los C.P. que se gestionan autom\u00e1ticamente incluso en direcciones obsoletas.<\/p>\n<\/div>\n[\/vc_column_text][\/vc_column][vc_column width=\u00bb1\/3&#8243;]<div class=\"templatera_shortcode\"><div class=\"grid-1\"><div class=\"col _lap-and-up-12\" ><div class=\"c-cta c-cta--style-one\"><a href=\"https:\/\/www.egon.com\/egon-demo\" class=\"c-cta__link\"><div class=\"c-cta__content\"><div class=\"c-cta__label-one\">DEMO ONLINE GRATUITA<\/div><div class=\"c-cta__label-two\">\u00a1Prueba Ahora tu Demo Gratis Web!<\/div><span class=\"c-button c-button--center c-button--white c-cta__button\">\u00a1Prueba Ahora!<\/span><\/div><?xml version=\"1.0\" encoding=\"utf-8\"?>\r\n\t<svg class=\"c-cta__symbol\" xmlns=\"http:\/\/www.w3.org\/2000\/svg\" width=\"487\" height=\"487\" viewBox=\"0 0 487 487\">\r\n\t\t<path fill=\"none\" fill-rule=\"evenodd\" stroke=\"#FFF\" stroke-dasharray=\"2,5\" d=\"M243.5 1C109.789 1 1 109.783 1 243.5 1 377.217 109.789 486 243.5 486 377.21 486 486 377.217 486 243.5 486 109.783 377.21 1 243.5 1zM24.68 255.048h92.092c.783 33.126 4.86 64.271 11.692 92.38H50.342c-14.988-27.744-23.918-59.122-25.662-92.38zm230.368-138.572V25.617c29.453 7.246 55.552 41.763 72.447 90.86h-72.447zm79.523 23.095c7.316 27.895 11.708 59.33 12.571 92.381h-92.094v-92.38h79.523zM231.952 25.617v90.86h-72.447c16.895-49.097 42.994-83.614 72.447-90.86zm0 113.954v92.381h-92.094c.862-33.05 5.255-64.486 12.57-92.38h79.524zm-115.18 92.381H24.68c1.744-33.258 10.674-64.636 25.662-92.38h78.122c-6.832 28.109-10.91 59.254-11.692 92.38zm23.086 23.096h92.094v92.38h-79.524c-7.315-27.894-11.708-59.33-12.57-92.38zm92.094 115.476v90.859c-29.453-7.246-55.552-41.763-72.447-90.86h72.447zm23.096 90.859v-90.86h72.447c-16.895 49.097-42.994 83.614-72.447 90.86zm0-113.954v-92.381h92.094c-.863 33.05-5.255 64.486-12.57 92.38h-79.524zm115.18-92.381h92.091c-1.744 33.258-10.673 64.636-25.661 92.38h-78.122c6.832-28.109 10.909-59.254 11.692-92.38zm0-23.096c-.783-33.126-4.86-64.271-11.692-92.38h78.122c14.988 27.744 23.917 59.122 25.661 92.38h-92.091zm51.834-115.476h-69.968c-10.85-34.233-25.98-62.62-44.145-82.687 46.56 14.34 86.422 43.878 114.113 82.687zM179.05 33.79c-18.164 20.067-33.295 48.454-44.144 82.687H64.938C92.629 77.667 132.49 48.128 179.05 33.79zM64.938 370.524h69.968c10.849 34.233 25.98 62.62 44.144 82.687-46.56-14.34-86.421-43.878-114.112-82.687zm243.011 82.687c18.165-20.067 33.296-48.454 44.145-82.687h69.968c-27.691 38.809-67.553 68.348-114.113 82.687z\" opacity=\".9\"\/>\r\n\t<\/svg><\/a><\/div><\/div>\n<\/div><div class=\"grid-1\"><div class=\"col _lap-and-up-12\" ><div class=\"c-lbox c-lbox--style-one\"><a href=\"https:\/\/www.egon.com\/web-in-the-cloud\" class=\"c-lbox__link\"><div class=\"c-lbox__content\"><div class=\"c-lbox__label-one\">Egon Web<\/div><div class=\"c-lbox__label-two\">EN LA NUBE<\/div><\/div><?xml version=\"1.0\" encoding=\"UTF-8\"?>\r\n\t<svg class=\"c-lbox__arrow\" width=\"11px\" height=\"25px\" viewBox=\"0 0 11 25\" version=\"1.1\" xmlns=\"http:\/\/www.w3.org\/2000\/svg\" xmlns:xlink=\"http:\/\/www.w3.org\/1999\/xlink\">\r\n\t\t<g id=\"Page-1\" stroke=\"none\" stroke-width=\"1\" fill=\"none\" fill-rule=\"evenodd\" stroke-linecap=\"round\" stroke-linejoin=\"round\">\r\n\t\t\t<g id=\"Egon-Batch-Sidebar\" class=\"line\" transform=\"translate(-1337.000000, -463.000000)\" stroke=\"#42CFF4\">\r\n\t\t\t\t<polyline id=\"Path\" points=\"1338.1 463.1 1346.9 475.2 1338.1 487.3\"><\/polyline>\r\n\t\t\t<\/g>\r\n\t\t<\/g>\r\n\t<\/svg><\/a><\/div><div class=\"c-lbox c-lbox--style-two\"><a href=\"https:\/\/www.egon.com\/on-site-on-premises\" class=\"c-lbox__link\"><div class=\"c-lbox__content\"><div class=\"c-lbox__label-one\">Egon OnSite<\/div><div class=\"c-lbox__label-two\">EN TU LOCAL<\/div><\/div><?xml version=\"1.0\" encoding=\"UTF-8\"?>\r\n\t<svg class=\"c-lbox__arrow\" width=\"11px\" height=\"25px\" viewBox=\"0 0 11 25\" version=\"1.1\" xmlns=\"http:\/\/www.w3.org\/2000\/svg\" xmlns:xlink=\"http:\/\/www.w3.org\/1999\/xlink\">\r\n\t\t<g id=\"Page-1\" stroke=\"none\" stroke-width=\"1\" fill=\"none\" fill-rule=\"evenodd\" stroke-linecap=\"round\" stroke-linejoin=\"round\">\r\n\t\t\t<g id=\"Egon-Batch-Sidebar\" class=\"line\" transform=\"translate(-1337.000000, -463.000000)\" stroke=\"#42CFF4\">\r\n\t\t\t\t<polyline id=\"Path\" points=\"1338.1 463.1 1346.9 475.2 1338.1 487.3\"><\/polyline>\r\n\t\t\t<\/g>\r\n\t\t<\/g>\r\n\t<\/svg><\/a><\/div><\/div>\n<\/div>\r\n<\/div>[\/vc_column][\/vc_row]\n","protected":false},"excerpt":{"rendered":"DEMO ONLINE GRATUITA\u00a1Prueba Ahora tu Demo Gratis Web!\u00a1Prueba Ahora! Egon WebEN LA NUBE Egon OnSiteEN TU LOCAL","protected":false},"author":1,"featured_media":0,"parent":0,"menu_order":0,"comment_status":"closed","ping_status":"closed","template":"templates\/template-fullwidth.php","meta":{"footnotes":""},"class_list":["post-7307","page","type-page","status-publish","hentry"],"yoast_head":"<!-- This site is optimized with the Yoast SEO plugin v26.8 - https:\/\/yoast.com\/product\/yoast-seo-wordpress\/ -->\n<title>Aplicaciones validaci\u00f3n direcciones seg\u00fan las realidades profesionales<\/title>\n<meta name=\"description\" content=\"\u00c1mbitos profesionales de aplicaci\u00f3n de nuestro software para la normalizaci\u00f3n y la geocodificaci\u00f3n | Egon\" \/>\n<meta name=\"robots\" content=\"index, follow, max-snippet:-1, max-image-preview:large, max-video-preview:-1\" \/>\n<link rel=\"canonical\" href=\"https:\/\/www.egon.com\/es\/aplicaciones\" \/>\n<meta property=\"og:locale\" content=\"es_ES\" \/>\n<meta property=\"og:type\" content=\"article\" \/>\n<meta property=\"og:title\" content=\"Aplicaciones validaci\u00f3n direcciones seg\u00fan las realidades profesionales\" \/>\n<meta property=\"og:description\" content=\"\u00c1mbitos profesionales de aplicaci\u00f3n de nuestro software para la normalizaci\u00f3n y la geocodificaci\u00f3n | Egon\" \/>\n<meta property=\"og:url\" content=\"https:\/\/www.egon.com\/es\/aplicaciones\" \/>\n<meta property=\"og:site_name\" content=\"Egon\" \/>\n<meta property=\"article:modified_time\" content=\"2019-02-20T10:47:31+00:00\" \/>\n<meta name=\"twitter:card\" content=\"summary_large_image\" \/>\n<meta name=\"twitter:label1\" content=\"Tiempo de lectura\" \/>\n\t<meta name=\"twitter:data1\" content=\"3 minutos\" \/>\n<script type=\"application\/ld+json\" class=\"yoast-schema-graph\">{\"@context\":\"https:\/\/schema.org\",\"@graph\":[{\"@type\":\"WebPage\",\"@id\":\"https:\/\/www.egon.com\/es\/aplicaciones\",\"url\":\"https:\/\/www.egon.com\/es\/aplicaciones\",\"name\":\"Aplicaciones validaci\u00f3n direcciones seg\u00fan las realidades profesionales\",\"isPartOf\":{\"@id\":\"https:\/\/www.egon.com\/zh\/#website\"},\"datePublished\":\"2017-09-06T09:06:44+00:00\",\"dateModified\":\"2019-02-20T10:47:31+00:00\",\"description\":\"\u00c1mbitos profesionales de aplicaci\u00f3n de nuestro software para la normalizaci\u00f3n y la geocodificaci\u00f3n | Egon\",\"breadcrumb\":{\"@id\":\"https:\/\/www.egon.com\/es\/aplicaciones#breadcrumb\"},\"inLanguage\":\"es\",\"potentialAction\":[{\"@type\":\"ReadAction\",\"target\":[\"https:\/\/www.egon.com\/es\/aplicaciones\"]}]},{\"@type\":\"BreadcrumbList\",\"@id\":\"https:\/\/www.egon.com\/es\/aplicaciones#breadcrumb\",\"itemListElement\":[{\"@type\":\"ListItem\",\"position\":1,\"name\":\"Home\",\"item\":\"https:\/\/www.egon.com\/es\"},{\"@type\":\"ListItem\",\"position\":2,\"name\":\"Applicazioni\"}]},{\"@type\":\"WebSite\",\"@id\":\"https:\/\/www.egon.com\/zh\/#website\",\"url\":\"https:\/\/www.egon.com\/zh\/\",\"name\":\"Egon\",\"description\":\"Normalizzazione indirizzi - Address validation - Egon.com\",\"potentialAction\":[{\"@type\":\"SearchAction\",\"target\":{\"@type\":\"EntryPoint\",\"urlTemplate\":\"https:\/\/www.egon.com\/zh\/?s={search_term_string}\"},\"query-input\":{\"@type\":\"PropertyValueSpecification\",\"valueRequired\":true,\"valueName\":\"search_term_string\"}}],\"inLanguage\":\"es\"}]}<\/script>\n<!-- \/ Yoast SEO plugin. -->","yoast_head_json":{"title":"Aplicaciones validaci\u00f3n direcciones seg\u00fan las realidades profesionales","description":"\u00c1mbitos profesionales de aplicaci\u00f3n de nuestro software para la normalizaci\u00f3n y la geocodificaci\u00f3n | Egon","robots":{"index":"index","follow":"follow","max-snippet":"max-snippet:-1","max-image-preview":"max-image-preview:large","max-video-preview":"max-video-preview:-1"},"canonical":"https:\/\/www.egon.com\/es\/aplicaciones","og_locale":"es_ES","og_type":"article","og_title":"Aplicaciones validaci\u00f3n direcciones seg\u00fan las realidades profesionales","og_description":"\u00c1mbitos profesionales de aplicaci\u00f3n de nuestro software para la normalizaci\u00f3n y la geocodificaci\u00f3n | Egon","og_url":"https:\/\/www.egon.com\/es\/aplicaciones","og_site_name":"Egon","article_modified_time":"2019-02-20T10:47:31+00:00","twitter_card":"summary_large_image","twitter_misc":{"Tiempo de lectura":"3 minutos"},"schema":{"@context":"https:\/\/schema.org","@graph":[{"@type":"WebPage","@id":"https:\/\/www.egon.com\/es\/aplicaciones","url":"https:\/\/www.egon.com\/es\/aplicaciones","name":"Aplicaciones validaci\u00f3n direcciones seg\u00fan las realidades profesionales","isPartOf":{"@id":"https:\/\/www.egon.com\/zh\/#website"},"datePublished":"2017-09-06T09:06:44+00:00","dateModified":"2019-02-20T10:47:31+00:00","description":"\u00c1mbitos profesionales de aplicaci\u00f3n de nuestro software para la normalizaci\u00f3n y la geocodificaci\u00f3n | Egon","breadcrumb":{"@id":"https:\/\/www.egon.com\/es\/aplicaciones#breadcrumb"},"inLanguage":"es","potentialAction":[{"@type":"ReadAction","target":["https:\/\/www.egon.com\/es\/aplicaciones"]}]},{"@type":"BreadcrumbList","@id":"https:\/\/www.egon.com\/es\/aplicaciones#breadcrumb","itemListElement":[{"@type":"ListItem","position":1,"name":"Home","item":"https:\/\/www.egon.com\/es"},{"@type":"ListItem","position":2,"name":"Applicazioni"}]},{"@type":"WebSite","@id":"https:\/\/www.egon.com\/zh\/#website","url":"https:\/\/www.egon.com\/zh\/","name":"Egon","description":"Normalizzazione indirizzi - Address validation - Egon.com","potentialAction":[{"@type":"SearchAction","target":{"@type":"EntryPoint","urlTemplate":"https:\/\/www.egon.com\/zh\/?s={search_term_string}"},"query-input":{"@type":"PropertyValueSpecification","valueRequired":true,"valueName":"search_term_string"}}],"inLanguage":"es"}]}},"_links":{"self":[{"href":"https:\/\/www.egon.com\/es\/wp-json\/wp\/v2\/pages\/7307","targetHints":{"allow":["GET"]}}],"collection":[{"href":"https:\/\/www.egon.com\/es\/wp-json\/wp\/v2\/pages"}],"about":[{"href":"https:\/\/www.egon.com\/es\/wp-json\/wp\/v2\/types\/page"}],"author":[{"embeddable":true,"href":"https:\/\/www.egon.com\/es\/wp-json\/wp\/v2\/users\/1"}],"replies":[{"embeddable":true,"href":"https:\/\/www.egon.com\/es\/wp-json\/wp\/v2\/comments?post=7307"}],"version-history":[{"count":0,"href":"https:\/\/www.egon.com\/es\/wp-json\/wp\/v2\/pages\/7307\/revisions"}],"wp:attachment":[{"href":"https:\/\/www.egon.com\/es\/wp-json\/wp\/v2\/media?parent=7307"}],"curies":[{"name":"wp","href":"https:\/\/api.w.org\/{rel}","templated":true}]}}