{"id":17110,"date":"2019-04-19T08:23:18","date_gmt":"2019-04-19T08:23:18","guid":{"rendered":"https:\/\/www.egon.com\/?page_id=17110"},"modified":"2019-04-19T11:38:56","modified_gmt":"2019-04-19T11:38:56","slug":"el-mercado","status":"publish","type":"page","link":"https:\/\/www.egon.com\/es\/empresa\/el-mercado","title":{"rendered":"El mercado"},"content":{"rendered":"<p>Cualquier empresa o entidad que posea una base de datos anagr\u00e1fica necesita de un instrumento de certificaci\u00f3n y normalizaci\u00f3n de la informaci\u00f3n.<\/p>\n<h3>SERVICIOS P\u00daBLICOS<\/h3>\n<p>Nuestras soluciones pueden utilizarse en los siguientes sectores: gesti\u00f3n de bases de datos de clientes, Marketing, CRM, almacenamiento de datos, Geomarketing, gesti\u00f3n de listas de correos electr\u00f3nicos, Gesti\u00f3n de campa\u00f1as, gesti\u00f3n de la red de distribuci\u00f3n, Gesti\u00f3n de suministros, Servicios de asistencia a clientes, Servicios de aviso de aver\u00edas y Gesti\u00f3n de la zona de cobertura.<\/p>\n<h3>ENTIDADES BANCARIAS<\/h3>\n<p>Nuestras soluciones pueden utilizarse en los siguientes sectores: oficinas de registros, marketing, CRM, almacenamiento de datos, geomarketing, gesti\u00f3n de listas de correos electr\u00f3nicos, gesti\u00f3n de la red de distribuci\u00f3n (filiales), transferencias, portafolio comercial, extranjero, rendici\u00f3n de cuentas, gesti\u00f3n de riesgos, centro de atenci\u00f3n telef\u00f3nica, banca electr\u00f3nica y comercio online.<\/p>\n<h3>COMPA\u00d1\u00cdAS ASEGURADORAS<\/h3>\n<p>Nuestras soluciones pueden utilizarse en los siguientes sectores: oficinas de registros, marketing, CRM, almacenamiento de datos, geomarketing, gesti\u00f3n de listas de correos electr\u00f3nicos, gesti\u00f3n de la red de distribuci\u00f3n (agencias), gesti\u00f3n de promotores financieros, portafolio vida, portafolio da\u00f1os, siniestros, gesti\u00f3n de riesgos, centro de atenci\u00f3n telef\u00f3nica y seguros online.<\/p>\n<h3>ENTIDADES FINANCIERAS<\/h3>\n<p>Nuestras soluciones pueden utilizarse en los siguientes sectores: oficinas de registros, marketing, CRM, almacenamiento de datos, geomarketing, gesti\u00f3n de listas de correos electr\u00f3nicos, gesti\u00f3n de promotores, gesti\u00f3n de boutiques financieras, gesti\u00f3n de riesgos, centro de atenci\u00f3n telef\u00f3nica, servicios Web y comercio online.<\/p>\n<h3>GRAN DISTRIBUCI\u00d3N<\/h3>\n<p>Nuestras soluciones pueden utilizarse en los siguientes sectores: gesti\u00f3n de bases de datos de clientes, gesti\u00f3n de listas de correos electr\u00f3nicos, marketing, CRM, almacenamiento de datos, geomarketing, gesti\u00f3n de puntos de venta, gesti\u00f3n de tarjetas de fidelidad\/tarjetas de compra y gesti\u00f3n de la recogida de puntos.<\/p>\n<h3>INDUSTRIA<\/h3>\n<p>Nuestras soluciones pueden utilizarse en los siguientes sectores: gesti\u00f3n de bases de datos de clientes, gesti\u00f3n de listas de correos electr\u00f3nicos, marketing, CRM, almacenamiento de datos, geomarketing, gesti\u00f3n de la red de distribuci\u00f3n (mayoristas y\/o tiendas) y gesti\u00f3n de garant\u00edas.<\/p>\n<h3>AUTOMOCI\u00d3N<\/h3>\n<p>Nuestras soluciones pueden utilizarse en los siguientes sectores: gesti\u00f3n de CIDB, gesti\u00f3n de listas de correos electr\u00f3nicos, marketing, CRM, almacenamiento de datos, geomarketing, Gesti\u00f3n de concesionarios, Gesti\u00f3n de activos existentes y Gesti\u00f3n de Garant\u00edas.<\/p>\n<h3>ADMINISTRACI\u00d3N P\u00daBLICA<\/h3>\n<p>Nuestras soluciones pueden utilizarse en los siguientes sectores: calidad de datos, gesti\u00f3n de directorios, gesti\u00f3n de ficheros, almacenamiento de datos, conexi\u00f3n entre entidades, estad\u00edstica, sanidad, transportes, tributos, recaudaci\u00f3n de impuestos, catastro, servicios al ciudadano, formaci\u00f3n y seguridad.<\/p>\n<h3>TELEFON\u00cdA<\/h3>\n<p>Nuestras soluciones pueden utilizarse en los siguientes sectores: gesti\u00f3n de bases de datos de clientes, marketing, CRM, almacenamiento de datos, geomarketing, gesti\u00f3n de listas de correos electr\u00f3nicos, gesti\u00f3n de campa\u00f1as, gesti\u00f3n de la red de distribuci\u00f3n (revendedores\/ tiendas), suscripciones, servicios de atenci\u00f3n al cliente y servicios de aviso de aver\u00edas.<\/p>\n<h3>EDITORIAL<\/h3>\n<p>Nuestras soluciones pueden utilizarse en los siguientes sectores: gesti\u00f3n de bases de datos de clientes, marketing directo, CRM, almacenamiento de datos, geomarketing, gesti\u00f3n de listas de correos electr\u00f3nicos, gesti\u00f3n de campa\u00f1as, gesti\u00f3n de la red de distribuci\u00f3n (revendedores\/tiendas), suscripciones, ERP y distribuci\u00f3n postal.<\/p>\n<h3>ASOCIACIONES<\/h3>\n<p>Nuestras soluciones pueden utilizarse en los siguientes sectores: gesti\u00f3n de bases de datos de asociados, gesti\u00f3n de listas de correos electr\u00f3nicos, marketing, CRM, almacenamiento de datos, geomarketing, gesti\u00f3n de la captaci\u00f3n de adhesiones, gesti\u00f3n de campa\u00f1as y distribuci\u00f3n postal.<\/p>\n<h3>VENTA A DISTANCIA<\/h3>\n<p>Nuestras soluciones pueden utilizarse en los siguientes sectores: gesti\u00f3n de bases de datos de clientes, gesti\u00f3n de listas de correos electr\u00f3nicos, marketing, CRM, almacenamiento de datos, geomarketing, gesti\u00f3n de campa\u00f1as y distribuci\u00f3n postal.<\/p>\n<h3>SERVICIOS<\/h3>\n<p>Nuestras soluciones pueden utilizarse en los siguientes sectores: gesti\u00f3n de bases de datos de clientes, marketing, marketing directo, CRM, almacenamiento de datos, geomarketing, gesti\u00f3n de listas de correos electr\u00f3nicos, gesti\u00f3n de campa\u00f1as, gesti\u00f3n de la red de distribuci\u00f3n, servicios web, control del riesgo y control de calidad de datos.<\/p>\n","protected":false},"excerpt":{"rendered":"<p>Cualquier empresa o entidad que posea una base de datos anagr\u00e1fica necesita de un instrumento de certificaci\u00f3n y normalizaci\u00f3n de la informaci\u00f3n. [&hellip;]<\/p>\n","protected":false},"author":1,"featured_media":0,"parent":7321,"menu_order":0,"comment_status":"closed","ping_status":"closed","template":"","meta":{"footnotes":""},"class_list":["post-17110","page","type-page","status-publish","hentry"],"yoast_head":"<!-- This site is optimized with the Yoast SEO plugin v26.8 - https:\/\/yoast.com\/product\/yoast-seo-wordpress\/ -->\n<title>El mercado - Egon<\/title>\n<meta name=\"robots\" content=\"index, follow, max-snippet:-1, max-image-preview:large, max-video-preview:-1\" \/>\n<link rel=\"canonical\" href=\"https:\/\/www.egon.com\/es\/empresa\/el-mercado\" \/>\n<meta property=\"og:locale\" content=\"es_ES\" \/>\n<meta property=\"og:type\" content=\"article\" \/>\n<meta property=\"og:title\" content=\"El mercado - Egon\" \/>\n<meta property=\"og:description\" content=\"Cualquier empresa o entidad que posea una base de datos anagr\u00e1fica necesita de un instrumento de certificaci\u00f3n y normalizaci\u00f3n de la informaci\u00f3n. [&hellip;]\" \/>\n<meta property=\"og:url\" content=\"https:\/\/www.egon.com\/es\/empresa\/el-mercado\" \/>\n<meta property=\"og:site_name\" content=\"Egon\" \/>\n<meta property=\"article:modified_time\" content=\"2019-04-19T11:38:56+00:00\" \/>\n<meta name=\"twitter:card\" content=\"summary_large_image\" \/>\n<meta name=\"twitter:label1\" content=\"Tiempo de lectura\" \/>\n\t<meta name=\"twitter:data1\" content=\"4 minutos\" \/>\n<script type=\"application\/ld+json\" class=\"yoast-schema-graph\">{\"@context\":\"https:\/\/schema.org\",\"@graph\":[{\"@type\":\"WebPage\",\"@id\":\"https:\/\/www.egon.com\/es\/empresa\/el-mercado\",\"url\":\"https:\/\/www.egon.com\/es\/empresa\/el-mercado\",\"name\":\"El mercado - Egon\",\"isPartOf\":{\"@id\":\"https:\/\/www.egon.com\/zh\/#website\"},\"datePublished\":\"2019-04-19T08:23:18+00:00\",\"dateModified\":\"2019-04-19T11:38:56+00:00\",\"breadcrumb\":{\"@id\":\"https:\/\/www.egon.com\/es\/empresa\/el-mercado#breadcrumb\"},\"inLanguage\":\"es\",\"potentialAction\":[{\"@type\":\"ReadAction\",\"target\":[\"https:\/\/www.egon.com\/es\/empresa\/el-mercado\"]}]},{\"@type\":\"BreadcrumbList\",\"@id\":\"https:\/\/www.egon.com\/es\/empresa\/el-mercado#breadcrumb\",\"itemListElement\":[{\"@type\":\"ListItem\",\"position\":1,\"name\":\"Home\",\"item\":\"https:\/\/www.egon.com\/es\"},{\"@type\":\"ListItem\",\"position\":2,\"name\":\"Empresa\",\"item\":\"https:\/\/www.egon.com\/es\/empresa\"},{\"@type\":\"ListItem\",\"position\":3,\"name\":\"El mercado\"}]},{\"@type\":\"WebSite\",\"@id\":\"https:\/\/www.egon.com\/zh\/#website\",\"url\":\"https:\/\/www.egon.com\/zh\/\",\"name\":\"Egon\",\"description\":\"Normalizzazione indirizzi - Address validation - Egon.com\",\"potentialAction\":[{\"@type\":\"SearchAction\",\"target\":{\"@type\":\"EntryPoint\",\"urlTemplate\":\"https:\/\/www.egon.com\/zh\/?s={search_term_string}\"},\"query-input\":{\"@type\":\"PropertyValueSpecification\",\"valueRequired\":true,\"valueName\":\"search_term_string\"}}],\"inLanguage\":\"es\"}]}<\/script>\n<!-- \/ Yoast SEO plugin. -->","yoast_head_json":{"title":"El mercado - Egon","robots":{"index":"index","follow":"follow","max-snippet":"max-snippet:-1","max-image-preview":"max-image-preview:large","max-video-preview":"max-video-preview:-1"},"canonical":"https:\/\/www.egon.com\/es\/empresa\/el-mercado","og_locale":"es_ES","og_type":"article","og_title":"El mercado - Egon","og_description":"Cualquier empresa o entidad que posea una base de datos anagr\u00e1fica necesita de un instrumento de certificaci\u00f3n y normalizaci\u00f3n de la informaci\u00f3n. [&hellip;]","og_url":"https:\/\/www.egon.com\/es\/empresa\/el-mercado","og_site_name":"Egon","article_modified_time":"2019-04-19T11:38:56+00:00","twitter_card":"summary_large_image","twitter_misc":{"Tiempo de lectura":"4 minutos"},"schema":{"@context":"https:\/\/schema.org","@graph":[{"@type":"WebPage","@id":"https:\/\/www.egon.com\/es\/empresa\/el-mercado","url":"https:\/\/www.egon.com\/es\/empresa\/el-mercado","name":"El mercado - Egon","isPartOf":{"@id":"https:\/\/www.egon.com\/zh\/#website"},"datePublished":"2019-04-19T08:23:18+00:00","dateModified":"2019-04-19T11:38:56+00:00","breadcrumb":{"@id":"https:\/\/www.egon.com\/es\/empresa\/el-mercado#breadcrumb"},"inLanguage":"es","potentialAction":[{"@type":"ReadAction","target":["https:\/\/www.egon.com\/es\/empresa\/el-mercado"]}]},{"@type":"BreadcrumbList","@id":"https:\/\/www.egon.com\/es\/empresa\/el-mercado#breadcrumb","itemListElement":[{"@type":"ListItem","position":1,"name":"Home","item":"https:\/\/www.egon.com\/es"},{"@type":"ListItem","position":2,"name":"Empresa","item":"https:\/\/www.egon.com\/es\/empresa"},{"@type":"ListItem","position":3,"name":"El mercado"}]},{"@type":"WebSite","@id":"https:\/\/www.egon.com\/zh\/#website","url":"https:\/\/www.egon.com\/zh\/","name":"Egon","description":"Normalizzazione indirizzi - Address validation - Egon.com","potentialAction":[{"@type":"SearchAction","target":{"@type":"EntryPoint","urlTemplate":"https:\/\/www.egon.com\/zh\/?s={search_term_string}"},"query-input":{"@type":"PropertyValueSpecification","valueRequired":true,"valueName":"search_term_string"}}],"inLanguage":"es"}]}},"_links":{"self":[{"href":"https:\/\/www.egon.com\/es\/wp-json\/wp\/v2\/pages\/17110","targetHints":{"allow":["GET"]}}],"collection":[{"href":"https:\/\/www.egon.com\/es\/wp-json\/wp\/v2\/pages"}],"about":[{"href":"https:\/\/www.egon.com\/es\/wp-json\/wp\/v2\/types\/page"}],"author":[{"embeddable":true,"href":"https:\/\/www.egon.com\/es\/wp-json\/wp\/v2\/users\/1"}],"replies":[{"embeddable":true,"href":"https:\/\/www.egon.com\/es\/wp-json\/wp\/v2\/comments?post=17110"}],"version-history":[{"count":0,"href":"https:\/\/www.egon.com\/es\/wp-json\/wp\/v2\/pages\/17110\/revisions"}],"up":[{"embeddable":true,"href":"https:\/\/www.egon.com\/es\/wp-json\/wp\/v2\/pages\/7321"}],"wp:attachment":[{"href":"https:\/\/www.egon.com\/es\/wp-json\/wp\/v2\/media?parent=17110"}],"curies":[{"name":"wp","href":"https:\/\/api.w.org\/{rel}","templated":true}]}}