{"id":9737,"date":"2017-12-28T08:57:57","date_gmt":"2017-12-28T08:57:57","guid":{"rendered":"https:\/\/www.egon.com?page_id=9737"},"modified":"2021-05-11T08:20:07","modified_gmt":"2021-05-11T08:20:07","slug":"validierung-der-anacredit-daten-gemaess-den-bestimmungen-der-ezb","status":"publish","type":"page","link":"https:\/\/www.egon.com\/de\/anwendungsbereiche\/validierung-der-anacredit-daten-gemaess-den-bestimmungen-der-ezb","title":{"rendered":"VALIDIERUNG DER ANACREDIT-DATEN GEM\u00c4SS DEN BESTIMMUNGEN DER EZB"},"content":{"rendered":"<p>EGON for AnaCredit ist die innovative Dienstleistung f\u00fcr Kreditinstitute, welche der Europ\u00e4ischen Zentralbank EZB, die rohen Kreditdaten und Kreditrisiken, vorgeschrieben von der Richtlinie EZB\/2016\/13, mitteilen m\u00fcssen. Mit Egon ist es m\u00f6glich, die Daten zu \u00fcberpr\u00fcfen und sie in das von AnaCredit angegebene Format, zu transformieren. Alles ganz einfach, schnell und pr\u00e4zise. Entdecken Sie mehr dar\u00fcber!<\/p>\n<p><a href=\"https:\/\/www.egon.com\/wp-content\/uploads\/2017\/12\/EGONforAnaCredit_LEI_eng2.pdf\"><a class=\"c-button c-button--primary\" href=\"https:\/\/www.egon.com\/wp-content\/uploads\/2017\/12\/EGONforAnaCredit_LEI_eng2.pdf\">Laden Sie hier die PDF-Datei mit allen Details f\u00fcr Egon for AnaCredit herunter<\/a><\/a><\/p>\n<p><img loading=\"lazy\" decoding=\"async\" class=\"alignnone wp-image-9601 size-full\" src=\"https:\/\/www.egon.com\/wp-content\/uploads\/2017\/11\/anacredit.jpg\" alt=\"\" width=\"849\" height=\"566\" srcset=\"https:\/\/www.egon.com\/wp-content\/uploads\/2017\/11\/anacredit.jpg 849w, https:\/\/www.egon.com\/wp-content\/uploads\/2017\/11\/anacredit-400x267.jpg 400w, https:\/\/www.egon.com\/wp-content\/uploads\/2017\/11\/anacredit-768x512.jpg 768w\" sizes=\"auto, (max-width: 849px) 100vw, 849px\" \/><\/p>\n<p>Die Kreditinstitute und Banken, die innerhalb der Europ\u00e4ischen Union registriert wurden, m\u00fcssen der EZB die Personaldaten der Unternehmen (und andere juristische Einheiten) in Bezug zu den Darlehen liefern. Diese Informationen flie\u00dfen in ein europ\u00e4isches Kredit- und Risikoarchiv ein, welches von der EZB verwaltet und f\u00fcr den Informationsbedarf des europ\u00e4ischen Systems der Zentralbanken (ESZB), im Rahmen der Geldpolitik und der Mikroaufsicht, gebraucht wird.<\/p>\n<p>&nbsp;<\/p>\n<h2>\u00a0DIE FUNKTIONALIT\u00c4T VON EGON FOR ANACREDIT IM RAHMEN DER DATENVERWALTUNG<\/h2>\n<p>EGON bietet den Instituten spezifische Hilfsmittelinstrumente an, die diese Informationen auf eindeutig kodifizierte Art und nach europ\u00e4ischen Standards der EZB mitteilen m\u00fcssen. EGON erm\u00f6glicht die Verwaltung der wichtigsten Informationen, die von der EZB vorgeschrieben werden, mittels Webservice-Dienstleistungen (REST oder SOAP), einer Cloud oder der On-Site-Modalit\u00e4t (im Umfeld der Abteilungen, wie auch im Mainframe). EGON ist f\u00e4hig die folgenden Daten f\u00fcr AnaCredit zu verwalten und zu standardisieren:<\/p>\n<p>&nbsp;<\/p>\n<p>1) Adressen mit zugewiesener NUTS Kodifizierung<\/p>\n<p>Diese Adresse soll mit einer bestimmten Struktur geliefert werden.<\/p>\n<p>EGON erm\u00f6glicht die Validierung von beliebigen europ\u00e4ischen Adressen und die Zuweisung der NUTS 3 Kodifizierung.<\/p>\n<p>2) National Identifier<\/p>\n<p>Der National Identifier ist ein nationaler Identifizierungscode, der auf eindeutige Art eine physische oder juristische Einheit identifiziert. Seine Zusammensetzung ist f\u00fcr jede Nation anders.<\/p>\n<p>EGON erm\u00f6glicht die Validierung von allen National Identifiern, durch die Anwendung von spezifischen Algorithmen und einer besonderen Logik f\u00fcr jedes einzelne Land.<\/p>\n<p>3) Legal Form<\/p>\n<p>Jede Rechtsform wird gem\u00e4\u00df eines einzigartigen Codes auf europ\u00e4ischer Ebene im Einklang mit den Bestimmungen der EZB klassifiziert.<\/p>\n<p>EGON erm\u00f6glicht das Erkennen der Rechtsform von der Firmierung und ist f\u00e4hig die dazugeh\u00f6rige europ\u00e4ische Codierung anzuwenden.<\/p>\n<p>4) LEI (Legal entities Identifier)<\/p>\n<p>Der LEI Code ist ein globaler eindeutiger Identifikator f\u00fcr Einheiten, die auf Finanzm\u00e4rkten t\u00e4tig sind.<\/p>\n<p>EGON erm\u00f6glicht den Erhalt vom Lei Code aus einer Firmierung, auch im Fall, dass diese anders geschrieben wird, als angegeben in den vom GLEIF zur Verf\u00fcgung gestellten Archiven.<\/p>\n<p>5) Klassifizierung der wirtschaftlichen T\u00e4tigkeiten<\/p>\n<p>Die \u00dcbermittlung der Daten in Bezug zur Klassifizierung der wirtschaftlichen T\u00e4tigkeiten muss nach den NACE rev.2 Standards erfolgen. EGON ist f\u00e4hig die Klassifizierungen von jedem Land zu verwalten und sie in die Klassifikation NACE umzucodieren.<\/p>\n<p>EGON validiert, korrigiert und organisiert diese relevanten Daten f\u00fcr jedes der 28 L\u00e4nder. Die kontinuierliche Aktualisierung der Datenbank und die Qualit\u00e4t der eingesetzten Technologien garantieren Resultate, die jede Art von Erwartung erf\u00fcllen. EGON hat sich bisher als ideales komplettes Paket f\u00fcr massive oder Realtime Transaktionen im Zusammenhang mit den Regelungen von AnaCredit erwiesen.<\/p>\n<p>&nbsp;<\/p>\n<p><a href=\"https:\/\/www.egon.com\/de\/egon-demo\"><a class=\"c-button c-button--primary\" href=\"https:\/\/www.egon.com\/de\/egon-demo\">Testen Sie hier sofort Ihre Gratis Demo f\u00fcr Egon for AnaCredit <\/a><\/a><\/p>\n","protected":false},"excerpt":{"rendered":"<p>EGON for AnaCredit ist die innovative Dienstleistung f\u00fcr Kreditinstitute, welche der Europ\u00e4ischen Zentralbank EZB, die rohen Kreditdaten und Kreditrisiken, vorgeschrieben von der [&hellip;]<\/p>\n","protected":false},"author":6,"featured_media":0,"parent":8105,"menu_order":0,"comment_status":"closed","ping_status":"closed","template":"","meta":{"footnotes":""},"class_list":["post-9737","page","type-page","status-publish","hentry"],"yoast_head":"<!-- This site is optimized with the Yoast SEO plugin v26.8 - https:\/\/yoast.com\/product\/yoast-seo-wordpress\/ -->\n<title>Egon for AnaCredit, die Bankensoftware<\/title>\n<meta name=\"description\" content=\"Die Software Egon for AnaCredit erm\u00f6glicht die Kontrolle, Validierung und Umwandlung in das korrekte Format der von der EZB verlangten Daten. Entdecken Sie mehr!\" \/>\n<meta name=\"robots\" content=\"index, follow, max-snippet:-1, max-image-preview:large, max-video-preview:-1\" \/>\n<link rel=\"canonical\" href=\"https:\/\/www.egon.com\/de\/anwendungsbereiche\/validierung-der-anacredit-daten-gemaess-den-bestimmungen-der-ezb\" \/>\n<meta property=\"og:locale\" content=\"de_DE\" \/>\n<meta property=\"og:type\" content=\"article\" \/>\n<meta property=\"og:title\" content=\"Egon for AnaCredit, die Bankensoftware\" \/>\n<meta property=\"og:description\" content=\"Die Software Egon for AnaCredit erm\u00f6glicht die Kontrolle, Validierung und Umwandlung in das korrekte Format der von der EZB verlangten Daten. Entdecken Sie mehr!\" \/>\n<meta property=\"og:url\" content=\"https:\/\/www.egon.com\/de\/anwendungsbereiche\/validierung-der-anacredit-daten-gemaess-den-bestimmungen-der-ezb\" \/>\n<meta property=\"og:site_name\" content=\"Egon\" \/>\n<meta property=\"article:modified_time\" content=\"2021-05-11T08:20:07+00:00\" \/>\n<meta property=\"og:image\" content=\"https:\/\/www.egon.com\/wp-content\/uploads\/2017\/11\/anacredit.jpg\" \/>\n<meta name=\"twitter:card\" content=\"summary_large_image\" \/>\n<meta name=\"twitter:label1\" content=\"Gesch\u00e4tzte Lesezeit\" \/>\n\t<meta name=\"twitter:data1\" content=\"3\u00a0Minuten\" \/>\n<script type=\"application\/ld+json\" class=\"yoast-schema-graph\">{\"@context\":\"https:\/\/schema.org\",\"@graph\":[{\"@type\":\"WebPage\",\"@id\":\"https:\/\/www.egon.com\/de\/anwendungsbereiche\/validierung-der-anacredit-daten-gemaess-den-bestimmungen-der-ezb\",\"url\":\"https:\/\/www.egon.com\/de\/anwendungsbereiche\/validierung-der-anacredit-daten-gemaess-den-bestimmungen-der-ezb\",\"name\":\"Egon for AnaCredit, die Bankensoftware\",\"isPartOf\":{\"@id\":\"https:\/\/www.egon.com\/zh\/#website\"},\"primaryImageOfPage\":{\"@id\":\"https:\/\/www.egon.com\/de\/anwendungsbereiche\/validierung-der-anacredit-daten-gemaess-den-bestimmungen-der-ezb#primaryimage\"},\"image\":{\"@id\":\"https:\/\/www.egon.com\/de\/anwendungsbereiche\/validierung-der-anacredit-daten-gemaess-den-bestimmungen-der-ezb#primaryimage\"},\"thumbnailUrl\":\"https:\/\/www.egon.com\/wp-content\/uploads\/2017\/11\/anacredit.jpg\",\"datePublished\":\"2017-12-28T08:57:57+00:00\",\"dateModified\":\"2021-05-11T08:20:07+00:00\",\"description\":\"Die Software Egon for AnaCredit erm\u00f6glicht die Kontrolle, Validierung und Umwandlung in das korrekte Format der von der EZB verlangten Daten. Entdecken Sie mehr!\",\"breadcrumb\":{\"@id\":\"https:\/\/www.egon.com\/de\/anwendungsbereiche\/validierung-der-anacredit-daten-gemaess-den-bestimmungen-der-ezb#breadcrumb\"},\"inLanguage\":\"de\",\"potentialAction\":[{\"@type\":\"ReadAction\",\"target\":[\"https:\/\/www.egon.com\/de\/anwendungsbereiche\/validierung-der-anacredit-daten-gemaess-den-bestimmungen-der-ezb\"]}]},{\"@type\":\"ImageObject\",\"inLanguage\":\"de\",\"@id\":\"https:\/\/www.egon.com\/de\/anwendungsbereiche\/validierung-der-anacredit-daten-gemaess-den-bestimmungen-der-ezb#primaryimage\",\"url\":\"https:\/\/www.egon.com\/wp-content\/uploads\/2017\/11\/anacredit.jpg\",\"contentUrl\":\"https:\/\/www.egon.com\/wp-content\/uploads\/2017\/11\/anacredit.jpg\"},{\"@type\":\"BreadcrumbList\",\"@id\":\"https:\/\/www.egon.com\/de\/anwendungsbereiche\/validierung-der-anacredit-daten-gemaess-den-bestimmungen-der-ezb#breadcrumb\",\"itemListElement\":[{\"@type\":\"ListItem\",\"position\":1,\"name\":\"Home\",\"item\":\"https:\/\/www.egon.com\/de\"},{\"@type\":\"ListItem\",\"position\":2,\"name\":\"Applications\",\"item\":\"https:\/\/www.egon.com\/de\/anwendungsbereiche\"},{\"@type\":\"ListItem\",\"position\":3,\"name\":\"VALIDIERUNG DER ANACREDIT-DATEN GEM\u00c4SS DEN BESTIMMUNGEN DER EZB\"}]},{\"@type\":\"WebSite\",\"@id\":\"https:\/\/www.egon.com\/zh\/#website\",\"url\":\"https:\/\/www.egon.com\/zh\/\",\"name\":\"Egon\",\"description\":\"Normalizzazione indirizzi - Address validation - Egon.com\",\"potentialAction\":[{\"@type\":\"SearchAction\",\"target\":{\"@type\":\"EntryPoint\",\"urlTemplate\":\"https:\/\/www.egon.com\/zh\/?s={search_term_string}\"},\"query-input\":{\"@type\":\"PropertyValueSpecification\",\"valueRequired\":true,\"valueName\":\"search_term_string\"}}],\"inLanguage\":\"de\"}]}<\/script>\n<!-- \/ Yoast SEO plugin. -->","yoast_head_json":{"title":"Egon for AnaCredit, die Bankensoftware","description":"Die Software Egon for AnaCredit erm\u00f6glicht die Kontrolle, Validierung und Umwandlung in das korrekte Format der von der EZB verlangten Daten. Entdecken Sie mehr!","robots":{"index":"index","follow":"follow","max-snippet":"max-snippet:-1","max-image-preview":"max-image-preview:large","max-video-preview":"max-video-preview:-1"},"canonical":"https:\/\/www.egon.com\/de\/anwendungsbereiche\/validierung-der-anacredit-daten-gemaess-den-bestimmungen-der-ezb","og_locale":"de_DE","og_type":"article","og_title":"Egon for AnaCredit, die Bankensoftware","og_description":"Die Software Egon for AnaCredit erm\u00f6glicht die Kontrolle, Validierung und Umwandlung in das korrekte Format der von der EZB verlangten Daten. Entdecken Sie mehr!","og_url":"https:\/\/www.egon.com\/de\/anwendungsbereiche\/validierung-der-anacredit-daten-gemaess-den-bestimmungen-der-ezb","og_site_name":"Egon","article_modified_time":"2021-05-11T08:20:07+00:00","og_image":[{"url":"https:\/\/www.egon.com\/wp-content\/uploads\/2017\/11\/anacredit.jpg","type":"","width":"","height":""}],"twitter_card":"summary_large_image","twitter_misc":{"Gesch\u00e4tzte Lesezeit":"3\u00a0Minuten"},"schema":{"@context":"https:\/\/schema.org","@graph":[{"@type":"WebPage","@id":"https:\/\/www.egon.com\/de\/anwendungsbereiche\/validierung-der-anacredit-daten-gemaess-den-bestimmungen-der-ezb","url":"https:\/\/www.egon.com\/de\/anwendungsbereiche\/validierung-der-anacredit-daten-gemaess-den-bestimmungen-der-ezb","name":"Egon for AnaCredit, die Bankensoftware","isPartOf":{"@id":"https:\/\/www.egon.com\/zh\/#website"},"primaryImageOfPage":{"@id":"https:\/\/www.egon.com\/de\/anwendungsbereiche\/validierung-der-anacredit-daten-gemaess-den-bestimmungen-der-ezb#primaryimage"},"image":{"@id":"https:\/\/www.egon.com\/de\/anwendungsbereiche\/validierung-der-anacredit-daten-gemaess-den-bestimmungen-der-ezb#primaryimage"},"thumbnailUrl":"https:\/\/www.egon.com\/wp-content\/uploads\/2017\/11\/anacredit.jpg","datePublished":"2017-12-28T08:57:57+00:00","dateModified":"2021-05-11T08:20:07+00:00","description":"Die Software Egon for AnaCredit erm\u00f6glicht die Kontrolle, Validierung und Umwandlung in das korrekte Format der von der EZB verlangten Daten. Entdecken Sie mehr!","breadcrumb":{"@id":"https:\/\/www.egon.com\/de\/anwendungsbereiche\/validierung-der-anacredit-daten-gemaess-den-bestimmungen-der-ezb#breadcrumb"},"inLanguage":"de","potentialAction":[{"@type":"ReadAction","target":["https:\/\/www.egon.com\/de\/anwendungsbereiche\/validierung-der-anacredit-daten-gemaess-den-bestimmungen-der-ezb"]}]},{"@type":"ImageObject","inLanguage":"de","@id":"https:\/\/www.egon.com\/de\/anwendungsbereiche\/validierung-der-anacredit-daten-gemaess-den-bestimmungen-der-ezb#primaryimage","url":"https:\/\/www.egon.com\/wp-content\/uploads\/2017\/11\/anacredit.jpg","contentUrl":"https:\/\/www.egon.com\/wp-content\/uploads\/2017\/11\/anacredit.jpg"},{"@type":"BreadcrumbList","@id":"https:\/\/www.egon.com\/de\/anwendungsbereiche\/validierung-der-anacredit-daten-gemaess-den-bestimmungen-der-ezb#breadcrumb","itemListElement":[{"@type":"ListItem","position":1,"name":"Home","item":"https:\/\/www.egon.com\/de"},{"@type":"ListItem","position":2,"name":"Applications","item":"https:\/\/www.egon.com\/de\/anwendungsbereiche"},{"@type":"ListItem","position":3,"name":"VALIDIERUNG DER ANACREDIT-DATEN GEM\u00c4SS DEN BESTIMMUNGEN DER EZB"}]},{"@type":"WebSite","@id":"https:\/\/www.egon.com\/zh\/#website","url":"https:\/\/www.egon.com\/zh\/","name":"Egon","description":"Normalizzazione indirizzi - Address validation - Egon.com","potentialAction":[{"@type":"SearchAction","target":{"@type":"EntryPoint","urlTemplate":"https:\/\/www.egon.com\/zh\/?s={search_term_string}"},"query-input":{"@type":"PropertyValueSpecification","valueRequired":true,"valueName":"search_term_string"}}],"inLanguage":"de"}]}},"_links":{"self":[{"href":"https:\/\/www.egon.com\/de\/wp-json\/wp\/v2\/pages\/9737","targetHints":{"allow":["GET"]}}],"collection":[{"href":"https:\/\/www.egon.com\/de\/wp-json\/wp\/v2\/pages"}],"about":[{"href":"https:\/\/www.egon.com\/de\/wp-json\/wp\/v2\/types\/page"}],"author":[{"embeddable":true,"href":"https:\/\/www.egon.com\/de\/wp-json\/wp\/v2\/users\/6"}],"replies":[{"embeddable":true,"href":"https:\/\/www.egon.com\/de\/wp-json\/wp\/v2\/comments?post=9737"}],"version-history":[{"count":2,"href":"https:\/\/www.egon.com\/de\/wp-json\/wp\/v2\/pages\/9737\/revisions"}],"predecessor-version":[{"id":18192,"href":"https:\/\/www.egon.com\/de\/wp-json\/wp\/v2\/pages\/9737\/revisions\/18192"}],"up":[{"embeddable":true,"href":"https:\/\/www.egon.com\/de\/wp-json\/wp\/v2\/pages\/8105"}],"wp:attachment":[{"href":"https:\/\/www.egon.com\/de\/wp-json\/wp\/v2\/media?parent=9737"}],"curies":[{"name":"wp","href":"https:\/\/api.w.org\/{rel}","templated":true}]}}