{"id":8558,"date":"2017-09-19T15:55:56","date_gmt":"2017-09-19T15:55:56","guid":{"rendered":"https:\/\/egon.com\/?page_id=8558"},"modified":"2021-02-25T07:45:43","modified_gmt":"2021-02-25T07:45:43","slug":"ozeanien","status":"publish","type":"page","link":"https:\/\/www.egon.com\/de\/laender\/ozeanien","title":{"rendered":"OCEANIA \u2013 ADDRESS VALIDATION, GEOCODING AND DEDUPLICATION SERVICES"},"content":{"rendered":"<h1>OZEANIEN<\/h1>\n<div class=\"country-list\"><div class=\"country-list__head\"><div class=\"country-list__item\"><span class=\"country-label\">Land<\/span><span class=\"country-label\">ISO 3166<\/span><span class=\"country-label\">Adresspr\u00fcfung<\/span><span class=\"country-label\">Geokodierung<\/span><span class=\"country-label\">Level<\/span><span class=\"country-label\">Dublettenabgleich<\/span><span class=\"country-label\">Stammdatenmanagement<\/span><span class=\"country-label\">Schreibweise<\/span><\/div><\/div><div class=\"country-list__item\"><span><a href=\"https:\/\/www.egon.com\/de\/country\/american-samoa\"><img decoding=\"async\" class=\"u-margin-right-small\" width=\"25\" src=\"https:\/\/www.egon.com\/wp-content\/plugins\/wp-egon-plugin\/flags\/as.svg\"\/>Amerikanisch-Samoa<\/a><\/span><span>ASM<\/span><span>Ja<\/span><span>Ja<\/span><span>Ortschaft<\/span><span>Ja<\/span><span>Ja<\/span><span>Nativ, Transliteriert, Latinisiert<\/span><\/div><div class=\"country-list__item\"><span><a href=\"https:\/\/www.egon.com\/de\/country\/australia\"><img decoding=\"async\" class=\"u-margin-right-small\" width=\"25\" src=\"https:\/\/www.egon.com\/wp-content\/plugins\/wp-egon-plugin\/flags\/au.svg\"\/>Australien<\/a><\/span><span>AUS<\/span><span>Ja<\/span><span>Ja<\/span><span>Stra\u03b2e<\/span><span>Ja<\/span><span>Ja<\/span><span>Nativ, Transliteriert, Latinisiert<\/span><\/div><div class=\"country-list__item\"><span><a href=\"https:\/\/www.egon.com\/de\/country\/christmas-island\"><img decoding=\"async\" class=\"u-margin-right-small\" width=\"25\" src=\"https:\/\/www.egon.com\/wp-content\/plugins\/wp-egon-plugin\/flags\/cx.svg\"\/>Weihnachtsinsel<\/a><\/span><span>CXR<\/span><span>Ja<\/span><span>Ja<\/span><span>Ortschaft<\/span><span>Ja<\/span><span>Ja<\/span><span>Nativ, Transliteriert, Latinisiert<\/span><\/div><div class=\"country-list__item\"><span><a href=\"https:\/\/www.egon.com\/de\/country\/cocos-keeling-islands\"><img decoding=\"async\" class=\"u-margin-right-small\" width=\"25\" src=\"https:\/\/www.egon.com\/wp-content\/plugins\/wp-egon-plugin\/flags\/cc.svg\"\/>Kokosinseln<\/a><\/span><span>CCK<\/span><span>Ja<\/span><span>Ja<\/span><span>Ortschaft<\/span><span>Ja<\/span><span>Ja<\/span><span>Nativ, Transliteriert, Latinisiert<\/span><\/div><div class=\"country-list__item\"><span><a href=\"https:\/\/www.egon.com\/de\/country\/cook-islands\"><img decoding=\"async\" class=\"u-margin-right-small\" width=\"25\" src=\"https:\/\/www.egon.com\/wp-content\/plugins\/wp-egon-plugin\/flags\/ck.svg\"\/>Cookinseln<\/a><\/span><span>COK<\/span><span>Ja<\/span><span>Ja<\/span><span>Ortschaft<\/span><span>Ja<\/span><span>Ja<\/span><span>Nativ, Transliteriert, Latinisiert<\/span><\/div><div class=\"country-list__item\"><span><a href=\"https:\/\/www.egon.com\/de\/country\/fiji\"><img decoding=\"async\" class=\"u-margin-right-small\" width=\"25\" src=\"https:\/\/www.egon.com\/wp-content\/plugins\/wp-egon-plugin\/flags\/fj.svg\"\/>Fidschi<\/a><\/span><span>FJI<\/span><span>Ja<\/span><span>Ja<\/span><span>Ortschaft<\/span><span>Ja<\/span><span>Ja<\/span><span>Nativ, Transliteriert, Latinisiert<\/span><\/div><div class=\"country-list__item\"><span><a href=\"https:\/\/www.egon.com\/de\/country\/french-polynesia\"><img decoding=\"async\" class=\"u-margin-right-small\" width=\"25\" src=\"https:\/\/www.egon.com\/wp-content\/plugins\/wp-egon-plugin\/flags\/pf.svg\"\/>Franz\u00f6sisch-Polynesien<\/a><\/span><span>PYF<\/span><span>Ja<\/span><span>Ja<\/span><span>Stra\u03b2e<\/span><span>Ja<\/span><span>Ja<\/span><span>Nativ, Transliteriert, Latinisiert<\/span><\/div><div class=\"country-list__item\"><span><a href=\"https:\/\/www.egon.com\/de\/country\/guam\"><img decoding=\"async\" class=\"u-margin-right-small\" width=\"25\" src=\"https:\/\/www.egon.com\/wp-content\/plugins\/wp-egon-plugin\/flags\/gu.svg\"\/>Guam<\/a><\/span><span>GUM<\/span><span>Ja<\/span><span>Ja<\/span><span>Ortschaft<\/span><span>Ja<\/span><span>Ja<\/span><span>Nativ, Transliteriert, Latinisiert<\/span><\/div><div class=\"country-list__item\"><span><a href=\"https:\/\/www.egon.com\/de\/country\/kiribati\"><img decoding=\"async\" class=\"u-margin-right-small\" width=\"25\" src=\"https:\/\/www.egon.com\/wp-content\/plugins\/wp-egon-plugin\/flags\/ki.svg\"\/>Kiribati<\/a><\/span><span>KIR<\/span><span>Ja<\/span><span>Ja<\/span><span>Ortschaft<\/span><span>Ja<\/span><span>Ja<\/span><span>Nativ, Transliteriert, Latinisiert<\/span><\/div><div class=\"country-list__item\"><span><a href=\"https:\/\/www.egon.com\/de\/country\/marshall-islands\"><img decoding=\"async\" class=\"u-margin-right-small\" width=\"25\" src=\"https:\/\/www.egon.com\/wp-content\/plugins\/wp-egon-plugin\/flags\/mh.svg\"\/>Marshallinseln<\/a><\/span><span>MHL<\/span><span>Ja<\/span><span>Ja<\/span><span>Ortschaft<\/span><span>Ja<\/span><span>Ja<\/span><span>Nativ, Transliteriert, Latinisiert<\/span><\/div><div class=\"country-list__item\"><span><a href=\"https:\/\/www.egon.com\/de\/country\/micronesia\"><img decoding=\"async\" class=\"u-margin-right-small\" width=\"25\" src=\"https:\/\/www.egon.com\/wp-content\/plugins\/wp-egon-plugin\/flags\/fm.svg\"\/>Mikronesien<\/a><\/span><span>FSM<\/span><span>Ja<\/span><span>Ja<\/span><span>Ortschaft<\/span><span>Ja<\/span><span>Ja<\/span><span>Nativ, Transliteriert, Latinisiert<\/span><\/div><div class=\"country-list__item\"><span><a href=\"https:\/\/www.egon.com\/de\/country\/nauru\"><img decoding=\"async\" class=\"u-margin-right-small\" width=\"25\" src=\"https:\/\/www.egon.com\/wp-content\/plugins\/wp-egon-plugin\/flags\/nr.svg\"\/>Nauru<\/a><\/span><span>NRU<\/span><span>Ja<\/span><span>Ja<\/span><span>Ortschaft<\/span><span>Ja<\/span><span>Ja<\/span><span>Nativ, Transliteriert, Latinisiert<\/span><\/div><div class=\"country-list__item\"><span><a href=\"https:\/\/www.egon.com\/de\/country\/new-caledonia\"><img decoding=\"async\" class=\"u-margin-right-small\" width=\"25\" src=\"https:\/\/www.egon.com\/wp-content\/plugins\/wp-egon-plugin\/flags\/nc.svg\"\/>Neu-Kaledonien<\/a><\/span><span>NCL<\/span><span>Ja<\/span><span>Ja<\/span><span>Stra\u03b2e<\/span><span>Ja<\/span><span>Ja<\/span><span>Nativ, Transliteriert, Latinisiert<\/span><\/div><div class=\"country-list__item\"><span><a href=\"https:\/\/www.egon.com\/de\/country\/new-zeland\"><img decoding=\"async\" class=\"u-margin-right-small\" width=\"25\" src=\"https:\/\/www.egon.com\/wp-content\/plugins\/wp-egon-plugin\/flags\/nz.svg\"\/>Neuseeland<\/a><\/span><span>NZL<\/span><span>Ja<\/span><span>Ja<\/span><span>Stra\u03b2e<\/span><span>Ja<\/span><span>Ja<\/span><span>Nativ, Transliteriert, Latinisiert<\/span><\/div><div class=\"country-list__item\"><span><a href=\"https:\/\/www.egon.com\/de\/country\/niue\"><img decoding=\"async\" class=\"u-margin-right-small\" width=\"25\" src=\"https:\/\/www.egon.com\/wp-content\/plugins\/wp-egon-plugin\/flags\/nu.svg\"\/>Niue<\/a><\/span><span>NIU<\/span><span>Ja<\/span><span>Ja<\/span><span>Ortschaft<\/span><span>Ja<\/span><span>Ja<\/span><span>Nativ, Transliteriert, Latinisiert<\/span><\/div><div class=\"country-list__item\"><span><a href=\"https:\/\/www.egon.com\/de\/country\/norfolk-island\"><img decoding=\"async\" class=\"u-margin-right-small\" width=\"25\" src=\"https:\/\/www.egon.com\/wp-content\/plugins\/wp-egon-plugin\/flags\/nf.svg\"\/>Norfolk-Inseln<\/a><\/span><span>NFK<\/span><span>Ja<\/span><span>Ja<\/span><span>Ortschaft<\/span><span>Ja<\/span><span>Ja<\/span><span>Nativ, Transliteriert, Latinisiert<\/span><\/div><div class=\"country-list__item\"><span><a href=\"https:\/\/www.egon.com\/de\/country\/northern-mariana-islands\"><img decoding=\"async\" class=\"u-margin-right-small\" width=\"25\" src=\"https:\/\/www.egon.com\/wp-content\/plugins\/wp-egon-plugin\/flags\/mp.svg\"\/>N\u00f6rdliche Marianen<\/a><\/span><span>MNP<\/span><span>Ja<\/span><span>Ja<\/span><span>Ortschaft<\/span><span>Ja<\/span><span>Ja<\/span><span>Nativ, Transliteriert, Latinisiert<\/span><\/div><div class=\"country-list__item\"><span><a href=\"https:\/\/www.egon.com\/de\/country\/palau\"><img decoding=\"async\" class=\"u-margin-right-small\" width=\"25\" src=\"https:\/\/www.egon.com\/wp-content\/plugins\/wp-egon-plugin\/flags\/pw.svg\"\/>Palau<\/a><\/span><span>PLW<\/span><span>Ja<\/span><span>Ja<\/span><span>Ortschaft<\/span><span>Ja<\/span><span>Ja<\/span><span>Nativ, Transliteriert, Latinisiert<\/span><\/div><div class=\"country-list__item\"><span><a href=\"https:\/\/www.egon.com\/de\/country\/papua-new-guinea\"><img decoding=\"async\" class=\"u-margin-right-small\" width=\"25\" src=\"https:\/\/www.egon.com\/wp-content\/plugins\/wp-egon-plugin\/flags\/pg.svg\"\/>Papua-Neuguinea<\/a><\/span><span>PNG<\/span><span>Ja<\/span><span>Ja<\/span><span>Ortschaft<\/span><span>Ja<\/span><span>Ja<\/span><span>Nativ, Transliteriert, Latinisiert<\/span><\/div><div class=\"country-list__item\"><span><a href=\"https:\/\/www.egon.com\/de\/country\/pitcairn-islands\"><img decoding=\"async\" class=\"u-margin-right-small\" width=\"25\" src=\"https:\/\/www.egon.com\/wp-content\/plugins\/wp-egon-plugin\/flags\/pn.svg\"\/>Pitcairninseln<\/a><\/span><span>PCN<\/span><span>Ja<\/span><span>Ja<\/span><span>Ortschaft<\/span><span>Ja<\/span><span>Ja<\/span><span>Nativ, Transliteriert, Latinisiert<\/span><\/div><div class=\"country-list__item\"><span><a href=\"https:\/\/www.egon.com\/de\/country\/samoa\"><img decoding=\"async\" class=\"u-margin-right-small\" width=\"25\" src=\"https:\/\/www.egon.com\/wp-content\/plugins\/wp-egon-plugin\/flags\/ws.svg\"\/>Samoa<\/a><\/span><span>WSM<\/span><span>Ja<\/span><span>Ja<\/span><span>Ortschaft<\/span><span>Ja<\/span><span>Ja<\/span><span>Nativ, Transliteriert, Latinisiert<\/span><\/div><div class=\"country-list__item\"><span><a href=\"https:\/\/www.egon.com\/de\/country\/solomon-islands\"><img decoding=\"async\" class=\"u-margin-right-small\" width=\"25\" src=\"https:\/\/www.egon.com\/wp-content\/plugins\/wp-egon-plugin\/flags\/sb.svg\"\/>Salomonen<\/a><\/span><span>SLB<\/span><span>Ja<\/span><span>Ja<\/span><span>Ortschaft<\/span><span>Ja<\/span><span>Ja<\/span><span>Nativ, Transliteriert, Latinisiert<\/span><\/div><div class=\"country-list__item\"><span><a href=\"https:\/\/www.egon.com\/de\/country\/tokelau\"><img decoding=\"async\" class=\"u-margin-right-small\" width=\"25\" src=\"https:\/\/www.egon.com\/wp-content\/plugins\/wp-egon-plugin\/flags\/tk.svg\"\/>Tokelau<\/a><\/span><span>TKL<\/span><span>Ja<\/span><span>Ja<\/span><span>Ortschaft<\/span><span>Ja<\/span><span>Ja<\/span><span>Nativ, Transliteriert, Latinisiert<\/span><\/div><div class=\"country-list__item\"><span><a href=\"https:\/\/www.egon.com\/de\/country\/tonga\"><img decoding=\"async\" class=\"u-margin-right-small\" width=\"25\" src=\"https:\/\/www.egon.com\/wp-content\/plugins\/wp-egon-plugin\/flags\/to.svg\"\/>Tonga<\/a><\/span><span>TON<\/span><span>Ja<\/span><span>Ja<\/span><span>Ortschaft<\/span><span>Ja<\/span><span>Ja<\/span><span>Nativ, Transliteriert, Latinisiert<\/span><\/div><div class=\"country-list__item\"><span><a href=\"https:\/\/www.egon.com\/de\/country\/tuvalu\"><img decoding=\"async\" class=\"u-margin-right-small\" width=\"25\" src=\"https:\/\/www.egon.com\/wp-content\/plugins\/wp-egon-plugin\/flags\/tv.svg\"\/>Tuvalu<\/a><\/span><span>TUV<\/span><span>Ja<\/span><span>Ja<\/span><span>Ortschaft<\/span><span>Ja<\/span><span>Ja<\/span><span>Nativ, Transliteriert, Latinisiert<\/span><\/div><div class=\"country-list__item\"><span><a href=\"https:\/\/www.egon.com\/de\/country\/vanuatu\"><img decoding=\"async\" class=\"u-margin-right-small\" width=\"25\" src=\"https:\/\/www.egon.com\/wp-content\/plugins\/wp-egon-plugin\/flags\/vu.svg\"\/>Vanuatu<\/a><\/span><span>VUT<\/span><span>Ja<\/span><span>Ja<\/span><span>Ortschaft<\/span><span>Ja<\/span><span>Ja<\/span><span>Nativ, Transliteriert, Latinisiert<\/span><\/div><div class=\"country-list__item\"><span><a href=\"https:\/\/www.egon.com\/de\/country\/wallis-and-futuna\"><img decoding=\"async\" class=\"u-margin-right-small\" width=\"25\" src=\"https:\/\/www.egon.com\/wp-content\/plugins\/wp-egon-plugin\/flags\/wf.svg\"\/>Wallis und Futuna<\/a><\/span><span>WLF<\/span><span>Ja<\/span><span>Ja<\/span><span>Ortschaft<\/span><span>Ja<\/span><span>Ja<\/span><span>Nativ, Transliteriert, Latinisiert<\/span><\/div><\/div><div class=\"country-list-legend\"><h4 class=\"u-margin-bottom-small\">Legende<\/h4><span>Adresspr\u00fcfung: JA = Adresspr\u00fcfung verf\u00fcgbar; NEIN = Adresspr\u00fcfung nicht verf\u00fcgbar<span>\r\n        <span>Geokodierung: JA = Geokodierung verf\u00fcgbar; NEIN = Geokodierung nicht verf\u00fcgbar<span>        \r\n        <span>Level: STRA\u03b2E = Details bis zur Stra\u00dfe; ORTSCHAFT = Details bis zum Ort<span>        \r\n        <span>Dublettenabgleich: JA = Dublettenabgleich verf\u00fcgbar; NEIN = Dublettenabgleich nicht verf\u00fcgbar<span>        \r\n        <span>Stammdatenmanagement: JA = Stammdatenmanagement verf\u00fcgbar; NEIN = Stammdatenmanagement nicht verf\u00fcgbar<span>        \r\n        <span>Schreibweise: Nativ = Schriftzeichen der jeweiligen Sprache; R\u00f6misch = lateinische Schriftzeichen; International = internationales Format. Alle Schreibweisen k\u00f6nnen in Gro\u00dfbuchstaben erfolgen.<span><\/div>\n","protected":false},"excerpt":{"rendered":"<p>OZEANIEN<\/p>\n","protected":false},"author":1,"featured_media":0,"parent":8384,"menu_order":0,"comment_status":"closed","ping_status":"closed","template":"templates\/template-nosidebar.php","meta":{"footnotes":""},"class_list":["post-8558","page","type-page","status-publish","hentry"],"yoast_head":"<!-- This site is optimized with the Yoast SEO plugin v26.8 - https:\/\/yoast.com\/product\/yoast-seo-wordpress\/ -->\n<title>OCEANIA \u2013 ADDRESS VALIDATION, GEOCODING AND DEDUPLICATION SERVICES - Egon<\/title>\n<meta name=\"robots\" content=\"index, follow, max-snippet:-1, max-image-preview:large, max-video-preview:-1\" \/>\n<link rel=\"canonical\" href=\"https:\/\/www.egon.com\/de\/laender\/ozeanien\" \/>\n<meta property=\"og:locale\" content=\"de_DE\" \/>\n<meta property=\"og:type\" content=\"article\" \/>\n<meta property=\"og:title\" content=\"OCEANIA \u2013 ADDRESS VALIDATION, GEOCODING AND DEDUPLICATION SERVICES - Egon\" \/>\n<meta property=\"og:description\" content=\"OZEANIEN\" \/>\n<meta property=\"og:url\" content=\"https:\/\/www.egon.com\/de\/laender\/ozeanien\" \/>\n<meta property=\"og:site_name\" content=\"Egon\" \/>\n<meta property=\"article:modified_time\" content=\"2021-02-25T07:45:43+00:00\" \/>\n<meta name=\"twitter:card\" content=\"summary_large_image\" \/>\n<meta name=\"twitter:label1\" content=\"Gesch\u00e4tzte Lesezeit\" \/>\n\t<meta name=\"twitter:data1\" content=\"1\u00a0Minute\" \/>\n<script type=\"application\/ld+json\" class=\"yoast-schema-graph\">{\"@context\":\"https:\/\/schema.org\",\"@graph\":[{\"@type\":\"WebPage\",\"@id\":\"https:\/\/www.egon.com\/de\/laender\/ozeanien\",\"url\":\"https:\/\/www.egon.com\/de\/laender\/ozeanien\",\"name\":\"OCEANIA \u2013 ADDRESS VALIDATION, GEOCODING AND DEDUPLICATION SERVICES - Egon\",\"isPartOf\":{\"@id\":\"https:\/\/www.egon.com\/zh\/#website\"},\"datePublished\":\"2017-09-19T15:55:56+00:00\",\"dateModified\":\"2021-02-25T07:45:43+00:00\",\"breadcrumb\":{\"@id\":\"https:\/\/www.egon.com\/de\/laender\/ozeanien#breadcrumb\"},\"inLanguage\":\"de\",\"potentialAction\":[{\"@type\":\"ReadAction\",\"target\":[\"https:\/\/www.egon.com\/de\/laender\/ozeanien\"]}]},{\"@type\":\"BreadcrumbList\",\"@id\":\"https:\/\/www.egon.com\/de\/laender\/ozeanien#breadcrumb\",\"itemListElement\":[{\"@type\":\"ListItem\",\"position\":1,\"name\":\"Home\",\"item\":\"https:\/\/www.egon.com\/de\"},{\"@type\":\"ListItem\",\"position\":2,\"name\":\"Verf\u00fcgbare Dienste nach L\u00e4ndern &#8211; L\u00e4nderlisten\",\"item\":\"https:\/\/www.egon.com\/de\/laender\"},{\"@type\":\"ListItem\",\"position\":3,\"name\":\"OCEANIA \u2013 ADDRESS VALIDATION, GEOCODING AND DEDUPLICATION SERVICES\"}]},{\"@type\":\"WebSite\",\"@id\":\"https:\/\/www.egon.com\/zh\/#website\",\"url\":\"https:\/\/www.egon.com\/zh\/\",\"name\":\"Egon\",\"description\":\"Normalizzazione indirizzi - Address validation - Egon.com\",\"potentialAction\":[{\"@type\":\"SearchAction\",\"target\":{\"@type\":\"EntryPoint\",\"urlTemplate\":\"https:\/\/www.egon.com\/zh\/?s={search_term_string}\"},\"query-input\":{\"@type\":\"PropertyValueSpecification\",\"valueRequired\":true,\"valueName\":\"search_term_string\"}}],\"inLanguage\":\"de\"}]}<\/script>\n<!-- \/ Yoast SEO plugin. -->","yoast_head_json":{"title":"OCEANIA \u2013 ADDRESS VALIDATION, GEOCODING AND DEDUPLICATION SERVICES - Egon","robots":{"index":"index","follow":"follow","max-snippet":"max-snippet:-1","max-image-preview":"max-image-preview:large","max-video-preview":"max-video-preview:-1"},"canonical":"https:\/\/www.egon.com\/de\/laender\/ozeanien","og_locale":"de_DE","og_type":"article","og_title":"OCEANIA \u2013 ADDRESS VALIDATION, GEOCODING AND DEDUPLICATION SERVICES - Egon","og_description":"OZEANIEN","og_url":"https:\/\/www.egon.com\/de\/laender\/ozeanien","og_site_name":"Egon","article_modified_time":"2021-02-25T07:45:43+00:00","twitter_card":"summary_large_image","twitter_misc":{"Gesch\u00e4tzte Lesezeit":"1\u00a0Minute"},"schema":{"@context":"https:\/\/schema.org","@graph":[{"@type":"WebPage","@id":"https:\/\/www.egon.com\/de\/laender\/ozeanien","url":"https:\/\/www.egon.com\/de\/laender\/ozeanien","name":"OCEANIA \u2013 ADDRESS VALIDATION, GEOCODING AND DEDUPLICATION SERVICES - Egon","isPartOf":{"@id":"https:\/\/www.egon.com\/zh\/#website"},"datePublished":"2017-09-19T15:55:56+00:00","dateModified":"2021-02-25T07:45:43+00:00","breadcrumb":{"@id":"https:\/\/www.egon.com\/de\/laender\/ozeanien#breadcrumb"},"inLanguage":"de","potentialAction":[{"@type":"ReadAction","target":["https:\/\/www.egon.com\/de\/laender\/ozeanien"]}]},{"@type":"BreadcrumbList","@id":"https:\/\/www.egon.com\/de\/laender\/ozeanien#breadcrumb","itemListElement":[{"@type":"ListItem","position":1,"name":"Home","item":"https:\/\/www.egon.com\/de"},{"@type":"ListItem","position":2,"name":"Verf\u00fcgbare Dienste nach L\u00e4ndern &#8211; L\u00e4nderlisten","item":"https:\/\/www.egon.com\/de\/laender"},{"@type":"ListItem","position":3,"name":"OCEANIA \u2013 ADDRESS VALIDATION, GEOCODING AND DEDUPLICATION SERVICES"}]},{"@type":"WebSite","@id":"https:\/\/www.egon.com\/zh\/#website","url":"https:\/\/www.egon.com\/zh\/","name":"Egon","description":"Normalizzazione indirizzi - Address validation - Egon.com","potentialAction":[{"@type":"SearchAction","target":{"@type":"EntryPoint","urlTemplate":"https:\/\/www.egon.com\/zh\/?s={search_term_string}"},"query-input":{"@type":"PropertyValueSpecification","valueRequired":true,"valueName":"search_term_string"}}],"inLanguage":"de"}]}},"_links":{"self":[{"href":"https:\/\/www.egon.com\/de\/wp-json\/wp\/v2\/pages\/8558","targetHints":{"allow":["GET"]}}],"collection":[{"href":"https:\/\/www.egon.com\/de\/wp-json\/wp\/v2\/pages"}],"about":[{"href":"https:\/\/www.egon.com\/de\/wp-json\/wp\/v2\/types\/page"}],"author":[{"embeddable":true,"href":"https:\/\/www.egon.com\/de\/wp-json\/wp\/v2\/users\/1"}],"replies":[{"embeddable":true,"href":"https:\/\/www.egon.com\/de\/wp-json\/wp\/v2\/comments?post=8558"}],"version-history":[{"count":1,"href":"https:\/\/www.egon.com\/de\/wp-json\/wp\/v2\/pages\/8558\/revisions"}],"predecessor-version":[{"id":18084,"href":"https:\/\/www.egon.com\/de\/wp-json\/wp\/v2\/pages\/8558\/revisions\/18084"}],"up":[{"embeddable":true,"href":"https:\/\/www.egon.com\/de\/wp-json\/wp\/v2\/pages\/8384"}],"wp:attachment":[{"href":"https:\/\/www.egon.com\/de\/wp-json\/wp\/v2\/media?parent=8558"}],"curies":[{"name":"wp","href":"https:\/\/api.w.org\/{rel}","templated":true}]}}