{"id":8553,"date":"2017-09-19T15:52:24","date_gmt":"2017-09-19T15:52:24","guid":{"rendered":"https:\/\/egon.com\/?page_id=8553"},"modified":"2021-02-19T14:02:41","modified_gmt":"2021-02-19T14:02:41","slug":"nordamerika","status":"publish","type":"page","link":"https:\/\/www.egon.com\/de\/laender\/nordamerika","title":{"rendered":"NORTH AMERICA \u2013 Adresspr\u00fcfung"},"content":{"rendered":"<h1>Adresspr\u00fcfung Nordamerika<\/h1>\n<div class=\"country-list\"><div class=\"country-list__head\"><div class=\"country-list__item\"><span class=\"country-label\">Land<\/span><span class=\"country-label\">ISO 3166<\/span><span class=\"country-label\">Adresspr\u00fcfung<\/span><span class=\"country-label\">Geokodierung<\/span><span class=\"country-label\">Level<\/span><span class=\"country-label\">Dublettenabgleich<\/span><span class=\"country-label\">Stammdatenmanagement<\/span><span class=\"country-label\">Schreibweise<\/span><\/div><\/div><div class=\"country-list__item\"><span><a href=\"https:\/\/www.egon.com\/de\/country\/bahamas\"><img decoding=\"async\" class=\"u-margin-right-small\" width=\"25\" src=\"https:\/\/www.egon.com\/wp-content\/plugins\/wp-egon-plugin\/flags\/bs.svg\"\/>Bahamas<\/a><\/span><span>BHS<\/span><span>Ja<\/span><span>Ja<\/span><span>Ortschaft<\/span><span>Ja<\/span><span>Ja<\/span><span>Nativ, Transliteriert, Latinisiert<\/span><\/div><div class=\"country-list__item\"><span><a href=\"https:\/\/www.egon.com\/de\/country\/bermuda\"><img decoding=\"async\" class=\"u-margin-right-small\" width=\"25\" src=\"https:\/\/www.egon.com\/wp-content\/plugins\/wp-egon-plugin\/flags\/bm.svg\"\/>Bermudas<\/a><\/span><span>BMU<\/span><span>Ja<\/span><span>Ja<\/span><span>Ortschaft<\/span><span>Ja<\/span><span>Ja<\/span><span>Nativ, Transliteriert, Latinisiert<\/span><\/div><div class=\"country-list__item\"><span><a href=\"https:\/\/www.egon.com\/de\/country\/canada\"><img decoding=\"async\" class=\"u-margin-right-small\" width=\"25\" src=\"https:\/\/www.egon.com\/wp-content\/plugins\/wp-egon-plugin\/flags\/ca.svg\"\/>Kanada<\/a><\/span><span>CAN<\/span><span>Ja<\/span><span>Ja<\/span><span>Stra\u03b2e<\/span><span>Ja<\/span><span>Ja<\/span><span>Nativ, Transliteriert, Latinisiert<\/span><\/div><div class=\"country-list__item\"><span><a href=\"https:\/\/www.egon.com\/de\/country\/greenland\"><img decoding=\"async\" class=\"u-margin-right-small\" width=\"25\" src=\"https:\/\/www.egon.com\/wp-content\/plugins\/wp-egon-plugin\/flags\/gl.svg\"\/>Gr\u00f6nland<\/a><\/span><span>GRL<\/span><span>Ja<\/span><span>Ja<\/span><span>Ortschaft<\/span><span>Ja<\/span><span>Ja<\/span><span>Nativ, Transliteriert, Latinisiert<\/span><\/div><div class=\"country-list__item\"><span><a href=\"https:\/\/www.egon.com\/de\/country\/mexico\"><img decoding=\"async\" class=\"u-margin-right-small\" width=\"25\" src=\"https:\/\/www.egon.com\/wp-content\/plugins\/wp-egon-plugin\/flags\/mx.svg\"\/>Mexiko<\/a><\/span><span>MEX<\/span><span>Ja<\/span><span>Ja<\/span><span>Stra\u03b2e<\/span><span>Ja<\/span><span>Ja<\/span><span>Nativ, Transliteriert, Latinisiert<\/span><\/div><div class=\"country-list__item\"><span><a href=\"https:\/\/www.egon.com\/de\/country\/puerto-rico\"><img decoding=\"async\" class=\"u-margin-right-small\" width=\"25\" src=\"https:\/\/www.egon.com\/wp-content\/plugins\/wp-egon-plugin\/flags\/pr.svg\"\/>Puerto Rico<\/a><\/span><span>PRI<\/span><span>Ja<\/span><span>Ja<\/span><span>Stra\u03b2e<\/span><span>Ja<\/span><span>Ja<\/span><span>Nativ, Transliteriert, Latinisiert<\/span><\/div><div class=\"country-list__item\"><span><a href=\"https:\/\/www.egon.com\/de\/country\/saint-pierre-miquelon\"><img decoding=\"async\" class=\"u-margin-right-small\" width=\"25\" src=\"https:\/\/www.egon.com\/wp-content\/plugins\/wp-egon-plugin\/flags\/pm.svg\"\/>St. Pierre und Miquelon<\/a><\/span><span>SPM<\/span><span>Ja<\/span><span>Ja<\/span><span>Ortschaft<\/span><span>Ja<\/span><span>Ja<\/span><span>Nativ, Transliteriert, Latinisiert<\/span><\/div><div class=\"country-list__item\"><span><a href=\"https:\/\/www.egon.com\/de\/country\/united-states\"><img decoding=\"async\" class=\"u-margin-right-small\" width=\"25\" src=\"https:\/\/www.egon.com\/wp-content\/plugins\/wp-egon-plugin\/flags\/us.svg\"\/>Vereinigte Staaten von Amerika<\/a><\/span><span>USA<\/span><span>Ja<\/span><span>Ja<\/span><span>Stra\u03b2e<\/span><span>Ja<\/span><span>Ja<\/span><span>Nativ, Transliteriert, Latinisiert<\/span><\/div><\/div><div class=\"country-list-legend\"><h4 class=\"u-margin-bottom-small\">Legende<\/h4><span>Adresspr\u00fcfung: JA = Adresspr\u00fcfung verf\u00fcgbar; NEIN = Adresspr\u00fcfung nicht verf\u00fcgbar<span>\r\n        <span>Geokodierung: JA = Geokodierung verf\u00fcgbar; NEIN = Geokodierung nicht verf\u00fcgbar<span>        \r\n        <span>Level: STRA\u03b2E = Details bis zur Stra\u00dfe; ORTSCHAFT = Details bis zum Ort<span>        \r\n        <span>Dublettenabgleich: JA = Dublettenabgleich verf\u00fcgbar; NEIN = Dublettenabgleich nicht verf\u00fcgbar<span>        \r\n        <span>Stammdatenmanagement: JA = Stammdatenmanagement verf\u00fcgbar; NEIN = Stammdatenmanagement nicht verf\u00fcgbar<span>        \r\n        <span>Schreibweise: Nativ = Schriftzeichen der jeweiligen Sprache; R\u00f6misch = lateinische Schriftzeichen; International = internationales Format. Alle Schreibweisen k\u00f6nnen in Gro\u00dfbuchstaben erfolgen.<span><\/div>\n","protected":false},"excerpt":{"rendered":"<p>Adresspr\u00fcfung Nordamerika<\/p>\n","protected":false},"author":1,"featured_media":0,"parent":8384,"menu_order":0,"comment_status":"closed","ping_status":"closed","template":"templates\/template-nosidebar.php","meta":{"footnotes":""},"class_list":["post-8553","page","type-page","status-publish","hentry"],"yoast_head":"<!-- This site is optimized with the Yoast SEO plugin v26.8 - https:\/\/yoast.com\/product\/yoast-seo-wordpress\/ -->\n<title>Adresspr\u00fcfung und geokodierung Nordamerika - Egon.com<\/title>\n<meta name=\"robots\" content=\"index, follow, max-snippet:-1, max-image-preview:large, max-video-preview:-1\" \/>\n<link rel=\"canonical\" href=\"https:\/\/www.egon.com\/de\/laender\/nordamerika\" \/>\n<meta property=\"og:locale\" content=\"de_DE\" \/>\n<meta property=\"og:type\" content=\"article\" \/>\n<meta property=\"og:title\" content=\"Adresspr\u00fcfung und geokodierung Nordamerika - Egon.com\" \/>\n<meta property=\"og:description\" content=\"Adresspr\u00fcfung Nordamerika\" \/>\n<meta property=\"og:url\" content=\"https:\/\/www.egon.com\/de\/laender\/nordamerika\" \/>\n<meta property=\"og:site_name\" content=\"Egon\" \/>\n<meta property=\"article:modified_time\" content=\"2021-02-19T14:02:41+00:00\" \/>\n<meta name=\"twitter:card\" content=\"summary_large_image\" \/>\n<meta name=\"twitter:label1\" content=\"Gesch\u00e4tzte Lesezeit\" \/>\n\t<meta name=\"twitter:data1\" content=\"1\u00a0Minute\" \/>\n<script type=\"application\/ld+json\" class=\"yoast-schema-graph\">{\"@context\":\"https:\/\/schema.org\",\"@graph\":[{\"@type\":\"WebPage\",\"@id\":\"https:\/\/www.egon.com\/de\/laender\/nordamerika\",\"url\":\"https:\/\/www.egon.com\/de\/laender\/nordamerika\",\"name\":\"Adresspr\u00fcfung und geokodierung Nordamerika - Egon.com\",\"isPartOf\":{\"@id\":\"https:\/\/www.egon.com\/zh\/#website\"},\"datePublished\":\"2017-09-19T15:52:24+00:00\",\"dateModified\":\"2021-02-19T14:02:41+00:00\",\"breadcrumb\":{\"@id\":\"https:\/\/www.egon.com\/de\/laender\/nordamerika#breadcrumb\"},\"inLanguage\":\"de\",\"potentialAction\":[{\"@type\":\"ReadAction\",\"target\":[\"https:\/\/www.egon.com\/de\/laender\/nordamerika\"]}]},{\"@type\":\"BreadcrumbList\",\"@id\":\"https:\/\/www.egon.com\/de\/laender\/nordamerika#breadcrumb\",\"itemListElement\":[{\"@type\":\"ListItem\",\"position\":1,\"name\":\"Home\",\"item\":\"https:\/\/www.egon.com\/de\"},{\"@type\":\"ListItem\",\"position\":2,\"name\":\"Verf\u00fcgbare Dienste nach L\u00e4ndern &#8211; L\u00e4nderlisten\",\"item\":\"https:\/\/www.egon.com\/de\/laender\"},{\"@type\":\"ListItem\",\"position\":3,\"name\":\"NORTH AMERICA \u2013 Adresspr\u00fcfung\"}]},{\"@type\":\"WebSite\",\"@id\":\"https:\/\/www.egon.com\/zh\/#website\",\"url\":\"https:\/\/www.egon.com\/zh\/\",\"name\":\"Egon\",\"description\":\"Normalizzazione indirizzi - Address validation - Egon.com\",\"potentialAction\":[{\"@type\":\"SearchAction\",\"target\":{\"@type\":\"EntryPoint\",\"urlTemplate\":\"https:\/\/www.egon.com\/zh\/?s={search_term_string}\"},\"query-input\":{\"@type\":\"PropertyValueSpecification\",\"valueRequired\":true,\"valueName\":\"search_term_string\"}}],\"inLanguage\":\"de\"}]}<\/script>\n<!-- \/ Yoast SEO plugin. -->","yoast_head_json":{"title":"Adresspr\u00fcfung und geokodierung Nordamerika - Egon.com","robots":{"index":"index","follow":"follow","max-snippet":"max-snippet:-1","max-image-preview":"max-image-preview:large","max-video-preview":"max-video-preview:-1"},"canonical":"https:\/\/www.egon.com\/de\/laender\/nordamerika","og_locale":"de_DE","og_type":"article","og_title":"Adresspr\u00fcfung und geokodierung Nordamerika - Egon.com","og_description":"Adresspr\u00fcfung Nordamerika","og_url":"https:\/\/www.egon.com\/de\/laender\/nordamerika","og_site_name":"Egon","article_modified_time":"2021-02-19T14:02:41+00:00","twitter_card":"summary_large_image","twitter_misc":{"Gesch\u00e4tzte Lesezeit":"1\u00a0Minute"},"schema":{"@context":"https:\/\/schema.org","@graph":[{"@type":"WebPage","@id":"https:\/\/www.egon.com\/de\/laender\/nordamerika","url":"https:\/\/www.egon.com\/de\/laender\/nordamerika","name":"Adresspr\u00fcfung und geokodierung Nordamerika - Egon.com","isPartOf":{"@id":"https:\/\/www.egon.com\/zh\/#website"},"datePublished":"2017-09-19T15:52:24+00:00","dateModified":"2021-02-19T14:02:41+00:00","breadcrumb":{"@id":"https:\/\/www.egon.com\/de\/laender\/nordamerika#breadcrumb"},"inLanguage":"de","potentialAction":[{"@type":"ReadAction","target":["https:\/\/www.egon.com\/de\/laender\/nordamerika"]}]},{"@type":"BreadcrumbList","@id":"https:\/\/www.egon.com\/de\/laender\/nordamerika#breadcrumb","itemListElement":[{"@type":"ListItem","position":1,"name":"Home","item":"https:\/\/www.egon.com\/de"},{"@type":"ListItem","position":2,"name":"Verf\u00fcgbare Dienste nach L\u00e4ndern &#8211; L\u00e4nderlisten","item":"https:\/\/www.egon.com\/de\/laender"},{"@type":"ListItem","position":3,"name":"NORTH AMERICA \u2013 Adresspr\u00fcfung"}]},{"@type":"WebSite","@id":"https:\/\/www.egon.com\/zh\/#website","url":"https:\/\/www.egon.com\/zh\/","name":"Egon","description":"Normalizzazione indirizzi - Address validation - Egon.com","potentialAction":[{"@type":"SearchAction","target":{"@type":"EntryPoint","urlTemplate":"https:\/\/www.egon.com\/zh\/?s={search_term_string}"},"query-input":{"@type":"PropertyValueSpecification","valueRequired":true,"valueName":"search_term_string"}}],"inLanguage":"de"}]}},"_links":{"self":[{"href":"https:\/\/www.egon.com\/de\/wp-json\/wp\/v2\/pages\/8553","targetHints":{"allow":["GET"]}}],"collection":[{"href":"https:\/\/www.egon.com\/de\/wp-json\/wp\/v2\/pages"}],"about":[{"href":"https:\/\/www.egon.com\/de\/wp-json\/wp\/v2\/types\/page"}],"author":[{"embeddable":true,"href":"https:\/\/www.egon.com\/de\/wp-json\/wp\/v2\/users\/1"}],"replies":[{"embeddable":true,"href":"https:\/\/www.egon.com\/de\/wp-json\/wp\/v2\/comments?post=8553"}],"version-history":[{"count":2,"href":"https:\/\/www.egon.com\/de\/wp-json\/wp\/v2\/pages\/8553\/revisions"}],"predecessor-version":[{"id":18032,"href":"https:\/\/www.egon.com\/de\/wp-json\/wp\/v2\/pages\/8553\/revisions\/18032"}],"up":[{"embeddable":true,"href":"https:\/\/www.egon.com\/de\/wp-json\/wp\/v2\/pages\/8384"}],"wp:attachment":[{"href":"https:\/\/www.egon.com\/de\/wp-json\/wp\/v2\/media?parent=8553"}],"curies":[{"name":"wp","href":"https:\/\/api.w.org\/{rel}","templated":true}]}}