{"id":8348,"date":"2017-09-19T14:45:10","date_gmt":"2017-09-19T14:45:10","guid":{"rendered":"https:\/\/egon.com\/?page_id=8348"},"modified":"2017-10-18T14:57:16","modified_gmt":"2017-10-18T14:57:16","slug":"egon-on-site-on-premises-de","status":"publish","type":"page","link":"https:\/\/www.egon.com\/de\/egon-on-site-on-premises-de","title":{"rendered":"EGON ON SITE (VON ORT)"},"content":{"rendered":"[vc_row holder_set_margin=&#8220;true&#8220; holder_margin=&#8220;u-margin-bottom&#8220;][vc_column]<div class=\"c-mediabox\">\n<div class=\" o-media o-media--responsive\">\n<div class=\"o-media__img\"><img loading=\"lazy\" decoding=\"async\" width=\"425\" height=\"265\" src=\"https:\/\/www.egon.com\/wp-content\/uploads\/2017\/07\/install-software-425x265.jpg\" class=\"attachment-wps_child_medium_inter size-wps_child_medium_inter\" alt=\"\" \/><\/div>\n<div class=\"o-media__body\">\n<h3 class=\"u-text-bolder\">SICHERHEIT UND PERFORMANCE<\/h3>\n<p>Egon wird \u00fcber eine spezifische lokale Installation auf dem Server des Kunden vertrieben und aktiviert und \u00fcber das Intranet des Unternehmens durch den st\u00e4ndigen Dialog zwischen Unternehmenssoftware-Prozessen und der Engine betrieben.<\/p>\n<p><span>Egon Vor Ort<\/span>: die ganze Sicherheit einer traditionellen lokalen Installation&#8230;<\/div>\n<\/div>\n<\/div>\n[\/vc_column][\/vc_row][vc_row row_v_align=&#8220;grid&#8211;middle&#8220; holder_set_margin=&#8220;true&#8220; holder_img=&#8220;293&#8243; holder_img_behave=&#8220;u-background-cover&#8220; holder_img_pos=&#8220;u-background-pos-bottom-right&#8220; holder_bg_fx=&#8220;u-background-color-one&#8220; holder_margin=&#8220;u-margin-bottom-large&#8220;][vc_column width=&#8220;3\/4&#8243; set_padding_inner=&#8220;true&#8220; padding_inner=&#8220;u-padding&#8220;]<div class=\"c-heading\"><h3 class=\" u-text-color-invert u-text-bolder u-margin-bottom-none u-padding-vertical\">KONTAKTIEREN SIE UNS JETZT UND FINDEN SIE HERAUS, WIE SIE EGON IN IHRER FIRMA IMPLEMENTIEREN K\u00d6NNEN<\/h3><\/div>[\/vc_column][vc_column width=&#8220;1\/4&#8243;]<div class=\"c-button-holder c-button-holder--center\"><a class=\"c-button c-button--center c-button--white  c-button--ghost\" href=\"https:\/\/www.egon.com\/de\/unternehmen\/kontakt\">KONTAKT AUFNEHMEN<\/a><\/div>[\/vc_column][\/vc_row][vc_row][vc_column][vc_column_text]Offensichtlich bedeutet diese Art der Nutzung h\u00f6here Implementierungskosten aufgrund der spezifischen Art der lokalen Installation auf dem Firmenserver. Dennoch ist dieser Service, trotz der zun\u00e4chst h\u00f6heren Investitionskosten, bei technisch versierteren Benutzern, die f\u00fcr einen effizienten Betriebsablauf die volle Kontrolle \u00fcber die gesamte technische Infrastruktur ben\u00f6tigen, \u00e4u\u00dferst beliebt.[\/vc_column_text]<div class=\" c-divider c-divider--dashed\"\/><\/div><div class=\"c-heading\"><h3>VERWENDUNG VON EGON IN UNTERNEHMENS-SOFTWARETOOLS<\/h3><\/div>[vc_column_text]Momentan kann Egon auf folgende Weise genutzt werden:<\/p>\n<ul>\n<li><span><a title=\"Egon batch\" href=\"https:\/\/www.egon.com\/de\/einsatzmoeglichkeiten\/batch.html\">Batch<\/a><\/span>: Egon \u00fcbernimmt eine komplette Datenbank, bereinigt sie und \u00fcbergibt Ihnen am Ende eine validierte Datenbank.<\/li>\n<li><a href=\"https:\/\/www.egon.com\/de\/einsatzmoeglichkeiten\/integration.html\"><span>Integration in Unternehmens-Anwendungssoftware\u00a0<\/span>(Online \u2013 Batch)<\/a>: durch den Webservice ist Egon in die Unternehmens-Anwendungssoftware integriert, die sie in Echtzeit nutzt (Egon funktioniert online \u00fcber das Intranet des Unternehmens, direkt w\u00e4hrend die Anwendung l\u00e4uft, um die Dateneingabe zu verbessern) oder im automatischen Batch-Modus in Prozessen.<\/li>\n<li><a href=\"https:\/\/www.egon.com\/de\/einsatzmoeglichkeiten\/integration\"><span>Integration in Standard-Unternehmensanwendungen als Plugin<\/span><\/a>: In diesem Fall wird Egon in existierende lokale Systeme wie Oracle, Google, Windows, SAP etc. integriert.<\/li>\n<li><a href=\"https:\/\/www.egon.com\/de\/einsatzmoeglichkeiten\/online\"><span>Online<\/span><\/a>: Ein Online-Interface, \u00fcber das einzelne Funktionen, wie die Validierung einzelner Adressen, in Echtzeit verwendet werden k\u00f6nnen.<\/li>\n<li><a href=\"https:\/\/www.egon.com\/de\/einsatzmoeglichkeiten\/automatische-vervollstaendigung\"><span>Autocomplete<\/span><\/a>: Unterst\u00fctzung der Dateneingabe durch Vorschlagen m\u00f6glicher Werte in Echtzeit beim Eintippen der Daten und beim Input in Eingabe-Formulare.<\/li>\n<\/ul>\n[\/vc_column_text][\/vc_column][\/vc_row]\n","protected":false},"excerpt":{"rendered":"<p>[vc_row holder_set_margin=&#8220;true&#8220; holder_margin=&#8220;u-margin-bottom&#8220;][vc_column][\/vc_column][\/vc_row][vc_row row_v_align=&#8220;grid&#8211;middle&#8220; holder_set_margin=&#8220;true&#8220; holder_img=&#8220;293&#8243; holder_img_behave=&#8220;u-background-cover&#8220; holder_img_pos=&#8220;u-background-pos-bottom-right&#8220; holder_bg_fx=&#8220;u-background-color-one&#8220; holder_margin=&#8220;u-margin-bottom-large&#8220;][vc_column width=&#8220;3\/4&#8243; set_padding_inner=&#8220;true&#8220; padding_inner=&#8220;u-padding&#8220;][\/vc_column][vc_column width=&#8220;1\/4&#8243;][\/vc_column][\/vc_row][vc_row][vc_column][vc_column_text]Offensichtlich bedeutet diese Art der Nutzung h\u00f6here Implementierungskosten aufgrund [&hellip;]<\/p>\n","protected":false},"author":1,"featured_media":0,"parent":0,"menu_order":0,"comment_status":"closed","ping_status":"closed","template":"templates\/template-nosidebar.php","meta":{"footnotes":""},"class_list":["post-8348","page","type-page","status-publish","hentry"],"yoast_head":"<!-- This site is optimized with the Yoast SEO plugin v26.8 - https:\/\/yoast.com\/product\/yoast-seo-wordpress\/ -->\n<title>Egon On Site: Datenqualit\u00e4t bei Ihnen im Unternehmen<\/title>\n<meta name=\"description\" content=\"Egon On Site: Installation der Software Suite Egon direkt im Datencenter des Kunden und schnelle und direkte Nutzung \u00fcber das firmeninterne Intranet.\" \/>\n<meta name=\"robots\" content=\"index, follow, max-snippet:-1, max-image-preview:large, max-video-preview:-1\" \/>\n<link rel=\"canonical\" href=\"https:\/\/www.egon.com\/de\/egon-on-site-on-premises-de\" \/>\n<meta property=\"og:locale\" content=\"de_DE\" \/>\n<meta property=\"og:type\" content=\"article\" \/>\n<meta property=\"og:title\" content=\"Egon On Site: Datenqualit\u00e4t bei Ihnen im Unternehmen\" \/>\n<meta property=\"og:description\" content=\"Egon On Site: Installation der Software Suite Egon direkt im Datencenter des Kunden und schnelle und direkte Nutzung \u00fcber das firmeninterne Intranet.\" \/>\n<meta property=\"og:url\" content=\"https:\/\/www.egon.com\/de\/egon-on-site-on-premises-de\" \/>\n<meta property=\"og:site_name\" content=\"Egon\" \/>\n<meta property=\"article:modified_time\" content=\"2017-10-18T14:57:16+00:00\" \/>\n<meta name=\"twitter:card\" content=\"summary_large_image\" \/>\n<meta name=\"twitter:label1\" content=\"Gesch\u00e4tzte Lesezeit\" \/>\n\t<meta name=\"twitter:data1\" content=\"2\u00a0Minuten\" \/>\n<script type=\"application\/ld+json\" class=\"yoast-schema-graph\">{\"@context\":\"https:\/\/schema.org\",\"@graph\":[{\"@type\":\"WebPage\",\"@id\":\"https:\/\/www.egon.com\/de\/egon-on-site-on-premises-de\",\"url\":\"https:\/\/www.egon.com\/de\/egon-on-site-on-premises-de\",\"name\":\"Egon On Site: Datenqualit\u00e4t bei Ihnen im Unternehmen\",\"isPartOf\":{\"@id\":\"https:\/\/www.egon.com\/zh\/#website\"},\"datePublished\":\"2017-09-19T14:45:10+00:00\",\"dateModified\":\"2017-10-18T14:57:16+00:00\",\"description\":\"Egon On Site: Installation der Software Suite Egon direkt im Datencenter des Kunden und schnelle und direkte Nutzung \u00fcber das firmeninterne Intranet.\",\"breadcrumb\":{\"@id\":\"https:\/\/www.egon.com\/de\/egon-on-site-on-premises-de#breadcrumb\"},\"inLanguage\":\"de\",\"potentialAction\":[{\"@type\":\"ReadAction\",\"target\":[\"https:\/\/www.egon.com\/de\/egon-on-site-on-premises-de\"]}]},{\"@type\":\"BreadcrumbList\",\"@id\":\"https:\/\/www.egon.com\/de\/egon-on-site-on-premises-de#breadcrumb\",\"itemListElement\":[{\"@type\":\"ListItem\",\"position\":1,\"name\":\"Home\",\"item\":\"https:\/\/www.egon.com\/de\"},{\"@type\":\"ListItem\",\"position\":2,\"name\":\"EGON ON SITE (VON ORT)\"}]},{\"@type\":\"WebSite\",\"@id\":\"https:\/\/www.egon.com\/zh\/#website\",\"url\":\"https:\/\/www.egon.com\/zh\/\",\"name\":\"Egon\",\"description\":\"Normalizzazione indirizzi - Address validation - Egon.com\",\"potentialAction\":[{\"@type\":\"SearchAction\",\"target\":{\"@type\":\"EntryPoint\",\"urlTemplate\":\"https:\/\/www.egon.com\/zh\/?s={search_term_string}\"},\"query-input\":{\"@type\":\"PropertyValueSpecification\",\"valueRequired\":true,\"valueName\":\"search_term_string\"}}],\"inLanguage\":\"de\"}]}<\/script>\n<!-- \/ Yoast SEO plugin. -->","yoast_head_json":{"title":"Egon On Site: Datenqualit\u00e4t bei Ihnen im Unternehmen","description":"Egon On Site: Installation der Software Suite Egon direkt im Datencenter des Kunden und schnelle und direkte Nutzung \u00fcber das firmeninterne Intranet.","robots":{"index":"index","follow":"follow","max-snippet":"max-snippet:-1","max-image-preview":"max-image-preview:large","max-video-preview":"max-video-preview:-1"},"canonical":"https:\/\/www.egon.com\/de\/egon-on-site-on-premises-de","og_locale":"de_DE","og_type":"article","og_title":"Egon On Site: Datenqualit\u00e4t bei Ihnen im Unternehmen","og_description":"Egon On Site: Installation der Software Suite Egon direkt im Datencenter des Kunden und schnelle und direkte Nutzung \u00fcber das firmeninterne Intranet.","og_url":"https:\/\/www.egon.com\/de\/egon-on-site-on-premises-de","og_site_name":"Egon","article_modified_time":"2017-10-18T14:57:16+00:00","twitter_card":"summary_large_image","twitter_misc":{"Gesch\u00e4tzte Lesezeit":"2\u00a0Minuten"},"schema":{"@context":"https:\/\/schema.org","@graph":[{"@type":"WebPage","@id":"https:\/\/www.egon.com\/de\/egon-on-site-on-premises-de","url":"https:\/\/www.egon.com\/de\/egon-on-site-on-premises-de","name":"Egon On Site: Datenqualit\u00e4t bei Ihnen im Unternehmen","isPartOf":{"@id":"https:\/\/www.egon.com\/zh\/#website"},"datePublished":"2017-09-19T14:45:10+00:00","dateModified":"2017-10-18T14:57:16+00:00","description":"Egon On Site: Installation der Software Suite Egon direkt im Datencenter des Kunden und schnelle und direkte Nutzung \u00fcber das firmeninterne Intranet.","breadcrumb":{"@id":"https:\/\/www.egon.com\/de\/egon-on-site-on-premises-de#breadcrumb"},"inLanguage":"de","potentialAction":[{"@type":"ReadAction","target":["https:\/\/www.egon.com\/de\/egon-on-site-on-premises-de"]}]},{"@type":"BreadcrumbList","@id":"https:\/\/www.egon.com\/de\/egon-on-site-on-premises-de#breadcrumb","itemListElement":[{"@type":"ListItem","position":1,"name":"Home","item":"https:\/\/www.egon.com\/de"},{"@type":"ListItem","position":2,"name":"EGON ON SITE (VON ORT)"}]},{"@type":"WebSite","@id":"https:\/\/www.egon.com\/zh\/#website","url":"https:\/\/www.egon.com\/zh\/","name":"Egon","description":"Normalizzazione indirizzi - Address validation - Egon.com","potentialAction":[{"@type":"SearchAction","target":{"@type":"EntryPoint","urlTemplate":"https:\/\/www.egon.com\/zh\/?s={search_term_string}"},"query-input":{"@type":"PropertyValueSpecification","valueRequired":true,"valueName":"search_term_string"}}],"inLanguage":"de"}]}},"_links":{"self":[{"href":"https:\/\/www.egon.com\/de\/wp-json\/wp\/v2\/pages\/8348","targetHints":{"allow":["GET"]}}],"collection":[{"href":"https:\/\/www.egon.com\/de\/wp-json\/wp\/v2\/pages"}],"about":[{"href":"https:\/\/www.egon.com\/de\/wp-json\/wp\/v2\/types\/page"}],"author":[{"embeddable":true,"href":"https:\/\/www.egon.com\/de\/wp-json\/wp\/v2\/users\/1"}],"replies":[{"embeddable":true,"href":"https:\/\/www.egon.com\/de\/wp-json\/wp\/v2\/comments?post=8348"}],"version-history":[{"count":0,"href":"https:\/\/www.egon.com\/de\/wp-json\/wp\/v2\/pages\/8348\/revisions"}],"wp:attachment":[{"href":"https:\/\/www.egon.com\/de\/wp-json\/wp\/v2\/media?parent=8348"}],"curies":[{"name":"wp","href":"https:\/\/api.w.org\/{rel}","templated":true}]}}