{"id":8294,"date":"2017-09-19T14:29:32","date_gmt":"2017-09-19T14:29:32","guid":{"rendered":"https:\/\/egon.com\/?page_id=8294"},"modified":"2019-04-19T12:02:26","modified_gmt":"2019-04-19T12:02:26","slug":"staff","status":"publish","type":"page","link":"https:\/\/www.egon.com\/de\/unternehmen\/staff","title":{"rendered":"Team"},"content":{"rendered":"[vc_row][vc_column][vc_column_text]Unsere Mitarbeiter verf\u00fcgen \u00fcber eine konsolidierte Erfahrung und fundiertes Wissen, das sie im Laufe der Arbeitsjahre ausgebaut haben. Dank ihrer wertvollen Zusammenarbeit haben wir immer schnelle und professionelle Antworten auf die wachsenden Marktanforderungen geben und von Anfang an au\u00dferordentliche Ergebnisse erlangen k\u00f6nnen.[\/vc_column_text]<div class=\"c-mediabox u-margin-bottom\">\n<div class=\" o-media o-media--responsive\">\n<div class=\"o-media__img\"><img loading=\"lazy\" decoding=\"async\" width=\"336\" height=\"420\" src=\"https:\/\/www.egon.com\/wp-content\/uploads\/2017\/07\/company-staff-e1501220020532-336x420.jpg\" class=\"attachment-wps_prime_medium size-wps_prime_medium\" alt=\"\" \/><\/div>\n<div class=\"o-media__body\">\n<h3>AUFMERKSAMKEIT F\u00dcR DIE PERSON ALS ERFOLGSSTRATEGIE<\/h3>\n<p>Unser Team hebt sich vor allem durch seine Strukturierung hervor. Das Team wurde in Einklang mit den Unternehmensstrategien geschaffen und gemanagt, wobei eine besondere Aufmerksamkeit den Personen, ihren Interessen und ihren Gewohnheiten zukommt, um die Begeisterung zu erhalten, mit der sie die Arbeit jeden Tag angehen.<\/p>\n<p>Wir sind \u00fcberzeugt, dass der Erfolg eng mit der Geltung und dem Wohlbefinden unseres Personals verbunden ist und wir zielen darauf ab, einen stimulierenden Arbeitsplatz zu bieten, an dem jeder im Stande ist, den eigenen Ambitionen und dem eigenen Talent nachzugehen.\n<\/div>\n<\/div>\n<\/div>\n<div class=\" c-divider c-divider--dashed\"\/><\/div><div class=\"c-heading\"><h3 class=\" u-text-bolder\">DAS PROJEKT UMFASST DIE ANFORDERUNGEN DES KUNDEN<\/h3><\/div>[vc_column_text]Jeden Tag setzt sich unser Team in verschiedenen Projekten ein und arbeitet aktiv an unserem Sitz und auch extern, in unseren au\u00dferhalb liegenden B\u00fcros und auch an den Sitzen unserer Kunden. Wir haben eine flexible und kooperative Organisation, die f\u00fcr jedes Projekt neu formuliert wird, um vollkommen die speziellen Anforderungen eines jeden Kunden zufriedenzustellen.[\/vc_column_text][\/vc_column][\/vc_row][vc_row holder_set_margin=&#8220;true&#8220; holder_margin=&#8220;u-margin-bottom-large&#8220;][vc_column]<div class=\"templatera_shortcode\"><div class=\"o-holder u-background-ca-one u-padding-vertical-large\"><div class=\" o-wrapper\"><div class=\"grid-1\"><div class=\"col _lap-and-up-12\" ><div class=\"c-heading\"><h3 class=\" u-text-color-invert u-text-center\">ENTDECKEN SIE, WIE UNSERE DATENVERWALTUNGSSOFTWARE IHNEN HELFEN KANN, DAMIT SICH IHR UNTERNEHMEN WEITERENTWICKELN KANN!<\/h3><\/div><div class=\"c-button-holder c-button-holder--center\"><a class=\"c-button u-text-bold c-button--center c-button--white  c-button--ghost\" href=\"https:\/\/www.egon.com\/company\/contact-us\">KONTAKTIEREN SIE UNS<\/a><\/div><\/div>\n<\/div><\/div><\/div>\r\n<\/div>[\/vc_column][\/vc_row]\n","protected":false},"excerpt":{"rendered":"ENTDECKEN SIE, WIE UNSERE DATENVERWALTUNGSSOFTWARE IHNEN HELFEN KANN, DAMIT SICH IHR UNTERNEHMEN WEITERENTWICKELN KANN!KONTAKTIEREN SIE UNS","protected":false},"author":1,"featured_media":0,"parent":8268,"menu_order":0,"comment_status":"closed","ping_status":"closed","template":"templates\/template-nosidebar.php","meta":{"footnotes":""},"class_list":["post-8294","page","type-page","status-publish","hentry"],"yoast_head":"<!-- This site is optimized with the Yoast SEO plugin v26.8 - https:\/\/yoast.com\/product\/yoast-seo-wordpress\/ -->\n<title>Team - Egon<\/title>\n<meta name=\"robots\" content=\"index, follow, max-snippet:-1, max-image-preview:large, max-video-preview:-1\" \/>\n<link rel=\"canonical\" href=\"https:\/\/www.egon.com\/de\/unternehmen\/staff\" \/>\n<meta property=\"og:locale\" content=\"de_DE\" \/>\n<meta property=\"og:type\" content=\"article\" \/>\n<meta property=\"og:title\" content=\"Team - Egon\" \/>\n<meta property=\"og:url\" content=\"https:\/\/www.egon.com\/de\/unternehmen\/staff\" \/>\n<meta property=\"og:site_name\" content=\"Egon\" \/>\n<meta property=\"article:modified_time\" content=\"2019-04-19T12:02:26+00:00\" \/>\n<meta name=\"twitter:card\" content=\"summary_large_image\" \/>\n<meta name=\"twitter:label1\" content=\"Gesch\u00e4tzte Lesezeit\" \/>\n\t<meta name=\"twitter:data1\" content=\"1\u00a0Minute\" \/>\n<script type=\"application\/ld+json\" class=\"yoast-schema-graph\">{\"@context\":\"https:\/\/schema.org\",\"@graph\":[{\"@type\":\"WebPage\",\"@id\":\"https:\/\/www.egon.com\/de\/unternehmen\/staff\",\"url\":\"https:\/\/www.egon.com\/de\/unternehmen\/staff\",\"name\":\"Team - Egon\",\"isPartOf\":{\"@id\":\"https:\/\/www.egon.com\/zh\/#website\"},\"datePublished\":\"2017-09-19T14:29:32+00:00\",\"dateModified\":\"2019-04-19T12:02:26+00:00\",\"breadcrumb\":{\"@id\":\"https:\/\/www.egon.com\/de\/unternehmen\/staff#breadcrumb\"},\"inLanguage\":\"de\",\"potentialAction\":[{\"@type\":\"ReadAction\",\"target\":[\"https:\/\/www.egon.com\/de\/unternehmen\/staff\"]}]},{\"@type\":\"BreadcrumbList\",\"@id\":\"https:\/\/www.egon.com\/de\/unternehmen\/staff#breadcrumb\",\"itemListElement\":[{\"@type\":\"ListItem\",\"position\":1,\"name\":\"Home\",\"item\":\"https:\/\/www.egon.com\/de\"},{\"@type\":\"ListItem\",\"position\":2,\"name\":\"Company\",\"item\":\"https:\/\/www.egon.com\/de\/unternehmen\"},{\"@type\":\"ListItem\",\"position\":3,\"name\":\"Team\"}]},{\"@type\":\"WebSite\",\"@id\":\"https:\/\/www.egon.com\/zh\/#website\",\"url\":\"https:\/\/www.egon.com\/zh\/\",\"name\":\"Egon\",\"description\":\"Normalizzazione indirizzi - Address validation - Egon.com\",\"potentialAction\":[{\"@type\":\"SearchAction\",\"target\":{\"@type\":\"EntryPoint\",\"urlTemplate\":\"https:\/\/www.egon.com\/zh\/?s={search_term_string}\"},\"query-input\":{\"@type\":\"PropertyValueSpecification\",\"valueRequired\":true,\"valueName\":\"search_term_string\"}}],\"inLanguage\":\"de\"}]}<\/script>\n<!-- \/ Yoast SEO plugin. -->","yoast_head_json":{"title":"Team - Egon","robots":{"index":"index","follow":"follow","max-snippet":"max-snippet:-1","max-image-preview":"max-image-preview:large","max-video-preview":"max-video-preview:-1"},"canonical":"https:\/\/www.egon.com\/de\/unternehmen\/staff","og_locale":"de_DE","og_type":"article","og_title":"Team - Egon","og_url":"https:\/\/www.egon.com\/de\/unternehmen\/staff","og_site_name":"Egon","article_modified_time":"2019-04-19T12:02:26+00:00","twitter_card":"summary_large_image","twitter_misc":{"Gesch\u00e4tzte Lesezeit":"1\u00a0Minute"},"schema":{"@context":"https:\/\/schema.org","@graph":[{"@type":"WebPage","@id":"https:\/\/www.egon.com\/de\/unternehmen\/staff","url":"https:\/\/www.egon.com\/de\/unternehmen\/staff","name":"Team - Egon","isPartOf":{"@id":"https:\/\/www.egon.com\/zh\/#website"},"datePublished":"2017-09-19T14:29:32+00:00","dateModified":"2019-04-19T12:02:26+00:00","breadcrumb":{"@id":"https:\/\/www.egon.com\/de\/unternehmen\/staff#breadcrumb"},"inLanguage":"de","potentialAction":[{"@type":"ReadAction","target":["https:\/\/www.egon.com\/de\/unternehmen\/staff"]}]},{"@type":"BreadcrumbList","@id":"https:\/\/www.egon.com\/de\/unternehmen\/staff#breadcrumb","itemListElement":[{"@type":"ListItem","position":1,"name":"Home","item":"https:\/\/www.egon.com\/de"},{"@type":"ListItem","position":2,"name":"Company","item":"https:\/\/www.egon.com\/de\/unternehmen"},{"@type":"ListItem","position":3,"name":"Team"}]},{"@type":"WebSite","@id":"https:\/\/www.egon.com\/zh\/#website","url":"https:\/\/www.egon.com\/zh\/","name":"Egon","description":"Normalizzazione indirizzi - Address validation - Egon.com","potentialAction":[{"@type":"SearchAction","target":{"@type":"EntryPoint","urlTemplate":"https:\/\/www.egon.com\/zh\/?s={search_term_string}"},"query-input":{"@type":"PropertyValueSpecification","valueRequired":true,"valueName":"search_term_string"}}],"inLanguage":"de"}]}},"_links":{"self":[{"href":"https:\/\/www.egon.com\/de\/wp-json\/wp\/v2\/pages\/8294","targetHints":{"allow":["GET"]}}],"collection":[{"href":"https:\/\/www.egon.com\/de\/wp-json\/wp\/v2\/pages"}],"about":[{"href":"https:\/\/www.egon.com\/de\/wp-json\/wp\/v2\/types\/page"}],"author":[{"embeddable":true,"href":"https:\/\/www.egon.com\/de\/wp-json\/wp\/v2\/users\/1"}],"replies":[{"embeddable":true,"href":"https:\/\/www.egon.com\/de\/wp-json\/wp\/v2\/comments?post=8294"}],"version-history":[{"count":0,"href":"https:\/\/www.egon.com\/de\/wp-json\/wp\/v2\/pages\/8294\/revisions"}],"up":[{"embeddable":true,"href":"https:\/\/www.egon.com\/de\/wp-json\/wp\/v2\/pages\/8268"}],"wp:attachment":[{"href":"https:\/\/www.egon.com\/de\/wp-json\/wp\/v2\/media?parent=8294"}],"curies":[{"name":"wp","href":"https:\/\/api.w.org\/{rel}","templated":true}]}}