{"id":8253,"date":"2017-09-19T14:13:09","date_gmt":"2017-09-19T14:13:09","guid":{"rendered":"https:\/\/egon.com\/?page_id=8253"},"modified":"2021-02-18T15:47:49","modified_gmt":"2021-02-18T15:47:49","slug":"automatische-vervollstaendigung","status":"publish","type":"page","link":"https:\/\/www.egon.com\/de\/einsatzmoeglichkeiten\/automatische-vervollstaendigung","title":{"rendered":"Automatische vervollst\u00e4ndigung. Erg\u00e4nzen Sie jetzt Ihre Adresse mit den fehlenden Daten"},"content":{"rendered":"[vc_row row_h_align=&#8220;grid&#8211;center&#8220; wrapper=&#8220;true&#8220; holder_class=&#8220;u-section-hero-methodology u-overlapped-hero-padding&#8220; holder_set_margin=&#8220;true&#8220; holder_margin=&#8220;u-margin-bottom-large&#8220;][vc_column row_width=&#8220;_desktop-9&#8243;]<div class=\"c-heading\"><h1 class=\" u-h1 u-text-bolder u-margin-bottom u-text-center\">Automatische vervollst\u00e4ndigung<\/h1><\/div>[vc_column_text txt_align=&#8220;u-text-center&#8220; set_margin=&#8220;true&#8220; margin=&#8220;u-margin-bottom-large&#8220;]Die Funktion der automatischen Vervollst\u00e4ndigung kann bei jeder Form der Online-Dateneingabe genutzt werden und erlaubt die Anzeige von Empfehlungen bei der Eingabe der Daten durch den Benutzer.[\/vc_column_text][\/vc_column][\/vc_row][vc_row wrapper=&#8220;true&#8220;][vc_column width=&#8220;1\/3&#8243;]<div class=\"c-image\"><img loading=\"lazy\" decoding=\"async\" width=\"768\" height=\"611\" src=\"https:\/\/www.egon.com\/wp-content\/uploads\/2017\/09\/automatischen-vervollstandigung-768x611.jpg\" class=\" u-margin-right-large u-margin-bottom aligncenter\" alt=\"automatischen Vervollst\u00e4ndigung\" srcset=\"https:\/\/www.egon.com\/wp-content\/uploads\/2017\/09\/automatischen-vervollstandigung.jpg 768w, https:\/\/www.egon.com\/wp-content\/uploads\/2017\/09\/automatischen-vervollstandigung-377x300.jpg 377w\" sizes=\"auto, (max-width: 768px) 100vw, 768px\" \/><\/div>[\/vc_column][vc_column width=&#8220;2\/3&#8243;][vc_column_text]\n<div id=\"content\" class=\"entry-content grid-block\">\n<p>Mit einem komplexen Filtersystem gibt das Autocomplete-Feature dem Benutzer die M\u00f6glichkeit, das gew\u00fcnschte Element schnell unter den m\u00f6glichen Kandidaten in einer vorausgef\u00fcllten Liste zu ermitteln und auszuw\u00e4hlen.<\/p>\n<p>Technisch bedeutet das, dass bei Eingabe vom dritten Byte (z.B. bei Eingabe von \u201cmil\u201d in das Feld \u201cOrt\u201d) eine Anfrage an das System gestartet wird, die einer Suche nach den entsprechenden Daten entspricht und als Ergebnis eine Liste mit Vorschl\u00e4gen anzeigt, von denen einer ausgew\u00e4hlt werden kann. Bei Eingabe weiterer Schriftzeichen verfeinert sich die Suche automatisch weiter, sodass der Benutzer die Liste filtern kann und die Suche durch Eingrenzung der m\u00f6glichen Kandidaten optimieren kann.<\/p>\n<p>Dieses Feature wird vom Engine Egon durch eine konstante Kommunikation mit dem System und eine Analyse garantiert, die an einem vorgegebenen Datenbestand durchgef\u00fchrt wird, ausgehend vom entsprechenden Thesaurus, das Hunderttausende von Daten f\u00fcr jedes m\u00f6gliche Feld (Ort, PLZ, Provinz, usw.) enth\u00e4lt.<\/p>\n<p>Aus Sicht des Benutzers handelt es sich um eine wichtige Unterst\u00fctzung bei der Eingabe f\u00fcr alle Anforderungen im Zusammenhang mit der Dateneingabe. Das bedeutet, dass das Modul f\u00fcr viele Unternehmen unverzichtbar sein kann, um den Zeitaufwand f\u00fcr die Dateneingabe durch das Personal auf der einen Seite und m\u00f6gliche \u201cmenschliche\u201d Fehler\u201d bei der Dateneingabe auf der anderen Seite drastisch zu reduzieren, da die gesamte Dateneingabe durch passende Vorschl\u00e4ge m\u00f6glicher \u201ckorrekter\u201d Kandidaten unterst\u00fctzt wird.<\/p>\n<\/div>\n<footer class=\"entry-footer\"><\/footer>\n[\/vc_column_text][\/vc_column][\/vc_row][vc_row][vc_column]<div class=\"templatera_shortcode\"><div class=\"o-holder u-background-ca-one u-padding-vertical-large\"><div class=\" o-wrapper\"><div class=\"grid-1\"><div class=\"col _lap-and-up-12\" ><div class=\"c-heading\"><h3 class=\" u-text-color-invert u-text-center\">ENTDECKEN SIE, WIE UNSERE DATENVERWALTUNGSSOFTWARE IHNEN HELFEN KANN, DAMIT SICH IHR UNTERNEHMEN WEITERENTWICKELN KANN!<\/h3><\/div><div class=\"c-button-holder c-button-holder--center\"><a class=\"c-button u-text-bold c-button--center c-button--white  c-button--ghost\" href=\"https:\/\/www.egon.com\/company\/contact-us\">KONTAKTIEREN SIE UNS<\/a><\/div><\/div>\n<\/div><\/div><\/div>\r\n<\/div>[\/vc_column][\/vc_row]\n","protected":false},"excerpt":{"rendered":"ENTDECKEN SIE, WIE UNSERE DATENVERWALTUNGSSOFTWARE IHNEN HELFEN KANN, DAMIT SICH IHR UNTERNEHMEN WEITERENTWICKELN KANN!KONTAKTIEREN SIE UNS","protected":false},"author":1,"featured_media":0,"parent":8190,"menu_order":0,"comment_status":"closed","ping_status":"closed","template":"templates\/template-fullwidth.php","meta":{"footnotes":""},"class_list":["post-8253","page","type-page","status-publish","hentry"],"yoast_head":"<!-- This site is optimized with the Yoast SEO plugin v26.8 - https:\/\/yoast.com\/product\/yoast-seo-wordpress\/ -->\n<title>Automatische vervollst\u00e4ndigung - EGON.COM<\/title>\n<meta name=\"description\" content=\"Die automatische Vervollst\u00e4ndigung erlaubt die schnelle Ermittlung und Auswahl des gew\u00fcnschten Elements unter den m\u00f6glichen Kandidaten f\u00fcr die Adressen und Orte aus einer vorausgef\u00fcllten Liste (Autocomplete).\" \/>\n<meta name=\"robots\" content=\"index, follow, max-snippet:-1, max-image-preview:large, max-video-preview:-1\" \/>\n<link rel=\"canonical\" href=\"https:\/\/www.egon.com\/de\/einsatzmoeglichkeiten\/automatische-vervollstaendigung\" \/>\n<meta property=\"og:locale\" content=\"de_DE\" \/>\n<meta property=\"og:type\" content=\"article\" \/>\n<meta property=\"og:title\" content=\"Automatische vervollst\u00e4ndigung - EGON.COM\" \/>\n<meta property=\"og:description\" content=\"Die automatische Vervollst\u00e4ndigung erlaubt die schnelle Ermittlung und Auswahl des gew\u00fcnschten Elements unter den m\u00f6glichen Kandidaten f\u00fcr die Adressen und Orte aus einer vorausgef\u00fcllten Liste (Autocomplete).\" \/>\n<meta property=\"og:url\" content=\"https:\/\/www.egon.com\/de\/einsatzmoeglichkeiten\/automatische-vervollstaendigung\" \/>\n<meta property=\"og:site_name\" content=\"Egon\" \/>\n<meta property=\"article:modified_time\" content=\"2021-02-18T15:47:49+00:00\" \/>\n<meta name=\"twitter:card\" content=\"summary_large_image\" \/>\n<meta name=\"twitter:label1\" content=\"Gesch\u00e4tzte Lesezeit\" \/>\n\t<meta name=\"twitter:data1\" content=\"2\u00a0Minuten\" \/>\n<script type=\"application\/ld+json\" class=\"yoast-schema-graph\">{\"@context\":\"https:\/\/schema.org\",\"@graph\":[{\"@type\":\"WebPage\",\"@id\":\"https:\/\/www.egon.com\/de\/einsatzmoeglichkeiten\/automatische-vervollstaendigung\",\"url\":\"https:\/\/www.egon.com\/de\/einsatzmoeglichkeiten\/automatische-vervollstaendigung\",\"name\":\"Automatische vervollst\u00e4ndigung - EGON.COM\",\"isPartOf\":{\"@id\":\"https:\/\/www.egon.com\/zh\/#website\"},\"datePublished\":\"2017-09-19T14:13:09+00:00\",\"dateModified\":\"2021-02-18T15:47:49+00:00\",\"description\":\"Die automatische Vervollst\u00e4ndigung erlaubt die schnelle Ermittlung und Auswahl des gew\u00fcnschten Elements unter den m\u00f6glichen Kandidaten f\u00fcr die Adressen und Orte aus einer vorausgef\u00fcllten Liste (Autocomplete).\",\"breadcrumb\":{\"@id\":\"https:\/\/www.egon.com\/de\/einsatzmoeglichkeiten\/automatische-vervollstaendigung#breadcrumb\"},\"inLanguage\":\"de\",\"potentialAction\":[{\"@type\":\"ReadAction\",\"target\":[\"https:\/\/www.egon.com\/de\/einsatzmoeglichkeiten\/automatische-vervollstaendigung\"]}]},{\"@type\":\"BreadcrumbList\",\"@id\":\"https:\/\/www.egon.com\/de\/einsatzmoeglichkeiten\/automatische-vervollstaendigung#breadcrumb\",\"itemListElement\":[{\"@type\":\"ListItem\",\"position\":1,\"name\":\"Home\",\"item\":\"https:\/\/www.egon.com\/de\"},{\"@type\":\"ListItem\",\"position\":2,\"name\":\"EINSATZM\u00d6GLICHKEITEN\",\"item\":\"https:\/\/www.egon.com\/de\/einsatzmoeglichkeiten\"},{\"@type\":\"ListItem\",\"position\":3,\"name\":\"Automatische vervollst\u00e4ndigung. Erg\u00e4nzen Sie jetzt Ihre Adresse mit den fehlenden Daten\"}]},{\"@type\":\"WebSite\",\"@id\":\"https:\/\/www.egon.com\/zh\/#website\",\"url\":\"https:\/\/www.egon.com\/zh\/\",\"name\":\"Egon\",\"description\":\"Normalizzazione indirizzi - Address validation - Egon.com\",\"potentialAction\":[{\"@type\":\"SearchAction\",\"target\":{\"@type\":\"EntryPoint\",\"urlTemplate\":\"https:\/\/www.egon.com\/zh\/?s={search_term_string}\"},\"query-input\":{\"@type\":\"PropertyValueSpecification\",\"valueRequired\":true,\"valueName\":\"search_term_string\"}}],\"inLanguage\":\"de\"}]}<\/script>\n<!-- \/ Yoast SEO plugin. -->","yoast_head_json":{"title":"Automatische vervollst\u00e4ndigung - EGON.COM","description":"Die automatische Vervollst\u00e4ndigung erlaubt die schnelle Ermittlung und Auswahl des gew\u00fcnschten Elements unter den m\u00f6glichen Kandidaten f\u00fcr die Adressen und Orte aus einer vorausgef\u00fcllten Liste (Autocomplete).","robots":{"index":"index","follow":"follow","max-snippet":"max-snippet:-1","max-image-preview":"max-image-preview:large","max-video-preview":"max-video-preview:-1"},"canonical":"https:\/\/www.egon.com\/de\/einsatzmoeglichkeiten\/automatische-vervollstaendigung","og_locale":"de_DE","og_type":"article","og_title":"Automatische vervollst\u00e4ndigung - EGON.COM","og_description":"Die automatische Vervollst\u00e4ndigung erlaubt die schnelle Ermittlung und Auswahl des gew\u00fcnschten Elements unter den m\u00f6glichen Kandidaten f\u00fcr die Adressen und Orte aus einer vorausgef\u00fcllten Liste (Autocomplete).","og_url":"https:\/\/www.egon.com\/de\/einsatzmoeglichkeiten\/automatische-vervollstaendigung","og_site_name":"Egon","article_modified_time":"2021-02-18T15:47:49+00:00","twitter_card":"summary_large_image","twitter_misc":{"Gesch\u00e4tzte Lesezeit":"2\u00a0Minuten"},"schema":{"@context":"https:\/\/schema.org","@graph":[{"@type":"WebPage","@id":"https:\/\/www.egon.com\/de\/einsatzmoeglichkeiten\/automatische-vervollstaendigung","url":"https:\/\/www.egon.com\/de\/einsatzmoeglichkeiten\/automatische-vervollstaendigung","name":"Automatische vervollst\u00e4ndigung - EGON.COM","isPartOf":{"@id":"https:\/\/www.egon.com\/zh\/#website"},"datePublished":"2017-09-19T14:13:09+00:00","dateModified":"2021-02-18T15:47:49+00:00","description":"Die automatische Vervollst\u00e4ndigung erlaubt die schnelle Ermittlung und Auswahl des gew\u00fcnschten Elements unter den m\u00f6glichen Kandidaten f\u00fcr die Adressen und Orte aus einer vorausgef\u00fcllten Liste (Autocomplete).","breadcrumb":{"@id":"https:\/\/www.egon.com\/de\/einsatzmoeglichkeiten\/automatische-vervollstaendigung#breadcrumb"},"inLanguage":"de","potentialAction":[{"@type":"ReadAction","target":["https:\/\/www.egon.com\/de\/einsatzmoeglichkeiten\/automatische-vervollstaendigung"]}]},{"@type":"BreadcrumbList","@id":"https:\/\/www.egon.com\/de\/einsatzmoeglichkeiten\/automatische-vervollstaendigung#breadcrumb","itemListElement":[{"@type":"ListItem","position":1,"name":"Home","item":"https:\/\/www.egon.com\/de"},{"@type":"ListItem","position":2,"name":"EINSATZM\u00d6GLICHKEITEN","item":"https:\/\/www.egon.com\/de\/einsatzmoeglichkeiten"},{"@type":"ListItem","position":3,"name":"Automatische vervollst\u00e4ndigung. Erg\u00e4nzen Sie jetzt Ihre Adresse mit den fehlenden Daten"}]},{"@type":"WebSite","@id":"https:\/\/www.egon.com\/zh\/#website","url":"https:\/\/www.egon.com\/zh\/","name":"Egon","description":"Normalizzazione indirizzi - Address validation - Egon.com","potentialAction":[{"@type":"SearchAction","target":{"@type":"EntryPoint","urlTemplate":"https:\/\/www.egon.com\/zh\/?s={search_term_string}"},"query-input":{"@type":"PropertyValueSpecification","valueRequired":true,"valueName":"search_term_string"}}],"inLanguage":"de"}]}},"_links":{"self":[{"href":"https:\/\/www.egon.com\/de\/wp-json\/wp\/v2\/pages\/8253","targetHints":{"allow":["GET"]}}],"collection":[{"href":"https:\/\/www.egon.com\/de\/wp-json\/wp\/v2\/pages"}],"about":[{"href":"https:\/\/www.egon.com\/de\/wp-json\/wp\/v2\/types\/page"}],"author":[{"embeddable":true,"href":"https:\/\/www.egon.com\/de\/wp-json\/wp\/v2\/users\/1"}],"replies":[{"embeddable":true,"href":"https:\/\/www.egon.com\/de\/wp-json\/wp\/v2\/comments?post=8253"}],"version-history":[{"count":1,"href":"https:\/\/www.egon.com\/de\/wp-json\/wp\/v2\/pages\/8253\/revisions"}],"predecessor-version":[{"id":18012,"href":"https:\/\/www.egon.com\/de\/wp-json\/wp\/v2\/pages\/8253\/revisions\/18012"}],"up":[{"embeddable":true,"href":"https:\/\/www.egon.com\/de\/wp-json\/wp\/v2\/pages\/8190"}],"wp:attachment":[{"href":"https:\/\/www.egon.com\/de\/wp-json\/wp\/v2\/media?parent=8253"}],"curies":[{"name":"wp","href":"https:\/\/api.w.org\/{rel}","templated":true}]}}